{"id":75138,"date":"2023-05-14T14:13:06","date_gmt":"2023-05-14T14:13:06","guid":{"rendered":"http:\/\/talkpal.ai\/norsk-grammatikk\/"},"modified":"2025-12-17T17:35:56","modified_gmt":"2025-12-17T17:35:56","slug":"norsk-grammatikk","status":"publish","type":"page","link":"https:\/\/talkpal.ai\/no\/norsk-grammatikk\/","title":{"rendered":"Norsk grammatikk"},"content":{"rendered":"\r\n\r\n\r\n<section class=\"languageChallengeSection\">\r\n    <div class=\"languageInfoWrapper\">\r\n        \r\n        <h1>Norsk grammatikk<\/h1>\r\n        <p>L\u00e6r deg det grunnleggende i <a href=\"https:\/\/talkpal.ai\/es\/libros-para-aprender-noruego\/\">norsk grammatikk<\/a> og bli i stand til \u00e5 kommunisere med selvtillit p\u00e5 et av Skandinavias vakreste spr\u00e5k. \u00c5 forst\u00e5 <a href=\"https:\/\/talkpal.ai\/learn-norwegian\/\">norsk<\/a> <a href=\"https:\/\/talkpal.ai\/grammar\/\">grammatikk<\/a> vil \u00e5pne d\u00f8rer til nye kulturelle opplevelser og meningsfulle samtaler. Begynn \u00e5 l\u00e6re <a href=\"https:\/\/talkpal.ai\/learn-norwegian\/\">norsk<\/a> grammatikk i dag og ta ditt f\u00f8rste skritt mot <a href=\"https:\/\/talkpal.ai\/no\/laer-norsk-raskt-og-enkelt-din-guide-til-flytende-norsk\/\">flytende norsk<\/a>!<\/p>\r\n\r\n                            <a class=\"getStartedHidden\" href=\"https:\/\/app.talkpal.ai\/no\/signup?lng=\">Kom i gang<\/a>\r\n        \r\n    <\/div>\r\n\r\n    <figure>\r\n    <img decoding=\"async\" width=\"768\" height=\"768\" src=\"https:\/\/talkpal.ai\/wp-content\/uploads\/2023\/06\/norwegian-768x768.png\" class=\"languageImage no-lazy\" alt=\"Language learning for extensive vocabulary\" fetchpriority=\"high\" sizes=\"(max-width: 768px) 150px, 768px\" srcset=\"https:\/\/talkpal.ai\/wp-content\/uploads\/2023\/06\/norwegian-768x768.png 768w, https:\/\/talkpal.ai\/wp-content\/uploads\/2023\/06\/norwegian-300x300.png 300w\" \/>\r\n    \r\n\r\n    <\/figure>\r\n\r\n            <a class=\"getStartedVisible\" href=\"https:\/\/app.talkpal.ai\/no\/signup?lng=\">Kom i gang<\/a>\r\n    \r\n<\/section>\r\n<section class=\"promotionalBanner\">\r\n    <p class=\"promotionalText\">Den mest effektive m\u00e5ten \u00e5 l\u00e6re et spr\u00e5k p\u00e5<\/p>\r\n    <a class=\"promotionalLink\" href=\"https:\/\/app.talkpal.ai\/no\/signup?lng=\">Pr\u00f8v Talkpal gratis<\/a>\r\n<\/section>\n<div class=\"wp-block-group pageContainerStyle\"><div class=\"wp-block-group__inner-container is-layout-constrained wp-block-group-is-layout-constrained\">\n<h2 class=\"wp-block-heading\" id=\"h-dive-into-norwegian-grammar-a-comprehensive-guide\">Dykk inn i norsk grammatikk: En omfattende guide<\/h2>\n\n\n\n<p>Norsk, et fascinerende og uttrykksfullt spr\u00e5k, gir en unik mulighet for spr\u00e5kl\u00e6rere til \u00e5 utforske den rike kulturelle og historiske arven i Norge. Den gode nyheten er at norsk grammatikk deler noen likheter med <a href=\"https:\/\/talkpal.ai\/learn-english-with-ai\/\">engelsk<\/a>, noe som gj\u00f8r det til et tilgjengelig spr\u00e5k \u00e5 l\u00e6re. Denne artikkelen vil veilede deg gjennom de essensielle aspektene ved norsk grammatikk, og sikre at du bygger et sterkt grunnlag og forst\u00e5r spr\u00e5ket med selvtillit.<\/p>\n\n\n\n<h3 class=\"wp-block-heading\" id=\"h-1-embracing-norwegian-nouns-and-articles\">1. Omfavne norske substantiver og artikler<\/h3>\n\n\n\n<p>Norske substantiver, som deres engelske motstykker, representerer mennesker, steder, ting eller ideer. De er klassifisert i tre kj\u00f8nn: maskulin, feminin og intetkj\u00f8nn. Kj\u00f8nn er avgj\u00f8rende for substantivets endelser og hvilke artikler det skal settes sammen med.<\/p>\n\n\n\n<p>Det finnes to typer artikler p\u00e5 norsk: bestemt og ubestemt. Bestemte artikler vises som suffikser p\u00e5 slutten av substantiver, mens ubestemte artikler er separate ord som kommer foran substantiver. Artikler m\u00e5 stemme overens med substantiv i kj\u00f8nn og antall.<\/p>\n\n\n\n<p><strong>&#8211; Bestemt artikkel: -en (hankj\u00f8nn), -a (hunkj\u00f8nn), -et (intetkj\u00f8nn)<\/strong><\/p>\n\n\n\n<p><strong>&#8211; Ubestemt artikkel: en (hankj\u00f8nn), ei (hunkj\u00f8nn), et (intetkj\u00f8nn)<\/strong><\/p>\n\n\n\n<h3 class=\"wp-block-heading\" id=\"h-2-mastering-norwegian-verbs-conjugation-and-tenses\">2. Beherske norske verb: B\u00f8yning og tider<\/h3>\n\n\n\n<p>Norske verb er relativt enkle \u00e5 l\u00e6re, <a href=\"https:\/\/talkpal.ai\/culture\/how-do-you-use-the-conjunction-da-de\/\">da de<\/a> har f\u00e6rre b\u00f8yninger enn mange andre spr\u00e5k. Verb er b\u00f8yet etter tid og stemning. Norske verb er prim\u00e6rt delt inn i fire grupper, hver med sitt b\u00f8yningsm\u00f8nster. Den gode nyheten er imidlertid at, i motsetning til mange andre spr\u00e5k, endrer ikke norske verb form basert p\u00e5 emnet eller tallet.<\/p>\n\n\n\n<p>Norsk har f\u00e6rre tider enn engelsk, med bare tre tider: presens, preteritum og perfektum. N\u00e5tid brukes til \u00e5 uttrykke n\u00e5v\u00e6rende og fremtidige hendelser, mens fortid betegner fullf\u00f8rte handlinger, og perfektum fortid indikerer opplevelse eller tilstander som skjedde f\u00f8r et spesifikt punkt i fortiden.<\/p>\n\n\n\n<h3 class=\"wp-block-heading\" id=\"h-3-expressing-yourself-with-norwegian-adjectives-and-adverbs\">3. Uttrykk deg med norske adjektiver og adverb<\/h3>\n\n\n\n<p>\u00c5 bruke adjektiver forbedrer effektivt din evne til \u00e5 uttrykke deg p\u00e5 norsk. Adjektiver beskriver egenskaper eller egenskaper ved substantiver og m\u00e5 stemme overens med substantiver i kj\u00f8nn og antall. P\u00e5 norsk kommer adjektiver typisk foran substantivet de beskriver.<\/p>\n\n\n\n<p>Adverb p\u00e5 norsk endrer verb, adjektiver eller andre adverb. De formidler informasjon om hvordan, n\u00e5r, hvor og i hvilken grad en handling skjer. I motsetning til adjektiver forblir adverb de samme uavhengig av kj\u00f8nn eller antall substantiv som beskrives.<\/p>\n\n\n\n<h3 class=\"wp-block-heading\" id=\"h-4-constructing-sentences-with-norwegian-pronouns-and-word-order\">4. Konstruere setninger med norske pronomen og ordrekkef\u00f8lge<\/h3>\n\n\n\n<p>Norske pronomen erstatter substantiver og stemmer vanligvis overens med substantivet de representerer i kj\u00f8nn, tall og kasus. Det finnes ulike typer pronomen p\u00e5 norsk, inkludert personlige, besittende, demonstrative, refleksive, relative og sp\u00f8rrende pronomen.<\/p>\n\n\n\n<p>Norsk setningsstruktur f\u00f8lger subjekt-verb-objekt (SVO) rekkef\u00f8lgen, lik engelsk. Imidlertid bruker den ogs\u00e5 en verb-andre (V2)-regel der verbet vanligvis inntar den andre posisjonen i hovedsetninger. \u00c5 forst\u00e5 og praktisere norsk ordstilling er avgj\u00f8rende for \u00e5 oppn\u00e5 flyt i spr\u00e5ket.<\/p>\n\n\n\n<h3 class=\"wp-block-heading\" id=\"h-conclusion\">Konklusjon<\/h3>\n\n\n\n<p>For \u00e5 oppn\u00e5 flytende norsk grammatikk kreves det engasjement, \u00f8velse og et \u00e5pent sinn for \u00e5 utforske spr\u00e5kets unike egenskaper. Enten du er interessert i \u00e5 fordype deg i norsk kultur eller \u00f8nsker \u00e5 l\u00e6re deg et nytt spr\u00e5k, legger beherskelse av norsk grammatikk grunnlaget for vellykket kommunikasjon. N\u00e5r du fordyper deg i norske substantiv, verb, adjektiver og ordstilling, husk \u00e5 nyte prosessen og verdsette de rike spr\u00e5klige opplevelsene som venter p\u00e5 deg. Lykke til!<\/p>\n<\/div><\/div>\n\r\n<section class=\"learnNavigationSection\">\r\n            \r\n        <a href=\"https:\/\/talkpal.ai\/no\/laer-norsk\/\">\r\n            <div class=\"learnNavigationWrapper\">\r\n                <div class=\"learnNavigationContent\">\r\n                    <img decoding=\"async\" src=\"https:\/\/talkpal.ai\/wp-content\/uploads\/2024\/08\/Norwegian.jpg\" alt=\"Norwegian Flag\">\r\n                    <div>\r\n                        <h4>Om Norwegian Learning<\/h4>\r\n                        <p>Finn ut alt om norsk grammatikk.<\/p>\r\n                    <\/div>\r\n                <\/div>\r\n            <\/div>\r\n        <\/a>\r\n\r\n        \r\n        <a href=\"https:\/\/talkpal.ai\/no\/norske-grammatikkovelser\/\">\r\n            <div class=\"learnNavigationWrapper\">\r\n                <div class=\"learnNavigationContent\">\r\n                    <img decoding=\"async\" src=\"https:\/\/talkpal.ai\/wp-content\/uploads\/2024\/08\/Norwegian.jpg\" alt=\"Norwegian Flag\">\r\n                    <div>\r\n                        <h4>\u00d8velse i norsk grammatikk<\/h4>\r\n                        <p>\u00d8v p\u00e5 norsk grammatikk.<\/p>\r\n                    <\/div>\r\n                <\/div>\r\n            <\/div>\r\n        <\/a>\r\n\r\n        \r\n        <a href=\"https:\/\/talkpal.ai\/vocabulary_language\/norwegian\/\">\r\n            <div class=\"learnNavigationWrapper\">\r\n                <div class=\"learnNavigationContent\">\r\n                    <img decoding=\"async\" src=\"https:\/\/talkpal.ai\/wp-content\/uploads\/2024\/08\/Norwegian.jpg\" alt=\"Norwegian Flag\">\r\n                    <div>\r\n                        <h4>Norsk ordforr\u00e5d<\/h4>\r\n                        <p>Utvid ditt norske ordforr\u00e5d.<\/p>\r\n                    <\/div>\r\n                <\/div>\r\n            <\/div>\r\n        <\/a>\r\n\r\n            <\/section>","protected":false},"excerpt":{"rendered":"<p>Dykk inn i norsk grammatikk: En omfattende guide Norsk, et fascinerende og uttrykksfullt spr\u00e5k, gir en unik mulighet for spr\u00e5kl\u00e6rere til \u00e5 utforske den rike kulturelle og historiske arven i Norge. Den gode nyheten er at norsk grammatikk deler noen likheter med engelsk, noe som gj\u00f8r det til et tilgjengelig spr\u00e5k \u00e5 l\u00e6re. Denne artikkelen [&hellip;]<\/p>\n","protected":false},"author":1,"featured_media":64156,"parent":0,"menu_order":0,"comment_status":"closed","ping_status":"closed","template":"LearningContentPage.php","meta":{"_acf_changed":false,"footnotes":""},"class_list":["post-75138","page","type-page","status-publish","has-post-thumbnail","hentry"],"acf":[],"yoast_head":"<!-- This site is optimized with the Yoast SEO Premium plugin v27.2 (Yoast SEO v27.2) - https:\/\/yoast.com\/product\/yoast-seo-premium-wordpress\/ -->\n<title>Norsk grammatikk - Talkpal<\/title>\n<meta name=\"description\" content=\"Utforsk den norske grammatikkens finurligheter og l\u00f8ft spr\u00e5kkunnskapene dine til neste niv\u00e5.\" \/>\n<meta name=\"robots\" content=\"index, follow, max-snippet:-1, max-image-preview:large, max-video-preview:-1\" \/>\n<link rel=\"canonical\" href=\"https:\/\/talkpal.ai\/no\/norsk-grammatikk\/\" \/>\n<meta property=\"og:locale\" content=\"nb_NO\" \/>\n<meta property=\"og:type\" content=\"article\" \/>\n<meta property=\"og:title\" content=\"Norsk grammatikk\" \/>\n<meta property=\"og:description\" content=\"Dykk inn i norsk grammatikk: En omfattende guide Norsk, et fascinerende og uttrykksfullt spr\u00e5k, gir en unik mulighet for spr\u00e5kl\u00e6rere til \u00e5 utforske den\" \/>\n<meta property=\"og:url\" content=\"https:\/\/talkpal.ai\/no\/norsk-grammatikk\/\" \/>\n<meta property=\"og:site_name\" content=\"Talkpal\" \/>\n<meta property=\"article:publisher\" content=\"https:\/\/www.facebook.com\/profile.php?id=100090733639311\" \/>\n<meta property=\"article:modified_time\" content=\"2025-12-17T17:35:56+00:00\" \/>\n<meta property=\"og:image\" content=\"https:\/\/talkpal.ai\/wp-content\/uploads\/2023\/05\/norway.png\" \/>\n\t<meta property=\"og:image:width\" content=\"512\" \/>\n\t<meta property=\"og:image:height\" content=\"512\" \/>\n\t<meta property=\"og:image:type\" content=\"image\/png\" \/>\n<meta name=\"twitter:card\" content=\"summary_large_image\" \/>\n<meta name=\"twitter:site\" content=\"@talkpalai\" \/>\n<meta name=\"twitter:label1\" content=\"Ansl. lesetid\" \/>\n\t<meta name=\"twitter:data1\" content=\"3 minutter\" \/>\n<script type=\"application\/ld+json\" class=\"yoast-schema-graph\">{\"@context\":\"https:\/\/schema.org\",\"@graph\":[{\"@type\":\"WebPage\",\"@id\":\"https:\/\/talkpal.ai\/no\/norsk-grammatikk\/\",\"url\":\"https:\/\/talkpal.ai\/no\/norsk-grammatikk\/\",\"name\":\"Norsk grammatikk - Talkpal\",\"isPartOf\":{\"@id\":\"https:\/\/talkpal.ai\/no\/#website\"},\"primaryImageOfPage\":{\"@id\":\"https:\/\/talkpal.ai\/no\/norsk-grammatikk\/#primaryimage\"},\"image\":{\"@id\":\"https:\/\/talkpal.ai\/no\/norsk-grammatikk\/#primaryimage\"},\"thumbnailUrl\":\"https:\/\/talkpal.ai\/wp-content\/uploads\/2023\/05\/norway.png\",\"datePublished\":\"2023-05-14T14:13:06+00:00\",\"dateModified\":\"2025-12-17T17:35:56+00:00\",\"description\":\"Utforsk den norske grammatikkens finurligheter og l\u00f8ft spr\u00e5kkunnskapene dine til neste niv\u00e5.\",\"breadcrumb\":{\"@id\":\"https:\/\/talkpal.ai\/no\/norsk-grammatikk\/#breadcrumb\"},\"inLanguage\":\"nb-NO\",\"potentialAction\":[{\"@type\":\"ReadAction\",\"target\":[\"https:\/\/talkpal.ai\/no\/norsk-grammatikk\/\"]}]},{\"@type\":\"ImageObject\",\"inLanguage\":\"nb-NO\",\"@id\":\"https:\/\/talkpal.ai\/no\/norsk-grammatikk\/#primaryimage\",\"url\":\"https:\/\/talkpal.ai\/wp-content\/uploads\/2023\/05\/norway.png\",\"contentUrl\":\"https:\/\/talkpal.ai\/wp-content\/uploads\/2023\/05\/norway.png\",\"width\":512,\"height\":512},{\"@type\":\"BreadcrumbList\",\"@id\":\"https:\/\/talkpal.ai\/no\/norsk-grammatikk\/#breadcrumb\",\"itemListElement\":[{\"@type\":\"ListItem\",\"position\":1,\"name\":\"Homepage\",\"item\":\"https:\/\/talkpal.ai\/no\/\"},{\"@type\":\"ListItem\",\"position\":2,\"name\":\"Norsk grammatikk\"}]},{\"@type\":\"WebSite\",\"@id\":\"https:\/\/talkpal.ai\/no\/#website\",\"url\":\"https:\/\/talkpal.ai\/no\/\",\"name\":\"Talkpal\",\"description\":\"AI Language Learning\",\"publisher\":{\"@id\":\"https:\/\/talkpal.ai\/no\/#organization\"},\"alternateName\":\"Talkpal AI\",\"potentialAction\":[{\"@type\":\"SearchAction\",\"target\":{\"@type\":\"EntryPoint\",\"urlTemplate\":\"https:\/\/talkpal.ai\/no\/?s={search_term_string}\"},\"query-input\":{\"@type\":\"PropertyValueSpecification\",\"valueRequired\":true,\"valueName\":\"search_term_string\"}}],\"inLanguage\":\"nb-NO\"},{\"@type\":\"Organization\",\"@id\":\"https:\/\/talkpal.ai\/no\/#organization\",\"name\":\"Talkpal, Inc.\",\"alternateName\":\"Talkpal AI\",\"url\":\"https:\/\/talkpal.ai\/no\/\",\"logo\":{\"@type\":\"ImageObject\",\"inLanguage\":\"nb-NO\",\"@id\":\"https:\/\/talkpal.ai\/no\/#\/schema\/logo\/image\/\",\"url\":\"https:\/\/talkpal.ai\/wp-content\/uploads\/2024\/03\/Talkpal-Logo-Icon.png\",\"contentUrl\":\"https:\/\/talkpal.ai\/wp-content\/uploads\/2024\/03\/Talkpal-Logo-Icon.png\",\"width\":2880,\"height\":2880,\"caption\":\"Talkpal, Inc.\"},\"image\":{\"@id\":\"https:\/\/talkpal.ai\/no\/#\/schema\/logo\/image\/\"},\"sameAs\":[\"https:\/\/www.facebook.com\/profile.php?id=100090733639311\",\"https:\/\/x.com\/talkpalai\",\"https:\/\/www.linkedin.com\/company\/talkpal\/\",\"https:\/\/www.youtube.com\/@TalkPal\/\",\"https:\/\/www.tiktok.com\/@talkpal\",\"https:\/\/www.instagram.com\/talkpal_ai\/\",\"https:\/\/www.crunchbase.com\/organization\/talkpal-9cde\",\"https:\/\/www.g2.com\/products\/talkpal-for-business\/\",\"https:\/\/www.trustpilot.com\/review\/talkpal.ai\",\"https:\/\/www.capterra.com\/p\/10006800\/TalkPal\/\"],\"description\":\"Talkpal is a language learning web and mobile education app, powered by the latest AI technologies, that provides engaging experiences to its customers in many different languages to help them improve their language skills. Users can chat about unlimited amount of topics with the app and use other modes to practice their language learning.\",\"email\":\"support@talkpal.ai\",\"legalName\":\"Talkpal, Inc.\",\"foundingDate\":\"2023-04-03\",\"duns\":\"118989042\",\"numberOfEmployees\":{\"@type\":\"QuantitativeValue\",\"minValue\":\"11\",\"maxValue\":\"50\"},\"publishingPrinciples\":\"https:\/\/talkpal.ai\/publishing-principles\/\",\"actionableFeedbackPolicy\":\"https:\/\/talkpal.ai\/actionable-feedback-policy\/\",\"correctionsPolicy\":\"https:\/\/talkpal.ai\/corrections-policy\/\",\"ethicsPolicy\":\"https:\/\/talkpal.ai\/ethics-policy\/\",\"diversityPolicy\":\"https:\/\/talkpal.ai\/diversity-policy\/\",\"diversityStaffingReport\":\"https:\/\/talkpal.ai\/diversity-policy\/\"}]}<\/script>\n<!-- \/ Yoast SEO Premium plugin. -->","yoast_head_json":{"title":"Norsk grammatikk - Talkpal","description":"Utforsk den norske grammatikkens finurligheter og l\u00f8ft spr\u00e5kkunnskapene dine til neste niv\u00e5.","robots":{"index":"index","follow":"follow","max-snippet":"max-snippet:-1","max-image-preview":"max-image-preview:large","max-video-preview":"max-video-preview:-1"},"canonical":"https:\/\/talkpal.ai\/no\/norsk-grammatikk\/","og_locale":"nb_NO","og_type":"article","og_title":"Norsk grammatikk","og_description":"Dykk inn i norsk grammatikk: En omfattende guide Norsk, et fascinerende og uttrykksfullt spr\u00e5k, gir en unik mulighet for spr\u00e5kl\u00e6rere til \u00e5 utforske den","og_url":"https:\/\/talkpal.ai\/no\/norsk-grammatikk\/","og_site_name":"Talkpal","article_publisher":"https:\/\/www.facebook.com\/profile.php?id=100090733639311","article_modified_time":"2025-12-17T17:35:56+00:00","og_image":[{"width":512,"height":512,"url":"https:\/\/talkpal.ai\/wp-content\/uploads\/2023\/05\/norway.png","type":"image\/png"}],"twitter_card":"summary_large_image","twitter_site":"@talkpalai","twitter_misc":{"Ansl. lesetid":"3 minutter"},"schema":{"@context":"https:\/\/schema.org","@graph":[{"@type":"WebPage","@id":"https:\/\/talkpal.ai\/no\/norsk-grammatikk\/","url":"https:\/\/talkpal.ai\/no\/norsk-grammatikk\/","name":"Norsk grammatikk - Talkpal","isPartOf":{"@id":"https:\/\/talkpal.ai\/no\/#website"},"primaryImageOfPage":{"@id":"https:\/\/talkpal.ai\/no\/norsk-grammatikk\/#primaryimage"},"image":{"@id":"https:\/\/talkpal.ai\/no\/norsk-grammatikk\/#primaryimage"},"thumbnailUrl":"https:\/\/talkpal.ai\/wp-content\/uploads\/2023\/05\/norway.png","datePublished":"2023-05-14T14:13:06+00:00","dateModified":"2025-12-17T17:35:56+00:00","description":"Utforsk den norske grammatikkens finurligheter og l\u00f8ft spr\u00e5kkunnskapene dine til neste niv\u00e5.","breadcrumb":{"@id":"https:\/\/talkpal.ai\/no\/norsk-grammatikk\/#breadcrumb"},"inLanguage":"nb-NO","potentialAction":[{"@type":"ReadAction","target":["https:\/\/talkpal.ai\/no\/norsk-grammatikk\/"]}]},{"@type":"ImageObject","inLanguage":"nb-NO","@id":"https:\/\/talkpal.ai\/no\/norsk-grammatikk\/#primaryimage","url":"https:\/\/talkpal.ai\/wp-content\/uploads\/2023\/05\/norway.png","contentUrl":"https:\/\/talkpal.ai\/wp-content\/uploads\/2023\/05\/norway.png","width":512,"height":512},{"@type":"BreadcrumbList","@id":"https:\/\/talkpal.ai\/no\/norsk-grammatikk\/#breadcrumb","itemListElement":[{"@type":"ListItem","position":1,"name":"Homepage","item":"https:\/\/talkpal.ai\/no\/"},{"@type":"ListItem","position":2,"name":"Norsk grammatikk"}]},{"@type":"WebSite","@id":"https:\/\/talkpal.ai\/no\/#website","url":"https:\/\/talkpal.ai\/no\/","name":"Talkpal","description":"AI Language Learning","publisher":{"@id":"https:\/\/talkpal.ai\/no\/#organization"},"alternateName":"Talkpal AI","potentialAction":[{"@type":"SearchAction","target":{"@type":"EntryPoint","urlTemplate":"https:\/\/talkpal.ai\/no\/?s={search_term_string}"},"query-input":{"@type":"PropertyValueSpecification","valueRequired":true,"valueName":"search_term_string"}}],"inLanguage":"nb-NO"},{"@type":"Organization","@id":"https:\/\/talkpal.ai\/no\/#organization","name":"Talkpal, Inc.","alternateName":"Talkpal AI","url":"https:\/\/talkpal.ai\/no\/","logo":{"@type":"ImageObject","inLanguage":"nb-NO","@id":"https:\/\/talkpal.ai\/no\/#\/schema\/logo\/image\/","url":"https:\/\/talkpal.ai\/wp-content\/uploads\/2024\/03\/Talkpal-Logo-Icon.png","contentUrl":"https:\/\/talkpal.ai\/wp-content\/uploads\/2024\/03\/Talkpal-Logo-Icon.png","width":2880,"height":2880,"caption":"Talkpal, Inc."},"image":{"@id":"https:\/\/talkpal.ai\/no\/#\/schema\/logo\/image\/"},"sameAs":["https:\/\/www.facebook.com\/profile.php?id=100090733639311","https:\/\/x.com\/talkpalai","https:\/\/www.linkedin.com\/company\/talkpal\/","https:\/\/www.youtube.com\/@TalkPal\/","https:\/\/www.tiktok.com\/@talkpal","https:\/\/www.instagram.com\/talkpal_ai\/","https:\/\/www.crunchbase.com\/organization\/talkpal-9cde","https:\/\/www.g2.com\/products\/talkpal-for-business\/","https:\/\/www.trustpilot.com\/review\/talkpal.ai","https:\/\/www.capterra.com\/p\/10006800\/TalkPal\/"],"description":"Talkpal is a language learning web and mobile education app, powered by the latest AI technologies, that provides engaging experiences to its customers in many different languages to help them improve their language skills. Users can chat about unlimited amount of topics with the app and use other modes to practice their language learning.","email":"support@talkpal.ai","legalName":"Talkpal, Inc.","foundingDate":"2023-04-03","duns":"118989042","numberOfEmployees":{"@type":"QuantitativeValue","minValue":"11","maxValue":"50"},"publishingPrinciples":"https:\/\/talkpal.ai\/publishing-principles\/","actionableFeedbackPolicy":"https:\/\/talkpal.ai\/actionable-feedback-policy\/","correctionsPolicy":"https:\/\/talkpal.ai\/corrections-policy\/","ethicsPolicy":"https:\/\/talkpal.ai\/ethics-policy\/","diversityPolicy":"https:\/\/talkpal.ai\/diversity-policy\/","diversityStaffingReport":"https:\/\/talkpal.ai\/diversity-policy\/"}]}},"_links":{"self":[{"href":"https:\/\/talkpal.ai\/no\/wp-json\/wp\/v2\/pages\/75138","targetHints":{"allow":["GET"]}}],"collection":[{"href":"https:\/\/talkpal.ai\/no\/wp-json\/wp\/v2\/pages"}],"about":[{"href":"https:\/\/talkpal.ai\/no\/wp-json\/wp\/v2\/types\/page"}],"author":[{"embeddable":true,"href":"https:\/\/talkpal.ai\/no\/wp-json\/wp\/v2\/users\/1"}],"replies":[{"embeddable":true,"href":"https:\/\/talkpal.ai\/no\/wp-json\/wp\/v2\/comments?post=75138"}],"version-history":[{"count":0,"href":"https:\/\/talkpal.ai\/no\/wp-json\/wp\/v2\/pages\/75138\/revisions"}],"wp:featuredmedia":[{"embeddable":true,"href":"https:\/\/talkpal.ai\/no\/wp-json\/wp\/v2\/media\/64156"}],"wp:attachment":[{"href":"https:\/\/talkpal.ai\/no\/wp-json\/wp\/v2\/media?parent=75138"}],"curies":[{"name":"wp","href":"https:\/\/api.w.org\/{rel}","templated":true}]}}