{"id":75135,"date":"2023-06-27T08:41:59","date_gmt":"2023-06-27T08:41:59","guid":{"rendered":"http:\/\/talkpal.ai\/norske-grammatikkovelser\/"},"modified":"2025-12-17T14:38:12","modified_gmt":"2025-12-17T14:38:12","slug":"norske-grammatikkovelser","status":"publish","type":"page","link":"https:\/\/talkpal.ai\/no\/norske-grammatikkovelser\/","title":{"rendered":"Norske grammatikk\u00f8velser"},"content":{"rendered":"\r\n\r\n\r\n<section class=\"languageChallengeSection\">\r\n    <div class=\"languageInfoWrapper\">\r\n        \r\n        <h1>Norske grammatikk\u00f8velser<\/h1>\r\n        <p>Vil du bli tryggere p\u00e5 <a href=\"https:\/\/talkpal.ai\/learn-norwegian\/\">norsk<\/a>? \u00c5 \u00f8ve p\u00e5 grammatikk\u00f8velser er en fin m\u00e5te \u00e5 <a href=\"https:\/\/talkpal.ai\/locations\/language-courses-in-mestre\/\">mestre<\/a> setningsstruktur, verbformer og de unike m\u00f8nstrene i det norske spr\u00e5ket. Begynn \u00e5 jobbe med norsk <a href=\"https:\/\/talkpal.ai\/grammar\/\">grammatikk<\/a> i dag og se ferdighetene dine vokse for hver \u00f8velse!\n\n<\/p>\r\n\r\n                            <a class=\"getStartedHidden\" href=\"https:\/\/app.talkpal.ai\/no\/signup?lng=\">Kom i gang<\/a>\r\n        \r\n    <\/div>\r\n\r\n    <figure>\r\n    <img decoding=\"async\" width=\"768\" height=\"768\" src=\"https:\/\/talkpal.ai\/wp-content\/uploads\/2023\/06\/norwegian-768x768.png\" class=\"languageImage no-lazy\" alt=\"Language learning for extensive vocabulary\" fetchpriority=\"high\" sizes=\"(max-width: 768px) 150px, 768px\" srcset=\"https:\/\/talkpal.ai\/wp-content\/uploads\/2023\/06\/norwegian-768x768.png 768w, https:\/\/talkpal.ai\/wp-content\/uploads\/2023\/06\/norwegian-300x300.png 300w\" \/>\r\n    \r\n\r\n    <\/figure>\r\n\r\n            <a class=\"getStartedVisible\" href=\"https:\/\/app.talkpal.ai\/no\/signup?lng=\">Kom i gang<\/a>\r\n    \r\n<\/section>\r\n\r\n\r\n<!-- <section class=\"grammarSection\">\r\n    <div class=\"grammarLinks\">\r\n            <\/div>\r\n<\/section> -->\r\n\r\n\r\n\r\n\r\n<section class=\"promotionalBanner\">\r\n    <p class=\"promotionalText\">Den mest effektive m\u00e5ten \u00e5 l\u00e6re et spr\u00e5k p\u00e5<\/p>\r\n    <a class=\"promotionalLink\" href=\"https:\/\/app.talkpal.ai\/no\/signup?lng=\">Pr\u00f8v Talkpal gratis<\/a>\r\n<\/section>\n<div class=\"wp-block-group pageContainerStyle\"><div class=\"wp-block-group__inner-container is-layout-constrained wp-block-group-is-layout-constrained\">\n<h2 class=\"wp-block-heading\" id=\"h-norwegian-grammar-topics\">Norske grammatikkemner<\/h2>\n\n\n\n<p>\u00c5 l\u00e6re norsk kan v\u00e6re en spennende og givende opplevelse, siden det \u00e5pner d\u00f8rer til en rik kulturhistorie, fantastiske landskap og en unik livsstil i Norge. Som nordgermansk spr\u00e5k deler norsk mange likheter med nabospr\u00e5kene <a href=\"https:\/\/talkpal.ai\/learn-swedish\/\">svensk<\/a> og <a href=\"https:\/\/talkpal.ai\/learn-danish\/\">dansk<\/a>. Imidlertid har den sin egen distinkte grammatikk, uttale og ordforr\u00e5d. For \u00e5 kunne takle dette vakre spr\u00e5ket er det viktig \u00e5 <a href=\"https:\/\/talkpal.ai\/culture\/how-do-you-say-i-understand-in-norwegian\/\">forst\u00e5 norsk<\/a> grammatikk og dens ulike komponenter. I denne guiden utforsker vi de viktigste aspektene ved <a href=\"https:\/\/talkpal.ai\/es\/libros-para-aprender-noruego\/\">norsk grammatikk<\/a>, inkludert tider, verb, substantiver, artikler, pronomen, adjektiver, adverb, kondisjonaler, preposisjoner og setninger, for \u00e5 hjelpe deg med \u00e5 bygge et solid grunnlag for spr\u00e5kinnl\u00e6ringen din.<\/p>\n\n\n\n<h3 class=\"wp-block-heading\" id=\"h-1-tenses\">1. Tider:<\/h3>\n\n\n\n<p>Som et utgangspunkt, fokus p\u00e5 \u00e5 forst\u00e5 de norske tidene. Norsk har tre hovedformer: n\u00e5tid, fortid og fremtid, som er avgj\u00f8rende for \u00e5 uttrykke handlinger og hendelser p\u00e5 ulike tidspunkt. Gj\u00f8r deg kjent med m\u00e5ten verb er b\u00f8yet p\u00e5 og hvordan de endrer seg i ulike tider.<\/p>\n\n\n\n<h3 class=\"wp-block-heading\" id=\"h-2-tense-comparison\">2. Anspent sammenligning:<\/h3>\n\n\n\n<p>N\u00e5r du har f\u00e5tt tak i de grunnleggende tidene, kan du utforske hvordan de sammenlignes og kontrasterer med hverandre. Dette vil hjelpe deg \u00e5 forst\u00e5 betydningsnyanser og forbedre forst\u00e5elsen og kommunikasjonsevnen din.<\/p>\n\n\n\n<h3 class=\"wp-block-heading\" id=\"h-3-verbs\">3. Verb:<\/h3>\n\n\n\n<p>Norske verb er avgj\u00f8rende for \u00e5 konstruere setninger og formidle mening. L\u00e6r om de forskjellige typene verb og hvordan de samhandler med emner og objekter i en setning. I tillegg forst\u00e5 konseptet med modale verb og hvordan de uttrykker n\u00f8dvendighet, mulighet og forpliktelse.<\/p>\n\n\n\n<h3 class=\"wp-block-heading\" id=\"h-4-nouns\">4. Substantiv:<\/h3>\n\n\n\n<p>Norske substantiv er klassifisert i tre kj\u00f8nn: hankj\u00f8nn, feminint og intetkj\u00f8nn. Dette p\u00e5virker m\u00e5ten artikler, adjektiver og pronomen brukes med dem. L\u00e6r reglene for \u00e5 danne flertall og de <a href=\"https:\/\/talkpal.ai\/sv\/grammar\/bestamda-och-obestamda-former-i-dansk-grammatik\/\">bestemte og ubestemte former<\/a> for substantiver.<\/p>\n\n\n\n<h3 class=\"wp-block-heading\" id=\"h-5-articles\">5. Artikler:<\/h3>\n\n\n\n<p>Artikler er korte ord som f\u00f8lger med substantiver og angir kj\u00f8nn og nummer. Norsk har bestemte og ubestemte artikler, som er avgj\u00f8rende for \u00e5 danne setninger riktig.<\/p>\n\n\n\n<h3 class=\"wp-block-heading\" id=\"h-6-pronouns-determiners\">6. Pronomen\/bestemmere:<\/h3>\n\n\n\n<p>Disse ordene erstatter eller modifiserer substantiver, og de m\u00e5 stemme i kj\u00f8nn og antall med substantivet de refererer til. Studer de ulike typene pronomen og bestemmere, inkludert personlige, besittende, demonstrative og relative pronomen.<\/p>\n\n\n\n<h3 class=\"wp-block-heading\" id=\"h-7-adjectives\">7. Adjektiver:<\/h3>\n\n\n\n<p>Adjektiver beskriver eller endrer substantiv og pronomen. L\u00e6r hvordan du bruker adjektiver riktig ved \u00e5 forst\u00e5 avtalereglene deres med kj\u00f8nnet og antallet substantiver de endrer.<\/p>\n\n\n\n<h3 class=\"wp-block-heading\" id=\"h-8-adverbs\">8. Adverb:<\/h3>\n\n\n\n<p>Adverb endrer verb, adjektiver eller andre adverb, og gir tilleggsinformasjon om handlinger eller kvaliteter. L\u00e6r de forskjellige typene adverb og hvordan du bruker dem effektivt i setningene dine.<\/p>\n\n\n\n<h3 class=\"wp-block-heading\" id=\"h-9-conditionals\">9. Betingelser:<\/h3>\n\n\n\n<p>Betingelser brukes til \u00e5 uttrykke hypotetiske situasjoner og deres konsekvenser. Studer de forskjellige typene betingelser og hvordan du kan danne dem ved \u00e5 bruke de riktige verbformene og konjunksjonene.<\/p>\n\n\n\n<h3 class=\"wp-block-heading\" id=\"h-10-prepositions\">10. Preposisjoner:<\/h3>\n\n\n\n<p>Preposisjoner er korte ord som indikerer forhold mellom substantiv, pronomen og andre ord i en setning. \u00c5 mestre bruken av preposisjoner er avgj\u00f8rende for \u00e5 forst\u00e5 og danne n\u00f8yaktige setninger p\u00e5 norsk.<\/p>\n\n\n\n<h3 class=\"wp-block-heading\" id=\"h-11-sentences\">11. Setninger:<\/h3>\n\n\n\n<p>Til slutt, \u00f8v deg p\u00e5 \u00e5 konstruere setninger p\u00e5 norsk ved \u00e5 kombinere dine kunnskaper om verb, substantiv, artikler, pronomen, adjektiver, adverb, betingelser og preposisjoner. Eksperimenter med ulike setningsstrukturer og tren p\u00e5 \u00e5 forme sp\u00f8rsm\u00e5l, utsagn og kommandoer for \u00e5 bli dyktig i spr\u00e5ket.<\/p>\n<\/div><\/div>\n\r\n<section class=\"learnNavigationSection\">\r\n            \r\n        <a href=\"https:\/\/talkpal.ai\/no\/laer-norsk\/\">\r\n            <div class=\"learnNavigationWrapper\">\r\n                <div class=\"learnNavigationContent\">\r\n                    <img decoding=\"async\" src=\"https:\/\/talkpal.ai\/wp-content\/uploads\/2024\/08\/Norwegian.jpg\" alt=\"Norwegian Flag\">\r\n                    <div>\r\n                        <h4>Om Norwegian Learning<\/h4>\r\n                        <p>Finn ut alt om norsk grammatikk.<\/p>\r\n                    <\/div>\r\n                <\/div>\r\n            <\/div>\r\n        <\/a>\r\n\r\n        \r\n        <a href=\"https:\/\/talkpal.ai\/no\/norsk-grammatikk\/\">\r\n            <div class=\"learnNavigationWrapper\">\r\n                <div class=\"learnNavigationContent\">\r\n                    <img decoding=\"async\" src=\"https:\/\/talkpal.ai\/wp-content\/uploads\/2024\/08\/Norwegian.jpg\" alt=\"Norwegian Flag\">\r\n                    <div>\r\n                        <h4>Norsk grammatikkundervisning<\/h4>\r\n                        <p>\u00d8v p\u00e5 norsk grammatikk.<\/p>\r\n                    <\/div>\r\n                <\/div>\r\n            <\/div>\r\n        <\/a>\r\n\r\n        \r\n        <a href=\"https:\/\/talkpal.ai\/vocabulary_language\/norwegian\/\">\r\n            <div class=\"learnNavigationWrapper\">\r\n                <div class=\"learnNavigationContent\">\r\n                    <img decoding=\"async\" src=\"https:\/\/talkpal.ai\/wp-content\/uploads\/2024\/08\/Norwegian.jpg\" alt=\"Norwegian Flag\">\r\n                    <div>\r\n                        <h4>Norsk ordforr\u00e5d<\/h4>\r\n                        <p>Utvid ditt norske ordforr\u00e5d.<\/p>\r\n                    <\/div>\r\n                <\/div>\r\n            <\/div>\r\n        <\/a>\r\n\r\n            <\/section>","protected":false},"excerpt":{"rendered":"<p>Norske grammatikkemner \u00c5 l\u00e6re norsk kan v\u00e6re en spennende og givende opplevelse, siden det \u00e5pner d\u00f8rer til en rik kulturhistorie, fantastiske landskap og en unik livsstil i Norge. Som nordgermansk spr\u00e5k deler norsk mange likheter med nabospr\u00e5kene svensk og dansk. Imidlertid har den sin egen distinkte grammatikk, uttale og ordforr\u00e5d. For \u00e5 kunne takle dette [&hellip;]<\/p>\n","protected":false},"author":6,"featured_media":64156,"parent":0,"menu_order":0,"comment_status":"closed","ping_status":"closed","template":"LearningContentPage.php","meta":{"_acf_changed":false,"footnotes":""},"class_list":["post-75135","page","type-page","status-publish","has-post-thumbnail","hentry"],"acf":[],"yoast_head":"<!-- This site is optimized with the Yoast SEO Premium plugin v27.2 (Yoast SEO v27.2) - https:\/\/yoast.com\/product\/yoast-seo-premium-wordpress\/ -->\n<title>Norske grammatikk\u00f8velser - Talkpal<\/title>\n<meta name=\"description\" content=\"Forbedre ferdighetene dine med engasjerende \u00f8velser i norsk grammatikk. Perfekt for elever p\u00e5 alle niv\u00e5er for \u00e5 \u00f8ve effektivt.\" \/>\n<meta name=\"robots\" content=\"index, follow, max-snippet:-1, max-image-preview:large, max-video-preview:-1\" \/>\n<link rel=\"canonical\" href=\"https:\/\/talkpal.ai\/no\/norske-grammatikkovelser\/\" \/>\n<meta property=\"og:locale\" content=\"nb_NO\" \/>\n<meta property=\"og:type\" content=\"article\" \/>\n<meta property=\"og:title\" content=\"Norske grammatikk\u00f8velser\" \/>\n<meta property=\"og:description\" content=\"Norske grammatikkemner \u00c5 l\u00e6re norsk kan v\u00e6re en spennende og givende opplevelse, siden det \u00e5pner d\u00f8rer til en rik kulturhistorie, fantastiske landskap og\" \/>\n<meta property=\"og:url\" content=\"https:\/\/talkpal.ai\/no\/norske-grammatikkovelser\/\" \/>\n<meta property=\"og:site_name\" content=\"Talkpal\" \/>\n<meta property=\"article:publisher\" content=\"https:\/\/www.facebook.com\/profile.php?id=100090733639311\" \/>\n<meta property=\"article:modified_time\" content=\"2025-12-17T14:38:12+00:00\" \/>\n<meta property=\"og:image\" content=\"https:\/\/talkpal.ai\/wp-content\/uploads\/2023\/05\/norway.png\" \/>\n\t<meta property=\"og:image:width\" content=\"512\" \/>\n\t<meta property=\"og:image:height\" content=\"512\" \/>\n\t<meta property=\"og:image:type\" content=\"image\/png\" \/>\n<meta name=\"twitter:card\" content=\"summary_large_image\" \/>\n<meta name=\"twitter:site\" content=\"@talkpalai\" \/>\n<meta name=\"twitter:label1\" content=\"Ansl. lesetid\" \/>\n\t<meta name=\"twitter:data1\" content=\"3 minutter\" \/>\n<script type=\"application\/ld+json\" class=\"yoast-schema-graph\">{\"@context\":\"https:\/\/schema.org\",\"@graph\":[{\"@type\":\"WebPage\",\"@id\":\"https:\/\/talkpal.ai\/no\/norske-grammatikkovelser\/\",\"url\":\"https:\/\/talkpal.ai\/no\/norske-grammatikkovelser\/\",\"name\":\"Norske grammatikk\u00f8velser - Talkpal\",\"isPartOf\":{\"@id\":\"https:\/\/talkpal.ai\/no\/#website\"},\"primaryImageOfPage\":{\"@id\":\"https:\/\/talkpal.ai\/no\/norske-grammatikkovelser\/#primaryimage\"},\"image\":{\"@id\":\"https:\/\/talkpal.ai\/no\/norske-grammatikkovelser\/#primaryimage\"},\"thumbnailUrl\":\"https:\/\/talkpal.ai\/wp-content\/uploads\/2023\/05\/norway.png\",\"datePublished\":\"2023-06-27T08:41:59+00:00\",\"dateModified\":\"2025-12-17T14:38:12+00:00\",\"description\":\"Forbedre ferdighetene dine med engasjerende \u00f8velser i norsk grammatikk. Perfekt for elever p\u00e5 alle niv\u00e5er for \u00e5 \u00f8ve effektivt.\",\"breadcrumb\":{\"@id\":\"https:\/\/talkpal.ai\/no\/norske-grammatikkovelser\/#breadcrumb\"},\"inLanguage\":\"nb-NO\",\"potentialAction\":[{\"@type\":\"ReadAction\",\"target\":[\"https:\/\/talkpal.ai\/no\/norske-grammatikkovelser\/\"]}]},{\"@type\":\"ImageObject\",\"inLanguage\":\"nb-NO\",\"@id\":\"https:\/\/talkpal.ai\/no\/norske-grammatikkovelser\/#primaryimage\",\"url\":\"https:\/\/talkpal.ai\/wp-content\/uploads\/2023\/05\/norway.png\",\"contentUrl\":\"https:\/\/talkpal.ai\/wp-content\/uploads\/2023\/05\/norway.png\",\"width\":512,\"height\":512},{\"@type\":\"BreadcrumbList\",\"@id\":\"https:\/\/talkpal.ai\/no\/norske-grammatikkovelser\/#breadcrumb\",\"itemListElement\":[{\"@type\":\"ListItem\",\"position\":1,\"name\":\"Homepage\",\"item\":\"https:\/\/talkpal.ai\/no\/\"},{\"@type\":\"ListItem\",\"position\":2,\"name\":\"Norske grammatikk\u00f8velser\"}]},{\"@type\":\"WebSite\",\"@id\":\"https:\/\/talkpal.ai\/no\/#website\",\"url\":\"https:\/\/talkpal.ai\/no\/\",\"name\":\"Talkpal\",\"description\":\"AI Language Learning\",\"publisher\":{\"@id\":\"https:\/\/talkpal.ai\/no\/#organization\"},\"alternateName\":\"Talkpal AI\",\"potentialAction\":[{\"@type\":\"SearchAction\",\"target\":{\"@type\":\"EntryPoint\",\"urlTemplate\":\"https:\/\/talkpal.ai\/no\/?s={search_term_string}\"},\"query-input\":{\"@type\":\"PropertyValueSpecification\",\"valueRequired\":true,\"valueName\":\"search_term_string\"}}],\"inLanguage\":\"nb-NO\"},{\"@type\":\"Organization\",\"@id\":\"https:\/\/talkpal.ai\/no\/#organization\",\"name\":\"Talkpal, Inc.\",\"alternateName\":\"Talkpal AI\",\"url\":\"https:\/\/talkpal.ai\/no\/\",\"logo\":{\"@type\":\"ImageObject\",\"inLanguage\":\"nb-NO\",\"@id\":\"https:\/\/talkpal.ai\/no\/#\/schema\/logo\/image\/\",\"url\":\"https:\/\/talkpal.ai\/wp-content\/uploads\/2024\/03\/Talkpal-Logo-Icon.png\",\"contentUrl\":\"https:\/\/talkpal.ai\/wp-content\/uploads\/2024\/03\/Talkpal-Logo-Icon.png\",\"width\":2880,\"height\":2880,\"caption\":\"Talkpal, Inc.\"},\"image\":{\"@id\":\"https:\/\/talkpal.ai\/no\/#\/schema\/logo\/image\/\"},\"sameAs\":[\"https:\/\/www.facebook.com\/profile.php?id=100090733639311\",\"https:\/\/x.com\/talkpalai\",\"https:\/\/www.linkedin.com\/company\/talkpal\/\",\"https:\/\/www.youtube.com\/@TalkPal\/\",\"https:\/\/www.tiktok.com\/@talkpal\",\"https:\/\/www.instagram.com\/talkpal_ai\/\",\"https:\/\/www.crunchbase.com\/organization\/talkpal-9cde\",\"https:\/\/www.g2.com\/products\/talkpal-for-business\/\",\"https:\/\/www.trustpilot.com\/review\/talkpal.ai\",\"https:\/\/www.capterra.com\/p\/10006800\/TalkPal\/\"],\"description\":\"Talkpal is a language learning web and mobile education app, powered by the latest AI technologies, that provides engaging experiences to its customers in many different languages to help them improve their language skills. Users can chat about unlimited amount of topics with the app and use other modes to practice their language learning.\",\"email\":\"support@talkpal.ai\",\"legalName\":\"Talkpal, Inc.\",\"foundingDate\":\"2023-04-03\",\"duns\":\"118989042\",\"numberOfEmployees\":{\"@type\":\"QuantitativeValue\",\"minValue\":\"11\",\"maxValue\":\"50\"},\"publishingPrinciples\":\"https:\/\/talkpal.ai\/publishing-principles\/\",\"actionableFeedbackPolicy\":\"https:\/\/talkpal.ai\/actionable-feedback-policy\/\",\"correctionsPolicy\":\"https:\/\/talkpal.ai\/corrections-policy\/\",\"ethicsPolicy\":\"https:\/\/talkpal.ai\/ethics-policy\/\",\"diversityPolicy\":\"https:\/\/talkpal.ai\/diversity-policy\/\",\"diversityStaffingReport\":\"https:\/\/talkpal.ai\/diversity-policy\/\"}]}<\/script>\n<!-- \/ Yoast SEO Premium plugin. -->","yoast_head_json":{"title":"Norske grammatikk\u00f8velser - Talkpal","description":"Forbedre ferdighetene dine med engasjerende \u00f8velser i norsk grammatikk. Perfekt for elever p\u00e5 alle niv\u00e5er for \u00e5 \u00f8ve effektivt.","robots":{"index":"index","follow":"follow","max-snippet":"max-snippet:-1","max-image-preview":"max-image-preview:large","max-video-preview":"max-video-preview:-1"},"canonical":"https:\/\/talkpal.ai\/no\/norske-grammatikkovelser\/","og_locale":"nb_NO","og_type":"article","og_title":"Norske grammatikk\u00f8velser","og_description":"Norske grammatikkemner \u00c5 l\u00e6re norsk kan v\u00e6re en spennende og givende opplevelse, siden det \u00e5pner d\u00f8rer til en rik kulturhistorie, fantastiske landskap og","og_url":"https:\/\/talkpal.ai\/no\/norske-grammatikkovelser\/","og_site_name":"Talkpal","article_publisher":"https:\/\/www.facebook.com\/profile.php?id=100090733639311","article_modified_time":"2025-12-17T14:38:12+00:00","og_image":[{"width":512,"height":512,"url":"https:\/\/talkpal.ai\/wp-content\/uploads\/2023\/05\/norway.png","type":"image\/png"}],"twitter_card":"summary_large_image","twitter_site":"@talkpalai","twitter_misc":{"Ansl. lesetid":"3 minutter"},"schema":{"@context":"https:\/\/schema.org","@graph":[{"@type":"WebPage","@id":"https:\/\/talkpal.ai\/no\/norske-grammatikkovelser\/","url":"https:\/\/talkpal.ai\/no\/norske-grammatikkovelser\/","name":"Norske grammatikk\u00f8velser - Talkpal","isPartOf":{"@id":"https:\/\/talkpal.ai\/no\/#website"},"primaryImageOfPage":{"@id":"https:\/\/talkpal.ai\/no\/norske-grammatikkovelser\/#primaryimage"},"image":{"@id":"https:\/\/talkpal.ai\/no\/norske-grammatikkovelser\/#primaryimage"},"thumbnailUrl":"https:\/\/talkpal.ai\/wp-content\/uploads\/2023\/05\/norway.png","datePublished":"2023-06-27T08:41:59+00:00","dateModified":"2025-12-17T14:38:12+00:00","description":"Forbedre ferdighetene dine med engasjerende \u00f8velser i norsk grammatikk. Perfekt for elever p\u00e5 alle niv\u00e5er for \u00e5 \u00f8ve effektivt.","breadcrumb":{"@id":"https:\/\/talkpal.ai\/no\/norske-grammatikkovelser\/#breadcrumb"},"inLanguage":"nb-NO","potentialAction":[{"@type":"ReadAction","target":["https:\/\/talkpal.ai\/no\/norske-grammatikkovelser\/"]}]},{"@type":"ImageObject","inLanguage":"nb-NO","@id":"https:\/\/talkpal.ai\/no\/norske-grammatikkovelser\/#primaryimage","url":"https:\/\/talkpal.ai\/wp-content\/uploads\/2023\/05\/norway.png","contentUrl":"https:\/\/talkpal.ai\/wp-content\/uploads\/2023\/05\/norway.png","width":512,"height":512},{"@type":"BreadcrumbList","@id":"https:\/\/talkpal.ai\/no\/norske-grammatikkovelser\/#breadcrumb","itemListElement":[{"@type":"ListItem","position":1,"name":"Homepage","item":"https:\/\/talkpal.ai\/no\/"},{"@type":"ListItem","position":2,"name":"Norske grammatikk\u00f8velser"}]},{"@type":"WebSite","@id":"https:\/\/talkpal.ai\/no\/#website","url":"https:\/\/talkpal.ai\/no\/","name":"Talkpal","description":"AI Language Learning","publisher":{"@id":"https:\/\/talkpal.ai\/no\/#organization"},"alternateName":"Talkpal AI","potentialAction":[{"@type":"SearchAction","target":{"@type":"EntryPoint","urlTemplate":"https:\/\/talkpal.ai\/no\/?s={search_term_string}"},"query-input":{"@type":"PropertyValueSpecification","valueRequired":true,"valueName":"search_term_string"}}],"inLanguage":"nb-NO"},{"@type":"Organization","@id":"https:\/\/talkpal.ai\/no\/#organization","name":"Talkpal, Inc.","alternateName":"Talkpal AI","url":"https:\/\/talkpal.ai\/no\/","logo":{"@type":"ImageObject","inLanguage":"nb-NO","@id":"https:\/\/talkpal.ai\/no\/#\/schema\/logo\/image\/","url":"https:\/\/talkpal.ai\/wp-content\/uploads\/2024\/03\/Talkpal-Logo-Icon.png","contentUrl":"https:\/\/talkpal.ai\/wp-content\/uploads\/2024\/03\/Talkpal-Logo-Icon.png","width":2880,"height":2880,"caption":"Talkpal, Inc."},"image":{"@id":"https:\/\/talkpal.ai\/no\/#\/schema\/logo\/image\/"},"sameAs":["https:\/\/www.facebook.com\/profile.php?id=100090733639311","https:\/\/x.com\/talkpalai","https:\/\/www.linkedin.com\/company\/talkpal\/","https:\/\/www.youtube.com\/@TalkPal\/","https:\/\/www.tiktok.com\/@talkpal","https:\/\/www.instagram.com\/talkpal_ai\/","https:\/\/www.crunchbase.com\/organization\/talkpal-9cde","https:\/\/www.g2.com\/products\/talkpal-for-business\/","https:\/\/www.trustpilot.com\/review\/talkpal.ai","https:\/\/www.capterra.com\/p\/10006800\/TalkPal\/"],"description":"Talkpal is a language learning web and mobile education app, powered by the latest AI technologies, that provides engaging experiences to its customers in many different languages to help them improve their language skills. Users can chat about unlimited amount of topics with the app and use other modes to practice their language learning.","email":"support@talkpal.ai","legalName":"Talkpal, Inc.","foundingDate":"2023-04-03","duns":"118989042","numberOfEmployees":{"@type":"QuantitativeValue","minValue":"11","maxValue":"50"},"publishingPrinciples":"https:\/\/talkpal.ai\/publishing-principles\/","actionableFeedbackPolicy":"https:\/\/talkpal.ai\/actionable-feedback-policy\/","correctionsPolicy":"https:\/\/talkpal.ai\/corrections-policy\/","ethicsPolicy":"https:\/\/talkpal.ai\/ethics-policy\/","diversityPolicy":"https:\/\/talkpal.ai\/diversity-policy\/","diversityStaffingReport":"https:\/\/talkpal.ai\/diversity-policy\/"}]}},"_links":{"self":[{"href":"https:\/\/talkpal.ai\/no\/wp-json\/wp\/v2\/pages\/75135","targetHints":{"allow":["GET"]}}],"collection":[{"href":"https:\/\/talkpal.ai\/no\/wp-json\/wp\/v2\/pages"}],"about":[{"href":"https:\/\/talkpal.ai\/no\/wp-json\/wp\/v2\/types\/page"}],"author":[{"embeddable":true,"href":"https:\/\/talkpal.ai\/no\/wp-json\/wp\/v2\/users\/6"}],"replies":[{"embeddable":true,"href":"https:\/\/talkpal.ai\/no\/wp-json\/wp\/v2\/comments?post=75135"}],"version-history":[{"count":0,"href":"https:\/\/talkpal.ai\/no\/wp-json\/wp\/v2\/pages\/75135\/revisions"}],"wp:featuredmedia":[{"embeddable":true,"href":"https:\/\/talkpal.ai\/no\/wp-json\/wp\/v2\/media\/64156"}],"wp:attachment":[{"href":"https:\/\/talkpal.ai\/no\/wp-json\/wp\/v2\/media?parent=75135"}],"curies":[{"name":"wp","href":"https:\/\/api.w.org\/{rel}","templated":true}]}}