{"id":166817,"date":"2023-04-03T14:56:00","date_gmt":"2023-04-03T14:56:00","guid":{"rendered":"http:\/\/talkpal.ai\/om\/"},"modified":"2026-03-06T16:33:36","modified_gmt":"2026-03-06T16:33:36","slug":"om","status":"publish","type":"page","link":"https:\/\/talkpal.ai\/no\/om\/","title":{"rendered":"Om"},"content":{"rendered":"\n<p id=\"h-\"><a href=\"https:\/\/talkpal.ai\/ko\/ai-%ec%96%b8%ec%96%b4-%ea%b5%90%ec%82%ac\/\">Talkpal<\/a>, Inc. er et AI-drevet spr\u00e5kl\u00e6ringsselskap som har som m\u00e5l \u00e5 gj\u00f8re det \u00e5 snakke et hvilket som helst spr\u00e5k tilgjengelig for alle, overalt. Talkpal utvikler en av verdens mest avanserte AI-plattformer for <a href=\"https:\/\/talkpal.ai\/no\/laer-engelsk-raskt-enkle-tips-for-effektiv-sprakopplaering\/\">spr\u00e5koppl\u00e6ring<\/a>, og hjelper millioner av elever med \u00e5 \u00f8ve p\u00e5 ekte samtaler p\u00e5 en trygg m\u00e5te.<\/p>\n\n<p>Talkpal ble grunnlagt i 2023 og bygger p\u00e5 en enkel, men kraftfull overbevisning: <a href=\"https:\/\/talkpal.ai\/no\/laer-engelsk-raskt-enkle-tips-for-effektiv-sprakopplaering\/\">Spr\u00e5koppl\u00e6ring<\/a> b\u00f8r ikke v\u00e6re et privilegium, og b\u00f8r v\u00e6re tilgjengelig for alle. Ved \u00e5 kombinere banebrytende kunstig intelligens med spr\u00e5klig ekspertise og forskning, fjerner Talkpal tradisjonelle barrierer som kostnader, tid og frykt for \u00e5 snakke &#8211; og erstatter dem med personlig, pressfri trening tilgjengelig p\u00e5 flere plattformer 24\/7.<\/p>\n\n<p>I dag st\u00f8tter Talkpal mer enn 80 spr\u00e5k, betjener millioner av elever i mer enn 180 land og er tilgjengelig p\u00e5 nett, <a href=\"https:\/\/talkpal.ai\/es\/descargar-la-aplicacion-talkpal-para-android-e-ios\/\">iOS<\/a> og <a href=\"https:\/\/talkpal.ai\/es\/descargar-la-aplicacion-talkpal-para-android-e-ios\/\">Android<\/a>.<\/p>\n\n<h2 class=\"wp-block-heading\" id=\"h-our-mission\">V\u00e5rt oppdrag<\/h2>\n\n<p>V\u00e5rt m\u00e5l er \u00e5 revolusjonere spr\u00e5koppl\u00e6ringen ved \u00e5 tilby en engasjerende, interaktiv og personlig tilpasset AI-drevet spr\u00e5koppl\u00e6ring.<br\/><br\/>Vi streber etter \u00e5 bryte ned spr\u00e5kbarrierer, fremme globale forbindelser og dyrke et fellesskap av lidenskapelige elever, som gir dem mulighet til \u00e5 kommunisere trygt og flytende p\u00e5 deres valgte spr\u00e5k.<\/p>\n\n<h2 class=\"wp-block-heading\" id=\"h-our-vision\">V\u00e5r visjon<\/h2>\n\n<p>V\u00e5r visjon er \u00e5 bli verdens ledende AI-spr\u00e5kveileder, og forandre m\u00e5ten folk l\u00e6rer spr\u00e5k p\u00e5 gjennom oppslukende, kontekststyrte samtaler og adaptiv l\u00e6ringsteknologi.<br\/><br\/>Vi tar sikte p\u00e5 \u00e5 inspirere og pleie en kj\u00e6rlighet til spr\u00e5kl\u00e6ring, oppmuntre til kulturell utveksling og bygge bro over kommunikasjonsgapet p\u00e5 tvers av landegrenser, og til slutt forme en mer tilkoblet og forst\u00e5elsesfull verden.<\/p>\n\n<h2 class=\"wp-block-heading\" id=\"h-our-story\">V\u00e5r historie<\/h2>\n\n<p>Talkpal ble grunnlagt av <a href=\"https:\/\/talkpal.ai\/locations\/language-courses-in-david\/\">David<\/a> Gegechkori (bildet til venstre) og Dimitri Dekanozishvili (bildet til h\u00f8yre), drevet av en felles frustrasjon over tradisjonelle spr\u00e5kinnl\u00e6ringsmetoder som ofte ikke forbereder elevene p\u00e5 \u00e5 snakke i den virkelige verden.<\/p>\n\n<div class=\"wp-block-columns is-layout-flex wp-container-core-columns-is-layout-9d6595d7 wp-block-columns-is-layout-flex\">\n<div class=\"wp-block-column is-layout-flow wp-block-column-is-layout-flow\" style=\"flex-basis:50%\"><div class=\"wp-block-image\">\n<figure class=\"alignleft size-large\"><img decoding=\"async\" width=\"1024\" height=\"683\" src=\"https:\/\/talkpal.ai\/wp-content\/uploads\/2025\/12\/Talkpal-Entrepreneur-1024x683.jpg\" alt=\"\" class=\"wp-image-1557444\" style=\"aspect-ratio:1.4992888417882142\" srcset=\"https:\/\/talkpal.ai\/wp-content\/uploads\/2025\/12\/Talkpal-Entrepreneur-1024x683.jpg 1024w, https:\/\/talkpal.ai\/wp-content\/uploads\/2025\/12\/Talkpal-Entrepreneur-300x200.jpg 300w, https:\/\/talkpal.ai\/wp-content\/uploads\/2025\/12\/Talkpal-Entrepreneur-768x512.jpg 768w, https:\/\/talkpal.ai\/wp-content\/uploads\/2025\/12\/Talkpal-Entrepreneur.jpg 1344w\" sizes=\"(max-width: 1024px) 100vw, 1024px\" \/><\/figure>\n<\/div><\/div>\n\n\n\n<div class=\"wp-block-column is-layout-flow wp-block-column-is-layout-flow\" style=\"flex-basis:50%\">\n<p>Helt fra starten av var m\u00e5let klart: \u00e5 lage en AI-spr\u00e5kkompanjong som f\u00f8les mindre som en l\u00e6rebok og mer som en st\u00f8ttende samtalepartner. Navnet &laquo;Talkpal&raquo; gjenspeiler denne filosofien &#8211; en vennlig, alltid tilgjengelig f\u00f8lgesvenn som oppmuntrer elevene til \u00e5 \u00f8ve seg p\u00e5 \u00e5 snakke uten frykt for \u00e5 bli d\u00f8mt.<\/p>\n\n\n\n<p>Talkpal startet som et nettbasert produkt, men utvidet raskt til <a href=\"https:\/\/talkpal.ai\/locations\/language-courses-in-mobile\/\">mobile<\/a> plattformer og samlet et globalt team av AI-ingeni\u00f8rer, lingvister, pedagoger, markedsf\u00f8rere og produktdesignere. Gjennom kontinuerlig iterasjon, forskning og tilbakemeldinger fra brukerne har Talkpal utviklet seg til \u00e5 bli en omfattende AI-spr\u00e5kinnl\u00e6ringsplattform som millioner av mennesker verden over har tillit til.<\/p>\n<\/div>\n<\/div>\n\n<h2 class=\"wp-block-heading\" id=\"h-what-we-do\">Hva vi gj\u00f8r<\/h2>\n\n<p>Talkpal tilbyr AI-drevne tekst- og stemmel\u00e6ringsopplevelser som er utformet for \u00e5 simulere ekte menneskelig interaksjon. Plattformen v\u00e5r tilpasser seg dynamisk til hver enkelt elevs niv\u00e5, m\u00e5l og l\u00e6ringsstil.<\/p>\n\n<p>Viktige funksjoner inkluderer:<\/p>\n\n<ul class=\"wp-block-list\">\n<li>Naturlige AI-samtaler for taletrening<\/li>\n\n\n\n<li>Tilbakemeldinger i sanntid p\u00e5 uttale, grammatikk og flyt<\/li>\n\n\n\n<li>St\u00f8tte for b\u00e5de nybegynnere og viderekomne<\/li>\n\n\n\n<li>Leksjoner p\u00e5 mer enn 80 globale spr\u00e5k, inkludert engelsk, spansk, tysk, fransk, italiensk, japansk, kinesisk, koreansk, arabisk, nederlandsk, portugisisk, svensk, hebraisk, gresk, tyrkisk, finsk og afrikaans, albansk, armensk, assamesisk, aserbajdsjansk, baskisk, hviterussisk, bengali, bosnisk, bulgarsk, burmesisk, kantonesisk, katalansk, kroatisk, tsjekkisk, dansk, estisk, galicisk, georgisk, gujarati, hindi, Ungarsk, islandsk, indonesisk, irsk, javanesisk, kannada, kazakh, khmer, lao, latvisk, litauisk, makedonsk, malayisk, malayalam, maltesisk, maori, marathi, mongolsk, nepali, norsk, odia, tsjekkisk, ungarsk, pashto, persisk, polsk, punjabi, rumensk, russisk, serbisk, singalesisk, slovakisk, slovensk, somali, swahili, tagalog, tamil, telugu, thai, ukrainsk, urdu, usbekisk, vietnamesisk, walisisk, zulu med flere.<\/li>\n\n\n\n<li>En freemium-modell med fleksible abonnementsplaner<\/li>\n\n\n\n<li>Dedikerte bedriftsl\u00f8sninger for universiteter, spr\u00e5kskoler, bedrifter og andre organisasjoner<\/li>\n<\/ul>\n\n<p>Innholdet og systemene v\u00e5re er utviklet i samarbeid med spr\u00e5keksperter og AI-forskere, noe som sikrer b\u00e5de pedagogisk soliditet og teknisk kvalitet.<\/p>\n\n<h2 class=\"wp-block-heading\" id=\"h-research-backed-learning\">Forskningsst\u00f8ttet l\u00e6ring<\/h2>\n\n<p>Talkpals effektivitet har blitt unders\u00f8kt i flere akademiske studier, spesielt i ESL- og EFL-sammenheng. Forskning har vist statistisk signifikante forbedringer i elevenes taleflyt, uttale, grammatikk og selvtillit n\u00e5r de bruker AI-baserte samtaleverkt\u00f8y som Talkpal.<\/p>\n\n<p>Denne forskningsbaserte tiln\u00e6rmingen underbygger v\u00e5r forpliktelse til ikke bare \u00e5 utvikle innovativ teknologi, men ogs\u00e5 m\u00e5lbart effektive spr\u00e5kopplevelser.<\/p>\n\n<h2 class=\"wp-block-heading\" id=\"h-trusted-by-learners-worldwide\">Betrodd av elever over hele verden<\/h2>\n\n<p>Talkpal har tillit hos millioner av brukere over hele verden og f\u00e5r gjennomg\u00e5ende gode vurderinger i appbutikker og p\u00e5 anmeldelsesplattformer. Elevene fremhever ofte:<\/p>\n\n<ul class=\"wp-block-list\">\n<li>Et milj\u00f8 uten press for taletrening<\/li>\n\n\n\n<li>Umiddelbar, handlingsrettet tilbakemelding<\/li>\n\n\n\n<li>Fleksibilitet til \u00e5 l\u00e6re n\u00e5r som helst og hvor som helst<\/li>\n\n\n\n<li>Muligheten til \u00e5 \u00f8ve uten \u00e5 trenge en menneskelig spr\u00e5kpartner<\/li>\n<\/ul>\n\n<h2 class=\"wp-block-heading\" id=\"h-our-commitment\">V\u00e5r forpliktelse<\/h2>\n\n<p>Hos Talkpal er vi forpliktet til \u00e5<\/p>\n\n<ul class=\"wp-block-list\">\n<li><strong>Innovasjon<\/strong> &#8211; kontinuerlig utvikling innen <a href=\"https:\/\/talkpal.ai\/speaking-with-ai\/\">AI<\/a> og utdanningsteknologi<\/li>\n\n\n\n<li><strong>Kvalitet<\/strong> &#8211; forskningsbaserte l\u00e6ringsopplevelser<\/li>\n\n\n\n<li><strong>Tilgjengelighet<\/strong> &#8211; rimelig og inkluderende spr\u00e5koppl\u00e6ring for alle<\/li>\n\n\n\n<li><strong>Global p\u00e5virkning<\/strong> &#8211; styrke kommunikasjon p\u00e5 tvers av kulturer<\/li>\n<\/ul>\n\n<p>Vi tror at spr\u00e5k kan forandre liv &#8211; og med kunstig intelligens kan denne kraften n\u00e5 ut til alle.<\/p>\n\n<p><\/p>\n","protected":false},"excerpt":{"rendered":"<p>Talkpal, Inc. er et AI-drevet spr\u00e5kl\u00e6ringsselskap som har som m\u00e5l \u00e5 gj\u00f8re det \u00e5 snakke et hvilket som helst spr\u00e5k tilgjengelig for alle, overalt. Talkpal utvikler en av verdens mest avanserte AI-plattformer for spr\u00e5koppl\u00e6ring, og hjelper millioner av elever med \u00e5 \u00f8ve p\u00e5 ekte samtaler p\u00e5 en trygg m\u00e5te. Talkpal ble grunnlagt i 2023 og [&hellip;]<\/p>\n","protected":false},"author":1,"featured_media":197971,"parent":0,"menu_order":0,"comment_status":"closed","ping_status":"closed","template":"","meta":{"_acf_changed":false,"footnotes":""},"class_list":["post-166817","page","type-page","status-publish","has-post-thumbnail","hentry"],"acf":[],"yoast_head":"<!-- This site is optimized with the Yoast SEO Premium plugin v27.2 (Yoast SEO v27.2) - https:\/\/yoast.com\/product\/yoast-seo-premium-wordpress\/ -->\n<title>Om - Talkpal<\/title>\n<meta name=\"description\" content=\"Talkpal er en GPT-drevet AI-spr\u00e5kl\u00e6rer som ble grunnlagt med troen p\u00e5 at spr\u00e5kl\u00e6ring skal v\u00e6re tilgjengelig for alle.\" \/>\n<meta name=\"robots\" content=\"index, follow, max-snippet:-1, max-image-preview:large, max-video-preview:-1\" \/>\n<link rel=\"canonical\" href=\"https:\/\/talkpal.ai\/no\/om\/\" \/>\n<meta property=\"og:locale\" content=\"nb_NO\" \/>\n<meta property=\"og:type\" content=\"article\" \/>\n<meta property=\"og:title\" content=\"Om\" \/>\n<meta property=\"og:description\" content=\"Talkpal, Inc. er et AI-drevet spr\u00e5kl\u00e6ringsselskap som har som m\u00e5l \u00e5 gj\u00f8re det \u00e5 snakke et hvilket som helst spr\u00e5k tilgjengelig for alle, overalt. Talkpal\" \/>\n<meta property=\"og:url\" content=\"https:\/\/talkpal.ai\/no\/om\/\" \/>\n<meta property=\"og:site_name\" content=\"Talkpal\" \/>\n<meta property=\"article:publisher\" content=\"https:\/\/www.facebook.com\/profile.php?id=100090733639311\" \/>\n<meta property=\"article:modified_time\" content=\"2026-03-06T16:33:36+00:00\" \/>\n<meta property=\"og:image\" content=\"https:\/\/talkpal.ai\/wp-content\/uploads\/2024\/03\/Talkpal-Logo-Icon.png\" \/>\n\t<meta property=\"og:image:width\" content=\"5000\" \/>\n\t<meta property=\"og:image:height\" content=\"5000\" \/>\n\t<meta property=\"og:image:type\" content=\"image\/png\" \/>\n<meta name=\"twitter:card\" content=\"summary_large_image\" \/>\n<meta name=\"twitter:site\" content=\"@talkpalai\" \/>\n<meta name=\"twitter:label1\" content=\"Ansl. lesetid\" \/>\n\t<meta name=\"twitter:data1\" content=\"4 minutter\" \/>\n<script type=\"application\/ld+json\" class=\"yoast-schema-graph\">{\"@context\":\"https:\/\/schema.org\",\"@graph\":[{\"@type\":\"WebPage\",\"@id\":\"https:\/\/talkpal.ai\/no\/om\/\",\"url\":\"https:\/\/talkpal.ai\/no\/om\/\",\"name\":\"Om - Talkpal\",\"isPartOf\":{\"@id\":\"https:\/\/talkpal.ai\/no\/#website\"},\"primaryImageOfPage\":{\"@id\":\"https:\/\/talkpal.ai\/no\/om\/#primaryimage\"},\"image\":{\"@id\":\"https:\/\/talkpal.ai\/no\/om\/#primaryimage\"},\"thumbnailUrl\":\"https:\/\/talkpal.ai\/wp-content\/uploads\/2024\/03\/Talkpal-Logo-Icon.png\",\"datePublished\":\"2023-04-03T14:56:00+00:00\",\"dateModified\":\"2026-03-06T16:33:36+00:00\",\"description\":\"Talkpal er en GPT-drevet AI-spr\u00e5kl\u00e6rer som ble grunnlagt med troen p\u00e5 at spr\u00e5kl\u00e6ring skal v\u00e6re tilgjengelig for alle.\",\"breadcrumb\":{\"@id\":\"https:\/\/talkpal.ai\/no\/om\/#breadcrumb\"},\"inLanguage\":\"nb-NO\",\"potentialAction\":[{\"@type\":\"ReadAction\",\"target\":[\"https:\/\/talkpal.ai\/no\/om\/\"]}]},{\"@type\":\"ImageObject\",\"inLanguage\":\"nb-NO\",\"@id\":\"https:\/\/talkpal.ai\/no\/om\/#primaryimage\",\"url\":\"https:\/\/talkpal.ai\/wp-content\/uploads\/2024\/03\/Talkpal-Logo-Icon.png\",\"contentUrl\":\"https:\/\/talkpal.ai\/wp-content\/uploads\/2024\/03\/Talkpal-Logo-Icon.png\",\"width\":5000,\"height\":5000,\"caption\":\"TalkPal-logo\"},{\"@type\":\"BreadcrumbList\",\"@id\":\"https:\/\/talkpal.ai\/no\/om\/#breadcrumb\",\"itemListElement\":[{\"@type\":\"ListItem\",\"position\":1,\"name\":\"Homepage\",\"item\":\"https:\/\/talkpal.ai\/no\/\"},{\"@type\":\"ListItem\",\"position\":2,\"name\":\"Om\"}]},{\"@type\":\"WebSite\",\"@id\":\"https:\/\/talkpal.ai\/no\/#website\",\"url\":\"https:\/\/talkpal.ai\/no\/\",\"name\":\"Talkpal\",\"description\":\"AI Language Learning\",\"publisher\":{\"@id\":\"https:\/\/talkpal.ai\/no\/#organization\"},\"alternateName\":\"Talkpal AI\",\"potentialAction\":[{\"@type\":\"SearchAction\",\"target\":{\"@type\":\"EntryPoint\",\"urlTemplate\":\"https:\/\/talkpal.ai\/no\/?s={search_term_string}\"},\"query-input\":{\"@type\":\"PropertyValueSpecification\",\"valueRequired\":true,\"valueName\":\"search_term_string\"}}],\"inLanguage\":\"nb-NO\"},{\"@type\":\"Organization\",\"@id\":\"https:\/\/talkpal.ai\/no\/#organization\",\"name\":\"Talkpal, Inc.\",\"alternateName\":\"Talkpal AI\",\"url\":\"https:\/\/talkpal.ai\/no\/\",\"logo\":{\"@type\":\"ImageObject\",\"inLanguage\":\"nb-NO\",\"@id\":\"https:\/\/talkpal.ai\/no\/#\/schema\/logo\/image\/\",\"url\":\"https:\/\/talkpal.ai\/wp-content\/uploads\/2024\/03\/Talkpal-Logo-Icon.png\",\"contentUrl\":\"https:\/\/talkpal.ai\/wp-content\/uploads\/2024\/03\/Talkpal-Logo-Icon.png\",\"width\":2880,\"height\":2880,\"caption\":\"Talkpal, Inc.\"},\"image\":{\"@id\":\"https:\/\/talkpal.ai\/no\/#\/schema\/logo\/image\/\"},\"sameAs\":[\"https:\/\/www.facebook.com\/profile.php?id=100090733639311\",\"https:\/\/x.com\/talkpalai\",\"https:\/\/www.linkedin.com\/company\/talkpal\/\",\"https:\/\/www.youtube.com\/@TalkPal\/\",\"https:\/\/www.tiktok.com\/@talkpal\",\"https:\/\/www.instagram.com\/talkpal_ai\/\",\"https:\/\/www.crunchbase.com\/organization\/talkpal-9cde\",\"https:\/\/www.g2.com\/products\/talkpal-for-business\/\",\"https:\/\/www.trustpilot.com\/review\/talkpal.ai\",\"https:\/\/www.capterra.com\/p\/10006800\/TalkPal\/\"],\"description\":\"Talkpal is a language learning web and mobile education app, powered by the latest AI technologies, that provides engaging experiences to its customers in many different languages to help them improve their language skills. Users can chat about unlimited amount of topics with the app and use other modes to practice their language learning.\",\"email\":\"support@talkpal.ai\",\"legalName\":\"Talkpal, Inc.\",\"foundingDate\":\"2023-04-03\",\"duns\":\"118989042\",\"numberOfEmployees\":{\"@type\":\"QuantitativeValue\",\"minValue\":\"11\",\"maxValue\":\"50\"},\"publishingPrinciples\":\"https:\/\/talkpal.ai\/publishing-principles\/\",\"actionableFeedbackPolicy\":\"https:\/\/talkpal.ai\/actionable-feedback-policy\/\",\"correctionsPolicy\":\"https:\/\/talkpal.ai\/corrections-policy\/\",\"ethicsPolicy\":\"https:\/\/talkpal.ai\/ethics-policy\/\",\"diversityPolicy\":\"https:\/\/talkpal.ai\/diversity-policy\/\",\"diversityStaffingReport\":\"https:\/\/talkpal.ai\/diversity-policy\/\"}]}<\/script>\n<!-- \/ Yoast SEO Premium plugin. -->","yoast_head_json":{"title":"Om - Talkpal","description":"Talkpal er en GPT-drevet AI-spr\u00e5kl\u00e6rer som ble grunnlagt med troen p\u00e5 at spr\u00e5kl\u00e6ring skal v\u00e6re tilgjengelig for alle.","robots":{"index":"index","follow":"follow","max-snippet":"max-snippet:-1","max-image-preview":"max-image-preview:large","max-video-preview":"max-video-preview:-1"},"canonical":"https:\/\/talkpal.ai\/no\/om\/","og_locale":"nb_NO","og_type":"article","og_title":"Om","og_description":"Talkpal, Inc. er et AI-drevet spr\u00e5kl\u00e6ringsselskap som har som m\u00e5l \u00e5 gj\u00f8re det \u00e5 snakke et hvilket som helst spr\u00e5k tilgjengelig for alle, overalt. Talkpal","og_url":"https:\/\/talkpal.ai\/no\/om\/","og_site_name":"Talkpal","article_publisher":"https:\/\/www.facebook.com\/profile.php?id=100090733639311","article_modified_time":"2026-03-06T16:33:36+00:00","og_image":[{"width":5000,"height":5000,"url":"https:\/\/talkpal.ai\/wp-content\/uploads\/2024\/03\/Talkpal-Logo-Icon.png","type":"image\/png"}],"twitter_card":"summary_large_image","twitter_site":"@talkpalai","twitter_misc":{"Ansl. lesetid":"4 minutter"},"schema":{"@context":"https:\/\/schema.org","@graph":[{"@type":"WebPage","@id":"https:\/\/talkpal.ai\/no\/om\/","url":"https:\/\/talkpal.ai\/no\/om\/","name":"Om - Talkpal","isPartOf":{"@id":"https:\/\/talkpal.ai\/no\/#website"},"primaryImageOfPage":{"@id":"https:\/\/talkpal.ai\/no\/om\/#primaryimage"},"image":{"@id":"https:\/\/talkpal.ai\/no\/om\/#primaryimage"},"thumbnailUrl":"https:\/\/talkpal.ai\/wp-content\/uploads\/2024\/03\/Talkpal-Logo-Icon.png","datePublished":"2023-04-03T14:56:00+00:00","dateModified":"2026-03-06T16:33:36+00:00","description":"Talkpal er en GPT-drevet AI-spr\u00e5kl\u00e6rer som ble grunnlagt med troen p\u00e5 at spr\u00e5kl\u00e6ring skal v\u00e6re tilgjengelig for alle.","breadcrumb":{"@id":"https:\/\/talkpal.ai\/no\/om\/#breadcrumb"},"inLanguage":"nb-NO","potentialAction":[{"@type":"ReadAction","target":["https:\/\/talkpal.ai\/no\/om\/"]}]},{"@type":"ImageObject","inLanguage":"nb-NO","@id":"https:\/\/talkpal.ai\/no\/om\/#primaryimage","url":"https:\/\/talkpal.ai\/wp-content\/uploads\/2024\/03\/Talkpal-Logo-Icon.png","contentUrl":"https:\/\/talkpal.ai\/wp-content\/uploads\/2024\/03\/Talkpal-Logo-Icon.png","width":5000,"height":5000,"caption":"TalkPal-logo"},{"@type":"BreadcrumbList","@id":"https:\/\/talkpal.ai\/no\/om\/#breadcrumb","itemListElement":[{"@type":"ListItem","position":1,"name":"Homepage","item":"https:\/\/talkpal.ai\/no\/"},{"@type":"ListItem","position":2,"name":"Om"}]},{"@type":"WebSite","@id":"https:\/\/talkpal.ai\/no\/#website","url":"https:\/\/talkpal.ai\/no\/","name":"Talkpal","description":"AI Language Learning","publisher":{"@id":"https:\/\/talkpal.ai\/no\/#organization"},"alternateName":"Talkpal AI","potentialAction":[{"@type":"SearchAction","target":{"@type":"EntryPoint","urlTemplate":"https:\/\/talkpal.ai\/no\/?s={search_term_string}"},"query-input":{"@type":"PropertyValueSpecification","valueRequired":true,"valueName":"search_term_string"}}],"inLanguage":"nb-NO"},{"@type":"Organization","@id":"https:\/\/talkpal.ai\/no\/#organization","name":"Talkpal, Inc.","alternateName":"Talkpal AI","url":"https:\/\/talkpal.ai\/no\/","logo":{"@type":"ImageObject","inLanguage":"nb-NO","@id":"https:\/\/talkpal.ai\/no\/#\/schema\/logo\/image\/","url":"https:\/\/talkpal.ai\/wp-content\/uploads\/2024\/03\/Talkpal-Logo-Icon.png","contentUrl":"https:\/\/talkpal.ai\/wp-content\/uploads\/2024\/03\/Talkpal-Logo-Icon.png","width":2880,"height":2880,"caption":"Talkpal, Inc."},"image":{"@id":"https:\/\/talkpal.ai\/no\/#\/schema\/logo\/image\/"},"sameAs":["https:\/\/www.facebook.com\/profile.php?id=100090733639311","https:\/\/x.com\/talkpalai","https:\/\/www.linkedin.com\/company\/talkpal\/","https:\/\/www.youtube.com\/@TalkPal\/","https:\/\/www.tiktok.com\/@talkpal","https:\/\/www.instagram.com\/talkpal_ai\/","https:\/\/www.crunchbase.com\/organization\/talkpal-9cde","https:\/\/www.g2.com\/products\/talkpal-for-business\/","https:\/\/www.trustpilot.com\/review\/talkpal.ai","https:\/\/www.capterra.com\/p\/10006800\/TalkPal\/"],"description":"Talkpal is a language learning web and mobile education app, powered by the latest AI technologies, that provides engaging experiences to its customers in many different languages to help them improve their language skills. Users can chat about unlimited amount of topics with the app and use other modes to practice their language learning.","email":"support@talkpal.ai","legalName":"Talkpal, Inc.","foundingDate":"2023-04-03","duns":"118989042","numberOfEmployees":{"@type":"QuantitativeValue","minValue":"11","maxValue":"50"},"publishingPrinciples":"https:\/\/talkpal.ai\/publishing-principles\/","actionableFeedbackPolicy":"https:\/\/talkpal.ai\/actionable-feedback-policy\/","correctionsPolicy":"https:\/\/talkpal.ai\/corrections-policy\/","ethicsPolicy":"https:\/\/talkpal.ai\/ethics-policy\/","diversityPolicy":"https:\/\/talkpal.ai\/diversity-policy\/","diversityStaffingReport":"https:\/\/talkpal.ai\/diversity-policy\/"}]}},"_links":{"self":[{"href":"https:\/\/talkpal.ai\/no\/wp-json\/wp\/v2\/pages\/166817","targetHints":{"allow":["GET"]}}],"collection":[{"href":"https:\/\/talkpal.ai\/no\/wp-json\/wp\/v2\/pages"}],"about":[{"href":"https:\/\/talkpal.ai\/no\/wp-json\/wp\/v2\/types\/page"}],"author":[{"embeddable":true,"href":"https:\/\/talkpal.ai\/no\/wp-json\/wp\/v2\/users\/1"}],"replies":[{"embeddable":true,"href":"https:\/\/talkpal.ai\/no\/wp-json\/wp\/v2\/comments?post=166817"}],"version-history":[{"count":0,"href":"https:\/\/talkpal.ai\/no\/wp-json\/wp\/v2\/pages\/166817\/revisions"}],"wp:featuredmedia":[{"embeddable":true,"href":"https:\/\/talkpal.ai\/no\/wp-json\/wp\/v2\/media\/197971"}],"wp:attachment":[{"href":"https:\/\/talkpal.ai\/no\/wp-json\/wp\/v2\/media?parent=166817"}],"curies":[{"name":"wp","href":"https:\/\/api.w.org\/{rel}","templated":true}]}}