{"id":166618,"date":"2023-06-16T10:58:35","date_gmt":"2023-06-16T10:58:35","guid":{"rendered":"http:\/\/talkpal.ai\/russiske-grammatikkovelser\/"},"modified":"2025-12-17T16:23:42","modified_gmt":"2025-12-17T16:23:42","slug":"russiske-grammatikkovelser","status":"publish","type":"page","link":"https:\/\/talkpal.ai\/no\/russiske-grammatikkovelser\/","title":{"rendered":"Russiske grammatikk\u00f8velser"},"content":{"rendered":"\r\n\r\n\r\n<section class=\"languageChallengeSection\">\r\n    <div class=\"languageInfoWrapper\">\r\n        \r\n        <h1>Russiske grammatikk\u00f8velser<\/h1>\r\n        <p>Er du klar for \u00e5 styrke dine russiskferdigheter? \u00c5 \u00f8ve p\u00e5 grammatikk\u00f8velser er en av de beste m\u00e5tene \u00e5 <a href=\"https:\/\/talkpal.ai\/locations\/language-courses-in-mestre\/\">mestre<\/a> setningsstruktur, verbb\u00f8yninger og de unike reglene i det russiske spr\u00e5ket. Begynn \u00e5 utforske <a href=\"https:\/\/talkpal.ai\/learn-russian\/\">russisk<\/a> <a href=\"https:\/\/talkpal.ai\/grammar\/\">grammatikk<\/a> i dag, og se hvordan forst\u00e5elsen din vokser for hver \u00f8velse!<\/p>\r\n\r\n                            <a class=\"getStartedHidden\" href=\"https:\/\/app.talkpal.ai\/no\/signup?lng=\">Kom i gang<\/a>\r\n        \r\n    <\/div>\r\n\r\n    <figure>\r\n    <img decoding=\"async\" width=\"768\" height=\"768\" src=\"https:\/\/talkpal.ai\/wp-content\/uploads\/2023\/06\/russian-768x768.png\" class=\"languageImage no-lazy\" alt=\"Language learning for multicultural understanding\" fetchpriority=\"high\" sizes=\"(max-width: 768px) 150px, 768px\" srcset=\"https:\/\/talkpal.ai\/wp-content\/uploads\/2023\/06\/russian-768x768.png 768w, https:\/\/talkpal.ai\/wp-content\/uploads\/2023\/06\/russian-300x300.png 300w\" \/>\r\n    \r\n\r\n    <\/figure>\r\n\r\n            <a class=\"getStartedVisible\" href=\"https:\/\/app.talkpal.ai\/no\/signup?lng=\">Kom i gang<\/a>\r\n    \r\n<\/section>\r\n\r\n\r\n<!-- <section class=\"grammarSection\">\r\n    <div class=\"grammarLinks\">\r\n            <\/div>\r\n<\/section> -->\r\n\r\n\r\n\r\n\r\n<section class=\"promotionalBanner\">\r\n    <p class=\"promotionalText\">Den mest effektive m\u00e5ten \u00e5 l\u00e6re et spr\u00e5k p\u00e5<\/p>\r\n    <a class=\"promotionalLink\" href=\"https:\/\/app.talkpal.ai\/no\/signup?lng=\">Pr\u00f8v Talkpal gratis<\/a>\r\n<\/section>\n<div class=\"wp-block-group pageContainerStyle\"><div class=\"wp-block-group__inner-container is-layout-constrained wp-block-group-is-layout-constrained\">\n<h2 class=\"wp-block-heading\" id=\"h-russian-grammar-topics\">Russiske grammatikk-emner<\/h2>\n\n\n\n<p>\u00c5 l\u00e6re russisk kan v\u00e6re en utrolig givende og intellektuelt stimulerende opplevelse. Det russiske spr\u00e5ket er ikke bare rikt p\u00e5 vokabular og uttrykkskraft, men det gir ogs\u00e5 et vindu inn i den fascinerende kulturen, historien og litteraturen til Russland og det tidligere Sovjetunionen. N\u00e5r du legger ut p\u00e5 reisen for \u00e5 l\u00e6re russisk, er det viktig \u00e5 gj\u00f8re deg kjent med de ulike grammatikkemnene som vil danne grunnlaget for dine spr\u00e5kkunnskaper. I denne veiledningen vil vi gi en oversikt over viktige russiske grammatikkemner, inkludert tider, verb, substantiv, artikler, pronomen, adjektiver, adverb, preposisjoner og setningsstruktur. Ved \u00e5 mestre disse grunnleggende ferdighetene vil du v\u00e6re p\u00e5 god vei til \u00e5 snakke flytende russisk.<\/p>\n\n\n\n<h3 class=\"wp-block-heading\" id=\"h-1-nouns\">1. Substantiv:<\/h3>\n\n\n\n<p>Begynn med \u00e5 l\u00e6re russiske substantiv, <a href=\"https:\/\/talkpal.ai\/culture\/how-do-you-use-the-conjunction-da-de\/\">da de<\/a> er de grunnleggende byggesteinene i spr\u00e5ket. Russiske substantiv har tre kj\u00f8nn (maskulinum, femininum og intetkj\u00f8nn) og seks kasus (nominativ, genitiv, dativ, akkusativ, instrumental og preposisjon). \u00c5 forst\u00e5 kj\u00f8nns- og kasussystemet er avgj\u00f8rende for riktig bruk av substantiver i setninger.<\/p>\n\n\n\n<h3 class=\"wp-block-heading\" id=\"h-2-pronouns\">2. Pronomen:<\/h3>\n\n\n\n<p>N\u00e5r du har blitt kjent med substantiver, kan du g\u00e5 videre til pronomen, som erstatter substantiver i setninger for \u00e5 unng\u00e5 gjentakelser. Pronomener har ogs\u00e5 kj\u00f8nn og kasus, og det er viktig \u00e5 l\u00e6re seg formene og bruken av dem.<\/p>\n\n\n\n<h3 class=\"wp-block-heading\" id=\"h-3-adjectives\">3. Adjektiver:<\/h3>\n\n\n\n<p>Adjektiver beskriver eller endrer substantiv og pronomen. De er enige med substantivene de endrer i kj\u00f8nn, tall og kasus. L\u00e6r de forskjellige formene og endelsene til adjektiver for \u00e5 bruke dem riktig.<\/p>\n\n\n\n<h3 class=\"wp-block-heading\" id=\"h-4-verbs\">4. Verb:<\/h3>\n\n\n\n<p>Verb er ryggraden i enhver setning, ettersom de uttrykker handlinger, tilstander eller hendelser. P\u00e5 russisk har verb to aspekter (perfektive og imperfektive) og konjugerer etter person, tall og tid. Gj\u00f8r deg kjent med b\u00f8yningsm\u00f8nstrene og aspektene for \u00e5 danne n\u00f8yaktige verbformer.<\/p>\n\n\n\n<h3 class=\"wp-block-heading\" id=\"h-5-tenses-indicative\">5. Indikativ tid:<\/h3>\n\n\n\n<p>Russisk har tre indikative tider: fortid, n\u00e5tid og fremtid. L\u00e6r hvordan du kan danne og bruke disse tidene til \u00e5 uttrykke handlinger og hendelser i forskjellige tidsrammer.<\/p>\n\n\n\n<h3 class=\"wp-block-heading\" id=\"h-6-tenses-subjunctive\">6. Tidsformer konjunktiv:<\/h3>\n\n\n\n<p>Den konjunktive stemningen uttrykker hypotetiske situasjoner, \u00f8nsker eller uvirkelige forhold. L\u00e6r hvordan du danner <a href=\"https:\/\/talkpal.ai\/ja\/grammar_exercises\/konjunktiv-%e3%83%89%e3%82%a4%e3%83%84%e6%96%87%e6%b3%95%e3%81%ae%e6%bc%94%e7%bf%92\/\">konjunktiv<\/a> p\u00e5 russisk og n\u00e5r du skal bruke den i setninger.<\/p>\n\n\n\n<h3 class=\"wp-block-heading\" id=\"h-7-tense-comparison\">7. Anspent sammenligning:<\/h3>\n\n\n\n<p>\u00c5 forst\u00e5 hvordan man sammenligner og kontrasterer handlinger i forskjellige tider er avgj\u00f8rende for klar kommunikasjon. \u00d8v deg p\u00e5 \u00e5 bruke ulike tider sammen for \u00e5 uttrykke komplekse tanker og ideer.<\/p>\n\n\n\n<h3 class=\"wp-block-heading\" id=\"h-8-adverbs\">8. Adverb:<\/h3>\n\n\n\n<p>Adverb endrer verb, adjektiver eller andre adverb, og gir informasjon om hvordan, n\u00e5r, hvor eller i hvilken grad en handling skjer. L\u00e6r vanlige russiske adverb og deres bruk for \u00e5 forbedre setningene dine.<\/p>\n\n\n\n<h3 class=\"wp-block-heading\" id=\"h-9-prepositions\">9. Preposisjoner:<\/h3>\n\n\n\n<p>Preposisjoner knytter substantiv, pronomen eller fraser til andre ord i en setning, og indikerer forhold som plassering, retning, tid eller form\u00e5l. Gj\u00f8r deg kjent med russiske preposisjoner og deres tilsvarende kasus for \u00e5 konstruere grammatisk korrekte setninger.<\/p>\n\n\n\n<h3 class=\"wp-block-heading\" id=\"h-10-sentence-structure\">10. Setningsstruktur:<\/h3>\n\n\n\n<p>Til slutt, l\u00e6r det grunnleggende om russisk setningsstruktur, inkludert ordrekkef\u00f8lge, negasjon og sp\u00f8rsm\u00e5lsforming. \u00c5 forst\u00e5 hvordan du konstruerer setninger riktig vil sikre at muntlig og skriftlig russisk er tydelig og forst\u00e5elig.<\/p>\n\n\n\n<p>Ved \u00e5 f\u00f8lge denne sekvensen og dedikere tid til hvert grammatikkemne, vil du utvikle et sterkt grunnlag i russisk, slik at du kan kommunisere effektivt og sette pris p\u00e5 skj\u00f8nnheten og dybden i spr\u00e5ket.<\/p>\n<\/div><\/div>\n\r\n<section class=\"learnNavigationSection\">\r\n            \r\n        <a href=\"https:\/\/talkpal.ai\/no\/laer-russisk\/\">\r\n            <div class=\"learnNavigationWrapper\">\r\n                <div class=\"learnNavigationContent\">\r\n                    <img decoding=\"async\" src=\"https:\/\/talkpal.ai\/wp-content\/uploads\/2024\/08\/Russian.jpg\" alt=\"Russian Flag\">\r\n                    <div>\r\n                        <h4>Om russiskoppl\u00e6ring<\/h4>\r\n                        <p>Finn ut alt om russisk grammatikk.<\/p>\r\n                    <\/div>\r\n                <\/div>\r\n            <\/div>\r\n        <\/a>\r\n\r\n        \r\n        <a href=\"https:\/\/talkpal.ai\/no\/russisk-grammatikk\/\">\r\n            <div class=\"learnNavigationWrapper\">\r\n                <div class=\"learnNavigationContent\">\r\n                    <img decoding=\"async\" src=\"https:\/\/talkpal.ai\/wp-content\/uploads\/2024\/08\/Russian.jpg\" alt=\"Russian Flag\">\r\n                    <div>\r\n                        <h4>Leksjoner i russisk grammatikk<\/h4>\r\n                        <p>\u00d8v russisk grammatikk.<\/p>\r\n                    <\/div>\r\n                <\/div>\r\n            <\/div>\r\n        <\/a>\r\n\r\n        \r\n        <a href=\"https:\/\/talkpal.ai\/vocabulary_language\/russian\/\">\r\n            <div class=\"learnNavigationWrapper\">\r\n                <div class=\"learnNavigationContent\">\r\n                    <img decoding=\"async\" src=\"https:\/\/talkpal.ai\/wp-content\/uploads\/2024\/08\/Russian.jpg\" alt=\"Russian Flag\">\r\n                    <div>\r\n                        <h4>Russisk ordforr\u00e5d<\/h4>\r\n                        <p>Utvid det russiske ordforr\u00e5det ditt.<\/p>\r\n                    <\/div>\r\n                <\/div>\r\n            <\/div>\r\n        <\/a>\r\n\r\n            <\/section>","protected":false},"excerpt":{"rendered":"<p>Russiske grammatikk-emner \u00c5 l\u00e6re russisk kan v\u00e6re en utrolig givende og intellektuelt stimulerende opplevelse. Det russiske spr\u00e5ket er ikke bare rikt p\u00e5 vokabular og uttrykkskraft, men det gir ogs\u00e5 et vindu inn i den fascinerende kulturen, historien og litteraturen til Russland og det tidligere Sovjetunionen. N\u00e5r du legger ut p\u00e5 reisen for \u00e5 l\u00e6re russisk, [&hellip;]<\/p>\n","protected":false},"author":6,"featured_media":107980,"parent":0,"menu_order":0,"comment_status":"closed","ping_status":"closed","template":"LearningContentPage.php","meta":{"_acf_changed":false,"footnotes":""},"class_list":["post-166618","page","type-page","status-publish","has-post-thumbnail","hentry"],"acf":[],"yoast_head":"<!-- This site is optimized with the Yoast SEO Premium plugin v27.2 (Yoast SEO v27.2) - https:\/\/yoast.com\/product\/yoast-seo-premium-wordpress\/ -->\n<title>Russiske grammatikk\u00f8velser - Talkpal<\/title>\n<meta name=\"description\" content=\"Utforsk viktige russiske grammatikk\u00f8velser for \u00e5 styrke spr\u00e5kferdighetene dine og oppn\u00e5 flytende russisk.\" \/>\n<meta name=\"robots\" content=\"index, follow, max-snippet:-1, max-image-preview:large, max-video-preview:-1\" \/>\n<link rel=\"canonical\" href=\"https:\/\/talkpal.ai\/no\/russiske-grammatikkovelser\/\" \/>\n<meta property=\"og:locale\" content=\"nb_NO\" \/>\n<meta property=\"og:type\" content=\"article\" \/>\n<meta property=\"og:title\" content=\"Russiske grammatikk\u00f8velser\" \/>\n<meta property=\"og:description\" content=\"Russiske grammatikk-emner \u00c5 l\u00e6re russisk kan v\u00e6re en utrolig givende og intellektuelt stimulerende opplevelse. Det russiske spr\u00e5ket er ikke bare rikt p\u00e5\" \/>\n<meta property=\"og:url\" content=\"https:\/\/talkpal.ai\/no\/russiske-grammatikkovelser\/\" \/>\n<meta property=\"og:site_name\" content=\"Talkpal\" \/>\n<meta property=\"article:publisher\" content=\"https:\/\/www.facebook.com\/profile.php?id=100090733639311\" \/>\n<meta property=\"article:modified_time\" content=\"2025-12-17T16:23:42+00:00\" \/>\n<meta property=\"og:image\" content=\"https:\/\/talkpal.ai\/wp-content\/uploads\/2023\/04\/rusia.png\" \/>\n\t<meta property=\"og:image:width\" content=\"512\" \/>\n\t<meta property=\"og:image:height\" content=\"512\" \/>\n\t<meta property=\"og:image:type\" content=\"image\/png\" \/>\n<meta name=\"twitter:card\" content=\"summary_large_image\" \/>\n<meta name=\"twitter:site\" content=\"@talkpalai\" \/>\n<meta name=\"twitter:label1\" content=\"Ansl. lesetid\" \/>\n\t<meta name=\"twitter:data1\" content=\"3 minutter\" \/>\n<script type=\"application\/ld+json\" class=\"yoast-schema-graph\">{\"@context\":\"https:\/\/schema.org\",\"@graph\":[{\"@type\":\"WebPage\",\"@id\":\"https:\/\/talkpal.ai\/no\/russiske-grammatikkovelser\/\",\"url\":\"https:\/\/talkpal.ai\/no\/russiske-grammatikkovelser\/\",\"name\":\"Russiske grammatikk\u00f8velser - Talkpal\",\"isPartOf\":{\"@id\":\"https:\/\/talkpal.ai\/no\/#website\"},\"primaryImageOfPage\":{\"@id\":\"https:\/\/talkpal.ai\/no\/russiske-grammatikkovelser\/#primaryimage\"},\"image\":{\"@id\":\"https:\/\/talkpal.ai\/no\/russiske-grammatikkovelser\/#primaryimage\"},\"thumbnailUrl\":\"https:\/\/talkpal.ai\/wp-content\/uploads\/2023\/04\/rusia.png\",\"datePublished\":\"2023-06-16T10:58:35+00:00\",\"dateModified\":\"2025-12-17T16:23:42+00:00\",\"description\":\"Utforsk viktige russiske grammatikk\u00f8velser for \u00e5 styrke spr\u00e5kferdighetene dine og oppn\u00e5 flytende russisk.\",\"breadcrumb\":{\"@id\":\"https:\/\/talkpal.ai\/no\/russiske-grammatikkovelser\/#breadcrumb\"},\"inLanguage\":\"nb-NO\",\"potentialAction\":[{\"@type\":\"ReadAction\",\"target\":[\"https:\/\/talkpal.ai\/no\/russiske-grammatikkovelser\/\"]}]},{\"@type\":\"ImageObject\",\"inLanguage\":\"nb-NO\",\"@id\":\"https:\/\/talkpal.ai\/no\/russiske-grammatikkovelser\/#primaryimage\",\"url\":\"https:\/\/talkpal.ai\/wp-content\/uploads\/2023\/04\/rusia.png\",\"contentUrl\":\"https:\/\/talkpal.ai\/wp-content\/uploads\/2023\/04\/rusia.png\",\"width\":512,\"height\":512},{\"@type\":\"BreadcrumbList\",\"@id\":\"https:\/\/talkpal.ai\/no\/russiske-grammatikkovelser\/#breadcrumb\",\"itemListElement\":[{\"@type\":\"ListItem\",\"position\":1,\"name\":\"Homepage\",\"item\":\"https:\/\/talkpal.ai\/no\/\"},{\"@type\":\"ListItem\",\"position\":2,\"name\":\"Russiske grammatikk\u00f8velser\"}]},{\"@type\":\"WebSite\",\"@id\":\"https:\/\/talkpal.ai\/no\/#website\",\"url\":\"https:\/\/talkpal.ai\/no\/\",\"name\":\"Talkpal\",\"description\":\"AI Language Learning\",\"publisher\":{\"@id\":\"https:\/\/talkpal.ai\/no\/#organization\"},\"alternateName\":\"Talkpal AI\",\"potentialAction\":[{\"@type\":\"SearchAction\",\"target\":{\"@type\":\"EntryPoint\",\"urlTemplate\":\"https:\/\/talkpal.ai\/no\/?s={search_term_string}\"},\"query-input\":{\"@type\":\"PropertyValueSpecification\",\"valueRequired\":true,\"valueName\":\"search_term_string\"}}],\"inLanguage\":\"nb-NO\"},{\"@type\":\"Organization\",\"@id\":\"https:\/\/talkpal.ai\/no\/#organization\",\"name\":\"Talkpal, Inc.\",\"alternateName\":\"Talkpal AI\",\"url\":\"https:\/\/talkpal.ai\/no\/\",\"logo\":{\"@type\":\"ImageObject\",\"inLanguage\":\"nb-NO\",\"@id\":\"https:\/\/talkpal.ai\/no\/#\/schema\/logo\/image\/\",\"url\":\"https:\/\/talkpal.ai\/wp-content\/uploads\/2024\/03\/Talkpal-Logo-Icon.png\",\"contentUrl\":\"https:\/\/talkpal.ai\/wp-content\/uploads\/2024\/03\/Talkpal-Logo-Icon.png\",\"width\":2880,\"height\":2880,\"caption\":\"Talkpal, Inc.\"},\"image\":{\"@id\":\"https:\/\/talkpal.ai\/no\/#\/schema\/logo\/image\/\"},\"sameAs\":[\"https:\/\/www.facebook.com\/profile.php?id=100090733639311\",\"https:\/\/x.com\/talkpalai\",\"https:\/\/www.linkedin.com\/company\/talkpal\/\",\"https:\/\/www.youtube.com\/@TalkPal\/\",\"https:\/\/www.tiktok.com\/@talkpal\",\"https:\/\/www.instagram.com\/talkpal_ai\/\",\"https:\/\/www.crunchbase.com\/organization\/talkpal-9cde\",\"https:\/\/www.g2.com\/products\/talkpal-for-business\/\",\"https:\/\/www.trustpilot.com\/review\/talkpal.ai\",\"https:\/\/www.capterra.com\/p\/10006800\/TalkPal\/\"],\"description\":\"Talkpal is a language learning web and mobile education app, powered by the latest AI technologies, that provides engaging experiences to its customers in many different languages to help them improve their language skills. Users can chat about unlimited amount of topics with the app and use other modes to practice their language learning.\",\"email\":\"support@talkpal.ai\",\"legalName\":\"Talkpal, Inc.\",\"foundingDate\":\"2023-04-03\",\"duns\":\"118989042\",\"numberOfEmployees\":{\"@type\":\"QuantitativeValue\",\"minValue\":\"11\",\"maxValue\":\"50\"},\"publishingPrinciples\":\"https:\/\/talkpal.ai\/publishing-principles\/\",\"actionableFeedbackPolicy\":\"https:\/\/talkpal.ai\/actionable-feedback-policy\/\",\"correctionsPolicy\":\"https:\/\/talkpal.ai\/corrections-policy\/\",\"ethicsPolicy\":\"https:\/\/talkpal.ai\/ethics-policy\/\",\"diversityPolicy\":\"https:\/\/talkpal.ai\/diversity-policy\/\",\"diversityStaffingReport\":\"https:\/\/talkpal.ai\/diversity-policy\/\"}]}<\/script>\n<!-- \/ Yoast SEO Premium plugin. -->","yoast_head_json":{"title":"Russiske grammatikk\u00f8velser - Talkpal","description":"Utforsk viktige russiske grammatikk\u00f8velser for \u00e5 styrke spr\u00e5kferdighetene dine og oppn\u00e5 flytende russisk.","robots":{"index":"index","follow":"follow","max-snippet":"max-snippet:-1","max-image-preview":"max-image-preview:large","max-video-preview":"max-video-preview:-1"},"canonical":"https:\/\/talkpal.ai\/no\/russiske-grammatikkovelser\/","og_locale":"nb_NO","og_type":"article","og_title":"Russiske grammatikk\u00f8velser","og_description":"Russiske grammatikk-emner \u00c5 l\u00e6re russisk kan v\u00e6re en utrolig givende og intellektuelt stimulerende opplevelse. Det russiske spr\u00e5ket er ikke bare rikt p\u00e5","og_url":"https:\/\/talkpal.ai\/no\/russiske-grammatikkovelser\/","og_site_name":"Talkpal","article_publisher":"https:\/\/www.facebook.com\/profile.php?id=100090733639311","article_modified_time":"2025-12-17T16:23:42+00:00","og_image":[{"width":512,"height":512,"url":"https:\/\/talkpal.ai\/wp-content\/uploads\/2023\/04\/rusia.png","type":"image\/png"}],"twitter_card":"summary_large_image","twitter_site":"@talkpalai","twitter_misc":{"Ansl. lesetid":"3 minutter"},"schema":{"@context":"https:\/\/schema.org","@graph":[{"@type":"WebPage","@id":"https:\/\/talkpal.ai\/no\/russiske-grammatikkovelser\/","url":"https:\/\/talkpal.ai\/no\/russiske-grammatikkovelser\/","name":"Russiske grammatikk\u00f8velser - Talkpal","isPartOf":{"@id":"https:\/\/talkpal.ai\/no\/#website"},"primaryImageOfPage":{"@id":"https:\/\/talkpal.ai\/no\/russiske-grammatikkovelser\/#primaryimage"},"image":{"@id":"https:\/\/talkpal.ai\/no\/russiske-grammatikkovelser\/#primaryimage"},"thumbnailUrl":"https:\/\/talkpal.ai\/wp-content\/uploads\/2023\/04\/rusia.png","datePublished":"2023-06-16T10:58:35+00:00","dateModified":"2025-12-17T16:23:42+00:00","description":"Utforsk viktige russiske grammatikk\u00f8velser for \u00e5 styrke spr\u00e5kferdighetene dine og oppn\u00e5 flytende russisk.","breadcrumb":{"@id":"https:\/\/talkpal.ai\/no\/russiske-grammatikkovelser\/#breadcrumb"},"inLanguage":"nb-NO","potentialAction":[{"@type":"ReadAction","target":["https:\/\/talkpal.ai\/no\/russiske-grammatikkovelser\/"]}]},{"@type":"ImageObject","inLanguage":"nb-NO","@id":"https:\/\/talkpal.ai\/no\/russiske-grammatikkovelser\/#primaryimage","url":"https:\/\/talkpal.ai\/wp-content\/uploads\/2023\/04\/rusia.png","contentUrl":"https:\/\/talkpal.ai\/wp-content\/uploads\/2023\/04\/rusia.png","width":512,"height":512},{"@type":"BreadcrumbList","@id":"https:\/\/talkpal.ai\/no\/russiske-grammatikkovelser\/#breadcrumb","itemListElement":[{"@type":"ListItem","position":1,"name":"Homepage","item":"https:\/\/talkpal.ai\/no\/"},{"@type":"ListItem","position":2,"name":"Russiske grammatikk\u00f8velser"}]},{"@type":"WebSite","@id":"https:\/\/talkpal.ai\/no\/#website","url":"https:\/\/talkpal.ai\/no\/","name":"Talkpal","description":"AI Language Learning","publisher":{"@id":"https:\/\/talkpal.ai\/no\/#organization"},"alternateName":"Talkpal AI","potentialAction":[{"@type":"SearchAction","target":{"@type":"EntryPoint","urlTemplate":"https:\/\/talkpal.ai\/no\/?s={search_term_string}"},"query-input":{"@type":"PropertyValueSpecification","valueRequired":true,"valueName":"search_term_string"}}],"inLanguage":"nb-NO"},{"@type":"Organization","@id":"https:\/\/talkpal.ai\/no\/#organization","name":"Talkpal, Inc.","alternateName":"Talkpal AI","url":"https:\/\/talkpal.ai\/no\/","logo":{"@type":"ImageObject","inLanguage":"nb-NO","@id":"https:\/\/talkpal.ai\/no\/#\/schema\/logo\/image\/","url":"https:\/\/talkpal.ai\/wp-content\/uploads\/2024\/03\/Talkpal-Logo-Icon.png","contentUrl":"https:\/\/talkpal.ai\/wp-content\/uploads\/2024\/03\/Talkpal-Logo-Icon.png","width":2880,"height":2880,"caption":"Talkpal, Inc."},"image":{"@id":"https:\/\/talkpal.ai\/no\/#\/schema\/logo\/image\/"},"sameAs":["https:\/\/www.facebook.com\/profile.php?id=100090733639311","https:\/\/x.com\/talkpalai","https:\/\/www.linkedin.com\/company\/talkpal\/","https:\/\/www.youtube.com\/@TalkPal\/","https:\/\/www.tiktok.com\/@talkpal","https:\/\/www.instagram.com\/talkpal_ai\/","https:\/\/www.crunchbase.com\/organization\/talkpal-9cde","https:\/\/www.g2.com\/products\/talkpal-for-business\/","https:\/\/www.trustpilot.com\/review\/talkpal.ai","https:\/\/www.capterra.com\/p\/10006800\/TalkPal\/"],"description":"Talkpal is a language learning web and mobile education app, powered by the latest AI technologies, that provides engaging experiences to its customers in many different languages to help them improve their language skills. Users can chat about unlimited amount of topics with the app and use other modes to practice their language learning.","email":"support@talkpal.ai","legalName":"Talkpal, Inc.","foundingDate":"2023-04-03","duns":"118989042","numberOfEmployees":{"@type":"QuantitativeValue","minValue":"11","maxValue":"50"},"publishingPrinciples":"https:\/\/talkpal.ai\/publishing-principles\/","actionableFeedbackPolicy":"https:\/\/talkpal.ai\/actionable-feedback-policy\/","correctionsPolicy":"https:\/\/talkpal.ai\/corrections-policy\/","ethicsPolicy":"https:\/\/talkpal.ai\/ethics-policy\/","diversityPolicy":"https:\/\/talkpal.ai\/diversity-policy\/","diversityStaffingReport":"https:\/\/talkpal.ai\/diversity-policy\/"}]}},"_links":{"self":[{"href":"https:\/\/talkpal.ai\/no\/wp-json\/wp\/v2\/pages\/166618","targetHints":{"allow":["GET"]}}],"collection":[{"href":"https:\/\/talkpal.ai\/no\/wp-json\/wp\/v2\/pages"}],"about":[{"href":"https:\/\/talkpal.ai\/no\/wp-json\/wp\/v2\/types\/page"}],"author":[{"embeddable":true,"href":"https:\/\/talkpal.ai\/no\/wp-json\/wp\/v2\/users\/6"}],"replies":[{"embeddable":true,"href":"https:\/\/talkpal.ai\/no\/wp-json\/wp\/v2\/comments?post=166618"}],"version-history":[{"count":0,"href":"https:\/\/talkpal.ai\/no\/wp-json\/wp\/v2\/pages\/166618\/revisions"}],"wp:featuredmedia":[{"embeddable":true,"href":"https:\/\/talkpal.ai\/no\/wp-json\/wp\/v2\/media\/107980"}],"wp:attachment":[{"href":"https:\/\/talkpal.ai\/no\/wp-json\/wp\/v2\/media?parent=166618"}],"curies":[{"name":"wp","href":"https:\/\/api.w.org\/{rel}","templated":true}]}}