{"id":164048,"date":"2023-06-16T13:02:09","date_gmt":"2023-06-16T13:02:09","guid":{"rendered":"http:\/\/talkpal.ai\/kroatiske-grammatikkovelser\/"},"modified":"2025-12-17T16:25:58","modified_gmt":"2025-12-17T16:25:58","slug":"kroatiske-grammatikkovelser","status":"publish","type":"page","link":"https:\/\/talkpal.ai\/no\/kroatiske-grammatikkovelser\/","title":{"rendered":"Kroatiske grammatikk\u00f8velser"},"content":{"rendered":"\r\n\r\n\r\n<section class=\"languageChallengeSection\">\r\n    <div class=\"languageInfoWrapper\">\r\n        \r\n        <h1>Kroatiske grammatikk\u00f8velser<\/h1>\r\n        <p>Vil du bli tryggere p\u00e5 <a href=\"https:\/\/talkpal.ai\/learn-croatian\/\">kroatisk<\/a>? Ved \u00e5 \u00f8ve deg p\u00e5 grammatikk\u00f8velser vil du f\u00e5 hjelp til \u00e5 <a href=\"https:\/\/talkpal.ai\/locations\/language-courses-in-mestre\/\">mestre<\/a> setningsoppbygging, verbformer og de unike trekkene ved det kroatiske spr\u00e5ket. Begynn \u00e5 utforske <a href=\"https:\/\/talkpal.ai\/no\/laer-deg-kroatisk\/\">kroatisk grammatikk<\/a> i dag, og se ferdighetene dine bli bedre for hver nye \u00f8velse!\n\n<\/p>\r\n\r\n                            <a class=\"getStartedHidden\" href=\"https:\/\/app.talkpal.ai\/no\/signup?lng=\">Kom i gang<\/a>\r\n        \r\n    <\/div>\r\n\r\n    <figure>\r\n    <img decoding=\"async\" width=\"768\" height=\"768\" src=\"https:\/\/talkpal.ai\/wp-content\/uploads\/2023\/06\/croatian-768x768.png\" class=\"languageImage no-lazy\" alt=\"Language learning for successful interaction\" fetchpriority=\"high\" sizes=\"(max-width: 768px) 150px, 768px\" srcset=\"https:\/\/talkpal.ai\/wp-content\/uploads\/2023\/06\/croatian-768x768.png 768w, https:\/\/talkpal.ai\/wp-content\/uploads\/2023\/06\/croatian-300x300.png 300w\" \/>\r\n    \r\n\r\n    <\/figure>\r\n\r\n            <a class=\"getStartedVisible\" href=\"https:\/\/app.talkpal.ai\/no\/signup?lng=\">Kom i gang<\/a>\r\n    \r\n<\/section>\r\n\r\n\r\n<!-- <section class=\"grammarSection\">\r\n    <div class=\"grammarLinks\">\r\n            <\/div>\r\n<\/section> -->\r\n\r\n\r\n\r\n\r\n<section class=\"promotionalBanner\">\r\n    <p class=\"promotionalText\">Den mest effektive m\u00e5ten \u00e5 l\u00e6re et spr\u00e5k p\u00e5<\/p>\r\n    <a class=\"promotionalLink\" href=\"https:\/\/app.talkpal.ai\/no\/signup?lng=\">Pr\u00f8v Talkpal gratis<\/a>\r\n<\/section>\n<div class=\"wp-block-group pageContainerStyle\"><div class=\"wp-block-group__inner-container is-layout-constrained wp-block-group-is-layout-constrained\">\n<h2 class=\"wp-block-heading\" id=\"h-croatian-grammar-topics\">Kroatiske grammatikkemner<\/h2>\n\n\n\n<p>Kroatisk, et s\u00f8rslavisk spr\u00e5k, er det offisielle spr\u00e5ket i <a href=\"https:\/\/talkpal.ai\/learn-croatian\/\">Kroatia<\/a> og et av de offisielle spr\u00e5kene i Bosnia-Hercegovina. Det er et komplekst og rikt spr\u00e5k, med en lang historie og et unikt grammatikksystem. For elever er det viktig \u00e5 forst\u00e5 de grunnleggende aspektene ved kroatisk grammatikk for \u00e5 bli dyktig i spr\u00e5ket. Denne veiledningen vil hjelpe deg \u00e5 navigere gjennom de viktigste grammatikkemnene som tider, verb, substantiv og mer, i en rekkef\u00f8lge som vil lette l\u00e6ringsprosessen din og gi et sterkt grunnlag for \u00e5 mestre dette vakre spr\u00e5ket.<\/p>\n\n\n\n<h3 class=\"wp-block-heading\" id=\"h-1-nouns\">1. Substantiv:<\/h3>\n\n\n\n<p>Substantiv er den f\u00f8rste byggesteinen i ethvert spr\u00e5k, og kroatiske substantiv har tre kj\u00f8nn &#8211; maskulinum, femininum og n\u00f8ytrum, noe som p\u00e5virker b\u00f8yning og samsvar med adjektiv og pronomen. Gj\u00f8r deg kjent med de forskjellige kj\u00f8nnene og deres respektive avslutninger.<\/p>\n\n\n\n<h3 class=\"wp-block-heading\" id=\"h-2-articles\">2. Artikler:<\/h3>\n\n\n\n<p>Kroatisk har ikke artikler som &laquo;the&raquo; eller &laquo;a&raquo; p\u00e5 <a href=\"https:\/\/talkpal.ai\/learn-english-with-ai\/\">engelsk<\/a>, noe som gj\u00f8r det lettere for nybegynnere \u00e5 begynne \u00e5 konstruere enkle setninger uten \u00e5 bekymre seg for artikkelbruk.<\/p>\n\n\n\n<h3 class=\"wp-block-heading\" id=\"h-3-pronouns-determiners\">3. Pronomen\/bestemmere:<\/h3>\n\n\n\n<p>Pronomen brukes til \u00e5 erstatte substantiver i setninger, mens bestemmere indikerer spesifisiteten til et substantiv. L\u00e6r de forskjellige typene pronomen (personlig, besittende, demonstrativ osv.) og deres deklinasjon i henhold til kj\u00f8nn, tall og kasus.<\/p>\n\n\n\n<h3 class=\"wp-block-heading\" id=\"h-4-adjectives\">4. Adjektiver:<\/h3>\n\n\n\n<p>Adjektiver beskriver egenskapene til substantiver, og de stemmer overens med kj\u00f8nn, tall og kasus til substantivet de endrer. L\u00e6r de grunnleggende formene og deklinasjonsm\u00f8nstrene til adjektiver.<\/p>\n\n\n\n<h3 class=\"wp-block-heading\" id=\"h-5-verbs\">5. Verb:<\/h3>\n\n\n\n<p>Verb er kjernen i enhver setning, som uttrykker handlinger eller tilstander. Kroatiske verb er b\u00f8yet etter anspenthet, hum\u00f8r, stemme og person. Start med de vanligste vanlige verbene og deres b\u00f8yningsm\u00f8nstre i n\u00e5tid.<\/p>\n\n\n\n<h3 class=\"wp-block-heading\" id=\"h-6-tenses\">6. Tider:<\/h3>\n\n\n\n<p>Kroatisk har sju tider &#8211; presens, futurum I, futurum II, preteritum, pluperfektum, aorist og imperfektum. Begynn med n\u00e5tid og g\u00e5 deretter videre til fortid og fremtidig tid, og l\u00e6r b\u00f8yningsm\u00f8nstrene for hver.<\/p>\n\n\n\n<h3 class=\"wp-block-heading\" id=\"h-7-tense-comparison\">7. Anspent sammenligning:<\/h3>\n\n\n\n<p>\u00c5 forst\u00e5 forskjellene og likhetene mellom tidene er avgj\u00f8rende for \u00e5 mestre kroatisk. Sammenlign tidene og \u00f8v p\u00e5 \u00e5 bruke dem i sammenheng.<\/p>\n\n\n\n<h3 class=\"wp-block-heading\" id=\"h-8-progressive\">8. Progressiv:<\/h3>\n\n\n\n<p>Det progressive aspektet uttrykker handlinger som er p\u00e5g\u00e5ende eller kontinuerlige. Kroatisk har ikke en egen progressiv form som engelsk, men du kan formidle den progressive betydningen ved \u00e5 bruke spesifikke verbformer, adverb eller konstruksjoner.<\/p>\n\n\n\n<h3 class=\"wp-block-heading\" id=\"h-9-perfect-progressive\">9. Perfekt progressiv:<\/h3>\n\n\n\n<p>Dette aspektet kombinerer de perfekte og progressive betydningene. P\u00e5 kroatisk uttrykkes det ved \u00e5 bruke perfektum med en spesifikk verbform eller konstruksjon som indikerer kontinuerlig handling.<\/p>\n\n\n\n<h3 class=\"wp-block-heading\" id=\"h-10-adverbs\">10. Adverb:<\/h3>\n\n\n\n<p>Adverb endrer verb, adjektiver eller andre adverb, og de indikerer vanligvis m\u00e5te, sted, tid eller grad. L\u00e6r de vanligste kroatiske adverbene og deres plassering i setninger.<\/p>\n\n\n\n<h3 class=\"wp-block-heading\" id=\"h-11-prepositions\">11. Preposisjoner:<\/h3>\n\n\n\n<p>Preposisjoner brukes til \u00e5 indikere forhold mellom ord, for eksempel plassering, retning, tid eller besittelse. L\u00e6r de vanligste kroatiske preposisjonene og tilfellene de styrer.<\/p>\n\n\n\n<h3 class=\"wp-block-heading\" id=\"h-12-conditionals\">12. Betingelser:<\/h3>\n\n\n\n<p>Betingelser uttrykker hypotetiske situasjoner eller forhold og deres konsekvenser. Kroatisk har tre typer kondisjonaler &#8211; reelle, uvirkelige og blandede. L\u00e6r utformingen og bruken av hver type.<\/p>\n\n\n\n<h3 class=\"wp-block-heading\" id=\"h-13-sentences\">13. Setninger:<\/h3>\n\n\n\n<p>Til slutt kan du \u00f8ve deg p\u00e5 \u00e5 kombinere alle de grammatiske elementene du har l\u00e6rt for \u00e5 konstruere enkle og komplekse setninger p\u00e5 kroatisk. Dette vil hjelpe deg med \u00e5 utvikle din spr\u00e5kflytende og forst\u00e5else av kroatisk grammatikk som helhet.<\/p>\n<\/div><\/div>\n\r\n<section class=\"learnNavigationSection\">\r\n            \r\n        <a href=\"https:\/\/talkpal.ai\/no\/laer-deg-kroatisk\/\">\r\n            <div class=\"learnNavigationWrapper\">\r\n                <div class=\"learnNavigationContent\">\r\n                    <img decoding=\"async\" src=\"https:\/\/talkpal.ai\/wp-content\/uploads\/2024\/08\/Croatian.jpg\" alt=\"Croatian Flag\">\r\n                    <div>\r\n                        <h4>Om \u00e5 l\u00e6re kroatisk<\/h4>\r\n                        <p>Finn ut alt om kroatisk grammatikk.<\/p>\r\n                    <\/div>\r\n                <\/div>\r\n            <\/div>\r\n        <\/a>\r\n\r\n        \r\n        <a href=\"https:\/\/talkpal.ai\/no\/kroatisk-grammatikk\/\">\r\n            <div class=\"learnNavigationWrapper\">\r\n                <div class=\"learnNavigationContent\">\r\n                    <img decoding=\"async\" src=\"https:\/\/talkpal.ai\/wp-content\/uploads\/2024\/08\/Croatian.jpg\" alt=\"Croatian Flag\">\r\n                    <div>\r\n                        <h4>Leksjoner i kroatisk grammatikk<\/h4>\r\n                        <p>\u00d8v p\u00e5 kroatisk grammatikk.<\/p>\r\n                    <\/div>\r\n                <\/div>\r\n            <\/div>\r\n        <\/a>\r\n\r\n        \r\n        <a href=\"https:\/\/talkpal.ai\/vocabulary_language\/croatian\/\">\r\n            <div class=\"learnNavigationWrapper\">\r\n                <div class=\"learnNavigationContent\">\r\n                    <img decoding=\"async\" src=\"https:\/\/talkpal.ai\/wp-content\/uploads\/2024\/08\/Croatian.jpg\" alt=\"Croatian Flag\">\r\n                    <div>\r\n                        <h4>Kroatisk ordforr\u00e5d<\/h4>\r\n                        <p>Utvid ordforr\u00e5det ditt p\u00e5 kroatisk.<\/p>\r\n                    <\/div>\r\n                <\/div>\r\n            <\/div>\r\n        <\/a>\r\n\r\n            <\/section>","protected":false},"excerpt":{"rendered":"<p>Kroatiske grammatikkemner Kroatisk, et s\u00f8rslavisk spr\u00e5k, er det offisielle spr\u00e5ket i Kroatia og et av de offisielle spr\u00e5kene i Bosnia-Hercegovina. Det er et komplekst og rikt spr\u00e5k, med en lang historie og et unikt grammatikksystem. For elever er det viktig \u00e5 forst\u00e5 de grunnleggende aspektene ved kroatisk grammatikk for \u00e5 bli dyktig i spr\u00e5ket. Denne [&hellip;]<\/p>\n","protected":false},"author":6,"featured_media":110016,"parent":0,"menu_order":0,"comment_status":"closed","ping_status":"closed","template":"LearningContentPage.php","meta":{"_acf_changed":false,"footnotes":""},"class_list":["post-164048","page","type-page","status-publish","has-post-thumbnail","hentry"],"acf":[],"yoast_head":"<!-- This site is optimized with the Yoast SEO Premium plugin v27.2 (Yoast SEO v27.2) - https:\/\/yoast.com\/product\/yoast-seo-premium-wordpress\/ -->\n<title>Kroatiske grammatikk\u00f8velser - Talkpal<\/title>\n<meta name=\"description\" content=\"Mestre kroatisk med effektive kroatiske grammatikk\u00f8velser som gj\u00f8r det enklere for brukerne \u00e5 l\u00e6re seg tider, verb og substantiv.\" \/>\n<meta name=\"robots\" content=\"index, follow, max-snippet:-1, max-image-preview:large, max-video-preview:-1\" \/>\n<link rel=\"canonical\" href=\"https:\/\/talkpal.ai\/no\/kroatiske-grammatikkovelser\/\" \/>\n<meta property=\"og:locale\" content=\"nb_NO\" \/>\n<meta property=\"og:type\" content=\"article\" \/>\n<meta property=\"og:title\" content=\"Kroatiske grammatikk\u00f8velser\" \/>\n<meta property=\"og:description\" content=\"Kroatiske grammatikkemner Kroatisk, et s\u00f8rslavisk spr\u00e5k, er det offisielle spr\u00e5ket i Kroatia og et av de offisielle spr\u00e5kene i Bosnia-Hercegovina. Det er\" \/>\n<meta property=\"og:url\" content=\"https:\/\/talkpal.ai\/no\/kroatiske-grammatikkovelser\/\" \/>\n<meta property=\"og:site_name\" content=\"Talkpal\" \/>\n<meta property=\"article:publisher\" content=\"https:\/\/www.facebook.com\/profile.php?id=100090733639311\" \/>\n<meta property=\"article:modified_time\" content=\"2025-12-17T16:25:58+00:00\" \/>\n<meta property=\"og:image\" content=\"https:\/\/talkpal.ai\/wp-content\/uploads\/2023\/05\/croatia.png\" \/>\n\t<meta property=\"og:image:width\" content=\"512\" \/>\n\t<meta property=\"og:image:height\" content=\"512\" \/>\n\t<meta property=\"og:image:type\" content=\"image\/png\" \/>\n<meta name=\"twitter:card\" content=\"summary_large_image\" \/>\n<meta name=\"twitter:site\" content=\"@talkpalai\" \/>\n<meta name=\"twitter:label1\" content=\"Ansl. lesetid\" \/>\n\t<meta name=\"twitter:data1\" content=\"3 minutter\" \/>\n<script type=\"application\/ld+json\" class=\"yoast-schema-graph\">{\"@context\":\"https:\/\/schema.org\",\"@graph\":[{\"@type\":\"WebPage\",\"@id\":\"https:\/\/talkpal.ai\/no\/kroatiske-grammatikkovelser\/\",\"url\":\"https:\/\/talkpal.ai\/no\/kroatiske-grammatikkovelser\/\",\"name\":\"Kroatiske grammatikk\u00f8velser - Talkpal\",\"isPartOf\":{\"@id\":\"https:\/\/talkpal.ai\/no\/#website\"},\"primaryImageOfPage\":{\"@id\":\"https:\/\/talkpal.ai\/no\/kroatiske-grammatikkovelser\/#primaryimage\"},\"image\":{\"@id\":\"https:\/\/talkpal.ai\/no\/kroatiske-grammatikkovelser\/#primaryimage\"},\"thumbnailUrl\":\"https:\/\/talkpal.ai\/wp-content\/uploads\/2023\/05\/croatia.png\",\"datePublished\":\"2023-06-16T13:02:09+00:00\",\"dateModified\":\"2025-12-17T16:25:58+00:00\",\"description\":\"Mestre kroatisk med effektive kroatiske grammatikk\u00f8velser som gj\u00f8r det enklere for brukerne \u00e5 l\u00e6re seg tider, verb og substantiv.\",\"breadcrumb\":{\"@id\":\"https:\/\/talkpal.ai\/no\/kroatiske-grammatikkovelser\/#breadcrumb\"},\"inLanguage\":\"nb-NO\",\"potentialAction\":[{\"@type\":\"ReadAction\",\"target\":[\"https:\/\/talkpal.ai\/no\/kroatiske-grammatikkovelser\/\"]}]},{\"@type\":\"ImageObject\",\"inLanguage\":\"nb-NO\",\"@id\":\"https:\/\/talkpal.ai\/no\/kroatiske-grammatikkovelser\/#primaryimage\",\"url\":\"https:\/\/talkpal.ai\/wp-content\/uploads\/2023\/05\/croatia.png\",\"contentUrl\":\"https:\/\/talkpal.ai\/wp-content\/uploads\/2023\/05\/croatia.png\",\"width\":512,\"height\":512},{\"@type\":\"BreadcrumbList\",\"@id\":\"https:\/\/talkpal.ai\/no\/kroatiske-grammatikkovelser\/#breadcrumb\",\"itemListElement\":[{\"@type\":\"ListItem\",\"position\":1,\"name\":\"Homepage\",\"item\":\"https:\/\/talkpal.ai\/no\/\"},{\"@type\":\"ListItem\",\"position\":2,\"name\":\"Kroatiske grammatikk\u00f8velser\"}]},{\"@type\":\"WebSite\",\"@id\":\"https:\/\/talkpal.ai\/no\/#website\",\"url\":\"https:\/\/talkpal.ai\/no\/\",\"name\":\"Talkpal\",\"description\":\"AI Language Learning\",\"publisher\":{\"@id\":\"https:\/\/talkpal.ai\/no\/#organization\"},\"alternateName\":\"Talkpal AI\",\"potentialAction\":[{\"@type\":\"SearchAction\",\"target\":{\"@type\":\"EntryPoint\",\"urlTemplate\":\"https:\/\/talkpal.ai\/no\/?s={search_term_string}\"},\"query-input\":{\"@type\":\"PropertyValueSpecification\",\"valueRequired\":true,\"valueName\":\"search_term_string\"}}],\"inLanguage\":\"nb-NO\"},{\"@type\":\"Organization\",\"@id\":\"https:\/\/talkpal.ai\/no\/#organization\",\"name\":\"Talkpal, Inc.\",\"alternateName\":\"Talkpal AI\",\"url\":\"https:\/\/talkpal.ai\/no\/\",\"logo\":{\"@type\":\"ImageObject\",\"inLanguage\":\"nb-NO\",\"@id\":\"https:\/\/talkpal.ai\/no\/#\/schema\/logo\/image\/\",\"url\":\"https:\/\/talkpal.ai\/wp-content\/uploads\/2024\/03\/Talkpal-Logo-Icon.png\",\"contentUrl\":\"https:\/\/talkpal.ai\/wp-content\/uploads\/2024\/03\/Talkpal-Logo-Icon.png\",\"width\":2880,\"height\":2880,\"caption\":\"Talkpal, Inc.\"},\"image\":{\"@id\":\"https:\/\/talkpal.ai\/no\/#\/schema\/logo\/image\/\"},\"sameAs\":[\"https:\/\/www.facebook.com\/profile.php?id=100090733639311\",\"https:\/\/x.com\/talkpalai\",\"https:\/\/www.linkedin.com\/company\/talkpal\/\",\"https:\/\/www.youtube.com\/@TalkPal\/\",\"https:\/\/www.tiktok.com\/@talkpal\",\"https:\/\/www.instagram.com\/talkpal_ai\/\",\"https:\/\/www.crunchbase.com\/organization\/talkpal-9cde\",\"https:\/\/www.g2.com\/products\/talkpal-for-business\/\",\"https:\/\/www.trustpilot.com\/review\/talkpal.ai\",\"https:\/\/www.capterra.com\/p\/10006800\/TalkPal\/\"],\"description\":\"Talkpal is a language learning web and mobile education app, powered by the latest AI technologies, that provides engaging experiences to its customers in many different languages to help them improve their language skills. Users can chat about unlimited amount of topics with the app and use other modes to practice their language learning.\",\"email\":\"support@talkpal.ai\",\"legalName\":\"Talkpal, Inc.\",\"foundingDate\":\"2023-04-03\",\"duns\":\"118989042\",\"numberOfEmployees\":{\"@type\":\"QuantitativeValue\",\"minValue\":\"11\",\"maxValue\":\"50\"},\"publishingPrinciples\":\"https:\/\/talkpal.ai\/publishing-principles\/\",\"actionableFeedbackPolicy\":\"https:\/\/talkpal.ai\/actionable-feedback-policy\/\",\"correctionsPolicy\":\"https:\/\/talkpal.ai\/corrections-policy\/\",\"ethicsPolicy\":\"https:\/\/talkpal.ai\/ethics-policy\/\",\"diversityPolicy\":\"https:\/\/talkpal.ai\/diversity-policy\/\",\"diversityStaffingReport\":\"https:\/\/talkpal.ai\/diversity-policy\/\"}]}<\/script>\n<!-- \/ Yoast SEO Premium plugin. -->","yoast_head_json":{"title":"Kroatiske grammatikk\u00f8velser - Talkpal","description":"Mestre kroatisk med effektive kroatiske grammatikk\u00f8velser som gj\u00f8r det enklere for brukerne \u00e5 l\u00e6re seg tider, verb og substantiv.","robots":{"index":"index","follow":"follow","max-snippet":"max-snippet:-1","max-image-preview":"max-image-preview:large","max-video-preview":"max-video-preview:-1"},"canonical":"https:\/\/talkpal.ai\/no\/kroatiske-grammatikkovelser\/","og_locale":"nb_NO","og_type":"article","og_title":"Kroatiske grammatikk\u00f8velser","og_description":"Kroatiske grammatikkemner Kroatisk, et s\u00f8rslavisk spr\u00e5k, er det offisielle spr\u00e5ket i Kroatia og et av de offisielle spr\u00e5kene i Bosnia-Hercegovina. Det er","og_url":"https:\/\/talkpal.ai\/no\/kroatiske-grammatikkovelser\/","og_site_name":"Talkpal","article_publisher":"https:\/\/www.facebook.com\/profile.php?id=100090733639311","article_modified_time":"2025-12-17T16:25:58+00:00","og_image":[{"width":512,"height":512,"url":"https:\/\/talkpal.ai\/wp-content\/uploads\/2023\/05\/croatia.png","type":"image\/png"}],"twitter_card":"summary_large_image","twitter_site":"@talkpalai","twitter_misc":{"Ansl. lesetid":"3 minutter"},"schema":{"@context":"https:\/\/schema.org","@graph":[{"@type":"WebPage","@id":"https:\/\/talkpal.ai\/no\/kroatiske-grammatikkovelser\/","url":"https:\/\/talkpal.ai\/no\/kroatiske-grammatikkovelser\/","name":"Kroatiske grammatikk\u00f8velser - Talkpal","isPartOf":{"@id":"https:\/\/talkpal.ai\/no\/#website"},"primaryImageOfPage":{"@id":"https:\/\/talkpal.ai\/no\/kroatiske-grammatikkovelser\/#primaryimage"},"image":{"@id":"https:\/\/talkpal.ai\/no\/kroatiske-grammatikkovelser\/#primaryimage"},"thumbnailUrl":"https:\/\/talkpal.ai\/wp-content\/uploads\/2023\/05\/croatia.png","datePublished":"2023-06-16T13:02:09+00:00","dateModified":"2025-12-17T16:25:58+00:00","description":"Mestre kroatisk med effektive kroatiske grammatikk\u00f8velser som gj\u00f8r det enklere for brukerne \u00e5 l\u00e6re seg tider, verb og substantiv.","breadcrumb":{"@id":"https:\/\/talkpal.ai\/no\/kroatiske-grammatikkovelser\/#breadcrumb"},"inLanguage":"nb-NO","potentialAction":[{"@type":"ReadAction","target":["https:\/\/talkpal.ai\/no\/kroatiske-grammatikkovelser\/"]}]},{"@type":"ImageObject","inLanguage":"nb-NO","@id":"https:\/\/talkpal.ai\/no\/kroatiske-grammatikkovelser\/#primaryimage","url":"https:\/\/talkpal.ai\/wp-content\/uploads\/2023\/05\/croatia.png","contentUrl":"https:\/\/talkpal.ai\/wp-content\/uploads\/2023\/05\/croatia.png","width":512,"height":512},{"@type":"BreadcrumbList","@id":"https:\/\/talkpal.ai\/no\/kroatiske-grammatikkovelser\/#breadcrumb","itemListElement":[{"@type":"ListItem","position":1,"name":"Homepage","item":"https:\/\/talkpal.ai\/no\/"},{"@type":"ListItem","position":2,"name":"Kroatiske grammatikk\u00f8velser"}]},{"@type":"WebSite","@id":"https:\/\/talkpal.ai\/no\/#website","url":"https:\/\/talkpal.ai\/no\/","name":"Talkpal","description":"AI Language Learning","publisher":{"@id":"https:\/\/talkpal.ai\/no\/#organization"},"alternateName":"Talkpal AI","potentialAction":[{"@type":"SearchAction","target":{"@type":"EntryPoint","urlTemplate":"https:\/\/talkpal.ai\/no\/?s={search_term_string}"},"query-input":{"@type":"PropertyValueSpecification","valueRequired":true,"valueName":"search_term_string"}}],"inLanguage":"nb-NO"},{"@type":"Organization","@id":"https:\/\/talkpal.ai\/no\/#organization","name":"Talkpal, Inc.","alternateName":"Talkpal AI","url":"https:\/\/talkpal.ai\/no\/","logo":{"@type":"ImageObject","inLanguage":"nb-NO","@id":"https:\/\/talkpal.ai\/no\/#\/schema\/logo\/image\/","url":"https:\/\/talkpal.ai\/wp-content\/uploads\/2024\/03\/Talkpal-Logo-Icon.png","contentUrl":"https:\/\/talkpal.ai\/wp-content\/uploads\/2024\/03\/Talkpal-Logo-Icon.png","width":2880,"height":2880,"caption":"Talkpal, Inc."},"image":{"@id":"https:\/\/talkpal.ai\/no\/#\/schema\/logo\/image\/"},"sameAs":["https:\/\/www.facebook.com\/profile.php?id=100090733639311","https:\/\/x.com\/talkpalai","https:\/\/www.linkedin.com\/company\/talkpal\/","https:\/\/www.youtube.com\/@TalkPal\/","https:\/\/www.tiktok.com\/@talkpal","https:\/\/www.instagram.com\/talkpal_ai\/","https:\/\/www.crunchbase.com\/organization\/talkpal-9cde","https:\/\/www.g2.com\/products\/talkpal-for-business\/","https:\/\/www.trustpilot.com\/review\/talkpal.ai","https:\/\/www.capterra.com\/p\/10006800\/TalkPal\/"],"description":"Talkpal is a language learning web and mobile education app, powered by the latest AI technologies, that provides engaging experiences to its customers in many different languages to help them improve their language skills. Users can chat about unlimited amount of topics with the app and use other modes to practice their language learning.","email":"support@talkpal.ai","legalName":"Talkpal, Inc.","foundingDate":"2023-04-03","duns":"118989042","numberOfEmployees":{"@type":"QuantitativeValue","minValue":"11","maxValue":"50"},"publishingPrinciples":"https:\/\/talkpal.ai\/publishing-principles\/","actionableFeedbackPolicy":"https:\/\/talkpal.ai\/actionable-feedback-policy\/","correctionsPolicy":"https:\/\/talkpal.ai\/corrections-policy\/","ethicsPolicy":"https:\/\/talkpal.ai\/ethics-policy\/","diversityPolicy":"https:\/\/talkpal.ai\/diversity-policy\/","diversityStaffingReport":"https:\/\/talkpal.ai\/diversity-policy\/"}]}},"_links":{"self":[{"href":"https:\/\/talkpal.ai\/no\/wp-json\/wp\/v2\/pages\/164048","targetHints":{"allow":["GET"]}}],"collection":[{"href":"https:\/\/talkpal.ai\/no\/wp-json\/wp\/v2\/pages"}],"about":[{"href":"https:\/\/talkpal.ai\/no\/wp-json\/wp\/v2\/types\/page"}],"author":[{"embeddable":true,"href":"https:\/\/talkpal.ai\/no\/wp-json\/wp\/v2\/users\/6"}],"replies":[{"embeddable":true,"href":"https:\/\/talkpal.ai\/no\/wp-json\/wp\/v2\/comments?post=164048"}],"version-history":[{"count":0,"href":"https:\/\/talkpal.ai\/no\/wp-json\/wp\/v2\/pages\/164048\/revisions"}],"wp:featuredmedia":[{"embeddable":true,"href":"https:\/\/talkpal.ai\/no\/wp-json\/wp\/v2\/media\/110016"}],"wp:attachment":[{"href":"https:\/\/talkpal.ai\/no\/wp-json\/wp\/v2\/media?parent=164048"}],"curies":[{"name":"wp","href":"https:\/\/api.w.org\/{rel}","templated":true}]}}