{"id":162799,"date":"2023-06-21T14:01:18","date_gmt":"2023-06-21T14:01:18","guid":{"rendered":"http:\/\/talkpal.ai\/galisiske-grammatikkovelser\/"},"modified":"2025-12-17T16:02:18","modified_gmt":"2025-12-17T16:02:18","slug":"galisiske-grammatikkovelser","status":"publish","type":"page","link":"https:\/\/talkpal.ai\/no\/galisiske-grammatikkovelser\/","title":{"rendered":"Galisiske grammatikk\u00f8velser"},"content":{"rendered":"\r\n\r\n\r\n<section class=\"languageChallengeSection\">\r\n    <div class=\"languageInfoWrapper\">\r\n        \r\n        <h1>Galisiske grammatikk\u00f8velser<\/h1>\r\n        <p>\u00d8nsker du \u00e5 forbedre dine galiciske spr\u00e5kkunnskaper? Grammatikk\u00f8velser er en fin m\u00e5te \u00e5 l\u00e6re seg setningsoppbygging, verbformer og s\u00e6rtrekk ved galicisk spr\u00e5k p\u00e5. Begynn \u00e5 jobbe med <a href=\"https:\/\/talkpal.ai\/no\/laer-galisisk\/\">galisisk grammatikk<\/a> i dag, og se hvordan forst\u00e5elsen og selvtilliten din vokser for hver \u00f8velse!<\/p>\r\n\r\n                            <a class=\"getStartedHidden\" href=\"https:\/\/app.talkpal.ai\/no\/signup?lng=\">Kom i gang<\/a>\r\n        \r\n    <\/div>\r\n\r\n    <figure>\r\n    <img decoding=\"async\" width=\"768\" height=\"768\" src=\"https:\/\/talkpal.ai\/wp-content\/uploads\/2023\/06\/galician-768x768.png\" class=\"languageImage no-lazy\" alt=\"Language immersion powerful learning method\" fetchpriority=\"high\" sizes=\"(max-width: 768px) 150px, 768px\" srcset=\"https:\/\/talkpal.ai\/wp-content\/uploads\/2023\/06\/galician-768x768.png 768w, https:\/\/talkpal.ai\/wp-content\/uploads\/2023\/06\/galician-300x300.png 300w\" \/>\r\n    \r\n\r\n    <\/figure>\r\n\r\n            <a class=\"getStartedVisible\" href=\"https:\/\/app.talkpal.ai\/no\/signup?lng=\">Kom i gang<\/a>\r\n    \r\n<\/section>\r\n\r\n\r\n<!-- <section class=\"grammarSection\">\r\n    <div class=\"grammarLinks\">\r\n            <\/div>\r\n<\/section> -->\r\n\r\n\r\n\r\n\r\n<section class=\"promotionalBanner\">\r\n    <p class=\"promotionalText\">Den mest effektive m\u00e5ten \u00e5 l\u00e6re et spr\u00e5k p\u00e5<\/p>\r\n    <a class=\"promotionalLink\" href=\"https:\/\/app.talkpal.ai\/no\/signup?lng=\">Pr\u00f8v Talkpal gratis<\/a>\r\n<\/section>\n<div class=\"wp-block-group pageContainerStyle\"><div class=\"wp-block-group__inner-container is-layout-constrained wp-block-group-is-layout-constrained\">\n<h2 class=\"wp-block-heading\" id=\"h-galician-grammar-topics\">Galisiske grammatikkemner<\/h2>\n\n\n\n<p><a href=\"https:\/\/talkpal.ai\/learn-galician\/\">Galisisk<\/a> <a href=\"https:\/\/talkpal.ai\/grammar\/\">grammatikk<\/a> er studiet av den spr\u00e5klige strukturen, reglene og komponentene i det galisiske spr\u00e5ket, et romansk spr\u00e5k som snakkes i det autonome samfunnet <a href=\"https:\/\/talkpal.ai\/learn-galician\/\">Galicia<\/a> i det nordvestlige Spania. Galisisk grammatikk deler et n\u00e6rt forhold til <a href=\"https:\/\/talkpal.ai\/learn-portuguese\/\">portugisisk<\/a> og best\u00e5r av ulike elementer som hjelper til med dannelsen og forst\u00e5elsen av spr\u00e5ket, for eksempel verbb\u00f8ying, substantiv og adjektivavtale, og bruken av artikler, pronomen, adverb og preposisjoner. \u00c5 l\u00e6re galisisk grammatikk p\u00e5 en strukturert m\u00e5te vil sikre en jevn og effektiv l\u00e6ringsprosess samtidig som det gir en dyp forst\u00e5else av dette rike og levende spr\u00e5ket.<\/p>\n\n\n\n<h3 class=\"wp-block-heading\" id=\"h-1-nouns\">1. Substantiv:<\/h3>\n\n\n\n<p>Begynn med \u00e5 forst\u00e5 konseptet med substantiver p\u00e5 galisisk, som er klassifisert i to kj\u00f8nn (maskulint og feminint) og kan v\u00e6re entall eller flertall. L\u00e6r hvordan du identifiserer og bruker dem riktig i setninger.<\/p>\n\n\n\n<h3 class=\"wp-block-heading\" id=\"h-2-articles\">2. Artikler:<\/h3>\n\n\n\n<p>Studer de bestemte og ubestemte artiklene p\u00e5 galisisk, som stemmer overens i kj\u00f8nn og antall med substantivene de f\u00f8lger med. Dette vil hjelpe deg med \u00e5 danne setninger og grunnleggende setninger mer effektivt.<\/p>\n\n\n\n<h3 class=\"wp-block-heading\" id=\"h-3-adjectives\">3. Adjektiver:<\/h3>\n\n\n\n<p>L\u00e6r om adjektiver p\u00e5 galisisk, som stemmer overens i kj\u00f8nn og antall med substantivene de endrer. \u00c5 forst\u00e5 plasserings- og avtalereglene vil tillate deg \u00e5 beskrive objekter og personer n\u00f8yaktig.<\/p>\n\n\n\n<h3 class=\"wp-block-heading\" id=\"h-4-pronouns-determiners\">4. Pronomen\/bestemmere:<\/h3>\n\n\n\n<p>Studer de ulike typene pronomen og bestemmere p\u00e5 galisisk, som kan erstatte eller indikere substantiv i en setning. Dette inkluderer blant annet personlige, demonstrative, besittende og sp\u00f8rrende pronomen.<\/p>\n\n\n\n<h3 class=\"wp-block-heading\" id=\"h-5-verbs\">5. Verb:<\/h3>\n\n\n\n<p>Fokuser p\u00e5 verbb\u00f8yning, som er et avgj\u00f8rende aspekt ved galisisk grammatikk. L\u00e6r de forskjellige tidene og stemningene, og \u00f8v p\u00e5 \u00e5 b\u00f8ye vanlige og uregelmessige verb.<\/p>\n\n\n\n<h3 class=\"wp-block-heading\" id=\"h-6-tense-comparison\">6. Anspent sammenligning:<\/h3>\n\n\n\n<p>Forst\u00e5 forskjellene mellom de ulike tidene p\u00e5 galisisk, og l\u00e6r hvordan du bruker dem riktig for \u00e5 formidle riktig tidsreferanse i talen eller skriften din.<\/p>\n\n\n\n<h3 class=\"wp-block-heading\" id=\"h-7-progressive\">7. Progressiv:<\/h3>\n\n\n\n<p>Studer det progressive aspektet p\u00e5 galisisk, som indikerer en p\u00e5g\u00e5ende handling, og l\u00e6r hvordan du kan danne og bruke det med forskjellige tider.<\/p>\n\n\n\n<h3 class=\"wp-block-heading\" id=\"h-8-perfect-progressive\">8. Perfekt progressiv:<\/h3>\n\n\n\n<p>L\u00e6r om det perfekte progressive aspektet, som kombinerer det perfekte og progressive aspektet for \u00e5 uttrykke en handling som har p\u00e5g\u00e5tt og kan fortsette i fremtiden.<\/p>\n\n\n\n<h3 class=\"wp-block-heading\" id=\"h-9-adverbs\">9. Adverb:<\/h3>\n\n\n\n<p>Utforsk galisiske adverb, som gir tilleggsinformasjon om verb, adjektiver eller andre adverb. L\u00e6r de ulike typene og deres plasseringsregler i setninger.<\/p>\n\n\n\n<h3 class=\"wp-block-heading\" id=\"h-10-prepositions\">10. Preposisjoner:<\/h3>\n\n\n\n<p>Studer de ulike preposisjonene p\u00e5 galisisk, som viser forholdet mellom elementer i en setning, for eksempel plassering, retning, tid eller \u00e5rsak.<\/p>\n\n\n\n<h3 class=\"wp-block-heading\" id=\"h-11-conditionals\">11. Betingelser:<\/h3>\n\n\n\n<p>L\u00e6r om betingede setninger p\u00e5 galisisk, som uttrykker hypotetiske eller uvirkelige situasjoner og deres konsekvenser. Studer dannelsen og bruken av de forskjellige typene betingelser.<\/p>\n\n\n\n<h3 class=\"wp-block-heading\" id=\"h-12-sentences\">12. Setninger:<\/h3>\n\n\n\n<p>Til slutt, \u00f8v deg p\u00e5 \u00e5 kombinere alle de tidligere l\u00e6rte grammatikkkomponentene for \u00e5 danne enkle og komplekse setninger p\u00e5 galisisk. Dette vil bidra til \u00e5 styrke din forst\u00e5else av spr\u00e5ket og bygge din flytende flyt.<\/p>\n<\/div><\/div>\n\r\n<section class=\"learnNavigationSection\">\r\n            \r\n        <a href=\"https:\/\/talkpal.ai\/no\/laer-galisisk\/\">\r\n            <div class=\"learnNavigationWrapper\">\r\n                <div class=\"learnNavigationContent\">\r\n                    <img decoding=\"async\" src=\"https:\/\/talkpal.ai\/wp-content\/uploads\/2024\/08\/Galician.jpg\" alt=\"Galicia Flag\">\r\n                    <div>\r\n                        <h4>Om galicisk l\u00e6ring<\/h4>\r\n                        <p>Finn ut alt om galisisk grammatikk.<\/p>\r\n                    <\/div>\r\n                <\/div>\r\n            <\/div>\r\n        <\/a>\r\n\r\n        \r\n        <a href=\"https:\/\/talkpal.ai\/no\/galisisk-grammatikk\/\">\r\n            <div class=\"learnNavigationWrapper\">\r\n                <div class=\"learnNavigationContent\">\r\n                    <img decoding=\"async\" src=\"https:\/\/talkpal.ai\/wp-content\/uploads\/2024\/08\/Galician.jpg\" alt=\"Galicia Flag\">\r\n                    <div>\r\n                        <h4>Leksjoner i galicisk grammatikk<\/h4>\r\n                        <p>\u00d8v galisisk grammatikk.<\/p>\r\n                    <\/div>\r\n                <\/div>\r\n            <\/div>\r\n        <\/a>\r\n\r\n        \r\n        <a href=\"https:\/\/talkpal.ai\/vocabulary_language\/galician\/\">\r\n            <div class=\"learnNavigationWrapper\">\r\n                <div class=\"learnNavigationContent\">\r\n                    <img decoding=\"async\" src=\"https:\/\/talkpal.ai\/wp-content\/uploads\/2024\/08\/Galician.jpg\" alt=\"Galicia Flag\">\r\n                    <div>\r\n                        <h4>Galicisk ordforr\u00e5d<\/h4>\r\n                        <p>Utvid ordforr\u00e5det ditt p\u00e5 galisisk.<\/p>\r\n                    <\/div>\r\n                <\/div>\r\n            <\/div>\r\n        <\/a>\r\n\r\n            <\/section>","protected":false},"excerpt":{"rendered":"<p>Galisiske grammatikkemner Galisisk grammatikk er studiet av den spr\u00e5klige strukturen, reglene og komponentene i det galisiske spr\u00e5ket, et romansk spr\u00e5k som snakkes i det autonome samfunnet Galicia i det nordvestlige Spania. Galisisk grammatikk deler et n\u00e6rt forhold til portugisisk og best\u00e5r av ulike elementer som hjelper til med dannelsen og forst\u00e5elsen av spr\u00e5ket, for eksempel [&hellip;]<\/p>\n","protected":false},"author":6,"featured_media":112183,"parent":0,"menu_order":0,"comment_status":"closed","ping_status":"closed","template":"LearningContentPage.php","meta":{"_acf_changed":false,"footnotes":""},"class_list":["post-162799","page","type-page","status-publish","has-post-thumbnail","hentry"],"acf":[],"yoast_head":"<!-- This site is optimized with the Yoast SEO Premium plugin v27.2 (Yoast SEO v27.2) - https:\/\/yoast.com\/product\/yoast-seo-premium-wordpress\/ -->\n<title>Galisiske grammatikk\u00f8velser - Talkpal<\/title>\n<meta name=\"description\" content=\"\u00d8v deg p\u00e5 galisisk grammatikk p\u00e5 en enkel m\u00e5te - bli raskt bedre, engasjer deg i tydelige interaktive \u00f8velser og bli tryggere p\u00e5 spr\u00e5ket\" \/>\n<meta name=\"robots\" content=\"index, follow, max-snippet:-1, max-image-preview:large, max-video-preview:-1\" \/>\n<link rel=\"canonical\" href=\"https:\/\/talkpal.ai\/no\/galisiske-grammatikkovelser\/\" \/>\n<meta property=\"og:locale\" content=\"nb_NO\" \/>\n<meta property=\"og:type\" content=\"article\" \/>\n<meta property=\"og:title\" content=\"Galisiske grammatikk\u00f8velser\" \/>\n<meta property=\"og:description\" content=\"Galisiske grammatikkemner Galisisk grammatikk er studiet av den spr\u00e5klige strukturen, reglene og komponentene i det galisiske spr\u00e5ket, et romansk spr\u00e5k\" \/>\n<meta property=\"og:url\" content=\"https:\/\/talkpal.ai\/no\/galisiske-grammatikkovelser\/\" \/>\n<meta property=\"og:site_name\" content=\"Talkpal\" \/>\n<meta property=\"article:publisher\" content=\"https:\/\/www.facebook.com\/profile.php?id=100090733639311\" \/>\n<meta property=\"article:modified_time\" content=\"2025-12-17T16:02:18+00:00\" \/>\n<meta property=\"og:image\" content=\"https:\/\/talkpal.ai\/wp-content\/uploads\/2023\/05\/Galician-spain.png\" \/>\n\t<meta property=\"og:image:width\" content=\"512\" \/>\n\t<meta property=\"og:image:height\" content=\"512\" \/>\n\t<meta property=\"og:image:type\" content=\"image\/png\" \/>\n<meta name=\"twitter:card\" content=\"summary_large_image\" \/>\n<meta name=\"twitter:site\" content=\"@talkpalai\" \/>\n<meta name=\"twitter:label1\" content=\"Ansl. lesetid\" \/>\n\t<meta name=\"twitter:data1\" content=\"2 minutter\" \/>\n<script type=\"application\/ld+json\" class=\"yoast-schema-graph\">{\"@context\":\"https:\/\/schema.org\",\"@graph\":[{\"@type\":\"WebPage\",\"@id\":\"https:\/\/talkpal.ai\/no\/galisiske-grammatikkovelser\/\",\"url\":\"https:\/\/talkpal.ai\/no\/galisiske-grammatikkovelser\/\",\"name\":\"Galisiske grammatikk\u00f8velser - Talkpal\",\"isPartOf\":{\"@id\":\"https:\/\/talkpal.ai\/no\/#website\"},\"primaryImageOfPage\":{\"@id\":\"https:\/\/talkpal.ai\/no\/galisiske-grammatikkovelser\/#primaryimage\"},\"image\":{\"@id\":\"https:\/\/talkpal.ai\/no\/galisiske-grammatikkovelser\/#primaryimage\"},\"thumbnailUrl\":\"https:\/\/talkpal.ai\/wp-content\/uploads\/2023\/05\/Galician-spain.png\",\"datePublished\":\"2023-06-21T14:01:18+00:00\",\"dateModified\":\"2025-12-17T16:02:18+00:00\",\"description\":\"\u00d8v deg p\u00e5 galisisk grammatikk p\u00e5 en enkel m\u00e5te - bli raskt bedre, engasjer deg i tydelige interaktive \u00f8velser og bli tryggere p\u00e5 spr\u00e5ket\",\"breadcrumb\":{\"@id\":\"https:\/\/talkpal.ai\/no\/galisiske-grammatikkovelser\/#breadcrumb\"},\"inLanguage\":\"nb-NO\",\"potentialAction\":[{\"@type\":\"ReadAction\",\"target\":[\"https:\/\/talkpal.ai\/no\/galisiske-grammatikkovelser\/\"]}]},{\"@type\":\"ImageObject\",\"inLanguage\":\"nb-NO\",\"@id\":\"https:\/\/talkpal.ai\/no\/galisiske-grammatikkovelser\/#primaryimage\",\"url\":\"https:\/\/talkpal.ai\/wp-content\/uploads\/2023\/05\/Galician-spain.png\",\"contentUrl\":\"https:\/\/talkpal.ai\/wp-content\/uploads\/2023\/05\/Galician-spain.png\",\"width\":512,\"height\":512},{\"@type\":\"BreadcrumbList\",\"@id\":\"https:\/\/talkpal.ai\/no\/galisiske-grammatikkovelser\/#breadcrumb\",\"itemListElement\":[{\"@type\":\"ListItem\",\"position\":1,\"name\":\"Homepage\",\"item\":\"https:\/\/talkpal.ai\/no\/\"},{\"@type\":\"ListItem\",\"position\":2,\"name\":\"Galisiske grammatikk\u00f8velser\"}]},{\"@type\":\"WebSite\",\"@id\":\"https:\/\/talkpal.ai\/no\/#website\",\"url\":\"https:\/\/talkpal.ai\/no\/\",\"name\":\"Talkpal\",\"description\":\"AI Language Learning\",\"publisher\":{\"@id\":\"https:\/\/talkpal.ai\/no\/#organization\"},\"alternateName\":\"Talkpal AI\",\"potentialAction\":[{\"@type\":\"SearchAction\",\"target\":{\"@type\":\"EntryPoint\",\"urlTemplate\":\"https:\/\/talkpal.ai\/no\/?s={search_term_string}\"},\"query-input\":{\"@type\":\"PropertyValueSpecification\",\"valueRequired\":true,\"valueName\":\"search_term_string\"}}],\"inLanguage\":\"nb-NO\"},{\"@type\":\"Organization\",\"@id\":\"https:\/\/talkpal.ai\/no\/#organization\",\"name\":\"Talkpal, Inc.\",\"alternateName\":\"Talkpal AI\",\"url\":\"https:\/\/talkpal.ai\/no\/\",\"logo\":{\"@type\":\"ImageObject\",\"inLanguage\":\"nb-NO\",\"@id\":\"https:\/\/talkpal.ai\/no\/#\/schema\/logo\/image\/\",\"url\":\"https:\/\/talkpal.ai\/wp-content\/uploads\/2024\/03\/Talkpal-Logo-Icon.png\",\"contentUrl\":\"https:\/\/talkpal.ai\/wp-content\/uploads\/2024\/03\/Talkpal-Logo-Icon.png\",\"width\":2880,\"height\":2880,\"caption\":\"Talkpal, Inc.\"},\"image\":{\"@id\":\"https:\/\/talkpal.ai\/no\/#\/schema\/logo\/image\/\"},\"sameAs\":[\"https:\/\/www.facebook.com\/profile.php?id=100090733639311\",\"https:\/\/x.com\/talkpalai\",\"https:\/\/www.linkedin.com\/company\/talkpal\/\",\"https:\/\/www.youtube.com\/@TalkPal\/\",\"https:\/\/www.tiktok.com\/@talkpal\",\"https:\/\/www.instagram.com\/talkpal_ai\/\",\"https:\/\/www.crunchbase.com\/organization\/talkpal-9cde\",\"https:\/\/www.g2.com\/products\/talkpal-for-business\/\",\"https:\/\/www.trustpilot.com\/review\/talkpal.ai\",\"https:\/\/www.capterra.com\/p\/10006800\/TalkPal\/\"],\"description\":\"Talkpal is a language learning web and mobile education app, powered by the latest AI technologies, that provides engaging experiences to its customers in many different languages to help them improve their language skills. Users can chat about unlimited amount of topics with the app and use other modes to practice their language learning.\",\"email\":\"support@talkpal.ai\",\"legalName\":\"Talkpal, Inc.\",\"foundingDate\":\"2023-04-03\",\"duns\":\"118989042\",\"numberOfEmployees\":{\"@type\":\"QuantitativeValue\",\"minValue\":\"11\",\"maxValue\":\"50\"},\"publishingPrinciples\":\"https:\/\/talkpal.ai\/publishing-principles\/\",\"actionableFeedbackPolicy\":\"https:\/\/talkpal.ai\/actionable-feedback-policy\/\",\"correctionsPolicy\":\"https:\/\/talkpal.ai\/corrections-policy\/\",\"ethicsPolicy\":\"https:\/\/talkpal.ai\/ethics-policy\/\",\"diversityPolicy\":\"https:\/\/talkpal.ai\/diversity-policy\/\",\"diversityStaffingReport\":\"https:\/\/talkpal.ai\/diversity-policy\/\"}]}<\/script>\n<!-- \/ Yoast SEO Premium plugin. -->","yoast_head_json":{"title":"Galisiske grammatikk\u00f8velser - Talkpal","description":"\u00d8v deg p\u00e5 galisisk grammatikk p\u00e5 en enkel m\u00e5te - bli raskt bedre, engasjer deg i tydelige interaktive \u00f8velser og bli tryggere p\u00e5 spr\u00e5ket","robots":{"index":"index","follow":"follow","max-snippet":"max-snippet:-1","max-image-preview":"max-image-preview:large","max-video-preview":"max-video-preview:-1"},"canonical":"https:\/\/talkpal.ai\/no\/galisiske-grammatikkovelser\/","og_locale":"nb_NO","og_type":"article","og_title":"Galisiske grammatikk\u00f8velser","og_description":"Galisiske grammatikkemner Galisisk grammatikk er studiet av den spr\u00e5klige strukturen, reglene og komponentene i det galisiske spr\u00e5ket, et romansk spr\u00e5k","og_url":"https:\/\/talkpal.ai\/no\/galisiske-grammatikkovelser\/","og_site_name":"Talkpal","article_publisher":"https:\/\/www.facebook.com\/profile.php?id=100090733639311","article_modified_time":"2025-12-17T16:02:18+00:00","og_image":[{"width":512,"height":512,"url":"https:\/\/talkpal.ai\/wp-content\/uploads\/2023\/05\/Galician-spain.png","type":"image\/png"}],"twitter_card":"summary_large_image","twitter_site":"@talkpalai","twitter_misc":{"Ansl. lesetid":"2 minutter"},"schema":{"@context":"https:\/\/schema.org","@graph":[{"@type":"WebPage","@id":"https:\/\/talkpal.ai\/no\/galisiske-grammatikkovelser\/","url":"https:\/\/talkpal.ai\/no\/galisiske-grammatikkovelser\/","name":"Galisiske grammatikk\u00f8velser - Talkpal","isPartOf":{"@id":"https:\/\/talkpal.ai\/no\/#website"},"primaryImageOfPage":{"@id":"https:\/\/talkpal.ai\/no\/galisiske-grammatikkovelser\/#primaryimage"},"image":{"@id":"https:\/\/talkpal.ai\/no\/galisiske-grammatikkovelser\/#primaryimage"},"thumbnailUrl":"https:\/\/talkpal.ai\/wp-content\/uploads\/2023\/05\/Galician-spain.png","datePublished":"2023-06-21T14:01:18+00:00","dateModified":"2025-12-17T16:02:18+00:00","description":"\u00d8v deg p\u00e5 galisisk grammatikk p\u00e5 en enkel m\u00e5te - bli raskt bedre, engasjer deg i tydelige interaktive \u00f8velser og bli tryggere p\u00e5 spr\u00e5ket","breadcrumb":{"@id":"https:\/\/talkpal.ai\/no\/galisiske-grammatikkovelser\/#breadcrumb"},"inLanguage":"nb-NO","potentialAction":[{"@type":"ReadAction","target":["https:\/\/talkpal.ai\/no\/galisiske-grammatikkovelser\/"]}]},{"@type":"ImageObject","inLanguage":"nb-NO","@id":"https:\/\/talkpal.ai\/no\/galisiske-grammatikkovelser\/#primaryimage","url":"https:\/\/talkpal.ai\/wp-content\/uploads\/2023\/05\/Galician-spain.png","contentUrl":"https:\/\/talkpal.ai\/wp-content\/uploads\/2023\/05\/Galician-spain.png","width":512,"height":512},{"@type":"BreadcrumbList","@id":"https:\/\/talkpal.ai\/no\/galisiske-grammatikkovelser\/#breadcrumb","itemListElement":[{"@type":"ListItem","position":1,"name":"Homepage","item":"https:\/\/talkpal.ai\/no\/"},{"@type":"ListItem","position":2,"name":"Galisiske grammatikk\u00f8velser"}]},{"@type":"WebSite","@id":"https:\/\/talkpal.ai\/no\/#website","url":"https:\/\/talkpal.ai\/no\/","name":"Talkpal","description":"AI Language Learning","publisher":{"@id":"https:\/\/talkpal.ai\/no\/#organization"},"alternateName":"Talkpal AI","potentialAction":[{"@type":"SearchAction","target":{"@type":"EntryPoint","urlTemplate":"https:\/\/talkpal.ai\/no\/?s={search_term_string}"},"query-input":{"@type":"PropertyValueSpecification","valueRequired":true,"valueName":"search_term_string"}}],"inLanguage":"nb-NO"},{"@type":"Organization","@id":"https:\/\/talkpal.ai\/no\/#organization","name":"Talkpal, Inc.","alternateName":"Talkpal AI","url":"https:\/\/talkpal.ai\/no\/","logo":{"@type":"ImageObject","inLanguage":"nb-NO","@id":"https:\/\/talkpal.ai\/no\/#\/schema\/logo\/image\/","url":"https:\/\/talkpal.ai\/wp-content\/uploads\/2024\/03\/Talkpal-Logo-Icon.png","contentUrl":"https:\/\/talkpal.ai\/wp-content\/uploads\/2024\/03\/Talkpal-Logo-Icon.png","width":2880,"height":2880,"caption":"Talkpal, Inc."},"image":{"@id":"https:\/\/talkpal.ai\/no\/#\/schema\/logo\/image\/"},"sameAs":["https:\/\/www.facebook.com\/profile.php?id=100090733639311","https:\/\/x.com\/talkpalai","https:\/\/www.linkedin.com\/company\/talkpal\/","https:\/\/www.youtube.com\/@TalkPal\/","https:\/\/www.tiktok.com\/@talkpal","https:\/\/www.instagram.com\/talkpal_ai\/","https:\/\/www.crunchbase.com\/organization\/talkpal-9cde","https:\/\/www.g2.com\/products\/talkpal-for-business\/","https:\/\/www.trustpilot.com\/review\/talkpal.ai","https:\/\/www.capterra.com\/p\/10006800\/TalkPal\/"],"description":"Talkpal is a language learning web and mobile education app, powered by the latest AI technologies, that provides engaging experiences to its customers in many different languages to help them improve their language skills. Users can chat about unlimited amount of topics with the app and use other modes to practice their language learning.","email":"support@talkpal.ai","legalName":"Talkpal, Inc.","foundingDate":"2023-04-03","duns":"118989042","numberOfEmployees":{"@type":"QuantitativeValue","minValue":"11","maxValue":"50"},"publishingPrinciples":"https:\/\/talkpal.ai\/publishing-principles\/","actionableFeedbackPolicy":"https:\/\/talkpal.ai\/actionable-feedback-policy\/","correctionsPolicy":"https:\/\/talkpal.ai\/corrections-policy\/","ethicsPolicy":"https:\/\/talkpal.ai\/ethics-policy\/","diversityPolicy":"https:\/\/talkpal.ai\/diversity-policy\/","diversityStaffingReport":"https:\/\/talkpal.ai\/diversity-policy\/"}]}},"_links":{"self":[{"href":"https:\/\/talkpal.ai\/no\/wp-json\/wp\/v2\/pages\/162799","targetHints":{"allow":["GET"]}}],"collection":[{"href":"https:\/\/talkpal.ai\/no\/wp-json\/wp\/v2\/pages"}],"about":[{"href":"https:\/\/talkpal.ai\/no\/wp-json\/wp\/v2\/types\/page"}],"author":[{"embeddable":true,"href":"https:\/\/talkpal.ai\/no\/wp-json\/wp\/v2\/users\/6"}],"replies":[{"embeddable":true,"href":"https:\/\/talkpal.ai\/no\/wp-json\/wp\/v2\/comments?post=162799"}],"version-history":[{"count":0,"href":"https:\/\/talkpal.ai\/no\/wp-json\/wp\/v2\/pages\/162799\/revisions"}],"wp:featuredmedia":[{"embeddable":true,"href":"https:\/\/talkpal.ai\/no\/wp-json\/wp\/v2\/media\/112183"}],"wp:attachment":[{"href":"https:\/\/talkpal.ai\/no\/wp-json\/wp\/v2\/media?parent=162799"}],"curies":[{"name":"wp","href":"https:\/\/api.w.org\/{rel}","templated":true}]}}