{"id":162229,"date":"2023-06-21T14:25:56","date_gmt":"2023-06-21T14:25:56","guid":{"rendered":"http:\/\/talkpal.ai\/hebraisk-grammatikkovelser\/"},"modified":"2025-12-17T15:48:22","modified_gmt":"2025-12-17T15:48:22","slug":"hebraisk-grammatikkovelser","status":"publish","type":"page","link":"https:\/\/talkpal.ai\/no\/hebraisk-grammatikkovelser\/","title":{"rendered":"Hebraisk grammatikk\u00f8velser"},"content":{"rendered":"\r\n\r\n\r\n<section class=\"languageChallengeSection\">\r\n    <div class=\"languageInfoWrapper\">\r\n        \r\n        <h1>Hebraisk grammatikk\u00f8velser<\/h1>\r\n        <p>Er du klar for \u00e5 fordype deg i <a href=\"https:\/\/talkpal.ai\/learn-hebrew\/\">hebraisk<\/a> <a href=\"https:\/\/talkpal.ai\/grammar\/\">grammatikk<\/a>? Disse enkle \u00f8velsene vil hjelpe deg \u00e5 bli komfortabel med det grunnleggende og bygge opp selvtilliten din etter hvert som du l\u00e6rer deg dette vakre spr\u00e5ket.<\/p>\r\n\r\n                            <a class=\"getStartedHidden\" href=\"https:\/\/app.talkpal.ai\/no\/signup?lng=\">Kom i gang<\/a>\r\n        \r\n    <\/div>\r\n\r\n    <figure>\r\n    <img decoding=\"async\" width=\"768\" height=\"768\" src=\"https:\/\/talkpal.ai\/wp-content\/uploads\/2023\/06\/hebrew-768x768.png\" class=\"languageImage no-lazy\" alt=\"Language learning for proficient communication\" fetchpriority=\"high\" sizes=\"(max-width: 768px) 150px, 768px\" srcset=\"https:\/\/talkpal.ai\/wp-content\/uploads\/2023\/06\/hebrew-768x768.png 768w, https:\/\/talkpal.ai\/wp-content\/uploads\/2023\/06\/hebrew-300x300.png 300w\" \/>\r\n    \r\n\r\n    <\/figure>\r\n\r\n            <a class=\"getStartedVisible\" href=\"https:\/\/app.talkpal.ai\/no\/signup?lng=\">Kom i gang<\/a>\r\n    \r\n<\/section>\r\n\r\n\r\n<!-- <section class=\"grammarSection\">\r\n    <div class=\"grammarLinks\">\r\n            <\/div>\r\n<\/section> -->\r\n\r\n\r\n\r\n\r\n<section class=\"promotionalBanner\">\r\n    <p class=\"promotionalText\">Den mest effektive m\u00e5ten \u00e5 l\u00e6re et spr\u00e5k p\u00e5<\/p>\r\n    <a class=\"promotionalLink\" href=\"https:\/\/app.talkpal.ai\/no\/signup?lng=\">Pr\u00f8v Talkpal gratis<\/a>\r\n<\/section>\n<div class=\"wp-block-group pageContainerStyle\"><div class=\"wp-block-group__inner-container is-layout-constrained wp-block-group-is-layout-constrained\">\n<h2 class=\"wp-block-heading\" id=\"h-hebrew-grammar-topics\">Hebraisk grammatikkemner<\/h2>\n\n\n\n<p>Hebraisk er et fascinerende og eldgammelt spr\u00e5k som har stor historisk og kulturell betydning. Som et av de eldste spr\u00e5kene i verden, har det utviklet seg og tilpasset seg over tid, noe som gj\u00f8r det til et b\u00e5de utfordrende og givende spr\u00e5k \u00e5 l\u00e6re. Enten du l\u00e6rer hebraisk av religi\u00f8se grunner, for \u00e5 f\u00e5 <a href=\"https:\/\/talkpal.ai\/contact\/\">kontakt<\/a> med arven din, eller bare for personlig vekst, er det viktig \u00e5 forst\u00e5 grammatikken for effektiv kommunikasjon. I denne veiledningen vil vi utforske de viktigste hebraiske grammatikkemnene du trenger \u00e5 <a href=\"https:\/\/talkpal.ai\/locations\/language-courses-in-mestre\/\">mestre<\/a> i en logisk rekkef\u00f8lge, som gir et solid grunnlag for din spr\u00e5kl\u00e6ringsreise.<\/p>\n\n\n\n<h3 class=\"wp-block-heading\" id=\"h-1-nouns\">1. Substantiv:<\/h3>\n\n\n\n<p>Som byggesteinene i ethvert spr\u00e5k, er det avgj\u00f8rende \u00e5 forst\u00e5 hebraiske substantiv. Substantiv p\u00e5 hebraisk har kj\u00f8nn (maskulint eller feminint) og tall (entall, flertall og noen ganger dobbelt). \u00c5 l\u00e6re m\u00f8nstrene for kj\u00f8nns- og tallavtale vil hjelpe deg med \u00e5 danne grunnleggende setninger og forst\u00e5 spr\u00e5kstrukturen.<\/p>\n\n\n\n<h3 class=\"wp-block-heading\" id=\"h-2-articles\">2. Artikler:<\/h3>\n\n\n\n<p>Hebraisk har en bestemt artikkel, &laquo;\u05d4&raquo; (ha), som knyttes til begynnelsen av et substantiv for \u00e5 indikere at det er spesifikt eller kjent. Det er ingen ubestemt artikkel p\u00e5 hebraisk, s\u00e5 \u00e5 l\u00e6re n\u00e5r og hvordan man bruker den bestemte artikkelen er avgj\u00f8rende for riktig kommunikasjon.<\/p>\n\n\n\n<h3 class=\"wp-block-heading\" id=\"h-3-adjectives\">3. Adjektiver:<\/h3>\n\n\n\n<p>Hebraiske adjektiver, som substantiver, har kj\u00f8nns- og talloverensstemmelse. De f\u00f8lger substantivet de endrer og m\u00e5 stemme overens i kj\u00f8nn og antall. \u00c5 forst\u00e5 m\u00f8nstrene og reglene for adjektivavtale vil hjelpe deg med \u00e5 beskrive objekter og ideer n\u00f8yaktig p\u00e5 hebraisk.<\/p>\n\n\n\n<h3 class=\"wp-block-heading\" id=\"h-4-pronouns-determiners\">4. Pronomen\/bestemmere:<\/h3>\n\n\n\n<p>Pronomen erstatter substantiver i setninger, mens bestemmere spesifiserer eller kvantifiserer dem. Begge spiller en avgj\u00f8rende rolle for \u00e5 gj\u00f8re hebraisk mer flytende og naturlig. \u00c5 mestre de forskjellige pronomenene (subjekt, objekt, besittende) og bestemmende (demonstrative, sp\u00f8rrende, ubestemte) vil hjelpe deg med \u00e5 lage mer komplekse setninger og formidle ideene dine mer effektivt.<\/p>\n\n\n\n<h3 class=\"wp-block-heading\" id=\"h-5-verbs\">5. Verb:<\/h3>\n\n\n\n<p>Hebraiske verb er kjernen i spr\u00e5kets grammatikk. De er basert p\u00e5 et rotsystem som best\u00e5r av tre eller fire konsonanter og er konjugert etter tid, person, kj\u00f8nn og tall. \u00c5 gj\u00f8re deg kjent med de forskjellige verbformene og tidene vil tillate deg \u00e5 uttrykke handlinger og tilstander effektivt.<\/p>\n\n\n\n<h3 class=\"wp-block-heading\" id=\"h-6-tenses\">6. Tider:<\/h3>\n\n\n\n<p>Hebraisk har tre hovedtider: fortid, n\u00e5tid og fremtid. Hver tid har spesifikke b\u00f8yningsregler som avhenger av verbets rot og subjektets kj\u00f8nn og tall. \u00c5 forst\u00e5 disse reglene vil gj\u00f8re deg i stand til \u00e5 formidle tidspunktet for handlinger n\u00f8yaktig.<\/p>\n\n\n\n<h3 class=\"wp-block-heading\" id=\"h-7-tense-comparison\">7. Anspent sammenligning:<\/h3>\n\n\n\n<p>Det er viktig \u00e5 vite n\u00e5r og hvordan man bruker hver hebraisk tid for \u00e5 kommunisere effektivt. \u00c5 sammenligne og kontrastere de ulike tidene vil hjelpe deg med \u00e5 forst\u00e5 nyansene i spr\u00e5ket og la deg uttrykke deg mer presist.<\/p>\n\n\n\n<h3 class=\"wp-block-heading\" id=\"h-8-progressive-and-perfect-progressive\">8. Progressiv og Perfekt Progressiv:<\/h3>\n\n\n\n<p>Disse verbformene brukes til \u00e5 indikere p\u00e5g\u00e5ende eller fullf\u00f8rte handlinger. Den progressive formen brukes for handlinger som fortsatt p\u00e5g\u00e5r, mens den perfekte progressive legger vekt p\u00e5 fullf\u00f8ringen av en handling. \u00c5 forst\u00e5 disse formene vil forbedre din evne til \u00e5 uttrykke komplekse ideer og handlinger.<\/p>\n\n\n\n<h3 class=\"wp-block-heading\" id=\"h-9-adverbs\">9. Adverb:<\/h3>\n\n\n\n<p>Adverb endrer verb, adjektiver eller andre adverb, og gir tilleggsinformasjon om handlingen eller kvaliteten som beskrives. \u00c5 l\u00e6re de ulike typene hebraiske adverb og hvordan du bruker dem riktig vil legge til variasjon og dybde til spr\u00e5kkunnskapene dine.<\/p>\n\n\n\n<h3 class=\"wp-block-heading\" id=\"h-10-prepositions\">10. Preposisjoner:<\/h3>\n\n\n\n<p>Preposisjoner forbinder substantiv, pronomen eller andre ord for \u00e5 vise sammenhenger i tid, sted eller andre sammenhenger. \u00c5 mestre hebraiske preposisjoner vil hjelpe deg med \u00e5 lage mer komplekse setninger og uttrykke forhold mellom ideer klarere.<\/p>\n\n\n\n<h3 class=\"wp-block-heading\" id=\"h-11-conditionals\">11. Betingelser:<\/h3>\n\n\n\n<p>Hebraiske betingelser brukes til \u00e5 uttrykke hypotetiske situasjoner og deres konsekvenser. \u00c5 l\u00e6re de ulike betingede strukturene (hvis\/da-utsagn) vil gj\u00f8re deg i stand til \u00e5 kommunisere effektivt i hypotetiske eller usikre situasjoner.<\/p>\n\n\n\n<h3 class=\"wp-block-heading\" id=\"h-12-sentences\">12. Setninger:<\/h3>\n\n\n\n<p>Til slutt, \u00e5 sette alle grammatikkkomponentene sammen for \u00e5 danne komplette, sammenhengende setninger er det ultimate m\u00e5let med \u00e5 l\u00e6re hebraisk. \u00d8v p\u00e5 \u00e5 kombinere substantiv, verb, adjektiver og andre elementer for \u00e5 lage setninger som n\u00f8yaktig formidler tankene og ideene dine p\u00e5 det hebraiske spr\u00e5ket.<\/p>\n<\/div><\/div>\n\r\n<section class=\"learnNavigationSection\">\r\n            \r\n        <a href=\"https:\/\/talkpal.ai\/no\/laer-hebraisk\/\">\r\n            <div class=\"learnNavigationWrapper\">\r\n                <div class=\"learnNavigationContent\">\r\n                    <img decoding=\"async\" src=\"https:\/\/talkpal.ai\/wp-content\/uploads\/2024\/08\/Hebrew.jpg\" alt=\"Israel Flag\">\r\n                    <div>\r\n                        <h4>Om hebraiskundervisning<\/h4>\r\n                        <p>Finn ut alt om hebraisk grammatikk.<\/p>\r\n                    <\/div>\r\n                <\/div>\r\n            <\/div>\r\n        <\/a>\r\n\r\n        \r\n        <a href=\"https:\/\/talkpal.ai\/no\/hebraisk-grammatikk\/\">\r\n            <div class=\"learnNavigationWrapper\">\r\n                <div class=\"learnNavigationContent\">\r\n                    <img decoding=\"async\" src=\"https:\/\/talkpal.ai\/wp-content\/uploads\/2024\/08\/Hebrew.jpg\" alt=\"Israel Flag\">\r\n                    <div>\r\n                        <h4>Leksjoner i hebraisk grammatikk<\/h4>\r\n                        <p>\u00d8v hebraisk grammatikk.<\/p>\r\n                    <\/div>\r\n                <\/div>\r\n            <\/div>\r\n        <\/a>\r\n\r\n        \r\n        <a href=\"https:\/\/talkpal.ai\/vocabulary_language\/hebrew\/\">\r\n            <div class=\"learnNavigationWrapper\">\r\n                <div class=\"learnNavigationContent\">\r\n                    <img decoding=\"async\" src=\"https:\/\/talkpal.ai\/wp-content\/uploads\/2024\/08\/Hebrew.jpg\" alt=\"Israel Flag\">\r\n                    <div>\r\n                        <h4>Hebraisk ordforr\u00e5d<\/h4>\r\n                        <p>Utvid ordforr\u00e5det ditt p\u00e5 hebraisk.<\/p>\r\n                    <\/div>\r\n                <\/div>\r\n            <\/div>\r\n        <\/a>\r\n\r\n            <\/section>","protected":false},"excerpt":{"rendered":"<p>Hebraisk grammatikkemner Hebraisk er et fascinerende og eldgammelt spr\u00e5k som har stor historisk og kulturell betydning. Som et av de eldste spr\u00e5kene i verden, har det utviklet seg og tilpasset seg over tid, noe som gj\u00f8r det til et b\u00e5de utfordrende og givende spr\u00e5k \u00e5 l\u00e6re. Enten du l\u00e6rer hebraisk av religi\u00f8se grunner, for \u00e5 [&hellip;]<\/p>\n","protected":false},"author":6,"featured_media":113059,"parent":0,"menu_order":0,"comment_status":"closed","ping_status":"closed","template":"LearningContentPage.php","meta":{"_acf_changed":false,"footnotes":""},"class_list":["post-162229","page","type-page","status-publish","has-post-thumbnail","hentry"],"acf":[],"yoast_head":"<!-- This site is optimized with the Yoast SEO Premium plugin v27.2 (Yoast SEO v27.2) - https:\/\/yoast.com\/product\/yoast-seo-premium-wordpress\/ -->\n<title>Hebraisk grammatikk\u00f8velser - Talkpal<\/title>\n<meta name=\"description\" content=\"Forbedre din hebraiske grammatikk - engasjer deg i klare, praktiske \u00f8velser for \u00e5 enkelt styrke dine spr\u00e5kferdigheter med Talkpal AI.\" \/>\n<meta name=\"robots\" content=\"index, follow, max-snippet:-1, max-image-preview:large, max-video-preview:-1\" \/>\n<link rel=\"canonical\" href=\"https:\/\/talkpal.ai\/no\/hebraisk-grammatikkovelser\/\" \/>\n<meta property=\"og:locale\" content=\"nb_NO\" \/>\n<meta property=\"og:type\" content=\"article\" \/>\n<meta property=\"og:title\" content=\"Hebraisk grammatikk\u00f8velser\" \/>\n<meta property=\"og:description\" content=\"Hebraisk grammatikkemner Hebraisk er et fascinerende og eldgammelt spr\u00e5k som har stor historisk og kulturell betydning. Som et av de eldste spr\u00e5kene i\" \/>\n<meta property=\"og:url\" content=\"https:\/\/talkpal.ai\/no\/hebraisk-grammatikkovelser\/\" \/>\n<meta property=\"og:site_name\" content=\"Talkpal\" \/>\n<meta property=\"article:publisher\" content=\"https:\/\/www.facebook.com\/profile.php?id=100090733639311\" \/>\n<meta property=\"article:modified_time\" content=\"2025-12-17T15:48:22+00:00\" \/>\n<meta property=\"og:image\" content=\"https:\/\/talkpal.ai\/wp-content\/uploads\/2023\/05\/israel.png\" \/>\n\t<meta property=\"og:image:width\" content=\"512\" \/>\n\t<meta property=\"og:image:height\" content=\"512\" \/>\n\t<meta property=\"og:image:type\" content=\"image\/png\" \/>\n<meta name=\"twitter:card\" content=\"summary_large_image\" \/>\n<meta name=\"twitter:site\" content=\"@talkpalai\" \/>\n<meta name=\"twitter:label1\" content=\"Ansl. lesetid\" \/>\n\t<meta name=\"twitter:data1\" content=\"3 minutter\" \/>\n<script type=\"application\/ld+json\" class=\"yoast-schema-graph\">{\"@context\":\"https:\/\/schema.org\",\"@graph\":[{\"@type\":\"WebPage\",\"@id\":\"https:\/\/talkpal.ai\/no\/hebraisk-grammatikkovelser\/\",\"url\":\"https:\/\/talkpal.ai\/no\/hebraisk-grammatikkovelser\/\",\"name\":\"Hebraisk grammatikk\u00f8velser - Talkpal\",\"isPartOf\":{\"@id\":\"https:\/\/talkpal.ai\/no\/#website\"},\"primaryImageOfPage\":{\"@id\":\"https:\/\/talkpal.ai\/no\/hebraisk-grammatikkovelser\/#primaryimage\"},\"image\":{\"@id\":\"https:\/\/talkpal.ai\/no\/hebraisk-grammatikkovelser\/#primaryimage\"},\"thumbnailUrl\":\"https:\/\/talkpal.ai\/wp-content\/uploads\/2023\/05\/israel.png\",\"datePublished\":\"2023-06-21T14:25:56+00:00\",\"dateModified\":\"2025-12-17T15:48:22+00:00\",\"description\":\"Forbedre din hebraiske grammatikk - engasjer deg i klare, praktiske \u00f8velser for \u00e5 enkelt styrke dine spr\u00e5kferdigheter med Talkpal AI.\",\"breadcrumb\":{\"@id\":\"https:\/\/talkpal.ai\/no\/hebraisk-grammatikkovelser\/#breadcrumb\"},\"inLanguage\":\"nb-NO\",\"potentialAction\":[{\"@type\":\"ReadAction\",\"target\":[\"https:\/\/talkpal.ai\/no\/hebraisk-grammatikkovelser\/\"]}]},{\"@type\":\"ImageObject\",\"inLanguage\":\"nb-NO\",\"@id\":\"https:\/\/talkpal.ai\/no\/hebraisk-grammatikkovelser\/#primaryimage\",\"url\":\"https:\/\/talkpal.ai\/wp-content\/uploads\/2023\/05\/israel.png\",\"contentUrl\":\"https:\/\/talkpal.ai\/wp-content\/uploads\/2023\/05\/israel.png\",\"width\":512,\"height\":512},{\"@type\":\"BreadcrumbList\",\"@id\":\"https:\/\/talkpal.ai\/no\/hebraisk-grammatikkovelser\/#breadcrumb\",\"itemListElement\":[{\"@type\":\"ListItem\",\"position\":1,\"name\":\"Homepage\",\"item\":\"https:\/\/talkpal.ai\/no\/\"},{\"@type\":\"ListItem\",\"position\":2,\"name\":\"Hebraisk grammatikk\u00f8velser\"}]},{\"@type\":\"WebSite\",\"@id\":\"https:\/\/talkpal.ai\/no\/#website\",\"url\":\"https:\/\/talkpal.ai\/no\/\",\"name\":\"Talkpal\",\"description\":\"AI Language Learning\",\"publisher\":{\"@id\":\"https:\/\/talkpal.ai\/no\/#organization\"},\"alternateName\":\"Talkpal AI\",\"potentialAction\":[{\"@type\":\"SearchAction\",\"target\":{\"@type\":\"EntryPoint\",\"urlTemplate\":\"https:\/\/talkpal.ai\/no\/?s={search_term_string}\"},\"query-input\":{\"@type\":\"PropertyValueSpecification\",\"valueRequired\":true,\"valueName\":\"search_term_string\"}}],\"inLanguage\":\"nb-NO\"},{\"@type\":\"Organization\",\"@id\":\"https:\/\/talkpal.ai\/no\/#organization\",\"name\":\"Talkpal, Inc.\",\"alternateName\":\"Talkpal AI\",\"url\":\"https:\/\/talkpal.ai\/no\/\",\"logo\":{\"@type\":\"ImageObject\",\"inLanguage\":\"nb-NO\",\"@id\":\"https:\/\/talkpal.ai\/no\/#\/schema\/logo\/image\/\",\"url\":\"https:\/\/talkpal.ai\/wp-content\/uploads\/2024\/03\/Talkpal-Logo-Icon.png\",\"contentUrl\":\"https:\/\/talkpal.ai\/wp-content\/uploads\/2024\/03\/Talkpal-Logo-Icon.png\",\"width\":2880,\"height\":2880,\"caption\":\"Talkpal, Inc.\"},\"image\":{\"@id\":\"https:\/\/talkpal.ai\/no\/#\/schema\/logo\/image\/\"},\"sameAs\":[\"https:\/\/www.facebook.com\/profile.php?id=100090733639311\",\"https:\/\/x.com\/talkpalai\",\"https:\/\/www.linkedin.com\/company\/talkpal\/\",\"https:\/\/www.youtube.com\/@TalkPal\/\",\"https:\/\/www.tiktok.com\/@talkpal\",\"https:\/\/www.instagram.com\/talkpal_ai\/\",\"https:\/\/www.crunchbase.com\/organization\/talkpal-9cde\",\"https:\/\/www.g2.com\/products\/talkpal-for-business\/\",\"https:\/\/www.trustpilot.com\/review\/talkpal.ai\",\"https:\/\/www.capterra.com\/p\/10006800\/TalkPal\/\"],\"description\":\"Talkpal is a language learning web and mobile education app, powered by the latest AI technologies, that provides engaging experiences to its customers in many different languages to help them improve their language skills. Users can chat about unlimited amount of topics with the app and use other modes to practice their language learning.\",\"email\":\"support@talkpal.ai\",\"legalName\":\"Talkpal, Inc.\",\"foundingDate\":\"2023-04-03\",\"duns\":\"118989042\",\"numberOfEmployees\":{\"@type\":\"QuantitativeValue\",\"minValue\":\"11\",\"maxValue\":\"50\"},\"publishingPrinciples\":\"https:\/\/talkpal.ai\/publishing-principles\/\",\"actionableFeedbackPolicy\":\"https:\/\/talkpal.ai\/actionable-feedback-policy\/\",\"correctionsPolicy\":\"https:\/\/talkpal.ai\/corrections-policy\/\",\"ethicsPolicy\":\"https:\/\/talkpal.ai\/ethics-policy\/\",\"diversityPolicy\":\"https:\/\/talkpal.ai\/diversity-policy\/\",\"diversityStaffingReport\":\"https:\/\/talkpal.ai\/diversity-policy\/\"}]}<\/script>\n<!-- \/ Yoast SEO Premium plugin. -->","yoast_head_json":{"title":"Hebraisk grammatikk\u00f8velser - Talkpal","description":"Forbedre din hebraiske grammatikk - engasjer deg i klare, praktiske \u00f8velser for \u00e5 enkelt styrke dine spr\u00e5kferdigheter med Talkpal AI.","robots":{"index":"index","follow":"follow","max-snippet":"max-snippet:-1","max-image-preview":"max-image-preview:large","max-video-preview":"max-video-preview:-1"},"canonical":"https:\/\/talkpal.ai\/no\/hebraisk-grammatikkovelser\/","og_locale":"nb_NO","og_type":"article","og_title":"Hebraisk grammatikk\u00f8velser","og_description":"Hebraisk grammatikkemner Hebraisk er et fascinerende og eldgammelt spr\u00e5k som har stor historisk og kulturell betydning. Som et av de eldste spr\u00e5kene i","og_url":"https:\/\/talkpal.ai\/no\/hebraisk-grammatikkovelser\/","og_site_name":"Talkpal","article_publisher":"https:\/\/www.facebook.com\/profile.php?id=100090733639311","article_modified_time":"2025-12-17T15:48:22+00:00","og_image":[{"width":512,"height":512,"url":"https:\/\/talkpal.ai\/wp-content\/uploads\/2023\/05\/israel.png","type":"image\/png"}],"twitter_card":"summary_large_image","twitter_site":"@talkpalai","twitter_misc":{"Ansl. lesetid":"3 minutter"},"schema":{"@context":"https:\/\/schema.org","@graph":[{"@type":"WebPage","@id":"https:\/\/talkpal.ai\/no\/hebraisk-grammatikkovelser\/","url":"https:\/\/talkpal.ai\/no\/hebraisk-grammatikkovelser\/","name":"Hebraisk grammatikk\u00f8velser - Talkpal","isPartOf":{"@id":"https:\/\/talkpal.ai\/no\/#website"},"primaryImageOfPage":{"@id":"https:\/\/talkpal.ai\/no\/hebraisk-grammatikkovelser\/#primaryimage"},"image":{"@id":"https:\/\/talkpal.ai\/no\/hebraisk-grammatikkovelser\/#primaryimage"},"thumbnailUrl":"https:\/\/talkpal.ai\/wp-content\/uploads\/2023\/05\/israel.png","datePublished":"2023-06-21T14:25:56+00:00","dateModified":"2025-12-17T15:48:22+00:00","description":"Forbedre din hebraiske grammatikk - engasjer deg i klare, praktiske \u00f8velser for \u00e5 enkelt styrke dine spr\u00e5kferdigheter med Talkpal AI.","breadcrumb":{"@id":"https:\/\/talkpal.ai\/no\/hebraisk-grammatikkovelser\/#breadcrumb"},"inLanguage":"nb-NO","potentialAction":[{"@type":"ReadAction","target":["https:\/\/talkpal.ai\/no\/hebraisk-grammatikkovelser\/"]}]},{"@type":"ImageObject","inLanguage":"nb-NO","@id":"https:\/\/talkpal.ai\/no\/hebraisk-grammatikkovelser\/#primaryimage","url":"https:\/\/talkpal.ai\/wp-content\/uploads\/2023\/05\/israel.png","contentUrl":"https:\/\/talkpal.ai\/wp-content\/uploads\/2023\/05\/israel.png","width":512,"height":512},{"@type":"BreadcrumbList","@id":"https:\/\/talkpal.ai\/no\/hebraisk-grammatikkovelser\/#breadcrumb","itemListElement":[{"@type":"ListItem","position":1,"name":"Homepage","item":"https:\/\/talkpal.ai\/no\/"},{"@type":"ListItem","position":2,"name":"Hebraisk grammatikk\u00f8velser"}]},{"@type":"WebSite","@id":"https:\/\/talkpal.ai\/no\/#website","url":"https:\/\/talkpal.ai\/no\/","name":"Talkpal","description":"AI Language Learning","publisher":{"@id":"https:\/\/talkpal.ai\/no\/#organization"},"alternateName":"Talkpal AI","potentialAction":[{"@type":"SearchAction","target":{"@type":"EntryPoint","urlTemplate":"https:\/\/talkpal.ai\/no\/?s={search_term_string}"},"query-input":{"@type":"PropertyValueSpecification","valueRequired":true,"valueName":"search_term_string"}}],"inLanguage":"nb-NO"},{"@type":"Organization","@id":"https:\/\/talkpal.ai\/no\/#organization","name":"Talkpal, Inc.","alternateName":"Talkpal AI","url":"https:\/\/talkpal.ai\/no\/","logo":{"@type":"ImageObject","inLanguage":"nb-NO","@id":"https:\/\/talkpal.ai\/no\/#\/schema\/logo\/image\/","url":"https:\/\/talkpal.ai\/wp-content\/uploads\/2024\/03\/Talkpal-Logo-Icon.png","contentUrl":"https:\/\/talkpal.ai\/wp-content\/uploads\/2024\/03\/Talkpal-Logo-Icon.png","width":2880,"height":2880,"caption":"Talkpal, Inc."},"image":{"@id":"https:\/\/talkpal.ai\/no\/#\/schema\/logo\/image\/"},"sameAs":["https:\/\/www.facebook.com\/profile.php?id=100090733639311","https:\/\/x.com\/talkpalai","https:\/\/www.linkedin.com\/company\/talkpal\/","https:\/\/www.youtube.com\/@TalkPal\/","https:\/\/www.tiktok.com\/@talkpal","https:\/\/www.instagram.com\/talkpal_ai\/","https:\/\/www.crunchbase.com\/organization\/talkpal-9cde","https:\/\/www.g2.com\/products\/talkpal-for-business\/","https:\/\/www.trustpilot.com\/review\/talkpal.ai","https:\/\/www.capterra.com\/p\/10006800\/TalkPal\/"],"description":"Talkpal is a language learning web and mobile education app, powered by the latest AI technologies, that provides engaging experiences to its customers in many different languages to help them improve their language skills. Users can chat about unlimited amount of topics with the app and use other modes to practice their language learning.","email":"support@talkpal.ai","legalName":"Talkpal, Inc.","foundingDate":"2023-04-03","duns":"118989042","numberOfEmployees":{"@type":"QuantitativeValue","minValue":"11","maxValue":"50"},"publishingPrinciples":"https:\/\/talkpal.ai\/publishing-principles\/","actionableFeedbackPolicy":"https:\/\/talkpal.ai\/actionable-feedback-policy\/","correctionsPolicy":"https:\/\/talkpal.ai\/corrections-policy\/","ethicsPolicy":"https:\/\/talkpal.ai\/ethics-policy\/","diversityPolicy":"https:\/\/talkpal.ai\/diversity-policy\/","diversityStaffingReport":"https:\/\/talkpal.ai\/diversity-policy\/"}]}},"_links":{"self":[{"href":"https:\/\/talkpal.ai\/no\/wp-json\/wp\/v2\/pages\/162229","targetHints":{"allow":["GET"]}}],"collection":[{"href":"https:\/\/talkpal.ai\/no\/wp-json\/wp\/v2\/pages"}],"about":[{"href":"https:\/\/talkpal.ai\/no\/wp-json\/wp\/v2\/types\/page"}],"author":[{"embeddable":true,"href":"https:\/\/talkpal.ai\/no\/wp-json\/wp\/v2\/users\/6"}],"replies":[{"embeddable":true,"href":"https:\/\/talkpal.ai\/no\/wp-json\/wp\/v2\/comments?post=162229"}],"version-history":[{"count":0,"href":"https:\/\/talkpal.ai\/no\/wp-json\/wp\/v2\/pages\/162229\/revisions"}],"wp:featuredmedia":[{"embeddable":true,"href":"https:\/\/talkpal.ai\/no\/wp-json\/wp\/v2\/media\/113059"}],"wp:attachment":[{"href":"https:\/\/talkpal.ai\/no\/wp-json\/wp\/v2\/media?parent=162229"}],"curies":[{"name":"wp","href":"https:\/\/api.w.org\/{rel}","templated":true}]}}