{"id":160769,"date":"2023-06-22T08:01:09","date_gmt":"2023-06-22T08:01:09","guid":{"rendered":"http:\/\/talkpal.ai\/kasakhisk-grammatikkovelser\/"},"modified":"2025-12-17T14:57:29","modified_gmt":"2025-12-17T14:57:29","slug":"kasakhisk-grammatikkovelser","status":"publish","type":"page","link":"https:\/\/talkpal.ai\/no\/kasakhisk-grammatikkovelser\/","title":{"rendered":"Kasakhisk grammatikk\u00f8velser"},"content":{"rendered":"\r\n\r\n\r\n<section class=\"languageChallengeSection\">\r\n    <div class=\"languageInfoWrapper\">\r\n        \r\n        <h1>Kasakhisk grammatikk\u00f8velser<\/h1>\r\n        <p>Er du klar til \u00e5 bygge opp selvtilliten din i <a href=\"https:\/\/talkpal.ai\/learn-kazakh\/\">kasakhisk<\/a>? Fokus p\u00e5 grammatikk\u00f8velser er en fin m\u00e5te \u00e5 l\u00e6re seg setningsoppbygging, verbformer og viktige spr\u00e5km\u00f8nstre p\u00e5. Begynn \u00e5 \u00f8ve p\u00e5 <a href=\"https:\/\/talkpal.ai\/learn-kazakh\/\">kasakhisk<\/a> grammatikk i dag, og se fremgang etter hvert som du styrker forst\u00e5elsen din trinn for trinn!<\/p>\r\n\r\n                            <a class=\"getStartedHidden\" href=\"https:\/\/app.talkpal.ai\/no\/signup?lng=\">Kom i gang<\/a>\r\n        \r\n    <\/div>\r\n\r\n    <figure>\r\n    <img decoding=\"async\" width=\"768\" height=\"768\" src=\"https:\/\/talkpal.ai\/wp-content\/uploads\/2023\/06\/Khazak-768x768.png\" class=\"languageImage no-lazy\" alt=\"Language learning for increased negotiation skills\" fetchpriority=\"high\" sizes=\"(max-width: 768px) 150px, 768px\" srcset=\"https:\/\/talkpal.ai\/wp-content\/uploads\/2023\/06\/Khazak-768x768.png 768w, https:\/\/talkpal.ai\/wp-content\/uploads\/2023\/06\/Khazak-300x300.png 300w\" \/>\r\n    \r\n\r\n    <\/figure>\r\n\r\n            <a class=\"getStartedVisible\" href=\"https:\/\/app.talkpal.ai\/no\/signup?lng=\">Kom i gang<\/a>\r\n    \r\n<\/section>\r\n\r\n\r\n<!-- <section class=\"grammarSection\">\r\n    <div class=\"grammarLinks\">\r\n            <\/div>\r\n<\/section> -->\r\n\r\n\r\n\r\n\r\n<section class=\"promotionalBanner\">\r\n    <p class=\"promotionalText\">Den mest effektive m\u00e5ten \u00e5 l\u00e6re et spr\u00e5k p\u00e5<\/p>\r\n    <a class=\"promotionalLink\" href=\"https:\/\/app.talkpal.ai\/no\/signup?lng=\">Pr\u00f8v Talkpal gratis<\/a>\r\n<\/section>\n<div class=\"wp-block-group pageContainerStyle\"><div class=\"wp-block-group__inner-container is-layout-constrained wp-block-group-is-layout-constrained\">\n<h2 class=\"wp-block-heading\" id=\"h-kazakh-grammar-topics\">Kasakhisk grammatikkemner<\/h2>\n\n\n\n<p>\u00c5 l\u00e6re et nytt spr\u00e5k kan v\u00e6re en utfordrende, men likevel givende opplevelse som \u00e5pner for muligheter for personlig og profesjonell vekst. Et av spr\u00e5kene som vinner popularitet blant spr\u00e5kelever er kasakhisk, et <a href=\"https:\/\/talkpal.ai\/learn-turkish\/\">tyrkisk<\/a> spr\u00e5k som snakkes av millioner av mennesker i Kasakhstan og regionene rundt. Den kasakhiske grammatikken er unik, med en rik struktur og ulike elementer som krever en systematisk l\u00e6ringstiln\u00e6rming. I denne veiledningen vil vi diskutere flere viktige kasakhiske grammatikkemner, inkludert tider, substantiv, verb, artikler, pronomen, adjektiver, adverb, betingelser, preposisjoner og setningsstrukturer. Ved \u00e5 forst\u00e5 rekkef\u00f8lgen av \u00e5 l\u00e6re disse emnene, kan du effektivt komme videre i reisen din til \u00e5 <a href=\"https:\/\/talkpal.ai\/locations\/language-courses-in-mestre\/\">mestre<\/a> det kasakhiske spr\u00e5ket.<\/p>\n\n\n\n<h3 class=\"wp-block-heading\" id=\"h-1-nouns\">1. Substantiv:<\/h3>\n\n\n\n<p>Grunnlaget for ethvert spr\u00e5k starter med \u00e5 l\u00e6re substantivene. I kasakhisk har ikke substantiver kj\u00f8nn, men de har kasus. \u00c5 forst\u00e5 de forskjellige tilfellene og deres funksjoner er avgj\u00f8rende for \u00e5 bygge vokabular og danne grunnleggende setninger.<\/p>\n\n\n\n<h3 class=\"wp-block-heading\" id=\"h-2-articles\">2. Artikler:<\/h3>\n\n\n\n<p>Artikler finnes ikke p\u00e5 det kasakhiske spr\u00e5ket, noe som gj\u00f8r det lettere for elever \u00e5 fokusere p\u00e5 andre grammatikkaspekter.<\/p>\n\n\n\n<h3 class=\"wp-block-heading\" id=\"h-3-pronouns-determiners\">3. Pronomen\/bestemmere:<\/h3>\n\n\n\n<p>Disse er avgj\u00f8rende for \u00e5 erstatte substantiver og spesifisere deres mengde eller identitet. \u00c5 l\u00e6re pronomen og bestemmere vil hjelpe deg med \u00e5 lage mer komplekse setninger og forbedre din generelle flyt.<\/p>\n\n\n\n<h3 class=\"wp-block-heading\" id=\"h-4-verbs\">4. Verb:<\/h3>\n\n\n\n<p>Verb er ryggraden i ethvert spr\u00e5k, og \u00e5 l\u00e6re deres b\u00f8yningsm\u00f8nstre er avgj\u00f8rende. P\u00e5 kasakhisk er verb b\u00f8yet basert p\u00e5 tid, stemning og stemme. \u00c5 gj\u00f8re deg kjent med disse konjugasjonene vil gj\u00f8re deg i stand til \u00e5 uttrykke handlinger og hendelser n\u00f8yaktig.<\/p>\n\n\n\n<h3 class=\"wp-block-heading\" id=\"h-5-tenses\">5. Tider:<\/h3>\n\n\n\n<p>Kasakhisk har flere tider, inkludert fortid, n\u00e5tid og fremtid. \u00c5 l\u00e6re \u00e5 danne og bruke disse tidene riktig er avgj\u00f8rende for \u00e5 formidle tidspunktet for handlinger og hendelser.<\/p>\n\n\n\n<h3 class=\"wp-block-heading\" id=\"h-6-tense-comparison\">6. Anspent sammenligning:<\/h3>\n\n\n\n<p>\u00c5 forst\u00e5 forskjellen mellom tider og hvordan de interagerer med hverandre vil utdype forst\u00e5elsen av <a href=\"https:\/\/talkpal.ai\/kazakh-grammar\/\">kasakhisk grammatikk<\/a>.<\/p>\n\n\n\n<h3 class=\"wp-block-heading\" id=\"h-7-progressive\">7. Progressiv:<\/h3>\n\n\n\n<p>Dette aspektet indikerer p\u00e5g\u00e5ende handlinger. \u00c5 l\u00e6re den progressive formen p\u00e5 kasakhisk vil hjelpe deg \u00e5 uttrykke handlinger som for \u00f8yeblikket skjer eller som skjedde p\u00e5 et bestemt tidspunkt.<\/p>\n\n\n\n<h3 class=\"wp-block-heading\" id=\"h-8-perfect-progressive\">8. Perfekt progressiv:<\/h3>\n\n\n\n<p>Den perfekte progressive kombinerer de perfekte og progressive aspektene for \u00e5 indikere en handling som begynte i fortiden og som fortsatt p\u00e5g\u00e5r. \u00c5 mestre dette aspektet vil forbedre din evne til \u00e5 uttrykke komplekse ideer p\u00e5 kasakhisk.<\/p>\n\n\n\n<h3 class=\"wp-block-heading\" id=\"h-9-adjectives\">9. Adjektiver:<\/h3>\n\n\n\n<p>Adjektiver beskriver egenskapene og egenskapene til substantiver. \u00c5 l\u00e6re hvordan du bruker adjektiver riktig p\u00e5 kasakhisk vil berike ordforr\u00e5det ditt og gj\u00f8re deg i stand til \u00e5 gi mer detaljerte beskrivelser.<\/p>\n\n\n\n<h3 class=\"wp-block-heading\" id=\"h-10-adverbs\">10. Adverb:<\/h3>\n\n\n\n<p>Adverb endrer verb, adjektiver og andre adverb. \u00c5 tilegne seg kunnskap om kasakhiske adverb og deres bruk vil forbedre din evne til \u00e5 uttrykke handlinger og hendelser mer presist.<\/p>\n\n\n\n<h3 class=\"wp-block-heading\" id=\"h-11-conditionals\">11. Betingelser:<\/h3>\n\n\n\n<p>Betingelser brukes til \u00e5 uttrykke hypotetiske situasjoner og deres mulige konsekvenser. \u00c5 mestre bruken av betingelser p\u00e5 kasakhisk vil hjelpe deg med \u00e5 formidle komplekse ideer og hypotetiske scenarier.<\/p>\n\n\n\n<h3 class=\"wp-block-heading\" id=\"h-12-prepositions\">12. Preposisjoner:<\/h3>\n\n\n\n<p>Preposisjoner indikerer forholdet mellom substantiver i en setning. \u00c5 l\u00e6re kasakhiske preposisjoner og deres funksjoner vil tillate deg \u00e5 konstruere mer komplekse setninger.<\/p>\n\n\n\n<h3 class=\"wp-block-heading\" id=\"h-13-sentences\">13. Setninger:<\/h3>\n\n\n\n<p>Til slutt er det viktig \u00e5 forst\u00e5 setningsstrukturer og reglene for \u00e5 kombinere ulike grammatikkelementer for \u00e5 mestre det kasakhiske spr\u00e5ket. Denne kunnskapen vil gj\u00f8re deg i stand til \u00e5 kommunisere effektivt og n\u00f8yaktig i ulike situasjoner.<\/p>\n<\/div><\/div>\n\r\n<section class=\"learnNavigationSection\">\r\n            \r\n        <a href=\"https:\/\/talkpal.ai\/no\/laer-kasakhisk\/\">\r\n            <div class=\"learnNavigationWrapper\">\r\n                <div class=\"learnNavigationContent\">\r\n                    <img decoding=\"async\" src=\"https:\/\/talkpal.ai\/wp-content\/uploads\/2024\/08\/Kazakh.jpg\" alt=\"Kazakh Flag\">\r\n                    <div>\r\n                        <h4>Om kasakhisk l\u00e6ring<\/h4>\r\n                        <p>Finn ut alt om kasakhisk grammatikk.<\/p>\r\n                    <\/div>\r\n                <\/div>\r\n            <\/div>\r\n        <\/a>\r\n\r\n        \r\n        <a href=\"https:\/\/talkpal.ai\/no\/kasakhisk-grammatikk\/\">\r\n            <div class=\"learnNavigationWrapper\">\r\n                <div class=\"learnNavigationContent\">\r\n                    <img decoding=\"async\" src=\"https:\/\/talkpal.ai\/wp-content\/uploads\/2024\/08\/Kazakh.jpg\" alt=\"Kazakh Flag\">\r\n                    <div>\r\n                        <h4>Leksjoner i kasakhisk grammatikk<\/h4>\r\n                        <p>\u00d8v p\u00e5 kasakhisk grammatikk.<\/p>\r\n                    <\/div>\r\n                <\/div>\r\n            <\/div>\r\n        <\/a>\r\n\r\n        \r\n        <a href=\"https:\/\/talkpal.ai\/vocabulary_language\/kazakh\/\">\r\n            <div class=\"learnNavigationWrapper\">\r\n                <div class=\"learnNavigationContent\">\r\n                    <img decoding=\"async\" src=\"https:\/\/talkpal.ai\/wp-content\/uploads\/2024\/08\/Kazakh.jpg\" alt=\"Kazakh Flag\">\r\n                    <div>\r\n                        <h4>Kasakhisk ordforr\u00e5d<\/h4>\r\n                        <p>Utvid det kasakhiske ordforr\u00e5det ditt.<\/p>\r\n                    <\/div>\r\n                <\/div>\r\n            <\/div>\r\n        <\/a>\r\n\r\n            <\/section>","protected":false},"excerpt":{"rendered":"<p>Kasakhisk grammatikkemner \u00c5 l\u00e6re et nytt spr\u00e5k kan v\u00e6re en utfordrende, men likevel givende opplevelse som \u00e5pner for muligheter for personlig og profesjonell vekst. Et av spr\u00e5kene som vinner popularitet blant spr\u00e5kelever er kasakhisk, et tyrkisk spr\u00e5k som snakkes av millioner av mennesker i Kasakhstan og regionene rundt. Den kasakhiske grammatikken er unik, med en [&hellip;]<\/p>\n","protected":false},"author":6,"featured_media":114171,"parent":0,"menu_order":0,"comment_status":"closed","ping_status":"closed","template":"LearningContentPage.php","meta":{"_acf_changed":false,"footnotes":""},"class_list":["post-160769","page","type-page","status-publish","has-post-thumbnail","hentry"],"acf":[],"yoast_head":"<!-- This site is optimized with the Yoast SEO Premium plugin v27.2 (Yoast SEO v27.2) - https:\/\/yoast.com\/product\/yoast-seo-premium-wordpress\/ -->\n<title>Kasakhisk grammatikk\u00f8velser - Talkpal<\/title>\n<meta name=\"description\" content=\"Forbedre dine kasakhiske grammatikkferdigheter effektivt - forbedre n\u00f8yaktigheten, \u00f8v interaktive \u00f8velser og perfekt bruk!\" \/>\n<meta name=\"robots\" content=\"index, follow, max-snippet:-1, max-image-preview:large, max-video-preview:-1\" \/>\n<link rel=\"canonical\" href=\"https:\/\/talkpal.ai\/no\/kasakhisk-grammatikkovelser\/\" \/>\n<meta property=\"og:locale\" content=\"nb_NO\" \/>\n<meta property=\"og:type\" content=\"article\" \/>\n<meta property=\"og:title\" content=\"Kasakhisk grammatikk\u00f8velser\" \/>\n<meta property=\"og:description\" content=\"Kasakhisk grammatikkemner \u00c5 l\u00e6re et nytt spr\u00e5k kan v\u00e6re en utfordrende, men likevel givende opplevelse som \u00e5pner for muligheter for personlig og\" \/>\n<meta property=\"og:url\" content=\"https:\/\/talkpal.ai\/no\/kasakhisk-grammatikkovelser\/\" \/>\n<meta property=\"og:site_name\" content=\"Talkpal\" \/>\n<meta property=\"article:publisher\" content=\"https:\/\/www.facebook.com\/profile.php?id=100090733639311\" \/>\n<meta property=\"article:modified_time\" content=\"2025-12-17T14:57:29+00:00\" \/>\n<meta property=\"og:image\" content=\"https:\/\/talkpal.ai\/wp-content\/uploads\/2023\/05\/kazakhstan.png\" \/>\n\t<meta property=\"og:image:width\" content=\"512\" \/>\n\t<meta property=\"og:image:height\" content=\"512\" \/>\n\t<meta property=\"og:image:type\" content=\"image\/png\" \/>\n<meta name=\"twitter:card\" content=\"summary_large_image\" \/>\n<meta name=\"twitter:site\" content=\"@talkpalai\" \/>\n<meta name=\"twitter:label1\" content=\"Ansl. lesetid\" \/>\n\t<meta name=\"twitter:data1\" content=\"3 minutter\" \/>\n<script type=\"application\/ld+json\" class=\"yoast-schema-graph\">{\"@context\":\"https:\/\/schema.org\",\"@graph\":[{\"@type\":\"WebPage\",\"@id\":\"https:\/\/talkpal.ai\/no\/kasakhisk-grammatikkovelser\/\",\"url\":\"https:\/\/talkpal.ai\/no\/kasakhisk-grammatikkovelser\/\",\"name\":\"Kasakhisk grammatikk\u00f8velser - Talkpal\",\"isPartOf\":{\"@id\":\"https:\/\/talkpal.ai\/no\/#website\"},\"primaryImageOfPage\":{\"@id\":\"https:\/\/talkpal.ai\/no\/kasakhisk-grammatikkovelser\/#primaryimage\"},\"image\":{\"@id\":\"https:\/\/talkpal.ai\/no\/kasakhisk-grammatikkovelser\/#primaryimage\"},\"thumbnailUrl\":\"https:\/\/talkpal.ai\/wp-content\/uploads\/2023\/05\/kazakhstan.png\",\"datePublished\":\"2023-06-22T08:01:09+00:00\",\"dateModified\":\"2025-12-17T14:57:29+00:00\",\"description\":\"Forbedre dine kasakhiske grammatikkferdigheter effektivt - forbedre n\u00f8yaktigheten, \u00f8v interaktive \u00f8velser og perfekt bruk!\",\"breadcrumb\":{\"@id\":\"https:\/\/talkpal.ai\/no\/kasakhisk-grammatikkovelser\/#breadcrumb\"},\"inLanguage\":\"nb-NO\",\"potentialAction\":[{\"@type\":\"ReadAction\",\"target\":[\"https:\/\/talkpal.ai\/no\/kasakhisk-grammatikkovelser\/\"]}]},{\"@type\":\"ImageObject\",\"inLanguage\":\"nb-NO\",\"@id\":\"https:\/\/talkpal.ai\/no\/kasakhisk-grammatikkovelser\/#primaryimage\",\"url\":\"https:\/\/talkpal.ai\/wp-content\/uploads\/2023\/05\/kazakhstan.png\",\"contentUrl\":\"https:\/\/talkpal.ai\/wp-content\/uploads\/2023\/05\/kazakhstan.png\",\"width\":512,\"height\":512},{\"@type\":\"BreadcrumbList\",\"@id\":\"https:\/\/talkpal.ai\/no\/kasakhisk-grammatikkovelser\/#breadcrumb\",\"itemListElement\":[{\"@type\":\"ListItem\",\"position\":1,\"name\":\"Homepage\",\"item\":\"https:\/\/talkpal.ai\/no\/\"},{\"@type\":\"ListItem\",\"position\":2,\"name\":\"Kasakhisk grammatikk\u00f8velser\"}]},{\"@type\":\"WebSite\",\"@id\":\"https:\/\/talkpal.ai\/no\/#website\",\"url\":\"https:\/\/talkpal.ai\/no\/\",\"name\":\"Talkpal\",\"description\":\"AI Language Learning\",\"publisher\":{\"@id\":\"https:\/\/talkpal.ai\/no\/#organization\"},\"alternateName\":\"Talkpal AI\",\"potentialAction\":[{\"@type\":\"SearchAction\",\"target\":{\"@type\":\"EntryPoint\",\"urlTemplate\":\"https:\/\/talkpal.ai\/no\/?s={search_term_string}\"},\"query-input\":{\"@type\":\"PropertyValueSpecification\",\"valueRequired\":true,\"valueName\":\"search_term_string\"}}],\"inLanguage\":\"nb-NO\"},{\"@type\":\"Organization\",\"@id\":\"https:\/\/talkpal.ai\/no\/#organization\",\"name\":\"Talkpal, Inc.\",\"alternateName\":\"Talkpal AI\",\"url\":\"https:\/\/talkpal.ai\/no\/\",\"logo\":{\"@type\":\"ImageObject\",\"inLanguage\":\"nb-NO\",\"@id\":\"https:\/\/talkpal.ai\/no\/#\/schema\/logo\/image\/\",\"url\":\"https:\/\/talkpal.ai\/wp-content\/uploads\/2024\/03\/Talkpal-Logo-Icon.png\",\"contentUrl\":\"https:\/\/talkpal.ai\/wp-content\/uploads\/2024\/03\/Talkpal-Logo-Icon.png\",\"width\":2880,\"height\":2880,\"caption\":\"Talkpal, Inc.\"},\"image\":{\"@id\":\"https:\/\/talkpal.ai\/no\/#\/schema\/logo\/image\/\"},\"sameAs\":[\"https:\/\/www.facebook.com\/profile.php?id=100090733639311\",\"https:\/\/x.com\/talkpalai\",\"https:\/\/www.linkedin.com\/company\/talkpal\/\",\"https:\/\/www.youtube.com\/@TalkPal\/\",\"https:\/\/www.tiktok.com\/@talkpal\",\"https:\/\/www.instagram.com\/talkpal_ai\/\",\"https:\/\/www.crunchbase.com\/organization\/talkpal-9cde\",\"https:\/\/www.g2.com\/products\/talkpal-for-business\/\",\"https:\/\/www.trustpilot.com\/review\/talkpal.ai\",\"https:\/\/www.capterra.com\/p\/10006800\/TalkPal\/\"],\"description\":\"Talkpal is a language learning web and mobile education app, powered by the latest AI technologies, that provides engaging experiences to its customers in many different languages to help them improve their language skills. Users can chat about unlimited amount of topics with the app and use other modes to practice their language learning.\",\"email\":\"support@talkpal.ai\",\"legalName\":\"Talkpal, Inc.\",\"foundingDate\":\"2023-04-03\",\"duns\":\"118989042\",\"numberOfEmployees\":{\"@type\":\"QuantitativeValue\",\"minValue\":\"11\",\"maxValue\":\"50\"},\"publishingPrinciples\":\"https:\/\/talkpal.ai\/publishing-principles\/\",\"actionableFeedbackPolicy\":\"https:\/\/talkpal.ai\/actionable-feedback-policy\/\",\"correctionsPolicy\":\"https:\/\/talkpal.ai\/corrections-policy\/\",\"ethicsPolicy\":\"https:\/\/talkpal.ai\/ethics-policy\/\",\"diversityPolicy\":\"https:\/\/talkpal.ai\/diversity-policy\/\",\"diversityStaffingReport\":\"https:\/\/talkpal.ai\/diversity-policy\/\"}]}<\/script>\n<!-- \/ Yoast SEO Premium plugin. -->","yoast_head_json":{"title":"Kasakhisk grammatikk\u00f8velser - Talkpal","description":"Forbedre dine kasakhiske grammatikkferdigheter effektivt - forbedre n\u00f8yaktigheten, \u00f8v interaktive \u00f8velser og perfekt bruk!","robots":{"index":"index","follow":"follow","max-snippet":"max-snippet:-1","max-image-preview":"max-image-preview:large","max-video-preview":"max-video-preview:-1"},"canonical":"https:\/\/talkpal.ai\/no\/kasakhisk-grammatikkovelser\/","og_locale":"nb_NO","og_type":"article","og_title":"Kasakhisk grammatikk\u00f8velser","og_description":"Kasakhisk grammatikkemner \u00c5 l\u00e6re et nytt spr\u00e5k kan v\u00e6re en utfordrende, men likevel givende opplevelse som \u00e5pner for muligheter for personlig og","og_url":"https:\/\/talkpal.ai\/no\/kasakhisk-grammatikkovelser\/","og_site_name":"Talkpal","article_publisher":"https:\/\/www.facebook.com\/profile.php?id=100090733639311","article_modified_time":"2025-12-17T14:57:29+00:00","og_image":[{"width":512,"height":512,"url":"https:\/\/talkpal.ai\/wp-content\/uploads\/2023\/05\/kazakhstan.png","type":"image\/png"}],"twitter_card":"summary_large_image","twitter_site":"@talkpalai","twitter_misc":{"Ansl. lesetid":"3 minutter"},"schema":{"@context":"https:\/\/schema.org","@graph":[{"@type":"WebPage","@id":"https:\/\/talkpal.ai\/no\/kasakhisk-grammatikkovelser\/","url":"https:\/\/talkpal.ai\/no\/kasakhisk-grammatikkovelser\/","name":"Kasakhisk grammatikk\u00f8velser - Talkpal","isPartOf":{"@id":"https:\/\/talkpal.ai\/no\/#website"},"primaryImageOfPage":{"@id":"https:\/\/talkpal.ai\/no\/kasakhisk-grammatikkovelser\/#primaryimage"},"image":{"@id":"https:\/\/talkpal.ai\/no\/kasakhisk-grammatikkovelser\/#primaryimage"},"thumbnailUrl":"https:\/\/talkpal.ai\/wp-content\/uploads\/2023\/05\/kazakhstan.png","datePublished":"2023-06-22T08:01:09+00:00","dateModified":"2025-12-17T14:57:29+00:00","description":"Forbedre dine kasakhiske grammatikkferdigheter effektivt - forbedre n\u00f8yaktigheten, \u00f8v interaktive \u00f8velser og perfekt bruk!","breadcrumb":{"@id":"https:\/\/talkpal.ai\/no\/kasakhisk-grammatikkovelser\/#breadcrumb"},"inLanguage":"nb-NO","potentialAction":[{"@type":"ReadAction","target":["https:\/\/talkpal.ai\/no\/kasakhisk-grammatikkovelser\/"]}]},{"@type":"ImageObject","inLanguage":"nb-NO","@id":"https:\/\/talkpal.ai\/no\/kasakhisk-grammatikkovelser\/#primaryimage","url":"https:\/\/talkpal.ai\/wp-content\/uploads\/2023\/05\/kazakhstan.png","contentUrl":"https:\/\/talkpal.ai\/wp-content\/uploads\/2023\/05\/kazakhstan.png","width":512,"height":512},{"@type":"BreadcrumbList","@id":"https:\/\/talkpal.ai\/no\/kasakhisk-grammatikkovelser\/#breadcrumb","itemListElement":[{"@type":"ListItem","position":1,"name":"Homepage","item":"https:\/\/talkpal.ai\/no\/"},{"@type":"ListItem","position":2,"name":"Kasakhisk grammatikk\u00f8velser"}]},{"@type":"WebSite","@id":"https:\/\/talkpal.ai\/no\/#website","url":"https:\/\/talkpal.ai\/no\/","name":"Talkpal","description":"AI Language Learning","publisher":{"@id":"https:\/\/talkpal.ai\/no\/#organization"},"alternateName":"Talkpal AI","potentialAction":[{"@type":"SearchAction","target":{"@type":"EntryPoint","urlTemplate":"https:\/\/talkpal.ai\/no\/?s={search_term_string}"},"query-input":{"@type":"PropertyValueSpecification","valueRequired":true,"valueName":"search_term_string"}}],"inLanguage":"nb-NO"},{"@type":"Organization","@id":"https:\/\/talkpal.ai\/no\/#organization","name":"Talkpal, Inc.","alternateName":"Talkpal AI","url":"https:\/\/talkpal.ai\/no\/","logo":{"@type":"ImageObject","inLanguage":"nb-NO","@id":"https:\/\/talkpal.ai\/no\/#\/schema\/logo\/image\/","url":"https:\/\/talkpal.ai\/wp-content\/uploads\/2024\/03\/Talkpal-Logo-Icon.png","contentUrl":"https:\/\/talkpal.ai\/wp-content\/uploads\/2024\/03\/Talkpal-Logo-Icon.png","width":2880,"height":2880,"caption":"Talkpal, Inc."},"image":{"@id":"https:\/\/talkpal.ai\/no\/#\/schema\/logo\/image\/"},"sameAs":["https:\/\/www.facebook.com\/profile.php?id=100090733639311","https:\/\/x.com\/talkpalai","https:\/\/www.linkedin.com\/company\/talkpal\/","https:\/\/www.youtube.com\/@TalkPal\/","https:\/\/www.tiktok.com\/@talkpal","https:\/\/www.instagram.com\/talkpal_ai\/","https:\/\/www.crunchbase.com\/organization\/talkpal-9cde","https:\/\/www.g2.com\/products\/talkpal-for-business\/","https:\/\/www.trustpilot.com\/review\/talkpal.ai","https:\/\/www.capterra.com\/p\/10006800\/TalkPal\/"],"description":"Talkpal is a language learning web and mobile education app, powered by the latest AI technologies, that provides engaging experiences to its customers in many different languages to help them improve their language skills. Users can chat about unlimited amount of topics with the app and use other modes to practice their language learning.","email":"support@talkpal.ai","legalName":"Talkpal, Inc.","foundingDate":"2023-04-03","duns":"118989042","numberOfEmployees":{"@type":"QuantitativeValue","minValue":"11","maxValue":"50"},"publishingPrinciples":"https:\/\/talkpal.ai\/publishing-principles\/","actionableFeedbackPolicy":"https:\/\/talkpal.ai\/actionable-feedback-policy\/","correctionsPolicy":"https:\/\/talkpal.ai\/corrections-policy\/","ethicsPolicy":"https:\/\/talkpal.ai\/ethics-policy\/","diversityPolicy":"https:\/\/talkpal.ai\/diversity-policy\/","diversityStaffingReport":"https:\/\/talkpal.ai\/diversity-policy\/"}]}},"_links":{"self":[{"href":"https:\/\/talkpal.ai\/no\/wp-json\/wp\/v2\/pages\/160769","targetHints":{"allow":["GET"]}}],"collection":[{"href":"https:\/\/talkpal.ai\/no\/wp-json\/wp\/v2\/pages"}],"about":[{"href":"https:\/\/talkpal.ai\/no\/wp-json\/wp\/v2\/types\/page"}],"author":[{"embeddable":true,"href":"https:\/\/talkpal.ai\/no\/wp-json\/wp\/v2\/users\/6"}],"replies":[{"embeddable":true,"href":"https:\/\/talkpal.ai\/no\/wp-json\/wp\/v2\/comments?post=160769"}],"version-history":[{"count":0,"href":"https:\/\/talkpal.ai\/no\/wp-json\/wp\/v2\/pages\/160769\/revisions"}],"wp:featuredmedia":[{"embeddable":true,"href":"https:\/\/talkpal.ai\/no\/wp-json\/wp\/v2\/media\/114171"}],"wp:attachment":[{"href":"https:\/\/talkpal.ai\/no\/wp-json\/wp\/v2\/media?parent=160769"}],"curies":[{"name":"wp","href":"https:\/\/api.w.org\/{rel}","templated":true}]}}