{"id":159864,"date":"2023-06-22T08:24:14","date_gmt":"2023-06-22T08:24:14","guid":{"rendered":"http:\/\/talkpal.ai\/makedonske-grammatikkovelser\/"},"modified":"2025-12-17T15:55:51","modified_gmt":"2025-12-17T15:55:51","slug":"makedonske-grammatikkovelser","status":"publish","type":"page","link":"https:\/\/talkpal.ai\/no\/makedonske-grammatikkovelser\/","title":{"rendered":"Makedonske grammatikk\u00f8velser"},"content":{"rendered":"\r\n\r\n\r\n<section class=\"languageChallengeSection\">\r\n    <div class=\"languageInfoWrapper\">\r\n        \r\n        <h1>Makedonske grammatikk\u00f8velser<\/h1>\r\n        <p>\u00d8nsker du \u00e5 bygge selvtillit i <a href=\"https:\/\/talkpal.ai\/learn-macedonian\/\">makedonsk<\/a>? Grammatikk\u00f8velser er en fin m\u00e5te \u00e5 forst\u00e5 setningsstruktur, verbformer og de unike trekkene ved det makedonske spr\u00e5ket p\u00e5. Begynn \u00e5 utforske <a href=\"https:\/\/talkpal.ai\/da\/laer-makedonsk\/\">makedonsk grammatikk<\/a> i dag, og se hvordan ferdighetene dine vokser for hver \u00f8velse!<\/p>\r\n\r\n                            <a class=\"getStartedHidden\" href=\"https:\/\/app.talkpal.ai\/no\/signup?lng=\">Kom i gang<\/a>\r\n        \r\n    <\/div>\r\n\r\n    <figure>\r\n    <img decoding=\"async\" width=\"768\" height=\"768\" src=\"https:\/\/talkpal.ai\/wp-content\/uploads\/2023\/06\/macedonian-768x768.png\" class=\"languageImage no-lazy\" alt=\"Language learning through conversational practice\" fetchpriority=\"high\" sizes=\"(max-width: 768px) 150px, 768px\" srcset=\"https:\/\/talkpal.ai\/wp-content\/uploads\/2023\/06\/macedonian-768x768.png 768w, https:\/\/talkpal.ai\/wp-content\/uploads\/2023\/06\/macedonian-300x300.png 300w\" \/>\r\n    \r\n\r\n    <\/figure>\r\n\r\n            <a class=\"getStartedVisible\" href=\"https:\/\/app.talkpal.ai\/no\/signup?lng=\">Kom i gang<\/a>\r\n    \r\n<\/section>\r\n\r\n\r\n<!-- <section class=\"grammarSection\">\r\n    <div class=\"grammarLinks\">\r\n            <\/div>\r\n<\/section> -->\r\n\r\n\r\n\r\n\r\n<section class=\"promotionalBanner\">\r\n    <p class=\"promotionalText\">Den mest effektive m\u00e5ten \u00e5 l\u00e6re et spr\u00e5k p\u00e5<\/p>\r\n    <a class=\"promotionalLink\" href=\"https:\/\/app.talkpal.ai\/no\/signup?lng=\">Pr\u00f8v Talkpal gratis<\/a>\r\n<\/section>\n<div class=\"wp-block-group pageContainerStyle\"><div class=\"wp-block-group__inner-container is-layout-constrained wp-block-group-is-layout-constrained\">\n<h2 class=\"wp-block-heading\" id=\"h-macedonian-grammar-topics\">Makedonske grammatikkemner<\/h2>\n\n\n\n<header id=\"main-header\" data-height-onload=\"80\" data-height-loaded=\"true\" data-fixed-height-onload=\"80\">\n<p>Makedonsk, et s\u00f8rslavisk spr\u00e5k, er det offisielle spr\u00e5ket i Nord-Makedonia. Det snakkes av over to millioner mennesker over hele verden og tilbyr en unik spr\u00e5klig opplevelse p\u00e5 grunn av dets spesifikke grammatikkregler og rike ordforr\u00e5d. Denne veiledningen vil gi deg en oversikt over de essensielle makedonske grammatikkemnene, organisert i en sekvens som vil lette l\u00e6ringsprosessen din. Fra tider til setningsstrukturer, vi vil dekke all n\u00f8dvendig informasjon for \u00e5 hjelpe deg med \u00e5 komme i gang p\u00e5 reisen din for \u00e5 <a href=\"https:\/\/talkpal.ai\/locations\/language-courses-in-mestre\/\">mestre<\/a> det makedonske spr\u00e5ket.<\/p>\n<h3>1. Substantiv:<\/h3>\n<p>Som andre slaviske spr\u00e5k har makedonske substantiv tre kj\u00f8nn (hankj\u00f8nn, feminint og intetkj\u00f8nn) og b\u00f8yes for kasus og tall. \u00c5 l\u00e6re kj\u00f8nnet og de riktige b\u00f8yningene er avgj\u00f8rende for \u00e5 danne grammatisk korrekte setninger.<\/p>\n<h3>2. Artikler:<\/h3>\n<p>det makedonske spr\u00e5ket har bare \u00e9n bestemt artikkel, som varierer etter kj\u00f8nn og kasus. Det finnes ingen ubestemt artikkel i makedonsk, men tallet &laquo;en&raquo; kan brukes p\u00e5 samme m\u00e5te.<\/p>\n<h3>3. Adjektiver:<\/h3>\n<p>Adjektiver p\u00e5 makedonsk stemmer overens med substantivene de endrer i kj\u00f8nn, tall og kasus. De har b\u00e5de lange og korte former, som brukes i ulike sammenhenger.<\/p>\n<h3>4. Pronomen\/bestemmere:<\/h3>\n<p>Makedonsk har en rekke pronomen og bestemmere, som er avgj\u00f8rende for \u00e5 danne setninger. De erstatter eller endrer substantiver og er enige med dem i kj\u00f8nn, tall og kasus.<\/p>\n<h3>5. Verb:<\/h3>\n<p>Verb er sentrale i makedonsk grammatikk. De konjugerer for person og tall og har forskjellige tider, aspekter og stemninger.<\/p>\n<h3>6. Tider:<\/h3>\n<p>Makedonsk har tre grunnleggende tider &#8211; fortid, n\u00e5tid og fremtid. De er dannet ved hjelp av forskjellige verbkonjugasjoner og hjelpeverb. Det er viktig \u00e5 forst\u00e5 dannelsen og bruken av hver tid for \u00e5 uttrykke handlinger og hendelser n\u00f8yaktig.<\/p>\n<h3>7. Anspent sammenligning:<\/h3>\n<p>\u00c5 sammenligne handlinger og hendelser i forskjellige tider er avgj\u00f8rende for \u00e5 formidle mening. P\u00e5 makedonsk oppn\u00e5s denne sammenligningen ved \u00e5 bruke spesifikke verbformer og hjelpeverb.<\/p>\n<h3>8. Progressiv:<\/h3>\n<p>Det progressive aspektet p\u00e5 makedonsk brukes til \u00e5 indikere p\u00e5g\u00e5ende handlinger. Det dannes ved hjelp av presens av verbet &laquo;\u00e5 v\u00e6re&raquo; og presens partisipp av hovedverbet.<\/p>\n<h3>9. Perfekt progressiv:<\/h3>\n<p>Dette aspektet kombinerer de progressive og perfekte aspektene for \u00e5 beskrive handlinger som p\u00e5gikk i fortiden og har en forbindelse til n\u00e5tiden. Det er dannet ved hjelp av presens av verbet &laquo;\u00e5 v\u00e6re&raquo; og partisipp av hovedverbet.<\/p>\n<h3>10. Adverb:<\/h3>\n<p>Adverb p\u00e5 makedonsk brukes til \u00e5 endre verb, adjektiver eller andre adverb. De endrer vanligvis ikke form og kan <a href=\"https:\/\/talkpal.ai\/learn-latvian\/\">lett<\/a> gjenkjennes p\u00e5 de typiske endingene.<\/p>\n<h3>11. Betingelser:<\/h3>\n<p>Makedonsk har tre typer betingelser &#8211; ekte, uvirkelig og potensiell. De brukes til \u00e5 uttrykke hypotetiske situasjoner og deres konsekvenser.<\/p>\n<h3>12. Preposisjoner:<\/h3>\n<p>Preposisjoner p\u00e5 makedonsk er avgj\u00f8rende for \u00e5 danne setninger og setninger. De indikerer ulike forhold mellom ord, for eksempel plassering, retning, tid eller \u00e5rsak.<\/p>\n<h3>13. Setninger:<\/h3>\n<p>\u00c5 forst\u00e5 strukturen til makedonske setninger er avgj\u00f8rende for effektiv kommunikasjon. Makedonske setninger f\u00f8lger vanligvis ordrekkef\u00f8lgen subjekt-verb-objekt (SVO), men variasjoner kan forekomme avhengig av vektlegging og kontekst.<\/p>\n<\/header>\n\n\n\n<footer> <\/footer>\n<\/div><\/div>\n\r\n<section class=\"learnNavigationSection\">\r\n            \r\n        <a href=\"https:\/\/talkpal.ai\/no\/laer-makedonsk\/\">\r\n            <div class=\"learnNavigationWrapper\">\r\n                <div class=\"learnNavigationContent\">\r\n                    <img decoding=\"async\" src=\"https:\/\/talkpal.ai\/wp-content\/uploads\/2024\/08\/Macedonian.jpg\" alt=\"Macedonian Flag\">\r\n                    <div>\r\n                        <h4>Om makedonsk l\u00e6ring<\/h4>\r\n                        <p>Finn ut alt om makedonsk grammatikk.<\/p>\r\n                    <\/div>\r\n                <\/div>\r\n            <\/div>\r\n        <\/a>\r\n\r\n        \r\n        <a href=\"https:\/\/talkpal.ai\/no\/makedonsk-grammatikk\/\">\r\n            <div class=\"learnNavigationWrapper\">\r\n                <div class=\"learnNavigationContent\">\r\n                    <img decoding=\"async\" src=\"https:\/\/talkpal.ai\/wp-content\/uploads\/2024\/08\/Macedonian.jpg\" alt=\"Macedonian Flag\">\r\n                    <div>\r\n                        <h4>Makedonsk grammatikkundervisning<\/h4>\r\n                        <p>\u00d8v p\u00e5 makedonsk grammatikk.<\/p>\r\n                    <\/div>\r\n                <\/div>\r\n            <\/div>\r\n        <\/a>\r\n\r\n        \r\n        <a href=\"https:\/\/talkpal.ai\/vocabulary_language\/macedonian\/\">\r\n            <div class=\"learnNavigationWrapper\">\r\n                <div class=\"learnNavigationContent\">\r\n                    <img decoding=\"async\" src=\"https:\/\/talkpal.ai\/wp-content\/uploads\/2024\/08\/Macedonian.jpg\" alt=\"Macedonian Flag\">\r\n                    <div>\r\n                        <h4>Makedonsk ordforr\u00e5d<\/h4>\r\n                        <p>Utvid det makedonske ordforr\u00e5det ditt.<\/p>\r\n                    <\/div>\r\n                <\/div>\r\n            <\/div>\r\n        <\/a>\r\n\r\n            <\/section>","protected":false},"excerpt":{"rendered":"<p>Makedonske grammatikkemner Makedonsk, et s\u00f8rslavisk spr\u00e5k, er det offisielle spr\u00e5ket i Nord-Makedonia. Det snakkes av over to millioner mennesker over hele verden og tilbyr en unik spr\u00e5klig opplevelse p\u00e5 grunn av dets spesifikke grammatikkregler og rike ordforr\u00e5d. Denne veiledningen vil gi deg en oversikt over de essensielle makedonske grammatikkemnene, organisert i en sekvens som vil [&hellip;]<\/p>\n","protected":false},"author":6,"featured_media":115559,"parent":0,"menu_order":0,"comment_status":"closed","ping_status":"closed","template":"LearningContentPage.php","meta":{"_acf_changed":false,"footnotes":""},"class_list":["post-159864","page","type-page","status-publish","has-post-thumbnail","hentry"],"acf":[],"yoast_head":"<!-- This site is optimized with the Yoast SEO Premium plugin v27.2 (Yoast SEO v27.2) - https:\/\/yoast.com\/product\/yoast-seo-premium-wordpress\/ -->\n<title>Makedonske grammatikk\u00f8velser - Talkpal<\/title>\n<meta name=\"description\" content=\"L\u00e6r makedonsk grammatikk med interaktive makedonsk grammatikk\u00f8velser fra Talkpaldin AI-drevne spr\u00e5kveileder.\" \/>\n<meta name=\"robots\" content=\"index, follow, max-snippet:-1, max-image-preview:large, max-video-preview:-1\" \/>\n<link rel=\"canonical\" href=\"https:\/\/talkpal.ai\/no\/makedonske-grammatikkovelser\/\" \/>\n<meta property=\"og:locale\" content=\"nb_NO\" \/>\n<meta property=\"og:type\" content=\"article\" \/>\n<meta property=\"og:title\" content=\"Makedonske grammatikk\u00f8velser\" \/>\n<meta property=\"og:description\" content=\"Makedonske grammatikkemner Makedonsk, et s\u00f8rslavisk spr\u00e5k, er det offisielle spr\u00e5ket i Nord-Makedonia. Det snakkes av over to millioner mennesker over\" \/>\n<meta property=\"og:url\" content=\"https:\/\/talkpal.ai\/no\/makedonske-grammatikkovelser\/\" \/>\n<meta property=\"og:site_name\" content=\"Talkpal\" \/>\n<meta property=\"article:publisher\" content=\"https:\/\/www.facebook.com\/profile.php?id=100090733639311\" \/>\n<meta property=\"article:modified_time\" content=\"2025-12-17T15:55:51+00:00\" \/>\n<meta property=\"og:image\" content=\"https:\/\/talkpal.ai\/wp-content\/uploads\/2023\/05\/republic-of-macedonia.png\" \/>\n\t<meta property=\"og:image:width\" content=\"512\" \/>\n\t<meta property=\"og:image:height\" content=\"512\" \/>\n\t<meta property=\"og:image:type\" content=\"image\/png\" \/>\n<meta name=\"twitter:card\" content=\"summary_large_image\" \/>\n<meta name=\"twitter:site\" content=\"@talkpalai\" \/>\n<meta name=\"twitter:label1\" content=\"Ansl. lesetid\" \/>\n\t<meta name=\"twitter:data1\" content=\"2 minutter\" \/>\n<script type=\"application\/ld+json\" class=\"yoast-schema-graph\">{\"@context\":\"https:\/\/schema.org\",\"@graph\":[{\"@type\":\"WebPage\",\"@id\":\"https:\/\/talkpal.ai\/no\/makedonske-grammatikkovelser\/\",\"url\":\"https:\/\/talkpal.ai\/no\/makedonske-grammatikkovelser\/\",\"name\":\"Makedonske grammatikk\u00f8velser - Talkpal\",\"isPartOf\":{\"@id\":\"https:\/\/talkpal.ai\/no\/#website\"},\"primaryImageOfPage\":{\"@id\":\"https:\/\/talkpal.ai\/no\/makedonske-grammatikkovelser\/#primaryimage\"},\"image\":{\"@id\":\"https:\/\/talkpal.ai\/no\/makedonske-grammatikkovelser\/#primaryimage\"},\"thumbnailUrl\":\"https:\/\/talkpal.ai\/wp-content\/uploads\/2023\/05\/republic-of-macedonia.png\",\"datePublished\":\"2023-06-22T08:24:14+00:00\",\"dateModified\":\"2025-12-17T15:55:51+00:00\",\"description\":\"L\u00e6r makedonsk grammatikk med interaktive makedonsk grammatikk\u00f8velser fra Talkpaldin AI-drevne spr\u00e5kveileder.\",\"breadcrumb\":{\"@id\":\"https:\/\/talkpal.ai\/no\/makedonske-grammatikkovelser\/#breadcrumb\"},\"inLanguage\":\"nb-NO\",\"potentialAction\":[{\"@type\":\"ReadAction\",\"target\":[\"https:\/\/talkpal.ai\/no\/makedonske-grammatikkovelser\/\"]}]},{\"@type\":\"ImageObject\",\"inLanguage\":\"nb-NO\",\"@id\":\"https:\/\/talkpal.ai\/no\/makedonske-grammatikkovelser\/#primaryimage\",\"url\":\"https:\/\/talkpal.ai\/wp-content\/uploads\/2023\/05\/republic-of-macedonia.png\",\"contentUrl\":\"https:\/\/talkpal.ai\/wp-content\/uploads\/2023\/05\/republic-of-macedonia.png\",\"width\":512,\"height\":512},{\"@type\":\"BreadcrumbList\",\"@id\":\"https:\/\/talkpal.ai\/no\/makedonske-grammatikkovelser\/#breadcrumb\",\"itemListElement\":[{\"@type\":\"ListItem\",\"position\":1,\"name\":\"Homepage\",\"item\":\"https:\/\/talkpal.ai\/no\/\"},{\"@type\":\"ListItem\",\"position\":2,\"name\":\"Makedonske grammatikk\u00f8velser\"}]},{\"@type\":\"WebSite\",\"@id\":\"https:\/\/talkpal.ai\/no\/#website\",\"url\":\"https:\/\/talkpal.ai\/no\/\",\"name\":\"Talkpal\",\"description\":\"AI Language Learning\",\"publisher\":{\"@id\":\"https:\/\/talkpal.ai\/no\/#organization\"},\"alternateName\":\"Talkpal AI\",\"potentialAction\":[{\"@type\":\"SearchAction\",\"target\":{\"@type\":\"EntryPoint\",\"urlTemplate\":\"https:\/\/talkpal.ai\/no\/?s={search_term_string}\"},\"query-input\":{\"@type\":\"PropertyValueSpecification\",\"valueRequired\":true,\"valueName\":\"search_term_string\"}}],\"inLanguage\":\"nb-NO\"},{\"@type\":\"Organization\",\"@id\":\"https:\/\/talkpal.ai\/no\/#organization\",\"name\":\"Talkpal, Inc.\",\"alternateName\":\"Talkpal AI\",\"url\":\"https:\/\/talkpal.ai\/no\/\",\"logo\":{\"@type\":\"ImageObject\",\"inLanguage\":\"nb-NO\",\"@id\":\"https:\/\/talkpal.ai\/no\/#\/schema\/logo\/image\/\",\"url\":\"https:\/\/talkpal.ai\/wp-content\/uploads\/2024\/03\/Talkpal-Logo-Icon.png\",\"contentUrl\":\"https:\/\/talkpal.ai\/wp-content\/uploads\/2024\/03\/Talkpal-Logo-Icon.png\",\"width\":2880,\"height\":2880,\"caption\":\"Talkpal, Inc.\"},\"image\":{\"@id\":\"https:\/\/talkpal.ai\/no\/#\/schema\/logo\/image\/\"},\"sameAs\":[\"https:\/\/www.facebook.com\/profile.php?id=100090733639311\",\"https:\/\/x.com\/talkpalai\",\"https:\/\/www.linkedin.com\/company\/talkpal\/\",\"https:\/\/www.youtube.com\/@TalkPal\/\",\"https:\/\/www.tiktok.com\/@talkpal\",\"https:\/\/www.instagram.com\/talkpal_ai\/\",\"https:\/\/www.crunchbase.com\/organization\/talkpal-9cde\",\"https:\/\/www.g2.com\/products\/talkpal-for-business\/\",\"https:\/\/www.trustpilot.com\/review\/talkpal.ai\",\"https:\/\/www.capterra.com\/p\/10006800\/TalkPal\/\"],\"description\":\"Talkpal is a language learning web and mobile education app, powered by the latest AI technologies, that provides engaging experiences to its customers in many different languages to help them improve their language skills. Users can chat about unlimited amount of topics with the app and use other modes to practice their language learning.\",\"email\":\"support@talkpal.ai\",\"legalName\":\"Talkpal, Inc.\",\"foundingDate\":\"2023-04-03\",\"duns\":\"118989042\",\"numberOfEmployees\":{\"@type\":\"QuantitativeValue\",\"minValue\":\"11\",\"maxValue\":\"50\"},\"publishingPrinciples\":\"https:\/\/talkpal.ai\/publishing-principles\/\",\"actionableFeedbackPolicy\":\"https:\/\/talkpal.ai\/actionable-feedback-policy\/\",\"correctionsPolicy\":\"https:\/\/talkpal.ai\/corrections-policy\/\",\"ethicsPolicy\":\"https:\/\/talkpal.ai\/ethics-policy\/\",\"diversityPolicy\":\"https:\/\/talkpal.ai\/diversity-policy\/\",\"diversityStaffingReport\":\"https:\/\/talkpal.ai\/diversity-policy\/\"}]}<\/script>\n<!-- \/ Yoast SEO Premium plugin. -->","yoast_head_json":{"title":"Makedonske grammatikk\u00f8velser - Talkpal","description":"L\u00e6r makedonsk grammatikk med interaktive makedonsk grammatikk\u00f8velser fra Talkpaldin AI-drevne spr\u00e5kveileder.","robots":{"index":"index","follow":"follow","max-snippet":"max-snippet:-1","max-image-preview":"max-image-preview:large","max-video-preview":"max-video-preview:-1"},"canonical":"https:\/\/talkpal.ai\/no\/makedonske-grammatikkovelser\/","og_locale":"nb_NO","og_type":"article","og_title":"Makedonske grammatikk\u00f8velser","og_description":"Makedonske grammatikkemner Makedonsk, et s\u00f8rslavisk spr\u00e5k, er det offisielle spr\u00e5ket i Nord-Makedonia. Det snakkes av over to millioner mennesker over","og_url":"https:\/\/talkpal.ai\/no\/makedonske-grammatikkovelser\/","og_site_name":"Talkpal","article_publisher":"https:\/\/www.facebook.com\/profile.php?id=100090733639311","article_modified_time":"2025-12-17T15:55:51+00:00","og_image":[{"width":512,"height":512,"url":"https:\/\/talkpal.ai\/wp-content\/uploads\/2023\/05\/republic-of-macedonia.png","type":"image\/png"}],"twitter_card":"summary_large_image","twitter_site":"@talkpalai","twitter_misc":{"Ansl. lesetid":"2 minutter"},"schema":{"@context":"https:\/\/schema.org","@graph":[{"@type":"WebPage","@id":"https:\/\/talkpal.ai\/no\/makedonske-grammatikkovelser\/","url":"https:\/\/talkpal.ai\/no\/makedonske-grammatikkovelser\/","name":"Makedonske grammatikk\u00f8velser - Talkpal","isPartOf":{"@id":"https:\/\/talkpal.ai\/no\/#website"},"primaryImageOfPage":{"@id":"https:\/\/talkpal.ai\/no\/makedonske-grammatikkovelser\/#primaryimage"},"image":{"@id":"https:\/\/talkpal.ai\/no\/makedonske-grammatikkovelser\/#primaryimage"},"thumbnailUrl":"https:\/\/talkpal.ai\/wp-content\/uploads\/2023\/05\/republic-of-macedonia.png","datePublished":"2023-06-22T08:24:14+00:00","dateModified":"2025-12-17T15:55:51+00:00","description":"L\u00e6r makedonsk grammatikk med interaktive makedonsk grammatikk\u00f8velser fra Talkpaldin AI-drevne spr\u00e5kveileder.","breadcrumb":{"@id":"https:\/\/talkpal.ai\/no\/makedonske-grammatikkovelser\/#breadcrumb"},"inLanguage":"nb-NO","potentialAction":[{"@type":"ReadAction","target":["https:\/\/talkpal.ai\/no\/makedonske-grammatikkovelser\/"]}]},{"@type":"ImageObject","inLanguage":"nb-NO","@id":"https:\/\/talkpal.ai\/no\/makedonske-grammatikkovelser\/#primaryimage","url":"https:\/\/talkpal.ai\/wp-content\/uploads\/2023\/05\/republic-of-macedonia.png","contentUrl":"https:\/\/talkpal.ai\/wp-content\/uploads\/2023\/05\/republic-of-macedonia.png","width":512,"height":512},{"@type":"BreadcrumbList","@id":"https:\/\/talkpal.ai\/no\/makedonske-grammatikkovelser\/#breadcrumb","itemListElement":[{"@type":"ListItem","position":1,"name":"Homepage","item":"https:\/\/talkpal.ai\/no\/"},{"@type":"ListItem","position":2,"name":"Makedonske grammatikk\u00f8velser"}]},{"@type":"WebSite","@id":"https:\/\/talkpal.ai\/no\/#website","url":"https:\/\/talkpal.ai\/no\/","name":"Talkpal","description":"AI Language Learning","publisher":{"@id":"https:\/\/talkpal.ai\/no\/#organization"},"alternateName":"Talkpal AI","potentialAction":[{"@type":"SearchAction","target":{"@type":"EntryPoint","urlTemplate":"https:\/\/talkpal.ai\/no\/?s={search_term_string}"},"query-input":{"@type":"PropertyValueSpecification","valueRequired":true,"valueName":"search_term_string"}}],"inLanguage":"nb-NO"},{"@type":"Organization","@id":"https:\/\/talkpal.ai\/no\/#organization","name":"Talkpal, Inc.","alternateName":"Talkpal AI","url":"https:\/\/talkpal.ai\/no\/","logo":{"@type":"ImageObject","inLanguage":"nb-NO","@id":"https:\/\/talkpal.ai\/no\/#\/schema\/logo\/image\/","url":"https:\/\/talkpal.ai\/wp-content\/uploads\/2024\/03\/Talkpal-Logo-Icon.png","contentUrl":"https:\/\/talkpal.ai\/wp-content\/uploads\/2024\/03\/Talkpal-Logo-Icon.png","width":2880,"height":2880,"caption":"Talkpal, Inc."},"image":{"@id":"https:\/\/talkpal.ai\/no\/#\/schema\/logo\/image\/"},"sameAs":["https:\/\/www.facebook.com\/profile.php?id=100090733639311","https:\/\/x.com\/talkpalai","https:\/\/www.linkedin.com\/company\/talkpal\/","https:\/\/www.youtube.com\/@TalkPal\/","https:\/\/www.tiktok.com\/@talkpal","https:\/\/www.instagram.com\/talkpal_ai\/","https:\/\/www.crunchbase.com\/organization\/talkpal-9cde","https:\/\/www.g2.com\/products\/talkpal-for-business\/","https:\/\/www.trustpilot.com\/review\/talkpal.ai","https:\/\/www.capterra.com\/p\/10006800\/TalkPal\/"],"description":"Talkpal is a language learning web and mobile education app, powered by the latest AI technologies, that provides engaging experiences to its customers in many different languages to help them improve their language skills. Users can chat about unlimited amount of topics with the app and use other modes to practice their language learning.","email":"support@talkpal.ai","legalName":"Talkpal, Inc.","foundingDate":"2023-04-03","duns":"118989042","numberOfEmployees":{"@type":"QuantitativeValue","minValue":"11","maxValue":"50"},"publishingPrinciples":"https:\/\/talkpal.ai\/publishing-principles\/","actionableFeedbackPolicy":"https:\/\/talkpal.ai\/actionable-feedback-policy\/","correctionsPolicy":"https:\/\/talkpal.ai\/corrections-policy\/","ethicsPolicy":"https:\/\/talkpal.ai\/ethics-policy\/","diversityPolicy":"https:\/\/talkpal.ai\/diversity-policy\/","diversityStaffingReport":"https:\/\/talkpal.ai\/diversity-policy\/"}]}},"_links":{"self":[{"href":"https:\/\/talkpal.ai\/no\/wp-json\/wp\/v2\/pages\/159864","targetHints":{"allow":["GET"]}}],"collection":[{"href":"https:\/\/talkpal.ai\/no\/wp-json\/wp\/v2\/pages"}],"about":[{"href":"https:\/\/talkpal.ai\/no\/wp-json\/wp\/v2\/types\/page"}],"author":[{"embeddable":true,"href":"https:\/\/talkpal.ai\/no\/wp-json\/wp\/v2\/users\/6"}],"replies":[{"embeddable":true,"href":"https:\/\/talkpal.ai\/no\/wp-json\/wp\/v2\/comments?post=159864"}],"version-history":[{"count":0,"href":"https:\/\/talkpal.ai\/no\/wp-json\/wp\/v2\/pages\/159864\/revisions"}],"wp:featuredmedia":[{"embeddable":true,"href":"https:\/\/talkpal.ai\/no\/wp-json\/wp\/v2\/media\/115559"}],"wp:attachment":[{"href":"https:\/\/talkpal.ai\/no\/wp-json\/wp\/v2\/media?parent=159864"}],"curies":[{"name":"wp","href":"https:\/\/api.w.org\/{rel}","templated":true}]}}