{"id":159583,"date":"2023-06-22T08:29:59","date_gmt":"2023-06-22T08:29:59","guid":{"rendered":"http:\/\/talkpal.ai\/malayisk-grammatikkovelser\/"},"modified":"2025-12-17T15:12:33","modified_gmt":"2025-12-17T15:12:33","slug":"malayisk-grammatikkovelser","status":"publish","type":"page","link":"https:\/\/talkpal.ai\/no\/malayisk-grammatikkovelser\/","title":{"rendered":"Malayisk grammatikk\u00f8velser"},"content":{"rendered":"\r\n\r\n\r\n<section class=\"languageChallengeSection\">\r\n    <div class=\"languageInfoWrapper\">\r\n        \r\n        <h1>Malayisk grammatikk\u00f8velser<\/h1>\r\n        <p>Er du klar til \u00e5 bli mer komfortabel med malaysisk? Grammatikk\u00f8velser er en fin m\u00e5te \u00e5 l\u00e6re seg setningsoppbygging, verbformer og spr\u00e5kets s\u00e6rtrekk p\u00e5. Begynn \u00e5 utforske malaysisk <a href=\"https:\/\/talkpal.ai\/grammar\/\">grammatikk<\/a> i dag, og se ferdighetene og selvtilliten din vokse for hver \u00f8velse!<\/p>\r\n\r\n                            <a class=\"getStartedHidden\" href=\"https:\/\/app.talkpal.ai\/no\/signup?lng=\">Kom i gang<\/a>\r\n        \r\n    <\/div>\r\n\r\n    <figure>\r\n    <img decoding=\"async\" width=\"768\" height=\"768\" src=\"https:\/\/talkpal.ai\/wp-content\/uploads\/2023\/06\/malay-768x768.png\" class=\"languageImage no-lazy\" alt=\"Language learning for personal accomplishments\" fetchpriority=\"high\" sizes=\"(max-width: 768px) 150px, 768px\" srcset=\"https:\/\/talkpal.ai\/wp-content\/uploads\/2023\/06\/malay-768x768.png 768w, https:\/\/talkpal.ai\/wp-content\/uploads\/2023\/06\/malay-300x300.png 300w\" \/>\r\n    \r\n\r\n    <\/figure>\r\n\r\n            <a class=\"getStartedVisible\" href=\"https:\/\/app.talkpal.ai\/no\/signup?lng=\">Kom i gang<\/a>\r\n    \r\n<\/section>\r\n\r\n\r\n<!-- <section class=\"grammarSection\">\r\n    <div class=\"grammarLinks\">\r\n            <\/div>\r\n<\/section> -->\r\n\r\n\r\n\r\n\r\n<section class=\"promotionalBanner\">\r\n    <p class=\"promotionalText\">Den mest effektive m\u00e5ten \u00e5 l\u00e6re et spr\u00e5k p\u00e5<\/p>\r\n    <a class=\"promotionalLink\" href=\"https:\/\/app.talkpal.ai\/no\/signup?lng=\">Pr\u00f8v Talkpal gratis<\/a>\r\n<\/section>\n<div class=\"wp-block-group pageContainerStyle\"><div class=\"wp-block-group__inner-container is-layout-constrained wp-block-group-is-layout-constrained\">\n<h2 class=\"wp-block-heading\" id=\"h-malay-grammar-topics\">Malayisk grammatikkemner<\/h2>\n\n\n\n<p>\u00c5 l\u00e6re det malaysiske spr\u00e5ket kan v\u00e6re en berikende opplevelse, som \u00e5pner for muligheter til \u00e5 forst\u00e5 den rike kulturarven til Malaysia, <a href=\"https:\/\/talkpal.ai\/learn-indonesian\/\">Indonesia<\/a> og nabolandene. Spr\u00e5ket tilh\u00f8rer den austronesiske familien og snakkes av millioner av mennesker over hele S\u00f8r\u00f8st-Asia. Grammatikken er relativt enkel sammenlignet med mange europeiske spr\u00e5k, noe som gj\u00f8r den til et attraktivt valg for spr\u00e5kelever. F\u00f8r du g\u00e5r n\u00e6rmere inn p\u00e5 de ulike aspektene ved malaysisk grammatikk, er det viktig \u00e5 gj\u00f8re deg kjent med de grunnleggende byggesteinene som spr\u00e5ket best\u00e5r av. I denne veiledningen vil vi utforske disse emnene i en rekkef\u00f8lge som vil hjelpe deg \u00e5 l\u00e6re spr\u00e5ket effektivt.<\/p>\n\n\n\n<h3 class=\"wp-block-heading\" id=\"h-1-nouns\">1. Substantiv:<\/h3>\n\n\n\n<p>Begynn med \u00e5 l\u00e6re malaysiske substantiv, ordene som representerer mennesker, steder, ting og ideer. P\u00e5 malaysisk har ikke substantiver kj\u00f8nn eller flertallsformer som p\u00e5 mange andre spr\u00e5k, noe som gj\u00f8r dem enklere \u00e5 l\u00e6re. Fokuser p\u00e5 \u00e5 bygge vokabularet ditt ved \u00e5 huske vanlige substantiv og deres betydninger.<\/p>\n\n\n\n<h3 class=\"wp-block-heading\" id=\"h-2-pronouns-determiners\">2. Pronomen\/bestemmere:<\/h3>\n\n\n\n<p>Deretter l\u00e6rer du malaysiske pronomen og bestemmere, som brukes til \u00e5 referere til substantiv. Pronomen erstatter substantiver i setninger, mens bestemmere gir informasjon om substantivet, for eksempel mengde eller besittelse. Gj\u00f8r deg kjent med personlige pronomen (f.eks. saya for &laquo;jeg&raquo; og kamu for &laquo;du&raquo;) og possessive bestemthetsord (f.eks. ini for &laquo;denne&raquo; og <a href=\"https:\/\/talkpal.ai\/locations\/language-courses-in-itu\/\">itu<\/a> for &laquo;den&raquo;).<\/p>\n\n\n\n<h3 class=\"wp-block-heading\" id=\"h-3-articles\">3. Artikler:<\/h3>\n\n\n\n<p>I motsetning til <a href=\"https:\/\/talkpal.ai\/learn-english-with-ai\/\">engelsk<\/a> har <a href=\"https:\/\/talkpal.ai\/learn-malay\/\">malayisk<\/a> ikke bestemte eller ubestemte artikler (f.eks. &laquo;the&raquo; eller &laquo;a\/an&raquo;). Det er likevel viktig \u00e5 forst\u00e5 hvordan spr\u00e5ket indikerer spesifisitet og generalitet i setninger.<\/p>\n\n\n\n<h3 class=\"wp-block-heading\" id=\"h-4-verbs\">4. Verb:<\/h3>\n\n\n\n<p>Verb er avgj\u00f8rende p\u00e5 malaysisk, <a href=\"https:\/\/talkpal.ai\/culture\/how-do-you-use-the-conjunction-da-de\/\">da de<\/a> uttrykker handlinger, tilstander eller hendelser. L\u00e6r de grunnleggende verbformene og hvordan du kan b\u00f8ye dem i henhold til tid, person og tall.<\/p>\n\n\n\n<h3 class=\"wp-block-heading\" id=\"h-5-tenses\">5. Tider:<\/h3>\n\n\n\n<p><a href=\"https:\/\/talkpal.ai\/learn-malay\/\">Malayisk<\/a> har f\u00e6rre tider enn engelsk, med hovedvekt p\u00e5 tidligere, n\u00e5v\u00e6rende og fremtidige handlinger. L\u00e6r hvordan du uttrykker tid p\u00e5 malaysisk ved \u00e5 forst\u00e5 forskjellene mellom enkle, progressive og perfekte tider.<\/p>\n\n\n\n<h3 class=\"wp-block-heading\" id=\"h-6-adjectives\">6. Adjektiver:<\/h3>\n\n\n\n<p>Adjektiver beskriver eller modifiserer substantiver, og gir tilleggsinformasjon om deres kvaliteter eller egenskaper. L\u00e6r vanlige malaysiske adjektiver og hvordan de endres i setninger i henhold til substantivet de endrer.<\/p>\n\n\n\n<h3 class=\"wp-block-heading\" id=\"h-7-adverbs\">7. Adverb:<\/h3>\n\n\n\n<p>Adverb endrer verb, adjektiver eller andre adverb, og gir informasjon om tid, m\u00e5te, sted eller grad. Studer vanlige malaysiske adverb og deres plassering i setninger.<\/p>\n\n\n\n<h3 class=\"wp-block-heading\" id=\"h-8-prepositions\">8. Preposisjoner:<\/h3>\n\n\n\n<p>Preposisjoner brukes til \u00e5 koble substantiv, pronomen eller fraser til andre ord i en setning, som viser forhold som plassering, retning eller tid. L\u00e6r vanlige malaysiske preposisjoner og hvordan de fungerer i setninger.<\/p>\n\n\n\n<h3 class=\"wp-block-heading\" id=\"h-9-conditionals\">9. Betingelser:<\/h3>\n\n\n\n<p>Betingede setninger uttrykker hypotetiske situasjoner eller forhold og deres mulige resultater. L\u00e6r hvordan du danner betingede setninger p\u00e5 malaysisk ved \u00e5 bruke de riktige verbformene og konjunksjonene.<\/p>\n\n\n\n<h3 class=\"wp-block-heading\" id=\"h-10-sentences\">10. Setninger:<\/h3>\n\n\n\n<p>Til slutt, \u00f8v deg p\u00e5 \u00e5 konstruere malaysiske setninger ved \u00e5 kombinere substantiv, pronomen, verb, adjektiver, adverb og preposisjoner. Forst\u00e5 den grunnleggende setningsstrukturen, som subjekt-verb-objekt, og \u00f8v deg p\u00e5 \u00e5 lage komplekse setninger ved \u00e5 bruke konjunksjoner og relative leddsetninger.<\/p>\n\n\n\n<p>Ved \u00e5 f\u00f8lge denne sekvensen og dedikere tid til \u00e5 \u00f8ve p\u00e5 hvert emne, vil du bygge et sterkt grunnlag i malaysisk grammatikk og v\u00e6re p\u00e5 god vei til \u00e5 bli en dyktig taler av spr\u00e5ket.<\/p>\n<\/div><\/div>\n\r\n<section class=\"learnNavigationSection\">\r\n            \r\n        <a href=\"https:\/\/talkpal.ai\/no\/laer-malaysisk\/\">\r\n            <div class=\"learnNavigationWrapper\">\r\n                <div class=\"learnNavigationContent\">\r\n                    <img decoding=\"async\" src=\"https:\/\/talkpal.ai\/wp-content\/uploads\/2024\/08\/Malay.jpg\" alt=\"Malaysian Flag\">\r\n                    <div>\r\n                        <h4>Om Malay Learning<\/h4>\r\n                        <p>Finn ut alt om malaysisk grammatikk.<\/p>\r\n                    <\/div>\r\n                <\/div>\r\n            <\/div>\r\n        <\/a>\r\n\r\n        \r\n        <a href=\"https:\/\/talkpal.ai\/no\/malayisk-grammatikk\/\">\r\n            <div class=\"learnNavigationWrapper\">\r\n                <div class=\"learnNavigationContent\">\r\n                    <img decoding=\"async\" src=\"https:\/\/talkpal.ai\/wp-content\/uploads\/2024\/08\/Malay.jpg\" alt=\"Malaysian Flag\">\r\n                    <div>\r\n                        <h4>Leksjoner i malaysisk grammatikk<\/h4>\r\n                        <p>\u00d8v p\u00e5 malaysisk grammatikk.<\/p>\r\n                    <\/div>\r\n                <\/div>\r\n            <\/div>\r\n        <\/a>\r\n\r\n        \r\n        <a href=\"https:\/\/talkpal.ai\/vocabulary_language\/malay\/\">\r\n            <div class=\"learnNavigationWrapper\">\r\n                <div class=\"learnNavigationContent\">\r\n                    <img decoding=\"async\" src=\"https:\/\/talkpal.ai\/wp-content\/uploads\/2024\/08\/Malay.jpg\" alt=\"Malaysian Flag\">\r\n                    <div>\r\n                        <h4>Malayisk ordforr\u00e5d<\/h4>\r\n                        <p>Utvid ordforr\u00e5det ditt p\u00e5 malaysisk.<\/p>\r\n                    <\/div>\r\n                <\/div>\r\n            <\/div>\r\n        <\/a>\r\n\r\n            <\/section>","protected":false},"excerpt":{"rendered":"<p>Malayisk grammatikkemner \u00c5 l\u00e6re det malaysiske spr\u00e5ket kan v\u00e6re en berikende opplevelse, som \u00e5pner for muligheter til \u00e5 forst\u00e5 den rike kulturarven til Malaysia, Indonesia og nabolandene. Spr\u00e5ket tilh\u00f8rer den austronesiske familien og snakkes av millioner av mennesker over hele S\u00f8r\u00f8st-Asia. Grammatikken er relativt enkel sammenlignet med mange europeiske spr\u00e5k, noe som gj\u00f8r den til [&hellip;]<\/p>\n","protected":false},"author":6,"featured_media":115727,"parent":0,"menu_order":0,"comment_status":"closed","ping_status":"closed","template":"LearningContentPage.php","meta":{"_acf_changed":false,"footnotes":""},"class_list":["post-159583","page","type-page","status-publish","has-post-thumbnail","hentry"],"acf":[],"yoast_head":"<!-- This site is optimized with the Yoast SEO Premium plugin v27.2 (Yoast SEO v27.2) - https:\/\/yoast.com\/product\/yoast-seo-premium-wordpress\/ -->\n<title>Malayisk grammatikk\u00f8velser - Talkpal<\/title>\n<meta name=\"description\" content=\"Forbedre spr\u00e5kferdighetene dine med malaysiske grammatikk\u00f8velser. L\u00e6r deg det grunnleggende for \u00e5 f\u00e5 en bedre forst\u00e5else av malaysisk spr\u00e5k.\" \/>\n<meta name=\"robots\" content=\"index, follow, max-snippet:-1, max-image-preview:large, max-video-preview:-1\" \/>\n<link rel=\"canonical\" href=\"https:\/\/talkpal.ai\/no\/malayisk-grammatikkovelser\/\" \/>\n<meta property=\"og:locale\" content=\"nb_NO\" \/>\n<meta property=\"og:type\" content=\"article\" \/>\n<meta property=\"og:title\" content=\"Malayisk grammatikk\u00f8velser\" \/>\n<meta property=\"og:description\" content=\"Malayisk grammatikkemner \u00c5 l\u00e6re det malaysiske spr\u00e5ket kan v\u00e6re en berikende opplevelse, som \u00e5pner for muligheter til \u00e5 forst\u00e5 den rike kulturarven til\" \/>\n<meta property=\"og:url\" content=\"https:\/\/talkpal.ai\/no\/malayisk-grammatikkovelser\/\" \/>\n<meta property=\"og:site_name\" content=\"Talkpal\" \/>\n<meta property=\"article:publisher\" content=\"https:\/\/www.facebook.com\/profile.php?id=100090733639311\" \/>\n<meta property=\"article:modified_time\" content=\"2025-12-17T15:12:33+00:00\" \/>\n<meta property=\"og:image\" content=\"https:\/\/talkpal.ai\/wp-content\/uploads\/2023\/05\/malaysia.png\" \/>\n\t<meta property=\"og:image:width\" content=\"512\" \/>\n\t<meta property=\"og:image:height\" content=\"512\" \/>\n\t<meta property=\"og:image:type\" content=\"image\/png\" \/>\n<meta name=\"twitter:card\" content=\"summary_large_image\" \/>\n<meta name=\"twitter:site\" content=\"@talkpalai\" \/>\n<meta name=\"twitter:label1\" content=\"Ansl. lesetid\" \/>\n\t<meta name=\"twitter:data1\" content=\"3 minutter\" \/>\n<script type=\"application\/ld+json\" class=\"yoast-schema-graph\">{\"@context\":\"https:\/\/schema.org\",\"@graph\":[{\"@type\":\"WebPage\",\"@id\":\"https:\/\/talkpal.ai\/no\/malayisk-grammatikkovelser\/\",\"url\":\"https:\/\/talkpal.ai\/no\/malayisk-grammatikkovelser\/\",\"name\":\"Malayisk grammatikk\u00f8velser - Talkpal\",\"isPartOf\":{\"@id\":\"https:\/\/talkpal.ai\/no\/#website\"},\"primaryImageOfPage\":{\"@id\":\"https:\/\/talkpal.ai\/no\/malayisk-grammatikkovelser\/#primaryimage\"},\"image\":{\"@id\":\"https:\/\/talkpal.ai\/no\/malayisk-grammatikkovelser\/#primaryimage\"},\"thumbnailUrl\":\"https:\/\/talkpal.ai\/wp-content\/uploads\/2023\/05\/malaysia.png\",\"datePublished\":\"2023-06-22T08:29:59+00:00\",\"dateModified\":\"2025-12-17T15:12:33+00:00\",\"description\":\"Forbedre spr\u00e5kferdighetene dine med malaysiske grammatikk\u00f8velser. L\u00e6r deg det grunnleggende for \u00e5 f\u00e5 en bedre forst\u00e5else av malaysisk spr\u00e5k.\",\"breadcrumb\":{\"@id\":\"https:\/\/talkpal.ai\/no\/malayisk-grammatikkovelser\/#breadcrumb\"},\"inLanguage\":\"nb-NO\",\"potentialAction\":[{\"@type\":\"ReadAction\",\"target\":[\"https:\/\/talkpal.ai\/no\/malayisk-grammatikkovelser\/\"]}]},{\"@type\":\"ImageObject\",\"inLanguage\":\"nb-NO\",\"@id\":\"https:\/\/talkpal.ai\/no\/malayisk-grammatikkovelser\/#primaryimage\",\"url\":\"https:\/\/talkpal.ai\/wp-content\/uploads\/2023\/05\/malaysia.png\",\"contentUrl\":\"https:\/\/talkpal.ai\/wp-content\/uploads\/2023\/05\/malaysia.png\",\"width\":512,\"height\":512},{\"@type\":\"BreadcrumbList\",\"@id\":\"https:\/\/talkpal.ai\/no\/malayisk-grammatikkovelser\/#breadcrumb\",\"itemListElement\":[{\"@type\":\"ListItem\",\"position\":1,\"name\":\"Homepage\",\"item\":\"https:\/\/talkpal.ai\/no\/\"},{\"@type\":\"ListItem\",\"position\":2,\"name\":\"Malayisk grammatikk\u00f8velser\"}]},{\"@type\":\"WebSite\",\"@id\":\"https:\/\/talkpal.ai\/no\/#website\",\"url\":\"https:\/\/talkpal.ai\/no\/\",\"name\":\"Talkpal\",\"description\":\"AI Language Learning\",\"publisher\":{\"@id\":\"https:\/\/talkpal.ai\/no\/#organization\"},\"alternateName\":\"Talkpal AI\",\"potentialAction\":[{\"@type\":\"SearchAction\",\"target\":{\"@type\":\"EntryPoint\",\"urlTemplate\":\"https:\/\/talkpal.ai\/no\/?s={search_term_string}\"},\"query-input\":{\"@type\":\"PropertyValueSpecification\",\"valueRequired\":true,\"valueName\":\"search_term_string\"}}],\"inLanguage\":\"nb-NO\"},{\"@type\":\"Organization\",\"@id\":\"https:\/\/talkpal.ai\/no\/#organization\",\"name\":\"Talkpal, Inc.\",\"alternateName\":\"Talkpal AI\",\"url\":\"https:\/\/talkpal.ai\/no\/\",\"logo\":{\"@type\":\"ImageObject\",\"inLanguage\":\"nb-NO\",\"@id\":\"https:\/\/talkpal.ai\/no\/#\/schema\/logo\/image\/\",\"url\":\"https:\/\/talkpal.ai\/wp-content\/uploads\/2024\/03\/Talkpal-Logo-Icon.png\",\"contentUrl\":\"https:\/\/talkpal.ai\/wp-content\/uploads\/2024\/03\/Talkpal-Logo-Icon.png\",\"width\":2880,\"height\":2880,\"caption\":\"Talkpal, Inc.\"},\"image\":{\"@id\":\"https:\/\/talkpal.ai\/no\/#\/schema\/logo\/image\/\"},\"sameAs\":[\"https:\/\/www.facebook.com\/profile.php?id=100090733639311\",\"https:\/\/x.com\/talkpalai\",\"https:\/\/www.linkedin.com\/company\/talkpal\/\",\"https:\/\/www.youtube.com\/@TalkPal\/\",\"https:\/\/www.tiktok.com\/@talkpal\",\"https:\/\/www.instagram.com\/talkpal_ai\/\",\"https:\/\/www.crunchbase.com\/organization\/talkpal-9cde\",\"https:\/\/www.g2.com\/products\/talkpal-for-business\/\",\"https:\/\/www.trustpilot.com\/review\/talkpal.ai\",\"https:\/\/www.capterra.com\/p\/10006800\/TalkPal\/\"],\"description\":\"Talkpal is a language learning web and mobile education app, powered by the latest AI technologies, that provides engaging experiences to its customers in many different languages to help them improve their language skills. Users can chat about unlimited amount of topics with the app and use other modes to practice their language learning.\",\"email\":\"support@talkpal.ai\",\"legalName\":\"Talkpal, Inc.\",\"foundingDate\":\"2023-04-03\",\"duns\":\"118989042\",\"numberOfEmployees\":{\"@type\":\"QuantitativeValue\",\"minValue\":\"11\",\"maxValue\":\"50\"},\"publishingPrinciples\":\"https:\/\/talkpal.ai\/publishing-principles\/\",\"actionableFeedbackPolicy\":\"https:\/\/talkpal.ai\/actionable-feedback-policy\/\",\"correctionsPolicy\":\"https:\/\/talkpal.ai\/corrections-policy\/\",\"ethicsPolicy\":\"https:\/\/talkpal.ai\/ethics-policy\/\",\"diversityPolicy\":\"https:\/\/talkpal.ai\/diversity-policy\/\",\"diversityStaffingReport\":\"https:\/\/talkpal.ai\/diversity-policy\/\"}]}<\/script>\n<!-- \/ Yoast SEO Premium plugin. -->","yoast_head_json":{"title":"Malayisk grammatikk\u00f8velser - Talkpal","description":"Forbedre spr\u00e5kferdighetene dine med malaysiske grammatikk\u00f8velser. L\u00e6r deg det grunnleggende for \u00e5 f\u00e5 en bedre forst\u00e5else av malaysisk spr\u00e5k.","robots":{"index":"index","follow":"follow","max-snippet":"max-snippet:-1","max-image-preview":"max-image-preview:large","max-video-preview":"max-video-preview:-1"},"canonical":"https:\/\/talkpal.ai\/no\/malayisk-grammatikkovelser\/","og_locale":"nb_NO","og_type":"article","og_title":"Malayisk grammatikk\u00f8velser","og_description":"Malayisk grammatikkemner \u00c5 l\u00e6re det malaysiske spr\u00e5ket kan v\u00e6re en berikende opplevelse, som \u00e5pner for muligheter til \u00e5 forst\u00e5 den rike kulturarven til","og_url":"https:\/\/talkpal.ai\/no\/malayisk-grammatikkovelser\/","og_site_name":"Talkpal","article_publisher":"https:\/\/www.facebook.com\/profile.php?id=100090733639311","article_modified_time":"2025-12-17T15:12:33+00:00","og_image":[{"width":512,"height":512,"url":"https:\/\/talkpal.ai\/wp-content\/uploads\/2023\/05\/malaysia.png","type":"image\/png"}],"twitter_card":"summary_large_image","twitter_site":"@talkpalai","twitter_misc":{"Ansl. lesetid":"3 minutter"},"schema":{"@context":"https:\/\/schema.org","@graph":[{"@type":"WebPage","@id":"https:\/\/talkpal.ai\/no\/malayisk-grammatikkovelser\/","url":"https:\/\/talkpal.ai\/no\/malayisk-grammatikkovelser\/","name":"Malayisk grammatikk\u00f8velser - Talkpal","isPartOf":{"@id":"https:\/\/talkpal.ai\/no\/#website"},"primaryImageOfPage":{"@id":"https:\/\/talkpal.ai\/no\/malayisk-grammatikkovelser\/#primaryimage"},"image":{"@id":"https:\/\/talkpal.ai\/no\/malayisk-grammatikkovelser\/#primaryimage"},"thumbnailUrl":"https:\/\/talkpal.ai\/wp-content\/uploads\/2023\/05\/malaysia.png","datePublished":"2023-06-22T08:29:59+00:00","dateModified":"2025-12-17T15:12:33+00:00","description":"Forbedre spr\u00e5kferdighetene dine med malaysiske grammatikk\u00f8velser. L\u00e6r deg det grunnleggende for \u00e5 f\u00e5 en bedre forst\u00e5else av malaysisk spr\u00e5k.","breadcrumb":{"@id":"https:\/\/talkpal.ai\/no\/malayisk-grammatikkovelser\/#breadcrumb"},"inLanguage":"nb-NO","potentialAction":[{"@type":"ReadAction","target":["https:\/\/talkpal.ai\/no\/malayisk-grammatikkovelser\/"]}]},{"@type":"ImageObject","inLanguage":"nb-NO","@id":"https:\/\/talkpal.ai\/no\/malayisk-grammatikkovelser\/#primaryimage","url":"https:\/\/talkpal.ai\/wp-content\/uploads\/2023\/05\/malaysia.png","contentUrl":"https:\/\/talkpal.ai\/wp-content\/uploads\/2023\/05\/malaysia.png","width":512,"height":512},{"@type":"BreadcrumbList","@id":"https:\/\/talkpal.ai\/no\/malayisk-grammatikkovelser\/#breadcrumb","itemListElement":[{"@type":"ListItem","position":1,"name":"Homepage","item":"https:\/\/talkpal.ai\/no\/"},{"@type":"ListItem","position":2,"name":"Malayisk grammatikk\u00f8velser"}]},{"@type":"WebSite","@id":"https:\/\/talkpal.ai\/no\/#website","url":"https:\/\/talkpal.ai\/no\/","name":"Talkpal","description":"AI Language Learning","publisher":{"@id":"https:\/\/talkpal.ai\/no\/#organization"},"alternateName":"Talkpal AI","potentialAction":[{"@type":"SearchAction","target":{"@type":"EntryPoint","urlTemplate":"https:\/\/talkpal.ai\/no\/?s={search_term_string}"},"query-input":{"@type":"PropertyValueSpecification","valueRequired":true,"valueName":"search_term_string"}}],"inLanguage":"nb-NO"},{"@type":"Organization","@id":"https:\/\/talkpal.ai\/no\/#organization","name":"Talkpal, Inc.","alternateName":"Talkpal AI","url":"https:\/\/talkpal.ai\/no\/","logo":{"@type":"ImageObject","inLanguage":"nb-NO","@id":"https:\/\/talkpal.ai\/no\/#\/schema\/logo\/image\/","url":"https:\/\/talkpal.ai\/wp-content\/uploads\/2024\/03\/Talkpal-Logo-Icon.png","contentUrl":"https:\/\/talkpal.ai\/wp-content\/uploads\/2024\/03\/Talkpal-Logo-Icon.png","width":2880,"height":2880,"caption":"Talkpal, Inc."},"image":{"@id":"https:\/\/talkpal.ai\/no\/#\/schema\/logo\/image\/"},"sameAs":["https:\/\/www.facebook.com\/profile.php?id=100090733639311","https:\/\/x.com\/talkpalai","https:\/\/www.linkedin.com\/company\/talkpal\/","https:\/\/www.youtube.com\/@TalkPal\/","https:\/\/www.tiktok.com\/@talkpal","https:\/\/www.instagram.com\/talkpal_ai\/","https:\/\/www.crunchbase.com\/organization\/talkpal-9cde","https:\/\/www.g2.com\/products\/talkpal-for-business\/","https:\/\/www.trustpilot.com\/review\/talkpal.ai","https:\/\/www.capterra.com\/p\/10006800\/TalkPal\/"],"description":"Talkpal is a language learning web and mobile education app, powered by the latest AI technologies, that provides engaging experiences to its customers in many different languages to help them improve their language skills. Users can chat about unlimited amount of topics with the app and use other modes to practice their language learning.","email":"support@talkpal.ai","legalName":"Talkpal, Inc.","foundingDate":"2023-04-03","duns":"118989042","numberOfEmployees":{"@type":"QuantitativeValue","minValue":"11","maxValue":"50"},"publishingPrinciples":"https:\/\/talkpal.ai\/publishing-principles\/","actionableFeedbackPolicy":"https:\/\/talkpal.ai\/actionable-feedback-policy\/","correctionsPolicy":"https:\/\/talkpal.ai\/corrections-policy\/","ethicsPolicy":"https:\/\/talkpal.ai\/ethics-policy\/","diversityPolicy":"https:\/\/talkpal.ai\/diversity-policy\/","diversityStaffingReport":"https:\/\/talkpal.ai\/diversity-policy\/"}]}},"_links":{"self":[{"href":"https:\/\/talkpal.ai\/no\/wp-json\/wp\/v2\/pages\/159583","targetHints":{"allow":["GET"]}}],"collection":[{"href":"https:\/\/talkpal.ai\/no\/wp-json\/wp\/v2\/pages"}],"about":[{"href":"https:\/\/talkpal.ai\/no\/wp-json\/wp\/v2\/types\/page"}],"author":[{"embeddable":true,"href":"https:\/\/talkpal.ai\/no\/wp-json\/wp\/v2\/users\/6"}],"replies":[{"embeddable":true,"href":"https:\/\/talkpal.ai\/no\/wp-json\/wp\/v2\/comments?post=159583"}],"version-history":[{"count":0,"href":"https:\/\/talkpal.ai\/no\/wp-json\/wp\/v2\/pages\/159583\/revisions"}],"wp:featuredmedia":[{"embeddable":true,"href":"https:\/\/talkpal.ai\/no\/wp-json\/wp\/v2\/media\/115727"}],"wp:attachment":[{"href":"https:\/\/talkpal.ai\/no\/wp-json\/wp\/v2\/media?parent=159583"}],"curies":[{"name":"wp","href":"https:\/\/api.w.org\/{rel}","templated":true}]}}