{"id":159330,"date":"2023-06-22T08:37:16","date_gmt":"2023-06-22T08:37:16","guid":{"rendered":"http:\/\/talkpal.ai\/marathi-grammatikkovelser\/"},"modified":"2025-12-17T15:24:31","modified_gmt":"2025-12-17T15:24:31","slug":"marathi-grammatikkovelser","status":"publish","type":"page","link":"https:\/\/talkpal.ai\/no\/marathi-grammatikkovelser\/","title":{"rendered":"Marathi grammatikk\u00f8velser"},"content":{"rendered":"\r\n\r\n\r\n<section class=\"languageChallengeSection\">\r\n    <div class=\"languageInfoWrapper\">\r\n        \r\n        <h1>Marathi grammatikk\u00f8velser<\/h1>\r\n        <p>Er du klar for \u00e5 styrke dine ferdigheter i <a href=\"https:\/\/talkpal.ai\/learn-marathi\/\">marathi<\/a>? Grammatikk\u00f8velser er en utmerket m\u00e5te \u00e5 l\u00e6re seg setningsoppbygging, verbformer og de viktigste grammatiske m\u00f8nstrene i spr\u00e5ket p\u00e5. Begynn \u00e5 utforske marathi-grammatikk i dag, og se hvordan selvtilliten og spr\u00e5kkunnskapene dine vokser for hver \u00f8velse!<\/p>\r\n\r\n                            <a class=\"getStartedHidden\" href=\"https:\/\/app.talkpal.ai\/no\/signup?lng=\">Kom i gang<\/a>\r\n        \r\n    <\/div>\r\n\r\n    <figure>\r\n    <img decoding=\"async\" width=\"768\" height=\"768\" src=\"https:\/\/talkpal.ai\/wp-content\/uploads\/2023\/06\/marathi-768x768.png\" class=\"languageImage no-lazy\" alt=\"Fun ways to make language learning interesting\" fetchpriority=\"high\" sizes=\"(max-width: 768px) 150px, 768px\" srcset=\"https:\/\/talkpal.ai\/wp-content\/uploads\/2023\/06\/marathi-768x768.png 768w, https:\/\/talkpal.ai\/wp-content\/uploads\/2023\/06\/marathi-300x300.png 300w\" \/>\r\n    \r\n\r\n    <\/figure>\r\n\r\n            <a class=\"getStartedVisible\" href=\"https:\/\/app.talkpal.ai\/no\/signup?lng=\">Kom i gang<\/a>\r\n    \r\n<\/section>\r\n\r\n\r\n<!-- <section class=\"grammarSection\">\r\n    <div class=\"grammarLinks\">\r\n            <\/div>\r\n<\/section> -->\r\n\r\n\r\n\r\n\r\n<section class=\"promotionalBanner\">\r\n    <p class=\"promotionalText\">Den mest effektive m\u00e5ten \u00e5 l\u00e6re et spr\u00e5k p\u00e5<\/p>\r\n    <a class=\"promotionalLink\" href=\"https:\/\/app.talkpal.ai\/no\/signup?lng=\">Pr\u00f8v Talkpal gratis<\/a>\r\n<\/section>\n<div class=\"wp-block-group pageContainerStyle\"><div class=\"wp-block-group__inner-container is-layout-constrained wp-block-group-is-layout-constrained\">\n<h2 class=\"wp-block-heading\" id=\"h-marathi-grammar-topics\">Marathi grammatikk emner<\/h2>\n\n\n\n<p>Marathi, et indo-arisk spr\u00e5k, snakkes hovedsakelig i den indiske delstaten Maharashtra og er det offisielle spr\u00e5ket i regionen. \u00c5 l\u00e6re Marathi kan v\u00e6re en berikende opplevelse, siden det \u00e5pner d\u00f8ren til en rik kultur, historie og litteratur. For \u00e5 effektivt l\u00e6re marathi er det viktig \u00e5 ha en strukturert tiln\u00e6rming som fokuserer p\u00e5 ulike aspekter av spr\u00e5ket, som <a href=\"https:\/\/talkpal.ai\/grammar\/\">grammatikk<\/a>, ordforr\u00e5d og uttale. Denne artikkelen vil veilede deg gjennom sekvensen for \u00e5 l\u00e6re Marathi-grammatikk-emner, og starter med tider, verb, substantiv, og g\u00e5r videre til mer avanserte konsepter som betingelser og preposisjoner.<\/p>\n\n\n\n<h3 class=\"wp-block-heading\" id=\"h-1-tenses\">1. Tider:<\/h3>\n\n\n\n<p>Tider er ryggraden i ethvert spr\u00e5k, <a href=\"https:\/\/talkpal.ai\/culture\/how-do-you-use-the-conjunction-da-de\/\">da de<\/a> hjelper til med \u00e5 uttrykke handlinger eller tilstander i forhold til tid. I marathi er det tre grunnleggende tider &#8211; fortid, n\u00e5tid og fremtid. Hver tid har forskjellige former basert p\u00e5 typen handling (enkel, kontinuerlig, perfekt eller perfekt kontinuerlig). Begynn med \u00e5 l\u00e6re de enkle tidene og g\u00e5 deretter videre til de mer komplekse.<\/p>\n\n\n\n<h3 class=\"wp-block-heading\" id=\"h-2-tense-comparison\">2. Anspent sammenligning:<\/h3>\n\n\n\n<p>Etter \u00e5 ha forst\u00e5tt de grunnleggende tidene, er det avgj\u00f8rende \u00e5 l\u00e6re \u00e5 sammenligne dem. Anspent sammenligning lar deg snakke om flere handlinger eller hendelser som skjer samtidig eller i forskjellige tidsrammer. Dette hjelper til med \u00e5 danne komplekse setninger og uttrykke et bredere spekter av ideer.<\/p>\n\n\n\n<h3 class=\"wp-block-heading\" id=\"h-3-verbs\">3. Verb:<\/h3>\n\n\n\n<p>Verb er handlingsord som representerer en handling eller tilstand i en setning. P\u00e5 marathi b\u00f8yes verb for \u00e5 indikere tid, aspekt, stemning og stemme. L\u00e6r de grunnleggende verbb\u00f8yingsreglene og ulike verbformer for \u00e5 forbedre setningskonstruksjonsferdighetene dine.<\/p>\n\n\n\n<h3 class=\"wp-block-heading\" id=\"h-4-nouns\">4. Substantiv:<\/h3>\n\n\n\n<p>Substantiv er ord som representerer mennesker, steder, ting eller ideer. Marathi-substantiv har et kj\u00f8nn (maskulint, feminint eller intetkj\u00f8nn) og b\u00f8yes for tall (entall eller flertall) og kasus (direkte, skr\u00e5 eller besittende). Gj\u00f8r deg kjent med de forskjellige substantivformene og bruken av dem i setninger.<\/p>\n\n\n\n<h3 class=\"wp-block-heading\" id=\"h-5-articles\">5. Artikler:<\/h3>\n\n\n\n<p>Marathi har ikke artikler som &laquo;a&raquo;, &laquo;an&raquo; eller &laquo;the&raquo;. Imidlertid er det demonstrative pronomen og bestemmere som tjener et lignende form\u00e5l. L\u00e6r hvordan du bruker disse pronomenene og bestemmerne for \u00e5 spesifisere eller identifisere substantiver i en setning.<\/p>\n\n\n\n<h3 class=\"wp-block-heading\" id=\"h-6-pronouns-determiners\">6. Pronomen\/bestemmere:<\/h3>\n\n\n\n<p>Pronomen erstatter substantiver for \u00e5 unng\u00e5 repetisjon, mens bestemmere spesifiserer eller begrenser betydningen av substantiver. P\u00e5 marathi stemmer pronomen og bestemmere i kj\u00f8nn og tall med substantivet de erstatter eller endrer. L\u00e6r de ulike formene og deres passende bruk for \u00e5 forbedre setningskonstruksjonen din.<\/p>\n\n\n\n<h3 class=\"wp-block-heading\" id=\"h-7-adjectives\">7. Adjektiver:<\/h3>\n\n\n\n<p>Adjektiver beskriver eller modifiserer substantiver, og gir tilleggsinformasjon om deres kvaliteter eller attributter. P\u00e5 marathi stemmer adjektiver i kj\u00f8nn og tall med substantivet de endrer. L\u00e6r de ulike adjektivformene og deres korrekte bruk i setninger.<\/p>\n\n\n\n<h3 class=\"wp-block-heading\" id=\"h-8-adverbs\">8. Adverb:<\/h3>\n\n\n\n<p>Adverb gir tilleggsinformasjon om verb, adjektiver eller andre adverb, som beskriver hvordan, n\u00e5r, hvor eller i hvilken grad noe skjer. L\u00e6r de forskjellige typene adverb og deres plassering i setninger for \u00e5 forbedre dine spr\u00e5kkunnskaper.<\/p>\n\n\n\n<h3 class=\"wp-block-heading\" id=\"h-9-conditionals\">9. Betingelser:<\/h3>\n\n\n\n<p>Betingelser uttrykker hypotetiske situasjoner eller forhold og deres mulige konsekvenser. I Marathi er det tre typer betingelser &#8211; ekte, uvirkelig og blandet. L\u00e6r strukturen og bruken av hver type for \u00e5 uttrykke komplekse ideer og situasjoner.<\/p>\n\n\n\n<h3 class=\"wp-block-heading\" id=\"h-10-prepositions\">10. Preposisjoner:<\/h3>\n\n\n\n<p>Preposisjoner er ord som viser forholdet mellom substantiv (eller pronomen) og andre ord i en setning. De indikerer plassering, retning, tid eller andre forhold. L\u00e6r de vanlige preposisjonene p\u00e5 marathi og bruken av dem i setninger.<\/p>\n\n\n\n<h3 class=\"wp-block-heading\" id=\"h-11-sentences\">11. Setninger:<\/h3>\n\n\n\n<p>Til slutt, \u00f8v deg p\u00e5 \u00e5 lage enkle og komplekse setninger ved \u00e5 bruke grammatikkreglene og vokabularet du har l\u00e6rt. Fokus p\u00e5 setningsstruktur.<\/p>\n<\/div><\/div>\n\r\n<section class=\"learnNavigationSection\">\r\n            \r\n        <a href=\"https:\/\/talkpal.ai\/no\/laer-marathi\/\">\r\n            <div class=\"learnNavigationWrapper\">\r\n                <div class=\"learnNavigationContent\">\r\n                    <img decoding=\"async\" src=\"https:\/\/talkpal.ai\/wp-content\/uploads\/2023\/05\/Marathi-india.png\" alt=\"TalkPal Marathi Flag\">\r\n                    <div>\r\n                        <h4>Om Marathi Learning<\/h4>\r\n                        <p>Finn ut alt om marathisk grammatikk.<\/p>\r\n                    <\/div>\r\n                <\/div>\r\n            <\/div>\r\n        <\/a>\r\n\r\n        \r\n        <a href=\"https:\/\/talkpal.ai\/no\/marathi-grammatikk\/\">\r\n            <div class=\"learnNavigationWrapper\">\r\n                <div class=\"learnNavigationContent\">\r\n                    <img decoding=\"async\" src=\"https:\/\/talkpal.ai\/wp-content\/uploads\/2023\/05\/Marathi-india.png\" alt=\"TalkPal Marathi Flag\">\r\n                    <div>\r\n                        <h4>Leksjoner i marathi grammatikk<\/h4>\r\n                        <p>\u00d8v p\u00e5 marathisk grammatikk.<\/p>\r\n                    <\/div>\r\n                <\/div>\r\n            <\/div>\r\n        <\/a>\r\n\r\n        \r\n        <a href=\"https:\/\/talkpal.ai\/vocabulary_language\/marathi\/\">\r\n            <div class=\"learnNavigationWrapper\">\r\n                <div class=\"learnNavigationContent\">\r\n                    <img decoding=\"async\" src=\"https:\/\/talkpal.ai\/wp-content\/uploads\/2023\/05\/Marathi-india.png\" alt=\"TalkPal Marathi Flag\">\r\n                    <div>\r\n                        <h4>Marathi ordforr\u00e5d<\/h4>\r\n                        <p>Utvid ordforr\u00e5det ditt p\u00e5 marathi.<\/p>\r\n                    <\/div>\r\n                <\/div>\r\n            <\/div>\r\n        <\/a>\r\n\r\n            <\/section>","protected":false},"excerpt":{"rendered":"<p>Marathi grammatikk emner Marathi, et indo-arisk spr\u00e5k, snakkes hovedsakelig i den indiske delstaten Maharashtra og er det offisielle spr\u00e5ket i regionen. \u00c5 l\u00e6re Marathi kan v\u00e6re en berikende opplevelse, siden det \u00e5pner d\u00f8ren til en rik kultur, historie og litteratur. For \u00e5 effektivt l\u00e6re marathi er det viktig \u00e5 ha en strukturert tiln\u00e6rming som fokuserer [&hellip;]<\/p>\n","protected":false},"author":6,"featured_media":116341,"parent":0,"menu_order":0,"comment_status":"closed","ping_status":"closed","template":"LearningContentPage.php","meta":{"_acf_changed":false,"footnotes":""},"class_list":["post-159330","page","type-page","status-publish","has-post-thumbnail","hentry"],"acf":[],"yoast_head":"<!-- This site is optimized with the Yoast SEO Premium plugin v27.2 (Yoast SEO v27.2) - https:\/\/yoast.com\/product\/yoast-seo-premium-wordpress\/ -->\n<title>Marathi grammatikk\u00f8velser - Talkpal<\/title>\n<meta name=\"description\" content=\"Forbedre dine ferdigheter i marathi med engasjerende grammatikk\u00f8velser p\u00e5 marathi som er utviklet for elever p\u00e5 alle niv\u00e5er.\" \/>\n<meta name=\"robots\" content=\"index, follow, max-snippet:-1, max-image-preview:large, max-video-preview:-1\" \/>\n<link rel=\"canonical\" href=\"https:\/\/talkpal.ai\/no\/marathi-grammatikkovelser\/\" \/>\n<meta property=\"og:locale\" content=\"nb_NO\" \/>\n<meta property=\"og:type\" content=\"article\" \/>\n<meta property=\"og:title\" content=\"Marathi grammatikk\u00f8velser\" \/>\n<meta property=\"og:description\" content=\"Marathi grammatikk emner Marathi, et indo-arisk spr\u00e5k, snakkes hovedsakelig i den indiske delstaten Maharashtra og er det offisielle spr\u00e5ket i regionen. \u00c5\" \/>\n<meta property=\"og:url\" content=\"https:\/\/talkpal.ai\/no\/marathi-grammatikkovelser\/\" \/>\n<meta property=\"og:site_name\" content=\"Talkpal\" \/>\n<meta property=\"article:publisher\" content=\"https:\/\/www.facebook.com\/profile.php?id=100090733639311\" \/>\n<meta property=\"article:modified_time\" content=\"2025-12-17T15:24:31+00:00\" \/>\n<meta property=\"og:image\" content=\"https:\/\/talkpal.ai\/wp-content\/uploads\/2023\/05\/Marathi-india.png\" \/>\n\t<meta property=\"og:image:width\" content=\"512\" \/>\n\t<meta property=\"og:image:height\" content=\"512\" \/>\n\t<meta property=\"og:image:type\" content=\"image\/png\" \/>\n<meta name=\"twitter:card\" content=\"summary_large_image\" \/>\n<meta name=\"twitter:site\" content=\"@talkpalai\" \/>\n<meta name=\"twitter:label1\" content=\"Ansl. lesetid\" \/>\n\t<meta name=\"twitter:data1\" content=\"3 minutter\" \/>\n<script type=\"application\/ld+json\" class=\"yoast-schema-graph\">{\"@context\":\"https:\/\/schema.org\",\"@graph\":[{\"@type\":\"WebPage\",\"@id\":\"https:\/\/talkpal.ai\/no\/marathi-grammatikkovelser\/\",\"url\":\"https:\/\/talkpal.ai\/no\/marathi-grammatikkovelser\/\",\"name\":\"Marathi grammatikk\u00f8velser - Talkpal\",\"isPartOf\":{\"@id\":\"https:\/\/talkpal.ai\/no\/#website\"},\"primaryImageOfPage\":{\"@id\":\"https:\/\/talkpal.ai\/no\/marathi-grammatikkovelser\/#primaryimage\"},\"image\":{\"@id\":\"https:\/\/talkpal.ai\/no\/marathi-grammatikkovelser\/#primaryimage\"},\"thumbnailUrl\":\"https:\/\/talkpal.ai\/wp-content\/uploads\/2023\/05\/Marathi-india.png\",\"datePublished\":\"2023-06-22T08:37:16+00:00\",\"dateModified\":\"2025-12-17T15:24:31+00:00\",\"description\":\"Forbedre dine ferdigheter i marathi med engasjerende grammatikk\u00f8velser p\u00e5 marathi som er utviklet for elever p\u00e5 alle niv\u00e5er.\",\"breadcrumb\":{\"@id\":\"https:\/\/talkpal.ai\/no\/marathi-grammatikkovelser\/#breadcrumb\"},\"inLanguage\":\"nb-NO\",\"potentialAction\":[{\"@type\":\"ReadAction\",\"target\":[\"https:\/\/talkpal.ai\/no\/marathi-grammatikkovelser\/\"]}]},{\"@type\":\"ImageObject\",\"inLanguage\":\"nb-NO\",\"@id\":\"https:\/\/talkpal.ai\/no\/marathi-grammatikkovelser\/#primaryimage\",\"url\":\"https:\/\/talkpal.ai\/wp-content\/uploads\/2023\/05\/Marathi-india.png\",\"contentUrl\":\"https:\/\/talkpal.ai\/wp-content\/uploads\/2023\/05\/Marathi-india.png\",\"width\":512,\"height\":512},{\"@type\":\"BreadcrumbList\",\"@id\":\"https:\/\/talkpal.ai\/no\/marathi-grammatikkovelser\/#breadcrumb\",\"itemListElement\":[{\"@type\":\"ListItem\",\"position\":1,\"name\":\"Homepage\",\"item\":\"https:\/\/talkpal.ai\/no\/\"},{\"@type\":\"ListItem\",\"position\":2,\"name\":\"Marathi grammatikk\u00f8velser\"}]},{\"@type\":\"WebSite\",\"@id\":\"https:\/\/talkpal.ai\/no\/#website\",\"url\":\"https:\/\/talkpal.ai\/no\/\",\"name\":\"Talkpal\",\"description\":\"AI Language Learning\",\"publisher\":{\"@id\":\"https:\/\/talkpal.ai\/no\/#organization\"},\"alternateName\":\"Talkpal AI\",\"potentialAction\":[{\"@type\":\"SearchAction\",\"target\":{\"@type\":\"EntryPoint\",\"urlTemplate\":\"https:\/\/talkpal.ai\/no\/?s={search_term_string}\"},\"query-input\":{\"@type\":\"PropertyValueSpecification\",\"valueRequired\":true,\"valueName\":\"search_term_string\"}}],\"inLanguage\":\"nb-NO\"},{\"@type\":\"Organization\",\"@id\":\"https:\/\/talkpal.ai\/no\/#organization\",\"name\":\"Talkpal, Inc.\",\"alternateName\":\"Talkpal AI\",\"url\":\"https:\/\/talkpal.ai\/no\/\",\"logo\":{\"@type\":\"ImageObject\",\"inLanguage\":\"nb-NO\",\"@id\":\"https:\/\/talkpal.ai\/no\/#\/schema\/logo\/image\/\",\"url\":\"https:\/\/talkpal.ai\/wp-content\/uploads\/2024\/03\/Talkpal-Logo-Icon.png\",\"contentUrl\":\"https:\/\/talkpal.ai\/wp-content\/uploads\/2024\/03\/Talkpal-Logo-Icon.png\",\"width\":2880,\"height\":2880,\"caption\":\"Talkpal, Inc.\"},\"image\":{\"@id\":\"https:\/\/talkpal.ai\/no\/#\/schema\/logo\/image\/\"},\"sameAs\":[\"https:\/\/www.facebook.com\/profile.php?id=100090733639311\",\"https:\/\/x.com\/talkpalai\",\"https:\/\/www.linkedin.com\/company\/talkpal\/\",\"https:\/\/www.youtube.com\/@TalkPal\/\",\"https:\/\/www.tiktok.com\/@talkpal\",\"https:\/\/www.instagram.com\/talkpal_ai\/\",\"https:\/\/www.crunchbase.com\/organization\/talkpal-9cde\",\"https:\/\/www.g2.com\/products\/talkpal-for-business\/\",\"https:\/\/www.trustpilot.com\/review\/talkpal.ai\",\"https:\/\/www.capterra.com\/p\/10006800\/TalkPal\/\"],\"description\":\"Talkpal is a language learning web and mobile education app, powered by the latest AI technologies, that provides engaging experiences to its customers in many different languages to help them improve their language skills. Users can chat about unlimited amount of topics with the app and use other modes to practice their language learning.\",\"email\":\"support@talkpal.ai\",\"legalName\":\"Talkpal, Inc.\",\"foundingDate\":\"2023-04-03\",\"duns\":\"118989042\",\"numberOfEmployees\":{\"@type\":\"QuantitativeValue\",\"minValue\":\"11\",\"maxValue\":\"50\"},\"publishingPrinciples\":\"https:\/\/talkpal.ai\/publishing-principles\/\",\"actionableFeedbackPolicy\":\"https:\/\/talkpal.ai\/actionable-feedback-policy\/\",\"correctionsPolicy\":\"https:\/\/talkpal.ai\/corrections-policy\/\",\"ethicsPolicy\":\"https:\/\/talkpal.ai\/ethics-policy\/\",\"diversityPolicy\":\"https:\/\/talkpal.ai\/diversity-policy\/\",\"diversityStaffingReport\":\"https:\/\/talkpal.ai\/diversity-policy\/\"}]}<\/script>\n<!-- \/ Yoast SEO Premium plugin. -->","yoast_head_json":{"title":"Marathi grammatikk\u00f8velser - Talkpal","description":"Forbedre dine ferdigheter i marathi med engasjerende grammatikk\u00f8velser p\u00e5 marathi som er utviklet for elever p\u00e5 alle niv\u00e5er.","robots":{"index":"index","follow":"follow","max-snippet":"max-snippet:-1","max-image-preview":"max-image-preview:large","max-video-preview":"max-video-preview:-1"},"canonical":"https:\/\/talkpal.ai\/no\/marathi-grammatikkovelser\/","og_locale":"nb_NO","og_type":"article","og_title":"Marathi grammatikk\u00f8velser","og_description":"Marathi grammatikk emner Marathi, et indo-arisk spr\u00e5k, snakkes hovedsakelig i den indiske delstaten Maharashtra og er det offisielle spr\u00e5ket i regionen. \u00c5","og_url":"https:\/\/talkpal.ai\/no\/marathi-grammatikkovelser\/","og_site_name":"Talkpal","article_publisher":"https:\/\/www.facebook.com\/profile.php?id=100090733639311","article_modified_time":"2025-12-17T15:24:31+00:00","og_image":[{"width":512,"height":512,"url":"https:\/\/talkpal.ai\/wp-content\/uploads\/2023\/05\/Marathi-india.png","type":"image\/png"}],"twitter_card":"summary_large_image","twitter_site":"@talkpalai","twitter_misc":{"Ansl. lesetid":"3 minutter"},"schema":{"@context":"https:\/\/schema.org","@graph":[{"@type":"WebPage","@id":"https:\/\/talkpal.ai\/no\/marathi-grammatikkovelser\/","url":"https:\/\/talkpal.ai\/no\/marathi-grammatikkovelser\/","name":"Marathi grammatikk\u00f8velser - Talkpal","isPartOf":{"@id":"https:\/\/talkpal.ai\/no\/#website"},"primaryImageOfPage":{"@id":"https:\/\/talkpal.ai\/no\/marathi-grammatikkovelser\/#primaryimage"},"image":{"@id":"https:\/\/talkpal.ai\/no\/marathi-grammatikkovelser\/#primaryimage"},"thumbnailUrl":"https:\/\/talkpal.ai\/wp-content\/uploads\/2023\/05\/Marathi-india.png","datePublished":"2023-06-22T08:37:16+00:00","dateModified":"2025-12-17T15:24:31+00:00","description":"Forbedre dine ferdigheter i marathi med engasjerende grammatikk\u00f8velser p\u00e5 marathi som er utviklet for elever p\u00e5 alle niv\u00e5er.","breadcrumb":{"@id":"https:\/\/talkpal.ai\/no\/marathi-grammatikkovelser\/#breadcrumb"},"inLanguage":"nb-NO","potentialAction":[{"@type":"ReadAction","target":["https:\/\/talkpal.ai\/no\/marathi-grammatikkovelser\/"]}]},{"@type":"ImageObject","inLanguage":"nb-NO","@id":"https:\/\/talkpal.ai\/no\/marathi-grammatikkovelser\/#primaryimage","url":"https:\/\/talkpal.ai\/wp-content\/uploads\/2023\/05\/Marathi-india.png","contentUrl":"https:\/\/talkpal.ai\/wp-content\/uploads\/2023\/05\/Marathi-india.png","width":512,"height":512},{"@type":"BreadcrumbList","@id":"https:\/\/talkpal.ai\/no\/marathi-grammatikkovelser\/#breadcrumb","itemListElement":[{"@type":"ListItem","position":1,"name":"Homepage","item":"https:\/\/talkpal.ai\/no\/"},{"@type":"ListItem","position":2,"name":"Marathi grammatikk\u00f8velser"}]},{"@type":"WebSite","@id":"https:\/\/talkpal.ai\/no\/#website","url":"https:\/\/talkpal.ai\/no\/","name":"Talkpal","description":"AI Language Learning","publisher":{"@id":"https:\/\/talkpal.ai\/no\/#organization"},"alternateName":"Talkpal AI","potentialAction":[{"@type":"SearchAction","target":{"@type":"EntryPoint","urlTemplate":"https:\/\/talkpal.ai\/no\/?s={search_term_string}"},"query-input":{"@type":"PropertyValueSpecification","valueRequired":true,"valueName":"search_term_string"}}],"inLanguage":"nb-NO"},{"@type":"Organization","@id":"https:\/\/talkpal.ai\/no\/#organization","name":"Talkpal, Inc.","alternateName":"Talkpal AI","url":"https:\/\/talkpal.ai\/no\/","logo":{"@type":"ImageObject","inLanguage":"nb-NO","@id":"https:\/\/talkpal.ai\/no\/#\/schema\/logo\/image\/","url":"https:\/\/talkpal.ai\/wp-content\/uploads\/2024\/03\/Talkpal-Logo-Icon.png","contentUrl":"https:\/\/talkpal.ai\/wp-content\/uploads\/2024\/03\/Talkpal-Logo-Icon.png","width":2880,"height":2880,"caption":"Talkpal, Inc."},"image":{"@id":"https:\/\/talkpal.ai\/no\/#\/schema\/logo\/image\/"},"sameAs":["https:\/\/www.facebook.com\/profile.php?id=100090733639311","https:\/\/x.com\/talkpalai","https:\/\/www.linkedin.com\/company\/talkpal\/","https:\/\/www.youtube.com\/@TalkPal\/","https:\/\/www.tiktok.com\/@talkpal","https:\/\/www.instagram.com\/talkpal_ai\/","https:\/\/www.crunchbase.com\/organization\/talkpal-9cde","https:\/\/www.g2.com\/products\/talkpal-for-business\/","https:\/\/www.trustpilot.com\/review\/talkpal.ai","https:\/\/www.capterra.com\/p\/10006800\/TalkPal\/"],"description":"Talkpal is a language learning web and mobile education app, powered by the latest AI technologies, that provides engaging experiences to its customers in many different languages to help them improve their language skills. Users can chat about unlimited amount of topics with the app and use other modes to practice their language learning.","email":"support@talkpal.ai","legalName":"Talkpal, Inc.","foundingDate":"2023-04-03","duns":"118989042","numberOfEmployees":{"@type":"QuantitativeValue","minValue":"11","maxValue":"50"},"publishingPrinciples":"https:\/\/talkpal.ai\/publishing-principles\/","actionableFeedbackPolicy":"https:\/\/talkpal.ai\/actionable-feedback-policy\/","correctionsPolicy":"https:\/\/talkpal.ai\/corrections-policy\/","ethicsPolicy":"https:\/\/talkpal.ai\/ethics-policy\/","diversityPolicy":"https:\/\/talkpal.ai\/diversity-policy\/","diversityStaffingReport":"https:\/\/talkpal.ai\/diversity-policy\/"}]}},"_links":{"self":[{"href":"https:\/\/talkpal.ai\/no\/wp-json\/wp\/v2\/pages\/159330","targetHints":{"allow":["GET"]}}],"collection":[{"href":"https:\/\/talkpal.ai\/no\/wp-json\/wp\/v2\/pages"}],"about":[{"href":"https:\/\/talkpal.ai\/no\/wp-json\/wp\/v2\/types\/page"}],"author":[{"embeddable":true,"href":"https:\/\/talkpal.ai\/no\/wp-json\/wp\/v2\/users\/6"}],"replies":[{"embeddable":true,"href":"https:\/\/talkpal.ai\/no\/wp-json\/wp\/v2\/comments?post=159330"}],"version-history":[{"count":0,"href":"https:\/\/talkpal.ai\/no\/wp-json\/wp\/v2\/pages\/159330\/revisions"}],"wp:featuredmedia":[{"embeddable":true,"href":"https:\/\/talkpal.ai\/no\/wp-json\/wp\/v2\/media\/116341"}],"wp:attachment":[{"href":"https:\/\/talkpal.ai\/no\/wp-json\/wp\/v2\/media?parent=159330"}],"curies":[{"name":"wp","href":"https:\/\/api.w.org\/{rel}","templated":true}]}}