{"id":158706,"date":"2023-06-22T08:52:21","date_gmt":"2023-06-22T08:52:21","guid":{"rendered":"http:\/\/talkpal.ai\/nepalesisk-grammatikkovelser\/"},"modified":"2025-12-17T14:35:50","modified_gmt":"2025-12-17T14:35:50","slug":"nepalesisk-grammatikkovelser","status":"publish","type":"page","link":"https:\/\/talkpal.ai\/no\/nepalesisk-grammatikkovelser\/","title":{"rendered":"Nepalesisk grammatikk\u00f8velser"},"content":{"rendered":"\r\n\r\n\r\n<section class=\"languageChallengeSection\">\r\n    <div class=\"languageInfoWrapper\">\r\n        \r\n        <h1>Nepalesisk grammatikk\u00f8velser<\/h1>\r\n        <p>\u00d8nsker du \u00e5 bli tryggere p\u00e5 nepali? Grammatikk\u00f8velser er en fin m\u00e5te \u00e5 forst\u00e5 setningsstruktur, verbformer og spr\u00e5kets unike m\u00f8nstre p\u00e5. Begynn \u00e5 jobbe med nepalsk <a href=\"https:\/\/talkpal.ai\/grammar\/\">grammatikk<\/a> i dag, og se ferdighetene dine vokse for hver \u00f8velse!<\/p>\r\n\r\n                            <a class=\"getStartedHidden\" href=\"https:\/\/app.talkpal.ai\/no\/signup?lng=\">Kom i gang<\/a>\r\n        \r\n    <\/div>\r\n\r\n    <figure>\r\n    <img decoding=\"async\" width=\"768\" height=\"768\" src=\"https:\/\/talkpal.ai\/wp-content\/uploads\/2023\/06\/nepali-768x768.png\" class=\"languageImage no-lazy\" alt=\"Practical language learning for real-life application\" fetchpriority=\"high\" sizes=\"(max-width: 768px) 150px, 768px\" srcset=\"https:\/\/talkpal.ai\/wp-content\/uploads\/2023\/06\/nepali-768x768.png 768w, https:\/\/talkpal.ai\/wp-content\/uploads\/2023\/06\/nepali-300x300.png 300w\" \/>\r\n    \r\n\r\n    <\/figure>\r\n\r\n            <a class=\"getStartedVisible\" href=\"https:\/\/app.talkpal.ai\/no\/signup?lng=\">Kom i gang<\/a>\r\n    \r\n<\/section>\r\n\r\n\r\n<!-- <section class=\"grammarSection\">\r\n    <div class=\"grammarLinks\">\r\n            <\/div>\r\n<\/section> -->\r\n\r\n\r\n\r\n\r\n<section class=\"promotionalBanner\">\r\n    <p class=\"promotionalText\">Den mest effektive m\u00e5ten \u00e5 l\u00e6re et spr\u00e5k p\u00e5<\/p>\r\n    <a class=\"promotionalLink\" href=\"https:\/\/app.talkpal.ai\/no\/signup?lng=\">Pr\u00f8v Talkpal gratis<\/a>\r\n<\/section>\n<div class=\"wp-block-group pageContainerStyle\"><div class=\"wp-block-group__inner-container is-layout-constrained wp-block-group-is-layout-constrained\">\n<h2 class=\"wp-block-heading\" id=\"h-nepali-grammar-topics\">Nepalesisk grammatikkemner<\/h2>\n\n\n\n<p>\u00c5 l\u00e6re det nepalesiske spr\u00e5ket kan v\u00e6re en fascinerende og givende opplevelse for alle som er interessert i \u00e5 dykke inn i Nepals rike kultur og historie. Som med <a href=\"https:\/\/talkpal.ai\/languages\/\">alle spr\u00e5k<\/a>, er det \u00e5 <a href=\"https:\/\/talkpal.ai\/locations\/language-courses-in-mestre\/\">mestre<\/a> <a href=\"https:\/\/talkpal.ai\/learn-nepali\/\">nepalesisk<\/a> grammatikk avgj\u00f8rende for effektiv kommunikasjon. Denne artikkelen vil lede deg gjennom emnene for <a href=\"https:\/\/talkpal.ai\/learn-nepali\/\">nepalesisk<\/a> grammatikk, gruppert i en sekvens som vil lette din spr\u00e5kl\u00e6ringsreise. Fra tider til setningsstrukturer, denne veiledningen vil gi deg en oversikt over viktige grammatikkbegreper som vil legge et sterkt grunnlag for dine nepalesiske spr\u00e5kkunnskaper.<\/p>\n\n\n\n<h3 class=\"wp-block-heading\" id=\"h-1-tenses\">1. Tider:<\/h3>\n\n\n\n<p>\u00c5 forst\u00e5 tider er avgj\u00f8rende for \u00e5 l\u00e6re et hvilket som helst spr\u00e5k, <a href=\"https:\/\/talkpal.ai\/culture\/how-do-you-use-the-conjunction-da-de\/\">da de<\/a> hjelper til med \u00e5 formidle tidspunktet for en handling eller hendelse. P\u00e5 nepalesisk er det tre hovedtider: fortid, n\u00e5tid og fremtid. Hver tid har sitt eget sett med verbb\u00f8yingsregler, som du b\u00f8r gj\u00f8re deg kjent med for \u00e5 n\u00f8yaktig beskrive handlinger i forskjellige tidsrammer.<\/p>\n\n\n\n<h3 class=\"wp-block-heading\" id=\"h-2-tense-comparison\">2. Anspent sammenligning:<\/h3>\n\n\n\n<p>\u00c5 sammenligne tider p\u00e5 nepalesisk er et avgj\u00f8rende aspekt for \u00e5 mestre spr\u00e5ket. Dette inneb\u00e6rer \u00e5 forst\u00e5 hvordan ulike tider forholder seg til hverandre og hvordan de kan brukes sammen for tydelig kommunikasjon. Dette vil hjelpe deg \u00e5 unng\u00e5 forvirring n\u00e5r du diskuterer hendelser som har skjedd i fortid, n\u00e5tid eller fremtid.<\/p>\n\n\n\n<h3 class=\"wp-block-heading\" id=\"h-3-progressive\">3. Progressiv:<\/h3>\n\n\n\n<p>Det progressive aspektet i nepalesisk grammatikk indikerer p\u00e5g\u00e5ende handlinger. \u00c5 l\u00e6re den progressive formen av verb er viktig for \u00e5 uttrykke handlinger som for \u00f8yeblikket skjer eller skjedde p\u00e5 et bestemt tidspunkt. Dette vil hjelpe deg med \u00e5 skape mer dynamiske og engasjerende samtaler p\u00e5 nepalesisk.<\/p>\n\n\n\n<h3 class=\"wp-block-heading\" id=\"h-4-perfect-progressive\">4. Perfekt progressiv:<\/h3>\n\n\n\n<p>Denne tiden kombinerer begrepene perfekte og progressive tider. Den perfekte progressive tiden brukes til \u00e5 beskrive en handling som begynte i fortiden og fortsatte til et annet punkt i fortiden. \u00c5 mestre denne tiden vil gj\u00f8re deg i stand til \u00e5 gi detaljert informasjon om tidligere handlinger og deres varighet.<\/p>\n\n\n\n<h3 class=\"wp-block-heading\" id=\"h-5-verbs\">5. Verb:<\/h3>\n\n\n\n<p>Verb er ryggraden i ethvert spr\u00e5k, og nepalesisk er intet unntak. For \u00e5 snakke og forst\u00e5 nepalesisk effektivt, er det viktig \u00e5 l\u00e6re de forskjellige formene for verb, deres b\u00f8yninger og hvordan de fungerer i setninger.<\/p>\n\n\n\n<h3 class=\"wp-block-heading\" id=\"h-6-nouns\">6. Substantiv:<\/h3>\n\n\n\n<p>Et godt grep om nepalske substantiv er n\u00f8dvendig for \u00e5 bygge et solid ordforr\u00e5d. \u00c5 l\u00e6re om vanlige og egennavn, s\u00e5 vel som tellbare og utellelige substantiv, vil hjelpe deg med \u00e5 identifisere og bruke disse essensielle delene av talen i samtalene dine.<\/p>\n\n\n\n<h3 class=\"wp-block-heading\" id=\"h-7-articles\">7. Artikler:<\/h3>\n\n\n\n<p>P\u00e5 nepalesisk er ikke artikler like fremtredende som p\u00e5 <a href=\"https:\/\/talkpal.ai\/learn-english-with-ai\/\">engelsk<\/a>, men det er fortsatt viktig \u00e5 l\u00e6re seg hvordan de brukes. \u00c5 mestre bruken av artikler vil hjelpe deg n\u00f8yaktig \u00e5 identifisere og beskrive objekter, personer og konsepter i samtalene dine.<\/p>\n\n\n\n<h3 class=\"wp-block-heading\" id=\"h-8-pronouns-determiners\">8. Pronomen\/bestemmere:<\/h3>\n\n\n\n<p>\u00c5 gj\u00f8re deg kjent med nepalske pronomen og bestemmere er avgj\u00f8rende for klar og konsis kommunikasjon. Disse delene av tale bidrar til \u00e5 erstatte eller spesifisere substantiver i setninger, noe som gj\u00f8r samtalene dine mer effektive og naturlige.<\/p>\n\n\n\n<h3 class=\"wp-block-heading\" id=\"h-9-adjectives\">9. Adjektiver:<\/h3>\n\n\n\n<p>Adjektiver er avgj\u00f8rende for \u00e5 legge til dybde og detaljer til dine nepalesiske samtaler. N\u00e5r du l\u00e6rer hvordan du bruker adjektiver riktig, kan du beskrive mennesker, steder og ting n\u00f8yaktig, noe som gj\u00f8r talen din mer engasjerende og informativ.<\/p>\n\n\n\n<h3 class=\"wp-block-heading\" id=\"h-10-adverbs\">10. Adverb<\/h3>\n\n\n\n<p>: P\u00e5 nepalesisk spiller adverb en avgj\u00f8rende rolle i \u00e5 modifisere verb, adjektiver eller andre adverb. \u00c5 forst\u00e5 hvordan du bruker adverb vil gj\u00f8re deg i stand til \u00e5 gi ytterligere informasjon om handlinger, tilstander eller kvaliteter i samtalene dine.<\/p>\n\n\n\n<h3 class=\"wp-block-heading\" id=\"h-11-conditionals\">11. Betingelser:<\/h3>\n\n\n\n<p>\u00c5 mestre nepalske betingelser vil tillate deg \u00e5 uttrykke hypotetiske situasjoner og deres konsekvenser. Dette er viktig for \u00e5 skape komplekse, nyanserte diskusjoner i spr\u00e5ket.<\/p>\n\n\n\n<h3 class=\"wp-block-heading\" id=\"h-12-prepositions\">12. Preposisjoner:<\/h3>\n\n\n\n<p>Preposisjoner er avgj\u00f8rende for \u00e5 indikere forhold mellom ord i en setning. \u00c5 l\u00e6re riktig bruk av preposisjoner vil hjelpe deg med \u00e5 lage klare og sammenhengende setninger p\u00e5 nepalesisk.<\/p>\n\n\n\n<h3 class=\"wp-block-heading\" id=\"h-13-sentences\">13. Setninger:<\/h3>\n\n\n\n<p>Til slutt er det viktig \u00e5 forst\u00e5 strukturen og typene av nepalske setninger for effektiv kommunikasjon. Gj\u00f8r deg kjent med enkle, sammensatte og komplekse setninger, og l\u00e6r hvordan du konstruerer dem riktig for \u00e5 formidle tankene og ideene dine p\u00e5 spr\u00e5ket.<\/p>\n<\/div><\/div>\n\r\n<section class=\"learnNavigationSection\">\r\n            \r\n        <a href=\"https:\/\/talkpal.ai\/no\/laer-nepalsk\/\">\r\n            <div class=\"learnNavigationWrapper\">\r\n                <div class=\"learnNavigationContent\">\r\n                    <img decoding=\"async\" src=\"https:\/\/talkpal.ai\/wp-content\/uploads\/2024\/08\/Nepali.jpg\" alt=\"Nepali Flag\">\r\n                    <div>\r\n                        <h4>Om Nepali Learning<\/h4>\r\n                        <p>Finn ut alt om nepalsk grammatikk.<\/p>\r\n                    <\/div>\r\n                <\/div>\r\n            <\/div>\r\n        <\/a>\r\n\r\n        \r\n        <a href=\"https:\/\/talkpal.ai\/no\/nepalsk-grammatikk\/\">\r\n            <div class=\"learnNavigationWrapper\">\r\n                <div class=\"learnNavigationContent\">\r\n                    <img decoding=\"async\" src=\"https:\/\/talkpal.ai\/wp-content\/uploads\/2024\/08\/Nepali.jpg\" alt=\"Nepali Flag\">\r\n                    <div>\r\n                        <h4>Nepalesisk grammatikkundervisning<\/h4>\r\n                        <p>\u00d8v p\u00e5 nepalsk grammatikk.<\/p>\r\n                    <\/div>\r\n                <\/div>\r\n            <\/div>\r\n        <\/a>\r\n\r\n        \r\n        <a href=\"https:\/\/talkpal.ai\/vocabulary_language\/nepali\/\">\r\n            <div class=\"learnNavigationWrapper\">\r\n                <div class=\"learnNavigationContent\">\r\n                    <img decoding=\"async\" src=\"https:\/\/talkpal.ai\/wp-content\/uploads\/2024\/08\/Nepali.jpg\" alt=\"Nepali Flag\">\r\n                    <div>\r\n                        <h4>Nepalsk ordforr\u00e5d<\/h4>\r\n                        <p>Utvid ordforr\u00e5det ditt p\u00e5 nepali.<\/p>\r\n                    <\/div>\r\n                <\/div>\r\n            <\/div>\r\n        <\/a>\r\n\r\n            <\/section>","protected":false},"excerpt":{"rendered":"<p>Nepalesisk grammatikkemner \u00c5 l\u00e6re det nepalesiske spr\u00e5ket kan v\u00e6re en fascinerende og givende opplevelse for alle som er interessert i \u00e5 dykke inn i Nepals rike kultur og historie. Som med alle spr\u00e5k, er det \u00e5 mestre nepalesisk grammatikk avgj\u00f8rende for effektiv kommunikasjon. Denne artikkelen vil lede deg gjennom emnene for nepalesisk grammatikk, gruppert i [&hellip;]<\/p>\n","protected":false},"author":6,"featured_media":116038,"parent":0,"menu_order":0,"comment_status":"closed","ping_status":"closed","template":"LearningContentPage.php","meta":{"_acf_changed":false,"footnotes":""},"class_list":["post-158706","page","type-page","status-publish","has-post-thumbnail","hentry"],"acf":[],"yoast_head":"<!-- This site is optimized with the Yoast SEO Premium plugin v27.2 (Yoast SEO v27.2) - https:\/\/yoast.com\/product\/yoast-seo-premium-wordpress\/ -->\n<title>Nepalesisk grammatikk\u00f8velser - Talkpal<\/title>\n<meta name=\"description\" content=\"\u00d8velser i nepalsk grammatikk for effektiv kommunikasjon. Utforsk tidsformer og setningsstrukturer for \u00e5 f\u00e5 bedre spr\u00e5kflyt.\" \/>\n<meta name=\"robots\" content=\"index, follow, max-snippet:-1, max-image-preview:large, max-video-preview:-1\" \/>\n<link rel=\"canonical\" href=\"https:\/\/talkpal.ai\/no\/nepalesisk-grammatikkovelser\/\" \/>\n<meta property=\"og:locale\" content=\"nb_NO\" \/>\n<meta property=\"og:type\" content=\"article\" \/>\n<meta property=\"og:title\" content=\"Nepalesisk grammatikk\u00f8velser\" \/>\n<meta property=\"og:description\" content=\"Nepalesisk grammatikkemner \u00c5 l\u00e6re det nepalesiske spr\u00e5ket kan v\u00e6re en fascinerende og givende opplevelse for alle som er interessert i \u00e5 dykke inn i\" \/>\n<meta property=\"og:url\" content=\"https:\/\/talkpal.ai\/no\/nepalesisk-grammatikkovelser\/\" \/>\n<meta property=\"og:site_name\" content=\"Talkpal\" \/>\n<meta property=\"article:publisher\" content=\"https:\/\/www.facebook.com\/profile.php?id=100090733639311\" \/>\n<meta property=\"article:modified_time\" content=\"2025-12-17T14:35:50+00:00\" \/>\n<meta property=\"og:image\" content=\"https:\/\/talkpal.ai\/wp-content\/uploads\/2023\/05\/nepal.png\" \/>\n\t<meta property=\"og:image:width\" content=\"512\" \/>\n\t<meta property=\"og:image:height\" content=\"512\" \/>\n\t<meta property=\"og:image:type\" content=\"image\/png\" \/>\n<meta name=\"twitter:card\" content=\"summary_large_image\" \/>\n<meta name=\"twitter:site\" content=\"@talkpalai\" \/>\n<meta name=\"twitter:label1\" content=\"Ansl. lesetid\" \/>\n\t<meta name=\"twitter:data1\" content=\"3 minutter\" \/>\n<script type=\"application\/ld+json\" class=\"yoast-schema-graph\">{\"@context\":\"https:\/\/schema.org\",\"@graph\":[{\"@type\":\"WebPage\",\"@id\":\"https:\/\/talkpal.ai\/no\/nepalesisk-grammatikkovelser\/\",\"url\":\"https:\/\/talkpal.ai\/no\/nepalesisk-grammatikkovelser\/\",\"name\":\"Nepalesisk grammatikk\u00f8velser - Talkpal\",\"isPartOf\":{\"@id\":\"https:\/\/talkpal.ai\/no\/#website\"},\"primaryImageOfPage\":{\"@id\":\"https:\/\/talkpal.ai\/no\/nepalesisk-grammatikkovelser\/#primaryimage\"},\"image\":{\"@id\":\"https:\/\/talkpal.ai\/no\/nepalesisk-grammatikkovelser\/#primaryimage\"},\"thumbnailUrl\":\"https:\/\/talkpal.ai\/wp-content\/uploads\/2023\/05\/nepal.png\",\"datePublished\":\"2023-06-22T08:52:21+00:00\",\"dateModified\":\"2025-12-17T14:35:50+00:00\",\"description\":\"\u00d8velser i nepalsk grammatikk for effektiv kommunikasjon. Utforsk tidsformer og setningsstrukturer for \u00e5 f\u00e5 bedre spr\u00e5kflyt.\",\"breadcrumb\":{\"@id\":\"https:\/\/talkpal.ai\/no\/nepalesisk-grammatikkovelser\/#breadcrumb\"},\"inLanguage\":\"nb-NO\",\"potentialAction\":[{\"@type\":\"ReadAction\",\"target\":[\"https:\/\/talkpal.ai\/no\/nepalesisk-grammatikkovelser\/\"]}]},{\"@type\":\"ImageObject\",\"inLanguage\":\"nb-NO\",\"@id\":\"https:\/\/talkpal.ai\/no\/nepalesisk-grammatikkovelser\/#primaryimage\",\"url\":\"https:\/\/talkpal.ai\/wp-content\/uploads\/2023\/05\/nepal.png\",\"contentUrl\":\"https:\/\/talkpal.ai\/wp-content\/uploads\/2023\/05\/nepal.png\",\"width\":512,\"height\":512},{\"@type\":\"BreadcrumbList\",\"@id\":\"https:\/\/talkpal.ai\/no\/nepalesisk-grammatikkovelser\/#breadcrumb\",\"itemListElement\":[{\"@type\":\"ListItem\",\"position\":1,\"name\":\"Homepage\",\"item\":\"https:\/\/talkpal.ai\/no\/\"},{\"@type\":\"ListItem\",\"position\":2,\"name\":\"Nepalesisk grammatikk\u00f8velser\"}]},{\"@type\":\"WebSite\",\"@id\":\"https:\/\/talkpal.ai\/no\/#website\",\"url\":\"https:\/\/talkpal.ai\/no\/\",\"name\":\"Talkpal\",\"description\":\"AI Language Learning\",\"publisher\":{\"@id\":\"https:\/\/talkpal.ai\/no\/#organization\"},\"alternateName\":\"Talkpal AI\",\"potentialAction\":[{\"@type\":\"SearchAction\",\"target\":{\"@type\":\"EntryPoint\",\"urlTemplate\":\"https:\/\/talkpal.ai\/no\/?s={search_term_string}\"},\"query-input\":{\"@type\":\"PropertyValueSpecification\",\"valueRequired\":true,\"valueName\":\"search_term_string\"}}],\"inLanguage\":\"nb-NO\"},{\"@type\":\"Organization\",\"@id\":\"https:\/\/talkpal.ai\/no\/#organization\",\"name\":\"Talkpal, Inc.\",\"alternateName\":\"Talkpal AI\",\"url\":\"https:\/\/talkpal.ai\/no\/\",\"logo\":{\"@type\":\"ImageObject\",\"inLanguage\":\"nb-NO\",\"@id\":\"https:\/\/talkpal.ai\/no\/#\/schema\/logo\/image\/\",\"url\":\"https:\/\/talkpal.ai\/wp-content\/uploads\/2024\/03\/Talkpal-Logo-Icon.png\",\"contentUrl\":\"https:\/\/talkpal.ai\/wp-content\/uploads\/2024\/03\/Talkpal-Logo-Icon.png\",\"width\":2880,\"height\":2880,\"caption\":\"Talkpal, Inc.\"},\"image\":{\"@id\":\"https:\/\/talkpal.ai\/no\/#\/schema\/logo\/image\/\"},\"sameAs\":[\"https:\/\/www.facebook.com\/profile.php?id=100090733639311\",\"https:\/\/x.com\/talkpalai\",\"https:\/\/www.linkedin.com\/company\/talkpal\/\",\"https:\/\/www.youtube.com\/@TalkPal\/\",\"https:\/\/www.tiktok.com\/@talkpal\",\"https:\/\/www.instagram.com\/talkpal_ai\/\",\"https:\/\/www.crunchbase.com\/organization\/talkpal-9cde\",\"https:\/\/www.g2.com\/products\/talkpal-for-business\/\",\"https:\/\/www.trustpilot.com\/review\/talkpal.ai\",\"https:\/\/www.capterra.com\/p\/10006800\/TalkPal\/\"],\"description\":\"Talkpal is a language learning web and mobile education app, powered by the latest AI technologies, that provides engaging experiences to its customers in many different languages to help them improve their language skills. Users can chat about unlimited amount of topics with the app and use other modes to practice their language learning.\",\"email\":\"support@talkpal.ai\",\"legalName\":\"Talkpal, Inc.\",\"foundingDate\":\"2023-04-03\",\"duns\":\"118989042\",\"numberOfEmployees\":{\"@type\":\"QuantitativeValue\",\"minValue\":\"11\",\"maxValue\":\"50\"},\"publishingPrinciples\":\"https:\/\/talkpal.ai\/publishing-principles\/\",\"actionableFeedbackPolicy\":\"https:\/\/talkpal.ai\/actionable-feedback-policy\/\",\"correctionsPolicy\":\"https:\/\/talkpal.ai\/corrections-policy\/\",\"ethicsPolicy\":\"https:\/\/talkpal.ai\/ethics-policy\/\",\"diversityPolicy\":\"https:\/\/talkpal.ai\/diversity-policy\/\",\"diversityStaffingReport\":\"https:\/\/talkpal.ai\/diversity-policy\/\"}]}<\/script>\n<!-- \/ Yoast SEO Premium plugin. -->","yoast_head_json":{"title":"Nepalesisk grammatikk\u00f8velser - Talkpal","description":"\u00d8velser i nepalsk grammatikk for effektiv kommunikasjon. Utforsk tidsformer og setningsstrukturer for \u00e5 f\u00e5 bedre spr\u00e5kflyt.","robots":{"index":"index","follow":"follow","max-snippet":"max-snippet:-1","max-image-preview":"max-image-preview:large","max-video-preview":"max-video-preview:-1"},"canonical":"https:\/\/talkpal.ai\/no\/nepalesisk-grammatikkovelser\/","og_locale":"nb_NO","og_type":"article","og_title":"Nepalesisk grammatikk\u00f8velser","og_description":"Nepalesisk grammatikkemner \u00c5 l\u00e6re det nepalesiske spr\u00e5ket kan v\u00e6re en fascinerende og givende opplevelse for alle som er interessert i \u00e5 dykke inn i","og_url":"https:\/\/talkpal.ai\/no\/nepalesisk-grammatikkovelser\/","og_site_name":"Talkpal","article_publisher":"https:\/\/www.facebook.com\/profile.php?id=100090733639311","article_modified_time":"2025-12-17T14:35:50+00:00","og_image":[{"width":512,"height":512,"url":"https:\/\/talkpal.ai\/wp-content\/uploads\/2023\/05\/nepal.png","type":"image\/png"}],"twitter_card":"summary_large_image","twitter_site":"@talkpalai","twitter_misc":{"Ansl. lesetid":"3 minutter"},"schema":{"@context":"https:\/\/schema.org","@graph":[{"@type":"WebPage","@id":"https:\/\/talkpal.ai\/no\/nepalesisk-grammatikkovelser\/","url":"https:\/\/talkpal.ai\/no\/nepalesisk-grammatikkovelser\/","name":"Nepalesisk grammatikk\u00f8velser - Talkpal","isPartOf":{"@id":"https:\/\/talkpal.ai\/no\/#website"},"primaryImageOfPage":{"@id":"https:\/\/talkpal.ai\/no\/nepalesisk-grammatikkovelser\/#primaryimage"},"image":{"@id":"https:\/\/talkpal.ai\/no\/nepalesisk-grammatikkovelser\/#primaryimage"},"thumbnailUrl":"https:\/\/talkpal.ai\/wp-content\/uploads\/2023\/05\/nepal.png","datePublished":"2023-06-22T08:52:21+00:00","dateModified":"2025-12-17T14:35:50+00:00","description":"\u00d8velser i nepalsk grammatikk for effektiv kommunikasjon. Utforsk tidsformer og setningsstrukturer for \u00e5 f\u00e5 bedre spr\u00e5kflyt.","breadcrumb":{"@id":"https:\/\/talkpal.ai\/no\/nepalesisk-grammatikkovelser\/#breadcrumb"},"inLanguage":"nb-NO","potentialAction":[{"@type":"ReadAction","target":["https:\/\/talkpal.ai\/no\/nepalesisk-grammatikkovelser\/"]}]},{"@type":"ImageObject","inLanguage":"nb-NO","@id":"https:\/\/talkpal.ai\/no\/nepalesisk-grammatikkovelser\/#primaryimage","url":"https:\/\/talkpal.ai\/wp-content\/uploads\/2023\/05\/nepal.png","contentUrl":"https:\/\/talkpal.ai\/wp-content\/uploads\/2023\/05\/nepal.png","width":512,"height":512},{"@type":"BreadcrumbList","@id":"https:\/\/talkpal.ai\/no\/nepalesisk-grammatikkovelser\/#breadcrumb","itemListElement":[{"@type":"ListItem","position":1,"name":"Homepage","item":"https:\/\/talkpal.ai\/no\/"},{"@type":"ListItem","position":2,"name":"Nepalesisk grammatikk\u00f8velser"}]},{"@type":"WebSite","@id":"https:\/\/talkpal.ai\/no\/#website","url":"https:\/\/talkpal.ai\/no\/","name":"Talkpal","description":"AI Language Learning","publisher":{"@id":"https:\/\/talkpal.ai\/no\/#organization"},"alternateName":"Talkpal AI","potentialAction":[{"@type":"SearchAction","target":{"@type":"EntryPoint","urlTemplate":"https:\/\/talkpal.ai\/no\/?s={search_term_string}"},"query-input":{"@type":"PropertyValueSpecification","valueRequired":true,"valueName":"search_term_string"}}],"inLanguage":"nb-NO"},{"@type":"Organization","@id":"https:\/\/talkpal.ai\/no\/#organization","name":"Talkpal, Inc.","alternateName":"Talkpal AI","url":"https:\/\/talkpal.ai\/no\/","logo":{"@type":"ImageObject","inLanguage":"nb-NO","@id":"https:\/\/talkpal.ai\/no\/#\/schema\/logo\/image\/","url":"https:\/\/talkpal.ai\/wp-content\/uploads\/2024\/03\/Talkpal-Logo-Icon.png","contentUrl":"https:\/\/talkpal.ai\/wp-content\/uploads\/2024\/03\/Talkpal-Logo-Icon.png","width":2880,"height":2880,"caption":"Talkpal, Inc."},"image":{"@id":"https:\/\/talkpal.ai\/no\/#\/schema\/logo\/image\/"},"sameAs":["https:\/\/www.facebook.com\/profile.php?id=100090733639311","https:\/\/x.com\/talkpalai","https:\/\/www.linkedin.com\/company\/talkpal\/","https:\/\/www.youtube.com\/@TalkPal\/","https:\/\/www.tiktok.com\/@talkpal","https:\/\/www.instagram.com\/talkpal_ai\/","https:\/\/www.crunchbase.com\/organization\/talkpal-9cde","https:\/\/www.g2.com\/products\/talkpal-for-business\/","https:\/\/www.trustpilot.com\/review\/talkpal.ai","https:\/\/www.capterra.com\/p\/10006800\/TalkPal\/"],"description":"Talkpal is a language learning web and mobile education app, powered by the latest AI technologies, that provides engaging experiences to its customers in many different languages to help them improve their language skills. Users can chat about unlimited amount of topics with the app and use other modes to practice their language learning.","email":"support@talkpal.ai","legalName":"Talkpal, Inc.","foundingDate":"2023-04-03","duns":"118989042","numberOfEmployees":{"@type":"QuantitativeValue","minValue":"11","maxValue":"50"},"publishingPrinciples":"https:\/\/talkpal.ai\/publishing-principles\/","actionableFeedbackPolicy":"https:\/\/talkpal.ai\/actionable-feedback-policy\/","correctionsPolicy":"https:\/\/talkpal.ai\/corrections-policy\/","ethicsPolicy":"https:\/\/talkpal.ai\/ethics-policy\/","diversityPolicy":"https:\/\/talkpal.ai\/diversity-policy\/","diversityStaffingReport":"https:\/\/talkpal.ai\/diversity-policy\/"}]}},"_links":{"self":[{"href":"https:\/\/talkpal.ai\/no\/wp-json\/wp\/v2\/pages\/158706","targetHints":{"allow":["GET"]}}],"collection":[{"href":"https:\/\/talkpal.ai\/no\/wp-json\/wp\/v2\/pages"}],"about":[{"href":"https:\/\/talkpal.ai\/no\/wp-json\/wp\/v2\/types\/page"}],"author":[{"embeddable":true,"href":"https:\/\/talkpal.ai\/no\/wp-json\/wp\/v2\/users\/6"}],"replies":[{"embeddable":true,"href":"https:\/\/talkpal.ai\/no\/wp-json\/wp\/v2\/comments?post=158706"}],"version-history":[{"count":0,"href":"https:\/\/talkpal.ai\/no\/wp-json\/wp\/v2\/pages\/158706\/revisions"}],"wp:featuredmedia":[{"embeddable":true,"href":"https:\/\/talkpal.ai\/no\/wp-json\/wp\/v2\/media\/116038"}],"wp:attachment":[{"href":"https:\/\/talkpal.ai\/no\/wp-json\/wp\/v2\/media?parent=158706"}],"curies":[{"name":"wp","href":"https:\/\/api.w.org\/{rel}","templated":true}]}}