{"id":157590,"date":"2023-06-28T09:53:38","date_gmt":"2023-06-28T09:53:38","guid":{"rendered":"http:\/\/talkpal.ai\/rumensk-grammatikkovelser\/"},"modified":"2025-12-17T09:55:52","modified_gmt":"2025-12-17T09:55:52","slug":"rumensk-grammatikkovelser","status":"publish","type":"page","link":"https:\/\/talkpal.ai\/no\/rumensk-grammatikkovelser\/","title":{"rendered":"Rumensk grammatikk\u00f8velser"},"content":{"rendered":"\r\n\r\n\r\n<section class=\"languageChallengeSection\">\r\n    <div class=\"languageInfoWrapper\">\r\n        \r\n        <h1>Rumensk grammatikk\u00f8velser<\/h1>\r\n        <p>\u00d8nsker du \u00e5 forbedre dine rumenskkunnskaper? \u00c5 \u00f8ve p\u00e5 grammatikk\u00f8velser er en sikker m\u00e5te \u00e5 mestre setningsstruktur, verbb\u00f8yninger og de unike trekkene ved det rumenske spr\u00e5ket p\u00e5. Begynn \u00e5 jobbe med <a href=\"https:\/\/talkpal.ai\/learn-romanian\/\">rumensk<\/a> <a href=\"https:\/\/talkpal.ai\/grammar\/\">grammatikk<\/a> i dag, og se selvtilliten din vokse for hver \u00f8velse!\n\n<\/p>\r\n\r\n                            <a class=\"getStartedHidden\" href=\"https:\/\/app.talkpal.ai\/no\/signup?lng=\">Kom i gang<\/a>\r\n        \r\n    <\/div>\r\n\r\n    <figure>\r\n    <img decoding=\"async\" width=\"768\" height=\"768\" src=\"https:\/\/talkpal.ai\/wp-content\/uploads\/2023\/06\/romanian-768x768.png\" class=\"languageImage no-lazy\" alt=\"Language learning for intellectual challenge\" fetchpriority=\"high\" sizes=\"(max-width: 768px) 150px, 768px\" srcset=\"https:\/\/talkpal.ai\/wp-content\/uploads\/2023\/06\/romanian-768x768.png 768w, https:\/\/talkpal.ai\/wp-content\/uploads\/2023\/06\/romanian-300x300.png 300w\" \/>\r\n    \r\n\r\n    <\/figure>\r\n\r\n            <a class=\"getStartedVisible\" href=\"https:\/\/app.talkpal.ai\/no\/signup?lng=\">Kom i gang<\/a>\r\n    \r\n<\/section>\r\n\r\n\r\n<!-- <section class=\"grammarSection\">\r\n    <div class=\"grammarLinks\">\r\n            <\/div>\r\n<\/section> -->\r\n\r\n\r\n\r\n\r\n<section class=\"promotionalBanner\">\r\n    <p class=\"promotionalText\">Den mest effektive m\u00e5ten \u00e5 l\u00e6re et spr\u00e5k p\u00e5<\/p>\r\n    <a class=\"promotionalLink\" href=\"https:\/\/app.talkpal.ai\/no\/signup?lng=\">Pr\u00f8v Talkpal gratis<\/a>\r\n<\/section>\n<div class=\"wp-block-group pageContainerStyle\"><div class=\"wp-block-group__inner-container is-layout-constrained wp-block-group-is-layout-constrained\">\n<h2 class=\"wp-block-heading\" id=\"h-romanian-grammar-topics\">Rumenske grammatikkemner<\/h2>\n\n\n\n<p>\u00c5 l\u00e6re <a href=\"https:\/\/talkpal.ai\/learn-romanian\/\">rumensk<\/a> er en givende innsats, og gir innsikt i en rik kultur og historie. Mens <a href=\"https:\/\/talkpal.ai\/no\/laer-rumensk\/\">rumensk grammatikk<\/a> er kompleks, kan en systematisk tiln\u00e6rming gj\u00f8re den h\u00e5ndterbar. N\u00f8kkelen er \u00e5 forst\u00e5 strukturen og reglene, starte med grunnleggende elementer og gradvis bevege seg mot avanserte emner. Denne veiledningen gir en optimal rekkef\u00f8lge for \u00e5 l\u00e6re rumensk grammatikk, med fokus p\u00e5 tider, verb, substantiv, artikler, pronomen\/bestemmere, adjektiv, adverb, betingelser, preposisjoner og setningskonstruksjon.<\/p>\n\n\n\n<h3 class=\"wp-block-heading\" id=\"h-1-nouns\">1. Substantiv:<\/h3>\n\n\n\n<p>Start med \u00e5 l\u00e6re rumenske substantiv, som har kj\u00f8nn og kasus. \u00c5 gj\u00f8re deg kjent med substantivformene hjelper deg med \u00e5 forst\u00e5 det grunnleggende i spr\u00e5ket.<\/p>\n\n\n\n<h3 class=\"wp-block-heading\" id=\"h-2-articles\">2. Artikler:<\/h3>\n\n\n\n<p>Deretter l\u00e6rer du om artikler som brukes med substantiv. Rumensk har bestemte og ubestemte artikler som stemmer overens med kj\u00f8nn, tall og kasus for substantivet.<\/p>\n\n\n\n<h3 class=\"wp-block-heading\" id=\"h-3-adjectives\">3. Adjektiver:<\/h3>\n\n\n\n<p>Adjektiver p\u00e5 rumensk stemmer overens i kj\u00f8nn, tall og kasus med substantivet de endrer. \u00c5 l\u00e6re dette emnet vil hjelpe til med \u00e5 forbedre ordforr\u00e5d og setningskonstruksjon.<\/p>\n\n\n\n<h3 class=\"wp-block-heading\" id=\"h-4-pronouns-determiners\">4. Pronomen\/bestemmere:<\/h3>\n\n\n\n<p>Disse erstatter eller f\u00f8lger med substantiver. \u00c5 l\u00e6re dem vil hjelpe deg \u00e5 unng\u00e5 repetisjon og gj\u00f8re setningene dine mer varierte.<\/p>\n\n\n\n<h3 class=\"wp-block-heading\" id=\"h-5-verbs\">5. Verb:<\/h3>\n\n\n\n<p>Verb er kjernen i setninger. De indikerer handlinger eller tilstander. Rumenske verb er b\u00f8yet etter hum\u00f8r, tid, person og tall.<\/p>\n\n\n\n<h3 class=\"wp-block-heading\" id=\"h-6-tenses\">6. Tider:<\/h3>\n\n\n\n<p>Rumensk har flere tider for \u00e5 uttrykke tidligere, n\u00e5v\u00e6rende og fremtidige handlinger. \u00c5 l\u00e6re dem i rekkef\u00f8lge \u2013 n\u00e5tid, fortid og fremtid \u2013 vil hjelpe deg med \u00e5 forst\u00e5 og uttrykke ulike tidsrammer.<\/p>\n\n\n\n<h3 class=\"wp-block-heading\" id=\"h-7-tense-comparison\">7. Anspent sammenligning:<\/h3>\n\n\n\n<p>\u00c5 forst\u00e5 hvordan forskjellige tider sammenlignes og kontraster er n\u00f8kkelen til \u00e5 bruke dem riktig. Dette trinnet vil bidra til \u00e5 forbedre verbbruken din.<\/p>\n\n\n\n<h3 class=\"wp-block-heading\" id=\"h-8-progressive-and-perfect-progressive\">8. Progressiv og Perfekt Progressiv:<\/h3>\n\n\n\n<p>Dette er mer avanserte verbformer som lar deg uttrykke p\u00e5g\u00e5ende eller fullf\u00f8rte handlinger.<\/p>\n\n\n\n<h3 class=\"wp-block-heading\" id=\"h-9-adverbs\">9. Adverb:<\/h3>\n\n\n\n<p>Adverb endrer verb, adjektiver eller andre adverb. De legger til detaljer i setningene dine, slik at du kan uttrykke m\u00e5te, sted, tid, frekvens, grad og mer.<\/p>\n\n\n\n<h3 class=\"wp-block-heading\" id=\"h-10-conditionals\">10. Betingelser:<\/h3>\n\n\n\n<p>Betingelser uttrykker hypotetiske situasjoner og deres mulige utfall. De er avgj\u00f8rende for \u00e5 uttrykke komplekse ideer.<\/p>\n\n\n\n<h3 class=\"wp-block-heading\" id=\"h-11-prepositions\">11. Preposisjoner:<\/h3>\n\n\n\n<p>Preposisjoner kobler sammen ord og uttrykk, og gir kontekst. De indikerer plassering, retning, tid og andre forhold.<\/p>\n\n\n\n<h3 class=\"wp-block-heading\" id=\"h-12-sentences\">12. Setninger:<\/h3>\n\n\n\n<p>Til slutt, \u00e5 forst\u00e5 hvordan alle disse elementene kommer sammen for \u00e5 danne setninger, vil styrke forst\u00e5elsen av rumensk grammatikk. Dette siste stadiet inneb\u00e6rer \u00e5 l\u00e6re om setningsstruktur, typer setninger og tegnsetting.<\/p>\n<\/div><\/div>\n\r\n<section class=\"learnNavigationSection\">\r\n            \r\n        <a href=\"https:\/\/talkpal.ai\/no\/laer-rumensk\/\">\r\n            <div class=\"learnNavigationWrapper\">\r\n                <div class=\"learnNavigationContent\">\r\n                    <img decoding=\"async\" src=\"https:\/\/talkpal.ai\/wp-content\/uploads\/2024\/08\/Romanian.jpg\" alt=\"Romanian Flag\">\r\n                    <div>\r\n                        <h4>Om rumensk l\u00e6ring<\/h4>\r\n                        <p>Finn ut alt om rumensk grammatikk.<\/p>\r\n                    <\/div>\r\n                <\/div>\r\n            <\/div>\r\n        <\/a>\r\n\r\n        \r\n        <a href=\"https:\/\/talkpal.ai\/no\/rumensk-grammatikk\/\">\r\n            <div class=\"learnNavigationWrapper\">\r\n                <div class=\"learnNavigationContent\">\r\n                    <img decoding=\"async\" src=\"https:\/\/talkpal.ai\/wp-content\/uploads\/2024\/08\/Romanian.jpg\" alt=\"Romanian Flag\">\r\n                    <div>\r\n                        <h4>Rumensk grammatikkundervisning<\/h4>\r\n                        <p>\u00d8v p\u00e5 rumensk grammatikk.<\/p>\r\n                    <\/div>\r\n                <\/div>\r\n            <\/div>\r\n        <\/a>\r\n\r\n        \r\n        <a href=\"https:\/\/talkpal.ai\/vocabulary_language\/romanian\/\">\r\n            <div class=\"learnNavigationWrapper\">\r\n                <div class=\"learnNavigationContent\">\r\n                    <img decoding=\"async\" src=\"https:\/\/talkpal.ai\/wp-content\/uploads\/2024\/08\/Romanian.jpg\" alt=\"Romanian Flag\">\r\n                    <div>\r\n                        <h4>Rumensk ordforr\u00e5d<\/h4>\r\n                        <p>Utvid det rumenske ordforr\u00e5det ditt.<\/p>\r\n                    <\/div>\r\n                <\/div>\r\n            <\/div>\r\n        <\/a>\r\n\r\n            <\/section>","protected":false},"excerpt":{"rendered":"<p>Rumenske grammatikkemner \u00c5 l\u00e6re rumensk er en givende innsats, og gir innsikt i en rik kultur og historie. Mens rumensk grammatikk er kompleks, kan en systematisk tiln\u00e6rming gj\u00f8re den h\u00e5ndterbar. N\u00f8kkelen er \u00e5 forst\u00e5 strukturen og reglene, starte med grunnleggende elementer og gradvis bevege seg mot avanserte emner. Denne veiledningen gir en optimal rekkef\u00f8lge for [&hellip;]<\/p>\n","protected":false},"author":6,"featured_media":117875,"parent":0,"menu_order":0,"comment_status":"closed","ping_status":"closed","template":"LearningContentPage.php","meta":{"_acf_changed":false,"footnotes":""},"class_list":["post-157590","page","type-page","status-publish","has-post-thumbnail","hentry"],"acf":[],"yoast_head":"<!-- This site is optimized with the Yoast SEO Premium plugin v27.2 (Yoast SEO v27.2) - https:\/\/yoast.com\/product\/yoast-seo-premium-wordpress\/ -->\n<title>Rumensk grammatikk\u00f8velser - Talkpal<\/title>\n<meta name=\"description\" content=\"Mestre rumensk grammatikk med m\u00e5lrettede \u00f8velser. V\u00e5re \u00f8velser i rumensk grammatikk gj\u00f8r innl\u00e6ringen systematisk og effektiv.\" \/>\n<meta name=\"robots\" content=\"index, follow, max-snippet:-1, max-image-preview:large, max-video-preview:-1\" \/>\n<link rel=\"canonical\" href=\"https:\/\/talkpal.ai\/no\/rumensk-grammatikkovelser\/\" \/>\n<meta property=\"og:locale\" content=\"nb_NO\" \/>\n<meta property=\"og:type\" content=\"article\" \/>\n<meta property=\"og:title\" content=\"Rumensk grammatikk\u00f8velser\" \/>\n<meta property=\"og:description\" content=\"Rumenske grammatikkemner \u00c5 l\u00e6re rumensk er en givende innsats, og gir innsikt i en rik kultur og historie. Mens rumensk grammatikk er kompleks, kan en\" \/>\n<meta property=\"og:url\" content=\"https:\/\/talkpal.ai\/no\/rumensk-grammatikkovelser\/\" \/>\n<meta property=\"og:site_name\" content=\"Talkpal\" \/>\n<meta property=\"article:publisher\" content=\"https:\/\/www.facebook.com\/profile.php?id=100090733639311\" \/>\n<meta property=\"article:modified_time\" content=\"2025-12-17T09:55:52+00:00\" \/>\n<meta property=\"og:image\" content=\"https:\/\/talkpal.ai\/wp-content\/uploads\/2023\/05\/romania.png\" \/>\n\t<meta property=\"og:image:width\" content=\"512\" \/>\n\t<meta property=\"og:image:height\" content=\"512\" \/>\n\t<meta property=\"og:image:type\" content=\"image\/png\" \/>\n<meta name=\"twitter:card\" content=\"summary_large_image\" \/>\n<meta name=\"twitter:site\" content=\"@talkpalai\" \/>\n<meta name=\"twitter:label1\" content=\"Ansl. lesetid\" \/>\n\t<meta name=\"twitter:data1\" content=\"2 minutter\" \/>\n<script type=\"application\/ld+json\" class=\"yoast-schema-graph\">{\"@context\":\"https:\/\/schema.org\",\"@graph\":[{\"@type\":\"WebPage\",\"@id\":\"https:\/\/talkpal.ai\/no\/rumensk-grammatikkovelser\/\",\"url\":\"https:\/\/talkpal.ai\/no\/rumensk-grammatikkovelser\/\",\"name\":\"Rumensk grammatikk\u00f8velser - Talkpal\",\"isPartOf\":{\"@id\":\"https:\/\/talkpal.ai\/no\/#website\"},\"primaryImageOfPage\":{\"@id\":\"https:\/\/talkpal.ai\/no\/rumensk-grammatikkovelser\/#primaryimage\"},\"image\":{\"@id\":\"https:\/\/talkpal.ai\/no\/rumensk-grammatikkovelser\/#primaryimage\"},\"thumbnailUrl\":\"https:\/\/talkpal.ai\/wp-content\/uploads\/2023\/05\/romania.png\",\"datePublished\":\"2023-06-28T09:53:38+00:00\",\"dateModified\":\"2025-12-17T09:55:52+00:00\",\"description\":\"Mestre rumensk grammatikk med m\u00e5lrettede \u00f8velser. V\u00e5re \u00f8velser i rumensk grammatikk gj\u00f8r innl\u00e6ringen systematisk og effektiv.\",\"breadcrumb\":{\"@id\":\"https:\/\/talkpal.ai\/no\/rumensk-grammatikkovelser\/#breadcrumb\"},\"inLanguage\":\"nb-NO\",\"potentialAction\":[{\"@type\":\"ReadAction\",\"target\":[\"https:\/\/talkpal.ai\/no\/rumensk-grammatikkovelser\/\"]}]},{\"@type\":\"ImageObject\",\"inLanguage\":\"nb-NO\",\"@id\":\"https:\/\/talkpal.ai\/no\/rumensk-grammatikkovelser\/#primaryimage\",\"url\":\"https:\/\/talkpal.ai\/wp-content\/uploads\/2023\/05\/romania.png\",\"contentUrl\":\"https:\/\/talkpal.ai\/wp-content\/uploads\/2023\/05\/romania.png\",\"width\":512,\"height\":512},{\"@type\":\"BreadcrumbList\",\"@id\":\"https:\/\/talkpal.ai\/no\/rumensk-grammatikkovelser\/#breadcrumb\",\"itemListElement\":[{\"@type\":\"ListItem\",\"position\":1,\"name\":\"Homepage\",\"item\":\"https:\/\/talkpal.ai\/no\/\"},{\"@type\":\"ListItem\",\"position\":2,\"name\":\"Rumensk grammatikk\u00f8velser\"}]},{\"@type\":\"WebSite\",\"@id\":\"https:\/\/talkpal.ai\/no\/#website\",\"url\":\"https:\/\/talkpal.ai\/no\/\",\"name\":\"Talkpal\",\"description\":\"AI Language Learning\",\"publisher\":{\"@id\":\"https:\/\/talkpal.ai\/no\/#organization\"},\"alternateName\":\"Talkpal AI\",\"potentialAction\":[{\"@type\":\"SearchAction\",\"target\":{\"@type\":\"EntryPoint\",\"urlTemplate\":\"https:\/\/talkpal.ai\/no\/?s={search_term_string}\"},\"query-input\":{\"@type\":\"PropertyValueSpecification\",\"valueRequired\":true,\"valueName\":\"search_term_string\"}}],\"inLanguage\":\"nb-NO\"},{\"@type\":\"Organization\",\"@id\":\"https:\/\/talkpal.ai\/no\/#organization\",\"name\":\"Talkpal, Inc.\",\"alternateName\":\"Talkpal AI\",\"url\":\"https:\/\/talkpal.ai\/no\/\",\"logo\":{\"@type\":\"ImageObject\",\"inLanguage\":\"nb-NO\",\"@id\":\"https:\/\/talkpal.ai\/no\/#\/schema\/logo\/image\/\",\"url\":\"https:\/\/talkpal.ai\/wp-content\/uploads\/2024\/03\/Talkpal-Logo-Icon.png\",\"contentUrl\":\"https:\/\/talkpal.ai\/wp-content\/uploads\/2024\/03\/Talkpal-Logo-Icon.png\",\"width\":2880,\"height\":2880,\"caption\":\"Talkpal, Inc.\"},\"image\":{\"@id\":\"https:\/\/talkpal.ai\/no\/#\/schema\/logo\/image\/\"},\"sameAs\":[\"https:\/\/www.facebook.com\/profile.php?id=100090733639311\",\"https:\/\/x.com\/talkpalai\",\"https:\/\/www.linkedin.com\/company\/talkpal\/\",\"https:\/\/www.youtube.com\/@TalkPal\/\",\"https:\/\/www.tiktok.com\/@talkpal\",\"https:\/\/www.instagram.com\/talkpal_ai\/\",\"https:\/\/www.crunchbase.com\/organization\/talkpal-9cde\",\"https:\/\/www.g2.com\/products\/talkpal-for-business\/\",\"https:\/\/www.trustpilot.com\/review\/talkpal.ai\",\"https:\/\/www.capterra.com\/p\/10006800\/TalkPal\/\"],\"description\":\"Talkpal is a language learning web and mobile education app, powered by the latest AI technologies, that provides engaging experiences to its customers in many different languages to help them improve their language skills. Users can chat about unlimited amount of topics with the app and use other modes to practice their language learning.\",\"email\":\"support@talkpal.ai\",\"legalName\":\"Talkpal, Inc.\",\"foundingDate\":\"2023-04-03\",\"duns\":\"118989042\",\"numberOfEmployees\":{\"@type\":\"QuantitativeValue\",\"minValue\":\"11\",\"maxValue\":\"50\"},\"publishingPrinciples\":\"https:\/\/talkpal.ai\/publishing-principles\/\",\"actionableFeedbackPolicy\":\"https:\/\/talkpal.ai\/actionable-feedback-policy\/\",\"correctionsPolicy\":\"https:\/\/talkpal.ai\/corrections-policy\/\",\"ethicsPolicy\":\"https:\/\/talkpal.ai\/ethics-policy\/\",\"diversityPolicy\":\"https:\/\/talkpal.ai\/diversity-policy\/\",\"diversityStaffingReport\":\"https:\/\/talkpal.ai\/diversity-policy\/\"}]}<\/script>\n<!-- \/ Yoast SEO Premium plugin. -->","yoast_head_json":{"title":"Rumensk grammatikk\u00f8velser - Talkpal","description":"Mestre rumensk grammatikk med m\u00e5lrettede \u00f8velser. V\u00e5re \u00f8velser i rumensk grammatikk gj\u00f8r innl\u00e6ringen systematisk og effektiv.","robots":{"index":"index","follow":"follow","max-snippet":"max-snippet:-1","max-image-preview":"max-image-preview:large","max-video-preview":"max-video-preview:-1"},"canonical":"https:\/\/talkpal.ai\/no\/rumensk-grammatikkovelser\/","og_locale":"nb_NO","og_type":"article","og_title":"Rumensk grammatikk\u00f8velser","og_description":"Rumenske grammatikkemner \u00c5 l\u00e6re rumensk er en givende innsats, og gir innsikt i en rik kultur og historie. Mens rumensk grammatikk er kompleks, kan en","og_url":"https:\/\/talkpal.ai\/no\/rumensk-grammatikkovelser\/","og_site_name":"Talkpal","article_publisher":"https:\/\/www.facebook.com\/profile.php?id=100090733639311","article_modified_time":"2025-12-17T09:55:52+00:00","og_image":[{"width":512,"height":512,"url":"https:\/\/talkpal.ai\/wp-content\/uploads\/2023\/05\/romania.png","type":"image\/png"}],"twitter_card":"summary_large_image","twitter_site":"@talkpalai","twitter_misc":{"Ansl. lesetid":"2 minutter"},"schema":{"@context":"https:\/\/schema.org","@graph":[{"@type":"WebPage","@id":"https:\/\/talkpal.ai\/no\/rumensk-grammatikkovelser\/","url":"https:\/\/talkpal.ai\/no\/rumensk-grammatikkovelser\/","name":"Rumensk grammatikk\u00f8velser - Talkpal","isPartOf":{"@id":"https:\/\/talkpal.ai\/no\/#website"},"primaryImageOfPage":{"@id":"https:\/\/talkpal.ai\/no\/rumensk-grammatikkovelser\/#primaryimage"},"image":{"@id":"https:\/\/talkpal.ai\/no\/rumensk-grammatikkovelser\/#primaryimage"},"thumbnailUrl":"https:\/\/talkpal.ai\/wp-content\/uploads\/2023\/05\/romania.png","datePublished":"2023-06-28T09:53:38+00:00","dateModified":"2025-12-17T09:55:52+00:00","description":"Mestre rumensk grammatikk med m\u00e5lrettede \u00f8velser. V\u00e5re \u00f8velser i rumensk grammatikk gj\u00f8r innl\u00e6ringen systematisk og effektiv.","breadcrumb":{"@id":"https:\/\/talkpal.ai\/no\/rumensk-grammatikkovelser\/#breadcrumb"},"inLanguage":"nb-NO","potentialAction":[{"@type":"ReadAction","target":["https:\/\/talkpal.ai\/no\/rumensk-grammatikkovelser\/"]}]},{"@type":"ImageObject","inLanguage":"nb-NO","@id":"https:\/\/talkpal.ai\/no\/rumensk-grammatikkovelser\/#primaryimage","url":"https:\/\/talkpal.ai\/wp-content\/uploads\/2023\/05\/romania.png","contentUrl":"https:\/\/talkpal.ai\/wp-content\/uploads\/2023\/05\/romania.png","width":512,"height":512},{"@type":"BreadcrumbList","@id":"https:\/\/talkpal.ai\/no\/rumensk-grammatikkovelser\/#breadcrumb","itemListElement":[{"@type":"ListItem","position":1,"name":"Homepage","item":"https:\/\/talkpal.ai\/no\/"},{"@type":"ListItem","position":2,"name":"Rumensk grammatikk\u00f8velser"}]},{"@type":"WebSite","@id":"https:\/\/talkpal.ai\/no\/#website","url":"https:\/\/talkpal.ai\/no\/","name":"Talkpal","description":"AI Language Learning","publisher":{"@id":"https:\/\/talkpal.ai\/no\/#organization"},"alternateName":"Talkpal AI","potentialAction":[{"@type":"SearchAction","target":{"@type":"EntryPoint","urlTemplate":"https:\/\/talkpal.ai\/no\/?s={search_term_string}"},"query-input":{"@type":"PropertyValueSpecification","valueRequired":true,"valueName":"search_term_string"}}],"inLanguage":"nb-NO"},{"@type":"Organization","@id":"https:\/\/talkpal.ai\/no\/#organization","name":"Talkpal, Inc.","alternateName":"Talkpal AI","url":"https:\/\/talkpal.ai\/no\/","logo":{"@type":"ImageObject","inLanguage":"nb-NO","@id":"https:\/\/talkpal.ai\/no\/#\/schema\/logo\/image\/","url":"https:\/\/talkpal.ai\/wp-content\/uploads\/2024\/03\/Talkpal-Logo-Icon.png","contentUrl":"https:\/\/talkpal.ai\/wp-content\/uploads\/2024\/03\/Talkpal-Logo-Icon.png","width":2880,"height":2880,"caption":"Talkpal, Inc."},"image":{"@id":"https:\/\/talkpal.ai\/no\/#\/schema\/logo\/image\/"},"sameAs":["https:\/\/www.facebook.com\/profile.php?id=100090733639311","https:\/\/x.com\/talkpalai","https:\/\/www.linkedin.com\/company\/talkpal\/","https:\/\/www.youtube.com\/@TalkPal\/","https:\/\/www.tiktok.com\/@talkpal","https:\/\/www.instagram.com\/talkpal_ai\/","https:\/\/www.crunchbase.com\/organization\/talkpal-9cde","https:\/\/www.g2.com\/products\/talkpal-for-business\/","https:\/\/www.trustpilot.com\/review\/talkpal.ai","https:\/\/www.capterra.com\/p\/10006800\/TalkPal\/"],"description":"Talkpal is a language learning web and mobile education app, powered by the latest AI technologies, that provides engaging experiences to its customers in many different languages to help them improve their language skills. Users can chat about unlimited amount of topics with the app and use other modes to practice their language learning.","email":"support@talkpal.ai","legalName":"Talkpal, Inc.","foundingDate":"2023-04-03","duns":"118989042","numberOfEmployees":{"@type":"QuantitativeValue","minValue":"11","maxValue":"50"},"publishingPrinciples":"https:\/\/talkpal.ai\/publishing-principles\/","actionableFeedbackPolicy":"https:\/\/talkpal.ai\/actionable-feedback-policy\/","correctionsPolicy":"https:\/\/talkpal.ai\/corrections-policy\/","ethicsPolicy":"https:\/\/talkpal.ai\/ethics-policy\/","diversityPolicy":"https:\/\/talkpal.ai\/diversity-policy\/","diversityStaffingReport":"https:\/\/talkpal.ai\/diversity-policy\/"}]}},"_links":{"self":[{"href":"https:\/\/talkpal.ai\/no\/wp-json\/wp\/v2\/pages\/157590","targetHints":{"allow":["GET"]}}],"collection":[{"href":"https:\/\/talkpal.ai\/no\/wp-json\/wp\/v2\/pages"}],"about":[{"href":"https:\/\/talkpal.ai\/no\/wp-json\/wp\/v2\/types\/page"}],"author":[{"embeddable":true,"href":"https:\/\/talkpal.ai\/no\/wp-json\/wp\/v2\/users\/6"}],"replies":[{"embeddable":true,"href":"https:\/\/talkpal.ai\/no\/wp-json\/wp\/v2\/comments?post=157590"}],"version-history":[{"count":0,"href":"https:\/\/talkpal.ai\/no\/wp-json\/wp\/v2\/pages\/157590\/revisions"}],"wp:featuredmedia":[{"embeddable":true,"href":"https:\/\/talkpal.ai\/no\/wp-json\/wp\/v2\/media\/117875"}],"wp:attachment":[{"href":"https:\/\/talkpal.ai\/no\/wp-json\/wp\/v2\/media?parent=157590"}],"curies":[{"name":"wp","href":"https:\/\/api.w.org\/{rel}","templated":true}]}}