{"id":155510,"date":"2023-07-05T10:34:01","date_gmt":"2023-07-05T10:34:01","guid":{"rendered":"http:\/\/talkpal.ai\/tyrkiske-grammatikkovelser\/"},"modified":"2025-12-17T09:52:01","modified_gmt":"2025-12-17T09:52:01","slug":"tyrkiske-grammatikkovelser","status":"publish","type":"page","link":"https:\/\/talkpal.ai\/no\/tyrkiske-grammatikkovelser\/","title":{"rendered":"Tyrkiske grammatikk\u00f8velser"},"content":{"rendered":"\r\n\r\n\r\n<section class=\"languageChallengeSection\">\r\n    <div class=\"languageInfoWrapper\">\r\n        \r\n        <h1>Tyrkiske grammatikk\u00f8velser<\/h1>\r\n        <p>Vil du f\u00f8le deg tryggere p\u00e5 <a href=\"https:\/\/talkpal.ai\/learn-turkish\/\">tyrkisk<\/a>? Grammatikk\u00f8velser er en fin m\u00e5te \u00e5 l\u00e6re seg setningsoppbygging, verbb\u00f8yninger og hverdagsm\u00f8nstre i spr\u00e5ket p\u00e5. Begynn \u00e5 utforske tyrkisk <a href=\"https:\/\/talkpal.ai\/grammar\/\">grammatikk<\/a> i dag, og se hvordan du stadig blir bedre til \u00e5 forst\u00e5 og snakke tyrkisk!<\/p>\r\n\r\n                            <a class=\"getStartedHidden\" href=\"https:\/\/app.talkpal.ai\/no\/signup?lng=\">Kom i gang<\/a>\r\n        \r\n    <\/div>\r\n\r\n    <figure>\r\n    <img decoding=\"async\" width=\"768\" height=\"768\" src=\"https:\/\/talkpal.ai\/wp-content\/uploads\/2023\/06\/turkish-768x768.png\" class=\"languageImage no-lazy\" alt=\"Language learning for increased focus\" fetchpriority=\"high\" sizes=\"(max-width: 768px) 150px, 768px\" srcset=\"https:\/\/talkpal.ai\/wp-content\/uploads\/2023\/06\/turkish-768x768.png 768w, https:\/\/talkpal.ai\/wp-content\/uploads\/2023\/06\/turkish-300x300.png 300w\" \/>\r\n    \r\n\r\n    <\/figure>\r\n\r\n            <a class=\"getStartedVisible\" href=\"https:\/\/app.talkpal.ai\/no\/signup?lng=\">Kom i gang<\/a>\r\n    \r\n<\/section>\r\n\r\n\r\n<!-- <section class=\"grammarSection\">\r\n    <div class=\"grammarLinks\">\r\n            <\/div>\r\n<\/section> -->\r\n\r\n\r\n\r\n\r\n<section class=\"promotionalBanner\">\r\n    <p class=\"promotionalText\">Den mest effektive m\u00e5ten \u00e5 l\u00e6re et spr\u00e5k p\u00e5<\/p>\r\n    <a class=\"promotionalLink\" href=\"https:\/\/app.talkpal.ai\/no\/signup?lng=\">Pr\u00f8v Talkpal gratis<\/a>\r\n<\/section>\n<div class=\"wp-block-group pageContainerStyle\"><div class=\"wp-block-group__inner-container is-layout-constrained wp-block-group-is-layout-constrained\">\n<h2 class=\"wp-block-heading\" id=\"h-turkish-grammar-topics\">Tyrkiske grammatikkemner<\/h2>\n\n\n\n<p>\u00c5 l\u00e6re det tyrkiske spr\u00e5ket kan v\u00e6re en givende, men utfordrende innsats p\u00e5 grunn av dens unike struktur og grammatikk. En av hovedaspektene ved det tyrkiske spr\u00e5ket som elever trenger \u00e5 forst\u00e5 er grammatikken, som inkluderer emner som tider, verb, substantiv, artikler, adjektiver, adverb, betingelser, preposisjoner og setningskonstruksjon. \u00c5 forst\u00e5 disse komponentene er avgj\u00f8rende for \u00e5 <a href=\"https:\/\/talkpal.ai\/locations\/language-courses-in-mestre\/\">mestre<\/a> spr\u00e5ket, siden de er byggesteinene for kommunikasjon p\u00e5 tyrkisk.<\/p>\n\n\n\n<h3 class=\"wp-block-heading\" id=\"h-1-nouns\">1. Substantiv:<\/h3>\n\n\n\n<p>Begynn med \u00e5 l\u00e6re tyrkiske substantiv siden de er den mest grunnleggende enheten i spr\u00e5ket. \u00c5 forst\u00e5 hvordan du bruker dem i setninger vil gi deg et godt grunnlag.<\/p>\n\n\n\n<h3 class=\"wp-block-heading\" id=\"h-2-articles\">2. Artikler:<\/h3>\n\n\n\n<p>P\u00e5 tyrkisk er det ingen bestemte eller ubestemte artikler. Dette gj\u00f8r det enklere for nybegynnere. Imidlertid er det avgj\u00f8rende \u00e5 l\u00e6re \u00e5 uttrykke bestemthet og ubestemthet.<\/p>\n\n\n\n<h3 class=\"wp-block-heading\" id=\"h-3-pronouns-determiners\">3. Pronomen\/bestemmere:<\/h3>\n\n\n\n<p>Dette er ord som erstatter eller modifiserer substantiver. De kan angi antall, besittelse, kj\u00f8nn og avstand. Det er viktig \u00e5 l\u00e6re dem tidlig, for de brukes ofte.<\/p>\n\n\n\n<h3 class=\"wp-block-heading\" id=\"h-4-adjectives\">4. Adjektiver:<\/h3>\n\n\n\n<p>Adjektiver beskriver eller endrer substantiv. Tyrkiske adjektiver endres ikke etter kj\u00f8nn eller antall, noe som gj\u00f8r det enklere \u00e5 l\u00e6re.<\/p>\n\n\n\n<h3 class=\"wp-block-heading\" id=\"h-5-adverbs\">5. Adverb:<\/h3>\n\n\n\n<p>Adverb beskriver verb, adjektiver eller andre adverb. De er n\u00f8kkelen til \u00e5 uttrykke m\u00e5te, sted, tid, frekvens, grad og mer, og berike spr\u00e5ket ditt.<\/p>\n\n\n\n<h3 class=\"wp-block-heading\" id=\"h-6-verbs\">6. Verb:<\/h3>\n\n\n\n<p>Tyrkiske verb b\u00f8yes for tid, stemning, aspekt og stemme. \u00c5 l\u00e6re verb er avgj\u00f8rende for \u00e5 danne setninger.<\/p>\n\n\n\n<h3 class=\"wp-block-heading\" id=\"h-7-tenses\">7. Tider:<\/h3>\n\n\n\n<p>Det er ni tider p\u00e5 tyrkisk (fortid, n\u00e5tid, fremtid og deres variasjoner). \u00c5 forst\u00e5 dem er n\u00f8kkelen til \u00e5 uttrykke tid n\u00f8yaktig.<\/p>\n\n\n\n<h3 class=\"wp-block-heading\" id=\"h-8-tense-comparison\">8. Anspent sammenligning:<\/h3>\n\n\n\n<p>Dette hjelper deg \u00e5 forst\u00e5 nyansene mellom ulike tider.<\/p>\n\n\n\n<h3 class=\"wp-block-heading\" id=\"h-9-progressive\">9. Progressiv:<\/h3>\n\n\n\n<p>Progressiv tid indikerer p\u00e5g\u00e5ende handlinger. Det er en underkategori av tempus som er viktig for \u00e5 uttrykke seg presist.<\/p>\n\n\n\n<h3 class=\"wp-block-heading\" id=\"h-10-perfect-progressive\">10. Perfekt progressiv:<\/h3>\n\n\n\n<p>Denne tiden indikerer handlinger som p\u00e5gikk i fortiden og som fortsetter frem til n\u00e5tiden eller nettopp er ferdige. Det er mer komplekst og b\u00f8r l\u00e6res etter at du har l\u00e6rt deg den progressive formen.<\/p>\n\n\n\n<h3 class=\"wp-block-heading\" id=\"h-11-conditionals\">11. Betingelser:<\/h3>\n\n\n\n<p>Betingede setninger uttrykker hypotetiske situasjoner og avhenger av visse forhold. De legger til kompleksitet til spr\u00e5ket ditt.<\/p>\n\n\n\n<h3 class=\"wp-block-heading\" id=\"h-12-prepositions\">12. Preposisjoner:<\/h3>\n\n\n\n<p>Preposisjoner viser forholdet mellom et substantiv eller pronomen til et annet ord i en setning. De er n\u00f8kkelen til \u00e5 forbinde ord og ideer.<\/p>\n\n\n\n<h3 class=\"wp-block-heading\" id=\"h-13-sentences\">13. Setninger:<\/h3>\n\n\n\n<p>Til slutt, \u00e5 l\u00e6re \u00e5 konstruere komplette setninger er kulminasjonen av \u00e5 mestre alle de forrige grammatikkemnene.<\/p>\n<\/div><\/div>\n\r\n<section class=\"learnNavigationSection\">\r\n            \r\n        <a href=\"https:\/\/talkpal.ai\/no\/laer-tyrkisk\/\">\r\n            <div class=\"learnNavigationWrapper\">\r\n                <div class=\"learnNavigationContent\">\r\n                    <img decoding=\"async\" src=\"https:\/\/talkpal.ai\/wp-content\/uploads\/2024\/08\/Turkish.jpg\" alt=\"Turkish Flag\">\r\n                    <div>\r\n                        <h4>Om tyrkisk l\u00e6ring<\/h4>\r\n                        <p>Finn ut alt om tyrkisk grammatikk.<\/p>\r\n                    <\/div>\r\n                <\/div>\r\n            <\/div>\r\n        <\/a>\r\n\r\n        \r\n        <a href=\"https:\/\/talkpal.ai\/no\/tyrkisk-grammatikk\/\">\r\n            <div class=\"learnNavigationWrapper\">\r\n                <div class=\"learnNavigationContent\">\r\n                    <img decoding=\"async\" src=\"https:\/\/talkpal.ai\/wp-content\/uploads\/2024\/08\/Turkish.jpg\" alt=\"Turkish Flag\">\r\n                    <div>\r\n                        <h4>Tyrkisk grammatikkundervisning<\/h4>\r\n                        <p>\u00d8v p\u00e5 tyrkisk grammatikk.<\/p>\r\n                    <\/div>\r\n                <\/div>\r\n            <\/div>\r\n        <\/a>\r\n\r\n        \r\n        <a href=\"https:\/\/talkpal.ai\/vocabulary_language\/turkish\/\">\r\n            <div class=\"learnNavigationWrapper\">\r\n                <div class=\"learnNavigationContent\">\r\n                    <img decoding=\"async\" src=\"https:\/\/talkpal.ai\/wp-content\/uploads\/2024\/08\/Turkish.jpg\" alt=\"Turkish Flag\">\r\n                    <div>\r\n                        <h4>Tyrkisk ordforr\u00e5d<\/h4>\r\n                        <p>Utvid det tyrkiske ordforr\u00e5det ditt.<\/p>\r\n                    <\/div>\r\n                <\/div>\r\n            <\/div>\r\n        <\/a>\r\n\r\n            <\/section>","protected":false},"excerpt":{"rendered":"<p>Tyrkiske grammatikkemner \u00c5 l\u00e6re det tyrkiske spr\u00e5ket kan v\u00e6re en givende, men utfordrende innsats p\u00e5 grunn av dens unike struktur og grammatikk. En av hovedaspektene ved det tyrkiske spr\u00e5ket som elever trenger \u00e5 forst\u00e5 er grammatikken, som inkluderer emner som tider, verb, substantiv, artikler, adjektiver, adverb, betingelser, preposisjoner og setningskonstruksjon. \u00c5 forst\u00e5 disse komponentene er [&hellip;]<\/p>\n","protected":false},"author":6,"featured_media":120929,"parent":0,"menu_order":0,"comment_status":"closed","ping_status":"closed","template":"LearningContentPage.php","meta":{"_acf_changed":false,"footnotes":""},"class_list":["post-155510","page","type-page","status-publish","has-post-thumbnail","hentry"],"acf":[],"yoast_head":"<!-- This site is optimized with the Yoast SEO Premium plugin v27.2 (Yoast SEO v27.2) - https:\/\/yoast.com\/product\/yoast-seo-premium-wordpress\/ -->\n<title>Tyrkiske grammatikk\u00f8velser - Talkpal<\/title>\n<meta name=\"description\" content=\"Mestre tyrkisk grammatikk med v\u00e5re omfattende \u00f8velser i tyrkisk grammatikk. Forbedre spr\u00e5kkunnskapene dine effektivt i dag.\" \/>\n<meta name=\"robots\" content=\"index, follow, max-snippet:-1, max-image-preview:large, max-video-preview:-1\" \/>\n<link rel=\"canonical\" href=\"https:\/\/talkpal.ai\/no\/tyrkiske-grammatikkovelser\/\" \/>\n<meta property=\"og:locale\" content=\"nb_NO\" \/>\n<meta property=\"og:type\" content=\"article\" \/>\n<meta property=\"og:title\" content=\"Tyrkiske grammatikk\u00f8velser\" \/>\n<meta property=\"og:description\" content=\"Tyrkiske grammatikkemner \u00c5 l\u00e6re det tyrkiske spr\u00e5ket kan v\u00e6re en givende, men utfordrende innsats p\u00e5 grunn av dens unike struktur og grammatikk. En av\" \/>\n<meta property=\"og:url\" content=\"https:\/\/talkpal.ai\/no\/tyrkiske-grammatikkovelser\/\" \/>\n<meta property=\"og:site_name\" content=\"Talkpal\" \/>\n<meta property=\"article:publisher\" content=\"https:\/\/www.facebook.com\/profile.php?id=100090733639311\" \/>\n<meta property=\"article:modified_time\" content=\"2025-12-17T09:52:01+00:00\" \/>\n<meta property=\"og:image\" content=\"https:\/\/talkpal.ai\/wp-content\/uploads\/2023\/05\/turkish.png\" \/>\n\t<meta property=\"og:image:width\" content=\"512\" \/>\n\t<meta property=\"og:image:height\" content=\"512\" \/>\n\t<meta property=\"og:image:type\" content=\"image\/png\" \/>\n<meta name=\"twitter:card\" content=\"summary_large_image\" \/>\n<meta name=\"twitter:site\" content=\"@talkpalai\" \/>\n<meta name=\"twitter:label1\" content=\"Ansl. lesetid\" \/>\n\t<meta name=\"twitter:data1\" content=\"2 minutter\" \/>\n<script type=\"application\/ld+json\" class=\"yoast-schema-graph\">{\"@context\":\"https:\/\/schema.org\",\"@graph\":[{\"@type\":\"WebPage\",\"@id\":\"https:\/\/talkpal.ai\/no\/tyrkiske-grammatikkovelser\/\",\"url\":\"https:\/\/talkpal.ai\/no\/tyrkiske-grammatikkovelser\/\",\"name\":\"Tyrkiske grammatikk\u00f8velser - Talkpal\",\"isPartOf\":{\"@id\":\"https:\/\/talkpal.ai\/no\/#website\"},\"primaryImageOfPage\":{\"@id\":\"https:\/\/talkpal.ai\/no\/tyrkiske-grammatikkovelser\/#primaryimage\"},\"image\":{\"@id\":\"https:\/\/talkpal.ai\/no\/tyrkiske-grammatikkovelser\/#primaryimage\"},\"thumbnailUrl\":\"https:\/\/talkpal.ai\/wp-content\/uploads\/2023\/05\/turkish.png\",\"datePublished\":\"2023-07-05T10:34:01+00:00\",\"dateModified\":\"2025-12-17T09:52:01+00:00\",\"description\":\"Mestre tyrkisk grammatikk med v\u00e5re omfattende \u00f8velser i tyrkisk grammatikk. Forbedre spr\u00e5kkunnskapene dine effektivt i dag.\",\"breadcrumb\":{\"@id\":\"https:\/\/talkpal.ai\/no\/tyrkiske-grammatikkovelser\/#breadcrumb\"},\"inLanguage\":\"nb-NO\",\"potentialAction\":[{\"@type\":\"ReadAction\",\"target\":[\"https:\/\/talkpal.ai\/no\/tyrkiske-grammatikkovelser\/\"]}]},{\"@type\":\"ImageObject\",\"inLanguage\":\"nb-NO\",\"@id\":\"https:\/\/talkpal.ai\/no\/tyrkiske-grammatikkovelser\/#primaryimage\",\"url\":\"https:\/\/talkpal.ai\/wp-content\/uploads\/2023\/05\/turkish.png\",\"contentUrl\":\"https:\/\/talkpal.ai\/wp-content\/uploads\/2023\/05\/turkish.png\",\"width\":512,\"height\":512},{\"@type\":\"BreadcrumbList\",\"@id\":\"https:\/\/talkpal.ai\/no\/tyrkiske-grammatikkovelser\/#breadcrumb\",\"itemListElement\":[{\"@type\":\"ListItem\",\"position\":1,\"name\":\"Homepage\",\"item\":\"https:\/\/talkpal.ai\/no\/\"},{\"@type\":\"ListItem\",\"position\":2,\"name\":\"Tyrkiske grammatikk\u00f8velser\"}]},{\"@type\":\"WebSite\",\"@id\":\"https:\/\/talkpal.ai\/no\/#website\",\"url\":\"https:\/\/talkpal.ai\/no\/\",\"name\":\"Talkpal\",\"description\":\"AI Language Learning\",\"publisher\":{\"@id\":\"https:\/\/talkpal.ai\/no\/#organization\"},\"alternateName\":\"Talkpal AI\",\"potentialAction\":[{\"@type\":\"SearchAction\",\"target\":{\"@type\":\"EntryPoint\",\"urlTemplate\":\"https:\/\/talkpal.ai\/no\/?s={search_term_string}\"},\"query-input\":{\"@type\":\"PropertyValueSpecification\",\"valueRequired\":true,\"valueName\":\"search_term_string\"}}],\"inLanguage\":\"nb-NO\"},{\"@type\":\"Organization\",\"@id\":\"https:\/\/talkpal.ai\/no\/#organization\",\"name\":\"Talkpal, Inc.\",\"alternateName\":\"Talkpal AI\",\"url\":\"https:\/\/talkpal.ai\/no\/\",\"logo\":{\"@type\":\"ImageObject\",\"inLanguage\":\"nb-NO\",\"@id\":\"https:\/\/talkpal.ai\/no\/#\/schema\/logo\/image\/\",\"url\":\"https:\/\/talkpal.ai\/wp-content\/uploads\/2024\/03\/Talkpal-Logo-Icon.png\",\"contentUrl\":\"https:\/\/talkpal.ai\/wp-content\/uploads\/2024\/03\/Talkpal-Logo-Icon.png\",\"width\":2880,\"height\":2880,\"caption\":\"Talkpal, Inc.\"},\"image\":{\"@id\":\"https:\/\/talkpal.ai\/no\/#\/schema\/logo\/image\/\"},\"sameAs\":[\"https:\/\/www.facebook.com\/profile.php?id=100090733639311\",\"https:\/\/x.com\/talkpalai\",\"https:\/\/www.linkedin.com\/company\/talkpal\/\",\"https:\/\/www.youtube.com\/@TalkPal\/\",\"https:\/\/www.tiktok.com\/@talkpal\",\"https:\/\/www.instagram.com\/talkpal_ai\/\",\"https:\/\/www.crunchbase.com\/organization\/talkpal-9cde\",\"https:\/\/www.g2.com\/products\/talkpal-for-business\/\",\"https:\/\/www.trustpilot.com\/review\/talkpal.ai\",\"https:\/\/www.capterra.com\/p\/10006800\/TalkPal\/\"],\"description\":\"Talkpal is a language learning web and mobile education app, powered by the latest AI technologies, that provides engaging experiences to its customers in many different languages to help them improve their language skills. Users can chat about unlimited amount of topics with the app and use other modes to practice their language learning.\",\"email\":\"support@talkpal.ai\",\"legalName\":\"Talkpal, Inc.\",\"foundingDate\":\"2023-04-03\",\"duns\":\"118989042\",\"numberOfEmployees\":{\"@type\":\"QuantitativeValue\",\"minValue\":\"11\",\"maxValue\":\"50\"},\"publishingPrinciples\":\"https:\/\/talkpal.ai\/publishing-principles\/\",\"actionableFeedbackPolicy\":\"https:\/\/talkpal.ai\/actionable-feedback-policy\/\",\"correctionsPolicy\":\"https:\/\/talkpal.ai\/corrections-policy\/\",\"ethicsPolicy\":\"https:\/\/talkpal.ai\/ethics-policy\/\",\"diversityPolicy\":\"https:\/\/talkpal.ai\/diversity-policy\/\",\"diversityStaffingReport\":\"https:\/\/talkpal.ai\/diversity-policy\/\"}]}<\/script>\n<!-- \/ Yoast SEO Premium plugin. -->","yoast_head_json":{"title":"Tyrkiske grammatikk\u00f8velser - Talkpal","description":"Mestre tyrkisk grammatikk med v\u00e5re omfattende \u00f8velser i tyrkisk grammatikk. Forbedre spr\u00e5kkunnskapene dine effektivt i dag.","robots":{"index":"index","follow":"follow","max-snippet":"max-snippet:-1","max-image-preview":"max-image-preview:large","max-video-preview":"max-video-preview:-1"},"canonical":"https:\/\/talkpal.ai\/no\/tyrkiske-grammatikkovelser\/","og_locale":"nb_NO","og_type":"article","og_title":"Tyrkiske grammatikk\u00f8velser","og_description":"Tyrkiske grammatikkemner \u00c5 l\u00e6re det tyrkiske spr\u00e5ket kan v\u00e6re en givende, men utfordrende innsats p\u00e5 grunn av dens unike struktur og grammatikk. En av","og_url":"https:\/\/talkpal.ai\/no\/tyrkiske-grammatikkovelser\/","og_site_name":"Talkpal","article_publisher":"https:\/\/www.facebook.com\/profile.php?id=100090733639311","article_modified_time":"2025-12-17T09:52:01+00:00","og_image":[{"width":512,"height":512,"url":"https:\/\/talkpal.ai\/wp-content\/uploads\/2023\/05\/turkish.png","type":"image\/png"}],"twitter_card":"summary_large_image","twitter_site":"@talkpalai","twitter_misc":{"Ansl. lesetid":"2 minutter"},"schema":{"@context":"https:\/\/schema.org","@graph":[{"@type":"WebPage","@id":"https:\/\/talkpal.ai\/no\/tyrkiske-grammatikkovelser\/","url":"https:\/\/talkpal.ai\/no\/tyrkiske-grammatikkovelser\/","name":"Tyrkiske grammatikk\u00f8velser - Talkpal","isPartOf":{"@id":"https:\/\/talkpal.ai\/no\/#website"},"primaryImageOfPage":{"@id":"https:\/\/talkpal.ai\/no\/tyrkiske-grammatikkovelser\/#primaryimage"},"image":{"@id":"https:\/\/talkpal.ai\/no\/tyrkiske-grammatikkovelser\/#primaryimage"},"thumbnailUrl":"https:\/\/talkpal.ai\/wp-content\/uploads\/2023\/05\/turkish.png","datePublished":"2023-07-05T10:34:01+00:00","dateModified":"2025-12-17T09:52:01+00:00","description":"Mestre tyrkisk grammatikk med v\u00e5re omfattende \u00f8velser i tyrkisk grammatikk. Forbedre spr\u00e5kkunnskapene dine effektivt i dag.","breadcrumb":{"@id":"https:\/\/talkpal.ai\/no\/tyrkiske-grammatikkovelser\/#breadcrumb"},"inLanguage":"nb-NO","potentialAction":[{"@type":"ReadAction","target":["https:\/\/talkpal.ai\/no\/tyrkiske-grammatikkovelser\/"]}]},{"@type":"ImageObject","inLanguage":"nb-NO","@id":"https:\/\/talkpal.ai\/no\/tyrkiske-grammatikkovelser\/#primaryimage","url":"https:\/\/talkpal.ai\/wp-content\/uploads\/2023\/05\/turkish.png","contentUrl":"https:\/\/talkpal.ai\/wp-content\/uploads\/2023\/05\/turkish.png","width":512,"height":512},{"@type":"BreadcrumbList","@id":"https:\/\/talkpal.ai\/no\/tyrkiske-grammatikkovelser\/#breadcrumb","itemListElement":[{"@type":"ListItem","position":1,"name":"Homepage","item":"https:\/\/talkpal.ai\/no\/"},{"@type":"ListItem","position":2,"name":"Tyrkiske grammatikk\u00f8velser"}]},{"@type":"WebSite","@id":"https:\/\/talkpal.ai\/no\/#website","url":"https:\/\/talkpal.ai\/no\/","name":"Talkpal","description":"AI Language Learning","publisher":{"@id":"https:\/\/talkpal.ai\/no\/#organization"},"alternateName":"Talkpal AI","potentialAction":[{"@type":"SearchAction","target":{"@type":"EntryPoint","urlTemplate":"https:\/\/talkpal.ai\/no\/?s={search_term_string}"},"query-input":{"@type":"PropertyValueSpecification","valueRequired":true,"valueName":"search_term_string"}}],"inLanguage":"nb-NO"},{"@type":"Organization","@id":"https:\/\/talkpal.ai\/no\/#organization","name":"Talkpal, Inc.","alternateName":"Talkpal AI","url":"https:\/\/talkpal.ai\/no\/","logo":{"@type":"ImageObject","inLanguage":"nb-NO","@id":"https:\/\/talkpal.ai\/no\/#\/schema\/logo\/image\/","url":"https:\/\/talkpal.ai\/wp-content\/uploads\/2024\/03\/Talkpal-Logo-Icon.png","contentUrl":"https:\/\/talkpal.ai\/wp-content\/uploads\/2024\/03\/Talkpal-Logo-Icon.png","width":2880,"height":2880,"caption":"Talkpal, Inc."},"image":{"@id":"https:\/\/talkpal.ai\/no\/#\/schema\/logo\/image\/"},"sameAs":["https:\/\/www.facebook.com\/profile.php?id=100090733639311","https:\/\/x.com\/talkpalai","https:\/\/www.linkedin.com\/company\/talkpal\/","https:\/\/www.youtube.com\/@TalkPal\/","https:\/\/www.tiktok.com\/@talkpal","https:\/\/www.instagram.com\/talkpal_ai\/","https:\/\/www.crunchbase.com\/organization\/talkpal-9cde","https:\/\/www.g2.com\/products\/talkpal-for-business\/","https:\/\/www.trustpilot.com\/review\/talkpal.ai","https:\/\/www.capterra.com\/p\/10006800\/TalkPal\/"],"description":"Talkpal is a language learning web and mobile education app, powered by the latest AI technologies, that provides engaging experiences to its customers in many different languages to help them improve their language skills. Users can chat about unlimited amount of topics with the app and use other modes to practice their language learning.","email":"support@talkpal.ai","legalName":"Talkpal, Inc.","foundingDate":"2023-04-03","duns":"118989042","numberOfEmployees":{"@type":"QuantitativeValue","minValue":"11","maxValue":"50"},"publishingPrinciples":"https:\/\/talkpal.ai\/publishing-principles\/","actionableFeedbackPolicy":"https:\/\/talkpal.ai\/actionable-feedback-policy\/","correctionsPolicy":"https:\/\/talkpal.ai\/corrections-policy\/","ethicsPolicy":"https:\/\/talkpal.ai\/ethics-policy\/","diversityPolicy":"https:\/\/talkpal.ai\/diversity-policy\/","diversityStaffingReport":"https:\/\/talkpal.ai\/diversity-policy\/"}]}},"_links":{"self":[{"href":"https:\/\/talkpal.ai\/no\/wp-json\/wp\/v2\/pages\/155510","targetHints":{"allow":["GET"]}}],"collection":[{"href":"https:\/\/talkpal.ai\/no\/wp-json\/wp\/v2\/pages"}],"about":[{"href":"https:\/\/talkpal.ai\/no\/wp-json\/wp\/v2\/types\/page"}],"author":[{"embeddable":true,"href":"https:\/\/talkpal.ai\/no\/wp-json\/wp\/v2\/users\/6"}],"replies":[{"embeddable":true,"href":"https:\/\/talkpal.ai\/no\/wp-json\/wp\/v2\/comments?post=155510"}],"version-history":[{"count":0,"href":"https:\/\/talkpal.ai\/no\/wp-json\/wp\/v2\/pages\/155510\/revisions"}],"wp:featuredmedia":[{"embeddable":true,"href":"https:\/\/talkpal.ai\/no\/wp-json\/wp\/v2\/media\/120929"}],"wp:attachment":[{"href":"https:\/\/talkpal.ai\/no\/wp-json\/wp\/v2\/media?parent=155510"}],"curies":[{"name":"wp","href":"https:\/\/api.w.org\/{rel}","templated":true}]}}