{"id":153829,"date":"2023-05-14T14:25:05","date_gmt":"2023-05-14T14:25:05","guid":{"rendered":"http:\/\/talkpal.ai\/swahili-grammatikk\/"},"modified":"2025-12-13T15:51:20","modified_gmt":"2025-12-13T15:51:20","slug":"swahili-grammatikk","status":"publish","type":"page","link":"https:\/\/talkpal.ai\/no\/swahili-grammatikk\/","title":{"rendered":"Swahili grammatikk"},"content":{"rendered":"\r\n\r\n\r\n<section class=\"languageChallengeSection\">\r\n    <div class=\"languageInfoWrapper\">\r\n        \r\n        <h1>Swahili grammatikk<\/h1>\r\n        <p>L\u00e6r deg swahili-grammatikkens hemmeligheter og f\u00e5 bedre spr\u00e5kferdigheter med engasjerende leksjoner og eksempler fra virkeligheten. Dykk ned i grunnleggende setningsoppbygging, verbm\u00f8nstre og viktige grammatikkregler. \u00d8v p\u00e5 det du l\u00e6rer med interaktive \u00f8velser som er utformet for \u00e5 forsterke forst\u00e5elsen din. Begynn \u00e5 mestre swahili-grammatikk i dag og kommuniser tryggere!<\/p>\r\n\r\n                            <a class=\"getStartedHidden\" href=\"https:\/\/app.talkpal.ai\/no\/signup?lng=\">Kom i gang<\/a>\r\n        \r\n    <\/div>\r\n\r\n    <figure>\r\n    <img decoding=\"async\" width=\"768\" height=\"768\" src=\"https:\/\/talkpal.ai\/wp-content\/uploads\/2023\/06\/Swahili-768x768.png\" class=\"languageImage no-lazy\" alt=\"Secrets to master language learning\" fetchpriority=\"high\" sizes=\"(max-width: 768px) 150px, 768px\" srcset=\"https:\/\/talkpal.ai\/wp-content\/uploads\/2023\/06\/Swahili-768x768.png 768w, https:\/\/talkpal.ai\/wp-content\/uploads\/2023\/06\/Swahili-300x300.png 300w\" \/>\r\n    \r\n\r\n    <\/figure>\r\n\r\n            <a class=\"getStartedVisible\" href=\"https:\/\/app.talkpal.ai\/no\/signup?lng=\">Kom i gang<\/a>\r\n    \r\n<\/section>\r\n<section class=\"promotionalBanner\">\r\n    <p class=\"promotionalText\">Den mest effektive m\u00e5ten \u00e5 l\u00e6re et spr\u00e5k p\u00e5<\/p>\r\n    <a class=\"promotionalLink\" href=\"https:\/\/app.talkpal.ai\/no\/signup?lng=\">Pr\u00f8v Talkpal gratis<\/a>\r\n<\/section>\n<div class=\"wp-block-group pageContainerStyle\"><div class=\"wp-block-group__inner-container is-layout-constrained wp-block-group-is-layout-constrained\">\n<h2 class=\"wp-block-heading\" id=\"h-swahili-grammar-demystifying-the-linguistic-adventure\">Swahili Grammar: Demystifying the Linguistic Adventure<\/h2>\n\n\n\n<p>Swahili-grammatikk &#8211; innbydende, men g\u00e5tefull, flytende, men spennende, levende, men fascinerende. N\u00e5r du legger ut p\u00e5 din spr\u00e5klige reise inn i swahili-spr\u00e5ket, kan du m\u00f8te en blanding av fascinasjon og usikkerhet. Ikke bekymre deg, andre spr\u00e5kfanatikere! Vi er her for \u00e5 hjelpe deg med \u00e5 navigere i disse spennende spr\u00e5klige farvannene!<\/p>\n\n\n\n<p>I denne artikkelen vil vi gi en omfattende oversikt over Swahili-grammatikken, utforske n\u00f8kkelkomponenter, tilby forklaringer og eksempler og forenkle vanskelighetene. S\u00e5 la <a href=\"https:\/\/talkpal.ai\/locations\/language-courses-in-oss\/\">oss<\/a> slippe l\u00f8s magien i swahili-spr\u00e5ket og avdekke grammatikkens mysterier!<\/p>\n\n\n\n<h3 class=\"wp-block-heading\" id=\"h-1-noun-classes-from-people-to-abstract-ideas\">1. Substantivklasser: Fra mennesker til abstrakte ideer<\/h3>\n\n\n\n<p>Swahili-grammatikken dreier seg om et s\u00e6regent, men likevel viktig substantivklassifiseringssystem. Substantiv er organisert i forskjellige klasser basert p\u00e5 deres betydning eller egenskaper, og hver klasse har et spesifikt prefiks. Selv om dette kan virke skremmende, er det avgj\u00f8rende for \u00e5 danne enighet mellom substantiv, adjektiver og verb.<\/p>\n\n\n\n<p>For \u00e5 forenkle denne prosessen, start med \u00e5 fokusere p\u00e5 de vanligste substantivklassene:<\/p>\n\n\n\n<p><strong>&#8211; Klasse 1: Personer (f.eks., mtu &#8211; person)<\/strong><\/p>\n\n\n\n<p><strong>&#8211; Klasse 2: Flertall av klasse 1-substantiv (f.eks. watu &#8211; folk)<\/strong><\/p>\n\n\n\n<p><strong>&#8211; Klasse 3: Tr\u00e6r, planter og abstrakte substantiv (f.eks. mti &#8211; tre)<\/strong><\/p>\n\n\n\n<p><strong>&#8211; Klasse 4: Livl\u00f8se gjenstander og abstrakte substantiv (f.eks. kiti &#8211; stol)<\/strong><\/p>\n\n\n\n<p>Husk at \u00f8velse gj\u00f8r mester, og det vil bli lettere \u00e5 forst\u00e5 substantivklasser over tid!<\/p>\n\n\n\n<h3 class=\"wp-block-heading\" id=\"h-2-adjectives-from-basic-to-intricate-agreement\">2. Adjektiver: Fra grunnleggende til intrikat avtale<\/h3>\n\n\n\n<p>Adjektiver p\u00e5 <a href=\"https:\/\/talkpal.ai\/learn-swahili\/\">swahili<\/a> stemmer overens med substantivklassen og tallet de endrer. Som et resultat har adjektiver flere prefikser for \u00e5 tilsvare forskjellige substantivklasser. Den gode nyheten er at mange adjektiver deler det samme rotordet, noe som gj\u00f8r det lettere \u00e5 l\u00e6re dem.<\/p>\n\n\n\n<p>For eksempel betyr roten &laquo;-refu&raquo; &laquo;lang&raquo;. Avhengig av substantivklassen kan det opptre som &laquo;mrefu&raquo; (klasse 1), &laquo;wazuri&raquo; (klasse 2), &laquo;jurefu&raquo; (klasse 3), og s\u00e5 videre. Med praksis vil det v\u00e6re en lek \u00e5 f\u00e5 tak i adjektiv-substantiv-avtalen!<\/p>\n\n\n\n<h3 class=\"wp-block-heading\" id=\"h-3-verbs-tense-subject-and-object\">3. Verb: Tid, Subjekt og Objekt<\/h3>\n\n\n\n<p>Swahiliverb er som effektive sveitsiske h\u00e6rkniver, som kompakt formidler anspenthet, emne og objekt, alt i en pen pakke. Tider dannes ved \u00e5 feste tidsmark\u00f8rer til verbroten, mens subjekt- og objektmark\u00f8rer uttrykker hvem som er involvert i handlingen.<\/p>\n\n\n\n<p>For eksempel betyr roten &laquo;-soma&raquo; &laquo;\u00e5 lese&raquo;. Ved \u00e5 legge til ulike prefikser og suffikser kan du skape mange variasjoner: &laquo;anasoma&raquo; (han\/hun leser), &laquo;alisoma&raquo; (han\/hun leste) eller &laquo;atasoma&raquo; (han\/hun vil lese).<\/p>\n\n\n\n<h3 class=\"wp-block-heading\" id=\"h-4-word-order-subject-verb-object-for-clarity\">4. Ordrekkef\u00f8lge: Emne-Verb-Objekt for klarhet<\/h3>\n\n\n\n<p><a href=\"https:\/\/talkpal.ai\/learn-swahili\/\">Swahili<\/a> f\u00f8lger en enkel, men tydelig Subject-Verb-Object (SVO) ordrekkef\u00f8lge, som ligner p\u00e5 <a href=\"https:\/\/talkpal.ai\/learn-english-with-ai\/\">engelsk<\/a>, noe som gj\u00f8r setningskonstruksjonen mindre skremmende. For eksempel kan &laquo;Mwanafunzi anasoma kitabu&raquo; direkte oversettes til &laquo;Student (subjekt) leser (verb) bok (objekt)&raquo;.<\/p>\n\n\n\n<h3 class=\"wp-block-heading\" id=\"h-5-embrace-the-challenges-practice-is-key\">5. Omfavn utfordringene: \u00d8velse er n\u00f8kkelen<\/h3>\n\n\n\n<p>\u00c5 dykke inn i Swahili-grammatikken kan f\u00f8les litt overveldende i begynnelsen. Men husk at t\u00e5lmodighet, \u00f8velse og utholdenhet er hemmelighetene bak suksess. Engasjer deg i spr\u00e5ket gjennom \u00e5 lese, skrive, lytte og snakke for \u00e5 forbedre forst\u00e5elsen og selvtilliten din.<\/p>\n\n\n\n<p>S\u00e5, er du klar til \u00e5 utforske underverkene til Swahili-grammatikken? Omfavn dens forviklinger, nyt nyansene, og husk at med dedikasjon og entusiasme kan du l\u00e5se opp den sanne skj\u00f8nnheten til swahili-spr\u00e5ket. Bahati njema! (<a href=\"https:\/\/talkpal.ai\/culture\/how-do-you-say-good-luck-with-that-in-norwegian\/\">Lykke til<\/a>!)<\/p>\n<\/div><\/div>\n\r\n<section class=\"learnNavigationSection\">\r\n            \r\n        <a href=\"https:\/\/talkpal.ai\/no\/laer-swahili\/\">\r\n            <div class=\"learnNavigationWrapper\">\r\n                <div class=\"learnNavigationContent\">\r\n                    <img decoding=\"async\" src=\"https:\/\/talkpal.ai\/wp-content\/uploads\/2024\/08\/Swahili.jpg\" alt=\"Kenya and Tanzania Flags\">\r\n                    <div>\r\n                        <h4>Om \u00e5 l\u00e6re swahili<\/h4>\r\n                        <p>Finn ut alt om Swahili- grammatikk.<\/p>\r\n                    <\/div>\r\n                <\/div>\r\n            <\/div>\r\n        <\/a>\r\n\r\n        \r\n        <a href=\"https:\/\/talkpal.ai\/no\/swahili-grammatikkovelser\/\">\r\n            <div class=\"learnNavigationWrapper\">\r\n                <div class=\"learnNavigationContent\">\r\n                    <img decoding=\"async\" src=\"https:\/\/talkpal.ai\/wp-content\/uploads\/2024\/08\/Swahili.jpg\" alt=\"Kenya and Tanzania Flags\">\r\n                    <div>\r\n                        <h4>\u00d8velse i swahili-grammatikk<\/h4>\r\n                        <p>\u00d8v p\u00e5 swahili- grammatikk.<\/p>\r\n                    <\/div>\r\n                <\/div>\r\n            <\/div>\r\n        <\/a>\r\n\r\n        \r\n        <a href=\"https:\/\/talkpal.ai\/vocabulary_language\/swahili\/\">\r\n            <div class=\"learnNavigationWrapper\">\r\n                <div class=\"learnNavigationContent\">\r\n                    <img decoding=\"async\" src=\"https:\/\/talkpal.ai\/wp-content\/uploads\/2024\/08\/Swahili.jpg\" alt=\"Kenya and Tanzania Flags\">\r\n                    <div>\r\n                        <h4>Ordforr\u00e5d p\u00e5 swahili<\/h4>\r\n                        <p>Utvid ordforr\u00e5det ditt p\u00e5 swahili.<\/p>\r\n                    <\/div>\r\n                <\/div>\r\n            <\/div>\r\n        <\/a>\r\n\r\n            <\/section>","protected":false},"excerpt":{"rendered":"<p>Swahili Grammar: Demystifying the Linguistic Adventure Swahili-grammatikk &#8211; innbydende, men g\u00e5tefull, flytende, men spennende, levende, men fascinerende. N\u00e5r du legger ut p\u00e5 din spr\u00e5klige reise inn i swahili-spr\u00e5ket, kan du m\u00f8te en blanding av fascinasjon og usikkerhet. Ikke bekymre deg, andre spr\u00e5kfanatikere! Vi er her for \u00e5 hjelpe deg med \u00e5 navigere i disse spennende [&hellip;]<\/p>\n","protected":false},"author":1,"featured_media":119158,"parent":0,"menu_order":0,"comment_status":"closed","ping_status":"closed","template":"LearningContentPage.php","meta":{"_acf_changed":false,"footnotes":""},"class_list":["post-153829","page","type-page","status-publish","has-post-thumbnail","hentry"],"acf":[],"yoast_head":"<!-- This site is optimized with the Yoast SEO Premium plugin v27.2 (Yoast SEO v27.2) - https:\/\/yoast.com\/product\/yoast-seo-premium-wordpress\/ -->\n<title>Swahili grammatikk - Talkpal<\/title>\n<meta name=\"description\" content=\"L\u00e6r deg hemmelighetene bak swahili-grammatikken med v\u00e5r omfattende guide! Oppdag de unike substansklassene og n\u00f8kkelkomponentene.\" \/>\n<meta name=\"robots\" content=\"index, follow, max-snippet:-1, max-image-preview:large, max-video-preview:-1\" \/>\n<link rel=\"canonical\" href=\"https:\/\/talkpal.ai\/no\/swahili-grammatikk\/\" \/>\n<meta property=\"og:locale\" content=\"nb_NO\" \/>\n<meta property=\"og:type\" content=\"article\" \/>\n<meta property=\"og:title\" content=\"Swahili grammatikk\" \/>\n<meta property=\"og:description\" content=\"Swahili Grammar: Demystifying the Linguistic Adventure Swahili-grammatikk - innbydende, men g\u00e5tefull, flytende, men spennende, levende, men fascinerende.\" \/>\n<meta property=\"og:url\" content=\"https:\/\/talkpal.ai\/no\/swahili-grammatikk\/\" \/>\n<meta property=\"og:site_name\" content=\"Talkpal\" \/>\n<meta property=\"article:publisher\" content=\"https:\/\/www.facebook.com\/profile.php?id=100090733639311\" \/>\n<meta property=\"article:modified_time\" content=\"2025-12-13T15:51:20+00:00\" \/>\n<meta property=\"og:image\" content=\"https:\/\/talkpal.ai\/wp-content\/uploads\/2023\/05\/Swahili-tanzania.png\" \/>\n\t<meta property=\"og:image:width\" content=\"512\" \/>\n\t<meta property=\"og:image:height\" content=\"512\" \/>\n\t<meta property=\"og:image:type\" content=\"image\/png\" \/>\n<meta name=\"twitter:card\" content=\"summary_large_image\" \/>\n<meta name=\"twitter:site\" content=\"@talkpalai\" \/>\n<meta name=\"twitter:label1\" content=\"Ansl. lesetid\" \/>\n\t<meta name=\"twitter:data1\" content=\"3 minutter\" \/>\n<script type=\"application\/ld+json\" class=\"yoast-schema-graph\">{\"@context\":\"https:\/\/schema.org\",\"@graph\":[{\"@type\":\"WebPage\",\"@id\":\"https:\/\/talkpal.ai\/no\/swahili-grammatikk\/\",\"url\":\"https:\/\/talkpal.ai\/no\/swahili-grammatikk\/\",\"name\":\"Swahili grammatikk - Talkpal\",\"isPartOf\":{\"@id\":\"https:\/\/talkpal.ai\/no\/#website\"},\"primaryImageOfPage\":{\"@id\":\"https:\/\/talkpal.ai\/no\/swahili-grammatikk\/#primaryimage\"},\"image\":{\"@id\":\"https:\/\/talkpal.ai\/no\/swahili-grammatikk\/#primaryimage\"},\"thumbnailUrl\":\"https:\/\/talkpal.ai\/wp-content\/uploads\/2023\/05\/Swahili-tanzania.png\",\"datePublished\":\"2023-05-14T14:25:05+00:00\",\"dateModified\":\"2025-12-13T15:51:20+00:00\",\"description\":\"L\u00e6r deg hemmelighetene bak swahili-grammatikken med v\u00e5r omfattende guide! Oppdag de unike substansklassene og n\u00f8kkelkomponentene.\",\"breadcrumb\":{\"@id\":\"https:\/\/talkpal.ai\/no\/swahili-grammatikk\/#breadcrumb\"},\"inLanguage\":\"nb-NO\",\"potentialAction\":[{\"@type\":\"ReadAction\",\"target\":[\"https:\/\/talkpal.ai\/no\/swahili-grammatikk\/\"]}]},{\"@type\":\"ImageObject\",\"inLanguage\":\"nb-NO\",\"@id\":\"https:\/\/talkpal.ai\/no\/swahili-grammatikk\/#primaryimage\",\"url\":\"https:\/\/talkpal.ai\/wp-content\/uploads\/2023\/05\/Swahili-tanzania.png\",\"contentUrl\":\"https:\/\/talkpal.ai\/wp-content\/uploads\/2023\/05\/Swahili-tanzania.png\",\"width\":512,\"height\":512},{\"@type\":\"BreadcrumbList\",\"@id\":\"https:\/\/talkpal.ai\/no\/swahili-grammatikk\/#breadcrumb\",\"itemListElement\":[{\"@type\":\"ListItem\",\"position\":1,\"name\":\"Homepage\",\"item\":\"https:\/\/talkpal.ai\/no\/\"},{\"@type\":\"ListItem\",\"position\":2,\"name\":\"Swahili grammatikk\"}]},{\"@type\":\"WebSite\",\"@id\":\"https:\/\/talkpal.ai\/no\/#website\",\"url\":\"https:\/\/talkpal.ai\/no\/\",\"name\":\"Talkpal\",\"description\":\"AI Language Learning\",\"publisher\":{\"@id\":\"https:\/\/talkpal.ai\/no\/#organization\"},\"alternateName\":\"Talkpal AI\",\"potentialAction\":[{\"@type\":\"SearchAction\",\"target\":{\"@type\":\"EntryPoint\",\"urlTemplate\":\"https:\/\/talkpal.ai\/no\/?s={search_term_string}\"},\"query-input\":{\"@type\":\"PropertyValueSpecification\",\"valueRequired\":true,\"valueName\":\"search_term_string\"}}],\"inLanguage\":\"nb-NO\"},{\"@type\":\"Organization\",\"@id\":\"https:\/\/talkpal.ai\/no\/#organization\",\"name\":\"Talkpal, Inc.\",\"alternateName\":\"Talkpal AI\",\"url\":\"https:\/\/talkpal.ai\/no\/\",\"logo\":{\"@type\":\"ImageObject\",\"inLanguage\":\"nb-NO\",\"@id\":\"https:\/\/talkpal.ai\/no\/#\/schema\/logo\/image\/\",\"url\":\"https:\/\/talkpal.ai\/wp-content\/uploads\/2024\/03\/Talkpal-Logo-Icon.png\",\"contentUrl\":\"https:\/\/talkpal.ai\/wp-content\/uploads\/2024\/03\/Talkpal-Logo-Icon.png\",\"width\":2880,\"height\":2880,\"caption\":\"Talkpal, Inc.\"},\"image\":{\"@id\":\"https:\/\/talkpal.ai\/no\/#\/schema\/logo\/image\/\"},\"sameAs\":[\"https:\/\/www.facebook.com\/profile.php?id=100090733639311\",\"https:\/\/x.com\/talkpalai\",\"https:\/\/www.linkedin.com\/company\/talkpal\/\",\"https:\/\/www.youtube.com\/@TalkPal\/\",\"https:\/\/www.tiktok.com\/@talkpal\",\"https:\/\/www.instagram.com\/talkpal_ai\/\",\"https:\/\/www.crunchbase.com\/organization\/talkpal-9cde\",\"https:\/\/www.g2.com\/products\/talkpal-for-business\/\",\"https:\/\/www.trustpilot.com\/review\/talkpal.ai\",\"https:\/\/www.capterra.com\/p\/10006800\/TalkPal\/\"],\"description\":\"Talkpal is a language learning web and mobile education app, powered by the latest AI technologies, that provides engaging experiences to its customers in many different languages to help them improve their language skills. Users can chat about unlimited amount of topics with the app and use other modes to practice their language learning.\",\"email\":\"support@talkpal.ai\",\"legalName\":\"Talkpal, Inc.\",\"foundingDate\":\"2023-04-03\",\"duns\":\"118989042\",\"numberOfEmployees\":{\"@type\":\"QuantitativeValue\",\"minValue\":\"11\",\"maxValue\":\"50\"},\"publishingPrinciples\":\"https:\/\/talkpal.ai\/publishing-principles\/\",\"actionableFeedbackPolicy\":\"https:\/\/talkpal.ai\/actionable-feedback-policy\/\",\"correctionsPolicy\":\"https:\/\/talkpal.ai\/corrections-policy\/\",\"ethicsPolicy\":\"https:\/\/talkpal.ai\/ethics-policy\/\",\"diversityPolicy\":\"https:\/\/talkpal.ai\/diversity-policy\/\",\"diversityStaffingReport\":\"https:\/\/talkpal.ai\/diversity-policy\/\"}]}<\/script>\n<!-- \/ Yoast SEO Premium plugin. -->","yoast_head_json":{"title":"Swahili grammatikk - Talkpal","description":"L\u00e6r deg hemmelighetene bak swahili-grammatikken med v\u00e5r omfattende guide! Oppdag de unike substansklassene og n\u00f8kkelkomponentene.","robots":{"index":"index","follow":"follow","max-snippet":"max-snippet:-1","max-image-preview":"max-image-preview:large","max-video-preview":"max-video-preview:-1"},"canonical":"https:\/\/talkpal.ai\/no\/swahili-grammatikk\/","og_locale":"nb_NO","og_type":"article","og_title":"Swahili grammatikk","og_description":"Swahili Grammar: Demystifying the Linguistic Adventure Swahili-grammatikk - innbydende, men g\u00e5tefull, flytende, men spennende, levende, men fascinerende.","og_url":"https:\/\/talkpal.ai\/no\/swahili-grammatikk\/","og_site_name":"Talkpal","article_publisher":"https:\/\/www.facebook.com\/profile.php?id=100090733639311","article_modified_time":"2025-12-13T15:51:20+00:00","og_image":[{"width":512,"height":512,"url":"https:\/\/talkpal.ai\/wp-content\/uploads\/2023\/05\/Swahili-tanzania.png","type":"image\/png"}],"twitter_card":"summary_large_image","twitter_site":"@talkpalai","twitter_misc":{"Ansl. lesetid":"3 minutter"},"schema":{"@context":"https:\/\/schema.org","@graph":[{"@type":"WebPage","@id":"https:\/\/talkpal.ai\/no\/swahili-grammatikk\/","url":"https:\/\/talkpal.ai\/no\/swahili-grammatikk\/","name":"Swahili grammatikk - Talkpal","isPartOf":{"@id":"https:\/\/talkpal.ai\/no\/#website"},"primaryImageOfPage":{"@id":"https:\/\/talkpal.ai\/no\/swahili-grammatikk\/#primaryimage"},"image":{"@id":"https:\/\/talkpal.ai\/no\/swahili-grammatikk\/#primaryimage"},"thumbnailUrl":"https:\/\/talkpal.ai\/wp-content\/uploads\/2023\/05\/Swahili-tanzania.png","datePublished":"2023-05-14T14:25:05+00:00","dateModified":"2025-12-13T15:51:20+00:00","description":"L\u00e6r deg hemmelighetene bak swahili-grammatikken med v\u00e5r omfattende guide! Oppdag de unike substansklassene og n\u00f8kkelkomponentene.","breadcrumb":{"@id":"https:\/\/talkpal.ai\/no\/swahili-grammatikk\/#breadcrumb"},"inLanguage":"nb-NO","potentialAction":[{"@type":"ReadAction","target":["https:\/\/talkpal.ai\/no\/swahili-grammatikk\/"]}]},{"@type":"ImageObject","inLanguage":"nb-NO","@id":"https:\/\/talkpal.ai\/no\/swahili-grammatikk\/#primaryimage","url":"https:\/\/talkpal.ai\/wp-content\/uploads\/2023\/05\/Swahili-tanzania.png","contentUrl":"https:\/\/talkpal.ai\/wp-content\/uploads\/2023\/05\/Swahili-tanzania.png","width":512,"height":512},{"@type":"BreadcrumbList","@id":"https:\/\/talkpal.ai\/no\/swahili-grammatikk\/#breadcrumb","itemListElement":[{"@type":"ListItem","position":1,"name":"Homepage","item":"https:\/\/talkpal.ai\/no\/"},{"@type":"ListItem","position":2,"name":"Swahili grammatikk"}]},{"@type":"WebSite","@id":"https:\/\/talkpal.ai\/no\/#website","url":"https:\/\/talkpal.ai\/no\/","name":"Talkpal","description":"AI Language Learning","publisher":{"@id":"https:\/\/talkpal.ai\/no\/#organization"},"alternateName":"Talkpal AI","potentialAction":[{"@type":"SearchAction","target":{"@type":"EntryPoint","urlTemplate":"https:\/\/talkpal.ai\/no\/?s={search_term_string}"},"query-input":{"@type":"PropertyValueSpecification","valueRequired":true,"valueName":"search_term_string"}}],"inLanguage":"nb-NO"},{"@type":"Organization","@id":"https:\/\/talkpal.ai\/no\/#organization","name":"Talkpal, Inc.","alternateName":"Talkpal AI","url":"https:\/\/talkpal.ai\/no\/","logo":{"@type":"ImageObject","inLanguage":"nb-NO","@id":"https:\/\/talkpal.ai\/no\/#\/schema\/logo\/image\/","url":"https:\/\/talkpal.ai\/wp-content\/uploads\/2024\/03\/Talkpal-Logo-Icon.png","contentUrl":"https:\/\/talkpal.ai\/wp-content\/uploads\/2024\/03\/Talkpal-Logo-Icon.png","width":2880,"height":2880,"caption":"Talkpal, Inc."},"image":{"@id":"https:\/\/talkpal.ai\/no\/#\/schema\/logo\/image\/"},"sameAs":["https:\/\/www.facebook.com\/profile.php?id=100090733639311","https:\/\/x.com\/talkpalai","https:\/\/www.linkedin.com\/company\/talkpal\/","https:\/\/www.youtube.com\/@TalkPal\/","https:\/\/www.tiktok.com\/@talkpal","https:\/\/www.instagram.com\/talkpal_ai\/","https:\/\/www.crunchbase.com\/organization\/talkpal-9cde","https:\/\/www.g2.com\/products\/talkpal-for-business\/","https:\/\/www.trustpilot.com\/review\/talkpal.ai","https:\/\/www.capterra.com\/p\/10006800\/TalkPal\/"],"description":"Talkpal is a language learning web and mobile education app, powered by the latest AI technologies, that provides engaging experiences to its customers in many different languages to help them improve their language skills. Users can chat about unlimited amount of topics with the app and use other modes to practice their language learning.","email":"support@talkpal.ai","legalName":"Talkpal, Inc.","foundingDate":"2023-04-03","duns":"118989042","numberOfEmployees":{"@type":"QuantitativeValue","minValue":"11","maxValue":"50"},"publishingPrinciples":"https:\/\/talkpal.ai\/publishing-principles\/","actionableFeedbackPolicy":"https:\/\/talkpal.ai\/actionable-feedback-policy\/","correctionsPolicy":"https:\/\/talkpal.ai\/corrections-policy\/","ethicsPolicy":"https:\/\/talkpal.ai\/ethics-policy\/","diversityPolicy":"https:\/\/talkpal.ai\/diversity-policy\/","diversityStaffingReport":"https:\/\/talkpal.ai\/diversity-policy\/"}]}},"_links":{"self":[{"href":"https:\/\/talkpal.ai\/no\/wp-json\/wp\/v2\/pages\/153829","targetHints":{"allow":["GET"]}}],"collection":[{"href":"https:\/\/talkpal.ai\/no\/wp-json\/wp\/v2\/pages"}],"about":[{"href":"https:\/\/talkpal.ai\/no\/wp-json\/wp\/v2\/types\/page"}],"author":[{"embeddable":true,"href":"https:\/\/talkpal.ai\/no\/wp-json\/wp\/v2\/users\/1"}],"replies":[{"embeddable":true,"href":"https:\/\/talkpal.ai\/no\/wp-json\/wp\/v2\/comments?post=153829"}],"version-history":[{"count":0,"href":"https:\/\/talkpal.ai\/no\/wp-json\/wp\/v2\/pages\/153829\/revisions"}],"wp:featuredmedia":[{"embeddable":true,"href":"https:\/\/talkpal.ai\/no\/wp-json\/wp\/v2\/media\/119158"}],"wp:attachment":[{"href":"https:\/\/talkpal.ai\/no\/wp-json\/wp\/v2\/media?parent=153829"}],"curies":[{"name":"wp","href":"https:\/\/api.w.org\/{rel}","templated":true}]}}