{"id":153505,"date":"2023-05-14T14:24:42","date_gmt":"2023-05-14T14:24:42","guid":{"rendered":"http:\/\/talkpal.ai\/thai-grammatikk\/"},"modified":"2025-12-13T15:47:35","modified_gmt":"2025-12-13T15:47:35","slug":"thai-grammatikk","status":"publish","type":"page","link":"https:\/\/talkpal.ai\/no\/thai-grammatikk\/","title":{"rendered":"Thai grammatikk"},"content":{"rendered":"\r\n\r\n\r\n<section class=\"languageChallengeSection\">\r\n    <div class=\"languageInfoWrapper\">\r\n        \r\n        <h1>Thai grammatikk<\/h1>\r\n        <p>L\u00e6r deg <a href=\"https:\/\/talkpal.ai\/learn-thai\/\">thailandsk<\/a> <a href=\"https:\/\/talkpal.ai\/grammar\/\">grammatikk<\/a> og opplev skj\u00f8nnheten i et spr\u00e5k som er b\u00e5de logisk og uttrykksfullt. Start reisen og \u00e5pne d\u00f8ren til en fascinerende m\u00e5te \u00e5 tenke og snakke p\u00e5!<\/p>\r\n\r\n                            <a class=\"getStartedHidden\" href=\"https:\/\/app.talkpal.ai\/no\/signup?lng=\">Kom i gang<\/a>\r\n        \r\n    <\/div>\r\n\r\n    <figure>\r\n    <img decoding=\"async\" width=\"768\" height=\"768\" src=\"https:\/\/talkpal.ai\/wp-content\/uploads\/2023\/06\/thai-768x768.png\" class=\"languageImage no-lazy\" alt=\"Language learning for improved thought process\" fetchpriority=\"high\" sizes=\"(max-width: 768px) 150px, 768px\" srcset=\"https:\/\/talkpal.ai\/wp-content\/uploads\/2023\/06\/thai-768x768.png 768w, https:\/\/talkpal.ai\/wp-content\/uploads\/2023\/06\/thai-300x300.png 300w\" \/>\r\n    \r\n\r\n    <\/figure>\r\n\r\n            <a class=\"getStartedVisible\" href=\"https:\/\/app.talkpal.ai\/no\/signup?lng=\">Kom i gang<\/a>\r\n    \r\n<\/section>\r\n<section class=\"promotionalBanner\">\r\n    <p class=\"promotionalText\">Den mest effektive m\u00e5ten \u00e5 l\u00e6re et spr\u00e5k p\u00e5<\/p>\r\n    <a class=\"promotionalLink\" href=\"https:\/\/app.talkpal.ai\/no\/signup?lng=\">Pr\u00f8v Talkpal gratis<\/a>\r\n<\/section>\n<div class=\"wp-block-group pageContainerStyle\"><div class=\"wp-block-group__inner-container is-layout-constrained wp-block-group-is-layout-constrained\">\n<h2 class=\"wp-block-heading\" id=\"h-thai-grammar-exploring-a-unique-linguistic-world\">Thai grammatikk: Utforske en unik spr\u00e5klig verden<\/h2>\n\n\n\n<p><a href=\"https:\/\/talkpal.ai\/thai-grammar\/\">Thai grammatikk<\/a> &#8211; tilsynelatende g\u00e5tefull, eksotisk og fengslende. N\u00e5r du legger ut p\u00e5 reisen din for \u00e5 l\u00e6re det thailandske spr\u00e5ket, kan du bli uventet betatt av grammatikken. Frykt ikke, mine spr\u00e5kforskere! Vi er her for \u00e5 tilby veiledning og st\u00f8tte p\u00e5 dette fascinerende eventyret!<\/p>\n\n\n\n<p>I denne artikkelen fordyper vi <a href=\"https:\/\/talkpal.ai\/locations\/language-courses-in-oss\/\">oss<\/a> i kjerneaspektene ved thailandsk grammatikk, bryter ned n\u00f8kkelbegreper, forklarer regler og til og med forenkler kompleksiteten. Bli med oss \u200b\u200bmens vi l\u00f8fter sl\u00f8ret for thailandsk grammatikk og tenner lidenskapen din for dette fantastiske unike spr\u00e5ket!<\/p>\n\n\n\n<h3 class=\"wp-block-heading\" id=\"h-1-nouns-no-plurals-no-genders-no-worries\">1. Substantiv: Ingen flertall, ingen kj\u00f8nn, ingen bekymringer!<\/h3>\n\n\n\n<p>Skj\u00f8nnheten med thailandsk grammatikk ligger i dens enkelhet n\u00e5r det gjelder substantiver. Thai substantiv har ikke kj\u00f8nns- eller flertallsformer, noe som gj\u00f8r dem enkle \u00e5 bruke og forst\u00e5. For \u00e5 indikere flertall legger du ganske enkelt til et mengdeord som &laquo;mange&raquo; (\u0e21\u0e32\u0e01, m\u00e2ak) eller &laquo;noen&raquo; (\u0e1a\u0e49\u0e32\u0e07, b\u00e2ang) eller gjentar substantivet for \u00e5 understreke flertallsbetydningen.<\/p>\n\n\n\n<h3 class=\"wp-block-heading\" id=\"h-2-pronouns-choose-wisely-based-on-politeness\">2. Pronomen: Velg klokt basert p\u00e5 h\u00f8flighet<\/h3>\n\n\n\n<p>\u00c5 velge riktig pronomen er viktig i thailandsk grammatikk for \u00e5 vise respekt og ydmykhet. Thailandske pronomen varierer ut fra talerens og lytterens kj\u00f8nn, alder og relasjon. For eksempel er &laquo;\u0e09\u0e31\u0e19&raquo; (ch\u0103n) et vanlig uformelt f\u00f8rstepersonspronomen, mens &laquo;\u0e1c\u0e21&raquo; (p\u014fm) ofte brukes av menn i mer formelle situasjoner.<\/p>\n\n\n\n<p>For \u00e5 v\u00e6re h\u00f8flig kan du bruke &laquo;\u0e04\u0e38\u0e13&raquo; (kun) for &laquo;du&raquo; og &laquo;\u0e40\u0e02\u0e32&raquo; (k\u0103o) for &laquo;han\/hun\/dem&raquo;.<\/p>\n\n\n\n<h3 class=\"wp-block-heading\" id=\"h-3-verbs-no-conjugation-or-tenses-only-particles\">3. Verb: Ingen b\u00f8ying eller tider, bare partikler<\/h3>\n\n\n\n<p>I thailandsk grammatikk forblir verb uendret uavhengig av tid, stemning eller emne. I stedet er Thai avhengig av enkle ord kjent som partikler for \u00e5 indikere tiden eller holdningen til setningen. Disse partiklene er plassert p\u00e5 slutten av setningen.<\/p>\n\n\n\n<p>Partikkelen &laquo;\u0e41\u0e25\u0e49\u0e27&raquo; (l\u00e1ew) indikerer for eksempel fortid eller avsluttet handling, og &laquo;\u0e01\u0e33\u0e25\u0e31\u0e07&raquo; (gam-lang) brukes om handlinger som p\u00e5g\u00e5r. Derfor betyr &laquo;\u0e40\u0e02\u0e32\u0e01\u0e34\u0e19&raquo; (k\u0103o gin) &laquo;han\/hun spiser&raquo;, mens &laquo;\u0e40\u0e02\u0e32\u0e01\u0e34\u0e19\u0e41\u0e25\u0e49\u0e27&raquo; (k\u0103o gin l\u00e1ew) betyr &laquo;han\/hun spiste&raquo;.<\/p>\n\n\n\n<h3 class=\"wp-block-heading\" id=\"h-4-sentence-structure-clear-and-straightforward\">4. Setningsstruktur: Klar og grei<\/h3>\n\n\n\n<p>Thai grammatikk f\u00f8lger en Subject-Verb-Object (SVO) setningsstruktur, som ligner p\u00e5 <a href=\"https:\/\/talkpal.ai\/learn-english-with-ai\/\">engelsk<\/a>, noe som forenkler forst\u00e5elsen for <a href=\"https:\/\/talkpal.ai\/english-speaking-course\/\">engelsktalende<\/a>. Hovedregelen er at adjektiver, adverb og andre beskrivende ord f\u00f8lger substantivet eller verbet de beskriver.<\/p>\n\n\n\n<p>For eksempel kan &laquo;\u0e1c\u0e21\u0e0a\u0e2d\u0e1a\u0e2b\u0e19\u0e31\u0e07\u0e2a\u0e37\u0e2d\u0e19\u0e35\u0e49&raquo; (p\u014fm ch\u00e2wp n\u0103ng s\u011bu n\u00e9e) oversettes til &laquo;Jeg (subjekt) liker (verb) denne boken (objekt)&raquo;.<\/p>\n\n\n\n<h3 class=\"wp-block-heading\" id=\"h-5-immerse-yourself-in-thai-practice-makes-perfect\">5. Fordyp deg i Thai: \u00d8velse gj\u00f8r mester<\/h3>\n\n\n\n<p>\u00c5 forst\u00e5 og mestre thailandsk grammatikk kan i utgangspunktet virke utfordrende, men n\u00f8kkelen er utholdenhet og konsekvent praksis. Engasjer alle sansene dine ved \u00e5 fordype deg i spr\u00e5ket, lese, skrive, lytte og snakke med morsm\u00e5l. Jo mer eksponering du har for thailandsk grammatikk, jo mer vil disse eksotiske konseptene f\u00f8les kjente og komfortable.<\/p>\n\n\n\n<p>S\u00e5, er du klar til \u00e5 dykke inn i den fascinerende verden av thailandsk grammatikk? Omfavn utfordringen og de unike egenskapene til thailandsk grammatikk, og med tid, engasjement og en f\u00f8lelse av eventyr kan du l\u00e5se opp den fengslende skj\u00f8nnheten til det thailandske spr\u00e5ket.<\/p>\n<\/div><\/div>\n\r\n<section class=\"learnNavigationSection\">\r\n            \r\n        <a href=\"https:\/\/talkpal.ai\/no\/laer-thai\/\">\r\n            <div class=\"learnNavigationWrapper\">\r\n                <div class=\"learnNavigationContent\">\r\n                    <img decoding=\"async\" src=\"https:\/\/talkpal.ai\/wp-content\/uploads\/2024\/08\/Thai.jpg\" alt=\"Thai Flag\">\r\n                    <div>\r\n                        <h4>Om Thai Learning<\/h4>\r\n                        <p>Finn ut alt om thailandsk grammatikk.<\/p>\r\n                    <\/div>\r\n                <\/div>\r\n            <\/div>\r\n        <\/a>\r\n\r\n        \r\n        <a href=\"https:\/\/talkpal.ai\/no\/thai-grammatikkovelser\/\">\r\n            <div class=\"learnNavigationWrapper\">\r\n                <div class=\"learnNavigationContent\">\r\n                    <img decoding=\"async\" src=\"https:\/\/talkpal.ai\/wp-content\/uploads\/2024\/08\/Thai.jpg\" alt=\"Thai Flag\">\r\n                    <div>\r\n                        <h4>\u00d8velse i thailandsk grammatikk<\/h4>\r\n                        <p>\u00d8v p\u00e5 thailandsk grammatikk.<\/p>\r\n                    <\/div>\r\n                <\/div>\r\n            <\/div>\r\n        <\/a>\r\n\r\n        \r\n        <a href=\"https:\/\/talkpal.ai\/vocabulary_language\/thai\/\">\r\n            <div class=\"learnNavigationWrapper\">\r\n                <div class=\"learnNavigationContent\">\r\n                    <img decoding=\"async\" src=\"https:\/\/talkpal.ai\/wp-content\/uploads\/2024\/08\/Thai.jpg\" alt=\"Thai Flag\">\r\n                    <div>\r\n                        <h4>Ordforr\u00e5d p\u00e5 thai<\/h4>\r\n                        <p>Utvid ordforr\u00e5det ditt p\u00e5 thai.<\/p>\r\n                    <\/div>\r\n                <\/div>\r\n            <\/div>\r\n        <\/a>\r\n\r\n            <\/section>","protected":false},"excerpt":{"rendered":"<p>Thai grammatikk: Utforske en unik spr\u00e5klig verden Thai grammatikk &#8211; tilsynelatende g\u00e5tefull, eksotisk og fengslende. N\u00e5r du legger ut p\u00e5 reisen din for \u00e5 l\u00e6re det thailandske spr\u00e5ket, kan du bli uventet betatt av grammatikken. Frykt ikke, mine spr\u00e5kforskere! Vi er her for \u00e5 tilby veiledning og st\u00f8tte p\u00e5 dette fascinerende eventyret! I denne artikkelen [&hellip;]<\/p>\n","protected":false},"author":1,"featured_media":120735,"parent":0,"menu_order":0,"comment_status":"closed","ping_status":"closed","template":"LearningContentPage.php","meta":{"_acf_changed":false,"footnotes":""},"class_list":["post-153505","page","type-page","status-publish","has-post-thumbnail","hentry"],"acf":[],"yoast_head":"<!-- This site is optimized with the Yoast SEO Premium plugin v27.2 (Yoast SEO v27.2) - https:\/\/yoast.com\/product\/yoast-seo-premium-wordpress\/ -->\n<title>Thai grammatikk - Talkpal<\/title>\n<meta name=\"description\" content=\"Utforsk den fascinerende verdenen av thailandsk grammatikk. Oppdag enkelheten og de unike funksjonene som gj\u00f8r l\u00e6ring til en forn\u00f8yelse.\" \/>\n<meta name=\"robots\" content=\"index, follow, max-snippet:-1, max-image-preview:large, max-video-preview:-1\" \/>\n<link rel=\"canonical\" href=\"https:\/\/talkpal.ai\/no\/thai-grammatikk\/\" \/>\n<meta property=\"og:locale\" content=\"nb_NO\" \/>\n<meta property=\"og:type\" content=\"article\" \/>\n<meta property=\"og:title\" content=\"Thai grammatikk\" \/>\n<meta property=\"og:description\" content=\"Thai grammatikk: Utforske en unik spr\u00e5klig verden Thai grammatikk - tilsynelatende g\u00e5tefull, eksotisk og fengslende. N\u00e5r du legger ut p\u00e5 reisen din for \u00e5\" \/>\n<meta property=\"og:url\" content=\"https:\/\/talkpal.ai\/no\/thai-grammatikk\/\" \/>\n<meta property=\"og:site_name\" content=\"Talkpal\" \/>\n<meta property=\"article:publisher\" content=\"https:\/\/www.facebook.com\/profile.php?id=100090733639311\" \/>\n<meta property=\"article:modified_time\" content=\"2025-12-13T15:47:35+00:00\" \/>\n<meta property=\"og:image\" content=\"https:\/\/talkpal.ai\/wp-content\/uploads\/2023\/05\/thailand.png\" \/>\n\t<meta property=\"og:image:width\" content=\"512\" \/>\n\t<meta property=\"og:image:height\" content=\"512\" \/>\n\t<meta property=\"og:image:type\" content=\"image\/png\" \/>\n<meta name=\"twitter:card\" content=\"summary_large_image\" \/>\n<meta name=\"twitter:site\" content=\"@talkpalai\" \/>\n<meta name=\"twitter:label1\" content=\"Ansl. lesetid\" \/>\n\t<meta name=\"twitter:data1\" content=\"2 minutter\" \/>\n<script type=\"application\/ld+json\" class=\"yoast-schema-graph\">{\"@context\":\"https:\/\/schema.org\",\"@graph\":[{\"@type\":\"WebPage\",\"@id\":\"https:\/\/talkpal.ai\/no\/thai-grammatikk\/\",\"url\":\"https:\/\/talkpal.ai\/no\/thai-grammatikk\/\",\"name\":\"Thai grammatikk - Talkpal\",\"isPartOf\":{\"@id\":\"https:\/\/talkpal.ai\/no\/#website\"},\"primaryImageOfPage\":{\"@id\":\"https:\/\/talkpal.ai\/no\/thai-grammatikk\/#primaryimage\"},\"image\":{\"@id\":\"https:\/\/talkpal.ai\/no\/thai-grammatikk\/#primaryimage\"},\"thumbnailUrl\":\"https:\/\/talkpal.ai\/wp-content\/uploads\/2023\/05\/thailand.png\",\"datePublished\":\"2023-05-14T14:24:42+00:00\",\"dateModified\":\"2025-12-13T15:47:35+00:00\",\"description\":\"Utforsk den fascinerende verdenen av thailandsk grammatikk. Oppdag enkelheten og de unike funksjonene som gj\u00f8r l\u00e6ring til en forn\u00f8yelse.\",\"breadcrumb\":{\"@id\":\"https:\/\/talkpal.ai\/no\/thai-grammatikk\/#breadcrumb\"},\"inLanguage\":\"nb-NO\",\"potentialAction\":[{\"@type\":\"ReadAction\",\"target\":[\"https:\/\/talkpal.ai\/no\/thai-grammatikk\/\"]}]},{\"@type\":\"ImageObject\",\"inLanguage\":\"nb-NO\",\"@id\":\"https:\/\/talkpal.ai\/no\/thai-grammatikk\/#primaryimage\",\"url\":\"https:\/\/talkpal.ai\/wp-content\/uploads\/2023\/05\/thailand.png\",\"contentUrl\":\"https:\/\/talkpal.ai\/wp-content\/uploads\/2023\/05\/thailand.png\",\"width\":512,\"height\":512},{\"@type\":\"BreadcrumbList\",\"@id\":\"https:\/\/talkpal.ai\/no\/thai-grammatikk\/#breadcrumb\",\"itemListElement\":[{\"@type\":\"ListItem\",\"position\":1,\"name\":\"Homepage\",\"item\":\"https:\/\/talkpal.ai\/no\/\"},{\"@type\":\"ListItem\",\"position\":2,\"name\":\"Thai grammatikk\"}]},{\"@type\":\"WebSite\",\"@id\":\"https:\/\/talkpal.ai\/no\/#website\",\"url\":\"https:\/\/talkpal.ai\/no\/\",\"name\":\"Talkpal\",\"description\":\"AI Language Learning\",\"publisher\":{\"@id\":\"https:\/\/talkpal.ai\/no\/#organization\"},\"alternateName\":\"Talkpal AI\",\"potentialAction\":[{\"@type\":\"SearchAction\",\"target\":{\"@type\":\"EntryPoint\",\"urlTemplate\":\"https:\/\/talkpal.ai\/no\/?s={search_term_string}\"},\"query-input\":{\"@type\":\"PropertyValueSpecification\",\"valueRequired\":true,\"valueName\":\"search_term_string\"}}],\"inLanguage\":\"nb-NO\"},{\"@type\":\"Organization\",\"@id\":\"https:\/\/talkpal.ai\/no\/#organization\",\"name\":\"Talkpal, Inc.\",\"alternateName\":\"Talkpal AI\",\"url\":\"https:\/\/talkpal.ai\/no\/\",\"logo\":{\"@type\":\"ImageObject\",\"inLanguage\":\"nb-NO\",\"@id\":\"https:\/\/talkpal.ai\/no\/#\/schema\/logo\/image\/\",\"url\":\"https:\/\/talkpal.ai\/wp-content\/uploads\/2024\/03\/Talkpal-Logo-Icon.png\",\"contentUrl\":\"https:\/\/talkpal.ai\/wp-content\/uploads\/2024\/03\/Talkpal-Logo-Icon.png\",\"width\":2880,\"height\":2880,\"caption\":\"Talkpal, Inc.\"},\"image\":{\"@id\":\"https:\/\/talkpal.ai\/no\/#\/schema\/logo\/image\/\"},\"sameAs\":[\"https:\/\/www.facebook.com\/profile.php?id=100090733639311\",\"https:\/\/x.com\/talkpalai\",\"https:\/\/www.linkedin.com\/company\/talkpal\/\",\"https:\/\/www.youtube.com\/@TalkPal\/\",\"https:\/\/www.tiktok.com\/@talkpal\",\"https:\/\/www.instagram.com\/talkpal_ai\/\",\"https:\/\/www.crunchbase.com\/organization\/talkpal-9cde\",\"https:\/\/www.g2.com\/products\/talkpal-for-business\/\",\"https:\/\/www.trustpilot.com\/review\/talkpal.ai\",\"https:\/\/www.capterra.com\/p\/10006800\/TalkPal\/\"],\"description\":\"Talkpal is a language learning web and mobile education app, powered by the latest AI technologies, that provides engaging experiences to its customers in many different languages to help them improve their language skills. Users can chat about unlimited amount of topics with the app and use other modes to practice their language learning.\",\"email\":\"support@talkpal.ai\",\"legalName\":\"Talkpal, Inc.\",\"foundingDate\":\"2023-04-03\",\"duns\":\"118989042\",\"numberOfEmployees\":{\"@type\":\"QuantitativeValue\",\"minValue\":\"11\",\"maxValue\":\"50\"},\"publishingPrinciples\":\"https:\/\/talkpal.ai\/publishing-principles\/\",\"actionableFeedbackPolicy\":\"https:\/\/talkpal.ai\/actionable-feedback-policy\/\",\"correctionsPolicy\":\"https:\/\/talkpal.ai\/corrections-policy\/\",\"ethicsPolicy\":\"https:\/\/talkpal.ai\/ethics-policy\/\",\"diversityPolicy\":\"https:\/\/talkpal.ai\/diversity-policy\/\",\"diversityStaffingReport\":\"https:\/\/talkpal.ai\/diversity-policy\/\"}]}<\/script>\n<!-- \/ Yoast SEO Premium plugin. -->","yoast_head_json":{"title":"Thai grammatikk - Talkpal","description":"Utforsk den fascinerende verdenen av thailandsk grammatikk. Oppdag enkelheten og de unike funksjonene som gj\u00f8r l\u00e6ring til en forn\u00f8yelse.","robots":{"index":"index","follow":"follow","max-snippet":"max-snippet:-1","max-image-preview":"max-image-preview:large","max-video-preview":"max-video-preview:-1"},"canonical":"https:\/\/talkpal.ai\/no\/thai-grammatikk\/","og_locale":"nb_NO","og_type":"article","og_title":"Thai grammatikk","og_description":"Thai grammatikk: Utforske en unik spr\u00e5klig verden Thai grammatikk - tilsynelatende g\u00e5tefull, eksotisk og fengslende. N\u00e5r du legger ut p\u00e5 reisen din for \u00e5","og_url":"https:\/\/talkpal.ai\/no\/thai-grammatikk\/","og_site_name":"Talkpal","article_publisher":"https:\/\/www.facebook.com\/profile.php?id=100090733639311","article_modified_time":"2025-12-13T15:47:35+00:00","og_image":[{"width":512,"height":512,"url":"https:\/\/talkpal.ai\/wp-content\/uploads\/2023\/05\/thailand.png","type":"image\/png"}],"twitter_card":"summary_large_image","twitter_site":"@talkpalai","twitter_misc":{"Ansl. lesetid":"2 minutter"},"schema":{"@context":"https:\/\/schema.org","@graph":[{"@type":"WebPage","@id":"https:\/\/talkpal.ai\/no\/thai-grammatikk\/","url":"https:\/\/talkpal.ai\/no\/thai-grammatikk\/","name":"Thai grammatikk - Talkpal","isPartOf":{"@id":"https:\/\/talkpal.ai\/no\/#website"},"primaryImageOfPage":{"@id":"https:\/\/talkpal.ai\/no\/thai-grammatikk\/#primaryimage"},"image":{"@id":"https:\/\/talkpal.ai\/no\/thai-grammatikk\/#primaryimage"},"thumbnailUrl":"https:\/\/talkpal.ai\/wp-content\/uploads\/2023\/05\/thailand.png","datePublished":"2023-05-14T14:24:42+00:00","dateModified":"2025-12-13T15:47:35+00:00","description":"Utforsk den fascinerende verdenen av thailandsk grammatikk. Oppdag enkelheten og de unike funksjonene som gj\u00f8r l\u00e6ring til en forn\u00f8yelse.","breadcrumb":{"@id":"https:\/\/talkpal.ai\/no\/thai-grammatikk\/#breadcrumb"},"inLanguage":"nb-NO","potentialAction":[{"@type":"ReadAction","target":["https:\/\/talkpal.ai\/no\/thai-grammatikk\/"]}]},{"@type":"ImageObject","inLanguage":"nb-NO","@id":"https:\/\/talkpal.ai\/no\/thai-grammatikk\/#primaryimage","url":"https:\/\/talkpal.ai\/wp-content\/uploads\/2023\/05\/thailand.png","contentUrl":"https:\/\/talkpal.ai\/wp-content\/uploads\/2023\/05\/thailand.png","width":512,"height":512},{"@type":"BreadcrumbList","@id":"https:\/\/talkpal.ai\/no\/thai-grammatikk\/#breadcrumb","itemListElement":[{"@type":"ListItem","position":1,"name":"Homepage","item":"https:\/\/talkpal.ai\/no\/"},{"@type":"ListItem","position":2,"name":"Thai grammatikk"}]},{"@type":"WebSite","@id":"https:\/\/talkpal.ai\/no\/#website","url":"https:\/\/talkpal.ai\/no\/","name":"Talkpal","description":"AI Language Learning","publisher":{"@id":"https:\/\/talkpal.ai\/no\/#organization"},"alternateName":"Talkpal AI","potentialAction":[{"@type":"SearchAction","target":{"@type":"EntryPoint","urlTemplate":"https:\/\/talkpal.ai\/no\/?s={search_term_string}"},"query-input":{"@type":"PropertyValueSpecification","valueRequired":true,"valueName":"search_term_string"}}],"inLanguage":"nb-NO"},{"@type":"Organization","@id":"https:\/\/talkpal.ai\/no\/#organization","name":"Talkpal, Inc.","alternateName":"Talkpal AI","url":"https:\/\/talkpal.ai\/no\/","logo":{"@type":"ImageObject","inLanguage":"nb-NO","@id":"https:\/\/talkpal.ai\/no\/#\/schema\/logo\/image\/","url":"https:\/\/talkpal.ai\/wp-content\/uploads\/2024\/03\/Talkpal-Logo-Icon.png","contentUrl":"https:\/\/talkpal.ai\/wp-content\/uploads\/2024\/03\/Talkpal-Logo-Icon.png","width":2880,"height":2880,"caption":"Talkpal, Inc."},"image":{"@id":"https:\/\/talkpal.ai\/no\/#\/schema\/logo\/image\/"},"sameAs":["https:\/\/www.facebook.com\/profile.php?id=100090733639311","https:\/\/x.com\/talkpalai","https:\/\/www.linkedin.com\/company\/talkpal\/","https:\/\/www.youtube.com\/@TalkPal\/","https:\/\/www.tiktok.com\/@talkpal","https:\/\/www.instagram.com\/talkpal_ai\/","https:\/\/www.crunchbase.com\/organization\/talkpal-9cde","https:\/\/www.g2.com\/products\/talkpal-for-business\/","https:\/\/www.trustpilot.com\/review\/talkpal.ai","https:\/\/www.capterra.com\/p\/10006800\/TalkPal\/"],"description":"Talkpal is a language learning web and mobile education app, powered by the latest AI technologies, that provides engaging experiences to its customers in many different languages to help them improve their language skills. Users can chat about unlimited amount of topics with the app and use other modes to practice their language learning.","email":"support@talkpal.ai","legalName":"Talkpal, Inc.","foundingDate":"2023-04-03","duns":"118989042","numberOfEmployees":{"@type":"QuantitativeValue","minValue":"11","maxValue":"50"},"publishingPrinciples":"https:\/\/talkpal.ai\/publishing-principles\/","actionableFeedbackPolicy":"https:\/\/talkpal.ai\/actionable-feedback-policy\/","correctionsPolicy":"https:\/\/talkpal.ai\/corrections-policy\/","ethicsPolicy":"https:\/\/talkpal.ai\/ethics-policy\/","diversityPolicy":"https:\/\/talkpal.ai\/diversity-policy\/","diversityStaffingReport":"https:\/\/talkpal.ai\/diversity-policy\/"}]}},"_links":{"self":[{"href":"https:\/\/talkpal.ai\/no\/wp-json\/wp\/v2\/pages\/153505","targetHints":{"allow":["GET"]}}],"collection":[{"href":"https:\/\/talkpal.ai\/no\/wp-json\/wp\/v2\/pages"}],"about":[{"href":"https:\/\/talkpal.ai\/no\/wp-json\/wp\/v2\/types\/page"}],"author":[{"embeddable":true,"href":"https:\/\/talkpal.ai\/no\/wp-json\/wp\/v2\/users\/1"}],"replies":[{"embeddable":true,"href":"https:\/\/talkpal.ai\/no\/wp-json\/wp\/v2\/comments?post=153505"}],"version-history":[{"count":0,"href":"https:\/\/talkpal.ai\/no\/wp-json\/wp\/v2\/pages\/153505\/revisions"}],"wp:featuredmedia":[{"embeddable":true,"href":"https:\/\/talkpal.ai\/no\/wp-json\/wp\/v2\/media\/120735"}],"wp:attachment":[{"href":"https:\/\/talkpal.ai\/no\/wp-json\/wp\/v2\/media?parent=153505"}],"curies":[{"name":"wp","href":"https:\/\/api.w.org\/{rel}","templated":true}]}}