{"id":153034,"date":"2023-05-14T14:23:21","date_gmt":"2023-05-14T14:23:21","guid":{"rendered":"http:\/\/talkpal.ai\/tagalog-grammatikk\/"},"modified":"2025-12-17T15:38:40","modified_gmt":"2025-12-17T15:38:40","slug":"tagalog-grammatikk","status":"publish","type":"page","link":"https:\/\/talkpal.ai\/no\/tagalog-grammatikk\/","title":{"rendered":"Tagalog grammatikk"},"content":{"rendered":"\r\n\r\n\r\n<section class=\"languageChallengeSection\">\r\n    <div class=\"languageInfoWrapper\">\r\n        \r\n        <h1>Tagalog grammatikk<\/h1>\r\n        <p>Gleder du deg til \u00e5 l\u00e6re <a href=\"https:\/\/talkpal.ai\/learn-tagalog\/\">tagalog<\/a>? Utforsk tagalog-grammatikk, der unike verbfokussystemer, fleksibel setningsrekkef\u00f8lge og nyttige partikler skaper et spr\u00e5k som er like uttrykksfullt som det er interessant. Start reisen din n\u00e5 &#8211; \u00e5 mestre tagalog-grammatikk vil gi deg mulighet til \u00e5 kommunisere trygt og fordype deg i den pulserende kulturen p\u00e5 Filippinene!<\/p>\r\n\r\n                            <a class=\"getStartedHidden\" href=\"https:\/\/app.talkpal.ai\/no\/signup?lng=\">Kom i gang<\/a>\r\n        \r\n    <\/div>\r\n\r\n    <figure>\r\n    <img decoding=\"async\" width=\"768\" height=\"768\" src=\"https:\/\/talkpal.ai\/wp-content\/uploads\/2023\/06\/tagalog-768x768.png\" class=\"languageImage no-lazy\" alt=\"Overcoming challenges in language learning\" fetchpriority=\"high\" sizes=\"(max-width: 768px) 150px, 768px\" srcset=\"https:\/\/talkpal.ai\/wp-content\/uploads\/2023\/06\/tagalog-768x768.png 768w, https:\/\/talkpal.ai\/wp-content\/uploads\/2023\/06\/tagalog-300x300.png 300w\" \/>\r\n    \r\n\r\n    <\/figure>\r\n\r\n            <a class=\"getStartedVisible\" href=\"https:\/\/app.talkpal.ai\/no\/signup?lng=\">Kom i gang<\/a>\r\n    \r\n<\/section>\r\n<section class=\"promotionalBanner\">\r\n    <p class=\"promotionalText\">Den mest effektive m\u00e5ten \u00e5 l\u00e6re et spr\u00e5k p\u00e5<\/p>\r\n    <a class=\"promotionalLink\" href=\"https:\/\/app.talkpal.ai\/no\/signup?lng=\">Pr\u00f8v Talkpal gratis<\/a>\r\n<\/section>\n<div class=\"wp-block-group pageContainerStyle\"><div class=\"wp-block-group__inner-container is-layout-constrained wp-block-group-is-layout-constrained\">\n<h1 class=\"wp-block-heading\" id=\"h-tagalog-grammar-get-to-know-the-heart-of-filipino-language\">Tagalog grammatikk: Bli kjent med hjertet av filippinsk spr\u00e5k<\/h1>\n\n\n\n<p>Tagalog, grunnlaget for nasjonalspr\u00e5ket p\u00e5 Filippinene, filippinsk, snakkes av millioner av mennesker over hele verden. For \u00e5 l\u00e6re Tagalog, m\u00e5 du f\u00f8rst forst\u00e5 den intrikate og fascinerende grammatikken. I denne artikkelen vil vi fordype <a href=\"https:\/\/talkpal.ai\/locations\/language-courses-in-oss\/\">oss<\/a> i de essensielle aspektene ved tagalog <a href=\"https:\/\/talkpal.ai\/grammar\/\">grammatikk<\/a>, og hjelpe deg \u00e5 sette pris p\u00e5 dette vakre spr\u00e5ket p\u00e5 en samtalevennlig og vennlig m\u00e5te.<\/p>\n\n\n\n<h3 class=\"wp-block-heading\" id=\"h-1-nouns-genderless-countable-and-uncountable\">1. Substantiv \u2013 Kj\u00f8nnsl\u00f8se, Tellelige og Utellelige<\/h3>\n\n\n\n<p>I tagalog er ikke substantiv (pangngalan) kategorisert etter kj\u00f8nn, noe som gj\u00f8r det enklere \u00e5 administrere enn noen andre spr\u00e5k. Vanlige substantiv refererer til mennesker, dyr, steder, ting eller ideer, med egennavn som angir spesifikke navn. Du vil st\u00f8te p\u00e5 b\u00e5de tellbare (tahanan, som betyr &laquo;hus&raquo;) og utellbare substantiv (tubig, som betyr &laquo;vann&raquo;). Substantiver kan ogs\u00e5 gj\u00f8res om til flertallsformer ved \u00e5 legge til spesifikke mark\u00f8rer som &laquo;mga&raquo;.<\/p>\n\n\n\n<h3 class=\"wp-block-heading\" id=\"h-2-adjectives-describing-with-flair\">2. Adjektiver \u2013 Beskriver med teft<\/h3>\n\n\n\n<p>Adjektiver (pang-uri) gir mer informasjon om substantiver, med flere m\u00e5ter \u00e5 bruke adjektiver p\u00e5 i tagalog. Sammenligning av substantiv gj\u00f8res ved hjelp av adjektiver ved \u00e5 bruke mark\u00f8rene &laquo;mas&raquo; og &laquo;pinaka&raquo; for \u00e5 lage komparative og superlative grader. For eksempel betyr &laquo;maganda&raquo; &laquo;vakker&raquo;, mens &laquo;mas maganda&raquo; betyr &laquo;vakrere&raquo; og &laquo;pinakamaganda&raquo; betyr &laquo;den vakreste&raquo;.<\/p>\n\n\n\n<h3 class=\"wp-block-heading\" id=\"h-3-pronouns-keeping-it-personal\">3. Pronomen \u2013 holde det personlig<\/h3>\n\n\n\n<p>Tagalog grammatikk best\u00e5r av personlige, besittende, demonstrative, sp\u00f8rrende og relative pronomen. Personlige pronomen kommer i tre tilfeller: nominativ (angir subjektet), genitiv (angir besittelse) og akkusativ (angir objektet). Demonstrative pronomen, som &laquo;ito&raquo; (dette) og &laquo;iyan&raquo; (det), brukes til \u00e5 peke p\u00e5 bestemte ting, mens interrogative pronomen brukes til \u00e5 stille sp\u00f8rsm\u00e5l.<\/p>\n\n\n\n<h3 class=\"wp-block-heading\" id=\"h-4-verbs-conjugation-and-focus\">4. Verb \u2013 B\u00f8ying og fokus<\/h3>\n\n\n\n<p>Tagalogverb (pandiwa) spiller en viktig rolle i setningskonstruksjon, og deres b\u00f8ying er distinkt. I stedet for anspente endringer involverer verbb\u00f8yninger i tagalog aspektendringer. Det er tre verbaspekter: fullf\u00f8rt (perfektiv), ufullf\u00f8rt (imperfektiv) og overveid (fremtid).  <\/p>\n\n\n\n<p>Dessuten har Tagalog et unikt fokussystem knyttet til verb. I dette systemet endres verbformen avhengig av hvilken del av setningen som er fokusert p\u00e5, for eksempel objektet, subjektet eller handlingens retning. N\u00f8kkelmark\u00f8rer som &laquo;um-&laquo;, &laquo;mag-&raquo; og &laquo;-in&raquo; bidrar til \u00e5 formidle ulike nyanser i setninger.<\/p>\n\n\n\n<h3 class=\"wp-block-heading\" id=\"h-5-embracing-the-journey\">5. Omfavne reisen<\/h3>\n\n\n\n<p>\u00c5 l\u00e6re tagalog grammatikk krever tid, innsats og et snev av t\u00e5lmodighet. Imidlertid gir dens unikhet, n\u00e5r den f\u00f8rst er mestret, enest\u00e5ende innsikt i filippinsk kultur og arv. Ha et \u00e5pent sinn, \u00f8v konsekvent, og ikke v\u00e6r redd for \u00e5 gj\u00f8re feil mens du snakker.<\/p>\n\n\n\n<p>N\u00e5r du dykker dypere ned i tagalog-grammatikkens nyanser, b\u00f8r du ta deg tid til \u00e5 nyte den livlige og rike grammatikken. Nyt din forst\u00e5else av kompleksiteten som gj\u00f8r dette spr\u00e5ket virkelig eksepsjonelt. Maligayang pag-aaral\u2014lykkelig <a href=\"https:\/\/talkpal.ai\/da\/laering\/\">l\u00e6ring<\/a>!<\/p>\n<\/div><\/div>\n\r\n<section class=\"learnNavigationSection\">\r\n            \r\n        <a href=\"https:\/\/talkpal.ai\/no\/laer-tagalog\/\">\r\n            <div class=\"learnNavigationWrapper\">\r\n                <div class=\"learnNavigationContent\">\r\n                    <img decoding=\"async\" src=\"https:\/\/talkpal.ai\/wp-content\/uploads\/2024\/08\/Tagalog.jpg\" alt=\"Philippines Flag\">\r\n                    <div>\r\n                        <h4>Om Tagalog Learning<\/h4>\r\n                        <p>Finn ut alt om tagalog grammatikk.<\/p>\r\n                    <\/div>\r\n                <\/div>\r\n            <\/div>\r\n        <\/a>\r\n\r\n        \r\n        <a href=\"https:\/\/talkpal.ai\/no\/tagalog-grammatikkovelser\/\">\r\n            <div class=\"learnNavigationWrapper\">\r\n                <div class=\"learnNavigationContent\">\r\n                    <img decoding=\"async\" src=\"https:\/\/talkpal.ai\/wp-content\/uploads\/2024\/08\/Tagalog.jpg\" alt=\"Philippines Flag\">\r\n                    <div>\r\n                        <h4>Tagalog grammatikk\u00f8velse<\/h4>\r\n                        <p>\u00d8v tagalog grammatikk.<\/p>\r\n                    <\/div>\r\n                <\/div>\r\n            <\/div>\r\n        <\/a>\r\n\r\n        \r\n        <a href=\"https:\/\/talkpal.ai\/vocabulary_language\/tagalog\/\">\r\n            <div class=\"learnNavigationWrapper\">\r\n                <div class=\"learnNavigationContent\">\r\n                    <img decoding=\"async\" src=\"https:\/\/talkpal.ai\/wp-content\/uploads\/2024\/08\/Tagalog.jpg\" alt=\"Philippines Flag\">\r\n                    <div>\r\n                        <h4>Tagalog ordforr\u00e5d<\/h4>\r\n                        <p>Utvid ordforr\u00e5det ditt p\u00e5 tagalog.<\/p>\r\n                    <\/div>\r\n                <\/div>\r\n            <\/div>\r\n        <\/a>\r\n\r\n            <\/section>","protected":false},"excerpt":{"rendered":"<p>Tagalog grammatikk: Bli kjent med hjertet av filippinsk spr\u00e5k Tagalog, grunnlaget for nasjonalspr\u00e5ket p\u00e5 Filippinene, filippinsk, snakkes av millioner av mennesker over hele verden. For \u00e5 l\u00e6re Tagalog, m\u00e5 du f\u00f8rst forst\u00e5 den intrikate og fascinerende grammatikken. I denne artikkelen vil vi fordype oss i de essensielle aspektene ved tagalog grammatikk, og hjelpe deg \u00e5 [&hellip;]<\/p>\n","protected":false},"author":1,"featured_media":119969,"parent":0,"menu_order":0,"comment_status":"closed","ping_status":"closed","template":"LearningContentPage.php","meta":{"_acf_changed":false,"footnotes":""},"class_list":["post-153034","page","type-page","status-publish","has-post-thumbnail","hentry"],"acf":[],"yoast_head":"<!-- This site is optimized with the Yoast SEO Premium plugin v27.2 (Yoast SEO v27.2) - https:\/\/yoast.com\/product\/yoast-seo-premium-wordpress\/ -->\n<title>Tagalog grammatikk - Talkpal<\/title>\n<meta name=\"description\" content=\"Utforsk grunnleggende grammatikk p\u00e5 tagalog og l\u00e6r hvordan du kan sette pris p\u00e5 dette vakre spr\u00e5ket p\u00e5 en enkel og vennlig m\u00e5te.\" \/>\n<meta name=\"robots\" content=\"index, follow, max-snippet:-1, max-image-preview:large, max-video-preview:-1\" \/>\n<link rel=\"canonical\" href=\"https:\/\/talkpal.ai\/no\/tagalog-grammatikk\/\" \/>\n<meta property=\"og:locale\" content=\"nb_NO\" \/>\n<meta property=\"og:type\" content=\"article\" \/>\n<meta property=\"og:title\" content=\"Tagalog grammatikk\" \/>\n<meta property=\"og:description\" content=\"Tagalog grammatikk: Bli kjent med hjertet av filippinsk spr\u00e5k Tagalog, grunnlaget for nasjonalspr\u00e5ket p\u00e5 Filippinene, filippinsk, snakkes av millioner av\" \/>\n<meta property=\"og:url\" content=\"https:\/\/talkpal.ai\/no\/tagalog-grammatikk\/\" \/>\n<meta property=\"og:site_name\" content=\"Talkpal\" \/>\n<meta property=\"article:publisher\" content=\"https:\/\/www.facebook.com\/profile.php?id=100090733639311\" \/>\n<meta property=\"article:modified_time\" content=\"2025-12-17T15:38:40+00:00\" \/>\n<meta property=\"og:image\" content=\"https:\/\/talkpal.ai\/wp-content\/uploads\/2023\/05\/Tagalog-philippines.png\" \/>\n\t<meta property=\"og:image:width\" content=\"512\" \/>\n\t<meta property=\"og:image:height\" content=\"512\" \/>\n\t<meta property=\"og:image:type\" content=\"image\/png\" \/>\n<meta name=\"twitter:card\" content=\"summary_large_image\" \/>\n<meta name=\"twitter:site\" content=\"@talkpalai\" \/>\n<meta name=\"twitter:label1\" content=\"Ansl. lesetid\" \/>\n\t<meta name=\"twitter:data1\" content=\"2 minutter\" \/>\n<script type=\"application\/ld+json\" class=\"yoast-schema-graph\">{\"@context\":\"https:\/\/schema.org\",\"@graph\":[{\"@type\":\"WebPage\",\"@id\":\"https:\/\/talkpal.ai\/no\/tagalog-grammatikk\/\",\"url\":\"https:\/\/talkpal.ai\/no\/tagalog-grammatikk\/\",\"name\":\"Tagalog grammatikk - Talkpal\",\"isPartOf\":{\"@id\":\"https:\/\/talkpal.ai\/no\/#website\"},\"primaryImageOfPage\":{\"@id\":\"https:\/\/talkpal.ai\/no\/tagalog-grammatikk\/#primaryimage\"},\"image\":{\"@id\":\"https:\/\/talkpal.ai\/no\/tagalog-grammatikk\/#primaryimage\"},\"thumbnailUrl\":\"https:\/\/talkpal.ai\/wp-content\/uploads\/2023\/05\/Tagalog-philippines.png\",\"datePublished\":\"2023-05-14T14:23:21+00:00\",\"dateModified\":\"2025-12-17T15:38:40+00:00\",\"description\":\"Utforsk grunnleggende grammatikk p\u00e5 tagalog og l\u00e6r hvordan du kan sette pris p\u00e5 dette vakre spr\u00e5ket p\u00e5 en enkel og vennlig m\u00e5te.\",\"breadcrumb\":{\"@id\":\"https:\/\/talkpal.ai\/no\/tagalog-grammatikk\/#breadcrumb\"},\"inLanguage\":\"nb-NO\",\"potentialAction\":[{\"@type\":\"ReadAction\",\"target\":[\"https:\/\/talkpal.ai\/no\/tagalog-grammatikk\/\"]}]},{\"@type\":\"ImageObject\",\"inLanguage\":\"nb-NO\",\"@id\":\"https:\/\/talkpal.ai\/no\/tagalog-grammatikk\/#primaryimage\",\"url\":\"https:\/\/talkpal.ai\/wp-content\/uploads\/2023\/05\/Tagalog-philippines.png\",\"contentUrl\":\"https:\/\/talkpal.ai\/wp-content\/uploads\/2023\/05\/Tagalog-philippines.png\",\"width\":512,\"height\":512},{\"@type\":\"BreadcrumbList\",\"@id\":\"https:\/\/talkpal.ai\/no\/tagalog-grammatikk\/#breadcrumb\",\"itemListElement\":[{\"@type\":\"ListItem\",\"position\":1,\"name\":\"Homepage\",\"item\":\"https:\/\/talkpal.ai\/no\/\"},{\"@type\":\"ListItem\",\"position\":2,\"name\":\"Tagalog grammatikk\"}]},{\"@type\":\"WebSite\",\"@id\":\"https:\/\/talkpal.ai\/no\/#website\",\"url\":\"https:\/\/talkpal.ai\/no\/\",\"name\":\"Talkpal\",\"description\":\"AI Language Learning\",\"publisher\":{\"@id\":\"https:\/\/talkpal.ai\/no\/#organization\"},\"alternateName\":\"Talkpal AI\",\"potentialAction\":[{\"@type\":\"SearchAction\",\"target\":{\"@type\":\"EntryPoint\",\"urlTemplate\":\"https:\/\/talkpal.ai\/no\/?s={search_term_string}\"},\"query-input\":{\"@type\":\"PropertyValueSpecification\",\"valueRequired\":true,\"valueName\":\"search_term_string\"}}],\"inLanguage\":\"nb-NO\"},{\"@type\":\"Organization\",\"@id\":\"https:\/\/talkpal.ai\/no\/#organization\",\"name\":\"Talkpal, Inc.\",\"alternateName\":\"Talkpal AI\",\"url\":\"https:\/\/talkpal.ai\/no\/\",\"logo\":{\"@type\":\"ImageObject\",\"inLanguage\":\"nb-NO\",\"@id\":\"https:\/\/talkpal.ai\/no\/#\/schema\/logo\/image\/\",\"url\":\"https:\/\/talkpal.ai\/wp-content\/uploads\/2024\/03\/Talkpal-Logo-Icon.png\",\"contentUrl\":\"https:\/\/talkpal.ai\/wp-content\/uploads\/2024\/03\/Talkpal-Logo-Icon.png\",\"width\":2880,\"height\":2880,\"caption\":\"Talkpal, Inc.\"},\"image\":{\"@id\":\"https:\/\/talkpal.ai\/no\/#\/schema\/logo\/image\/\"},\"sameAs\":[\"https:\/\/www.facebook.com\/profile.php?id=100090733639311\",\"https:\/\/x.com\/talkpalai\",\"https:\/\/www.linkedin.com\/company\/talkpal\/\",\"https:\/\/www.youtube.com\/@TalkPal\/\",\"https:\/\/www.tiktok.com\/@talkpal\",\"https:\/\/www.instagram.com\/talkpal_ai\/\",\"https:\/\/www.crunchbase.com\/organization\/talkpal-9cde\",\"https:\/\/www.g2.com\/products\/talkpal-for-business\/\",\"https:\/\/www.trustpilot.com\/review\/talkpal.ai\",\"https:\/\/www.capterra.com\/p\/10006800\/TalkPal\/\"],\"description\":\"Talkpal is a language learning web and mobile education app, powered by the latest AI technologies, that provides engaging experiences to its customers in many different languages to help them improve their language skills. Users can chat about unlimited amount of topics with the app and use other modes to practice their language learning.\",\"email\":\"support@talkpal.ai\",\"legalName\":\"Talkpal, Inc.\",\"foundingDate\":\"2023-04-03\",\"duns\":\"118989042\",\"numberOfEmployees\":{\"@type\":\"QuantitativeValue\",\"minValue\":\"11\",\"maxValue\":\"50\"},\"publishingPrinciples\":\"https:\/\/talkpal.ai\/publishing-principles\/\",\"actionableFeedbackPolicy\":\"https:\/\/talkpal.ai\/actionable-feedback-policy\/\",\"correctionsPolicy\":\"https:\/\/talkpal.ai\/corrections-policy\/\",\"ethicsPolicy\":\"https:\/\/talkpal.ai\/ethics-policy\/\",\"diversityPolicy\":\"https:\/\/talkpal.ai\/diversity-policy\/\",\"diversityStaffingReport\":\"https:\/\/talkpal.ai\/diversity-policy\/\"}]}<\/script>\n<!-- \/ Yoast SEO Premium plugin. -->","yoast_head_json":{"title":"Tagalog grammatikk - Talkpal","description":"Utforsk grunnleggende grammatikk p\u00e5 tagalog og l\u00e6r hvordan du kan sette pris p\u00e5 dette vakre spr\u00e5ket p\u00e5 en enkel og vennlig m\u00e5te.","robots":{"index":"index","follow":"follow","max-snippet":"max-snippet:-1","max-image-preview":"max-image-preview:large","max-video-preview":"max-video-preview:-1"},"canonical":"https:\/\/talkpal.ai\/no\/tagalog-grammatikk\/","og_locale":"nb_NO","og_type":"article","og_title":"Tagalog grammatikk","og_description":"Tagalog grammatikk: Bli kjent med hjertet av filippinsk spr\u00e5k Tagalog, grunnlaget for nasjonalspr\u00e5ket p\u00e5 Filippinene, filippinsk, snakkes av millioner av","og_url":"https:\/\/talkpal.ai\/no\/tagalog-grammatikk\/","og_site_name":"Talkpal","article_publisher":"https:\/\/www.facebook.com\/profile.php?id=100090733639311","article_modified_time":"2025-12-17T15:38:40+00:00","og_image":[{"width":512,"height":512,"url":"https:\/\/talkpal.ai\/wp-content\/uploads\/2023\/05\/Tagalog-philippines.png","type":"image\/png"}],"twitter_card":"summary_large_image","twitter_site":"@talkpalai","twitter_misc":{"Ansl. lesetid":"2 minutter"},"schema":{"@context":"https:\/\/schema.org","@graph":[{"@type":"WebPage","@id":"https:\/\/talkpal.ai\/no\/tagalog-grammatikk\/","url":"https:\/\/talkpal.ai\/no\/tagalog-grammatikk\/","name":"Tagalog grammatikk - Talkpal","isPartOf":{"@id":"https:\/\/talkpal.ai\/no\/#website"},"primaryImageOfPage":{"@id":"https:\/\/talkpal.ai\/no\/tagalog-grammatikk\/#primaryimage"},"image":{"@id":"https:\/\/talkpal.ai\/no\/tagalog-grammatikk\/#primaryimage"},"thumbnailUrl":"https:\/\/talkpal.ai\/wp-content\/uploads\/2023\/05\/Tagalog-philippines.png","datePublished":"2023-05-14T14:23:21+00:00","dateModified":"2025-12-17T15:38:40+00:00","description":"Utforsk grunnleggende grammatikk p\u00e5 tagalog og l\u00e6r hvordan du kan sette pris p\u00e5 dette vakre spr\u00e5ket p\u00e5 en enkel og vennlig m\u00e5te.","breadcrumb":{"@id":"https:\/\/talkpal.ai\/no\/tagalog-grammatikk\/#breadcrumb"},"inLanguage":"nb-NO","potentialAction":[{"@type":"ReadAction","target":["https:\/\/talkpal.ai\/no\/tagalog-grammatikk\/"]}]},{"@type":"ImageObject","inLanguage":"nb-NO","@id":"https:\/\/talkpal.ai\/no\/tagalog-grammatikk\/#primaryimage","url":"https:\/\/talkpal.ai\/wp-content\/uploads\/2023\/05\/Tagalog-philippines.png","contentUrl":"https:\/\/talkpal.ai\/wp-content\/uploads\/2023\/05\/Tagalog-philippines.png","width":512,"height":512},{"@type":"BreadcrumbList","@id":"https:\/\/talkpal.ai\/no\/tagalog-grammatikk\/#breadcrumb","itemListElement":[{"@type":"ListItem","position":1,"name":"Homepage","item":"https:\/\/talkpal.ai\/no\/"},{"@type":"ListItem","position":2,"name":"Tagalog grammatikk"}]},{"@type":"WebSite","@id":"https:\/\/talkpal.ai\/no\/#website","url":"https:\/\/talkpal.ai\/no\/","name":"Talkpal","description":"AI Language Learning","publisher":{"@id":"https:\/\/talkpal.ai\/no\/#organization"},"alternateName":"Talkpal AI","potentialAction":[{"@type":"SearchAction","target":{"@type":"EntryPoint","urlTemplate":"https:\/\/talkpal.ai\/no\/?s={search_term_string}"},"query-input":{"@type":"PropertyValueSpecification","valueRequired":true,"valueName":"search_term_string"}}],"inLanguage":"nb-NO"},{"@type":"Organization","@id":"https:\/\/talkpal.ai\/no\/#organization","name":"Talkpal, Inc.","alternateName":"Talkpal AI","url":"https:\/\/talkpal.ai\/no\/","logo":{"@type":"ImageObject","inLanguage":"nb-NO","@id":"https:\/\/talkpal.ai\/no\/#\/schema\/logo\/image\/","url":"https:\/\/talkpal.ai\/wp-content\/uploads\/2024\/03\/Talkpal-Logo-Icon.png","contentUrl":"https:\/\/talkpal.ai\/wp-content\/uploads\/2024\/03\/Talkpal-Logo-Icon.png","width":2880,"height":2880,"caption":"Talkpal, Inc."},"image":{"@id":"https:\/\/talkpal.ai\/no\/#\/schema\/logo\/image\/"},"sameAs":["https:\/\/www.facebook.com\/profile.php?id=100090733639311","https:\/\/x.com\/talkpalai","https:\/\/www.linkedin.com\/company\/talkpal\/","https:\/\/www.youtube.com\/@TalkPal\/","https:\/\/www.tiktok.com\/@talkpal","https:\/\/www.instagram.com\/talkpal_ai\/","https:\/\/www.crunchbase.com\/organization\/talkpal-9cde","https:\/\/www.g2.com\/products\/talkpal-for-business\/","https:\/\/www.trustpilot.com\/review\/talkpal.ai","https:\/\/www.capterra.com\/p\/10006800\/TalkPal\/"],"description":"Talkpal is a language learning web and mobile education app, powered by the latest AI technologies, that provides engaging experiences to its customers in many different languages to help them improve their language skills. Users can chat about unlimited amount of topics with the app and use other modes to practice their language learning.","email":"support@talkpal.ai","legalName":"Talkpal, Inc.","foundingDate":"2023-04-03","duns":"118989042","numberOfEmployees":{"@type":"QuantitativeValue","minValue":"11","maxValue":"50"},"publishingPrinciples":"https:\/\/talkpal.ai\/publishing-principles\/","actionableFeedbackPolicy":"https:\/\/talkpal.ai\/actionable-feedback-policy\/","correctionsPolicy":"https:\/\/talkpal.ai\/corrections-policy\/","ethicsPolicy":"https:\/\/talkpal.ai\/ethics-policy\/","diversityPolicy":"https:\/\/talkpal.ai\/diversity-policy\/","diversityStaffingReport":"https:\/\/talkpal.ai\/diversity-policy\/"}]}},"_links":{"self":[{"href":"https:\/\/talkpal.ai\/no\/wp-json\/wp\/v2\/pages\/153034","targetHints":{"allow":["GET"]}}],"collection":[{"href":"https:\/\/talkpal.ai\/no\/wp-json\/wp\/v2\/pages"}],"about":[{"href":"https:\/\/talkpal.ai\/no\/wp-json\/wp\/v2\/types\/page"}],"author":[{"embeddable":true,"href":"https:\/\/talkpal.ai\/no\/wp-json\/wp\/v2\/users\/1"}],"replies":[{"embeddable":true,"href":"https:\/\/talkpal.ai\/no\/wp-json\/wp\/v2\/comments?post=153034"}],"version-history":[{"count":0,"href":"https:\/\/talkpal.ai\/no\/wp-json\/wp\/v2\/pages\/153034\/revisions"}],"wp:featuredmedia":[{"embeddable":true,"href":"https:\/\/talkpal.ai\/no\/wp-json\/wp\/v2\/media\/119969"}],"wp:attachment":[{"href":"https:\/\/talkpal.ai\/no\/wp-json\/wp\/v2\/media?parent=153034"}],"curies":[{"name":"wp","href":"https:\/\/api.w.org\/{rel}","templated":true}]}}