{"id":152593,"date":"2023-05-14T14:23:00","date_gmt":"2023-05-14T14:23:00","guid":{"rendered":"http:\/\/talkpal.ai\/vietnamesisk-grammatikk\/"},"modified":"2025-12-12T10:55:32","modified_gmt":"2025-12-12T10:55:32","slug":"vietnamesisk-grammatikk","status":"publish","type":"page","link":"https:\/\/talkpal.ai\/no\/vietnamesisk-grammatikk\/","title":{"rendered":"vietnamesisk grammatikk"},"content":{"rendered":"\r\n\r\n\r\n<section class=\"languageChallengeSection\">\r\n    <div class=\"languageInfoWrapper\">\r\n        \r\n        <h1>vietnamesisk grammatikk<\/h1>\r\n        <p><a href=\"https:\/\/talkpal.ai\/vietnamese-grammar\/\">Vietnamesisk grammatikk<\/a> er kjent for sin enkelhet og logiske struktur, noe som gj\u00f8r den <a href=\"https:\/\/talkpal.ai\/learn-latvian\/\">lett<\/a> tilgjengelig for nye elever. Med et romanisert alfabet, ingen verbb\u00f8yninger og minimal bruk av flertall, kan elevene raskt fokusere p\u00e5 \u00e5 bygge opp ordforr\u00e5d og samtaleferdigheter. \u00c5 utforske <a href=\"https:\/\/talkpal.ai\/learn-vietnamese\/\">vietnamesisk<\/a> handler ikke bare om \u00e5 l\u00e6re seg spr\u00e5ket &#8211; det \u00e5pner ogs\u00e5 et vindu inn til landets rike kultur og historie.<\/p>\r\n\r\n                            <a class=\"getStartedHidden\" href=\"https:\/\/app.talkpal.ai\/no\/signup?lng=\">Kom i gang<\/a>\r\n        \r\n    <\/div>\r\n\r\n    <figure>\r\n    <img decoding=\"async\" width=\"768\" height=\"768\" src=\"https:\/\/talkpal.ai\/wp-content\/uploads\/2023\/06\/vietnamese-768x768.png\" class=\"languageImage no-lazy\" alt=\"Language learning for extensive cultural knowledge\" fetchpriority=\"high\" sizes=\"(max-width: 768px) 150px, 768px\" srcset=\"https:\/\/talkpal.ai\/wp-content\/uploads\/2023\/06\/vietnamese-768x768.png 768w, https:\/\/talkpal.ai\/wp-content\/uploads\/2023\/06\/vietnamese-300x300.png 300w\" \/>\r\n    \r\n\r\n    <\/figure>\r\n\r\n            <a class=\"getStartedVisible\" href=\"https:\/\/app.talkpal.ai\/no\/signup?lng=\">Kom i gang<\/a>\r\n    \r\n<\/section>\r\n<section class=\"promotionalBanner\">\r\n    <p class=\"promotionalText\">Den mest effektive m\u00e5ten \u00e5 l\u00e6re et spr\u00e5k p\u00e5<\/p>\r\n    <a class=\"promotionalLink\" href=\"https:\/\/app.talkpal.ai\/no\/signup?lng=\">Pr\u00f8v Talkpal gratis<\/a>\r\n<\/section>\n<div class=\"wp-block-group pageContainerStyle\"><div class=\"wp-block-group__inner-container is-layout-constrained wp-block-group-is-layout-constrained\">\n<h2 class=\"wp-block-heading\" id=\"h-the-intricacies-of-vietnamese-grammar-an-engaging-exploration\">Forviklingene ved vietnamesisk grammatikk: en engasjerende utforskning<\/h2>\n\n\n\n<p>Det vietnamesiske spr\u00e5ket, med sine dype historiske r\u00f8tter og unike kulturelle bakteppe, tilbyr et fristende eventyr for b\u00e5de lingvister og spr\u00e5kl\u00e6rere. Mens <a href=\"https:\/\/talkpal.ai\/learn-vietnamese\/\">vietnamesisk<\/a> <a href=\"https:\/\/talkpal.ai\/grammar\/\">grammatikk<\/a> i utgangspunktet kan dukke opp som en utfordring, baner dens enkle logikk og konsistens vei for en spennende l\u00e6ringsopplevelse. S\u00e5 forbered deg p\u00e5 en spennende spr\u00e5kreise mens vi fordyper <a href=\"https:\/\/talkpal.ai\/locations\/language-courses-in-oss\/\">oss<\/a> i s\u00e6regenhetene til vietnamesisk grammatikk.<\/p>\n\n\n\n<h3 class=\"wp-block-heading\" id=\"h-1-the-alphabet-a-gift-from-the-past\">1. Alfabetet: En gave fra fortiden<\/h3>\n\n\n\n<p>Det vietnamesiske alfabetet, som best\u00e5r av 29 bokstaver, stammer hovedsakelig fra det latinske skriften, med <a href=\"https:\/\/talkpal.ai\/learn-portuguese\/\">portugisisk<\/a> og <a href=\"https:\/\/talkpal.ai\/learn-french\/\">fransk<\/a> begynnelse. Takket v\u00e6re Qu\u1ed1c Ng\u1eef-skriftet har overgangen til et romanisert skrift gjort alfabetet kjent og lett tilgjengelig for andre latinbaserte spr\u00e5k. Dette gir en jevn inngang for nybegynnere til \u00e5 fokusere p\u00e5 de unike lydene og uttalen til spr\u00e5ket.<\/p>\n\n\n\n<h3 class=\"wp-block-heading\" id=\"h-2-tones-vietnamese-s-musical-notation\">2. Toner: Vietnamesisk musikknotasjon<\/h3>\n\n\n\n<p>Vietnamesisk er et tonespr\u00e5k, med seks karakteristiske toner som endrer betydningen av et ord ved bruk av forskjellige diakritiske tegn. \u00c5 beherske disse tonene kan v\u00e6re utfordrende, men det tilf\u00f8rer musikalitet og nyanser til spr\u00e5ket som gj\u00f8r det enda mer fengslende. T\u00e5lmodighet og \u00f8velse vil gj\u00f8re det perfekt, slik at du fullt ut kan sette pris p\u00e5 den melodiske skj\u00f8nnheten til vietnamesisk.<\/p>\n\n\n\n<h3 class=\"wp-block-heading\" id=\"h-3-word-order-unraveling-the-vietnamese-sentence-structure\">3. Ordrekkef\u00f8lge: \u00c5 n\u00f8ste opp den vietnamesiske setningsstrukturen<\/h3>\n\n\n\n<p>Heldigvis er vietnamesisk ordrekkef\u00f8lge ganske enkel, etter det velkjente Subject-Verb-Object (SVO)-formatet. Denne tilgjengelige strukturen gj\u00f8r det lettere for <a href=\"https:\/\/talkpal.ai\/english-speaking-course\/\">engelsktalende<\/a> \u00e5 lage setninger p\u00e5 vietnamesisk uten \u00e5 oppleve et stort skifte i spr\u00e5kvitenskapen. Ta eksempelet &laquo;T\u00f4i y\u00eau Vi\u1ec7t Nam!&raquo; (Jeg elsker Vietnam!). (Jeg elsker Vietnam!), der begge spr\u00e5k har parallelle konstruksjoner.<\/p>\n\n\n\n<h3 class=\"wp-block-heading\" id=\"h-4-no-more-plural-nouns-or-verb-conjugations\">4. Ingen flere substantiver eller verb-konjugasjoner i flertall<\/h3>\n\n\n\n<p>P\u00e5 vietnamesisk endrer ikke substantiver form for \u00e5 indikere flertall, og verb forblir konsekvente uavhengig av tid eller emne. Selv om dette kan virke forvirrende i begynnelsen, forenkler det innl\u00e6ringen av grammatikkregler betydelig. I stedet tydeliggj\u00f8r kontekst og bruk av tilleggsord betydningen av setningen. S\u00e5 pust lettet ut mens du sier farvel til bryet med b\u00f8ying.<\/p>\n\n\n\n<h3 class=\"wp-block-heading\" id=\"h-5-immerse-yourself-in-the-vietnamese-mindset\">5. Fordyp deg i den vietnamesiske tankegangen<\/h3>\n\n\n\n<p>\u00c5 l\u00e6re vietnamesisk handler ikke bare om \u00e5 beherske grammatikken &#8211; det handler ogs\u00e5 om \u00e5 ta inn over seg den kulturelle, historiske og sosiale konteksten som har formet spr\u00e5ket. Ta kontakt med personer som har vietnamesisk som morsm\u00e5l, utforsk vietnamesisk litteratur og kunst, og pr\u00f8v \u00e5 f\u00e5 kontakt med landets verdier og skikker. Denne helhetlige tiln\u00e6rmingen vil ikke bare forbedre spr\u00e5kferdighetene dine, men ogs\u00e5 utdype forst\u00e5elsen av den mangefasetterte skj\u00f8nnheten i Vietnam.<\/p>\n\n\n\n<h3 class=\"wp-block-heading\" id=\"h-in-conclusion-relish-the-charm-of-vietnamese-grammar\">Avslutningsvis: Nyt sjarmen til vietnamesisk grammatikk<\/h3>\n\n\n\n<p>Selv om vietnamesisk grammatikk kan virke forvirrende p\u00e5 overflaten, inviterer dens fascinerende struktur og iboende enkelhet elever til \u00e5 legge ut p\u00e5 en givende spr\u00e5klig reise. N\u00e5r du dykker ned i vietnamesisk, vil du forundres over grammatikkens eleganse og skj\u00f8nnhet og den rike kulturelle veven som har formet spr\u00e5ket gjennom \u00e5rhundrer. S\u00e5 fortsett og utforsk underverkene til vietnamesisk grammatikk mens du navigerer i det spr\u00e5klige landskapet til dette fortryllende spr\u00e5ket.<\/p>\n<\/div><\/div>\n\r\n<section class=\"learnNavigationSection\">\r\n            \r\n        <a href=\"https:\/\/talkpal.ai\/no\/laer-vietnamesisk\/\">\r\n            <div class=\"learnNavigationWrapper\">\r\n                <div class=\"learnNavigationContent\">\r\n                    <img decoding=\"async\" src=\"https:\/\/talkpal.ai\/wp-content\/uploads\/2024\/08\/Vietnamese.jpg\" alt=\"Vietnamise Flag\">\r\n                    <div>\r\n                        <h4>Om \u00e5 l\u00e6re vietnamesisk<\/h4>\r\n                        <p>Finn ut alt om vietnamesisk grammatikk.<\/p>\r\n                    <\/div>\r\n                <\/div>\r\n            <\/div>\r\n        <\/a>\r\n\r\n        \r\n        <a href=\"https:\/\/talkpal.ai\/no\/vietnamesisk-grammatikkovelser\/\">\r\n            <div class=\"learnNavigationWrapper\">\r\n                <div class=\"learnNavigationContent\">\r\n                    <img decoding=\"async\" src=\"https:\/\/talkpal.ai\/wp-content\/uploads\/2024\/08\/Vietnamese.jpg\" alt=\"Vietnamise Flag\">\r\n                    <div>\r\n                        <h4>\u00d8velse i vietnamesisk grammatikk<\/h4>\r\n                        <p>\u00d8v p\u00e5 vietnamesisk grammatikk.<\/p>\r\n                    <\/div>\r\n                <\/div>\r\n            <\/div>\r\n        <\/a>\r\n\r\n        \r\n        <a href=\"https:\/\/talkpal.ai\/vocabulary_language\/vietnamese\/\">\r\n            <div class=\"learnNavigationWrapper\">\r\n                <div class=\"learnNavigationContent\">\r\n                    <img decoding=\"async\" src=\"https:\/\/talkpal.ai\/wp-content\/uploads\/2024\/08\/Vietnamese.jpg\" alt=\"Vietnamise Flag\">\r\n                    <div>\r\n                        <h4>Vietnamesisk ordforr\u00e5d<\/h4>\r\n                        <p>Utvid det vietnamesiske ordforr\u00e5det ditt.<\/p>\r\n                    <\/div>\r\n                <\/div>\r\n            <\/div>\r\n        <\/a>\r\n\r\n            <\/section>","protected":false},"excerpt":{"rendered":"<p>Forviklingene ved vietnamesisk grammatikk: en engasjerende utforskning Det vietnamesiske spr\u00e5ket, med sine dype historiske r\u00f8tter og unike kulturelle bakteppe, tilbyr et fristende eventyr for b\u00e5de lingvister og spr\u00e5kl\u00e6rere. Mens vietnamesisk grammatikk i utgangspunktet kan dukke opp som en utfordring, baner dens enkle logikk og konsistens vei for en spennende l\u00e6ringsopplevelse. S\u00e5 forbered deg p\u00e5 en [&hellip;]<\/p>\n","protected":false},"author":1,"featured_media":120466,"parent":0,"menu_order":0,"comment_status":"closed","ping_status":"closed","template":"LearningContentPage.php","meta":{"_acf_changed":false,"footnotes":""},"class_list":["post-152593","page","type-page","status-publish","has-post-thumbnail","hentry"],"acf":[],"yoast_head":"<!-- This site is optimized with the Yoast SEO Premium plugin v27.2 (Yoast SEO v27.2) - https:\/\/yoast.com\/product\/yoast-seo-premium-wordpress\/ -->\n<title>vietnamesisk grammatikk - Talkpal<\/title>\n<meta name=\"description\" content=\"Utforsk de fascinerende aspektene ved vietnamesisk grammatikk og oppdag gleden ved \u00e5 l\u00e6re dette unike spr\u00e5ket.\" \/>\n<meta name=\"robots\" content=\"index, follow, max-snippet:-1, max-image-preview:large, max-video-preview:-1\" \/>\n<link rel=\"canonical\" href=\"https:\/\/talkpal.ai\/no\/vietnamesisk-grammatikk\/\" \/>\n<meta property=\"og:locale\" content=\"nb_NO\" \/>\n<meta property=\"og:type\" content=\"article\" \/>\n<meta property=\"og:title\" content=\"vietnamesisk grammatikk\" \/>\n<meta property=\"og:description\" content=\"Forviklingene ved vietnamesisk grammatikk: en engasjerende utforskning Det vietnamesiske spr\u00e5ket, med sine dype historiske r\u00f8tter og unike kulturelle\" \/>\n<meta property=\"og:url\" content=\"https:\/\/talkpal.ai\/no\/vietnamesisk-grammatikk\/\" \/>\n<meta property=\"og:site_name\" content=\"Talkpal\" \/>\n<meta property=\"article:publisher\" content=\"https:\/\/www.facebook.com\/profile.php?id=100090733639311\" \/>\n<meta property=\"article:modified_time\" content=\"2025-12-12T10:55:32+00:00\" \/>\n<meta property=\"og:image\" content=\"https:\/\/talkpal.ai\/wp-content\/uploads\/2023\/05\/vietnam.png\" \/>\n\t<meta property=\"og:image:width\" content=\"512\" \/>\n\t<meta property=\"og:image:height\" content=\"512\" \/>\n\t<meta property=\"og:image:type\" content=\"image\/png\" \/>\n<meta name=\"twitter:card\" content=\"summary_large_image\" \/>\n<meta name=\"twitter:site\" content=\"@talkpalai\" \/>\n<meta name=\"twitter:label1\" content=\"Ansl. lesetid\" \/>\n\t<meta name=\"twitter:data1\" content=\"3 minutter\" \/>\n<script type=\"application\/ld+json\" class=\"yoast-schema-graph\">{\"@context\":\"https:\/\/schema.org\",\"@graph\":[{\"@type\":\"WebPage\",\"@id\":\"https:\/\/talkpal.ai\/no\/vietnamesisk-grammatikk\/\",\"url\":\"https:\/\/talkpal.ai\/no\/vietnamesisk-grammatikk\/\",\"name\":\"vietnamesisk grammatikk - Talkpal\",\"isPartOf\":{\"@id\":\"https:\/\/talkpal.ai\/no\/#website\"},\"primaryImageOfPage\":{\"@id\":\"https:\/\/talkpal.ai\/no\/vietnamesisk-grammatikk\/#primaryimage\"},\"image\":{\"@id\":\"https:\/\/talkpal.ai\/no\/vietnamesisk-grammatikk\/#primaryimage\"},\"thumbnailUrl\":\"https:\/\/talkpal.ai\/wp-content\/uploads\/2023\/05\/vietnam.png\",\"datePublished\":\"2023-05-14T14:23:00+00:00\",\"dateModified\":\"2025-12-12T10:55:32+00:00\",\"description\":\"Utforsk de fascinerende aspektene ved vietnamesisk grammatikk og oppdag gleden ved \u00e5 l\u00e6re dette unike spr\u00e5ket.\",\"breadcrumb\":{\"@id\":\"https:\/\/talkpal.ai\/no\/vietnamesisk-grammatikk\/#breadcrumb\"},\"inLanguage\":\"nb-NO\",\"potentialAction\":[{\"@type\":\"ReadAction\",\"target\":[\"https:\/\/talkpal.ai\/no\/vietnamesisk-grammatikk\/\"]}]},{\"@type\":\"ImageObject\",\"inLanguage\":\"nb-NO\",\"@id\":\"https:\/\/talkpal.ai\/no\/vietnamesisk-grammatikk\/#primaryimage\",\"url\":\"https:\/\/talkpal.ai\/wp-content\/uploads\/2023\/05\/vietnam.png\",\"contentUrl\":\"https:\/\/talkpal.ai\/wp-content\/uploads\/2023\/05\/vietnam.png\",\"width\":512,\"height\":512},{\"@type\":\"BreadcrumbList\",\"@id\":\"https:\/\/talkpal.ai\/no\/vietnamesisk-grammatikk\/#breadcrumb\",\"itemListElement\":[{\"@type\":\"ListItem\",\"position\":1,\"name\":\"Homepage\",\"item\":\"https:\/\/talkpal.ai\/no\/\"},{\"@type\":\"ListItem\",\"position\":2,\"name\":\"vietnamesisk grammatikk\"}]},{\"@type\":\"WebSite\",\"@id\":\"https:\/\/talkpal.ai\/no\/#website\",\"url\":\"https:\/\/talkpal.ai\/no\/\",\"name\":\"Talkpal\",\"description\":\"AI Language Learning\",\"publisher\":{\"@id\":\"https:\/\/talkpal.ai\/no\/#organization\"},\"alternateName\":\"Talkpal AI\",\"potentialAction\":[{\"@type\":\"SearchAction\",\"target\":{\"@type\":\"EntryPoint\",\"urlTemplate\":\"https:\/\/talkpal.ai\/no\/?s={search_term_string}\"},\"query-input\":{\"@type\":\"PropertyValueSpecification\",\"valueRequired\":true,\"valueName\":\"search_term_string\"}}],\"inLanguage\":\"nb-NO\"},{\"@type\":\"Organization\",\"@id\":\"https:\/\/talkpal.ai\/no\/#organization\",\"name\":\"Talkpal, Inc.\",\"alternateName\":\"Talkpal AI\",\"url\":\"https:\/\/talkpal.ai\/no\/\",\"logo\":{\"@type\":\"ImageObject\",\"inLanguage\":\"nb-NO\",\"@id\":\"https:\/\/talkpal.ai\/no\/#\/schema\/logo\/image\/\",\"url\":\"https:\/\/talkpal.ai\/wp-content\/uploads\/2024\/03\/Talkpal-Logo-Icon.png\",\"contentUrl\":\"https:\/\/talkpal.ai\/wp-content\/uploads\/2024\/03\/Talkpal-Logo-Icon.png\",\"width\":2880,\"height\":2880,\"caption\":\"Talkpal, Inc.\"},\"image\":{\"@id\":\"https:\/\/talkpal.ai\/no\/#\/schema\/logo\/image\/\"},\"sameAs\":[\"https:\/\/www.facebook.com\/profile.php?id=100090733639311\",\"https:\/\/x.com\/talkpalai\",\"https:\/\/www.linkedin.com\/company\/talkpal\/\",\"https:\/\/www.youtube.com\/@TalkPal\/\",\"https:\/\/www.tiktok.com\/@talkpal\",\"https:\/\/www.instagram.com\/talkpal_ai\/\",\"https:\/\/www.crunchbase.com\/organization\/talkpal-9cde\",\"https:\/\/www.g2.com\/products\/talkpal-for-business\/\",\"https:\/\/www.trustpilot.com\/review\/talkpal.ai\",\"https:\/\/www.capterra.com\/p\/10006800\/TalkPal\/\"],\"description\":\"Talkpal is a language learning web and mobile education app, powered by the latest AI technologies, that provides engaging experiences to its customers in many different languages to help them improve their language skills. Users can chat about unlimited amount of topics with the app and use other modes to practice their language learning.\",\"email\":\"support@talkpal.ai\",\"legalName\":\"Talkpal, Inc.\",\"foundingDate\":\"2023-04-03\",\"duns\":\"118989042\",\"numberOfEmployees\":{\"@type\":\"QuantitativeValue\",\"minValue\":\"11\",\"maxValue\":\"50\"},\"publishingPrinciples\":\"https:\/\/talkpal.ai\/publishing-principles\/\",\"actionableFeedbackPolicy\":\"https:\/\/talkpal.ai\/actionable-feedback-policy\/\",\"correctionsPolicy\":\"https:\/\/talkpal.ai\/corrections-policy\/\",\"ethicsPolicy\":\"https:\/\/talkpal.ai\/ethics-policy\/\",\"diversityPolicy\":\"https:\/\/talkpal.ai\/diversity-policy\/\",\"diversityStaffingReport\":\"https:\/\/talkpal.ai\/diversity-policy\/\"}]}<\/script>\n<!-- \/ Yoast SEO Premium plugin. -->","yoast_head_json":{"title":"vietnamesisk grammatikk - Talkpal","description":"Utforsk de fascinerende aspektene ved vietnamesisk grammatikk og oppdag gleden ved \u00e5 l\u00e6re dette unike spr\u00e5ket.","robots":{"index":"index","follow":"follow","max-snippet":"max-snippet:-1","max-image-preview":"max-image-preview:large","max-video-preview":"max-video-preview:-1"},"canonical":"https:\/\/talkpal.ai\/no\/vietnamesisk-grammatikk\/","og_locale":"nb_NO","og_type":"article","og_title":"vietnamesisk grammatikk","og_description":"Forviklingene ved vietnamesisk grammatikk: en engasjerende utforskning Det vietnamesiske spr\u00e5ket, med sine dype historiske r\u00f8tter og unike kulturelle","og_url":"https:\/\/talkpal.ai\/no\/vietnamesisk-grammatikk\/","og_site_name":"Talkpal","article_publisher":"https:\/\/www.facebook.com\/profile.php?id=100090733639311","article_modified_time":"2025-12-12T10:55:32+00:00","og_image":[{"width":512,"height":512,"url":"https:\/\/talkpal.ai\/wp-content\/uploads\/2023\/05\/vietnam.png","type":"image\/png"}],"twitter_card":"summary_large_image","twitter_site":"@talkpalai","twitter_misc":{"Ansl. lesetid":"3 minutter"},"schema":{"@context":"https:\/\/schema.org","@graph":[{"@type":"WebPage","@id":"https:\/\/talkpal.ai\/no\/vietnamesisk-grammatikk\/","url":"https:\/\/talkpal.ai\/no\/vietnamesisk-grammatikk\/","name":"vietnamesisk grammatikk - Talkpal","isPartOf":{"@id":"https:\/\/talkpal.ai\/no\/#website"},"primaryImageOfPage":{"@id":"https:\/\/talkpal.ai\/no\/vietnamesisk-grammatikk\/#primaryimage"},"image":{"@id":"https:\/\/talkpal.ai\/no\/vietnamesisk-grammatikk\/#primaryimage"},"thumbnailUrl":"https:\/\/talkpal.ai\/wp-content\/uploads\/2023\/05\/vietnam.png","datePublished":"2023-05-14T14:23:00+00:00","dateModified":"2025-12-12T10:55:32+00:00","description":"Utforsk de fascinerende aspektene ved vietnamesisk grammatikk og oppdag gleden ved \u00e5 l\u00e6re dette unike spr\u00e5ket.","breadcrumb":{"@id":"https:\/\/talkpal.ai\/no\/vietnamesisk-grammatikk\/#breadcrumb"},"inLanguage":"nb-NO","potentialAction":[{"@type":"ReadAction","target":["https:\/\/talkpal.ai\/no\/vietnamesisk-grammatikk\/"]}]},{"@type":"ImageObject","inLanguage":"nb-NO","@id":"https:\/\/talkpal.ai\/no\/vietnamesisk-grammatikk\/#primaryimage","url":"https:\/\/talkpal.ai\/wp-content\/uploads\/2023\/05\/vietnam.png","contentUrl":"https:\/\/talkpal.ai\/wp-content\/uploads\/2023\/05\/vietnam.png","width":512,"height":512},{"@type":"BreadcrumbList","@id":"https:\/\/talkpal.ai\/no\/vietnamesisk-grammatikk\/#breadcrumb","itemListElement":[{"@type":"ListItem","position":1,"name":"Homepage","item":"https:\/\/talkpal.ai\/no\/"},{"@type":"ListItem","position":2,"name":"vietnamesisk grammatikk"}]},{"@type":"WebSite","@id":"https:\/\/talkpal.ai\/no\/#website","url":"https:\/\/talkpal.ai\/no\/","name":"Talkpal","description":"AI Language Learning","publisher":{"@id":"https:\/\/talkpal.ai\/no\/#organization"},"alternateName":"Talkpal AI","potentialAction":[{"@type":"SearchAction","target":{"@type":"EntryPoint","urlTemplate":"https:\/\/talkpal.ai\/no\/?s={search_term_string}"},"query-input":{"@type":"PropertyValueSpecification","valueRequired":true,"valueName":"search_term_string"}}],"inLanguage":"nb-NO"},{"@type":"Organization","@id":"https:\/\/talkpal.ai\/no\/#organization","name":"Talkpal, Inc.","alternateName":"Talkpal AI","url":"https:\/\/talkpal.ai\/no\/","logo":{"@type":"ImageObject","inLanguage":"nb-NO","@id":"https:\/\/talkpal.ai\/no\/#\/schema\/logo\/image\/","url":"https:\/\/talkpal.ai\/wp-content\/uploads\/2024\/03\/Talkpal-Logo-Icon.png","contentUrl":"https:\/\/talkpal.ai\/wp-content\/uploads\/2024\/03\/Talkpal-Logo-Icon.png","width":2880,"height":2880,"caption":"Talkpal, Inc."},"image":{"@id":"https:\/\/talkpal.ai\/no\/#\/schema\/logo\/image\/"},"sameAs":["https:\/\/www.facebook.com\/profile.php?id=100090733639311","https:\/\/x.com\/talkpalai","https:\/\/www.linkedin.com\/company\/talkpal\/","https:\/\/www.youtube.com\/@TalkPal\/","https:\/\/www.tiktok.com\/@talkpal","https:\/\/www.instagram.com\/talkpal_ai\/","https:\/\/www.crunchbase.com\/organization\/talkpal-9cde","https:\/\/www.g2.com\/products\/talkpal-for-business\/","https:\/\/www.trustpilot.com\/review\/talkpal.ai","https:\/\/www.capterra.com\/p\/10006800\/TalkPal\/"],"description":"Talkpal is a language learning web and mobile education app, powered by the latest AI technologies, that provides engaging experiences to its customers in many different languages to help them improve their language skills. Users can chat about unlimited amount of topics with the app and use other modes to practice their language learning.","email":"support@talkpal.ai","legalName":"Talkpal, Inc.","foundingDate":"2023-04-03","duns":"118989042","numberOfEmployees":{"@type":"QuantitativeValue","minValue":"11","maxValue":"50"},"publishingPrinciples":"https:\/\/talkpal.ai\/publishing-principles\/","actionableFeedbackPolicy":"https:\/\/talkpal.ai\/actionable-feedback-policy\/","correctionsPolicy":"https:\/\/talkpal.ai\/corrections-policy\/","ethicsPolicy":"https:\/\/talkpal.ai\/ethics-policy\/","diversityPolicy":"https:\/\/talkpal.ai\/diversity-policy\/","diversityStaffingReport":"https:\/\/talkpal.ai\/diversity-policy\/"}]}},"_links":{"self":[{"href":"https:\/\/talkpal.ai\/no\/wp-json\/wp\/v2\/pages\/152593","targetHints":{"allow":["GET"]}}],"collection":[{"href":"https:\/\/talkpal.ai\/no\/wp-json\/wp\/v2\/pages"}],"about":[{"href":"https:\/\/talkpal.ai\/no\/wp-json\/wp\/v2\/types\/page"}],"author":[{"embeddable":true,"href":"https:\/\/talkpal.ai\/no\/wp-json\/wp\/v2\/users\/1"}],"replies":[{"embeddable":true,"href":"https:\/\/talkpal.ai\/no\/wp-json\/wp\/v2\/comments?post=152593"}],"version-history":[{"count":0,"href":"https:\/\/talkpal.ai\/no\/wp-json\/wp\/v2\/pages\/152593\/revisions"}],"wp:featuredmedia":[{"embeddable":true,"href":"https:\/\/talkpal.ai\/no\/wp-json\/wp\/v2\/media\/120466"}],"wp:attachment":[{"href":"https:\/\/talkpal.ai\/no\/wp-json\/wp\/v2\/media?parent=152593"}],"curies":[{"name":"wp","href":"https:\/\/api.w.org\/{rel}","templated":true}]}}