{"id":152297,"date":"2023-05-14T14:22:39","date_gmt":"2023-05-14T14:22:39","guid":{"rendered":"http:\/\/talkpal.ai\/urdu-grammatikk\/"},"modified":"2025-12-11T16:20:48","modified_gmt":"2025-12-11T16:20:48","slug":"urdu-grammatikk","status":"publish","type":"page","link":"https:\/\/talkpal.ai\/no\/urdu-grammatikk\/","title":{"rendered":"Urdu grammatikk"},"content":{"rendered":"\r\n\r\n\r\n<section class=\"languageChallengeSection\">\r\n    <div class=\"languageInfoWrapper\">\r\n        \r\n        <h1>Urdu grammatikk<\/h1>\r\n        <p>Er du interessert i \u00e5 l\u00e6re <a href=\"https:\/\/talkpal.ai\/learn-urdu\/\">urdu<\/a>? Dykk ned i urdu-grammatikken, der elegant skrift, kj\u00f8nnede substantiv og uttrykksfulle verbformer skaper et spr\u00e5k som er b\u00e5de poetisk og praktisk. Begynn din urdu-reise i dag &#8211; \u00e5 beherske grammatikken vil \u00e5pne nye veier for kommunikasjon og gi deg en dypere forst\u00e5else av S\u00f8r-Asias rike litter\u00e6re og kulturelle tradisjoner!<\/p>\r\n\r\n                            <a class=\"getStartedHidden\" href=\"https:\/\/app.talkpal.ai\/no\/signup?lng=\">Kom i gang<\/a>\r\n        \r\n    <\/div>\r\n\r\n    <figure>\r\n    <img decoding=\"async\" width=\"768\" height=\"768\" src=\"https:\/\/talkpal.ai\/wp-content\/uploads\/2023\/06\/urdu-768x768.png\" class=\"languageImage no-lazy\" alt=\"Language learning for global understanding\" fetchpriority=\"high\" sizes=\"(max-width: 768px) 150px, 768px\" srcset=\"https:\/\/talkpal.ai\/wp-content\/uploads\/2023\/06\/urdu-768x768.png 768w, https:\/\/talkpal.ai\/wp-content\/uploads\/2023\/06\/urdu-300x300.png 300w\" \/>\r\n    \r\n\r\n    <\/figure>\r\n\r\n            <a class=\"getStartedVisible\" href=\"https:\/\/app.talkpal.ai\/no\/signup?lng=\">Kom i gang<\/a>\r\n    \r\n<\/section>\r\n<section class=\"promotionalBanner\">\r\n    <p class=\"promotionalText\">Den mest effektive m\u00e5ten \u00e5 l\u00e6re et spr\u00e5k p\u00e5<\/p>\r\n    <a class=\"promotionalLink\" href=\"https:\/\/app.talkpal.ai\/no\/signup?lng=\">Pr\u00f8v Talkpal gratis<\/a>\r\n<\/section>\n<div class=\"wp-block-group pageContainerStyle\"><div class=\"wp-block-group__inner-container is-layout-constrained wp-block-group-is-layout-constrained\">\n<h2 class=\"wp-block-heading\" id=\"h-urdu-grammar-exploring-the-beauty-and-intricacies-of-the-indo-aryan-language\">Urdu-grammatikk: Utforsk skj\u00f8nnheten og forviklingene ved det indo-ariske spr\u00e5ket<\/h2>\n\n\n\n<p><a href=\"https:\/\/talkpal.ai\/talkpal-discount-for-language-enthusiasts\/\">Spr\u00e5kentusiaster<\/a> og nysgjerrige elever, er du klar til \u00e5 dykke inn i den fascinerende verden av urdu-grammatikk? <a href=\"https:\/\/talkpal.ai\/learn-urdu\/\">Urdu<\/a>, et indo-arisk spr\u00e5k, er nasjonalspr\u00e5ket i Pakistan og et av de offisielle spr\u00e5kene i India. Med omtrent 70 millioner h\u00f8yttalere over hele verden er urdu ikke bare et rikt og uttrykksfullt spr\u00e5k, men ogs\u00e5 en bro til en levende kultur og historie. I denne artikkelen skal vi se n\u00e6rmere p\u00e5 de unike aspektene ved urdu-grammatikken og finne ut hva som skiller den fra andre spr\u00e5k.<\/p>\n\n\n\n<h3 class=\"wp-block-heading\" id=\"h-script-and-pronunciation-the-elegant-nastaliq\">Manus og uttale: Den elegante Nastaliq<\/h3>\n\n\n\n<p>Urdu-manuset er basert p\u00e5 den persisk-arabiske Nastaliq-stilen, som er skrevet og lest fra h\u00f8yre til venstre. Best\u00e5ende av 38 bokstaver med ekstra diakritiske tegn for vokaler og uttale, er Nastaliq-manuset b\u00e5de elegant og flytende. \u00c5 l\u00e6re seg skriften og <a href=\"https:\/\/talkpal.ai\/locations\/language-courses-in-mestre\/\">mestre<\/a> uttalen av urdu-lydene vil v\u00e6re det f\u00f8rste steget mot \u00e5 forst\u00e5 spr\u00e5kets <a href=\"https:\/\/talkpal.ai\/grammar\/\">grammatikk<\/a>.<\/p>\n\n\n\n<h3 class=\"wp-block-heading\" id=\"h-nouns-and-pronouns-exploring-gender-number-and-case\">Substantiv og pronomen: Utforske kj\u00f8nn, tall og kasus<\/h3>\n\n\n\n<p>Urdu-substantiver er klassifisert etter kj\u00f8nn (maskulint eller feminint), tall (entall eller flertall) og kasus (direkte eller skr\u00e5). Spr\u00e5ket har ikke artikler (som &laquo;a&raquo; eller &laquo;the&raquo;), men er i stedet avhengig av konteksten for \u00e5 formidle definisjon. Urdu-pronomen f\u00f8lger ogs\u00e5 kj\u00f8nns-, tall- og kasusforskjeller og har ulike former for h\u00f8flighet og fortrolighet.<\/p>\n\n\n\n<h3 class=\"wp-block-heading\" id=\"h-postpositions-and-cases-urdu-s-unique-approach-to-indicating-relationships\">Postposisjoner og kasus: Urdus unike tiln\u00e6rming til \u00e5 indikere relasjoner<\/h3>\n\n\n\n<p>I stedet for preposisjoner bruker urdu postposisjoner &#8211; ord som kommer etter substantivene de styrer. Denne distinkte funksjonen kan sees i hele spr\u00e5ket og p\u00e5virker kasusmarkeringene betydelig. Urdus to kasus, direkte og skr\u00e5stilt, brukes i kombinasjon med postposisjoner for \u00e5 angi relasjoner mellom ord.<\/p>\n\n\n\n<h3 class=\"wp-block-heading\" id=\"h-harnessing-the-power-of-verbs-tense-aspect-and-moods\">Utnytte kraften til verb: anspent, aspekt og stemninger<\/h3>\n\n\n\n<p>Urdu-verb er fascinerende med sitt mangfoldige spekter av tider (fortid, n\u00e5tid og fremtid), aspekter (perfektive, imperfektive og vane) og stemninger (indikativ, <a href=\"https:\/\/talkpal.ai\/ja\/grammar_exercises\/imperatif-%e3%83%95%e3%83%a9%e3%83%b3%e3%82%b9%e3%81%ae%e6%96%87%e6%b3%95%e3%81%ae%e3%81%9f%e3%82%81%e3%81%ae%e6%bc%94%e7%bf%92\/\">imperativ<\/a> og <a href=\"https:\/\/talkpal.ai\/ja\/grammar_exercises\/konjunktiv-%e3%83%89%e3%82%a4%e3%83%84%e6%96%87%e6%b3%95%e3%81%ae%e6%bc%94%e7%bf%92\/\">konjunktiv<\/a>). Spr\u00e5ket bruker ogs\u00e5 utstrakt bruk av hjelpeverb for \u00e5 danne sammensatte tider, som uttrykker nyanser i tid og fullf\u00f8ring av handlinger.<\/p>\n\n\n\n<p>Verbene stemmer ogs\u00e5 overens med emnene deres n\u00e5r det gjelder kj\u00f8nn og antall, noe som ytterligere legger lag av kompleksitet og rikdom til urdugrammatikken.<\/p>\n\n\n\n<h3 class=\"wp-block-heading\" id=\"h-adjectives-adverbs-and-more-adding-color-to-your-language\">Adjektiver, adverb og mer: Legg til farge p\u00e5 spr\u00e5ket ditt<\/h3>\n\n\n\n<p>Urdu-adjektiver f\u00f8lger vanligvis substantivene de endrer og stemmer med dem n\u00e5r det gjelder kj\u00f8nn og antall. Adjektiver kan intensiveres ved \u00e5 bruke komparativer og superlativer, noe som gir dybde til beskrivelser. Urdu-adverb, avledet fra adjektiver eller eksisterende uavhengig, spiller ogs\u00e5 en viktig rolle i spr\u00e5ket, og gir informasjon om tid, m\u00e5te, sted og grad.<\/p>\n\n\n\n<p><a href=\"https:\/\/talkpal.ai\/urdu-grammar\/\">Urdu grammatikk<\/a> kan skryte av en mengde konjunksjoner, interjeksjoner, partikler og mer, og hjelper deg \u00e5 konstruere rike, meningsfulle og uttrykksfulle setninger.<\/p>\n\n\n\n<h3 class=\"wp-block-heading\" id=\"h-embracing-the-world-of-urdu-grammar\">Omfavne verden av urdu grammatikk<\/h3>\n\n\n\n<p>Urdu-grammatikk kan virke komplisert til \u00e5 begynne med, men etter hvert som du fordyper deg i spr\u00e5kets forviklinger, vil du oppdage at det er fullt av skj\u00f8nnhet og uttrykk. \u00c5 l\u00e6re urdu vil ikke bare forbedre din forst\u00e5else av den indo-ariske spr\u00e5kfamilien, men ogs\u00e5 hjelpe deg med \u00e5 f\u00e5 kontakt med en fortryllende kultur, litteratur og historie.<\/p>\n\n\n\n<p>S\u00e5 hvorfor ikke legge ut p\u00e5 den spennende reisen med \u00e5 l\u00e6re urdu grammatikk? Med dedikasjon og nysgjerrighet kan du snart finne deg selv i \u00e5 snakke med morsm\u00e5l, utveksle ideer og historier p\u00e5 dette kraftige spr\u00e5ket. God l\u00e6ring!<\/p>\n<\/div><\/div>\n\r\n<section class=\"learnNavigationSection\">\r\n            \r\n        <a href=\"https:\/\/talkpal.ai\/no\/laer-urdu\/\">\r\n            <div class=\"learnNavigationWrapper\">\r\n                <div class=\"learnNavigationContent\">\r\n                    <img decoding=\"async\" src=\"https:\/\/talkpal.ai\/wp-content\/uploads\/2024\/08\/Urdu.jpg\" alt=\"Pakistani Flag\">\r\n                    <div>\r\n                        <h4>Om \u00e5 l\u00e6re urdu<\/h4>\r\n                        <p>Finn ut alt om urdu grammatikk.<\/p>\r\n                    <\/div>\r\n                <\/div>\r\n            <\/div>\r\n        <\/a>\r\n\r\n        \r\n        <a href=\"https:\/\/talkpal.ai\/no\/urdu-grammatikkovelser\/\">\r\n            <div class=\"learnNavigationWrapper\">\r\n                <div class=\"learnNavigationContent\">\r\n                    <img decoding=\"async\" src=\"https:\/\/talkpal.ai\/wp-content\/uploads\/2024\/08\/Urdu.jpg\" alt=\"Pakistani Flag\">\r\n                    <div>\r\n                        <h4>\u00d8velse i urdu-grammatikk<\/h4>\r\n                        <p>\u00d8v p\u00e5 urdu- grammatikk.<\/p>\r\n                    <\/div>\r\n                <\/div>\r\n            <\/div>\r\n        <\/a>\r\n\r\n        \r\n        <a href=\"https:\/\/talkpal.ai\/vocabulary_language\/urdu\/\">\r\n            <div class=\"learnNavigationWrapper\">\r\n                <div class=\"learnNavigationContent\">\r\n                    <img decoding=\"async\" src=\"https:\/\/talkpal.ai\/wp-content\/uploads\/2024\/08\/Urdu.jpg\" alt=\"Pakistani Flag\">\r\n                    <div>\r\n                        <h4>Ordforr\u00e5d p\u00e5 urdu<\/h4>\r\n                        <p>Utvid ordforr\u00e5det ditt p\u00e5 urdu.<\/p>\r\n                    <\/div>\r\n                <\/div>\r\n            <\/div>\r\n        <\/a>\r\n\r\n            <\/section>","protected":false},"excerpt":{"rendered":"<p>Urdu-grammatikk: Utforsk skj\u00f8nnheten og forviklingene ved det indo-ariske spr\u00e5ket Spr\u00e5kentusiaster og nysgjerrige elever, er du klar til \u00e5 dykke inn i den fascinerende verden av urdu-grammatikk? Urdu, et indo-arisk spr\u00e5k, er nasjonalspr\u00e5ket i Pakistan og et av de offisielle spr\u00e5kene i India. Med omtrent 70 millioner h\u00f8yttalere over hele verden er urdu ikke bare et [&hellip;]<\/p>\n","protected":false},"author":1,"featured_media":121181,"parent":0,"menu_order":0,"comment_status":"closed","ping_status":"closed","template":"LearningContentPage.php","meta":{"_acf_changed":false,"footnotes":""},"class_list":["post-152297","page","type-page","status-publish","has-post-thumbnail","hentry"],"acf":[],"yoast_head":"<!-- This site is optimized with the Yoast SEO Premium plugin v27.2 (Yoast SEO v27.2) - https:\/\/yoast.com\/product\/yoast-seo-premium-wordpress\/ -->\n<title>Urdu grammatikk - Talkpal<\/title>\n<meta name=\"description\" content=\"F\u00e5 \u00f8ynene opp for skj\u00f8nnheten i urdu-grammatikken. Utforsk de unike aspektene, skriften og hvordan den er knyttet til kultur og historie.\" \/>\n<meta name=\"robots\" content=\"index, follow, max-snippet:-1, max-image-preview:large, max-video-preview:-1\" \/>\n<link rel=\"canonical\" href=\"https:\/\/talkpal.ai\/no\/urdu-grammatikk\/\" \/>\n<meta property=\"og:locale\" content=\"nb_NO\" \/>\n<meta property=\"og:type\" content=\"article\" \/>\n<meta property=\"og:title\" content=\"Urdu grammatikk\" \/>\n<meta property=\"og:description\" content=\"Urdu-grammatikk: Utforsk skj\u00f8nnheten og forviklingene ved det indo-ariske spr\u00e5ket Spr\u00e5kentusiaster og nysgjerrige elever, er du klar til \u00e5 dykke inn i den\" \/>\n<meta property=\"og:url\" content=\"https:\/\/talkpal.ai\/no\/urdu-grammatikk\/\" \/>\n<meta property=\"og:site_name\" content=\"Talkpal\" \/>\n<meta property=\"article:publisher\" content=\"https:\/\/www.facebook.com\/profile.php?id=100090733639311\" \/>\n<meta property=\"article:modified_time\" content=\"2025-12-11T16:20:48+00:00\" \/>\n<meta property=\"og:image\" content=\"https:\/\/talkpal.ai\/wp-content\/uploads\/2023\/05\/Urdu-pakistan.png\" \/>\n\t<meta property=\"og:image:width\" content=\"512\" \/>\n\t<meta property=\"og:image:height\" content=\"512\" \/>\n\t<meta property=\"og:image:type\" content=\"image\/png\" \/>\n<meta name=\"twitter:card\" content=\"summary_large_image\" \/>\n<meta name=\"twitter:site\" content=\"@talkpalai\" \/>\n<meta name=\"twitter:label1\" content=\"Ansl. lesetid\" \/>\n\t<meta name=\"twitter:data1\" content=\"3 minutter\" \/>\n<script type=\"application\/ld+json\" class=\"yoast-schema-graph\">{\"@context\":\"https:\/\/schema.org\",\"@graph\":[{\"@type\":\"WebPage\",\"@id\":\"https:\/\/talkpal.ai\/no\/urdu-grammatikk\/\",\"url\":\"https:\/\/talkpal.ai\/no\/urdu-grammatikk\/\",\"name\":\"Urdu grammatikk - Talkpal\",\"isPartOf\":{\"@id\":\"https:\/\/talkpal.ai\/no\/#website\"},\"primaryImageOfPage\":{\"@id\":\"https:\/\/talkpal.ai\/no\/urdu-grammatikk\/#primaryimage\"},\"image\":{\"@id\":\"https:\/\/talkpal.ai\/no\/urdu-grammatikk\/#primaryimage\"},\"thumbnailUrl\":\"https:\/\/talkpal.ai\/wp-content\/uploads\/2023\/05\/Urdu-pakistan.png\",\"datePublished\":\"2023-05-14T14:22:39+00:00\",\"dateModified\":\"2025-12-11T16:20:48+00:00\",\"description\":\"F\u00e5 \u00f8ynene opp for skj\u00f8nnheten i urdu-grammatikken. Utforsk de unike aspektene, skriften og hvordan den er knyttet til kultur og historie.\",\"breadcrumb\":{\"@id\":\"https:\/\/talkpal.ai\/no\/urdu-grammatikk\/#breadcrumb\"},\"inLanguage\":\"nb-NO\",\"potentialAction\":[{\"@type\":\"ReadAction\",\"target\":[\"https:\/\/talkpal.ai\/no\/urdu-grammatikk\/\"]}]},{\"@type\":\"ImageObject\",\"inLanguage\":\"nb-NO\",\"@id\":\"https:\/\/talkpal.ai\/no\/urdu-grammatikk\/#primaryimage\",\"url\":\"https:\/\/talkpal.ai\/wp-content\/uploads\/2023\/05\/Urdu-pakistan.png\",\"contentUrl\":\"https:\/\/talkpal.ai\/wp-content\/uploads\/2023\/05\/Urdu-pakistan.png\",\"width\":512,\"height\":512},{\"@type\":\"BreadcrumbList\",\"@id\":\"https:\/\/talkpal.ai\/no\/urdu-grammatikk\/#breadcrumb\",\"itemListElement\":[{\"@type\":\"ListItem\",\"position\":1,\"name\":\"Homepage\",\"item\":\"https:\/\/talkpal.ai\/no\/\"},{\"@type\":\"ListItem\",\"position\":2,\"name\":\"Urdu grammatikk\"}]},{\"@type\":\"WebSite\",\"@id\":\"https:\/\/talkpal.ai\/no\/#website\",\"url\":\"https:\/\/talkpal.ai\/no\/\",\"name\":\"Talkpal\",\"description\":\"AI Language Learning\",\"publisher\":{\"@id\":\"https:\/\/talkpal.ai\/no\/#organization\"},\"alternateName\":\"Talkpal AI\",\"potentialAction\":[{\"@type\":\"SearchAction\",\"target\":{\"@type\":\"EntryPoint\",\"urlTemplate\":\"https:\/\/talkpal.ai\/no\/?s={search_term_string}\"},\"query-input\":{\"@type\":\"PropertyValueSpecification\",\"valueRequired\":true,\"valueName\":\"search_term_string\"}}],\"inLanguage\":\"nb-NO\"},{\"@type\":\"Organization\",\"@id\":\"https:\/\/talkpal.ai\/no\/#organization\",\"name\":\"Talkpal, Inc.\",\"alternateName\":\"Talkpal AI\",\"url\":\"https:\/\/talkpal.ai\/no\/\",\"logo\":{\"@type\":\"ImageObject\",\"inLanguage\":\"nb-NO\",\"@id\":\"https:\/\/talkpal.ai\/no\/#\/schema\/logo\/image\/\",\"url\":\"https:\/\/talkpal.ai\/wp-content\/uploads\/2024\/03\/Talkpal-Logo-Icon.png\",\"contentUrl\":\"https:\/\/talkpal.ai\/wp-content\/uploads\/2024\/03\/Talkpal-Logo-Icon.png\",\"width\":2880,\"height\":2880,\"caption\":\"Talkpal, Inc.\"},\"image\":{\"@id\":\"https:\/\/talkpal.ai\/no\/#\/schema\/logo\/image\/\"},\"sameAs\":[\"https:\/\/www.facebook.com\/profile.php?id=100090733639311\",\"https:\/\/x.com\/talkpalai\",\"https:\/\/www.linkedin.com\/company\/talkpal\/\",\"https:\/\/www.youtube.com\/@TalkPal\/\",\"https:\/\/www.tiktok.com\/@talkpal\",\"https:\/\/www.instagram.com\/talkpal_ai\/\",\"https:\/\/www.crunchbase.com\/organization\/talkpal-9cde\",\"https:\/\/www.g2.com\/products\/talkpal-for-business\/\",\"https:\/\/www.trustpilot.com\/review\/talkpal.ai\",\"https:\/\/www.capterra.com\/p\/10006800\/TalkPal\/\"],\"description\":\"Talkpal is a language learning web and mobile education app, powered by the latest AI technologies, that provides engaging experiences to its customers in many different languages to help them improve their language skills. Users can chat about unlimited amount of topics with the app and use other modes to practice their language learning.\",\"email\":\"support@talkpal.ai\",\"legalName\":\"Talkpal, Inc.\",\"foundingDate\":\"2023-04-03\",\"duns\":\"118989042\",\"numberOfEmployees\":{\"@type\":\"QuantitativeValue\",\"minValue\":\"11\",\"maxValue\":\"50\"},\"publishingPrinciples\":\"https:\/\/talkpal.ai\/publishing-principles\/\",\"actionableFeedbackPolicy\":\"https:\/\/talkpal.ai\/actionable-feedback-policy\/\",\"correctionsPolicy\":\"https:\/\/talkpal.ai\/corrections-policy\/\",\"ethicsPolicy\":\"https:\/\/talkpal.ai\/ethics-policy\/\",\"diversityPolicy\":\"https:\/\/talkpal.ai\/diversity-policy\/\",\"diversityStaffingReport\":\"https:\/\/talkpal.ai\/diversity-policy\/\"}]}<\/script>\n<!-- \/ Yoast SEO Premium plugin. -->","yoast_head_json":{"title":"Urdu grammatikk - Talkpal","description":"F\u00e5 \u00f8ynene opp for skj\u00f8nnheten i urdu-grammatikken. Utforsk de unike aspektene, skriften og hvordan den er knyttet til kultur og historie.","robots":{"index":"index","follow":"follow","max-snippet":"max-snippet:-1","max-image-preview":"max-image-preview:large","max-video-preview":"max-video-preview:-1"},"canonical":"https:\/\/talkpal.ai\/no\/urdu-grammatikk\/","og_locale":"nb_NO","og_type":"article","og_title":"Urdu grammatikk","og_description":"Urdu-grammatikk: Utforsk skj\u00f8nnheten og forviklingene ved det indo-ariske spr\u00e5ket Spr\u00e5kentusiaster og nysgjerrige elever, er du klar til \u00e5 dykke inn i den","og_url":"https:\/\/talkpal.ai\/no\/urdu-grammatikk\/","og_site_name":"Talkpal","article_publisher":"https:\/\/www.facebook.com\/profile.php?id=100090733639311","article_modified_time":"2025-12-11T16:20:48+00:00","og_image":[{"width":512,"height":512,"url":"https:\/\/talkpal.ai\/wp-content\/uploads\/2023\/05\/Urdu-pakistan.png","type":"image\/png"}],"twitter_card":"summary_large_image","twitter_site":"@talkpalai","twitter_misc":{"Ansl. lesetid":"3 minutter"},"schema":{"@context":"https:\/\/schema.org","@graph":[{"@type":"WebPage","@id":"https:\/\/talkpal.ai\/no\/urdu-grammatikk\/","url":"https:\/\/talkpal.ai\/no\/urdu-grammatikk\/","name":"Urdu grammatikk - Talkpal","isPartOf":{"@id":"https:\/\/talkpal.ai\/no\/#website"},"primaryImageOfPage":{"@id":"https:\/\/talkpal.ai\/no\/urdu-grammatikk\/#primaryimage"},"image":{"@id":"https:\/\/talkpal.ai\/no\/urdu-grammatikk\/#primaryimage"},"thumbnailUrl":"https:\/\/talkpal.ai\/wp-content\/uploads\/2023\/05\/Urdu-pakistan.png","datePublished":"2023-05-14T14:22:39+00:00","dateModified":"2025-12-11T16:20:48+00:00","description":"F\u00e5 \u00f8ynene opp for skj\u00f8nnheten i urdu-grammatikken. Utforsk de unike aspektene, skriften og hvordan den er knyttet til kultur og historie.","breadcrumb":{"@id":"https:\/\/talkpal.ai\/no\/urdu-grammatikk\/#breadcrumb"},"inLanguage":"nb-NO","potentialAction":[{"@type":"ReadAction","target":["https:\/\/talkpal.ai\/no\/urdu-grammatikk\/"]}]},{"@type":"ImageObject","inLanguage":"nb-NO","@id":"https:\/\/talkpal.ai\/no\/urdu-grammatikk\/#primaryimage","url":"https:\/\/talkpal.ai\/wp-content\/uploads\/2023\/05\/Urdu-pakistan.png","contentUrl":"https:\/\/talkpal.ai\/wp-content\/uploads\/2023\/05\/Urdu-pakistan.png","width":512,"height":512},{"@type":"BreadcrumbList","@id":"https:\/\/talkpal.ai\/no\/urdu-grammatikk\/#breadcrumb","itemListElement":[{"@type":"ListItem","position":1,"name":"Homepage","item":"https:\/\/talkpal.ai\/no\/"},{"@type":"ListItem","position":2,"name":"Urdu grammatikk"}]},{"@type":"WebSite","@id":"https:\/\/talkpal.ai\/no\/#website","url":"https:\/\/talkpal.ai\/no\/","name":"Talkpal","description":"AI Language Learning","publisher":{"@id":"https:\/\/talkpal.ai\/no\/#organization"},"alternateName":"Talkpal AI","potentialAction":[{"@type":"SearchAction","target":{"@type":"EntryPoint","urlTemplate":"https:\/\/talkpal.ai\/no\/?s={search_term_string}"},"query-input":{"@type":"PropertyValueSpecification","valueRequired":true,"valueName":"search_term_string"}}],"inLanguage":"nb-NO"},{"@type":"Organization","@id":"https:\/\/talkpal.ai\/no\/#organization","name":"Talkpal, Inc.","alternateName":"Talkpal AI","url":"https:\/\/talkpal.ai\/no\/","logo":{"@type":"ImageObject","inLanguage":"nb-NO","@id":"https:\/\/talkpal.ai\/no\/#\/schema\/logo\/image\/","url":"https:\/\/talkpal.ai\/wp-content\/uploads\/2024\/03\/Talkpal-Logo-Icon.png","contentUrl":"https:\/\/talkpal.ai\/wp-content\/uploads\/2024\/03\/Talkpal-Logo-Icon.png","width":2880,"height":2880,"caption":"Talkpal, Inc."},"image":{"@id":"https:\/\/talkpal.ai\/no\/#\/schema\/logo\/image\/"},"sameAs":["https:\/\/www.facebook.com\/profile.php?id=100090733639311","https:\/\/x.com\/talkpalai","https:\/\/www.linkedin.com\/company\/talkpal\/","https:\/\/www.youtube.com\/@TalkPal\/","https:\/\/www.tiktok.com\/@talkpal","https:\/\/www.instagram.com\/talkpal_ai\/","https:\/\/www.crunchbase.com\/organization\/talkpal-9cde","https:\/\/www.g2.com\/products\/talkpal-for-business\/","https:\/\/www.trustpilot.com\/review\/talkpal.ai","https:\/\/www.capterra.com\/p\/10006800\/TalkPal\/"],"description":"Talkpal is a language learning web and mobile education app, powered by the latest AI technologies, that provides engaging experiences to its customers in many different languages to help them improve their language skills. Users can chat about unlimited amount of topics with the app and use other modes to practice their language learning.","email":"support@talkpal.ai","legalName":"Talkpal, Inc.","foundingDate":"2023-04-03","duns":"118989042","numberOfEmployees":{"@type":"QuantitativeValue","minValue":"11","maxValue":"50"},"publishingPrinciples":"https:\/\/talkpal.ai\/publishing-principles\/","actionableFeedbackPolicy":"https:\/\/talkpal.ai\/actionable-feedback-policy\/","correctionsPolicy":"https:\/\/talkpal.ai\/corrections-policy\/","ethicsPolicy":"https:\/\/talkpal.ai\/ethics-policy\/","diversityPolicy":"https:\/\/talkpal.ai\/diversity-policy\/","diversityStaffingReport":"https:\/\/talkpal.ai\/diversity-policy\/"}]}},"_links":{"self":[{"href":"https:\/\/talkpal.ai\/no\/wp-json\/wp\/v2\/pages\/152297","targetHints":{"allow":["GET"]}}],"collection":[{"href":"https:\/\/talkpal.ai\/no\/wp-json\/wp\/v2\/pages"}],"about":[{"href":"https:\/\/talkpal.ai\/no\/wp-json\/wp\/v2\/types\/page"}],"author":[{"embeddable":true,"href":"https:\/\/talkpal.ai\/no\/wp-json\/wp\/v2\/users\/1"}],"replies":[{"embeddable":true,"href":"https:\/\/talkpal.ai\/no\/wp-json\/wp\/v2\/comments?post=152297"}],"version-history":[{"count":0,"href":"https:\/\/talkpal.ai\/no\/wp-json\/wp\/v2\/pages\/152297\/revisions"}],"wp:featuredmedia":[{"embeddable":true,"href":"https:\/\/talkpal.ai\/no\/wp-json\/wp\/v2\/media\/121181"}],"wp:attachment":[{"href":"https:\/\/talkpal.ai\/no\/wp-json\/wp\/v2\/media?parent=152297"}],"curies":[{"name":"wp","href":"https:\/\/api.w.org\/{rel}","templated":true}]}}