{"id":151535,"date":"2023-05-14T14:20:51","date_gmt":"2023-05-14T14:20:51","guid":{"rendered":"http:\/\/talkpal.ai\/walisisk-grammatikk\/"},"modified":"2025-12-12T10:59:01","modified_gmt":"2025-12-12T10:59:01","slug":"walisisk-grammatikk","status":"publish","type":"page","link":"https:\/\/talkpal.ai\/no\/walisisk-grammatikk\/","title":{"rendered":"walisisk grammatikk"},"content":{"rendered":"\r\n\r\n\r\n<section class=\"languageChallengeSection\">\r\n    <div class=\"languageInfoWrapper\">\r\n        \r\n        <h1>walisisk grammatikk<\/h1>\r\n        <p><a href=\"https:\/\/talkpal.ai\/welsh-grammar\/\">Walisisk grammatikk<\/a> kan virke utfordrende til \u00e5 begynne med, men spr\u00e5kets unike egenskaper gj\u00f8r det til en givende opplevelse \u00e5 l\u00e6re det. Ved \u00e5 utforske alfabetet, mutasjonene og grammatikkreglene f\u00e5r du innsikt i en rik spr\u00e5ktradisjon. Begynn reisen og oppdag skj\u00f8nnheten i <a href=\"https:\/\/talkpal.ai\/learn-welsh\/\">walisisk<\/a>!<\/p>\r\n\r\n                            <a class=\"getStartedHidden\" href=\"https:\/\/app.talkpal.ai\/no\/signup?lng=\">Kom i gang<\/a>\r\n        \r\n    <\/div>\r\n\r\n    <figure>\r\n    <img decoding=\"async\" width=\"768\" height=\"768\" src=\"https:\/\/talkpal.ai\/wp-content\/uploads\/2023\/06\/welsh-768x768.png\" class=\"languageImage no-lazy\" alt=\"Language learning for better cognitive abilities\" fetchpriority=\"high\" sizes=\"(max-width: 768px) 150px, 768px\" srcset=\"https:\/\/talkpal.ai\/wp-content\/uploads\/2023\/06\/welsh-768x768.png 768w, https:\/\/talkpal.ai\/wp-content\/uploads\/2023\/06\/welsh-300x300.png 300w\" \/>\r\n    \r\n\r\n    <\/figure>\r\n\r\n            <a class=\"getStartedVisible\" href=\"https:\/\/app.talkpal.ai\/no\/signup?lng=\">Kom i gang<\/a>\r\n    \r\n<\/section>\r\n<section class=\"promotionalBanner\">\r\n    <p class=\"promotionalText\">Den mest effektive m\u00e5ten \u00e5 l\u00e6re et spr\u00e5k p\u00e5<\/p>\r\n    <a class=\"promotionalLink\" href=\"https:\/\/app.talkpal.ai\/no\/signup?lng=\">Pr\u00f8v Talkpal gratis<\/a>\r\n<\/section>\n<div class=\"wp-block-group pageContainerStyle\"><div class=\"wp-block-group__inner-container is-layout-constrained wp-block-group-is-layout-constrained\">\n<h2 class=\"wp-block-heading\" id=\"h-navigating-the-intricacies-of-welsh-grammar\">Naviger i forviklingene ved walisisk grammatikk<\/h2>\n\n\n\n<p><a href=\"https:\/\/talkpal.ai\/no\/laer-walisisk\/\">Walisisk<\/a>, et bretonsk-keltisk spr\u00e5k med en rik historie og kulturell betydning, byr p\u00e5 en spennende spr\u00e5kopplevelse for dem som er ivrige etter \u00e5 utforske det unike grammatiske systemet. N\u00e5r du begir deg ut p\u00e5 <a href=\"https:\/\/talkpal.ai\/learn-welsh\/\">walisisk<\/a>, vil du ikke bare berike ditt spr\u00e5klige repertoar, men ogs\u00e5 bli med p\u00e5 en fascinerende kulturell reise. Selv om walisisk <a href=\"https:\/\/talkpal.ai\/grammar\/\">grammatikk<\/a> kan virke komplisert ved f\u00f8rste \u00f8yekast, er det lettere \u00e5 <a href=\"https:\/\/talkpal.ai\/no\/talkpal-for-utdanning\/\">l\u00e6re<\/a> seg spr\u00e5ket ved \u00e5 dele det opp i kjernekomponenter. I denne artikkelen utforsker vi den walisiske grammatikkens fengslende verden og gir deg tips om hvordan du kan <a href=\"https:\/\/talkpal.ai\/locations\/language-courses-in-mestre\/\">mestre<\/a> dens kompleksitet.<\/p>\n\n\n\n<h3 class=\"wp-block-heading\" id=\"h-1-welsh-alphabet-and-phonetics\">1. Walisisk alfabet og fonetikk<\/h3>\n\n\n\n<p>Det walisiske alfabetet best\u00e5r av 29 bokstaver, hvorav noen er unike for spr\u00e5ket, som &laquo;ll&raquo;, &laquo;dd&raquo; og &laquo;ff&raquo;. For \u00e5 <a href=\"https:\/\/talkpal.ai\/no\/laer-walisisk\/\">l\u00e6re walisisk<\/a> grammatikk er det viktig \u00e5 bli kjent med dette s\u00e6regne skriftsystemet ved \u00e5 \u00f8ve seg p\u00e5 \u00e5 lese og skrive p\u00e5 walisisk.<\/p>\n\n\n\n<h3 class=\"wp-block-heading\" id=\"h-2-mutations-a-peculiar-welsh-feature\">2. Mutasjoner: En s\u00e6regen walisisk funksjon<\/h3>\n\n\n\n<p>Et av de mest sl\u00e5ende aspektene ved walisisk grammatikk er utbredelsen av mutasjoner, som involverer endringer i den f\u00f8rste konsonanten til et ord. Det er tre prim\u00e6re typer mutasjoner p\u00e5 walisisk: myk mutasjon, nasal mutasjon og aspiratmutasjon. \u00c5 forst\u00e5 n\u00e5r og hvordan disse mutasjonene oppst\u00e5r er avgj\u00f8rende for n\u00f8yaktig kommunikasjon p\u00e5 walisisk.<\/p>\n\n\n\n<h3 class=\"wp-block-heading\" id=\"h-3-nouns-and-pronouns-gender-and-cases\">3. Substantiv og pronomen: Kj\u00f8nn og kasus<\/h3>\n\n\n\n<p>Walisiske substantiver har grammatisk kj\u00f8nn (maskulint eller feminint) og kan f\u00f8lge forskjellige flertallsformasjonsregler basert p\u00e5 kj\u00f8nnet deres. Pronomen p\u00e5 walisisk inkluderer personlige, besittende, refleksive, demonstrative og sp\u00f8rrende pronomen. \u00c5 bli kjent med disse pronomenene og deres former vil forbedre forst\u00e5elsen av walisisk grammatikk betydelig.<\/p>\n\n\n\n<h3 class=\"wp-block-heading\" id=\"h-4-verbs-structure-and-conjugation\">4. Verb: Struktur og b\u00f8ying<\/h3>\n\n\n\n<p>Walisiske verb f\u00f8lger en unik struktur og b\u00f8yningsm\u00f8nster avhengig av anspenthet, hum\u00f8r og person. De essensielle tidene p\u00e5 walisisk er n\u00e5tid, fortid og fremtid, med tilleggselementer som betingede og imperative stemninger. \u00c5 l\u00e6re verbb\u00f8yingsreglene vil forbedre din evne til \u00e5 kommunisere effektivt p\u00e5 walisisk.<\/p>\n\n\n\n<h3 class=\"wp-block-heading\" id=\"h-5-adjectives-agreement-and-placement\">5. Adjektiver: Avtale og plassering<\/h3>\n\n\n\n<p>I walisisk grammatikk f\u00f8lger adjektiver vanligvis substantivet de endrer og b\u00f8r stemme overens i antall med substantivet. Noen adjektiver p\u00e5 walisisk viser uregelmessige komparative og superlative former, som er avgj\u00f8rende for \u00e5 l\u00e6re \u00e5 kommunisere mer naturlig.<\/p>\n\n\n\n<p><strong>Eksempler:<\/strong><\/p>\n\n\n\n<p><strong>&#8211; cariad mawr (stor kj\u00e6rlighet)<\/strong><\/p>\n\n\n\n<p><strong>&#8211; plante bach (sm\u00e5 barn)<\/strong><\/p>\n\n\n\n<h3 class=\"wp-block-heading\" id=\"h-6-engaging-with-the-language\">6. Engasjere seg med spr\u00e5ket<\/h3>\n\n\n\n<p>Den mest effektive m\u00e5ten \u00e5 fullt ut forst\u00e5 og internalisere walisisk grammatikk er \u00e5 konsekvent engasjere seg i spr\u00e5ket. Ved \u00e5 lese walisisk litteratur, se walisiske filmer eller TV-serier og aktivt kommunisere med morsm\u00e5l, vil du styrke forst\u00e5elsen av grammatikk samtidig som du utvider ordforr\u00e5det.<\/p>\n\n\n\n<h3 class=\"wp-block-heading\" id=\"h-conclusion\">Konklusjon<\/h3>\n\n\n\n<p>Selv om walisisk grammatikk kan virke intrikat, kan du bli dyktig i dette vakre spr\u00e5ket med dedikasjon, \u00f8velse og entusiasme. Ved \u00e5 fokusere p\u00e5 de grunnleggende reglene og bruke spr\u00e5ket i ulike sammenhenger, vil du raskt forbedre dine <a href=\"https:\/\/talkpal.ai\/no\/grammatikk\/\">ferdigheter i walisisk grammatikk<\/a>. Pob lwc (<a href=\"https:\/\/talkpal.ai\/culture\/how-do-you-say-good-luck-with-that-in-norwegian\/\">lykke til<\/a>) med din walisiske spr\u00e5kreise, og nyt \u00e5 avdekke den g\u00e5tefulle, men likevel fengslende verdenen av walisisk grammatikk!<\/p>\n<\/div><\/div>\n\r\n<section class=\"learnNavigationSection\">\r\n            \r\n        <a href=\"https:\/\/talkpal.ai\/no\/laer-walisisk\/\">\r\n            <div class=\"learnNavigationWrapper\">\r\n                <div class=\"learnNavigationContent\">\r\n                    <img decoding=\"async\" src=\"https:\/\/talkpal.ai\/wp-content\/uploads\/2024\/08\/Welsh.jpg\" alt=\"Welsh Flag\">\r\n                    <div>\r\n                        <h4>Om walisisk l\u00e6ring<\/h4>\r\n                        <p>Finn ut alt om walisisk grammatikk.<\/p>\r\n                    <\/div>\r\n                <\/div>\r\n            <\/div>\r\n        <\/a>\r\n\r\n        \r\n        <a href=\"https:\/\/talkpal.ai\/no\/welsh-grammatikkovelser\/\">\r\n            <div class=\"learnNavigationWrapper\">\r\n                <div class=\"learnNavigationContent\">\r\n                    <img decoding=\"async\" src=\"https:\/\/talkpal.ai\/wp-content\/uploads\/2024\/08\/Welsh.jpg\" alt=\"Welsh Flag\">\r\n                    <div>\r\n                        <h4>\u00d8velse i walisisk grammatikk<\/h4>\r\n                        <p>\u00d8v walisisk grammatikk.<\/p>\r\n                    <\/div>\r\n                <\/div>\r\n            <\/div>\r\n        <\/a>\r\n\r\n        \r\n        <a href=\"https:\/\/talkpal.ai\/vocabulary_language\/welsh\/\">\r\n            <div class=\"learnNavigationWrapper\">\r\n                <div class=\"learnNavigationContent\">\r\n                    <img decoding=\"async\" src=\"https:\/\/talkpal.ai\/wp-content\/uploads\/2024\/08\/Welsh.jpg\" alt=\"Welsh Flag\">\r\n                    <div>\r\n                        <h4>Walisisk ordforr\u00e5d<\/h4>\r\n                        <p>Utvid det walisiske ordforr\u00e5det ditt.<\/p>\r\n                    <\/div>\r\n                <\/div>\r\n            <\/div>\r\n        <\/a>\r\n\r\n            <\/section>","protected":false},"excerpt":{"rendered":"<p>Naviger i forviklingene ved walisisk grammatikk Walisisk, et bretonsk-keltisk spr\u00e5k med en rik historie og kulturell betydning, byr p\u00e5 en spennende spr\u00e5kopplevelse for dem som er ivrige etter \u00e5 utforske det unike grammatiske systemet. N\u00e5r du begir deg ut p\u00e5 walisisk, vil du ikke bare berike ditt spr\u00e5klige repertoar, men ogs\u00e5 bli med p\u00e5 en [&hellip;]<\/p>\n","protected":false},"author":1,"featured_media":121462,"parent":0,"menu_order":0,"comment_status":"closed","ping_status":"closed","template":"LearningContentPage.php","meta":{"_acf_changed":false,"footnotes":""},"class_list":["post-151535","page","type-page","status-publish","has-post-thumbnail","hentry"],"acf":[],"yoast_head":"<!-- This site is optimized with the Yoast SEO Premium plugin v27.2 (Yoast SEO v27.2) - https:\/\/yoast.com\/product\/yoast-seo-premium-wordpress\/ -->\n<title>walisisk grammatikk - Talkpal<\/title>\n<meta name=\"description\" content=\"Utforsk den walisiske grammatikkens forviklinger og avsl\u00f8r hemmelighetene bak dette unike keltiske spr\u00e5ket. Start reisen din i dag.\" \/>\n<meta name=\"robots\" content=\"index, follow, max-snippet:-1, max-image-preview:large, max-video-preview:-1\" \/>\n<link rel=\"canonical\" href=\"https:\/\/talkpal.ai\/no\/walisisk-grammatikk\/\" \/>\n<meta property=\"og:locale\" content=\"nb_NO\" \/>\n<meta property=\"og:type\" content=\"article\" \/>\n<meta property=\"og:title\" content=\"walisisk grammatikk\" \/>\n<meta property=\"og:description\" content=\"Naviger i forviklingene ved walisisk grammatikk Walisisk, et bretonsk-keltisk spr\u00e5k med en rik historie og kulturell betydning, byr p\u00e5 en spennende\" \/>\n<meta property=\"og:url\" content=\"https:\/\/talkpal.ai\/no\/walisisk-grammatikk\/\" \/>\n<meta property=\"og:site_name\" content=\"Talkpal\" \/>\n<meta property=\"article:publisher\" content=\"https:\/\/www.facebook.com\/profile.php?id=100090733639311\" \/>\n<meta property=\"article:modified_time\" content=\"2025-12-12T10:59:01+00:00\" \/>\n<meta property=\"og:image\" content=\"https:\/\/talkpal.ai\/wp-content\/uploads\/2023\/05\/Wales.png\" \/>\n\t<meta property=\"og:image:width\" content=\"512\" \/>\n\t<meta property=\"og:image:height\" content=\"512\" \/>\n\t<meta property=\"og:image:type\" content=\"image\/png\" \/>\n<meta name=\"twitter:card\" content=\"summary_large_image\" \/>\n<meta name=\"twitter:site\" content=\"@talkpalai\" \/>\n<meta name=\"twitter:label1\" content=\"Ansl. lesetid\" \/>\n\t<meta name=\"twitter:data1\" content=\"3 minutter\" \/>\n<script type=\"application\/ld+json\" class=\"yoast-schema-graph\">{\"@context\":\"https:\/\/schema.org\",\"@graph\":[{\"@type\":\"WebPage\",\"@id\":\"https:\/\/talkpal.ai\/no\/walisisk-grammatikk\/\",\"url\":\"https:\/\/talkpal.ai\/no\/walisisk-grammatikk\/\",\"name\":\"walisisk grammatikk - Talkpal\",\"isPartOf\":{\"@id\":\"https:\/\/talkpal.ai\/no\/#website\"},\"primaryImageOfPage\":{\"@id\":\"https:\/\/talkpal.ai\/no\/walisisk-grammatikk\/#primaryimage\"},\"image\":{\"@id\":\"https:\/\/talkpal.ai\/no\/walisisk-grammatikk\/#primaryimage\"},\"thumbnailUrl\":\"https:\/\/talkpal.ai\/wp-content\/uploads\/2023\/05\/Wales.png\",\"datePublished\":\"2023-05-14T14:20:51+00:00\",\"dateModified\":\"2025-12-12T10:59:01+00:00\",\"description\":\"Utforsk den walisiske grammatikkens forviklinger og avsl\u00f8r hemmelighetene bak dette unike keltiske spr\u00e5ket. Start reisen din i dag.\",\"breadcrumb\":{\"@id\":\"https:\/\/talkpal.ai\/no\/walisisk-grammatikk\/#breadcrumb\"},\"inLanguage\":\"nb-NO\",\"potentialAction\":[{\"@type\":\"ReadAction\",\"target\":[\"https:\/\/talkpal.ai\/no\/walisisk-grammatikk\/\"]}]},{\"@type\":\"ImageObject\",\"inLanguage\":\"nb-NO\",\"@id\":\"https:\/\/talkpal.ai\/no\/walisisk-grammatikk\/#primaryimage\",\"url\":\"https:\/\/talkpal.ai\/wp-content\/uploads\/2023\/05\/Wales.png\",\"contentUrl\":\"https:\/\/talkpal.ai\/wp-content\/uploads\/2023\/05\/Wales.png\",\"width\":512,\"height\":512},{\"@type\":\"BreadcrumbList\",\"@id\":\"https:\/\/talkpal.ai\/no\/walisisk-grammatikk\/#breadcrumb\",\"itemListElement\":[{\"@type\":\"ListItem\",\"position\":1,\"name\":\"Homepage\",\"item\":\"https:\/\/talkpal.ai\/no\/\"},{\"@type\":\"ListItem\",\"position\":2,\"name\":\"walisisk grammatikk\"}]},{\"@type\":\"WebSite\",\"@id\":\"https:\/\/talkpal.ai\/no\/#website\",\"url\":\"https:\/\/talkpal.ai\/no\/\",\"name\":\"Talkpal\",\"description\":\"AI Language Learning\",\"publisher\":{\"@id\":\"https:\/\/talkpal.ai\/no\/#organization\"},\"alternateName\":\"Talkpal AI\",\"potentialAction\":[{\"@type\":\"SearchAction\",\"target\":{\"@type\":\"EntryPoint\",\"urlTemplate\":\"https:\/\/talkpal.ai\/no\/?s={search_term_string}\"},\"query-input\":{\"@type\":\"PropertyValueSpecification\",\"valueRequired\":true,\"valueName\":\"search_term_string\"}}],\"inLanguage\":\"nb-NO\"},{\"@type\":\"Organization\",\"@id\":\"https:\/\/talkpal.ai\/no\/#organization\",\"name\":\"Talkpal, Inc.\",\"alternateName\":\"Talkpal AI\",\"url\":\"https:\/\/talkpal.ai\/no\/\",\"logo\":{\"@type\":\"ImageObject\",\"inLanguage\":\"nb-NO\",\"@id\":\"https:\/\/talkpal.ai\/no\/#\/schema\/logo\/image\/\",\"url\":\"https:\/\/talkpal.ai\/wp-content\/uploads\/2024\/03\/Talkpal-Logo-Icon.png\",\"contentUrl\":\"https:\/\/talkpal.ai\/wp-content\/uploads\/2024\/03\/Talkpal-Logo-Icon.png\",\"width\":2880,\"height\":2880,\"caption\":\"Talkpal, Inc.\"},\"image\":{\"@id\":\"https:\/\/talkpal.ai\/no\/#\/schema\/logo\/image\/\"},\"sameAs\":[\"https:\/\/www.facebook.com\/profile.php?id=100090733639311\",\"https:\/\/x.com\/talkpalai\",\"https:\/\/www.linkedin.com\/company\/talkpal\/\",\"https:\/\/www.youtube.com\/@TalkPal\/\",\"https:\/\/www.tiktok.com\/@talkpal\",\"https:\/\/www.instagram.com\/talkpal_ai\/\",\"https:\/\/www.crunchbase.com\/organization\/talkpal-9cde\",\"https:\/\/www.g2.com\/products\/talkpal-for-business\/\",\"https:\/\/www.trustpilot.com\/review\/talkpal.ai\",\"https:\/\/www.capterra.com\/p\/10006800\/TalkPal\/\"],\"description\":\"Talkpal is a language learning web and mobile education app, powered by the latest AI technologies, that provides engaging experiences to its customers in many different languages to help them improve their language skills. Users can chat about unlimited amount of topics with the app and use other modes to practice their language learning.\",\"email\":\"support@talkpal.ai\",\"legalName\":\"Talkpal, Inc.\",\"foundingDate\":\"2023-04-03\",\"duns\":\"118989042\",\"numberOfEmployees\":{\"@type\":\"QuantitativeValue\",\"minValue\":\"11\",\"maxValue\":\"50\"},\"publishingPrinciples\":\"https:\/\/talkpal.ai\/publishing-principles\/\",\"actionableFeedbackPolicy\":\"https:\/\/talkpal.ai\/actionable-feedback-policy\/\",\"correctionsPolicy\":\"https:\/\/talkpal.ai\/corrections-policy\/\",\"ethicsPolicy\":\"https:\/\/talkpal.ai\/ethics-policy\/\",\"diversityPolicy\":\"https:\/\/talkpal.ai\/diversity-policy\/\",\"diversityStaffingReport\":\"https:\/\/talkpal.ai\/diversity-policy\/\"}]}<\/script>\n<!-- \/ Yoast SEO Premium plugin. -->","yoast_head_json":{"title":"walisisk grammatikk - Talkpal","description":"Utforsk den walisiske grammatikkens forviklinger og avsl\u00f8r hemmelighetene bak dette unike keltiske spr\u00e5ket. Start reisen din i dag.","robots":{"index":"index","follow":"follow","max-snippet":"max-snippet:-1","max-image-preview":"max-image-preview:large","max-video-preview":"max-video-preview:-1"},"canonical":"https:\/\/talkpal.ai\/no\/walisisk-grammatikk\/","og_locale":"nb_NO","og_type":"article","og_title":"walisisk grammatikk","og_description":"Naviger i forviklingene ved walisisk grammatikk Walisisk, et bretonsk-keltisk spr\u00e5k med en rik historie og kulturell betydning, byr p\u00e5 en spennende","og_url":"https:\/\/talkpal.ai\/no\/walisisk-grammatikk\/","og_site_name":"Talkpal","article_publisher":"https:\/\/www.facebook.com\/profile.php?id=100090733639311","article_modified_time":"2025-12-12T10:59:01+00:00","og_image":[{"width":512,"height":512,"url":"https:\/\/talkpal.ai\/wp-content\/uploads\/2023\/05\/Wales.png","type":"image\/png"}],"twitter_card":"summary_large_image","twitter_site":"@talkpalai","twitter_misc":{"Ansl. lesetid":"3 minutter"},"schema":{"@context":"https:\/\/schema.org","@graph":[{"@type":"WebPage","@id":"https:\/\/talkpal.ai\/no\/walisisk-grammatikk\/","url":"https:\/\/talkpal.ai\/no\/walisisk-grammatikk\/","name":"walisisk grammatikk - Talkpal","isPartOf":{"@id":"https:\/\/talkpal.ai\/no\/#website"},"primaryImageOfPage":{"@id":"https:\/\/talkpal.ai\/no\/walisisk-grammatikk\/#primaryimage"},"image":{"@id":"https:\/\/talkpal.ai\/no\/walisisk-grammatikk\/#primaryimage"},"thumbnailUrl":"https:\/\/talkpal.ai\/wp-content\/uploads\/2023\/05\/Wales.png","datePublished":"2023-05-14T14:20:51+00:00","dateModified":"2025-12-12T10:59:01+00:00","description":"Utforsk den walisiske grammatikkens forviklinger og avsl\u00f8r hemmelighetene bak dette unike keltiske spr\u00e5ket. Start reisen din i dag.","breadcrumb":{"@id":"https:\/\/talkpal.ai\/no\/walisisk-grammatikk\/#breadcrumb"},"inLanguage":"nb-NO","potentialAction":[{"@type":"ReadAction","target":["https:\/\/talkpal.ai\/no\/walisisk-grammatikk\/"]}]},{"@type":"ImageObject","inLanguage":"nb-NO","@id":"https:\/\/talkpal.ai\/no\/walisisk-grammatikk\/#primaryimage","url":"https:\/\/talkpal.ai\/wp-content\/uploads\/2023\/05\/Wales.png","contentUrl":"https:\/\/talkpal.ai\/wp-content\/uploads\/2023\/05\/Wales.png","width":512,"height":512},{"@type":"BreadcrumbList","@id":"https:\/\/talkpal.ai\/no\/walisisk-grammatikk\/#breadcrumb","itemListElement":[{"@type":"ListItem","position":1,"name":"Homepage","item":"https:\/\/talkpal.ai\/no\/"},{"@type":"ListItem","position":2,"name":"walisisk grammatikk"}]},{"@type":"WebSite","@id":"https:\/\/talkpal.ai\/no\/#website","url":"https:\/\/talkpal.ai\/no\/","name":"Talkpal","description":"AI Language Learning","publisher":{"@id":"https:\/\/talkpal.ai\/no\/#organization"},"alternateName":"Talkpal AI","potentialAction":[{"@type":"SearchAction","target":{"@type":"EntryPoint","urlTemplate":"https:\/\/talkpal.ai\/no\/?s={search_term_string}"},"query-input":{"@type":"PropertyValueSpecification","valueRequired":true,"valueName":"search_term_string"}}],"inLanguage":"nb-NO"},{"@type":"Organization","@id":"https:\/\/talkpal.ai\/no\/#organization","name":"Talkpal, Inc.","alternateName":"Talkpal AI","url":"https:\/\/talkpal.ai\/no\/","logo":{"@type":"ImageObject","inLanguage":"nb-NO","@id":"https:\/\/talkpal.ai\/no\/#\/schema\/logo\/image\/","url":"https:\/\/talkpal.ai\/wp-content\/uploads\/2024\/03\/Talkpal-Logo-Icon.png","contentUrl":"https:\/\/talkpal.ai\/wp-content\/uploads\/2024\/03\/Talkpal-Logo-Icon.png","width":2880,"height":2880,"caption":"Talkpal, Inc."},"image":{"@id":"https:\/\/talkpal.ai\/no\/#\/schema\/logo\/image\/"},"sameAs":["https:\/\/www.facebook.com\/profile.php?id=100090733639311","https:\/\/x.com\/talkpalai","https:\/\/www.linkedin.com\/company\/talkpal\/","https:\/\/www.youtube.com\/@TalkPal\/","https:\/\/www.tiktok.com\/@talkpal","https:\/\/www.instagram.com\/talkpal_ai\/","https:\/\/www.crunchbase.com\/organization\/talkpal-9cde","https:\/\/www.g2.com\/products\/talkpal-for-business\/","https:\/\/www.trustpilot.com\/review\/talkpal.ai","https:\/\/www.capterra.com\/p\/10006800\/TalkPal\/"],"description":"Talkpal is a language learning web and mobile education app, powered by the latest AI technologies, that provides engaging experiences to its customers in many different languages to help them improve their language skills. Users can chat about unlimited amount of topics with the app and use other modes to practice their language learning.","email":"support@talkpal.ai","legalName":"Talkpal, Inc.","foundingDate":"2023-04-03","duns":"118989042","numberOfEmployees":{"@type":"QuantitativeValue","minValue":"11","maxValue":"50"},"publishingPrinciples":"https:\/\/talkpal.ai\/publishing-principles\/","actionableFeedbackPolicy":"https:\/\/talkpal.ai\/actionable-feedback-policy\/","correctionsPolicy":"https:\/\/talkpal.ai\/corrections-policy\/","ethicsPolicy":"https:\/\/talkpal.ai\/ethics-policy\/","diversityPolicy":"https:\/\/talkpal.ai\/diversity-policy\/","diversityStaffingReport":"https:\/\/talkpal.ai\/diversity-policy\/"}]}},"_links":{"self":[{"href":"https:\/\/talkpal.ai\/no\/wp-json\/wp\/v2\/pages\/151535","targetHints":{"allow":["GET"]}}],"collection":[{"href":"https:\/\/talkpal.ai\/no\/wp-json\/wp\/v2\/pages"}],"about":[{"href":"https:\/\/talkpal.ai\/no\/wp-json\/wp\/v2\/types\/page"}],"author":[{"embeddable":true,"href":"https:\/\/talkpal.ai\/no\/wp-json\/wp\/v2\/users\/1"}],"replies":[{"embeddable":true,"href":"https:\/\/talkpal.ai\/no\/wp-json\/wp\/v2\/comments?post=151535"}],"version-history":[{"count":0,"href":"https:\/\/talkpal.ai\/no\/wp-json\/wp\/v2\/pages\/151535\/revisions"}],"wp:featuredmedia":[{"embeddable":true,"href":"https:\/\/talkpal.ai\/no\/wp-json\/wp\/v2\/media\/121462"}],"wp:attachment":[{"href":"https:\/\/talkpal.ai\/no\/wp-json\/wp\/v2\/media?parent=151535"}],"curies":[{"name":"wp","href":"https:\/\/api.w.org\/{rel}","templated":true}]}}