{"id":150904,"date":"2023-05-14T14:20:10","date_gmt":"2023-05-14T14:20:10","guid":{"rendered":"http:\/\/talkpal.ai\/slovensk-grammatikk\/"},"modified":"2025-12-12T11:15:38","modified_gmt":"2025-12-12T11:15:38","slug":"slovensk-grammatikk","status":"publish","type":"page","link":"https:\/\/talkpal.ai\/no\/slovensk-grammatikk\/","title":{"rendered":"Slovensk grammatikk"},"content":{"rendered":"\r\n\r\n\r\n<section class=\"languageChallengeSection\">\r\n    <div class=\"languageInfoWrapper\">\r\n        \r\n        <h1>Slovensk grammatikk<\/h1>\r\n        <p>L\u00e6r deg det slovenske spr\u00e5kets s\u00e6regne sjarm ved \u00e5 l\u00e6re deg de viktigste grammatikkreglene. Med en solid forst\u00e5else av <a href=\"https:\/\/talkpal.ai\/slovenian-grammar\/\">slovensk grammatikk<\/a> vil du kunne komme i kontakt med morsm\u00e5lstalende og sette bedre pris p\u00e5 landets rike kulturarv. Begynn \u00e5 l\u00e6re <a href=\"https:\/\/talkpal.ai\/learn-slovenian\/\">slovensk<\/a> grammatikk i dag og ta det f\u00f8rste skrittet mot flytende <a href=\"https:\/\/talkpal.ai\/learn-slovenian\/\">slovensk<\/a>!<\/p>\r\n\r\n                            <a class=\"getStartedHidden\" href=\"https:\/\/app.talkpal.ai\/no\/signup?lng=\">Kom i gang<\/a>\r\n        \r\n    <\/div>\r\n\r\n    <figure>\r\n    <img decoding=\"async\" width=\"768\" height=\"768\" src=\"https:\/\/talkpal.ai\/wp-content\/uploads\/2023\/06\/slovenian-768x768.png\" class=\"languageImage no-lazy\" alt=\"Language learning for broader perspectives\" fetchpriority=\"high\" sizes=\"(max-width: 768px) 150px, 768px\" srcset=\"https:\/\/talkpal.ai\/wp-content\/uploads\/2023\/06\/slovenian-768x768.png 768w, https:\/\/talkpal.ai\/wp-content\/uploads\/2023\/06\/slovenian-300x300.png 300w\" \/>\r\n    \r\n\r\n    <\/figure>\r\n\r\n            <a class=\"getStartedVisible\" href=\"https:\/\/app.talkpal.ai\/no\/signup?lng=\">Kom i gang<\/a>\r\n    \r\n<\/section>\r\n<section class=\"promotionalBanner\">\r\n    <p class=\"promotionalText\">Den mest effektive m\u00e5ten \u00e5 l\u00e6re et spr\u00e5k p\u00e5<\/p>\r\n    <a class=\"promotionalLink\" href=\"https:\/\/app.talkpal.ai\/no\/signup?lng=\">Pr\u00f8v Talkpal gratis<\/a>\r\n<\/section>\n<div class=\"wp-block-group pageContainerStyle\"><div class=\"wp-block-group__inner-container is-layout-constrained wp-block-group-is-layout-constrained\">\n<h1 class=\"wp-block-heading\" id=\"h-slovenian-grammar-a-short-introduction-for-language-lovers\">Slovensk grammatikk: En kort introduksjon for spr\u00e5kelskere<\/h1>\n\n\n\n<p>Er du klar til \u00e5 dykke inn i den fortryllende verdenen til slovensk, et fantastisk slavisk spr\u00e5k? N\u00e5 kan du glede deg! Denne korte guiden vil gi deg et innblikk i <a href=\"https:\/\/talkpal.ai\/slovenian-grammar\/\">slovensk grammatikk<\/a>, som er avgj\u00f8rende for \u00e5 forst\u00e5 og <a href=\"https:\/\/talkpal.ai\/locations\/language-courses-in-mestre\/\">mestre<\/a> dette fengslende spr\u00e5ket. S\u00e5 la <a href=\"https:\/\/talkpal.ai\/locations\/language-courses-in-oss\/\">oss<\/a> ta fatt p\u00e5 dette spr\u00e5klige eventyret og utforske den slovenske grammatikkens vanskeligheter trinn for trinn.<\/p>\n\n\n\n<p>Slovensk, ogs\u00e5 kjent som slovensk, snakkes hovedsakelig i Slovenia av rundt 2,5 millioner mennesker. Som et s\u00f8rslavisk spr\u00e5k deler det flere funksjoner med sine n\u00e6re slektninger, som <a href=\"https:\/\/talkpal.ai\/learn-serbian\/\">serbisk<\/a>, <a href=\"https:\/\/talkpal.ai\/learn-croatian\/\">kroatisk<\/a> og <a href=\"https:\/\/talkpal.ai\/learn-bulgarian\/\">bulgarsk<\/a>. Imidlertid kan slovensk skryte av sine unike vendinger og stil.<\/p>\n\n\n\n<p>La oss uten videre fordype oss i de viktigste aspektene ved slovensk grammatikk:<\/p>\n\n\n\n<h3 class=\"wp-block-heading\" id=\"h-1-nouns-and-cases\">1. Substantiv og kasus:<\/h3>\n\n\n\n<p>Slovenske substantiv kommer i tre kj\u00f8nn &#8211; hankj\u00f8nn, feminint og intetkj\u00f8nn. Hvert substantiv kan brukes i en av de seks slovenske tilfellene: nominativ, genitiv, dativ, akkusativ, lokativ og instrumental. Disse kasusene uttrykker ulike grammatiske funksjoner eller relasjoner mellom ord, og det er derfor viktig \u00e5 l\u00e6re seg \u00e5 bruke dem riktig i kontekst.<\/p>\n\n\n\n<h3 class=\"wp-block-heading\" id=\"h-2-articles\">2. Artikler:<\/h3>\n\n\n\n<p>Her er noen gode nyheter &#8211; slovensk bruker ikke artikler som &laquo;the&raquo; eller &laquo;a&raquo;! I stedet formidles meningen gjennom bruk av kasus og ordstilling. Dette kan gj\u00f8re det litt lettere \u00e5 l\u00e6re slovensk, spesielt hvis du ikke er vant til spr\u00e5k med komplekse artikkelsystemer.<\/p>\n\n\n\n<h3 class=\"wp-block-heading\" id=\"h-3-adjectives\">3. Adjektiver:<\/h3>\n\n\n\n<p>Akkurat som substantiver, stemmer adjektiver p\u00e5 slovensk i kj\u00f8nn, tall og kasus med substantivet de endrer. Dette gj\u00f8r adjektivbruken litt mer komplisert enn p\u00e5 engelsk, men frykt ikke &#8211; med litt \u00f8velse vil du mestre slovenske adjektiv p\u00e5 kort tid!<\/p>\n\n\n\n<h3 class=\"wp-block-heading\" id=\"h-4-verbs\">4. Verb:<\/h3>\n\n\n\n<p>Det slovenske spr\u00e5ket har et tredelt verbsystem: tre b\u00f8yningsgrupper avhengig av verbets stamme som ender i infinitivsform. Slovenske verb har ogs\u00e5 forskjellige tider og stemninger, inkludert den unike doble formen, som brukes n\u00e5r det refereres til to emner eller objekter. V\u00e6r forberedt p\u00e5 \u00e5 bruke litt tid p\u00e5 \u00e5 l\u00e6re og \u00f8ve p\u00e5 slovenske verbb\u00f8yninger for \u00e5 f\u00e5 tillit til spr\u00e5kkunnskapene dine.<\/p>\n\n\n\n<h3 class=\"wp-block-heading\" id=\"h-5-word-order\">5. Ordrekkef\u00f8lge:<\/h3>\n\n\n\n<p>Slovensk f\u00f8lger vanligvis en subjekt-verb-objekt (SVO) ordrekkef\u00f8lge, som b\u00f8r v\u00e6re kjent for engelsktalende. Spr\u00e5ket har imidlertid en viss grad av fleksibilitet, slik at du kan fremheve bestemte deler av setningen ved \u00e5 bytte ordrekkef\u00f8lge. Det er viktig \u00e5 bruke kasus p\u00e5 riktig m\u00e5te for \u00e5 unng\u00e5 forvirring og formidle den tiltenkte meningen.<\/p>\n\n\n\n<h3 class=\"wp-block-heading\" id=\"h-6-pronouns-and-prepositions\">6. Pronomen og preposisjoner:<\/h3>\n\n\n\n<p>Slovenske pronomen, som andre elementer i spr\u00e5ket, p\u00e5virkes av kj\u00f8nn, tall og kasus. De kommer i ulike former, for eksempel personlig, besittende, demonstrativ og refleksiv. \u00c5 bli kjent med slovenske preposisjoner vil ogs\u00e5 hjelpe deg med \u00e5 koble ord og uttrykk for \u00e5 lage mer komplekse setninger.<\/p>\n\n\n\n<p>N\u00e5 har du f\u00e5tt en grunnleggende forst\u00e5else av slovensk grammatikk! Husk at det \u00e5 bli dyktig i et hvilket som helst spr\u00e5k krever dedikasjon og \u00f8velse. Ta utfordringene p\u00e5 strak arm, og ikke n\u00f8l med \u00e5 l\u00e6re av feilene dine. Husk at \u00e5 l\u00e6re et nytt spr\u00e5k er en spennende reise fylt med minneverdige opplevelser og givende oppdagelser. Sre\u010dno!<\/p>\n<\/div><\/div>\n\r\n<section class=\"learnNavigationSection\">\r\n            \r\n        <a href=\"https:\/\/talkpal.ai\/no\/laer-slovensk\/\">\r\n            <div class=\"learnNavigationWrapper\">\r\n                <div class=\"learnNavigationContent\">\r\n                    <img decoding=\"async\" src=\"https:\/\/talkpal.ai\/wp-content\/uploads\/2024\/08\/Slovenian.jpg\" alt=\"Slovenian Flag\">\r\n                    <div>\r\n                        <h4>Om slovensk l\u00e6ring<\/h4>\r\n                        <p>Finn ut alt om slovensk grammatikk.<\/p>\r\n                    <\/div>\r\n                <\/div>\r\n            <\/div>\r\n        <\/a>\r\n\r\n        \r\n        <a href=\"https:\/\/talkpal.ai\/no\/slovenske-grammatikkovelser\/\">\r\n            <div class=\"learnNavigationWrapper\">\r\n                <div class=\"learnNavigationContent\">\r\n                    <img decoding=\"async\" src=\"https:\/\/talkpal.ai\/wp-content\/uploads\/2024\/08\/Slovenian.jpg\" alt=\"Slovenian Flag\">\r\n                    <div>\r\n                        <h4>Slovensk grammatikk \u00f8velse<\/h4>\r\n                        <p>\u00d8v p\u00e5 slovensk grammatikk.<\/p>\r\n                    <\/div>\r\n                <\/div>\r\n            <\/div>\r\n        <\/a>\r\n\r\n        \r\n        <a href=\"https:\/\/talkpal.ai\/vocabulary_language\/slovenian\/\">\r\n            <div class=\"learnNavigationWrapper\">\r\n                <div class=\"learnNavigationContent\">\r\n                    <img decoding=\"async\" src=\"https:\/\/talkpal.ai\/wp-content\/uploads\/2024\/08\/Slovenian.jpg\" alt=\"Slovenian Flag\">\r\n                    <div>\r\n                        <h4>Slovensk ordforr\u00e5d<\/h4>\r\n                        <p>Utvid ditt slovenske ordforr\u00e5d.<\/p>\r\n                    <\/div>\r\n                <\/div>\r\n            <\/div>\r\n        <\/a>\r\n\r\n            <\/section>","protected":false},"excerpt":{"rendered":"<p>Slovensk grammatikk: En kort introduksjon for spr\u00e5kelskere Er du klar til \u00e5 dykke inn i den fortryllende verdenen til slovensk, et fantastisk slavisk spr\u00e5k? N\u00e5 kan du glede deg! Denne korte guiden vil gi deg et innblikk i slovensk grammatikk, som er avgj\u00f8rende for \u00e5 forst\u00e5 og mestre dette fengslende spr\u00e5ket. S\u00e5 la oss ta [&hellip;]<\/p>\n","protected":false},"author":1,"featured_media":119702,"parent":0,"menu_order":0,"comment_status":"closed","ping_status":"closed","template":"LearningContentPage.php","meta":{"_acf_changed":false,"footnotes":""},"class_list":["post-150904","page","type-page","status-publish","has-post-thumbnail","hentry"],"acf":[],"yoast_head":"<!-- This site is optimized with the Yoast SEO Premium plugin v27.2 (Yoast SEO v27.2) - https:\/\/yoast.com\/product\/yoast-seo-premium-wordpress\/ -->\n<title>Slovensk grammatikk - Talkpal<\/title>\n<meta name=\"description\" content=\"Utforsk detaljene i slovensk grammatikk for bedre spr\u00e5kferdigheter og spr\u00e5kforst\u00e5else. Mestre grammatikkens kunst i dag.\" \/>\n<meta name=\"robots\" content=\"index, follow, max-snippet:-1, max-image-preview:large, max-video-preview:-1\" \/>\n<link rel=\"canonical\" href=\"https:\/\/talkpal.ai\/no\/slovensk-grammatikk\/\" \/>\n<meta property=\"og:locale\" content=\"nb_NO\" \/>\n<meta property=\"og:type\" content=\"article\" \/>\n<meta property=\"og:title\" content=\"Slovensk grammatikk\" \/>\n<meta property=\"og:description\" content=\"Slovensk grammatikk: En kort introduksjon for spr\u00e5kelskere Er du klar til \u00e5 dykke inn i den fortryllende verdenen til slovensk, et fantastisk slavisk\" \/>\n<meta property=\"og:url\" content=\"https:\/\/talkpal.ai\/no\/slovensk-grammatikk\/\" \/>\n<meta property=\"og:site_name\" content=\"Talkpal\" \/>\n<meta property=\"article:publisher\" content=\"https:\/\/www.facebook.com\/profile.php?id=100090733639311\" \/>\n<meta property=\"article:modified_time\" content=\"2025-12-12T11:15:38+00:00\" \/>\n<meta property=\"og:image\" content=\"https:\/\/talkpal.ai\/wp-content\/uploads\/2023\/05\/slovenia.png\" \/>\n\t<meta property=\"og:image:width\" content=\"512\" \/>\n\t<meta property=\"og:image:height\" content=\"512\" \/>\n\t<meta property=\"og:image:type\" content=\"image\/png\" \/>\n<meta name=\"twitter:card\" content=\"summary_large_image\" \/>\n<meta name=\"twitter:site\" content=\"@talkpalai\" \/>\n<meta name=\"twitter:label1\" content=\"Ansl. lesetid\" \/>\n\t<meta name=\"twitter:data1\" content=\"3 minutter\" \/>\n<script type=\"application\/ld+json\" class=\"yoast-schema-graph\">{\"@context\":\"https:\/\/schema.org\",\"@graph\":[{\"@type\":\"WebPage\",\"@id\":\"https:\/\/talkpal.ai\/no\/slovensk-grammatikk\/\",\"url\":\"https:\/\/talkpal.ai\/no\/slovensk-grammatikk\/\",\"name\":\"Slovensk grammatikk - Talkpal\",\"isPartOf\":{\"@id\":\"https:\/\/talkpal.ai\/no\/#website\"},\"primaryImageOfPage\":{\"@id\":\"https:\/\/talkpal.ai\/no\/slovensk-grammatikk\/#primaryimage\"},\"image\":{\"@id\":\"https:\/\/talkpal.ai\/no\/slovensk-grammatikk\/#primaryimage\"},\"thumbnailUrl\":\"https:\/\/talkpal.ai\/wp-content\/uploads\/2023\/05\/slovenia.png\",\"datePublished\":\"2023-05-14T14:20:10+00:00\",\"dateModified\":\"2025-12-12T11:15:38+00:00\",\"description\":\"Utforsk detaljene i slovensk grammatikk for bedre spr\u00e5kferdigheter og spr\u00e5kforst\u00e5else. Mestre grammatikkens kunst i dag.\",\"breadcrumb\":{\"@id\":\"https:\/\/talkpal.ai\/no\/slovensk-grammatikk\/#breadcrumb\"},\"inLanguage\":\"nb-NO\",\"potentialAction\":[{\"@type\":\"ReadAction\",\"target\":[\"https:\/\/talkpal.ai\/no\/slovensk-grammatikk\/\"]}]},{\"@type\":\"ImageObject\",\"inLanguage\":\"nb-NO\",\"@id\":\"https:\/\/talkpal.ai\/no\/slovensk-grammatikk\/#primaryimage\",\"url\":\"https:\/\/talkpal.ai\/wp-content\/uploads\/2023\/05\/slovenia.png\",\"contentUrl\":\"https:\/\/talkpal.ai\/wp-content\/uploads\/2023\/05\/slovenia.png\",\"width\":512,\"height\":512},{\"@type\":\"BreadcrumbList\",\"@id\":\"https:\/\/talkpal.ai\/no\/slovensk-grammatikk\/#breadcrumb\",\"itemListElement\":[{\"@type\":\"ListItem\",\"position\":1,\"name\":\"Homepage\",\"item\":\"https:\/\/talkpal.ai\/no\/\"},{\"@type\":\"ListItem\",\"position\":2,\"name\":\"Slovensk grammatikk\"}]},{\"@type\":\"WebSite\",\"@id\":\"https:\/\/talkpal.ai\/no\/#website\",\"url\":\"https:\/\/talkpal.ai\/no\/\",\"name\":\"Talkpal\",\"description\":\"AI Language Learning\",\"publisher\":{\"@id\":\"https:\/\/talkpal.ai\/no\/#organization\"},\"alternateName\":\"Talkpal AI\",\"potentialAction\":[{\"@type\":\"SearchAction\",\"target\":{\"@type\":\"EntryPoint\",\"urlTemplate\":\"https:\/\/talkpal.ai\/no\/?s={search_term_string}\"},\"query-input\":{\"@type\":\"PropertyValueSpecification\",\"valueRequired\":true,\"valueName\":\"search_term_string\"}}],\"inLanguage\":\"nb-NO\"},{\"@type\":\"Organization\",\"@id\":\"https:\/\/talkpal.ai\/no\/#organization\",\"name\":\"Talkpal, Inc.\",\"alternateName\":\"Talkpal AI\",\"url\":\"https:\/\/talkpal.ai\/no\/\",\"logo\":{\"@type\":\"ImageObject\",\"inLanguage\":\"nb-NO\",\"@id\":\"https:\/\/talkpal.ai\/no\/#\/schema\/logo\/image\/\",\"url\":\"https:\/\/talkpal.ai\/wp-content\/uploads\/2024\/03\/Talkpal-Logo-Icon.png\",\"contentUrl\":\"https:\/\/talkpal.ai\/wp-content\/uploads\/2024\/03\/Talkpal-Logo-Icon.png\",\"width\":2880,\"height\":2880,\"caption\":\"Talkpal, Inc.\"},\"image\":{\"@id\":\"https:\/\/talkpal.ai\/no\/#\/schema\/logo\/image\/\"},\"sameAs\":[\"https:\/\/www.facebook.com\/profile.php?id=100090733639311\",\"https:\/\/x.com\/talkpalai\",\"https:\/\/www.linkedin.com\/company\/talkpal\/\",\"https:\/\/www.youtube.com\/@TalkPal\/\",\"https:\/\/www.tiktok.com\/@talkpal\",\"https:\/\/www.instagram.com\/talkpal_ai\/\",\"https:\/\/www.crunchbase.com\/organization\/talkpal-9cde\",\"https:\/\/www.g2.com\/products\/talkpal-for-business\/\",\"https:\/\/www.trustpilot.com\/review\/talkpal.ai\",\"https:\/\/www.capterra.com\/p\/10006800\/TalkPal\/\"],\"description\":\"Talkpal is a language learning web and mobile education app, powered by the latest AI technologies, that provides engaging experiences to its customers in many different languages to help them improve their language skills. Users can chat about unlimited amount of topics with the app and use other modes to practice their language learning.\",\"email\":\"support@talkpal.ai\",\"legalName\":\"Talkpal, Inc.\",\"foundingDate\":\"2023-04-03\",\"duns\":\"118989042\",\"numberOfEmployees\":{\"@type\":\"QuantitativeValue\",\"minValue\":\"11\",\"maxValue\":\"50\"},\"publishingPrinciples\":\"https:\/\/talkpal.ai\/publishing-principles\/\",\"actionableFeedbackPolicy\":\"https:\/\/talkpal.ai\/actionable-feedback-policy\/\",\"correctionsPolicy\":\"https:\/\/talkpal.ai\/corrections-policy\/\",\"ethicsPolicy\":\"https:\/\/talkpal.ai\/ethics-policy\/\",\"diversityPolicy\":\"https:\/\/talkpal.ai\/diversity-policy\/\",\"diversityStaffingReport\":\"https:\/\/talkpal.ai\/diversity-policy\/\"}]}<\/script>\n<!-- \/ Yoast SEO Premium plugin. -->","yoast_head_json":{"title":"Slovensk grammatikk - Talkpal","description":"Utforsk detaljene i slovensk grammatikk for bedre spr\u00e5kferdigheter og spr\u00e5kforst\u00e5else. Mestre grammatikkens kunst i dag.","robots":{"index":"index","follow":"follow","max-snippet":"max-snippet:-1","max-image-preview":"max-image-preview:large","max-video-preview":"max-video-preview:-1"},"canonical":"https:\/\/talkpal.ai\/no\/slovensk-grammatikk\/","og_locale":"nb_NO","og_type":"article","og_title":"Slovensk grammatikk","og_description":"Slovensk grammatikk: En kort introduksjon for spr\u00e5kelskere Er du klar til \u00e5 dykke inn i den fortryllende verdenen til slovensk, et fantastisk slavisk","og_url":"https:\/\/talkpal.ai\/no\/slovensk-grammatikk\/","og_site_name":"Talkpal","article_publisher":"https:\/\/www.facebook.com\/profile.php?id=100090733639311","article_modified_time":"2025-12-12T11:15:38+00:00","og_image":[{"width":512,"height":512,"url":"https:\/\/talkpal.ai\/wp-content\/uploads\/2023\/05\/slovenia.png","type":"image\/png"}],"twitter_card":"summary_large_image","twitter_site":"@talkpalai","twitter_misc":{"Ansl. lesetid":"3 minutter"},"schema":{"@context":"https:\/\/schema.org","@graph":[{"@type":"WebPage","@id":"https:\/\/talkpal.ai\/no\/slovensk-grammatikk\/","url":"https:\/\/talkpal.ai\/no\/slovensk-grammatikk\/","name":"Slovensk grammatikk - Talkpal","isPartOf":{"@id":"https:\/\/talkpal.ai\/no\/#website"},"primaryImageOfPage":{"@id":"https:\/\/talkpal.ai\/no\/slovensk-grammatikk\/#primaryimage"},"image":{"@id":"https:\/\/talkpal.ai\/no\/slovensk-grammatikk\/#primaryimage"},"thumbnailUrl":"https:\/\/talkpal.ai\/wp-content\/uploads\/2023\/05\/slovenia.png","datePublished":"2023-05-14T14:20:10+00:00","dateModified":"2025-12-12T11:15:38+00:00","description":"Utforsk detaljene i slovensk grammatikk for bedre spr\u00e5kferdigheter og spr\u00e5kforst\u00e5else. Mestre grammatikkens kunst i dag.","breadcrumb":{"@id":"https:\/\/talkpal.ai\/no\/slovensk-grammatikk\/#breadcrumb"},"inLanguage":"nb-NO","potentialAction":[{"@type":"ReadAction","target":["https:\/\/talkpal.ai\/no\/slovensk-grammatikk\/"]}]},{"@type":"ImageObject","inLanguage":"nb-NO","@id":"https:\/\/talkpal.ai\/no\/slovensk-grammatikk\/#primaryimage","url":"https:\/\/talkpal.ai\/wp-content\/uploads\/2023\/05\/slovenia.png","contentUrl":"https:\/\/talkpal.ai\/wp-content\/uploads\/2023\/05\/slovenia.png","width":512,"height":512},{"@type":"BreadcrumbList","@id":"https:\/\/talkpal.ai\/no\/slovensk-grammatikk\/#breadcrumb","itemListElement":[{"@type":"ListItem","position":1,"name":"Homepage","item":"https:\/\/talkpal.ai\/no\/"},{"@type":"ListItem","position":2,"name":"Slovensk grammatikk"}]},{"@type":"WebSite","@id":"https:\/\/talkpal.ai\/no\/#website","url":"https:\/\/talkpal.ai\/no\/","name":"Talkpal","description":"AI Language Learning","publisher":{"@id":"https:\/\/talkpal.ai\/no\/#organization"},"alternateName":"Talkpal AI","potentialAction":[{"@type":"SearchAction","target":{"@type":"EntryPoint","urlTemplate":"https:\/\/talkpal.ai\/no\/?s={search_term_string}"},"query-input":{"@type":"PropertyValueSpecification","valueRequired":true,"valueName":"search_term_string"}}],"inLanguage":"nb-NO"},{"@type":"Organization","@id":"https:\/\/talkpal.ai\/no\/#organization","name":"Talkpal, Inc.","alternateName":"Talkpal AI","url":"https:\/\/talkpal.ai\/no\/","logo":{"@type":"ImageObject","inLanguage":"nb-NO","@id":"https:\/\/talkpal.ai\/no\/#\/schema\/logo\/image\/","url":"https:\/\/talkpal.ai\/wp-content\/uploads\/2024\/03\/Talkpal-Logo-Icon.png","contentUrl":"https:\/\/talkpal.ai\/wp-content\/uploads\/2024\/03\/Talkpal-Logo-Icon.png","width":2880,"height":2880,"caption":"Talkpal, Inc."},"image":{"@id":"https:\/\/talkpal.ai\/no\/#\/schema\/logo\/image\/"},"sameAs":["https:\/\/www.facebook.com\/profile.php?id=100090733639311","https:\/\/x.com\/talkpalai","https:\/\/www.linkedin.com\/company\/talkpal\/","https:\/\/www.youtube.com\/@TalkPal\/","https:\/\/www.tiktok.com\/@talkpal","https:\/\/www.instagram.com\/talkpal_ai\/","https:\/\/www.crunchbase.com\/organization\/talkpal-9cde","https:\/\/www.g2.com\/products\/talkpal-for-business\/","https:\/\/www.trustpilot.com\/review\/talkpal.ai","https:\/\/www.capterra.com\/p\/10006800\/TalkPal\/"],"description":"Talkpal is a language learning web and mobile education app, powered by the latest AI technologies, that provides engaging experiences to its customers in many different languages to help them improve their language skills. Users can chat about unlimited amount of topics with the app and use other modes to practice their language learning.","email":"support@talkpal.ai","legalName":"Talkpal, Inc.","foundingDate":"2023-04-03","duns":"118989042","numberOfEmployees":{"@type":"QuantitativeValue","minValue":"11","maxValue":"50"},"publishingPrinciples":"https:\/\/talkpal.ai\/publishing-principles\/","actionableFeedbackPolicy":"https:\/\/talkpal.ai\/actionable-feedback-policy\/","correctionsPolicy":"https:\/\/talkpal.ai\/corrections-policy\/","ethicsPolicy":"https:\/\/talkpal.ai\/ethics-policy\/","diversityPolicy":"https:\/\/talkpal.ai\/diversity-policy\/","diversityStaffingReport":"https:\/\/talkpal.ai\/diversity-policy\/"}]}},"_links":{"self":[{"href":"https:\/\/talkpal.ai\/no\/wp-json\/wp\/v2\/pages\/150904","targetHints":{"allow":["GET"]}}],"collection":[{"href":"https:\/\/talkpal.ai\/no\/wp-json\/wp\/v2\/pages"}],"about":[{"href":"https:\/\/talkpal.ai\/no\/wp-json\/wp\/v2\/types\/page"}],"author":[{"embeddable":true,"href":"https:\/\/talkpal.ai\/no\/wp-json\/wp\/v2\/users\/1"}],"replies":[{"embeddable":true,"href":"https:\/\/talkpal.ai\/no\/wp-json\/wp\/v2\/comments?post=150904"}],"version-history":[{"count":0,"href":"https:\/\/talkpal.ai\/no\/wp-json\/wp\/v2\/pages\/150904\/revisions"}],"wp:featuredmedia":[{"embeddable":true,"href":"https:\/\/talkpal.ai\/no\/wp-json\/wp\/v2\/media\/119702"}],"wp:attachment":[{"href":"https:\/\/talkpal.ai\/no\/wp-json\/wp\/v2\/media?parent=150904"}],"curies":[{"name":"wp","href":"https:\/\/api.w.org\/{rel}","templated":true}]}}