{"id":150408,"date":"2023-05-14T14:19:49","date_gmt":"2023-05-14T14:19:49","guid":{"rendered":"http:\/\/talkpal.ai\/slovakisk-grammatikk\/"},"modified":"2025-12-12T11:10:55","modified_gmt":"2025-12-12T11:10:55","slug":"slovakisk-grammatikk","status":"publish","type":"page","link":"https:\/\/talkpal.ai\/no\/slovakisk-grammatikk\/","title":{"rendered":"Slovakisk grammatikk"},"content":{"rendered":"\r\n\r\n\r\n<section class=\"languageChallengeSection\">\r\n    <div class=\"languageInfoWrapper\">\r\n        \r\n        <h1>Slovakisk grammatikk<\/h1>\r\n        <p>L\u00e6r deg det slovakiske spr\u00e5kets skj\u00f8nnhet ved \u00e5 l\u00e6re deg de grunnleggende grammatikkreglene. N\u00e5r du forst\u00e5r <a href=\"https:\/\/talkpal.ai\/no\/laer-deg-slovakisk\/\">slovakisk grammatikk<\/a>, kan du kommunisere med selvtillit og f\u00e5 en dypere kontakt med Slovakias rike tradisjoner. Start reisen din i dag og ta det f\u00f8rste skrittet mot \u00e5 mestre <a href=\"https:\/\/talkpal.ai\/learn-slovak\/\">slovakisk<\/a>!\n\n<\/p>\r\n\r\n                            <a class=\"getStartedHidden\" href=\"https:\/\/app.talkpal.ai\/no\/signup?lng=\">Kom i gang<\/a>\r\n        \r\n    <\/div>\r\n\r\n    <figure>\r\n    <img decoding=\"async\" width=\"768\" height=\"768\" src=\"https:\/\/talkpal.ai\/wp-content\/uploads\/2023\/06\/slovak-768x768.png\" class=\"languageImage no-lazy\" alt=\"Language learning for cross-cultural competence\" fetchpriority=\"high\" sizes=\"(max-width: 768px) 150px, 768px\" srcset=\"https:\/\/talkpal.ai\/wp-content\/uploads\/2023\/06\/slovak-768x768.png 768w, https:\/\/talkpal.ai\/wp-content\/uploads\/2023\/06\/slovak-300x300.png 300w\" \/>\r\n    \r\n\r\n    <\/figure>\r\n\r\n            <a class=\"getStartedVisible\" href=\"https:\/\/app.talkpal.ai\/no\/signup?lng=\">Kom i gang<\/a>\r\n    \r\n<\/section>\r\n<section class=\"promotionalBanner\">\r\n    <p class=\"promotionalText\">Den mest effektive m\u00e5ten \u00e5 l\u00e6re et spr\u00e5k p\u00e5<\/p>\r\n    <a class=\"promotionalLink\" href=\"https:\/\/app.talkpal.ai\/no\/signup?lng=\">Pr\u00f8v Talkpal gratis<\/a>\r\n<\/section>\n<div class=\"wp-block-group pageContainerStyle\"><div class=\"wp-block-group__inner-container is-layout-constrained wp-block-group-is-layout-constrained\">\n<h2 class=\"wp-block-heading\" id=\"h-slovak-grammar-the-key-to-unlocking-a-beautiful-language\">Slovakisk grammatikk: n\u00f8kkelen til \u00e5 l\u00e5se opp et vakkert spr\u00e5k<\/h2>\n\n\n\n<p>Planlegger du \u00e5 l\u00e6re <a href=\"https:\/\/talkpal.ai\/learn-slovak\/\">slovakisk<\/a> eller bare nysgjerrig p\u00e5 den unike grammatikken? Du har kommet til rett sted! Slovakisk <a href=\"https:\/\/talkpal.ai\/grammar\/\">grammatikk<\/a> kan virke skremmende ved f\u00f8rste \u00f8yekast, men ikke v\u00e6r redd &#8211; den er faktisk ganske logisk og overkommelig. I denne artikkelen skal vi g\u00e5 gjennom den slovakiske grammatikken for \u00e5 hjelpe deg med \u00e5 forst\u00e5 og sette pris p\u00e5 dens skj\u00f8nnhet.<\/p>\n\n\n\n<p>La <a href=\"https:\/\/talkpal.ai\/locations\/language-courses-in-oss\/\">oss<\/a> starte med litt bakgrunnsinformasjon. Slovakisk er et vestslavisk spr\u00e5k som hovedsakelig snakkes i Slovakia, men du kan ogs\u00e5 finne h\u00f8yttalere i omkringliggende land. Som et slavisk spr\u00e5k deler det mange likheter med andre spr\u00e5k i regionen, som <a href=\"https:\/\/talkpal.ai\/learn-czech\/\">tsjekkisk<\/a> og <a href=\"https:\/\/talkpal.ai\/polish-grammar-exercises\/\">polsk<\/a>. Imidlertid har den sine egne distinkte grammatikkregler og bruksm\u00f8nstre som skiller den.<\/p>\n\n\n\n<p>La oss n\u00e5 dykke ned i noen av de viktigste aspektene ved slovakisk grammatikk.<\/p>\n\n\n\n<h3 class=\"wp-block-heading\" id=\"h-1-nouns-and-their-cases\">1. Substantiv og deres kasus<\/h3>\n\n\n\n<p>Et av de mest sl\u00e5ende trekkene ved slovakisk grammatikk er dets komplekse kasussystem. Hvis du er kjent med tysk eller russisk, vet du hva vi snakker om: Slovakiske substantiv endrer form avhengig av hvilken funksjon de har i en setning. Med syv kasus (nominativ, genitiv, dativ, akkusativ, lokativ, instrumental og vokativ) kan dette virke overveldende til \u00e5 begynne med, men ikke gi opp! N\u00e5r du f\u00f8rst har f\u00e5tt taket p\u00e5 det, er det utrolig logisk og til og med morsomt.<\/p>\n\n\n\n<p>Ta substantivet &laquo;chlapec&raquo; (gutt) som et eksempel. Det kan endre seg til &laquo;chlapca&raquo;, &laquo;chlapcovi&raquo;, &laquo;chlapcom&raquo; og s\u00e5 videre, avhengig av om det er subjekt, objekt eller mottaker av en handling. Endelsene avhenger ogs\u00e5 av substantivets kj\u00f8nn (hankj\u00f8nn, hunkj\u00f8nn eller intetkj\u00f8nn), noe som gir enda mer variasjon i spr\u00e5ket.<\/p>\n\n\n\n<h3 class=\"wp-block-heading\" id=\"h-2-verb-conjugation-and-tenses\">2. Verb b\u00f8ying og tider<\/h3>\n\n\n\n<p>Slovakiske verb endrer endelsene sine basert p\u00e5 personen og tallet (entall eller flertall) av emnet. For eksempel kan verbet &laquo;vidie\u0165&raquo; (\u00e5 se) bli til &laquo;vid\u00edm&raquo; (jeg ser), &laquo;vid\u00ed\u0161&raquo; (du ser), &laquo;vidia&raquo; (de ser) og andre.<\/p>\n\n\n\n<p>Slovakisk har tre hovedtider: fortid, n\u00e5tid og fremtid. Det interessante er at, i motsetning til engelsk, bruker ikke slovakisk vanligvis hjelpeverb for \u00e5 danne disse tidene. I stedet dannes de ved \u00e5 endre verbendelsene. For eksempel er &laquo;jeg ser&raquo; &laquo;vid\u00edm&raquo;, &laquo;jeg s\u00e5&raquo; er &laquo;videl som&raquo;, og &laquo;jeg vil se&raquo; er &laquo;uvid\u00edm&raquo;.<\/p>\n\n\n\n<h3 class=\"wp-block-heading\" id=\"h-3-sentence-structure-and-word-order\">3. Setningsstruktur og ordrekkef\u00f8lge<\/h3>\n\n\n\n<p>Slovakisk har en relativt fleksibel ordrekkef\u00f8lge, takket v\u00e6re substantiv- og verb-b\u00f8yningssystemet. Det betyr at du, i motsetning til p\u00e5 engelsk, kan plassere ord p\u00e5 ulike steder i en setning uten at betydningen endres &#8211; for eksempel kan &laquo;chlapec vid\u00ed psa&raquo; (gutten ser hunden) ogs\u00e5 hete &laquo;psa vid\u00ed chlapec&raquo; og fortsatt ha samme betydning.<\/p>\n\n\n\n<p>N\u00e5r det er sagt, er den vanligste ordrekkef\u00f8lgen p\u00e5 slovakisk subjekt-verb-objekt eller SVO. Dette ligner p\u00e5 engelsk, og det er et godt utgangspunkt for elever. Etter hvert som du blir mer komfortabel med spr\u00e5ket, kan du eksperimentere med forskjellige ordrekkef\u00f8lger for \u00e5 legge vekt p\u00e5 eller nyansere setningene dine.<\/p>\n\n\n\n<h3 class=\"wp-block-heading\" id=\"h-4-adjectives-and-adverbs\">4. Adjektiver og adverb<\/h3>\n\n\n\n<p>Akkurat som p\u00e5 mange andre spr\u00e5k, brukes adjektiver og adverb p\u00e5 slovakisk for \u00e5 beskrive substantiv og verb. Men de kommer ogs\u00e5 med sin egen saksavtale og kj\u00f8nnsavtaleregler, noe som kan gj\u00f8re ting litt mer komplisert. Heldigvis vil disse reglene komme mer naturlig n\u00e5r du mestrer substantivkasusene og verb-b\u00f8yningene.<\/p>\n\n\n\n<p>S\u00e5, er du klar til \u00e5 takle slovakisk grammatikk? Med riktig tankesett og ressurser er det \u00e5 l\u00e6re slovakisk en givende opplevelse som kan \u00e5pne d\u00f8rer til en rik kultur og et vakkert land. Ta det steg for steg, \u00f8v jevnlig, og ikke v\u00e6r redd for \u00e5 gj\u00f8re feil &#8211; det er tross alt slik vi alle l\u00e6rer. Ve\u013ea \u0161\u0165astia! (Lykke til!)<\/p>\n<\/div><\/div>\n\r\n<section class=\"learnNavigationSection\">\r\n            \r\n        <a href=\"https:\/\/talkpal.ai\/no\/laer-deg-slovakisk\/\">\r\n            <div class=\"learnNavigationWrapper\">\r\n                <div class=\"learnNavigationContent\">\r\n                    <img decoding=\"async\" src=\"https:\/\/talkpal.ai\/wp-content\/uploads\/2024\/08\/Slovak.jpg\" alt=\"Slovak Flag\">\r\n                    <div>\r\n                        <h4>Om Slovak Learning<\/h4>\r\n                        <p>Finn ut alt om slovakisk grammatikk.<\/p>\r\n                    <\/div>\r\n                <\/div>\r\n            <\/div>\r\n        <\/a>\r\n\r\n        \r\n        <a href=\"https:\/\/talkpal.ai\/no\/slovakiske-grammatikkovelser\/\">\r\n            <div class=\"learnNavigationWrapper\">\r\n                <div class=\"learnNavigationContent\">\r\n                    <img decoding=\"async\" src=\"https:\/\/talkpal.ai\/wp-content\/uploads\/2024\/08\/Slovak.jpg\" alt=\"Slovak Flag\">\r\n                    <div>\r\n                        <h4>\u00d8velse i slovakisk grammatikk<\/h4>\r\n                        <p>\u00d8v p\u00e5 slovakisk grammatikk.<\/p>\r\n                    <\/div>\r\n                <\/div>\r\n            <\/div>\r\n        <\/a>\r\n\r\n        \r\n        <a href=\"https:\/\/talkpal.ai\/vocabulary_language\/slovak\/\">\r\n            <div class=\"learnNavigationWrapper\">\r\n                <div class=\"learnNavigationContent\">\r\n                    <img decoding=\"async\" src=\"https:\/\/talkpal.ai\/wp-content\/uploads\/2024\/08\/Slovak.jpg\" alt=\"Slovak Flag\">\r\n                    <div>\r\n                        <h4>Slovakisk ordforr\u00e5d<\/h4>\r\n                        <p>Utvid det slovakiske ordforr\u00e5det ditt.<\/p>\r\n                    <\/div>\r\n                <\/div>\r\n            <\/div>\r\n        <\/a>\r\n\r\n            <\/section>","protected":false},"excerpt":{"rendered":"<p>Slovakisk grammatikk: n\u00f8kkelen til \u00e5 l\u00e5se opp et vakkert spr\u00e5k Planlegger du \u00e5 l\u00e6re slovakisk eller bare nysgjerrig p\u00e5 den unike grammatikken? Du har kommet til rett sted! Slovakisk grammatikk kan virke skremmende ved f\u00f8rste \u00f8yekast, men ikke v\u00e6r redd &#8211; den er faktisk ganske logisk og overkommelig. I denne artikkelen skal vi g\u00e5 gjennom [&hellip;]<\/p>\n","protected":false},"author":1,"featured_media":118780,"parent":0,"menu_order":0,"comment_status":"closed","ping_status":"closed","template":"LearningContentPage.php","meta":{"_acf_changed":false,"footnotes":""},"class_list":["post-150408","page","type-page","status-publish","has-post-thumbnail","hentry"],"acf":[],"yoast_head":"<!-- This site is optimized with the Yoast SEO Premium plugin v27.2 (Yoast SEO v27.2) - https:\/\/yoast.com\/product\/yoast-seo-premium-wordpress\/ -->\n<title>Slovakisk grammatikk - Talkpal<\/title>\n<meta name=\"description\" content=\"Behersk slovakisk grammatikk med klare forklaringer, praktiske eksempler og interaktive \u00f8velser. Forbedre ferdighetene dine!\" \/>\n<meta name=\"robots\" content=\"index, follow, max-snippet:-1, max-image-preview:large, max-video-preview:-1\" \/>\n<link rel=\"canonical\" href=\"https:\/\/talkpal.ai\/no\/slovakisk-grammatikk\/\" \/>\n<meta property=\"og:locale\" content=\"nb_NO\" \/>\n<meta property=\"og:type\" content=\"article\" \/>\n<meta property=\"og:title\" content=\"Slovakisk grammatikk\" \/>\n<meta property=\"og:description\" content=\"Slovakisk grammatikk: n\u00f8kkelen til \u00e5 l\u00e5se opp et vakkert spr\u00e5k Planlegger du \u00e5 l\u00e6re slovakisk eller bare nysgjerrig p\u00e5 den unike grammatikken? Du har\" \/>\n<meta property=\"og:url\" content=\"https:\/\/talkpal.ai\/no\/slovakisk-grammatikk\/\" \/>\n<meta property=\"og:site_name\" content=\"Talkpal\" \/>\n<meta property=\"article:publisher\" content=\"https:\/\/www.facebook.com\/profile.php?id=100090733639311\" \/>\n<meta property=\"article:modified_time\" content=\"2025-12-12T11:10:55+00:00\" \/>\n<meta property=\"og:image\" content=\"https:\/\/talkpal.ai\/wp-content\/uploads\/2023\/05\/slovakia.png\" \/>\n\t<meta property=\"og:image:width\" content=\"512\" \/>\n\t<meta property=\"og:image:height\" content=\"512\" \/>\n\t<meta property=\"og:image:type\" content=\"image\/png\" \/>\n<meta name=\"twitter:card\" content=\"summary_large_image\" \/>\n<meta name=\"twitter:site\" content=\"@talkpalai\" \/>\n<meta name=\"twitter:label1\" content=\"Ansl. lesetid\" \/>\n\t<meta name=\"twitter:data1\" content=\"3 minutter\" \/>\n<script type=\"application\/ld+json\" class=\"yoast-schema-graph\">{\"@context\":\"https:\/\/schema.org\",\"@graph\":[{\"@type\":\"WebPage\",\"@id\":\"https:\/\/talkpal.ai\/no\/slovakisk-grammatikk\/\",\"url\":\"https:\/\/talkpal.ai\/no\/slovakisk-grammatikk\/\",\"name\":\"Slovakisk grammatikk - Talkpal\",\"isPartOf\":{\"@id\":\"https:\/\/talkpal.ai\/no\/#website\"},\"primaryImageOfPage\":{\"@id\":\"https:\/\/talkpal.ai\/no\/slovakisk-grammatikk\/#primaryimage\"},\"image\":{\"@id\":\"https:\/\/talkpal.ai\/no\/slovakisk-grammatikk\/#primaryimage\"},\"thumbnailUrl\":\"https:\/\/talkpal.ai\/wp-content\/uploads\/2023\/05\/slovakia.png\",\"datePublished\":\"2023-05-14T14:19:49+00:00\",\"dateModified\":\"2025-12-12T11:10:55+00:00\",\"description\":\"Behersk slovakisk grammatikk med klare forklaringer, praktiske eksempler og interaktive \u00f8velser. Forbedre ferdighetene dine!\",\"breadcrumb\":{\"@id\":\"https:\/\/talkpal.ai\/no\/slovakisk-grammatikk\/#breadcrumb\"},\"inLanguage\":\"nb-NO\",\"potentialAction\":[{\"@type\":\"ReadAction\",\"target\":[\"https:\/\/talkpal.ai\/no\/slovakisk-grammatikk\/\"]}]},{\"@type\":\"ImageObject\",\"inLanguage\":\"nb-NO\",\"@id\":\"https:\/\/talkpal.ai\/no\/slovakisk-grammatikk\/#primaryimage\",\"url\":\"https:\/\/talkpal.ai\/wp-content\/uploads\/2023\/05\/slovakia.png\",\"contentUrl\":\"https:\/\/talkpal.ai\/wp-content\/uploads\/2023\/05\/slovakia.png\",\"width\":512,\"height\":512},{\"@type\":\"BreadcrumbList\",\"@id\":\"https:\/\/talkpal.ai\/no\/slovakisk-grammatikk\/#breadcrumb\",\"itemListElement\":[{\"@type\":\"ListItem\",\"position\":1,\"name\":\"Homepage\",\"item\":\"https:\/\/talkpal.ai\/no\/\"},{\"@type\":\"ListItem\",\"position\":2,\"name\":\"Slovakisk grammatikk\"}]},{\"@type\":\"WebSite\",\"@id\":\"https:\/\/talkpal.ai\/no\/#website\",\"url\":\"https:\/\/talkpal.ai\/no\/\",\"name\":\"Talkpal\",\"description\":\"AI Language Learning\",\"publisher\":{\"@id\":\"https:\/\/talkpal.ai\/no\/#organization\"},\"alternateName\":\"Talkpal AI\",\"potentialAction\":[{\"@type\":\"SearchAction\",\"target\":{\"@type\":\"EntryPoint\",\"urlTemplate\":\"https:\/\/talkpal.ai\/no\/?s={search_term_string}\"},\"query-input\":{\"@type\":\"PropertyValueSpecification\",\"valueRequired\":true,\"valueName\":\"search_term_string\"}}],\"inLanguage\":\"nb-NO\"},{\"@type\":\"Organization\",\"@id\":\"https:\/\/talkpal.ai\/no\/#organization\",\"name\":\"Talkpal, Inc.\",\"alternateName\":\"Talkpal AI\",\"url\":\"https:\/\/talkpal.ai\/no\/\",\"logo\":{\"@type\":\"ImageObject\",\"inLanguage\":\"nb-NO\",\"@id\":\"https:\/\/talkpal.ai\/no\/#\/schema\/logo\/image\/\",\"url\":\"https:\/\/talkpal.ai\/wp-content\/uploads\/2024\/03\/Talkpal-Logo-Icon.png\",\"contentUrl\":\"https:\/\/talkpal.ai\/wp-content\/uploads\/2024\/03\/Talkpal-Logo-Icon.png\",\"width\":2880,\"height\":2880,\"caption\":\"Talkpal, Inc.\"},\"image\":{\"@id\":\"https:\/\/talkpal.ai\/no\/#\/schema\/logo\/image\/\"},\"sameAs\":[\"https:\/\/www.facebook.com\/profile.php?id=100090733639311\",\"https:\/\/x.com\/talkpalai\",\"https:\/\/www.linkedin.com\/company\/talkpal\/\",\"https:\/\/www.youtube.com\/@TalkPal\/\",\"https:\/\/www.tiktok.com\/@talkpal\",\"https:\/\/www.instagram.com\/talkpal_ai\/\",\"https:\/\/www.crunchbase.com\/organization\/talkpal-9cde\",\"https:\/\/www.g2.com\/products\/talkpal-for-business\/\",\"https:\/\/www.trustpilot.com\/review\/talkpal.ai\",\"https:\/\/www.capterra.com\/p\/10006800\/TalkPal\/\"],\"description\":\"Talkpal is a language learning web and mobile education app, powered by the latest AI technologies, that provides engaging experiences to its customers in many different languages to help them improve their language skills. Users can chat about unlimited amount of topics with the app and use other modes to practice their language learning.\",\"email\":\"support@talkpal.ai\",\"legalName\":\"Talkpal, Inc.\",\"foundingDate\":\"2023-04-03\",\"duns\":\"118989042\",\"numberOfEmployees\":{\"@type\":\"QuantitativeValue\",\"minValue\":\"11\",\"maxValue\":\"50\"},\"publishingPrinciples\":\"https:\/\/talkpal.ai\/publishing-principles\/\",\"actionableFeedbackPolicy\":\"https:\/\/talkpal.ai\/actionable-feedback-policy\/\",\"correctionsPolicy\":\"https:\/\/talkpal.ai\/corrections-policy\/\",\"ethicsPolicy\":\"https:\/\/talkpal.ai\/ethics-policy\/\",\"diversityPolicy\":\"https:\/\/talkpal.ai\/diversity-policy\/\",\"diversityStaffingReport\":\"https:\/\/talkpal.ai\/diversity-policy\/\"}]}<\/script>\n<!-- \/ Yoast SEO Premium plugin. -->","yoast_head_json":{"title":"Slovakisk grammatikk - Talkpal","description":"Behersk slovakisk grammatikk med klare forklaringer, praktiske eksempler og interaktive \u00f8velser. Forbedre ferdighetene dine!","robots":{"index":"index","follow":"follow","max-snippet":"max-snippet:-1","max-image-preview":"max-image-preview:large","max-video-preview":"max-video-preview:-1"},"canonical":"https:\/\/talkpal.ai\/no\/slovakisk-grammatikk\/","og_locale":"nb_NO","og_type":"article","og_title":"Slovakisk grammatikk","og_description":"Slovakisk grammatikk: n\u00f8kkelen til \u00e5 l\u00e5se opp et vakkert spr\u00e5k Planlegger du \u00e5 l\u00e6re slovakisk eller bare nysgjerrig p\u00e5 den unike grammatikken? Du har","og_url":"https:\/\/talkpal.ai\/no\/slovakisk-grammatikk\/","og_site_name":"Talkpal","article_publisher":"https:\/\/www.facebook.com\/profile.php?id=100090733639311","article_modified_time":"2025-12-12T11:10:55+00:00","og_image":[{"width":512,"height":512,"url":"https:\/\/talkpal.ai\/wp-content\/uploads\/2023\/05\/slovakia.png","type":"image\/png"}],"twitter_card":"summary_large_image","twitter_site":"@talkpalai","twitter_misc":{"Ansl. lesetid":"3 minutter"},"schema":{"@context":"https:\/\/schema.org","@graph":[{"@type":"WebPage","@id":"https:\/\/talkpal.ai\/no\/slovakisk-grammatikk\/","url":"https:\/\/talkpal.ai\/no\/slovakisk-grammatikk\/","name":"Slovakisk grammatikk - Talkpal","isPartOf":{"@id":"https:\/\/talkpal.ai\/no\/#website"},"primaryImageOfPage":{"@id":"https:\/\/talkpal.ai\/no\/slovakisk-grammatikk\/#primaryimage"},"image":{"@id":"https:\/\/talkpal.ai\/no\/slovakisk-grammatikk\/#primaryimage"},"thumbnailUrl":"https:\/\/talkpal.ai\/wp-content\/uploads\/2023\/05\/slovakia.png","datePublished":"2023-05-14T14:19:49+00:00","dateModified":"2025-12-12T11:10:55+00:00","description":"Behersk slovakisk grammatikk med klare forklaringer, praktiske eksempler og interaktive \u00f8velser. Forbedre ferdighetene dine!","breadcrumb":{"@id":"https:\/\/talkpal.ai\/no\/slovakisk-grammatikk\/#breadcrumb"},"inLanguage":"nb-NO","potentialAction":[{"@type":"ReadAction","target":["https:\/\/talkpal.ai\/no\/slovakisk-grammatikk\/"]}]},{"@type":"ImageObject","inLanguage":"nb-NO","@id":"https:\/\/talkpal.ai\/no\/slovakisk-grammatikk\/#primaryimage","url":"https:\/\/talkpal.ai\/wp-content\/uploads\/2023\/05\/slovakia.png","contentUrl":"https:\/\/talkpal.ai\/wp-content\/uploads\/2023\/05\/slovakia.png","width":512,"height":512},{"@type":"BreadcrumbList","@id":"https:\/\/talkpal.ai\/no\/slovakisk-grammatikk\/#breadcrumb","itemListElement":[{"@type":"ListItem","position":1,"name":"Homepage","item":"https:\/\/talkpal.ai\/no\/"},{"@type":"ListItem","position":2,"name":"Slovakisk grammatikk"}]},{"@type":"WebSite","@id":"https:\/\/talkpal.ai\/no\/#website","url":"https:\/\/talkpal.ai\/no\/","name":"Talkpal","description":"AI Language Learning","publisher":{"@id":"https:\/\/talkpal.ai\/no\/#organization"},"alternateName":"Talkpal AI","potentialAction":[{"@type":"SearchAction","target":{"@type":"EntryPoint","urlTemplate":"https:\/\/talkpal.ai\/no\/?s={search_term_string}"},"query-input":{"@type":"PropertyValueSpecification","valueRequired":true,"valueName":"search_term_string"}}],"inLanguage":"nb-NO"},{"@type":"Organization","@id":"https:\/\/talkpal.ai\/no\/#organization","name":"Talkpal, Inc.","alternateName":"Talkpal AI","url":"https:\/\/talkpal.ai\/no\/","logo":{"@type":"ImageObject","inLanguage":"nb-NO","@id":"https:\/\/talkpal.ai\/no\/#\/schema\/logo\/image\/","url":"https:\/\/talkpal.ai\/wp-content\/uploads\/2024\/03\/Talkpal-Logo-Icon.png","contentUrl":"https:\/\/talkpal.ai\/wp-content\/uploads\/2024\/03\/Talkpal-Logo-Icon.png","width":2880,"height":2880,"caption":"Talkpal, Inc."},"image":{"@id":"https:\/\/talkpal.ai\/no\/#\/schema\/logo\/image\/"},"sameAs":["https:\/\/www.facebook.com\/profile.php?id=100090733639311","https:\/\/x.com\/talkpalai","https:\/\/www.linkedin.com\/company\/talkpal\/","https:\/\/www.youtube.com\/@TalkPal\/","https:\/\/www.tiktok.com\/@talkpal","https:\/\/www.instagram.com\/talkpal_ai\/","https:\/\/www.crunchbase.com\/organization\/talkpal-9cde","https:\/\/www.g2.com\/products\/talkpal-for-business\/","https:\/\/www.trustpilot.com\/review\/talkpal.ai","https:\/\/www.capterra.com\/p\/10006800\/TalkPal\/"],"description":"Talkpal is a language learning web and mobile education app, powered by the latest AI technologies, that provides engaging experiences to its customers in many different languages to help them improve their language skills. Users can chat about unlimited amount of topics with the app and use other modes to practice their language learning.","email":"support@talkpal.ai","legalName":"Talkpal, Inc.","foundingDate":"2023-04-03","duns":"118989042","numberOfEmployees":{"@type":"QuantitativeValue","minValue":"11","maxValue":"50"},"publishingPrinciples":"https:\/\/talkpal.ai\/publishing-principles\/","actionableFeedbackPolicy":"https:\/\/talkpal.ai\/actionable-feedback-policy\/","correctionsPolicy":"https:\/\/talkpal.ai\/corrections-policy\/","ethicsPolicy":"https:\/\/talkpal.ai\/ethics-policy\/","diversityPolicy":"https:\/\/talkpal.ai\/diversity-policy\/","diversityStaffingReport":"https:\/\/talkpal.ai\/diversity-policy\/"}]}},"_links":{"self":[{"href":"https:\/\/talkpal.ai\/no\/wp-json\/wp\/v2\/pages\/150408","targetHints":{"allow":["GET"]}}],"collection":[{"href":"https:\/\/talkpal.ai\/no\/wp-json\/wp\/v2\/pages"}],"about":[{"href":"https:\/\/talkpal.ai\/no\/wp-json\/wp\/v2\/types\/page"}],"author":[{"embeddable":true,"href":"https:\/\/talkpal.ai\/no\/wp-json\/wp\/v2\/users\/1"}],"replies":[{"embeddable":true,"href":"https:\/\/talkpal.ai\/no\/wp-json\/wp\/v2\/comments?post=150408"}],"version-history":[{"count":0,"href":"https:\/\/talkpal.ai\/no\/wp-json\/wp\/v2\/pages\/150408\/revisions"}],"wp:featuredmedia":[{"embeddable":true,"href":"https:\/\/talkpal.ai\/no\/wp-json\/wp\/v2\/media\/118780"}],"wp:attachment":[{"href":"https:\/\/talkpal.ai\/no\/wp-json\/wp\/v2\/media?parent=150408"}],"curies":[{"name":"wp","href":"https:\/\/api.w.org\/{rel}","templated":true}]}}