{"id":149949,"date":"2023-05-14T14:19:26","date_gmt":"2023-05-14T14:19:26","guid":{"rendered":"http:\/\/talkpal.ai\/serbisk-grammatikk\/"},"modified":"2025-12-17T15:36:50","modified_gmt":"2025-12-17T15:36:50","slug":"serbisk-grammatikk","status":"publish","type":"page","link":"https:\/\/talkpal.ai\/no\/serbisk-grammatikk\/","title":{"rendered":"Serbisk grammatikk"},"content":{"rendered":"\r\n\r\n\r\n<section class=\"languageChallengeSection\">\r\n    <div class=\"languageInfoWrapper\">\r\n        \r\n        <h1>Serbisk grammatikk<\/h1>\r\n        <p>Begynn ditt eventyr i det russiske spr\u00e5ket og \u00e5pne d\u00f8rene til en rik kultur og historie. \u00c5 beherske russisk <a href=\"https:\/\/talkpal.ai\/grammar\/\">grammatikk<\/a> og ordforr\u00e5d vil forbedre dine reise-, karriere- og kommunikasjonsmuligheter. Begynn \u00e5 l\u00e6re russisk i dag og ta det f\u00f8rste skrittet mot flytende russisk!\n\n<\/p>\r\n\r\n                            <a class=\"getStartedHidden\" href=\"https:\/\/app.talkpal.ai\/no\/signup?lng=\">Kom i gang<\/a>\r\n        \r\n    <\/div>\r\n\r\n    <figure>\r\n    <img decoding=\"async\" width=\"768\" height=\"768\" src=\"https:\/\/talkpal.ai\/wp-content\/uploads\/2023\/06\/serbian-768x768.png\" class=\"languageImage no-lazy\" alt=\"Fast-track to fluency with language learning\" fetchpriority=\"high\" sizes=\"(max-width: 768px) 150px, 768px\" srcset=\"https:\/\/talkpal.ai\/wp-content\/uploads\/2023\/06\/serbian-768x768.png 768w, https:\/\/talkpal.ai\/wp-content\/uploads\/2023\/06\/serbian-300x300.png 300w\" \/>\r\n    \r\n\r\n    <\/figure>\r\n\r\n            <a class=\"getStartedVisible\" href=\"https:\/\/app.talkpal.ai\/no\/signup?lng=\">Kom i gang<\/a>\r\n    \r\n<\/section>\r\n<section class=\"promotionalBanner\">\r\n    <p class=\"promotionalText\">Den mest effektive m\u00e5ten \u00e5 l\u00e6re et spr\u00e5k p\u00e5<\/p>\r\n    <a class=\"promotionalLink\" href=\"https:\/\/app.talkpal.ai\/no\/signup?lng=\">Pr\u00f8v Talkpal gratis<\/a>\r\n<\/section>\n<div class=\"wp-block-group pageContainerStyle\"><div class=\"wp-block-group__inner-container is-layout-constrained wp-block-group-is-layout-constrained\">\n<h1 class=\"wp-block-heading\" id=\"h-serbian-grammar-unraveling-the-intricacies-of-the-south-slavic-language\">Serbisk grammatikk: \u00c5 n\u00f8ste opp forviklingene i det s\u00f8rslaviske spr\u00e5ket<\/h1>\n\n\n\n<p>Ringer alle <a href=\"https:\/\/talkpal.ai\/talkpal-discount-for-language-enthusiasts\/\">spr\u00e5kentusiaster<\/a> og Balkan-elskere! Har du noen gang vurdert \u00e5 dykke inn i den serbiske grammatikkens verden? <a href=\"https:\/\/talkpal.ai\/learn-serbian\/\">Serbisk<\/a>, et s\u00f8rslavisk spr\u00e5k, er det offisielle spr\u00e5ket i <a href=\"https:\/\/talkpal.ai\/learn-serbian\/\">Serbia<\/a> og et av de offisielle spr\u00e5kene i Bosnia-Hercegovina. Med rundt 9 millioner morsm\u00e5l, deler dette spennende spr\u00e5ket likheter med <a href=\"https:\/\/talkpal.ai\/learn-croatian\/\">kroatisk<\/a>, <a href=\"https:\/\/talkpal.ai\/learn-bosnian\/\">bosnisk<\/a> og montenegrinsk, men har karakteristiske trekk som skiller det fra hverandre. I denne artikkelen skal vi utforske de fascinerende aspektene ved <a href=\"https:\/\/talkpal.ai\/serbian-grammar\/\">serbisk grammatikk<\/a>.<\/p>\n\n\n\n<h3 class=\"wp-block-heading\" id=\"h-the-dual-alphabet-cyrillic-and-latin\">Det doble alfabetet: Kyrillisk og latinsk<\/h3>\n\n\n\n<p>Noe av det f\u00f8rste du vil legge merke til med serbisk, er bruken av to alfabeter: Kyrillisk og latin. Det serbiske kyrilliske alfabetet, med 30 bokstaver, ble standardisert av lingvisten Vuk Karad\u017ei\u0107 i 1818 og er det offisielle alfabetet i landet. Det latinske alfabetet, som ogs\u00e5 best\u00e5r av 30 bokstaver, er imidlertid mye brukt, spesielt for digital kommunikasjon og uformelle sammenhenger. Bruken av to alfabeter gir serbisk en unik, allsidig karakter.<\/p>\n\n\n\n<h3 class=\"wp-block-heading\" id=\"h-the-building-blocks-nouns-pronouns-and-cases\">Byggesteinene: Substantiv, pronomen og kasus<\/h3>\n\n\n\n<p>Som andre slaviske spr\u00e5k, dreier <a href=\"https:\/\/talkpal.ai\/serbian-grammar\/\">serbisk grammatikk<\/a> seg om b\u00f8yning, der ord endrer endelsen i henhold til deres grammatiske funksjon. Dette er mest tydelig i substantiv, pronomen og adjektiver. Serbisk har syv tilfeller:<\/p>\n\n\n\n<p><strong>1. Nominativ &#8211; angir subjektet i en setning<\/strong><\/p>\n\n\n\n<p><strong>2. Genitiv &#8211; viser besittelse, objekt for negasjon eller partitiv betydning<\/strong><\/p>\n\n\n\n<p><strong>3. Dativ &#8211; markerer det indirekte objektet<\/strong><\/p>\n\n\n\n<p><strong>4. Akkusativ &#8211; betegner det direkte objektet<\/strong><\/p>\n\n\n\n<p><strong>5. Vokativ &#8211; brukes for \u00e5 tiltale eller kalle noen<\/strong><\/p>\n\n\n\n<p><strong>6. Instrumental &#8211; uttrykker middelet eller metoden for en handling<\/strong><\/p>\n\n\n\n<p><strong>7. Lokativ &#8211; angir sted eller objekt for visse preposisjoner<\/strong><\/p>\n\n\n\n<p>Serbiske substantiver har tre kj\u00f8nn (maskulinum, femininum og intetkj\u00f8nn) og to tall (entall og flertall). De spesifikke endelsene for hvert kj\u00f8nn og tall varierer avhengig av kasus, s\u00e5 det er viktig \u00e5 huske disse endelsene for \u00e5 konstruere grammatisk korrekte setninger.<\/p>\n\n\n\n<h3 class=\"wp-block-heading\" id=\"h-get-moving-with-verbs-tenses-aspects-and-moods\">Kom i bevegelse med verb: tider, aspekter og stemninger<\/h3>\n\n\n\n<p>Serbiske verb viser fascinerende kompleksitet med sine tider (fortid, n\u00e5tid og fremtid), aspekter (perfektive og imperfektive) og stemninger (indikativ, <a href=\"https:\/\/talkpal.ai\/ja\/grammar_exercises\/imperatif-%e3%83%95%e3%83%a9%e3%83%b3%e3%82%b9%e3%81%ae%e6%96%87%e6%b3%95%e3%81%ae%e3%81%9f%e3%82%81%e3%81%ae%e6%bc%94%e7%bf%92\/\">imperativ<\/a> og betinget). Aspekt spiller en betydelig rolle i serbiske verb, da det formidler om en handling blir sett p\u00e5 som fullf\u00f8rt (perfektiv) eller p\u00e5g\u00e5ende (imperfektiv). Mange verb kommer i par som indikerer de forskjellige aspektene, ofte ved bruk av spesifikke prefikser eller suffikser.<\/p>\n\n\n\n<h3 class=\"wp-block-heading\" id=\"h-adjectives-adverbs-and-all-that-jazz\">Adjektiver, adverb og all den jazzen<\/h3>\n\n\n\n<p>Serbiske adjektiver stemmer overens med substantivene de endrer n\u00e5r det gjelder kj\u00f8nn, tall og kasus. De har ogs\u00e5 komparative og superlative former for \u00e5 uttrykke ulike grader av kvaliteter. Videre er adverb ofte avledet fra adjektiver og formidler forskjellige betydninger som tid, m\u00e5te, sted og grad.<\/p>\n\n\n\n<p>Det serbiske spr\u00e5ket har ogs\u00e5 en rekke konjunksjoner, preposisjoner, tall og partikler som bidrar til spr\u00e5kets skj\u00f8nnhet og bidrar til \u00e5 skape komplekse, meningsfulle setninger.<\/p>\n\n\n\n<h3 class=\"wp-block-heading\" id=\"h-embracing-the-world-of-serbian-grammar\">Omfavne verden av serbisk grammatikk<\/h3>\n\n\n\n<p>Serbisk grammatikk kan virke overveldende ved f\u00f8rste \u00f8yekast. Men n\u00e5r du dykker dypere ned i det rike landskapet av kasus, aspekter og spr\u00e5klige s\u00e6regenheter, vil du oppdage et levende og uttrykksfullt spr\u00e5k. \u00c5 l\u00e6re serbisk vil ikke bare skjerpe din forst\u00e5else av den slaviske spr\u00e5kfamilien, men ogs\u00e5 hjelpe deg med \u00e5 f\u00e5 kontakt med en fengslende historie og kultur.<\/p>\n\n\n\n<p>S\u00e5 hvorfor ikke ta utfordringen med \u00e5 utforske serbisk grammatikk videre? Med utholdenhet og lidenskap kan du en dag finne deg selv \u00e5 spasere gjennom gatene i Beograd, og delta i livlige samtaler med lokalbefolkningen p\u00e5 deres morsm\u00e5l. God l\u00e6ring!<\/p>\n<\/div><\/div>\n\r\n<section class=\"learnNavigationSection\">\r\n            \r\n        <a href=\"https:\/\/talkpal.ai\/no\/laer-serbisk\/\">\r\n            <div class=\"learnNavigationWrapper\">\r\n                <div class=\"learnNavigationContent\">\r\n                    <img decoding=\"async\" src=\"https:\/\/talkpal.ai\/wp-content\/uploads\/2024\/08\/Serbian.jpg\" alt=\"Serbian Flag\">\r\n                    <div>\r\n                        <h4>Om Serbia Learning<\/h4>\r\n                        <p>Finn ut alt om Serbia grammatikk.<\/p>\r\n                    <\/div>\r\n                <\/div>\r\n            <\/div>\r\n        <\/a>\r\n\r\n        \r\n        <a href=\"https:\/\/talkpal.ai\/no\/serbiske-grammatikkovelser\/\">\r\n            <div class=\"learnNavigationWrapper\">\r\n                <div class=\"learnNavigationContent\">\r\n                    <img decoding=\"async\" src=\"https:\/\/talkpal.ai\/wp-content\/uploads\/2024\/08\/Serbian.jpg\" alt=\"Serbian Flag\">\r\n                    <div>\r\n                        <h4>\u00d8velse i serbisk grammatikk<\/h4>\r\n                        <p>\u00d8v p\u00e5 serbisk grammatikk.<\/p>\r\n                    <\/div>\r\n                <\/div>\r\n            <\/div>\r\n        <\/a>\r\n\r\n        \r\n        <a href=\"https:\/\/talkpal.ai\/vocabulary_language\/serbian\/\">\r\n            <div class=\"learnNavigationWrapper\">\r\n                <div class=\"learnNavigationContent\">\r\n                    <img decoding=\"async\" src=\"https:\/\/talkpal.ai\/wp-content\/uploads\/2024\/08\/Serbian.jpg\" alt=\"Serbian Flag\">\r\n                    <div>\r\n                        <h4>Serbisk ordforr\u00e5d<\/h4>\r\n                        <p>Utvid det serbiske ordforr\u00e5det ditt.<\/p>\r\n                    <\/div>\r\n                <\/div>\r\n            <\/div>\r\n        <\/a>\r\n\r\n            <\/section>","protected":false},"excerpt":{"rendered":"<p>Serbisk grammatikk: \u00c5 n\u00f8ste opp forviklingene i det s\u00f8rslaviske spr\u00e5ket Ringer alle spr\u00e5kentusiaster og Balkan-elskere! Har du noen gang vurdert \u00e5 dykke inn i den serbiske grammatikkens verden? Serbisk, et s\u00f8rslavisk spr\u00e5k, er det offisielle spr\u00e5ket i Serbia og et av de offisielle spr\u00e5kene i Bosnia-Hercegovina. Med rundt 9 millioner morsm\u00e5l, deler dette spennende spr\u00e5ket [&hellip;]<\/p>\n","protected":false},"author":1,"featured_media":118270,"parent":0,"menu_order":0,"comment_status":"closed","ping_status":"closed","template":"LearningContentPage.php","meta":{"_acf_changed":false,"footnotes":""},"class_list":["post-149949","page","type-page","status-publish","has-post-thumbnail","hentry"],"acf":[],"yoast_head":"<!-- This site is optimized with the Yoast SEO Premium plugin v27.2 (Yoast SEO v27.2) - https:\/\/yoast.com\/product\/yoast-seo-premium-wordpress\/ -->\n<title>Serbisk grammatikk - Talkpal<\/title>\n<meta name=\"description\" content=\"Utforsk den serbiske grammatikkens forviklinger og oppdag de unike trekkene som skiller det fra andre balkanske spr\u00e5k.\" \/>\n<meta name=\"robots\" content=\"index, follow, max-snippet:-1, max-image-preview:large, max-video-preview:-1\" \/>\n<link rel=\"canonical\" href=\"https:\/\/talkpal.ai\/no\/serbisk-grammatikk\/\" \/>\n<meta property=\"og:locale\" content=\"nb_NO\" \/>\n<meta property=\"og:type\" content=\"article\" \/>\n<meta property=\"og:title\" content=\"Serbisk grammatikk\" \/>\n<meta property=\"og:description\" content=\"Serbisk grammatikk: \u00c5 n\u00f8ste opp forviklingene i det s\u00f8rslaviske spr\u00e5ket Ringer alle spr\u00e5kentusiaster og Balkan-elskere! Har du noen gang vurdert \u00e5 dykke\" \/>\n<meta property=\"og:url\" content=\"https:\/\/talkpal.ai\/no\/serbisk-grammatikk\/\" \/>\n<meta property=\"og:site_name\" content=\"Talkpal\" \/>\n<meta property=\"article:publisher\" content=\"https:\/\/www.facebook.com\/profile.php?id=100090733639311\" \/>\n<meta property=\"article:modified_time\" content=\"2025-12-17T15:36:50+00:00\" \/>\n<meta property=\"og:image\" content=\"https:\/\/talkpal.ai\/wp-content\/uploads\/2023\/05\/serbia.png\" \/>\n\t<meta property=\"og:image:width\" content=\"512\" \/>\n\t<meta property=\"og:image:height\" content=\"512\" \/>\n\t<meta property=\"og:image:type\" content=\"image\/png\" \/>\n<meta name=\"twitter:card\" content=\"summary_large_image\" \/>\n<meta name=\"twitter:site\" content=\"@talkpalai\" \/>\n<meta name=\"twitter:label1\" content=\"Ansl. lesetid\" \/>\n\t<meta name=\"twitter:data1\" content=\"3 minutter\" \/>\n<script type=\"application\/ld+json\" class=\"yoast-schema-graph\">{\"@context\":\"https:\/\/schema.org\",\"@graph\":[{\"@type\":\"WebPage\",\"@id\":\"https:\/\/talkpal.ai\/no\/serbisk-grammatikk\/\",\"url\":\"https:\/\/talkpal.ai\/no\/serbisk-grammatikk\/\",\"name\":\"Serbisk grammatikk - Talkpal\",\"isPartOf\":{\"@id\":\"https:\/\/talkpal.ai\/no\/#website\"},\"primaryImageOfPage\":{\"@id\":\"https:\/\/talkpal.ai\/no\/serbisk-grammatikk\/#primaryimage\"},\"image\":{\"@id\":\"https:\/\/talkpal.ai\/no\/serbisk-grammatikk\/#primaryimage\"},\"thumbnailUrl\":\"https:\/\/talkpal.ai\/wp-content\/uploads\/2023\/05\/serbia.png\",\"datePublished\":\"2023-05-14T14:19:26+00:00\",\"dateModified\":\"2025-12-17T15:36:50+00:00\",\"description\":\"Utforsk den serbiske grammatikkens forviklinger og oppdag de unike trekkene som skiller det fra andre balkanske spr\u00e5k.\",\"breadcrumb\":{\"@id\":\"https:\/\/talkpal.ai\/no\/serbisk-grammatikk\/#breadcrumb\"},\"inLanguage\":\"nb-NO\",\"potentialAction\":[{\"@type\":\"ReadAction\",\"target\":[\"https:\/\/talkpal.ai\/no\/serbisk-grammatikk\/\"]}]},{\"@type\":\"ImageObject\",\"inLanguage\":\"nb-NO\",\"@id\":\"https:\/\/talkpal.ai\/no\/serbisk-grammatikk\/#primaryimage\",\"url\":\"https:\/\/talkpal.ai\/wp-content\/uploads\/2023\/05\/serbia.png\",\"contentUrl\":\"https:\/\/talkpal.ai\/wp-content\/uploads\/2023\/05\/serbia.png\",\"width\":512,\"height\":512},{\"@type\":\"BreadcrumbList\",\"@id\":\"https:\/\/talkpal.ai\/no\/serbisk-grammatikk\/#breadcrumb\",\"itemListElement\":[{\"@type\":\"ListItem\",\"position\":1,\"name\":\"Homepage\",\"item\":\"https:\/\/talkpal.ai\/no\/\"},{\"@type\":\"ListItem\",\"position\":2,\"name\":\"Serbisk grammatikk\"}]},{\"@type\":\"WebSite\",\"@id\":\"https:\/\/talkpal.ai\/no\/#website\",\"url\":\"https:\/\/talkpal.ai\/no\/\",\"name\":\"Talkpal\",\"description\":\"AI Language Learning\",\"publisher\":{\"@id\":\"https:\/\/talkpal.ai\/no\/#organization\"},\"alternateName\":\"Talkpal AI\",\"potentialAction\":[{\"@type\":\"SearchAction\",\"target\":{\"@type\":\"EntryPoint\",\"urlTemplate\":\"https:\/\/talkpal.ai\/no\/?s={search_term_string}\"},\"query-input\":{\"@type\":\"PropertyValueSpecification\",\"valueRequired\":true,\"valueName\":\"search_term_string\"}}],\"inLanguage\":\"nb-NO\"},{\"@type\":\"Organization\",\"@id\":\"https:\/\/talkpal.ai\/no\/#organization\",\"name\":\"Talkpal, Inc.\",\"alternateName\":\"Talkpal AI\",\"url\":\"https:\/\/talkpal.ai\/no\/\",\"logo\":{\"@type\":\"ImageObject\",\"inLanguage\":\"nb-NO\",\"@id\":\"https:\/\/talkpal.ai\/no\/#\/schema\/logo\/image\/\",\"url\":\"https:\/\/talkpal.ai\/wp-content\/uploads\/2024\/03\/Talkpal-Logo-Icon.png\",\"contentUrl\":\"https:\/\/talkpal.ai\/wp-content\/uploads\/2024\/03\/Talkpal-Logo-Icon.png\",\"width\":2880,\"height\":2880,\"caption\":\"Talkpal, Inc.\"},\"image\":{\"@id\":\"https:\/\/talkpal.ai\/no\/#\/schema\/logo\/image\/\"},\"sameAs\":[\"https:\/\/www.facebook.com\/profile.php?id=100090733639311\",\"https:\/\/x.com\/talkpalai\",\"https:\/\/www.linkedin.com\/company\/talkpal\/\",\"https:\/\/www.youtube.com\/@TalkPal\/\",\"https:\/\/www.tiktok.com\/@talkpal\",\"https:\/\/www.instagram.com\/talkpal_ai\/\",\"https:\/\/www.crunchbase.com\/organization\/talkpal-9cde\",\"https:\/\/www.g2.com\/products\/talkpal-for-business\/\",\"https:\/\/www.trustpilot.com\/review\/talkpal.ai\",\"https:\/\/www.capterra.com\/p\/10006800\/TalkPal\/\"],\"description\":\"Talkpal is a language learning web and mobile education app, powered by the latest AI technologies, that provides engaging experiences to its customers in many different languages to help them improve their language skills. Users can chat about unlimited amount of topics with the app and use other modes to practice their language learning.\",\"email\":\"support@talkpal.ai\",\"legalName\":\"Talkpal, Inc.\",\"foundingDate\":\"2023-04-03\",\"duns\":\"118989042\",\"numberOfEmployees\":{\"@type\":\"QuantitativeValue\",\"minValue\":\"11\",\"maxValue\":\"50\"},\"publishingPrinciples\":\"https:\/\/talkpal.ai\/publishing-principles\/\",\"actionableFeedbackPolicy\":\"https:\/\/talkpal.ai\/actionable-feedback-policy\/\",\"correctionsPolicy\":\"https:\/\/talkpal.ai\/corrections-policy\/\",\"ethicsPolicy\":\"https:\/\/talkpal.ai\/ethics-policy\/\",\"diversityPolicy\":\"https:\/\/talkpal.ai\/diversity-policy\/\",\"diversityStaffingReport\":\"https:\/\/talkpal.ai\/diversity-policy\/\"}]}<\/script>\n<!-- \/ Yoast SEO Premium plugin. -->","yoast_head_json":{"title":"Serbisk grammatikk - Talkpal","description":"Utforsk den serbiske grammatikkens forviklinger og oppdag de unike trekkene som skiller det fra andre balkanske spr\u00e5k.","robots":{"index":"index","follow":"follow","max-snippet":"max-snippet:-1","max-image-preview":"max-image-preview:large","max-video-preview":"max-video-preview:-1"},"canonical":"https:\/\/talkpal.ai\/no\/serbisk-grammatikk\/","og_locale":"nb_NO","og_type":"article","og_title":"Serbisk grammatikk","og_description":"Serbisk grammatikk: \u00c5 n\u00f8ste opp forviklingene i det s\u00f8rslaviske spr\u00e5ket Ringer alle spr\u00e5kentusiaster og Balkan-elskere! Har du noen gang vurdert \u00e5 dykke","og_url":"https:\/\/talkpal.ai\/no\/serbisk-grammatikk\/","og_site_name":"Talkpal","article_publisher":"https:\/\/www.facebook.com\/profile.php?id=100090733639311","article_modified_time":"2025-12-17T15:36:50+00:00","og_image":[{"width":512,"height":512,"url":"https:\/\/talkpal.ai\/wp-content\/uploads\/2023\/05\/serbia.png","type":"image\/png"}],"twitter_card":"summary_large_image","twitter_site":"@talkpalai","twitter_misc":{"Ansl. lesetid":"3 minutter"},"schema":{"@context":"https:\/\/schema.org","@graph":[{"@type":"WebPage","@id":"https:\/\/talkpal.ai\/no\/serbisk-grammatikk\/","url":"https:\/\/talkpal.ai\/no\/serbisk-grammatikk\/","name":"Serbisk grammatikk - Talkpal","isPartOf":{"@id":"https:\/\/talkpal.ai\/no\/#website"},"primaryImageOfPage":{"@id":"https:\/\/talkpal.ai\/no\/serbisk-grammatikk\/#primaryimage"},"image":{"@id":"https:\/\/talkpal.ai\/no\/serbisk-grammatikk\/#primaryimage"},"thumbnailUrl":"https:\/\/talkpal.ai\/wp-content\/uploads\/2023\/05\/serbia.png","datePublished":"2023-05-14T14:19:26+00:00","dateModified":"2025-12-17T15:36:50+00:00","description":"Utforsk den serbiske grammatikkens forviklinger og oppdag de unike trekkene som skiller det fra andre balkanske spr\u00e5k.","breadcrumb":{"@id":"https:\/\/talkpal.ai\/no\/serbisk-grammatikk\/#breadcrumb"},"inLanguage":"nb-NO","potentialAction":[{"@type":"ReadAction","target":["https:\/\/talkpal.ai\/no\/serbisk-grammatikk\/"]}]},{"@type":"ImageObject","inLanguage":"nb-NO","@id":"https:\/\/talkpal.ai\/no\/serbisk-grammatikk\/#primaryimage","url":"https:\/\/talkpal.ai\/wp-content\/uploads\/2023\/05\/serbia.png","contentUrl":"https:\/\/talkpal.ai\/wp-content\/uploads\/2023\/05\/serbia.png","width":512,"height":512},{"@type":"BreadcrumbList","@id":"https:\/\/talkpal.ai\/no\/serbisk-grammatikk\/#breadcrumb","itemListElement":[{"@type":"ListItem","position":1,"name":"Homepage","item":"https:\/\/talkpal.ai\/no\/"},{"@type":"ListItem","position":2,"name":"Serbisk grammatikk"}]},{"@type":"WebSite","@id":"https:\/\/talkpal.ai\/no\/#website","url":"https:\/\/talkpal.ai\/no\/","name":"Talkpal","description":"AI Language Learning","publisher":{"@id":"https:\/\/talkpal.ai\/no\/#organization"},"alternateName":"Talkpal AI","potentialAction":[{"@type":"SearchAction","target":{"@type":"EntryPoint","urlTemplate":"https:\/\/talkpal.ai\/no\/?s={search_term_string}"},"query-input":{"@type":"PropertyValueSpecification","valueRequired":true,"valueName":"search_term_string"}}],"inLanguage":"nb-NO"},{"@type":"Organization","@id":"https:\/\/talkpal.ai\/no\/#organization","name":"Talkpal, Inc.","alternateName":"Talkpal AI","url":"https:\/\/talkpal.ai\/no\/","logo":{"@type":"ImageObject","inLanguage":"nb-NO","@id":"https:\/\/talkpal.ai\/no\/#\/schema\/logo\/image\/","url":"https:\/\/talkpal.ai\/wp-content\/uploads\/2024\/03\/Talkpal-Logo-Icon.png","contentUrl":"https:\/\/talkpal.ai\/wp-content\/uploads\/2024\/03\/Talkpal-Logo-Icon.png","width":2880,"height":2880,"caption":"Talkpal, Inc."},"image":{"@id":"https:\/\/talkpal.ai\/no\/#\/schema\/logo\/image\/"},"sameAs":["https:\/\/www.facebook.com\/profile.php?id=100090733639311","https:\/\/x.com\/talkpalai","https:\/\/www.linkedin.com\/company\/talkpal\/","https:\/\/www.youtube.com\/@TalkPal\/","https:\/\/www.tiktok.com\/@talkpal","https:\/\/www.instagram.com\/talkpal_ai\/","https:\/\/www.crunchbase.com\/organization\/talkpal-9cde","https:\/\/www.g2.com\/products\/talkpal-for-business\/","https:\/\/www.trustpilot.com\/review\/talkpal.ai","https:\/\/www.capterra.com\/p\/10006800\/TalkPal\/"],"description":"Talkpal is a language learning web and mobile education app, powered by the latest AI technologies, that provides engaging experiences to its customers in many different languages to help them improve their language skills. Users can chat about unlimited amount of topics with the app and use other modes to practice their language learning.","email":"support@talkpal.ai","legalName":"Talkpal, Inc.","foundingDate":"2023-04-03","duns":"118989042","numberOfEmployees":{"@type":"QuantitativeValue","minValue":"11","maxValue":"50"},"publishingPrinciples":"https:\/\/talkpal.ai\/publishing-principles\/","actionableFeedbackPolicy":"https:\/\/talkpal.ai\/actionable-feedback-policy\/","correctionsPolicy":"https:\/\/talkpal.ai\/corrections-policy\/","ethicsPolicy":"https:\/\/talkpal.ai\/ethics-policy\/","diversityPolicy":"https:\/\/talkpal.ai\/diversity-policy\/","diversityStaffingReport":"https:\/\/talkpal.ai\/diversity-policy\/"}]}},"_links":{"self":[{"href":"https:\/\/talkpal.ai\/no\/wp-json\/wp\/v2\/pages\/149949","targetHints":{"allow":["GET"]}}],"collection":[{"href":"https:\/\/talkpal.ai\/no\/wp-json\/wp\/v2\/pages"}],"about":[{"href":"https:\/\/talkpal.ai\/no\/wp-json\/wp\/v2\/types\/page"}],"author":[{"embeddable":true,"href":"https:\/\/talkpal.ai\/no\/wp-json\/wp\/v2\/users\/1"}],"replies":[{"embeddable":true,"href":"https:\/\/talkpal.ai\/no\/wp-json\/wp\/v2\/comments?post=149949"}],"version-history":[{"count":0,"href":"https:\/\/talkpal.ai\/no\/wp-json\/wp\/v2\/pages\/149949\/revisions"}],"wp:featuredmedia":[{"embeddable":true,"href":"https:\/\/talkpal.ai\/no\/wp-json\/wp\/v2\/media\/118270"}],"wp:attachment":[{"href":"https:\/\/talkpal.ai\/no\/wp-json\/wp\/v2\/media?parent=149949"}],"curies":[{"name":"wp","href":"https:\/\/api.w.org\/{rel}","templated":true}]}}