{"id":148047,"date":"2023-05-14T14:12:45","date_gmt":"2023-05-14T14:12:45","guid":{"rendered":"http:\/\/talkpal.ai\/nepalsk-grammatikk\/"},"modified":"2025-12-17T16:59:41","modified_gmt":"2025-12-17T16:59:41","slug":"nepalsk-grammatikk","status":"publish","type":"page","link":"https:\/\/talkpal.ai\/no\/nepalsk-grammatikk\/","title":{"rendered":"Nepalsk grammatikk"},"content":{"rendered":"\r\n\r\n\r\n<section class=\"languageChallengeSection\">\r\n    <div class=\"languageInfoWrapper\">\r\n        \r\n        <h1>Nepalsk grammatikk<\/h1>\r\n        <p>Er du nysgjerrig p\u00e5 <a href=\"https:\/\/talkpal.ai\/learn-nepali\/\">nepali<\/a>? Oppdag <a href=\"https:\/\/talkpal.ai\/nepali-grammar\/\">nepalsk grammatikk<\/a>, med kj\u00f8nnede substantiver, postposisjoner og en fleksibel setningsstruktur som gj\u00f8r spr\u00e5ket b\u00e5de uttrykksfullt og engasjerende. Begynn \u00e5 l\u00e6re i dag &#8211; \u00e5 beherske nepalsk <a href=\"https:\/\/talkpal.ai\/grammar\/\">grammatikk<\/a> vil \u00e5pne for meningsfulle samtaler og gi deg kontakt med Nepals mangfoldige kulturer og tradisjoner!<\/p>\r\n\r\n                            <a class=\"getStartedHidden\" href=\"https:\/\/app.talkpal.ai\/no\/signup?lng=\">Kom i gang<\/a>\r\n        \r\n    <\/div>\r\n\r\n    <figure>\r\n    <img decoding=\"async\" width=\"768\" height=\"768\" src=\"https:\/\/talkpal.ai\/wp-content\/uploads\/2023\/06\/nepali-768x768.png\" class=\"languageImage no-lazy\" alt=\"Practical language learning for real-life application\" fetchpriority=\"high\" sizes=\"(max-width: 768px) 150px, 768px\" srcset=\"https:\/\/talkpal.ai\/wp-content\/uploads\/2023\/06\/nepali-768x768.png 768w, https:\/\/talkpal.ai\/wp-content\/uploads\/2023\/06\/nepali-300x300.png 300w\" \/>\r\n    \r\n\r\n    <\/figure>\r\n\r\n            <a class=\"getStartedVisible\" href=\"https:\/\/app.talkpal.ai\/no\/signup?lng=\">Kom i gang<\/a>\r\n    \r\n<\/section>\r\n<section class=\"promotionalBanner\">\r\n    <p class=\"promotionalText\">Den mest effektive m\u00e5ten \u00e5 l\u00e6re et spr\u00e5k p\u00e5<\/p>\r\n    <a class=\"promotionalLink\" href=\"https:\/\/app.talkpal.ai\/no\/signup?lng=\">Pr\u00f8v Talkpal gratis<\/a>\r\n<\/section>\n<div class=\"wp-block-group pageContainerStyle\"><div class=\"wp-block-group__inner-container is-layout-constrained wp-block-group-is-layout-constrained\">\n<h2 class=\"wp-block-heading\" id=\"h-delving-into-the-richness-of-nepali-grammar-an-insightful-guide\">Dykk inn i rikdommen til nepalsk grammatikk: en innsiktsfull guide<\/h2>\n\n\n\n<p>Nepali, et indo-arisk spr\u00e5k som snakkes av over 25 millioner mennesker i Nepal og n\u00e6rliggende regioner, er et herlig spr\u00e5k som viser frem den kulturelle rikdommen og det spr\u00e5klige mangfoldet i S\u00f8r-Asia. For \u00e5 effektivt kommunisere p\u00e5 <a href=\"https:\/\/talkpal.ai\/learn-nepali\/\">nepalesisk<\/a> og virkelig sette pris p\u00e5 skj\u00f8nnheten, m\u00e5 man forst\u00e5 grammatikken. I denne artikkelen vil vi gi en oversikt over de grunnleggende aspektene ved nepalesisk grammatikk og gi praktiske tips for \u00e5 hjelpe deg med \u00e5 <a href=\"https:\/\/talkpal.ai\/locations\/language-courses-in-mestre\/\">mestre<\/a> dette fascinerende spr\u00e5ket.<\/p>\n\n\n\n<h3 class=\"wp-block-heading\" id=\"h-key-aspects-of-nepali-grammar\">N\u00f8kkelaspekter ved nepalsk grammatikk:<\/h3>\n\n\n\n<p>Nepalesisk grammatikk kan i utgangspunktet virke utfordrende, men med tid og \u00f8velse kan du f\u00e5 taket p\u00e5 det. Her er noen grunnleggende komponenter i nepalesisk grammatikk for \u00e5 gj\u00f8re deg kjent med:<\/p>\n\n\n\n<p><strong>1. Substantiv:<\/strong> Nepalesiske substantiver har ikke grammatisk kj\u00f8nn, noe som gj\u00f8r det lettere for elever siden det ikke er n\u00f8dvendig \u00e5 huske kj\u00f8nnet til hvert substantiv. Substantiv b\u00f8yes imidlertid for tall (entall og flertall) og kasus (nominativ, genitiv, dativ osv.).<\/p>\n\n\n\n<p><strong>2. Pronomen:<\/strong> Personlige pronomen p\u00e5 nepalesisk har tre former: subjektiv, objektiv og besittende. De er enige med substantivet de refererer til n\u00e5r det gjelder antall, men ikke kj\u00f8nn. Det finnes ogs\u00e5 forskjellige pronomen og verbb\u00f8yningsformer basert p\u00e5 formalitetsniv\u00e5et (h\u00f8flig, kjent eller intimt).<\/p>\n\n\n\n<p><strong>3. Verb:<\/strong> Nepalesiske verb b\u00f8yes for tid (n\u00e5tid, fortid og fremtid), stemning (indikativ, <a href=\"https:\/\/talkpal.ai\/ja\/grammar_exercises\/imperatif-%e3%83%95%e3%83%a9%e3%83%b3%e3%82%b9%e3%81%ae%e6%96%87%e6%b3%95%e3%81%ae%e3%81%9f%e3%82%81%e3%81%ae%e6%bc%94%e7%bf%92\/\">imperativ<\/a> eller <a href=\"https:\/\/talkpal.ai\/ja\/grammar_exercises\/konjunktiv-%e3%83%89%e3%82%a4%e3%83%84%e6%96%87%e6%b3%95%e3%81%ae%e6%bc%94%e7%bf%92\/\">konjunktiv<\/a>) og aspekt (kontinuerlig, perfekt eller enkel). Det finnes ogs\u00e5 forskjellige b\u00f8yningsm\u00f8nstre for verb avhengig av subjektets formalitetsniv\u00e5.<\/p>\n\n\n\n<p><strong>4. Adjektiver og adverb:<\/strong> Adjektiver p\u00e5 nepalesisk f\u00f8lger vanligvis substantivet de endrer og stemmer overens i antall og store bokstaver. Adverb kan brukes til \u00e5 gi tilleggsinformasjon og endrer generelt ikke formen.<\/p>\n\n\n\n<p><strong>5. Setningsstruktur:<\/strong> Den typiske nepalesiske setningsstrukturen f\u00f8lger <a href=\"https:\/\/talkpal.ai\/culture\/how-do-you-structure-a-sentence-using-subject-object-verb-order-in-uzbek\/\">Subject-Object-Verb<\/a> (SOV) rekkef\u00f8lgen. Ordrekkef\u00f8lge kan imidlertid v\u00e6re fleksibel, avhengig av vekt og kontekst.<\/p>\n\n\n\n<h3 class=\"wp-block-heading\" id=\"h-tips-for-learning-nepali-grammar\">Tips for \u00e5 l\u00e6re nepalesisk grammatikk:<\/h3>\n\n\n\n<p>Her er noen effektive strategier for \u00e5 gj\u00f8re din nepalesiske grammatikkl\u00e6ringsreise jevnere:<\/p>\n\n\n\n<p><strong>1. Begynn med det grunnleggende:<\/strong> Fokuser p\u00e5 \u00e5 l\u00e6re det grunnleggende om nepalesisk grammatikk, for eksempel substantivtilfeller, pronomen og verbb\u00f8ying. Etter hvert som forst\u00e5elsen din \u00f8ker, inkorporer gradvis mer komplekse strukturer og regler.<\/p>\n\n\n\n<p><strong>2. \u00d8v regelmessig:<\/strong> Konsistens er avgj\u00f8rende n\u00e5r du l\u00e6rer et nytt spr\u00e5k. Tildel bestemte tider hver dag eller uke for \u00e5 trene grammatikk\u00f8velser, lese og skrive p\u00e5 nepalesisk.<\/p>\n\n\n\n<p><strong>3. Bruk innf\u00f8dte ressurser:<\/strong> Fordyp deg i autentisk nepalesisk materiale, som litteratur, nyhetsartikler og podcaster. Dette vil ikke bare hjelpe deg \u00e5 forst\u00e5 nepalesisk grammatikk i kontekst, men ogs\u00e5 forbedre dine generelle spr\u00e5kkunnskaper.<\/p>\n\n\n\n<p><strong>4. F\u00e5 kontakt med morsm\u00e5l:<\/strong> \u00c5 engasjere seg i samtaler med innf\u00f8dte nepalesisk tillater deg \u00e5 \u00f8ve p\u00e5 grammatikk i virkelige situasjoner og motta verdifull tilbakemelding. Vurder \u00e5 bli med i spr\u00e5kutvekslingsgrupper eller nettfora for \u00e5 f\u00e5 kontakt med nepalisktalende individer.<\/p>\n\n\n\n<p><strong>5. V\u00e6r t\u00e5lmodig og utholdende:<\/strong> Husk at \u00e5 l\u00e6re et nytt spr\u00e5k krever tid, utholdenhet og t\u00e5lmodighet. Omfavn utfordringene og feir fremgangen din underveis.<\/p>\n\n\n\n<h3 class=\"wp-block-heading\" id=\"h-conclusion\">Konklusjon:<\/h3>\n\n\n\n<p>Nepalesisk grammatikk, med sine unike egenskaper og forbindelser til den indo-ariske spr\u00e5kfamilien, tilbyr en fascinerende spr\u00e5klig reise. Ved \u00e5 forst\u00e5 de viktigste aspektene og f\u00f8lge v\u00e5re praktiske tips, vil du bane vei for spr\u00e5kferdigheter og f\u00e5 en dypere forst\u00e5else av det nepalske spr\u00e5ket. S\u00e5 v\u00e5g deg frem med entusiasme og nysgjerrighet, og omfavn de spr\u00e5klige skattene i Nepal!<\/p>\n<\/div><\/div>\n\r\n<section class=\"learnNavigationSection\">\r\n            \r\n        <a href=\"https:\/\/talkpal.ai\/no\/laer-nepalsk\/\">\r\n            <div class=\"learnNavigationWrapper\">\r\n                <div class=\"learnNavigationContent\">\r\n                    <img decoding=\"async\" src=\"https:\/\/talkpal.ai\/wp-content\/uploads\/2024\/08\/Nepali.jpg\" alt=\"Nepali Flag\">\r\n                    <div>\r\n                        <h4>Om Nepali Learning<\/h4>\r\n                        <p>Finn ut alt om nepalsk grammatikk.<\/p>\r\n                    <\/div>\r\n                <\/div>\r\n            <\/div>\r\n        <\/a>\r\n\r\n        \r\n        <a href=\"https:\/\/talkpal.ai\/no\/nepalesisk-grammatikkovelser\/\">\r\n            <div class=\"learnNavigationWrapper\">\r\n                <div class=\"learnNavigationContent\">\r\n                    <img decoding=\"async\" src=\"https:\/\/talkpal.ai\/wp-content\/uploads\/2024\/08\/Nepali.jpg\" alt=\"Nepali Flag\">\r\n                    <div>\r\n                        <h4>\u00d8velse i nepalsk grammatikk<\/h4>\r\n                        <p>\u00d8v p\u00e5 nepalsk grammatikk.<\/p>\r\n                    <\/div>\r\n                <\/div>\r\n            <\/div>\r\n        <\/a>\r\n\r\n        \r\n        <a href=\"https:\/\/talkpal.ai\/vocabulary_language\/nepali\/\">\r\n            <div class=\"learnNavigationWrapper\">\r\n                <div class=\"learnNavigationContent\">\r\n                    <img decoding=\"async\" src=\"https:\/\/talkpal.ai\/wp-content\/uploads\/2024\/08\/Nepali.jpg\" alt=\"Nepali Flag\">\r\n                    <div>\r\n                        <h4>Nepalsk ordforr\u00e5d<\/h4>\r\n                        <p>Utvid ordforr\u00e5det ditt p\u00e5 nepali.<\/p>\r\n                    <\/div>\r\n                <\/div>\r\n            <\/div>\r\n        <\/a>\r\n\r\n            <\/section>","protected":false},"excerpt":{"rendered":"<p>Dykk inn i rikdommen til nepalsk grammatikk: en innsiktsfull guide Nepali, et indo-arisk spr\u00e5k som snakkes av over 25 millioner mennesker i Nepal og n\u00e6rliggende regioner, er et herlig spr\u00e5k som viser frem den kulturelle rikdommen og det spr\u00e5klige mangfoldet i S\u00f8r-Asia. For \u00e5 effektivt kommunisere p\u00e5 nepalesisk og virkelig sette pris p\u00e5 skj\u00f8nnheten, m\u00e5 [&hellip;]<\/p>\n","protected":false},"author":1,"featured_media":116038,"parent":0,"menu_order":0,"comment_status":"closed","ping_status":"closed","template":"LearningContentPage.php","meta":{"_acf_changed":false,"footnotes":""},"class_list":["post-148047","page","type-page","status-publish","has-post-thumbnail","hentry"],"acf":[],"yoast_head":"<!-- This site is optimized with the Yoast SEO Premium plugin v27.2 (Yoast SEO v27.2) - https:\/\/yoast.com\/product\/yoast-seo-premium-wordpress\/ -->\n<title>Nepalsk grammatikk - Talkpal<\/title>\n<meta name=\"description\" content=\"Utforsk nepalsk grammatikk og forbedre din forst\u00e5else av spr\u00e5ket med klare og konsise forklaringer.\" \/>\n<meta name=\"robots\" content=\"index, follow, max-snippet:-1, max-image-preview:large, max-video-preview:-1\" \/>\n<link rel=\"canonical\" href=\"https:\/\/talkpal.ai\/no\/nepalsk-grammatikk\/\" \/>\n<meta property=\"og:locale\" content=\"nb_NO\" \/>\n<meta property=\"og:type\" content=\"article\" \/>\n<meta property=\"og:title\" content=\"Nepalsk grammatikk\" \/>\n<meta property=\"og:description\" content=\"Dykk inn i rikdommen til nepalsk grammatikk: en innsiktsfull guide Nepali, et indo-arisk spr\u00e5k som snakkes av over 25 millioner mennesker i Nepal og\" \/>\n<meta property=\"og:url\" content=\"https:\/\/talkpal.ai\/no\/nepalsk-grammatikk\/\" \/>\n<meta property=\"og:site_name\" content=\"Talkpal\" \/>\n<meta property=\"article:publisher\" content=\"https:\/\/www.facebook.com\/profile.php?id=100090733639311\" \/>\n<meta property=\"article:modified_time\" content=\"2025-12-17T16:59:41+00:00\" \/>\n<meta property=\"og:image\" content=\"https:\/\/talkpal.ai\/wp-content\/uploads\/2023\/05\/nepal.png\" \/>\n\t<meta property=\"og:image:width\" content=\"512\" \/>\n\t<meta property=\"og:image:height\" content=\"512\" \/>\n\t<meta property=\"og:image:type\" content=\"image\/png\" \/>\n<meta name=\"twitter:card\" content=\"summary_large_image\" \/>\n<meta name=\"twitter:site\" content=\"@talkpalai\" \/>\n<meta name=\"twitter:label1\" content=\"Ansl. lesetid\" \/>\n\t<meta name=\"twitter:data1\" content=\"3 minutter\" \/>\n<script type=\"application\/ld+json\" class=\"yoast-schema-graph\">{\"@context\":\"https:\/\/schema.org\",\"@graph\":[{\"@type\":\"WebPage\",\"@id\":\"https:\/\/talkpal.ai\/no\/nepalsk-grammatikk\/\",\"url\":\"https:\/\/talkpal.ai\/no\/nepalsk-grammatikk\/\",\"name\":\"Nepalsk grammatikk - Talkpal\",\"isPartOf\":{\"@id\":\"https:\/\/talkpal.ai\/no\/#website\"},\"primaryImageOfPage\":{\"@id\":\"https:\/\/talkpal.ai\/no\/nepalsk-grammatikk\/#primaryimage\"},\"image\":{\"@id\":\"https:\/\/talkpal.ai\/no\/nepalsk-grammatikk\/#primaryimage\"},\"thumbnailUrl\":\"https:\/\/talkpal.ai\/wp-content\/uploads\/2023\/05\/nepal.png\",\"datePublished\":\"2023-05-14T14:12:45+00:00\",\"dateModified\":\"2025-12-17T16:59:41+00:00\",\"description\":\"Utforsk nepalsk grammatikk og forbedre din forst\u00e5else av spr\u00e5ket med klare og konsise forklaringer.\",\"breadcrumb\":{\"@id\":\"https:\/\/talkpal.ai\/no\/nepalsk-grammatikk\/#breadcrumb\"},\"inLanguage\":\"nb-NO\",\"potentialAction\":[{\"@type\":\"ReadAction\",\"target\":[\"https:\/\/talkpal.ai\/no\/nepalsk-grammatikk\/\"]}]},{\"@type\":\"ImageObject\",\"inLanguage\":\"nb-NO\",\"@id\":\"https:\/\/talkpal.ai\/no\/nepalsk-grammatikk\/#primaryimage\",\"url\":\"https:\/\/talkpal.ai\/wp-content\/uploads\/2023\/05\/nepal.png\",\"contentUrl\":\"https:\/\/talkpal.ai\/wp-content\/uploads\/2023\/05\/nepal.png\",\"width\":512,\"height\":512},{\"@type\":\"BreadcrumbList\",\"@id\":\"https:\/\/talkpal.ai\/no\/nepalsk-grammatikk\/#breadcrumb\",\"itemListElement\":[{\"@type\":\"ListItem\",\"position\":1,\"name\":\"Homepage\",\"item\":\"https:\/\/talkpal.ai\/no\/\"},{\"@type\":\"ListItem\",\"position\":2,\"name\":\"Nepalsk grammatikk\"}]},{\"@type\":\"WebSite\",\"@id\":\"https:\/\/talkpal.ai\/no\/#website\",\"url\":\"https:\/\/talkpal.ai\/no\/\",\"name\":\"Talkpal\",\"description\":\"AI Language Learning\",\"publisher\":{\"@id\":\"https:\/\/talkpal.ai\/no\/#organization\"},\"alternateName\":\"Talkpal AI\",\"potentialAction\":[{\"@type\":\"SearchAction\",\"target\":{\"@type\":\"EntryPoint\",\"urlTemplate\":\"https:\/\/talkpal.ai\/no\/?s={search_term_string}\"},\"query-input\":{\"@type\":\"PropertyValueSpecification\",\"valueRequired\":true,\"valueName\":\"search_term_string\"}}],\"inLanguage\":\"nb-NO\"},{\"@type\":\"Organization\",\"@id\":\"https:\/\/talkpal.ai\/no\/#organization\",\"name\":\"Talkpal, Inc.\",\"alternateName\":\"Talkpal AI\",\"url\":\"https:\/\/talkpal.ai\/no\/\",\"logo\":{\"@type\":\"ImageObject\",\"inLanguage\":\"nb-NO\",\"@id\":\"https:\/\/talkpal.ai\/no\/#\/schema\/logo\/image\/\",\"url\":\"https:\/\/talkpal.ai\/wp-content\/uploads\/2024\/03\/Talkpal-Logo-Icon.png\",\"contentUrl\":\"https:\/\/talkpal.ai\/wp-content\/uploads\/2024\/03\/Talkpal-Logo-Icon.png\",\"width\":2880,\"height\":2880,\"caption\":\"Talkpal, Inc.\"},\"image\":{\"@id\":\"https:\/\/talkpal.ai\/no\/#\/schema\/logo\/image\/\"},\"sameAs\":[\"https:\/\/www.facebook.com\/profile.php?id=100090733639311\",\"https:\/\/x.com\/talkpalai\",\"https:\/\/www.linkedin.com\/company\/talkpal\/\",\"https:\/\/www.youtube.com\/@TalkPal\/\",\"https:\/\/www.tiktok.com\/@talkpal\",\"https:\/\/www.instagram.com\/talkpal_ai\/\",\"https:\/\/www.crunchbase.com\/organization\/talkpal-9cde\",\"https:\/\/www.g2.com\/products\/talkpal-for-business\/\",\"https:\/\/www.trustpilot.com\/review\/talkpal.ai\",\"https:\/\/www.capterra.com\/p\/10006800\/TalkPal\/\"],\"description\":\"Talkpal is a language learning web and mobile education app, powered by the latest AI technologies, that provides engaging experiences to its customers in many different languages to help them improve their language skills. Users can chat about unlimited amount of topics with the app and use other modes to practice their language learning.\",\"email\":\"support@talkpal.ai\",\"legalName\":\"Talkpal, Inc.\",\"foundingDate\":\"2023-04-03\",\"duns\":\"118989042\",\"numberOfEmployees\":{\"@type\":\"QuantitativeValue\",\"minValue\":\"11\",\"maxValue\":\"50\"},\"publishingPrinciples\":\"https:\/\/talkpal.ai\/publishing-principles\/\",\"actionableFeedbackPolicy\":\"https:\/\/talkpal.ai\/actionable-feedback-policy\/\",\"correctionsPolicy\":\"https:\/\/talkpal.ai\/corrections-policy\/\",\"ethicsPolicy\":\"https:\/\/talkpal.ai\/ethics-policy\/\",\"diversityPolicy\":\"https:\/\/talkpal.ai\/diversity-policy\/\",\"diversityStaffingReport\":\"https:\/\/talkpal.ai\/diversity-policy\/\"}]}<\/script>\n<!-- \/ Yoast SEO Premium plugin. -->","yoast_head_json":{"title":"Nepalsk grammatikk - Talkpal","description":"Utforsk nepalsk grammatikk og forbedre din forst\u00e5else av spr\u00e5ket med klare og konsise forklaringer.","robots":{"index":"index","follow":"follow","max-snippet":"max-snippet:-1","max-image-preview":"max-image-preview:large","max-video-preview":"max-video-preview:-1"},"canonical":"https:\/\/talkpal.ai\/no\/nepalsk-grammatikk\/","og_locale":"nb_NO","og_type":"article","og_title":"Nepalsk grammatikk","og_description":"Dykk inn i rikdommen til nepalsk grammatikk: en innsiktsfull guide Nepali, et indo-arisk spr\u00e5k som snakkes av over 25 millioner mennesker i Nepal og","og_url":"https:\/\/talkpal.ai\/no\/nepalsk-grammatikk\/","og_site_name":"Talkpal","article_publisher":"https:\/\/www.facebook.com\/profile.php?id=100090733639311","article_modified_time":"2025-12-17T16:59:41+00:00","og_image":[{"width":512,"height":512,"url":"https:\/\/talkpal.ai\/wp-content\/uploads\/2023\/05\/nepal.png","type":"image\/png"}],"twitter_card":"summary_large_image","twitter_site":"@talkpalai","twitter_misc":{"Ansl. lesetid":"3 minutter"},"schema":{"@context":"https:\/\/schema.org","@graph":[{"@type":"WebPage","@id":"https:\/\/talkpal.ai\/no\/nepalsk-grammatikk\/","url":"https:\/\/talkpal.ai\/no\/nepalsk-grammatikk\/","name":"Nepalsk grammatikk - Talkpal","isPartOf":{"@id":"https:\/\/talkpal.ai\/no\/#website"},"primaryImageOfPage":{"@id":"https:\/\/talkpal.ai\/no\/nepalsk-grammatikk\/#primaryimage"},"image":{"@id":"https:\/\/talkpal.ai\/no\/nepalsk-grammatikk\/#primaryimage"},"thumbnailUrl":"https:\/\/talkpal.ai\/wp-content\/uploads\/2023\/05\/nepal.png","datePublished":"2023-05-14T14:12:45+00:00","dateModified":"2025-12-17T16:59:41+00:00","description":"Utforsk nepalsk grammatikk og forbedre din forst\u00e5else av spr\u00e5ket med klare og konsise forklaringer.","breadcrumb":{"@id":"https:\/\/talkpal.ai\/no\/nepalsk-grammatikk\/#breadcrumb"},"inLanguage":"nb-NO","potentialAction":[{"@type":"ReadAction","target":["https:\/\/talkpal.ai\/no\/nepalsk-grammatikk\/"]}]},{"@type":"ImageObject","inLanguage":"nb-NO","@id":"https:\/\/talkpal.ai\/no\/nepalsk-grammatikk\/#primaryimage","url":"https:\/\/talkpal.ai\/wp-content\/uploads\/2023\/05\/nepal.png","contentUrl":"https:\/\/talkpal.ai\/wp-content\/uploads\/2023\/05\/nepal.png","width":512,"height":512},{"@type":"BreadcrumbList","@id":"https:\/\/talkpal.ai\/no\/nepalsk-grammatikk\/#breadcrumb","itemListElement":[{"@type":"ListItem","position":1,"name":"Homepage","item":"https:\/\/talkpal.ai\/no\/"},{"@type":"ListItem","position":2,"name":"Nepalsk grammatikk"}]},{"@type":"WebSite","@id":"https:\/\/talkpal.ai\/no\/#website","url":"https:\/\/talkpal.ai\/no\/","name":"Talkpal","description":"AI Language Learning","publisher":{"@id":"https:\/\/talkpal.ai\/no\/#organization"},"alternateName":"Talkpal AI","potentialAction":[{"@type":"SearchAction","target":{"@type":"EntryPoint","urlTemplate":"https:\/\/talkpal.ai\/no\/?s={search_term_string}"},"query-input":{"@type":"PropertyValueSpecification","valueRequired":true,"valueName":"search_term_string"}}],"inLanguage":"nb-NO"},{"@type":"Organization","@id":"https:\/\/talkpal.ai\/no\/#organization","name":"Talkpal, Inc.","alternateName":"Talkpal AI","url":"https:\/\/talkpal.ai\/no\/","logo":{"@type":"ImageObject","inLanguage":"nb-NO","@id":"https:\/\/talkpal.ai\/no\/#\/schema\/logo\/image\/","url":"https:\/\/talkpal.ai\/wp-content\/uploads\/2024\/03\/Talkpal-Logo-Icon.png","contentUrl":"https:\/\/talkpal.ai\/wp-content\/uploads\/2024\/03\/Talkpal-Logo-Icon.png","width":2880,"height":2880,"caption":"Talkpal, Inc."},"image":{"@id":"https:\/\/talkpal.ai\/no\/#\/schema\/logo\/image\/"},"sameAs":["https:\/\/www.facebook.com\/profile.php?id=100090733639311","https:\/\/x.com\/talkpalai","https:\/\/www.linkedin.com\/company\/talkpal\/","https:\/\/www.youtube.com\/@TalkPal\/","https:\/\/www.tiktok.com\/@talkpal","https:\/\/www.instagram.com\/talkpal_ai\/","https:\/\/www.crunchbase.com\/organization\/talkpal-9cde","https:\/\/www.g2.com\/products\/talkpal-for-business\/","https:\/\/www.trustpilot.com\/review\/talkpal.ai","https:\/\/www.capterra.com\/p\/10006800\/TalkPal\/"],"description":"Talkpal is a language learning web and mobile education app, powered by the latest AI technologies, that provides engaging experiences to its customers in many different languages to help them improve their language skills. Users can chat about unlimited amount of topics with the app and use other modes to practice their language learning.","email":"support@talkpal.ai","legalName":"Talkpal, Inc.","foundingDate":"2023-04-03","duns":"118989042","numberOfEmployees":{"@type":"QuantitativeValue","minValue":"11","maxValue":"50"},"publishingPrinciples":"https:\/\/talkpal.ai\/publishing-principles\/","actionableFeedbackPolicy":"https:\/\/talkpal.ai\/actionable-feedback-policy\/","correctionsPolicy":"https:\/\/talkpal.ai\/corrections-policy\/","ethicsPolicy":"https:\/\/talkpal.ai\/ethics-policy\/","diversityPolicy":"https:\/\/talkpal.ai\/diversity-policy\/","diversityStaffingReport":"https:\/\/talkpal.ai\/diversity-policy\/"}]}},"_links":{"self":[{"href":"https:\/\/talkpal.ai\/no\/wp-json\/wp\/v2\/pages\/148047","targetHints":{"allow":["GET"]}}],"collection":[{"href":"https:\/\/talkpal.ai\/no\/wp-json\/wp\/v2\/pages"}],"about":[{"href":"https:\/\/talkpal.ai\/no\/wp-json\/wp\/v2\/types\/page"}],"author":[{"embeddable":true,"href":"https:\/\/talkpal.ai\/no\/wp-json\/wp\/v2\/users\/1"}],"replies":[{"embeddable":true,"href":"https:\/\/talkpal.ai\/no\/wp-json\/wp\/v2\/comments?post=148047"}],"version-history":[{"count":0,"href":"https:\/\/talkpal.ai\/no\/wp-json\/wp\/v2\/pages\/148047\/revisions"}],"wp:featuredmedia":[{"embeddable":true,"href":"https:\/\/talkpal.ai\/no\/wp-json\/wp\/v2\/media\/116038"}],"wp:attachment":[{"href":"https:\/\/talkpal.ai\/no\/wp-json\/wp\/v2\/media?parent=148047"}],"curies":[{"name":"wp","href":"https:\/\/api.w.org\/{rel}","templated":true}]}}