{"id":147793,"date":"2023-05-14T14:12:25","date_gmt":"2023-05-14T14:12:25","guid":{"rendered":"http:\/\/talkpal.ai\/maori-grammatikk\/"},"modified":"2025-12-17T16:44:09","modified_gmt":"2025-12-17T16:44:09","slug":"maori-grammatikk","status":"publish","type":"page","link":"https:\/\/talkpal.ai\/no\/maori-grammatikk\/","title":{"rendered":"Maori grammatikk"},"content":{"rendered":"\r\n\r\n\r\n<section class=\"languageChallengeSection\">\r\n    <div class=\"languageInfoWrapper\">\r\n        \r\n        <h1>Maori grammatikk<\/h1>\r\n        <p>Lyst til \u00e5 l\u00e6re m\u0101ori? Fordyp deg i maori-grammatikken, som er kjent for sin enkelhet, bruk av artikler og partiklenes viktige rolle for \u00e5 skape mening. Begynn i dag &#8211; \u00e5 beherske maori-grammatikk vil hjelpe deg \u00e5 f\u00e5 dypere <a href=\"https:\/\/talkpal.ai\/contact\/\">kontakt<\/a> med spr\u00e5kets rike arv og den levende kulturen i Aotearoa New Zealand!<\/p>\r\n\r\n                            <a class=\"getStartedHidden\" href=\"https:\/\/app.talkpal.ai\/no\/signup?lng=\">Kom i gang<\/a>\r\n        \r\n    <\/div>\r\n\r\n    <figure>\r\n    <img decoding=\"async\" width=\"768\" height=\"768\" src=\"https:\/\/talkpal.ai\/wp-content\/uploads\/2023\/06\/maori-768x768.png\" class=\"languageImage no-lazy\" alt=\"Language learning for social and professional settings\" fetchpriority=\"high\" sizes=\"(max-width: 768px) 150px, 768px\" srcset=\"https:\/\/talkpal.ai\/wp-content\/uploads\/2023\/06\/maori-768x768.png 768w, https:\/\/talkpal.ai\/wp-content\/uploads\/2023\/06\/maori-300x300.png 300w\" \/>\r\n    \r\n\r\n    <\/figure>\r\n\r\n            <a class=\"getStartedVisible\" href=\"https:\/\/app.talkpal.ai\/no\/signup?lng=\">Kom i gang<\/a>\r\n    \r\n<\/section>\r\n<section class=\"promotionalBanner\">\r\n    <p class=\"promotionalText\">Den mest effektive m\u00e5ten \u00e5 l\u00e6re et spr\u00e5k p\u00e5<\/p>\r\n    <a class=\"promotionalLink\" href=\"https:\/\/app.talkpal.ai\/no\/signup?lng=\">Pr\u00f8v Talkpal gratis<\/a>\r\n<\/section>\n<div class=\"wp-block-group pageContainerStyle\"><div class=\"wp-block-group__inner-container is-layout-constrained wp-block-group-is-layout-constrained\">\n<h2 class=\"wp-block-heading\" id=\"h-maori-grammar-your-ticket-to-a-vibrant-bicultural-world\">Maori Grammar: Your Ticket to a Vibrant Bicultural World<\/h2>\n\n\n\n<p><a href=\"https:\/\/talkpal.ai\/culture\/how-do-you-say-lets-go-in-maori\/\">Kia ora<\/a>! Velkommen til maorispr\u00e5kets fantastiske verden. <a href=\"https:\/\/talkpal.ai\/learn-maori\/\">Maori<\/a> eller te reo <a href=\"https:\/\/talkpal.ai\/learn-maori\/\">maori<\/a> er New Zealands urfolksspr\u00e5k og gir deg en unik mulighet til \u00e5 komme i kontakt med en eldgammel kultur og et levende spr\u00e5kfellesskap. Som alle andre spr\u00e5k kan maori-grammatikk virke utfordrende, men ikke v\u00e6r redd! Denne nybegynnervennlige guiden vil forenkle kjernekomponentene i Maori-grammatikken for en visuelt engasjerende og informativ reise.<\/p>\n\n\n\n<h3 class=\"wp-block-heading\" id=\"h-1-starting-with-the-basics-maori-alphabet-and-pronunciation\">1. Starter med det grunnleggende: Maori-alfabet og uttale<\/h3>\n\n\n\n<p>Maori bruker et modifisert latinsk skrift, best\u00e5ende av bare 15 bokstaver: fem vokaler (a, e, i, o og u) og ti konsonanter (h, k, m, n, p, r, t, w, ng og wh). Gj\u00f8r deg kjent med disse bokstavene og deres distinkte uttaler, ettersom de legger grunnlaget for all p\u00e5f\u00f8lgende Maori-grammatikkl\u00e6ring.<\/p>\n\n\n\n<h3 class=\"wp-block-heading\" id=\"h-2-exploring-maori-sentence-structure\">2. Utforske Maori-setningsstruktur<\/h3>\n\n\n\n<p>I kjernen f\u00f8lger maorigrammatikken en enkel subjekt-verb (-objekt) struktur, med verbet som vanligvis g\u00e5r foran subjektet. Den klareste m\u00e5ten \u00e5 forst\u00e5 denne strukturen p\u00e5 er \u00e5 se den i aksjon:<\/p>\n\n\n\n<p><strong>Norsk: Barnet leker.<\/strong><\/p>\n\n\n\n<p><strong>Maori: Kei te t\u0101karo te tamaiti.<\/strong><\/p>\n\n\n\n<p>P\u00e5 maori angis verbets tid gjennom en kombinasjon av partikler eller ved \u00e5 legge til en tidsangivelse i setningen.<\/p>\n\n\n\n<h3 class=\"wp-block-heading\" id=\"h-3-demystifying-particles-building-blocks-of-maori-grammar\">3. Avmystifiserende partikler: Byggesteiner i Maori-grammatikken<\/h3>\n\n\n\n<p>Partikler spiller en avgj\u00f8rende rolle i maorigrammatikken, og knytter ord og uttrykk sammen for \u00e5 skape sammenhengende og uttrykksfulle setninger. Som nybegynner, fokuser p\u00e5 \u00e5 forst\u00e5 noen f\u00e5 essensielle partikler:<\/p>\n\n\n\n<p><strong>&#8211; Kia: brukes til kommandoer, \u00f8nsker og for \u00e5 angi hensikten med en handling.<\/strong><\/p>\n\n\n\n<p><strong>&#8211; Kei: brukes til \u00e5 danne kontinuerlig tid.<\/strong><\/p>\n\n\n\n<p><strong>&#8211; Ko: brukes for \u00e5 markere subjektet i en setning.<\/strong><\/p>\n\n\n\n<h3 class=\"wp-block-heading\" id=\"h-4-getting-to-know-maori-pronouns\">4. Bli kjent med maoripronomen<\/h3>\n\n\n\n<p>Pronomen p\u00e5 maori erstatter substantiver og bidrar til \u00e5 holde samtalene dine naturlige og flytende. Som nybegynner, konsentrer deg om \u00e5 forst\u00e5 personlige og besittende pronomen:<\/p>\n\n\n\n<p>Personlige pronomen: ahau (jeg), koe (deg, entall), ia (han\/hun), t\u0101ua (vi, inkludert person som snakkes til), m\u0101ua (vi, unntatt person som snakkes med), koutou (deg, flertall), r\u0101tau (de)<\/p>\n\n\n\n<p>Besittende pronomen: taku\/t\u014dku (min), t\u014du (din, entall), t\u014dna (hans\/henne), t\u014d t\u0101ua (v\u00e5r, inkludert taler og lytter), t\u014d m\u0101ua (v\u00e5r, taler og noen andre), t\u014d koutou (din , flertall), t\u014d r\u0101tau (deres)<\/p>\n\n\n\n<h3 class=\"wp-block-heading\" id=\"h-5-navigating-maori-nouns-and-adjectives\">5. Navigere Maori Substantiv og Adjektiver<\/h3>\n\n\n\n<p>Maori substantiv og adjektiver f\u00f8lger enkle grammatiske regler, noe som gj\u00f8r det enkelt for nybegynnere \u00e5 forst\u00e5. Adjektiver f\u00f8lger vanligvis etter substantivet de beskriver, og substantiv i flertall inneb\u00e6rer ganske enkelt at man legger til en partikkel, &laquo;ng\u0101&raquo;, foran substantivet. For eksempel:<\/p>\n\n\n\n<p><strong>Te whare nui &#8211; &laquo;det store huset&raquo;<\/strong><\/p>\n\n\n\n<p><strong>Ng\u0101 tamariki &#8211; &laquo;barna&raquo;<\/strong><\/p>\n\n\n\n<p>Der har du det! Du har tatt de f\u00f8rste skrittene mot \u00e5 <a href=\"https:\/\/talkpal.ai\/locations\/language-courses-in-mestre\/\">mestre<\/a> maori-grammatikken og berike din reise med maori-spr\u00e5ket og -kulturen. Husk at \u00f8velse, utholdenhet og fordypning er avgj\u00f8rende for suksess, s\u00e5 engasjer deg med morsm\u00e5l, utforsk maoritekster og styrk spr\u00e5kgrunnlaget ditt. Kaha! (g\u00e5 sterk!)<\/p>\n<\/div><\/div>\n\r\n<section class=\"learnNavigationSection\">\r\n            \r\n        <a href=\"https:\/\/talkpal.ai\/no\/laer-maori\/\">\r\n            <div class=\"learnNavigationWrapper\">\r\n                <div class=\"learnNavigationContent\">\r\n                    <img decoding=\"async\" src=\"https:\/\/talkpal.ai\/wp-content\/uploads\/2024\/08\/Maori.jpg\" alt=\"New Zealand Flag\">\r\n                    <div>\r\n                        <h4>Leksjoner i maori grammatikk<\/h4>\r\n                        <p>Finn ut alt om maori grammatikk.<\/p>\r\n                    <\/div>\r\n                <\/div>\r\n            <\/div>\r\n        <\/a>\r\n\r\n        \r\n        <a href=\"https:\/\/talkpal.ai\/no\/maori-grammatikkovelser\/\">\r\n            <div class=\"learnNavigationWrapper\">\r\n                <div class=\"learnNavigationContent\">\r\n                    <img decoding=\"async\" src=\"https:\/\/talkpal.ai\/wp-content\/uploads\/2024\/08\/Maori.jpg\" alt=\"New Zealand Flag\">\r\n                    <div>\r\n                        <h4>\u00d8velse i maori-grammatikk<\/h4>\r\n                        <p>\u00d8v deg p\u00e5 maori-grammatikk.<\/p>\r\n                    <\/div>\r\n                <\/div>\r\n            <\/div>\r\n        <\/a>\r\n\r\n        \r\n        <a href=\"https:\/\/talkpal.ai\/vocabulary_language\/maori\/\">\r\n            <div class=\"learnNavigationWrapper\">\r\n                <div class=\"learnNavigationContent\">\r\n                    <img decoding=\"async\" src=\"https:\/\/talkpal.ai\/wp-content\/uploads\/2024\/08\/Maori.jpg\" alt=\"New Zealand Flag\">\r\n                    <div>\r\n                        <h4>Maori-ordforr\u00e5d<\/h4>\r\n                        <p>Utvid ordforr\u00e5det ditt p\u00e5 maori.<\/p>\r\n                    <\/div>\r\n                <\/div>\r\n            <\/div>\r\n        <\/a>\r\n\r\n            <\/section>","protected":false},"excerpt":{"rendered":"<p>Maori Grammar: Your Ticket to a Vibrant Bicultural World Kia ora! Velkommen til maorispr\u00e5kets fantastiske verden. Maori eller te reo maori er New Zealands urfolksspr\u00e5k og gir deg en unik mulighet til \u00e5 komme i kontakt med en eldgammel kultur og et levende spr\u00e5kfellesskap. Som alle andre spr\u00e5k kan maori-grammatikk virke utfordrende, men ikke v\u00e6r [&hellip;]<\/p>\n","protected":false},"author":1,"featured_media":116608,"parent":0,"menu_order":0,"comment_status":"closed","ping_status":"closed","template":"LearningContentPage.php","meta":{"_acf_changed":false,"footnotes":""},"class_list":["post-147793","page","type-page","status-publish","has-post-thumbnail","hentry"],"acf":[],"yoast_head":"<!-- This site is optimized with the Yoast SEO Premium plugin v27.2 (Yoast SEO v27.2) - https:\/\/yoast.com\/product\/yoast-seo-premium-wordpress\/ -->\n<title>Maori grammatikk - Talkpal<\/title>\n<meta name=\"description\" content=\"Utforsk det grunnleggende i maori-grammatikk med v\u00e5r nybegynnervennlige guide. Oppdag de 15 bokstavene og de viktigste reglene i te reo maori.\" \/>\n<meta name=\"robots\" content=\"index, follow, max-snippet:-1, max-image-preview:large, max-video-preview:-1\" \/>\n<link rel=\"canonical\" href=\"https:\/\/talkpal.ai\/no\/maori-grammatikk\/\" \/>\n<meta property=\"og:locale\" content=\"nb_NO\" \/>\n<meta property=\"og:type\" content=\"article\" \/>\n<meta property=\"og:title\" content=\"Maori grammatikk\" \/>\n<meta property=\"og:description\" content=\"Maori Grammar: Your Ticket to a Vibrant Bicultural World Kia ora! Velkommen til maorispr\u00e5kets fantastiske verden. Maori eller te reo maori er New Zealands\" \/>\n<meta property=\"og:url\" content=\"https:\/\/talkpal.ai\/no\/maori-grammatikk\/\" \/>\n<meta property=\"og:site_name\" content=\"Talkpal\" \/>\n<meta property=\"article:publisher\" content=\"https:\/\/www.facebook.com\/profile.php?id=100090733639311\" \/>\n<meta property=\"article:modified_time\" content=\"2025-12-17T16:44:09+00:00\" \/>\n<meta property=\"og:image\" content=\"https:\/\/talkpal.ai\/wp-content\/uploads\/2023\/05\/Maori-new-zealand.png\" \/>\n\t<meta property=\"og:image:width\" content=\"512\" \/>\n\t<meta property=\"og:image:height\" content=\"512\" \/>\n\t<meta property=\"og:image:type\" content=\"image\/png\" \/>\n<meta name=\"twitter:card\" content=\"summary_large_image\" \/>\n<meta name=\"twitter:site\" content=\"@talkpalai\" \/>\n<meta name=\"twitter:label1\" content=\"Ansl. lesetid\" \/>\n\t<meta name=\"twitter:data1\" content=\"2 minutter\" \/>\n<script type=\"application\/ld+json\" class=\"yoast-schema-graph\">{\"@context\":\"https:\/\/schema.org\",\"@graph\":[{\"@type\":\"WebPage\",\"@id\":\"https:\/\/talkpal.ai\/no\/maori-grammatikk\/\",\"url\":\"https:\/\/talkpal.ai\/no\/maori-grammatikk\/\",\"name\":\"Maori grammatikk - Talkpal\",\"isPartOf\":{\"@id\":\"https:\/\/talkpal.ai\/no\/#website\"},\"primaryImageOfPage\":{\"@id\":\"https:\/\/talkpal.ai\/no\/maori-grammatikk\/#primaryimage\"},\"image\":{\"@id\":\"https:\/\/talkpal.ai\/no\/maori-grammatikk\/#primaryimage\"},\"thumbnailUrl\":\"https:\/\/talkpal.ai\/wp-content\/uploads\/2023\/05\/Maori-new-zealand.png\",\"datePublished\":\"2023-05-14T14:12:25+00:00\",\"dateModified\":\"2025-12-17T16:44:09+00:00\",\"description\":\"Utforsk det grunnleggende i maori-grammatikk med v\u00e5r nybegynnervennlige guide. Oppdag de 15 bokstavene og de viktigste reglene i te reo maori.\",\"breadcrumb\":{\"@id\":\"https:\/\/talkpal.ai\/no\/maori-grammatikk\/#breadcrumb\"},\"inLanguage\":\"nb-NO\",\"potentialAction\":[{\"@type\":\"ReadAction\",\"target\":[\"https:\/\/talkpal.ai\/no\/maori-grammatikk\/\"]}]},{\"@type\":\"ImageObject\",\"inLanguage\":\"nb-NO\",\"@id\":\"https:\/\/talkpal.ai\/no\/maori-grammatikk\/#primaryimage\",\"url\":\"https:\/\/talkpal.ai\/wp-content\/uploads\/2023\/05\/Maori-new-zealand.png\",\"contentUrl\":\"https:\/\/talkpal.ai\/wp-content\/uploads\/2023\/05\/Maori-new-zealand.png\",\"width\":512,\"height\":512},{\"@type\":\"BreadcrumbList\",\"@id\":\"https:\/\/talkpal.ai\/no\/maori-grammatikk\/#breadcrumb\",\"itemListElement\":[{\"@type\":\"ListItem\",\"position\":1,\"name\":\"Homepage\",\"item\":\"https:\/\/talkpal.ai\/no\/\"},{\"@type\":\"ListItem\",\"position\":2,\"name\":\"Maori grammatikk\"}]},{\"@type\":\"WebSite\",\"@id\":\"https:\/\/talkpal.ai\/no\/#website\",\"url\":\"https:\/\/talkpal.ai\/no\/\",\"name\":\"Talkpal\",\"description\":\"AI Language Learning\",\"publisher\":{\"@id\":\"https:\/\/talkpal.ai\/no\/#organization\"},\"alternateName\":\"Talkpal AI\",\"potentialAction\":[{\"@type\":\"SearchAction\",\"target\":{\"@type\":\"EntryPoint\",\"urlTemplate\":\"https:\/\/talkpal.ai\/no\/?s={search_term_string}\"},\"query-input\":{\"@type\":\"PropertyValueSpecification\",\"valueRequired\":true,\"valueName\":\"search_term_string\"}}],\"inLanguage\":\"nb-NO\"},{\"@type\":\"Organization\",\"@id\":\"https:\/\/talkpal.ai\/no\/#organization\",\"name\":\"Talkpal, Inc.\",\"alternateName\":\"Talkpal AI\",\"url\":\"https:\/\/talkpal.ai\/no\/\",\"logo\":{\"@type\":\"ImageObject\",\"inLanguage\":\"nb-NO\",\"@id\":\"https:\/\/talkpal.ai\/no\/#\/schema\/logo\/image\/\",\"url\":\"https:\/\/talkpal.ai\/wp-content\/uploads\/2024\/03\/Talkpal-Logo-Icon.png\",\"contentUrl\":\"https:\/\/talkpal.ai\/wp-content\/uploads\/2024\/03\/Talkpal-Logo-Icon.png\",\"width\":2880,\"height\":2880,\"caption\":\"Talkpal, Inc.\"},\"image\":{\"@id\":\"https:\/\/talkpal.ai\/no\/#\/schema\/logo\/image\/\"},\"sameAs\":[\"https:\/\/www.facebook.com\/profile.php?id=100090733639311\",\"https:\/\/x.com\/talkpalai\",\"https:\/\/www.linkedin.com\/company\/talkpal\/\",\"https:\/\/www.youtube.com\/@TalkPal\/\",\"https:\/\/www.tiktok.com\/@talkpal\",\"https:\/\/www.instagram.com\/talkpal_ai\/\",\"https:\/\/www.crunchbase.com\/organization\/talkpal-9cde\",\"https:\/\/www.g2.com\/products\/talkpal-for-business\/\",\"https:\/\/www.trustpilot.com\/review\/talkpal.ai\",\"https:\/\/www.capterra.com\/p\/10006800\/TalkPal\/\"],\"description\":\"Talkpal is a language learning web and mobile education app, powered by the latest AI technologies, that provides engaging experiences to its customers in many different languages to help them improve their language skills. Users can chat about unlimited amount of topics with the app and use other modes to practice their language learning.\",\"email\":\"support@talkpal.ai\",\"legalName\":\"Talkpal, Inc.\",\"foundingDate\":\"2023-04-03\",\"duns\":\"118989042\",\"numberOfEmployees\":{\"@type\":\"QuantitativeValue\",\"minValue\":\"11\",\"maxValue\":\"50\"},\"publishingPrinciples\":\"https:\/\/talkpal.ai\/publishing-principles\/\",\"actionableFeedbackPolicy\":\"https:\/\/talkpal.ai\/actionable-feedback-policy\/\",\"correctionsPolicy\":\"https:\/\/talkpal.ai\/corrections-policy\/\",\"ethicsPolicy\":\"https:\/\/talkpal.ai\/ethics-policy\/\",\"diversityPolicy\":\"https:\/\/talkpal.ai\/diversity-policy\/\",\"diversityStaffingReport\":\"https:\/\/talkpal.ai\/diversity-policy\/\"}]}<\/script>\n<!-- \/ Yoast SEO Premium plugin. -->","yoast_head_json":{"title":"Maori grammatikk - Talkpal","description":"Utforsk det grunnleggende i maori-grammatikk med v\u00e5r nybegynnervennlige guide. Oppdag de 15 bokstavene og de viktigste reglene i te reo maori.","robots":{"index":"index","follow":"follow","max-snippet":"max-snippet:-1","max-image-preview":"max-image-preview:large","max-video-preview":"max-video-preview:-1"},"canonical":"https:\/\/talkpal.ai\/no\/maori-grammatikk\/","og_locale":"nb_NO","og_type":"article","og_title":"Maori grammatikk","og_description":"Maori Grammar: Your Ticket to a Vibrant Bicultural World Kia ora! Velkommen til maorispr\u00e5kets fantastiske verden. Maori eller te reo maori er New Zealands","og_url":"https:\/\/talkpal.ai\/no\/maori-grammatikk\/","og_site_name":"Talkpal","article_publisher":"https:\/\/www.facebook.com\/profile.php?id=100090733639311","article_modified_time":"2025-12-17T16:44:09+00:00","og_image":[{"width":512,"height":512,"url":"https:\/\/talkpal.ai\/wp-content\/uploads\/2023\/05\/Maori-new-zealand.png","type":"image\/png"}],"twitter_card":"summary_large_image","twitter_site":"@talkpalai","twitter_misc":{"Ansl. lesetid":"2 minutter"},"schema":{"@context":"https:\/\/schema.org","@graph":[{"@type":"WebPage","@id":"https:\/\/talkpal.ai\/no\/maori-grammatikk\/","url":"https:\/\/talkpal.ai\/no\/maori-grammatikk\/","name":"Maori grammatikk - Talkpal","isPartOf":{"@id":"https:\/\/talkpal.ai\/no\/#website"},"primaryImageOfPage":{"@id":"https:\/\/talkpal.ai\/no\/maori-grammatikk\/#primaryimage"},"image":{"@id":"https:\/\/talkpal.ai\/no\/maori-grammatikk\/#primaryimage"},"thumbnailUrl":"https:\/\/talkpal.ai\/wp-content\/uploads\/2023\/05\/Maori-new-zealand.png","datePublished":"2023-05-14T14:12:25+00:00","dateModified":"2025-12-17T16:44:09+00:00","description":"Utforsk det grunnleggende i maori-grammatikk med v\u00e5r nybegynnervennlige guide. Oppdag de 15 bokstavene og de viktigste reglene i te reo maori.","breadcrumb":{"@id":"https:\/\/talkpal.ai\/no\/maori-grammatikk\/#breadcrumb"},"inLanguage":"nb-NO","potentialAction":[{"@type":"ReadAction","target":["https:\/\/talkpal.ai\/no\/maori-grammatikk\/"]}]},{"@type":"ImageObject","inLanguage":"nb-NO","@id":"https:\/\/talkpal.ai\/no\/maori-grammatikk\/#primaryimage","url":"https:\/\/talkpal.ai\/wp-content\/uploads\/2023\/05\/Maori-new-zealand.png","contentUrl":"https:\/\/talkpal.ai\/wp-content\/uploads\/2023\/05\/Maori-new-zealand.png","width":512,"height":512},{"@type":"BreadcrumbList","@id":"https:\/\/talkpal.ai\/no\/maori-grammatikk\/#breadcrumb","itemListElement":[{"@type":"ListItem","position":1,"name":"Homepage","item":"https:\/\/talkpal.ai\/no\/"},{"@type":"ListItem","position":2,"name":"Maori grammatikk"}]},{"@type":"WebSite","@id":"https:\/\/talkpal.ai\/no\/#website","url":"https:\/\/talkpal.ai\/no\/","name":"Talkpal","description":"AI Language Learning","publisher":{"@id":"https:\/\/talkpal.ai\/no\/#organization"},"alternateName":"Talkpal AI","potentialAction":[{"@type":"SearchAction","target":{"@type":"EntryPoint","urlTemplate":"https:\/\/talkpal.ai\/no\/?s={search_term_string}"},"query-input":{"@type":"PropertyValueSpecification","valueRequired":true,"valueName":"search_term_string"}}],"inLanguage":"nb-NO"},{"@type":"Organization","@id":"https:\/\/talkpal.ai\/no\/#organization","name":"Talkpal, Inc.","alternateName":"Talkpal AI","url":"https:\/\/talkpal.ai\/no\/","logo":{"@type":"ImageObject","inLanguage":"nb-NO","@id":"https:\/\/talkpal.ai\/no\/#\/schema\/logo\/image\/","url":"https:\/\/talkpal.ai\/wp-content\/uploads\/2024\/03\/Talkpal-Logo-Icon.png","contentUrl":"https:\/\/talkpal.ai\/wp-content\/uploads\/2024\/03\/Talkpal-Logo-Icon.png","width":2880,"height":2880,"caption":"Talkpal, Inc."},"image":{"@id":"https:\/\/talkpal.ai\/no\/#\/schema\/logo\/image\/"},"sameAs":["https:\/\/www.facebook.com\/profile.php?id=100090733639311","https:\/\/x.com\/talkpalai","https:\/\/www.linkedin.com\/company\/talkpal\/","https:\/\/www.youtube.com\/@TalkPal\/","https:\/\/www.tiktok.com\/@talkpal","https:\/\/www.instagram.com\/talkpal_ai\/","https:\/\/www.crunchbase.com\/organization\/talkpal-9cde","https:\/\/www.g2.com\/products\/talkpal-for-business\/","https:\/\/www.trustpilot.com\/review\/talkpal.ai","https:\/\/www.capterra.com\/p\/10006800\/TalkPal\/"],"description":"Talkpal is a language learning web and mobile education app, powered by the latest AI technologies, that provides engaging experiences to its customers in many different languages to help them improve their language skills. Users can chat about unlimited amount of topics with the app and use other modes to practice their language learning.","email":"support@talkpal.ai","legalName":"Talkpal, Inc.","foundingDate":"2023-04-03","duns":"118989042","numberOfEmployees":{"@type":"QuantitativeValue","minValue":"11","maxValue":"50"},"publishingPrinciples":"https:\/\/talkpal.ai\/publishing-principles\/","actionableFeedbackPolicy":"https:\/\/talkpal.ai\/actionable-feedback-policy\/","correctionsPolicy":"https:\/\/talkpal.ai\/corrections-policy\/","ethicsPolicy":"https:\/\/talkpal.ai\/ethics-policy\/","diversityPolicy":"https:\/\/talkpal.ai\/diversity-policy\/","diversityStaffingReport":"https:\/\/talkpal.ai\/diversity-policy\/"}]}},"_links":{"self":[{"href":"https:\/\/talkpal.ai\/no\/wp-json\/wp\/v2\/pages\/147793","targetHints":{"allow":["GET"]}}],"collection":[{"href":"https:\/\/talkpal.ai\/no\/wp-json\/wp\/v2\/pages"}],"about":[{"href":"https:\/\/talkpal.ai\/no\/wp-json\/wp\/v2\/types\/page"}],"author":[{"embeddable":true,"href":"https:\/\/talkpal.ai\/no\/wp-json\/wp\/v2\/users\/1"}],"replies":[{"embeddable":true,"href":"https:\/\/talkpal.ai\/no\/wp-json\/wp\/v2\/comments?post=147793"}],"version-history":[{"count":0,"href":"https:\/\/talkpal.ai\/no\/wp-json\/wp\/v2\/pages\/147793\/revisions"}],"wp:featuredmedia":[{"embeddable":true,"href":"https:\/\/talkpal.ai\/no\/wp-json\/wp\/v2\/media\/116608"}],"wp:attachment":[{"href":"https:\/\/talkpal.ai\/no\/wp-json\/wp\/v2\/media?parent=147793"}],"curies":[{"name":"wp","href":"https:\/\/api.w.org\/{rel}","templated":true}]}}