{"id":1477660,"date":"2025-11-11T15:33:20","date_gmt":"2025-11-11T15:33:20","guid":{"rendered":"https:\/\/talkpal.ai\/baskiske-grammatikkovelser\/"},"modified":"2025-12-30T15:35:34","modified_gmt":"2025-12-30T15:35:34","slug":"baskiske-grammatikkovelser","status":"publish","type":"page","link":"https:\/\/talkpal.ai\/no\/baskiske-grammatikkovelser\/","title":{"rendered":"Baskiske grammatikk\u00f8velser"},"content":{"rendered":"\r\n\r\n\r\n<section class=\"languageChallengeSection\">\r\n    <div class=\"languageInfoWrapper\">\r\n        \r\n        <h1>Baskiske grammatikk\u00f8velser<\/h1>\r\n        <p>Klar til \u00e5 dykke ned i <a href=\"https:\/\/talkpal.ai\/no\/baskisk-grammatikk\/\">baskisk grammatikk<\/a>? Ved \u00e5 \u00f8ve deg p\u00e5 noen grunnleggende ting kan du bli fortrolig med dette unike og vakre spr\u00e5ket. Pr\u00f8v disse \u00f8velsene for \u00e5 bygge selvtillit og ha det g\u00f8y underveis!<\/p>\r\n\r\n                            <a class=\"getStartedHidden\" href=\"https:\/\/app.talkpal.ai\/no\/signup?lng=\">Kom i gang<\/a>\r\n        \r\n    <\/div>\r\n\r\n    <figure>\r\n    <img decoding=\"async\" width=\"768\" height=\"768\" src=\"https:\/\/talkpal.ai\/wp-content\/uploads\/2023\/06\/welsh-768x768.png\" class=\"languageImage no-lazy\" alt=\"Language learning for better cognitive abilities\" fetchpriority=\"high\" sizes=\"(max-width: 768px) 150px, 768px\" srcset=\"https:\/\/talkpal.ai\/wp-content\/uploads\/2023\/06\/welsh-768x768.png 768w, https:\/\/talkpal.ai\/wp-content\/uploads\/2023\/06\/welsh-300x300.png 300w\" \/>\r\n    \r\n\r\n    <\/figure>\r\n\r\n            <a class=\"getStartedVisible\" href=\"https:\/\/app.talkpal.ai\/no\/signup?lng=\">Kom i gang<\/a>\r\n    \r\n<\/section><section class=\"promotionalBanner\">\r\n    <p class=\"promotionalText\">Den mest effektive m\u00e5ten \u00e5 l\u00e6re et spr\u00e5k p\u00e5<\/p>\r\n    <a class=\"promotionalLink\" href=\"https:\/\/app.talkpal.ai\/no\/signup?lng=\">Pr\u00f8v Talkpal gratis<\/a>\r\n<\/section>\n<div class=\"wp-block-group pageContainerStyle\"><div class=\"wp-block-group__inner-container is-layout-constrained wp-block-group-is-layout-constrained\">\n<h2 class=\"wp-block-heading\" id=\"h-basque-grammar-topics\">Baskisk grammatikk emner<\/h2>\n\n\n\n<p><a href=\"https:\/\/talkpal.ai\/no\/de-storste-feilene-du-bor-unnga-nar-du-skal-laere-et-nytt-sprak\/\">L\u00e6re et nytt spr\u00e5k<\/a> \u00c5 l\u00e6re et nytt spr\u00e5k kan v\u00e6re en utfordrende, men givende innsats. <a href=\"https:\/\/talkpal.ai\/learn-basque\/\">Baskisk<\/a>, et spr\u00e5kisolat som snakkes i Baskerland, er intet unntak. Med sine unike egenskaper og strukturer, inkludert ergativitet og et omfattende kasussystem, krever <a href=\"https:\/\/talkpal.ai\/no\/talkpal-for-utdanning\/\">det \u00e5 l\u00e6re<\/a> <a href=\"https:\/\/talkpal.ai\/learn-basque\/\">baskisk<\/a> en systematisk tiln\u00e6rming til \u00e5 forst\u00e5 grammatikken. Denne veiledningen skisserer n\u00f8kkelomr\u00e5dene i baskisk<a href=\"https:\/\/talkpal.ai\/no\/baskisk-grammatikk\/\"> grammatikk <\/a>i en logisk rekkef\u00f8lge for <a href=\"https:\/\/talkpal.ai\/no\/ai-chatbot-for-sprakopplaering\/\">spr\u00e5kl\u00e6ring<\/a>, fra det grunnleggende som substantiver og artikler, og g\u00e5r videre til mer komplekse omr\u00e5der som tider og setningskonstruksjon.<\/p>\n\n\n\n<h3 class=\"wp-block-heading\" id=\"h-1-nouns\">1. Substantiv:<\/h3>\n\n\n\n<p>Begynn din baskiske spr\u00e5kreise med \u00e5 l\u00e6re substantivene. Dette inkluderer \u00e5 forst\u00e5 vanlige substantiver og egennavn, hvordan tall og bestemthet er markert med suffikser, og hvordan kasusendelser fungerer for roller som absolutt, ergativ og dativ.<\/p>\n\n\n\n<h3 class=\"wp-block-heading\" id=\"h-2-articles\">2. Artikler:<\/h3>\n\n\n\n<p>Artikler p\u00e5 baskisk fungerer annerledes enn p\u00e5 <a href=\"https:\/\/talkpal.ai\/ai-english-speaking-practice\/\">engelsk<\/a>. Den bestemte artikkelen er et suffiks knyttet til substantivet, og det er ingen sann ubestemt artikkel. \u00c5 <a href=\"https:\/\/talkpal.ai\/locations\/language-courses-in-mestre\/\">mestre<\/a> hvordan bestemthet og antall markeres er avgj\u00f8rende i setningskonstruksjon.<\/p>\n\n\n\n<h3 class=\"wp-block-heading\" id=\"h-3-adjectives\">3. Adjektiver:<\/h3>\n\n\n\n<p>Adjektiver p\u00e5 baskisk f\u00f8lger vanligvis substantivene. L\u00e6r hvordan artikkelen knytter seg til slutten av hele substantivfrasen, og hvordan du danner komparativer og superlativer, for eksempel med -ago for komparativ og -en med artikkelen for superlativ.<\/p>\n\n\n\n<h3 class=\"wp-block-heading\" id=\"h-4-pronouns-determiners\">4. Pronomen\/bestemmere:<\/h3>\n\n\n\n<p>Pronomen og determinanter er essensielle p\u00e5 baskisk; De erstatter substantiver og gir informasjon om mengde, besittelse og mer. V\u00e6r oppmerksom p\u00e5 eiendomsbestemmende og p\u00e5 hvordan person og tall gjenspeiles i hjelpeverbet.<\/p>\n\n\n\n<h3 class=\"wp-block-heading\" id=\"h-5-verbs\">5. Verb:<\/h3>\n\n\n\n<p>Baskiske verb er i stor grad perifrastiske, og bruker hjelpeord som stemmer overens med subjekt og objekter. Start med n\u00e5tid av vanlige hjelpeord og hovedverbpartisipp, og utforsk deretter gradvis fortid og fremtid, samt imperativformer.<\/p>\n\n\n\n<h3 class=\"wp-block-heading\" id=\"h-6-tenses\">6. Tider:<\/h3>\n\n\n\n<p>Etter \u00e5 ha mestret verbformene, dykk dypere inn i baskisk tid og aspekt. Forst\u00e5 hvordan n\u00e5tidige, fortidige og fremtidige betydninger uttrykkes med hjelpe- og partisipp, og hvordan aspektuelle distinksjoner p\u00e5virker bruk i ulike kontekster.<\/p>\n\n\n\n<h3 class=\"wp-block-heading\" id=\"h-7-tense-comparison\">7. Anspent sammenligning:<\/h3>\n\n\n\n<p>\u00c5 sammenligne tider p\u00e5 baskisk hjelper til med \u00e5 forst\u00e5 hendelsesforl\u00f8pet. \u00c5 sammenligne den samme verbfrasen p\u00e5 tvers av n\u00e5tidige, fortidige og fremtidige hjelpestoffer vil gi en bedre forst\u00e5else av hvordan baskisk h\u00e5ndterer tid og aspekt.<\/p>\n\n\n\n<h3 class=\"wp-block-heading\" id=\"h-8-progressive\">8. Progressiv:<\/h3>\n\n\n\n<p>Det progressive p\u00e5 baskisk brukes til \u00e5 uttrykke p\u00e5g\u00e5ende handlinger. Det er dannet med -tzen-formen av verbet sammen med ari izan som hjelpemiddel.<\/p>\n\n\n\n<h3 class=\"wp-block-heading\" id=\"h-9-perfect-progressive\">9. Perfekt progressiv:<\/h3>\n\n\n\n<p>Dette brukes til \u00e5 uttrykke handlinger som har p\u00e5g\u00e5tt frem til et bestemt punkt. P\u00e5 baskisk er det dannet med perfektum av izan sammen med ari og -tzen-formen av hovedverbet.<\/p>\n\n\n\n<h3 class=\"wp-block-heading\" id=\"h-10-conditionals\">10. Betingelser:<\/h3>\n\n\n\n<p>Betingelser uttrykker hypotetiske situasjoner og deres mulige utfall. P\u00e5 baskisk er de dannet med betingede hjelpestoffer og setninger introdusert med ba, og de vil gi nyanser og presisjon til spr\u00e5kferdighetene dine.<\/p>\n\n\n\n<h3 class=\"wp-block-heading\" id=\"h-11-adverbs\">11. Adverb:<\/h3>\n\n\n\n<p>Adverb p\u00e5 baskisk modifiserer verb, adjektiver eller andre adverb. De gir informasjon om m\u00e5te, sted, tid, grad og mer, og kan dannes med vanlige adverbialord eller med suffikser som -ki eller -z avhengig av konteksten.<\/p>\n\n\n\n<h3 class=\"wp-block-heading\" id=\"h-12-prepositions\">12. Preposisjoner:<\/h3>\n\n\n\n<p>Baskisk bruker f\u00f8rst og fremst postposisjoner og kasusavslutninger i stedet for preposisjoner. De uttrykker forhold til tid, sted, retning og mer, og er avgj\u00f8rende for \u00e5 knytte ord og uttrykk sammen.<\/p>\n\n\n\n<h3 class=\"wp-block-heading\" id=\"h-13-sentences\">13. Setninger:<\/h3>\n\n\n\n<p>Til slutt trener du p\u00e5 \u00e5 konstruere setninger. Dette vil inneb\u00e6re \u00e5 bruke alle de tidligere l\u00e6rte grammatikkpunktene i kontekst, ta hensyn til baskisk typisk SOV-ordstilling, fokusplassering og negasjon, og dermed sikre en omfattende forst\u00e5else av det baskiske spr\u00e5ket.<\/p>\n<\/div><\/div>\n\r\n<section class=\"learnNavigationSection\">\r\n            \r\n        <a href=\"https:\/\/talkpal.ai\/no\/laer-baskisk\/\">\r\n            <div class=\"learnNavigationWrapper\">\r\n                <div class=\"learnNavigationContent\">\r\n                    <img decoding=\"async\" src=\"https:\/\/talkpal.ai\/wp-content\/uploads\/2025\/11\/Basque.png\" alt=\"Basque Flag\">\r\n                    <div>\r\n                        <h4>Om baskisk l\u00e6rdom<\/h4>\r\n                        <p>Finn ut alt om baskisk grammatikk.<\/p>\r\n                    <\/div>\r\n                <\/div>\r\n            <\/div>\r\n        <\/a>\r\n\r\n        \r\n        <a href=\"https:\/\/talkpal.ai\/no\/baskisk-grammatikk\/\">\r\n            <div class=\"learnNavigationWrapper\">\r\n                <div class=\"learnNavigationContent\">\r\n                    <img decoding=\"async\" src=\"https:\/\/talkpal.ai\/wp-content\/uploads\/2025\/11\/Basque.png\" alt=\"Basque Flag\">\r\n                    <div>\r\n                        <h4>Baskisk grammatikk leksjoner<\/h4>\r\n                        <p>\u00d8v p\u00e5 baskisk grammatikk.<\/p>\r\n                    <\/div>\r\n                <\/div>\r\n            <\/div>\r\n        <\/a>\r\n\r\n            <\/section>","protected":false},"excerpt":{"rendered":"<p>Baskisk grammatikk emner L\u00e6re et nytt spr\u00e5k \u00c5 l\u00e6re et nytt spr\u00e5k kan v\u00e6re en utfordrende, men givende innsats. Baskisk, et spr\u00e5kisolat som snakkes i Baskerland, er intet unntak. Med sine unike egenskaper og strukturer, inkludert ergativitet og et omfattende kasussystem, krever det \u00e5 l\u00e6re baskisk en systematisk tiln\u00e6rming til \u00e5 forst\u00e5 grammatikken. Denne veiledningen [&hellip;]<\/p>\n","protected":false},"author":20,"featured_media":0,"parent":0,"menu_order":0,"comment_status":"closed","ping_status":"closed","template":"LearningContentPage.php","meta":{"_acf_changed":false,"footnotes":""},"class_list":["post-1477660","page","type-page","status-publish","hentry"],"acf":[],"yoast_head":"<!-- This site is optimized with the Yoast SEO Premium plugin v27.2 (Yoast SEO v27.2) - https:\/\/yoast.com\/product\/yoast-seo-premium-wordpress\/ -->\n<title>Baskiske grammatikk\u00f8velser - Talkpal<\/title>\n<meta name=\"description\" content=\"Behersk baskisk grammatikk med engasjerende \u00f8velser som dekker substantiv, verb og tider for \u00e5 \u00f8ke spr\u00e5kkunnskapene dine.\" \/>\n<meta name=\"robots\" content=\"index, follow, max-snippet:-1, max-image-preview:large, max-video-preview:-1\" \/>\n<link rel=\"canonical\" href=\"https:\/\/talkpal.ai\/no\/baskiske-grammatikkovelser\/\" \/>\n<meta property=\"og:locale\" content=\"nb_NO\" \/>\n<meta property=\"og:type\" content=\"article\" \/>\n<meta property=\"og:title\" content=\"Baskiske grammatikk\u00f8velser\" \/>\n<meta property=\"og:description\" content=\"Baskisk grammatikk emner L\u00e6re et nytt spr\u00e5k \u00c5 l\u00e6re et nytt spr\u00e5k kan v\u00e6re en utfordrende, men givende innsats. Baskisk, et spr\u00e5kisolat som snakkes i\" \/>\n<meta property=\"og:url\" content=\"https:\/\/talkpal.ai\/no\/baskiske-grammatikkovelser\/\" \/>\n<meta property=\"og:site_name\" content=\"Talkpal\" \/>\n<meta property=\"article:publisher\" content=\"https:\/\/www.facebook.com\/profile.php?id=100090733639311\" \/>\n<meta property=\"article:modified_time\" content=\"2025-12-30T15:35:34+00:00\" \/>\n<meta property=\"og:image\" content=\"https:\/\/talkpal.ai\/wp-content\/uploads\/2025\/02\/Progress-tab-16_9.png\" \/>\n\t<meta property=\"og:image:width\" content=\"2880\" \/>\n\t<meta property=\"og:image:height\" content=\"1620\" \/>\n\t<meta property=\"og:image:type\" content=\"image\/png\" \/>\n<meta name=\"twitter:card\" content=\"summary_large_image\" \/>\n<meta name=\"twitter:site\" content=\"@talkpalai\" \/>\n<meta name=\"twitter:label1\" content=\"Ansl. lesetid\" \/>\n\t<meta name=\"twitter:data1\" content=\"3 minutter\" \/>\n<script type=\"application\/ld+json\" class=\"yoast-schema-graph\">{\"@context\":\"https:\/\/schema.org\",\"@graph\":[{\"@type\":\"WebPage\",\"@id\":\"https:\/\/talkpal.ai\/no\/baskiske-grammatikkovelser\/\",\"url\":\"https:\/\/talkpal.ai\/no\/baskiske-grammatikkovelser\/\",\"name\":\"Baskiske grammatikk\u00f8velser - Talkpal\",\"isPartOf\":{\"@id\":\"https:\/\/talkpal.ai\/no\/#website\"},\"datePublished\":\"2025-11-11T15:33:20+00:00\",\"dateModified\":\"2025-12-30T15:35:34+00:00\",\"description\":\"Behersk baskisk grammatikk med engasjerende \u00f8velser som dekker substantiv, verb og tider for \u00e5 \u00f8ke spr\u00e5kkunnskapene dine.\",\"breadcrumb\":{\"@id\":\"https:\/\/talkpal.ai\/no\/baskiske-grammatikkovelser\/#breadcrumb\"},\"inLanguage\":\"nb-NO\",\"potentialAction\":[{\"@type\":\"ReadAction\",\"target\":[\"https:\/\/talkpal.ai\/no\/baskiske-grammatikkovelser\/\"]}]},{\"@type\":\"BreadcrumbList\",\"@id\":\"https:\/\/talkpal.ai\/no\/baskiske-grammatikkovelser\/#breadcrumb\",\"itemListElement\":[{\"@type\":\"ListItem\",\"position\":1,\"name\":\"Homepage\",\"item\":\"https:\/\/talkpal.ai\/no\/\"},{\"@type\":\"ListItem\",\"position\":2,\"name\":\"Baskiske grammatikk\u00f8velser\"}]},{\"@type\":\"WebSite\",\"@id\":\"https:\/\/talkpal.ai\/no\/#website\",\"url\":\"https:\/\/talkpal.ai\/no\/\",\"name\":\"Talkpal\",\"description\":\"AI Language Learning\",\"publisher\":{\"@id\":\"https:\/\/talkpal.ai\/no\/#organization\"},\"alternateName\":\"Talkpal AI\",\"potentialAction\":[{\"@type\":\"SearchAction\",\"target\":{\"@type\":\"EntryPoint\",\"urlTemplate\":\"https:\/\/talkpal.ai\/no\/?s={search_term_string}\"},\"query-input\":{\"@type\":\"PropertyValueSpecification\",\"valueRequired\":true,\"valueName\":\"search_term_string\"}}],\"inLanguage\":\"nb-NO\"},{\"@type\":\"Organization\",\"@id\":\"https:\/\/talkpal.ai\/no\/#organization\",\"name\":\"Talkpal, Inc.\",\"alternateName\":\"Talkpal AI\",\"url\":\"https:\/\/talkpal.ai\/no\/\",\"logo\":{\"@type\":\"ImageObject\",\"inLanguage\":\"nb-NO\",\"@id\":\"https:\/\/talkpal.ai\/no\/#\/schema\/logo\/image\/\",\"url\":\"https:\/\/talkpal.ai\/wp-content\/uploads\/2024\/03\/Talkpal-Logo-Icon.png\",\"contentUrl\":\"https:\/\/talkpal.ai\/wp-content\/uploads\/2024\/03\/Talkpal-Logo-Icon.png\",\"width\":2880,\"height\":2880,\"caption\":\"Talkpal, Inc.\"},\"image\":{\"@id\":\"https:\/\/talkpal.ai\/no\/#\/schema\/logo\/image\/\"},\"sameAs\":[\"https:\/\/www.facebook.com\/profile.php?id=100090733639311\",\"https:\/\/x.com\/talkpalai\",\"https:\/\/www.linkedin.com\/company\/talkpal\/\",\"https:\/\/www.youtube.com\/@TalkPal\/\",\"https:\/\/www.tiktok.com\/@talkpal\",\"https:\/\/www.instagram.com\/talkpal_ai\/\",\"https:\/\/www.crunchbase.com\/organization\/talkpal-9cde\",\"https:\/\/www.g2.com\/products\/talkpal-for-business\/\",\"https:\/\/www.trustpilot.com\/review\/talkpal.ai\",\"https:\/\/www.capterra.com\/p\/10006800\/TalkPal\/\"],\"description\":\"Talkpal is a language learning web and mobile education app, powered by the latest AI technologies, that provides engaging experiences to its customers in many different languages to help them improve their language skills. Users can chat about unlimited amount of topics with the app and use other modes to practice their language learning.\",\"email\":\"support@talkpal.ai\",\"legalName\":\"Talkpal, Inc.\",\"foundingDate\":\"2023-04-03\",\"duns\":\"118989042\",\"numberOfEmployees\":{\"@type\":\"QuantitativeValue\",\"minValue\":\"11\",\"maxValue\":\"50\"},\"publishingPrinciples\":\"https:\/\/talkpal.ai\/publishing-principles\/\",\"actionableFeedbackPolicy\":\"https:\/\/talkpal.ai\/actionable-feedback-policy\/\",\"correctionsPolicy\":\"https:\/\/talkpal.ai\/corrections-policy\/\",\"ethicsPolicy\":\"https:\/\/talkpal.ai\/ethics-policy\/\",\"diversityPolicy\":\"https:\/\/talkpal.ai\/diversity-policy\/\",\"diversityStaffingReport\":\"https:\/\/talkpal.ai\/diversity-policy\/\"}]}<\/script>\n<!-- \/ Yoast SEO Premium plugin. -->","yoast_head_json":{"title":"Baskiske grammatikk\u00f8velser - Talkpal","description":"Behersk baskisk grammatikk med engasjerende \u00f8velser som dekker substantiv, verb og tider for \u00e5 \u00f8ke spr\u00e5kkunnskapene dine.","robots":{"index":"index","follow":"follow","max-snippet":"max-snippet:-1","max-image-preview":"max-image-preview:large","max-video-preview":"max-video-preview:-1"},"canonical":"https:\/\/talkpal.ai\/no\/baskiske-grammatikkovelser\/","og_locale":"nb_NO","og_type":"article","og_title":"Baskiske grammatikk\u00f8velser","og_description":"Baskisk grammatikk emner L\u00e6re et nytt spr\u00e5k \u00c5 l\u00e6re et nytt spr\u00e5k kan v\u00e6re en utfordrende, men givende innsats. Baskisk, et spr\u00e5kisolat som snakkes i","og_url":"https:\/\/talkpal.ai\/no\/baskiske-grammatikkovelser\/","og_site_name":"Talkpal","article_publisher":"https:\/\/www.facebook.com\/profile.php?id=100090733639311","article_modified_time":"2025-12-30T15:35:34+00:00","og_image":[{"width":2880,"height":1620,"url":"https:\/\/talkpal.ai\/wp-content\/uploads\/2025\/02\/Progress-tab-16_9.png","type":"image\/png"}],"twitter_card":"summary_large_image","twitter_site":"@talkpalai","twitter_misc":{"Ansl. lesetid":"3 minutter"},"schema":{"@context":"https:\/\/schema.org","@graph":[{"@type":"WebPage","@id":"https:\/\/talkpal.ai\/no\/baskiske-grammatikkovelser\/","url":"https:\/\/talkpal.ai\/no\/baskiske-grammatikkovelser\/","name":"Baskiske grammatikk\u00f8velser - Talkpal","isPartOf":{"@id":"https:\/\/talkpal.ai\/no\/#website"},"datePublished":"2025-11-11T15:33:20+00:00","dateModified":"2025-12-30T15:35:34+00:00","description":"Behersk baskisk grammatikk med engasjerende \u00f8velser som dekker substantiv, verb og tider for \u00e5 \u00f8ke spr\u00e5kkunnskapene dine.","breadcrumb":{"@id":"https:\/\/talkpal.ai\/no\/baskiske-grammatikkovelser\/#breadcrumb"},"inLanguage":"nb-NO","potentialAction":[{"@type":"ReadAction","target":["https:\/\/talkpal.ai\/no\/baskiske-grammatikkovelser\/"]}]},{"@type":"BreadcrumbList","@id":"https:\/\/talkpal.ai\/no\/baskiske-grammatikkovelser\/#breadcrumb","itemListElement":[{"@type":"ListItem","position":1,"name":"Homepage","item":"https:\/\/talkpal.ai\/no\/"},{"@type":"ListItem","position":2,"name":"Baskiske grammatikk\u00f8velser"}]},{"@type":"WebSite","@id":"https:\/\/talkpal.ai\/no\/#website","url":"https:\/\/talkpal.ai\/no\/","name":"Talkpal","description":"AI Language Learning","publisher":{"@id":"https:\/\/talkpal.ai\/no\/#organization"},"alternateName":"Talkpal AI","potentialAction":[{"@type":"SearchAction","target":{"@type":"EntryPoint","urlTemplate":"https:\/\/talkpal.ai\/no\/?s={search_term_string}"},"query-input":{"@type":"PropertyValueSpecification","valueRequired":true,"valueName":"search_term_string"}}],"inLanguage":"nb-NO"},{"@type":"Organization","@id":"https:\/\/talkpal.ai\/no\/#organization","name":"Talkpal, Inc.","alternateName":"Talkpal AI","url":"https:\/\/talkpal.ai\/no\/","logo":{"@type":"ImageObject","inLanguage":"nb-NO","@id":"https:\/\/talkpal.ai\/no\/#\/schema\/logo\/image\/","url":"https:\/\/talkpal.ai\/wp-content\/uploads\/2024\/03\/Talkpal-Logo-Icon.png","contentUrl":"https:\/\/talkpal.ai\/wp-content\/uploads\/2024\/03\/Talkpal-Logo-Icon.png","width":2880,"height":2880,"caption":"Talkpal, Inc."},"image":{"@id":"https:\/\/talkpal.ai\/no\/#\/schema\/logo\/image\/"},"sameAs":["https:\/\/www.facebook.com\/profile.php?id=100090733639311","https:\/\/x.com\/talkpalai","https:\/\/www.linkedin.com\/company\/talkpal\/","https:\/\/www.youtube.com\/@TalkPal\/","https:\/\/www.tiktok.com\/@talkpal","https:\/\/www.instagram.com\/talkpal_ai\/","https:\/\/www.crunchbase.com\/organization\/talkpal-9cde","https:\/\/www.g2.com\/products\/talkpal-for-business\/","https:\/\/www.trustpilot.com\/review\/talkpal.ai","https:\/\/www.capterra.com\/p\/10006800\/TalkPal\/"],"description":"Talkpal is a language learning web and mobile education app, powered by the latest AI technologies, that provides engaging experiences to its customers in many different languages to help them improve their language skills. Users can chat about unlimited amount of topics with the app and use other modes to practice their language learning.","email":"support@talkpal.ai","legalName":"Talkpal, Inc.","foundingDate":"2023-04-03","duns":"118989042","numberOfEmployees":{"@type":"QuantitativeValue","minValue":"11","maxValue":"50"},"publishingPrinciples":"https:\/\/talkpal.ai\/publishing-principles\/","actionableFeedbackPolicy":"https:\/\/talkpal.ai\/actionable-feedback-policy\/","correctionsPolicy":"https:\/\/talkpal.ai\/corrections-policy\/","ethicsPolicy":"https:\/\/talkpal.ai\/ethics-policy\/","diversityPolicy":"https:\/\/talkpal.ai\/diversity-policy\/","diversityStaffingReport":"https:\/\/talkpal.ai\/diversity-policy\/"}]}},"_links":{"self":[{"href":"https:\/\/talkpal.ai\/no\/wp-json\/wp\/v2\/pages\/1477660","targetHints":{"allow":["GET"]}}],"collection":[{"href":"https:\/\/talkpal.ai\/no\/wp-json\/wp\/v2\/pages"}],"about":[{"href":"https:\/\/talkpal.ai\/no\/wp-json\/wp\/v2\/types\/page"}],"author":[{"embeddable":true,"href":"https:\/\/talkpal.ai\/no\/wp-json\/wp\/v2\/users\/20"}],"replies":[{"embeddable":true,"href":"https:\/\/talkpal.ai\/no\/wp-json\/wp\/v2\/comments?post=1477660"}],"version-history":[{"count":0,"href":"https:\/\/talkpal.ai\/no\/wp-json\/wp\/v2\/pages\/1477660\/revisions"}],"wp:attachment":[{"href":"https:\/\/talkpal.ai\/no\/wp-json\/wp\/v2\/media?parent=1477660"}],"curies":[{"name":"wp","href":"https:\/\/api.w.org\/{rel}","templated":true}]}}