{"id":1477563,"date":"2025-11-11T15:06:48","date_gmt":"2025-11-11T15:06:48","guid":{"rendered":"https:\/\/talkpal.ai\/assamiske-grammatikkovelser\/"},"modified":"2025-12-30T15:23:14","modified_gmt":"2025-12-30T15:23:14","slug":"assamiske-grammatikkovelser","status":"publish","type":"page","link":"https:\/\/talkpal.ai\/no\/assamiske-grammatikkovelser\/","title":{"rendered":"Assamiske grammatikk\u00f8velser"},"content":{"rendered":"\r\n\r\n\r\n<section class=\"languageChallengeSection\">\r\n    <div class=\"languageInfoWrapper\">\r\n        \r\n        <h1>Assamiske grammatikk\u00f8velser<\/h1>\r\n        <p>Klar til \u00e5 dykke ned i assamisk grammatikk? Ved \u00e5 \u00f8ve deg p\u00e5 noen grunnleggende ting kan du bli fortrolig med dette unike og vakre spr\u00e5ket. Pr\u00f8v disse \u00f8velsene for \u00e5 bygge selvtillit og ha det g\u00f8y underveis!<\/p>\r\n\r\n                            <a class=\"getStartedHidden\" href=\"https:\/\/app.talkpal.ai\/no\/signup?lng=\">Kom i gang<\/a>\r\n        \r\n    <\/div>\r\n\r\n    <figure>\r\n    <img decoding=\"async\" width=\"768\" height=\"768\" src=\"https:\/\/talkpal.ai\/wp-content\/uploads\/2023\/06\/welsh-768x768.png\" class=\"languageImage no-lazy\" alt=\"Language learning for better cognitive abilities\" fetchpriority=\"high\" sizes=\"(max-width: 768px) 150px, 768px\" srcset=\"https:\/\/talkpal.ai\/wp-content\/uploads\/2023\/06\/welsh-768x768.png 768w, https:\/\/talkpal.ai\/wp-content\/uploads\/2023\/06\/welsh-300x300.png 300w\" \/>\r\n    \r\n\r\n    <\/figure>\r\n\r\n            <a class=\"getStartedVisible\" href=\"https:\/\/app.talkpal.ai\/no\/signup?lng=\">Kom i gang<\/a>\r\n    \r\n<\/section><section class=\"promotionalBanner\">\r\n    <p class=\"promotionalText\">Den mest effektive m\u00e5ten \u00e5 l\u00e6re et spr\u00e5k p\u00e5<\/p>\r\n    <a class=\"promotionalLink\" href=\"https:\/\/app.talkpal.ai\/no\/signup?lng=\">Pr\u00f8v Talkpal gratis<\/a>\r\n<\/section>\n<div class=\"wp-block-group pageContainerStyle\"><div class=\"wp-block-group__inner-container is-layout-constrained wp-block-group-is-layout-constrained\">\n<h2 class=\"wp-block-heading\" id=\"h-assamese-grammar-topics\">Assamesisk grammatikk emner<\/h2>\n\n\n\n<p><a href=\"https:\/\/talkpal.ai\/no\/de-storste-feilene-du-bor-unnga-nar-du-skal-laere-et-nytt-sprak\/\">\u00c5 l\u00e6re et nytt spr\u00e5k<\/a> kan v\u00e6re en utfordrende, men givende innsats. <a href=\"https:\/\/talkpal.ai\/learn-assamese\/\">Assamesisk<\/a>, et indoarisk spr\u00e5k som hovedsakelig snakkes i <a href=\"https:\/\/talkpal.ai\/learn-assamese\/\">Assam<\/a> og n\u00e6rliggende regioner, er intet unntak. Med sine s\u00e6regne trekk og strukturer drar <a href=\"https:\/\/talkpal.ai\/no\/talkpal-for-utdanning\/\">det \u00e5 l\u00e6re<\/a> assamesisk nytte av en systematisk tiln\u00e6rming til \u00e5 forst\u00e5 grammatikken. Denne veiledningen skisserer n\u00f8kkelomr\u00e5dene i <a href=\"https:\/\/talkpal.ai\/no\/assamisk-grammatikk\/\">assamisk grammatikk<\/a> i en logisk rekkef\u00f8lge for <a href=\"https:\/\/talkpal.ai\/no\/ai-chatbot-for-sprakopplaering\/\">spr\u00e5kl\u00e6ring<\/a>, fra det grunnleggende som substantiv og determinanter, og g\u00e5r videre til mer komplekse omr\u00e5der som tider og setningskonstruksjon.<\/p>\n\n\n\n<h3 class=\"wp-block-heading\" id=\"h-1-nouns\">1. Substantiv:<\/h3>\n\n\n\n<p>Begynn din assamesiske spr\u00e5kreise ved \u00e5 l\u00e6re substantivene. Dette inkluderer \u00e5 forst\u00e5 vanlige og egennavn, tellbare og utellelige substantiver, hvordan flertall dannes, og rollen til tallklassifiserere. Assamesisk har ikke grammatisk kj\u00f8nn.<\/p>\n\n\n\n<h3 class=\"wp-block-heading\" id=\"h-2-articles\">2. Artikler:<\/h3>\n\n\n\n<p>Assamesisk bruker ikke bestemte eller ubestemte artikler som <a href=\"https:\/\/talkpal.ai\/ai-english-speaking-practice\/\">engelsk<\/a>. Definiteness og ubestemthet uttrykkes gjennom kontekst, demonstrativer, og tallet fungerer som en ubestemt mark\u00f8r. \u00c5 forst\u00e5 disse m\u00f8nstrene er avgj\u00f8rende i setningskonstruksjon.<\/p>\n\n\n\n<h3 class=\"wp-block-heading\" id=\"h-3-adjectives\">3. Adjektiver:<\/h3>\n\n\n\n<p>P\u00e5 assamesisk kommer adjektiver vanligvis foran substantivene de modifiserer. L\u00e6r hvordan adjektiver brukes i attributive og predikative posisjoner, at de ikke stemmer overens for kj\u00f8nn, og hvordan du danner komparativer og superlativer ved hjelp av partikler eller perifrastiske konstruksjoner.<\/p>\n\n\n\n<h3 class=\"wp-block-heading\" id=\"h-4-pronouns-determiners\">4. Pronomen\/bestemmere:<\/h3>\n\n\n\n<p>Pronomen og determinanter er essensielle p\u00e5 assamesisk. Studer personlige, demonstrative, sp\u00f8rrende og eiendomspronomen, inkludert distinksjoner av antall og niv\u00e5er av formalitet eller hederlighet. L\u00e6r determinatorer for antall og bruk av klassifierere med tall.<\/p>\n\n\n\n<h3 class=\"wp-block-heading\" id=\"h-5-verbs\">5. Verb:<\/h3>\n\n\n\n<p>Assamesiske verb endrer form i henhold til tid, aspekt, stemning, person og noen ganger \u00e6resniv\u00e5. Start med grunnleggende n\u00e5tidsformer og utforsk gradvis fortid og fremtid, sammen med ikke-endelige former som partisipp og verbalsubstantiver.<\/p>\n\n\n\n<h3 class=\"wp-block-heading\" id=\"h-6-tenses\">6. Tider:<\/h3>\n\n\n\n<p>Etter \u00e5 ha mestret verbformene, dykk dypere inn i assamesisk tid og aspekt. Forst\u00e5 hvordan n\u00e5tid, fortid og fremtid kombineres med aspekter som perfektiv og progressiv, og hvordan de brukes i ulike sammenhenger.<\/p>\n\n\n\n<h3 class=\"wp-block-heading\" id=\"h-7-tense-comparison\">7. Anspent sammenligning:<\/h3>\n\n\n\n<p>\u00c5 sammenligne tider og aspekter p\u00e5 assamesisk hjelper til med \u00e5 forst\u00e5 rekkef\u00f8lgen og nyansen til hendelser. \u00c5 sammenligne det samme verbet p\u00e5 tvers av tider og aspekter vil gi en klarere forst\u00e5else av bruken.<\/p>\n\n\n\n<h3 class=\"wp-block-heading\" id=\"h-8-progressive\">8. Progressiv:<\/h3>\n\n\n\n<p>Det progressive aspektet p\u00e5 assamesisk uttrykker p\u00e5g\u00e5ende handlinger. Det er vanligvis dannet med et verb partisipp sammen med passende former av verbet \u00e5 v\u00e6re.<\/p>\n\n\n\n<h3 class=\"wp-block-heading\" id=\"h-9-perfect-progressive\">9. Perfekt progressiv:<\/h3>\n\n\n\n<p>Dette aspektet uttrykker handlinger som har p\u00e5g\u00e5tt frem til et bestemt punkt. P\u00e5 assamesisk er det dannet ved hjelp av partisippformer i kombinasjon med hjelpeformer av verbet \u00e5 v\u00e6re for \u00e5 indikere kontinuitet opp til en referansetid.<\/p>\n\n\n\n<h3 class=\"wp-block-heading\" id=\"h-10-conditionals\">10. Betingelser:<\/h3>\n\n\n\n<p>Betingelser uttrykker hypotetiske situasjoner og deres mulige utfall. L\u00e6r betingede konstruksjoner ved \u00e5 bruke konjunksjoner som om og hvordan ulike tider og aspekter p\u00e5virker mening og h\u00f8flighet.<\/p>\n\n\n\n<h3 class=\"wp-block-heading\" id=\"h-11-adverbs\">11. Adverb:<\/h3>\n\n\n\n<p>Adverb p\u00e5 assamesisk modifiserer verb, adjektiver eller andre adverb. Mange adverbiale betydninger uttrykkes ogs\u00e5 gjennom postposisjonelle setninger. De gir informasjon om m\u00e5te, sted, tid, grad og mer.<\/p>\n\n\n\n<h3 class=\"wp-block-heading\" id=\"h-12-prepositions\">12. Preposisjoner:<\/h3>\n\n\n\n<p>Assamesisk bruker f\u00f8rst og fremst postposisjoner som f\u00f8lger substantivet i stedet for preposisjoner. Disse elementene knytter sammen ord og uttrykk og uttrykker forhold mellom tid, sted, retning, besittelse og mer.<\/p>\n\n\n\n<h3 class=\"wp-block-heading\" id=\"h-13-sentences\">13. Setninger:<\/h3>\n\n\n\n<p>Til slutt trener du p\u00e5 \u00e5 konstruere setninger. Assamesisk f\u00f8lger vanligvis en subjektobjektverbrekkef\u00f8lge, bruker postposisjoner og har faste m\u00f8nstre for negasjon og vektlegging. \u00c5 bruke alle tidligere l\u00e6rte grammatikkpunkter i sammenheng vil sikre en omfattende forst\u00e5else av det assamesiske spr\u00e5ket.<\/p>\n<\/div><\/div>\n\r\n<section class=\"learnNavigationSection\">\r\n            \r\n        <a href=\"https:\/\/talkpal.ai\/no\/laer-assamesisk\/\">\r\n            <div class=\"learnNavigationWrapper\">\r\n                <div class=\"learnNavigationContent\">\r\n                    <img decoding=\"async\" src=\"https:\/\/talkpal.ai\/wp-content\/uploads\/2025\/11\/Assamese.png\" alt=\"Indian Simplified Flag\">\r\n                    <div>\r\n                        <h4>Om assamesisk l\u00e6ring<\/h4>\r\n                        <p>Finn ut alt om assamesisk grammatikk.<\/p>\r\n                    <\/div>\r\n                <\/div>\r\n            <\/div>\r\n        <\/a>\r\n\r\n        \r\n        <a href=\"https:\/\/talkpal.ai\/no\/assamisk-grammatikk\/\">\r\n            <div class=\"learnNavigationWrapper\">\r\n                <div class=\"learnNavigationContent\">\r\n                    <img decoding=\"async\" src=\"https:\/\/talkpal.ai\/wp-content\/uploads\/2025\/11\/Assamese.png\" alt=\"Indian Simplified Flag\">\r\n                    <div>\r\n                        <h4>Assamesisk grammatikk leksjoner<\/h4>\r\n                        <p>\u00d8v p\u00e5 assamisk grammatikk.<\/p>\r\n                    <\/div>\r\n                <\/div>\r\n            <\/div>\r\n        <\/a>\r\n\r\n            <\/section>","protected":false},"excerpt":{"rendered":"<p>Assamesisk grammatikk emner \u00c5 l\u00e6re et nytt spr\u00e5k kan v\u00e6re en utfordrende, men givende innsats. Assamesisk, et indoarisk spr\u00e5k som hovedsakelig snakkes i Assam og n\u00e6rliggende regioner, er intet unntak. Med sine s\u00e6regne trekk og strukturer drar det \u00e5 l\u00e6re assamesisk nytte av en systematisk tiln\u00e6rming til \u00e5 forst\u00e5 grammatikken. Denne veiledningen skisserer n\u00f8kkelomr\u00e5dene i [&hellip;]<\/p>\n","protected":false},"author":20,"featured_media":0,"parent":0,"menu_order":0,"comment_status":"closed","ping_status":"closed","template":"LearningContentPage.php","meta":{"_acf_changed":false,"footnotes":""},"class_list":["post-1477563","page","type-page","status-publish","hentry"],"acf":[],"yoast_head":"<!-- This site is optimized with the Yoast SEO Premium plugin v27.2 (Yoast SEO v27.2) - https:\/\/yoast.com\/product\/yoast-seo-premium-wordpress\/ -->\n<title>Assamiske grammatikk\u00f8velser - Talkpal<\/title>\n<meta name=\"description\" content=\"Mestre assamesisk grammatikk med interaktive \u00f8velser som er utviklet for \u00e5 \u00f8ke dine spr\u00e5kferdigheter og spr\u00e5kkunnskaper effektivt allerede i dag.\" \/>\n<meta name=\"robots\" content=\"index, follow, max-snippet:-1, max-image-preview:large, max-video-preview:-1\" \/>\n<link rel=\"canonical\" href=\"https:\/\/talkpal.ai\/no\/assamiske-grammatikkovelser\/\" \/>\n<meta property=\"og:locale\" content=\"nb_NO\" \/>\n<meta property=\"og:type\" content=\"article\" \/>\n<meta property=\"og:title\" content=\"Assamiske grammatikk\u00f8velser\" \/>\n<meta property=\"og:description\" content=\"Assamesisk grammatikk emner \u00c5 l\u00e6re et nytt spr\u00e5k kan v\u00e6re en utfordrende, men givende innsats. Assamesisk, et indoarisk spr\u00e5k som hovedsakelig snakkes i\" \/>\n<meta property=\"og:url\" content=\"https:\/\/talkpal.ai\/no\/assamiske-grammatikkovelser\/\" \/>\n<meta property=\"og:site_name\" content=\"Talkpal\" \/>\n<meta property=\"article:publisher\" content=\"https:\/\/www.facebook.com\/profile.php?id=100090733639311\" \/>\n<meta property=\"article:modified_time\" content=\"2025-12-30T15:23:14+00:00\" \/>\n<meta property=\"og:image\" content=\"https:\/\/talkpal.ai\/wp-content\/uploads\/2025\/02\/Progress-tab-16_9.png\" \/>\n\t<meta property=\"og:image:width\" content=\"2880\" \/>\n\t<meta property=\"og:image:height\" content=\"1620\" \/>\n\t<meta property=\"og:image:type\" content=\"image\/png\" \/>\n<meta name=\"twitter:card\" content=\"summary_large_image\" \/>\n<meta name=\"twitter:site\" content=\"@talkpalai\" \/>\n<meta name=\"twitter:label1\" content=\"Ansl. lesetid\" \/>\n\t<meta name=\"twitter:data1\" content=\"3 minutter\" \/>\n<script type=\"application\/ld+json\" class=\"yoast-schema-graph\">{\"@context\":\"https:\/\/schema.org\",\"@graph\":[{\"@type\":\"WebPage\",\"@id\":\"https:\/\/talkpal.ai\/no\/assamiske-grammatikkovelser\/\",\"url\":\"https:\/\/talkpal.ai\/no\/assamiske-grammatikkovelser\/\",\"name\":\"Assamiske grammatikk\u00f8velser - Talkpal\",\"isPartOf\":{\"@id\":\"https:\/\/talkpal.ai\/no\/#website\"},\"datePublished\":\"2025-11-11T15:06:48+00:00\",\"dateModified\":\"2025-12-30T15:23:14+00:00\",\"description\":\"Mestre assamesisk grammatikk med interaktive \u00f8velser som er utviklet for \u00e5 \u00f8ke dine spr\u00e5kferdigheter og spr\u00e5kkunnskaper effektivt allerede i dag.\",\"breadcrumb\":{\"@id\":\"https:\/\/talkpal.ai\/no\/assamiske-grammatikkovelser\/#breadcrumb\"},\"inLanguage\":\"nb-NO\",\"potentialAction\":[{\"@type\":\"ReadAction\",\"target\":[\"https:\/\/talkpal.ai\/no\/assamiske-grammatikkovelser\/\"]}]},{\"@type\":\"BreadcrumbList\",\"@id\":\"https:\/\/talkpal.ai\/no\/assamiske-grammatikkovelser\/#breadcrumb\",\"itemListElement\":[{\"@type\":\"ListItem\",\"position\":1,\"name\":\"Homepage\",\"item\":\"https:\/\/talkpal.ai\/no\/\"},{\"@type\":\"ListItem\",\"position\":2,\"name\":\"Assamiske grammatikk\u00f8velser\"}]},{\"@type\":\"WebSite\",\"@id\":\"https:\/\/talkpal.ai\/no\/#website\",\"url\":\"https:\/\/talkpal.ai\/no\/\",\"name\":\"Talkpal\",\"description\":\"AI Language Learning\",\"publisher\":{\"@id\":\"https:\/\/talkpal.ai\/no\/#organization\"},\"alternateName\":\"Talkpal AI\",\"potentialAction\":[{\"@type\":\"SearchAction\",\"target\":{\"@type\":\"EntryPoint\",\"urlTemplate\":\"https:\/\/talkpal.ai\/no\/?s={search_term_string}\"},\"query-input\":{\"@type\":\"PropertyValueSpecification\",\"valueRequired\":true,\"valueName\":\"search_term_string\"}}],\"inLanguage\":\"nb-NO\"},{\"@type\":\"Organization\",\"@id\":\"https:\/\/talkpal.ai\/no\/#organization\",\"name\":\"Talkpal, Inc.\",\"alternateName\":\"Talkpal AI\",\"url\":\"https:\/\/talkpal.ai\/no\/\",\"logo\":{\"@type\":\"ImageObject\",\"inLanguage\":\"nb-NO\",\"@id\":\"https:\/\/talkpal.ai\/no\/#\/schema\/logo\/image\/\",\"url\":\"https:\/\/talkpal.ai\/wp-content\/uploads\/2024\/03\/Talkpal-Logo-Icon.png\",\"contentUrl\":\"https:\/\/talkpal.ai\/wp-content\/uploads\/2024\/03\/Talkpal-Logo-Icon.png\",\"width\":2880,\"height\":2880,\"caption\":\"Talkpal, Inc.\"},\"image\":{\"@id\":\"https:\/\/talkpal.ai\/no\/#\/schema\/logo\/image\/\"},\"sameAs\":[\"https:\/\/www.facebook.com\/profile.php?id=100090733639311\",\"https:\/\/x.com\/talkpalai\",\"https:\/\/www.linkedin.com\/company\/talkpal\/\",\"https:\/\/www.youtube.com\/@TalkPal\/\",\"https:\/\/www.tiktok.com\/@talkpal\",\"https:\/\/www.instagram.com\/talkpal_ai\/\",\"https:\/\/www.crunchbase.com\/organization\/talkpal-9cde\",\"https:\/\/www.g2.com\/products\/talkpal-for-business\/\",\"https:\/\/www.trustpilot.com\/review\/talkpal.ai\",\"https:\/\/www.capterra.com\/p\/10006800\/TalkPal\/\"],\"description\":\"Talkpal is a language learning web and mobile education app, powered by the latest AI technologies, that provides engaging experiences to its customers in many different languages to help them improve their language skills. Users can chat about unlimited amount of topics with the app and use other modes to practice their language learning.\",\"email\":\"support@talkpal.ai\",\"legalName\":\"Talkpal, Inc.\",\"foundingDate\":\"2023-04-03\",\"duns\":\"118989042\",\"numberOfEmployees\":{\"@type\":\"QuantitativeValue\",\"minValue\":\"11\",\"maxValue\":\"50\"},\"publishingPrinciples\":\"https:\/\/talkpal.ai\/publishing-principles\/\",\"actionableFeedbackPolicy\":\"https:\/\/talkpal.ai\/actionable-feedback-policy\/\",\"correctionsPolicy\":\"https:\/\/talkpal.ai\/corrections-policy\/\",\"ethicsPolicy\":\"https:\/\/talkpal.ai\/ethics-policy\/\",\"diversityPolicy\":\"https:\/\/talkpal.ai\/diversity-policy\/\",\"diversityStaffingReport\":\"https:\/\/talkpal.ai\/diversity-policy\/\"}]}<\/script>\n<!-- \/ Yoast SEO Premium plugin. -->","yoast_head_json":{"title":"Assamiske grammatikk\u00f8velser - Talkpal","description":"Mestre assamesisk grammatikk med interaktive \u00f8velser som er utviklet for \u00e5 \u00f8ke dine spr\u00e5kferdigheter og spr\u00e5kkunnskaper effektivt allerede i dag.","robots":{"index":"index","follow":"follow","max-snippet":"max-snippet:-1","max-image-preview":"max-image-preview:large","max-video-preview":"max-video-preview:-1"},"canonical":"https:\/\/talkpal.ai\/no\/assamiske-grammatikkovelser\/","og_locale":"nb_NO","og_type":"article","og_title":"Assamiske grammatikk\u00f8velser","og_description":"Assamesisk grammatikk emner \u00c5 l\u00e6re et nytt spr\u00e5k kan v\u00e6re en utfordrende, men givende innsats. Assamesisk, et indoarisk spr\u00e5k som hovedsakelig snakkes i","og_url":"https:\/\/talkpal.ai\/no\/assamiske-grammatikkovelser\/","og_site_name":"Talkpal","article_publisher":"https:\/\/www.facebook.com\/profile.php?id=100090733639311","article_modified_time":"2025-12-30T15:23:14+00:00","og_image":[{"width":2880,"height":1620,"url":"https:\/\/talkpal.ai\/wp-content\/uploads\/2025\/02\/Progress-tab-16_9.png","type":"image\/png"}],"twitter_card":"summary_large_image","twitter_site":"@talkpalai","twitter_misc":{"Ansl. lesetid":"3 minutter"},"schema":{"@context":"https:\/\/schema.org","@graph":[{"@type":"WebPage","@id":"https:\/\/talkpal.ai\/no\/assamiske-grammatikkovelser\/","url":"https:\/\/talkpal.ai\/no\/assamiske-grammatikkovelser\/","name":"Assamiske grammatikk\u00f8velser - Talkpal","isPartOf":{"@id":"https:\/\/talkpal.ai\/no\/#website"},"datePublished":"2025-11-11T15:06:48+00:00","dateModified":"2025-12-30T15:23:14+00:00","description":"Mestre assamesisk grammatikk med interaktive \u00f8velser som er utviklet for \u00e5 \u00f8ke dine spr\u00e5kferdigheter og spr\u00e5kkunnskaper effektivt allerede i dag.","breadcrumb":{"@id":"https:\/\/talkpal.ai\/no\/assamiske-grammatikkovelser\/#breadcrumb"},"inLanguage":"nb-NO","potentialAction":[{"@type":"ReadAction","target":["https:\/\/talkpal.ai\/no\/assamiske-grammatikkovelser\/"]}]},{"@type":"BreadcrumbList","@id":"https:\/\/talkpal.ai\/no\/assamiske-grammatikkovelser\/#breadcrumb","itemListElement":[{"@type":"ListItem","position":1,"name":"Homepage","item":"https:\/\/talkpal.ai\/no\/"},{"@type":"ListItem","position":2,"name":"Assamiske grammatikk\u00f8velser"}]},{"@type":"WebSite","@id":"https:\/\/talkpal.ai\/no\/#website","url":"https:\/\/talkpal.ai\/no\/","name":"Talkpal","description":"AI Language Learning","publisher":{"@id":"https:\/\/talkpal.ai\/no\/#organization"},"alternateName":"Talkpal AI","potentialAction":[{"@type":"SearchAction","target":{"@type":"EntryPoint","urlTemplate":"https:\/\/talkpal.ai\/no\/?s={search_term_string}"},"query-input":{"@type":"PropertyValueSpecification","valueRequired":true,"valueName":"search_term_string"}}],"inLanguage":"nb-NO"},{"@type":"Organization","@id":"https:\/\/talkpal.ai\/no\/#organization","name":"Talkpal, Inc.","alternateName":"Talkpal AI","url":"https:\/\/talkpal.ai\/no\/","logo":{"@type":"ImageObject","inLanguage":"nb-NO","@id":"https:\/\/talkpal.ai\/no\/#\/schema\/logo\/image\/","url":"https:\/\/talkpal.ai\/wp-content\/uploads\/2024\/03\/Talkpal-Logo-Icon.png","contentUrl":"https:\/\/talkpal.ai\/wp-content\/uploads\/2024\/03\/Talkpal-Logo-Icon.png","width":2880,"height":2880,"caption":"Talkpal, Inc."},"image":{"@id":"https:\/\/talkpal.ai\/no\/#\/schema\/logo\/image\/"},"sameAs":["https:\/\/www.facebook.com\/profile.php?id=100090733639311","https:\/\/x.com\/talkpalai","https:\/\/www.linkedin.com\/company\/talkpal\/","https:\/\/www.youtube.com\/@TalkPal\/","https:\/\/www.tiktok.com\/@talkpal","https:\/\/www.instagram.com\/talkpal_ai\/","https:\/\/www.crunchbase.com\/organization\/talkpal-9cde","https:\/\/www.g2.com\/products\/talkpal-for-business\/","https:\/\/www.trustpilot.com\/review\/talkpal.ai","https:\/\/www.capterra.com\/p\/10006800\/TalkPal\/"],"description":"Talkpal is a language learning web and mobile education app, powered by the latest AI technologies, that provides engaging experiences to its customers in many different languages to help them improve their language skills. Users can chat about unlimited amount of topics with the app and use other modes to practice their language learning.","email":"support@talkpal.ai","legalName":"Talkpal, Inc.","foundingDate":"2023-04-03","duns":"118989042","numberOfEmployees":{"@type":"QuantitativeValue","minValue":"11","maxValue":"50"},"publishingPrinciples":"https:\/\/talkpal.ai\/publishing-principles\/","actionableFeedbackPolicy":"https:\/\/talkpal.ai\/actionable-feedback-policy\/","correctionsPolicy":"https:\/\/talkpal.ai\/corrections-policy\/","ethicsPolicy":"https:\/\/talkpal.ai\/ethics-policy\/","diversityPolicy":"https:\/\/talkpal.ai\/diversity-policy\/","diversityStaffingReport":"https:\/\/talkpal.ai\/diversity-policy\/"}]}},"_links":{"self":[{"href":"https:\/\/talkpal.ai\/no\/wp-json\/wp\/v2\/pages\/1477563","targetHints":{"allow":["GET"]}}],"collection":[{"href":"https:\/\/talkpal.ai\/no\/wp-json\/wp\/v2\/pages"}],"about":[{"href":"https:\/\/talkpal.ai\/no\/wp-json\/wp\/v2\/types\/page"}],"author":[{"embeddable":true,"href":"https:\/\/talkpal.ai\/no\/wp-json\/wp\/v2\/users\/20"}],"replies":[{"embeddable":true,"href":"https:\/\/talkpal.ai\/no\/wp-json\/wp\/v2\/comments?post=1477563"}],"version-history":[{"count":0,"href":"https:\/\/talkpal.ai\/no\/wp-json\/wp\/v2\/pages\/1477563\/revisions"}],"wp:attachment":[{"href":"https:\/\/talkpal.ai\/no\/wp-json\/wp\/v2\/media?parent=1477563"}],"curies":[{"name":"wp","href":"https:\/\/api.w.org\/{rel}","templated":true}]}}