{"id":1477456,"date":"2025-11-11T12:32:58","date_gmt":"2025-11-11T12:32:58","guid":{"rendered":"https:\/\/talkpal.ai\/albanske-grammatikkovelser\/"},"modified":"2025-12-30T15:39:16","modified_gmt":"2025-12-30T15:39:16","slug":"albanske-grammatikkovelser","status":"publish","type":"page","link":"https:\/\/talkpal.ai\/no\/albanske-grammatikkovelser\/","title":{"rendered":"Albanske grammatikk\u00f8velser"},"content":{"rendered":"\r\n\r\n\r\n<section class=\"languageChallengeSection\">\r\n    <div class=\"languageInfoWrapper\">\r\n        \r\n        <h1>Albanske grammatikk\u00f8velser<\/h1>\r\n        <p>Klar til \u00e5 dykke ned i <a href=\"https:\/\/talkpal.ai\/no\/albansk-grammatikk\/\">albansk grammatikk<\/a>? Ved \u00e5 \u00f8ve deg p\u00e5 noen grunnleggende ting kan du bli fortrolig med dette unike og vakre spr\u00e5ket. Pr\u00f8v disse \u00f8velsene for \u00e5 bygge selvtillit og ha det g\u00f8y underveis!<\/p>\r\n\r\n                            <a class=\"getStartedHidden\" href=\"https:\/\/app.talkpal.ai\/no\/signup?lng=\">Kom i gang<\/a>\r\n        \r\n    <\/div>\r\n\r\n    <figure>\r\n    <img decoding=\"async\" width=\"768\" height=\"768\" src=\"https:\/\/talkpal.ai\/wp-content\/uploads\/2023\/06\/welsh-768x768.png\" class=\"languageImage no-lazy\" alt=\"Language learning for better cognitive abilities\" fetchpriority=\"high\" sizes=\"(max-width: 768px) 150px, 768px\" srcset=\"https:\/\/talkpal.ai\/wp-content\/uploads\/2023\/06\/welsh-768x768.png 768w, https:\/\/talkpal.ai\/wp-content\/uploads\/2023\/06\/welsh-300x300.png 300w\" \/>\r\n    \r\n\r\n    <\/figure>\r\n\r\n            <a class=\"getStartedVisible\" href=\"https:\/\/app.talkpal.ai\/no\/signup?lng=\">Kom i gang<\/a>\r\n    \r\n<\/section><section class=\"promotionalBanner\">\r\n    <p class=\"promotionalText\">Den mest effektive m\u00e5ten \u00e5 l\u00e6re et spr\u00e5k p\u00e5<\/p>\r\n    <a class=\"promotionalLink\" href=\"https:\/\/app.talkpal.ai\/no\/signup?lng=\">Pr\u00f8v Talkpal gratis<\/a>\r\n<\/section>\n<div class=\"wp-block-group pageContainerStyle\"><div class=\"wp-block-group__inner-container is-layout-constrained wp-block-group-is-layout-constrained\">\n<h2 class=\"wp-block-heading\" id=\"h-albanian-grammar-topics\">Albansk grammatikk emner<\/h2>\n\n\n\n<p><a href=\"https:\/\/talkpal.ai\/no\/de-storste-feilene-du-bor-unnga-nar-du-skal-laere-et-nytt-sprak\/\">\u00c5 l\u00e6re et nytt spr\u00e5k<\/a> kan v\u00e6re en utfordrende, men givende innsats. <a href=\"https:\/\/talkpal.ai\/learn-albanian\/\">Albansk<\/a>, et indoeuropeisk spr\u00e5k som hovedsakelig snakkes i <a href=\"https:\/\/talkpal.ai\/locations\/language-courses-in-albania\/\">Albania<\/a>, er intet unntak. Med sine unike egenskaper og strukturer krever <a href=\"https:\/\/talkpal.ai\/no\/talkpal-for-utdanning\/\">det \u00e5 l\u00e6re<\/a> <a href=\"https:\/\/talkpal.ai\/learn-albanian\/\">albansk<\/a> en systematisk tiln\u00e6rming til \u00e5 forst\u00e5 den rike grammatikken. Denne veiledningen skisserer n\u00f8kkelomr\u00e5dene i <a href=\"https:\/\/talkpal.ai\/no\/albansk-grammatikk\/\">albansk grammatikk<\/a> i en logisk rekkef\u00f8lge for <a href=\"https:\/\/talkpal.ai\/no\/ai-chatbot-for-sprakopplaering\/\">spr\u00e5kl\u00e6ring<\/a>, fra det grunnleggende som substantiver og artikler, og g\u00e5r videre til mer komplekse omr\u00e5der som tider og setningskonstruksjon.<\/p>\n\n\n\n<h3 class=\"wp-block-heading\" id=\"h-1-nouns\">1. Substantiv:<\/h3>\n\n\n\n<p>Begynn din albanske spr\u00e5kreise med \u00e5 l\u00e6re substantivene. Dette inkluderer \u00e5 forst\u00e5 kj\u00f8nn og antall, vanlige og egennavn og deres flertallsformer. Albanske substantiver b\u00f8yer seg ogs\u00e5 for kasus og har b\u00e5de ubestemte og bestemte former, med bestemthet ofte markert med et suffiks knyttet til substantivet.<\/p>\n\n\n\n<h3 class=\"wp-block-heading\" id=\"h-2-articles\">2. Artikler:<\/h3>\n\n\n\n<p>Artikler p\u00e5 albansk fungerer annerledes enn <a href=\"https:\/\/talkpal.ai\/ai-english-speaking-practice\/\">engelsk<\/a>. Den bestemte artikkelen er vanligvis et suffiks lagt til substantivet, mens den ubestemte artikkelen er det separate ordet nj\u00eb i entall. Albansk bruker ogs\u00e5 en lenkeartikkel foran adjektiver og i visse genitivkonstruksjoner, som stemmer overens i kj\u00f8nn og antall.<\/p>\n\n\n\n<h3 class=\"wp-block-heading\" id=\"h-3-adjectives\">3. Adjektiver:<\/h3>\n\n\n\n<p>Adjektiver p\u00e5 albansk f\u00f8lger vanligvis substantivene. Enighet vises gjennom lenkeartikkelen plassert foran adjektivet, som gjenspeiler substantivets kj\u00f8nn, nummer og kasus. L\u00e6r hvordan du danner komparativer og superlativer, vanligvis med m\u00eb for komparativ og den bestemte formen for superlativ.<\/p>\n\n\n\n<h3 class=\"wp-block-heading\" id=\"h-4-pronouns-determiners\">4. Pronomen\/bestemmere:<\/h3>\n\n\n\n<p>Pronomen og determinanter er essensielle p\u00e5 albansk; De erstatter substantiver og gir informasjon om person, besittelse, mengde og mer. V\u00e6r spesielt oppmerksom p\u00e5 klitiske objektpronomen, som ofte forekommer foran verbet, og til eiendomsbestemmere som stemmer overens med substantivet de modifiserer.<\/p>\n\n\n\n<h3 class=\"wp-block-heading\" id=\"h-5-verbs\">5. Verb:<\/h3>\n\n\n\n<p>Albanske verb endrer form for person og tall og brukes p\u00e5 tvers av flere stemninger som indikativ, <a href=\"https:\/\/talkpal.ai\/ja\/grammar_exercises\/konjunktiv-%e3%83%89%e3%82%a4%e3%83%84%e6%96%87%e6%b3%95%e3%81%ae%e6%bc%94%e7%bf%92\/\">konjunktiv<\/a>, <a href=\"https:\/\/talkpal.ai\/ja\/grammar_exercises\/imperatif-%e3%83%95%e3%83%a9%e3%83%b3%e3%82%b9%e3%81%ae%e6%96%87%e6%b3%95%e3%81%ae%e3%81%9f%e3%82%81%e3%81%ae%e6%bc%94%e7%bf%92\/\">imperativ<\/a>, betinget og beundrende. Start med n\u00e5tid og vanlige fortidsformer, utvid deretter til andre stemninger og stemmer, inkludert passive formasjoner.<\/p>\n\n\n\n<h3 class=\"wp-block-heading\" id=\"h-6-tenses\">6. Tider:<\/h3>\n\n\n\n<p>Etter \u00e5 ha mestret verbformene, dykk dypere inn i albanske tider. N\u00f8kkeltider inkluderer n\u00e5tid, uperfektum, aorist, n\u00e5tidsperfektum, pluperfektum og fremtidsformer. <a href=\"https:\/\/talkpal.ai\/learn-finnish\/\">Finn<\/a> ut hvordan hver tid brukes i kontekst for \u00e5 uttrykke fullf\u00f8rte handlinger, p\u00e5g\u00e5ende tidligere handlinger og fremtidige hendelser.<\/p>\n\n\n\n<h3 class=\"wp-block-heading\" id=\"h-7-tense-comparison\">7. Anspent sammenligning:<\/h3>\n\n\n\n<p>\u00c5 sammenligne tider p\u00e5 albansk hjelper til med \u00e5 forst\u00e5 rekkef\u00f8lgen og aspektet ved hendelser. Kontraster aoristen med n\u00e5tidens perfektum, og den ufullkomne med aoristen, for \u00e5 se hvordan albansk skiller mellom enkeltst\u00e5ende fullf\u00f8rte handlinger, p\u00e5g\u00e5ende tidligere handlinger og n\u00e5tidsrelevans.<\/p>\n\n\n\n<h3 class=\"wp-block-heading\" id=\"h-8-progressive\">8. Progressiv:<\/h3>\n\n\n\n<p>Det progressive aspektet p\u00e5 albansk uttrykkes vanligvis med partikkelen po f\u00f8r det endelige verbet eller med strukturen jam duke etterfulgt av verbalsubstantivet eller partisippet. Bruk disse til \u00e5 uttrykke p\u00e5g\u00e5ende handlinger i n\u00e5tid eller fortid.<\/p>\n\n\n\n<h3 class=\"wp-block-heading\" id=\"h-9-perfect-progressive\">9. Perfekt progressiv:<\/h3>\n\n\n\n<p>Dette aspektet brukes til \u00e5 uttrykke handlinger som har p\u00e5g\u00e5tt frem til et bestemt punkt. P\u00e5 albansk er det dannet med kam qen\u00eb hertug etterfulgt av partisipp for n\u00e5tid perfekt progressiv, og kisha qen\u00eb hertug for fortid perfekt progressiv.<\/p>\n\n\n\n<h3 class=\"wp-block-heading\" id=\"h-10-conditionals\">10. Betingelser:<\/h3>\n\n\n\n<p>Betingelser uttrykker hypotetiske situasjoner og deres mulige utfall. Albansk bruker former med do t\u00eb pluss den passende verbformen for potensielle eller uvirkelige situasjoner, og if-setninger introdusert av n\u00ebse eller po t\u00eb. \u00c5 <a href=\"https:\/\/talkpal.ai\/locations\/language-courses-in-mestre\/\">mestre<\/a> disse vil gi nyanser til spr\u00e5kferdighetene dine.<\/p>\n\n\n\n<h3 class=\"wp-block-heading\" id=\"h-11-adverbs\">11. Adverb:<\/h3>\n\n\n\n<p>Adverb p\u00e5 albansk modifiserer verb, adjektiver eller andre adverb. De gir informasjon om m\u00e5te, sted, tid, grad og mer, ofte ved \u00e5 bruke former som er identiske med adjektiver eller faste adverbiale ord som tani, dje, k\u00ebtu og atje.<\/p>\n\n\n\n<h3 class=\"wp-block-heading\" id=\"h-12-prepositions\">12. Preposisjoner:<\/h3>\n\n\n\n<p>Preposisjoner knytter ord og uttrykk sammen. De uttrykker forhold mellom tid, sted, retning og mer, ved \u00e5 bruke vanlige elementer som n\u00eb, te, tek, me, pa, p\u00ebr, nga, mbi, n\u00ebn, para og pas. L\u00e6r hvordan de kombineres med store og sm\u00e5 bokstaver og den lenkende artikkelen i substantivfraser.<\/p>\n\n\n\n<h3 class=\"wp-block-heading\" id=\"h-13-sentences\">13. Setninger:<\/h3>\n\n\n\n<p>Til slutt trener du p\u00e5 \u00e5 konstruere setninger. Albansk har vanligvis fleksibel ordrekkef\u00f8lge med et felles SVO-m\u00f8nster, bruker klitiske pronomen foran verbet, negerer med nuk, og danner sp\u00f8rsm\u00e5l ved intonasjon eller med a. \u00c5 bruke alle de tidligere l\u00e6rte grammatikkpunktene i sammenheng vil sikre en omfattende forst\u00e5else av det albanske spr\u00e5ket.<\/p>\n<\/div><\/div>\n\r\n<section class=\"learnNavigationSection\">\r\n            \r\n        <a href=\"https:\/\/talkpal.ai\/no\/laer-albansk\/\">\r\n            <div class=\"learnNavigationWrapper\">\r\n                <div class=\"learnNavigationContent\">\r\n                    <img decoding=\"async\" src=\"https:\/\/talkpal.ai\/wp-content\/uploads\/2025\/11\/Albanian.png\" alt=\"Albanian Flag\">\r\n                    <div>\r\n                        <h4>Om albansk l\u00e6ring<\/h4>\r\n                        <p>Finn ut alt om albansk grammatikk.<\/p>\r\n                    <\/div>\r\n                <\/div>\r\n            <\/div>\r\n        <\/a>\r\n\r\n        \r\n        <a href=\"https:\/\/talkpal.ai\/no\/albansk-grammatikk\/\">\r\n            <div class=\"learnNavigationWrapper\">\r\n                <div class=\"learnNavigationContent\">\r\n                    <img decoding=\"async\" src=\"https:\/\/talkpal.ai\/wp-content\/uploads\/2025\/11\/Albanian.png\" alt=\"Albanian Flag\">\r\n                    <div>\r\n                        <h4>Albansk grammatikk leksjoner<\/h4>\r\n                        <p>\u00d8v p\u00e5 albansk grammatikk.<\/p>\r\n                    <\/div>\r\n                <\/div>\r\n            <\/div>\r\n        <\/a>\r\n\r\n            <\/section>","protected":false},"excerpt":{"rendered":"<p>Albansk grammatikk emner \u00c5 l\u00e6re et nytt spr\u00e5k kan v\u00e6re en utfordrende, men givende innsats. Albansk, et indoeuropeisk spr\u00e5k som hovedsakelig snakkes i Albania, er intet unntak. Med sine unike egenskaper og strukturer krever det \u00e5 l\u00e6re albansk en systematisk tiln\u00e6rming til \u00e5 forst\u00e5 den rike grammatikken. Denne veiledningen skisserer n\u00f8kkelomr\u00e5dene i albansk grammatikk i [&hellip;]<\/p>\n","protected":false},"author":20,"featured_media":0,"parent":0,"menu_order":0,"comment_status":"closed","ping_status":"closed","template":"LearningContentPage.php","meta":{"_acf_changed":false,"footnotes":""},"class_list":["post-1477456","page","type-page","status-publish","hentry"],"acf":[],"yoast_head":"<!-- This site is optimized with the Yoast SEO Premium plugin v27.2 (Yoast SEO v27.2) - https:\/\/yoast.com\/product\/yoast-seo-premium-wordpress\/ -->\n<title>Albanske grammatikk\u00f8velser - Talkpal<\/title>\n<meta name=\"description\" content=\"Bli bedre i albansk med Talkpals interaktive grammatikk\u00f8velser som dekker substantiver, verb, tider og setningsstrukturer.\" \/>\n<meta name=\"robots\" content=\"index, follow, max-snippet:-1, max-image-preview:large, max-video-preview:-1\" \/>\n<link rel=\"canonical\" href=\"https:\/\/talkpal.ai\/no\/albanske-grammatikkovelser\/\" \/>\n<meta property=\"og:locale\" content=\"nb_NO\" \/>\n<meta property=\"og:type\" content=\"article\" \/>\n<meta property=\"og:title\" content=\"Albanske grammatikk\u00f8velser\" \/>\n<meta property=\"og:description\" content=\"Albansk grammatikk emner \u00c5 l\u00e6re et nytt spr\u00e5k kan v\u00e6re en utfordrende, men givende innsats. Albansk, et indoeuropeisk spr\u00e5k som hovedsakelig snakkes i\" \/>\n<meta property=\"og:url\" content=\"https:\/\/talkpal.ai\/no\/albanske-grammatikkovelser\/\" \/>\n<meta property=\"og:site_name\" content=\"Talkpal\" \/>\n<meta property=\"article:publisher\" content=\"https:\/\/www.facebook.com\/profile.php?id=100090733639311\" \/>\n<meta property=\"article:modified_time\" content=\"2025-12-30T15:39:16+00:00\" \/>\n<meta property=\"og:image\" content=\"https:\/\/talkpal.ai\/wp-content\/uploads\/2025\/02\/Progress-tab-16_9.png\" \/>\n\t<meta property=\"og:image:width\" content=\"2880\" \/>\n\t<meta property=\"og:image:height\" content=\"1620\" \/>\n\t<meta property=\"og:image:type\" content=\"image\/png\" \/>\n<meta name=\"twitter:card\" content=\"summary_large_image\" \/>\n<meta name=\"twitter:site\" content=\"@talkpalai\" \/>\n<meta name=\"twitter:label1\" content=\"Ansl. lesetid\" \/>\n\t<meta name=\"twitter:data1\" content=\"3 minutter\" \/>\n<script type=\"application\/ld+json\" class=\"yoast-schema-graph\">{\"@context\":\"https:\/\/schema.org\",\"@graph\":[{\"@type\":\"WebPage\",\"@id\":\"https:\/\/talkpal.ai\/no\/albanske-grammatikkovelser\/\",\"url\":\"https:\/\/talkpal.ai\/no\/albanske-grammatikkovelser\/\",\"name\":\"Albanske grammatikk\u00f8velser - Talkpal\",\"isPartOf\":{\"@id\":\"https:\/\/talkpal.ai\/no\/#website\"},\"datePublished\":\"2025-11-11T12:32:58+00:00\",\"dateModified\":\"2025-12-30T15:39:16+00:00\",\"description\":\"Bli bedre i albansk med Talkpals interaktive grammatikk\u00f8velser som dekker substantiver, verb, tider og setningsstrukturer.\",\"breadcrumb\":{\"@id\":\"https:\/\/talkpal.ai\/no\/albanske-grammatikkovelser\/#breadcrumb\"},\"inLanguage\":\"nb-NO\",\"potentialAction\":[{\"@type\":\"ReadAction\",\"target\":[\"https:\/\/talkpal.ai\/no\/albanske-grammatikkovelser\/\"]}]},{\"@type\":\"BreadcrumbList\",\"@id\":\"https:\/\/talkpal.ai\/no\/albanske-grammatikkovelser\/#breadcrumb\",\"itemListElement\":[{\"@type\":\"ListItem\",\"position\":1,\"name\":\"Homepage\",\"item\":\"https:\/\/talkpal.ai\/no\/\"},{\"@type\":\"ListItem\",\"position\":2,\"name\":\"Albanske grammatikk\u00f8velser\"}]},{\"@type\":\"WebSite\",\"@id\":\"https:\/\/talkpal.ai\/no\/#website\",\"url\":\"https:\/\/talkpal.ai\/no\/\",\"name\":\"Talkpal\",\"description\":\"AI Language Learning\",\"publisher\":{\"@id\":\"https:\/\/talkpal.ai\/no\/#organization\"},\"alternateName\":\"Talkpal AI\",\"potentialAction\":[{\"@type\":\"SearchAction\",\"target\":{\"@type\":\"EntryPoint\",\"urlTemplate\":\"https:\/\/talkpal.ai\/no\/?s={search_term_string}\"},\"query-input\":{\"@type\":\"PropertyValueSpecification\",\"valueRequired\":true,\"valueName\":\"search_term_string\"}}],\"inLanguage\":\"nb-NO\"},{\"@type\":\"Organization\",\"@id\":\"https:\/\/talkpal.ai\/no\/#organization\",\"name\":\"Talkpal, Inc.\",\"alternateName\":\"Talkpal AI\",\"url\":\"https:\/\/talkpal.ai\/no\/\",\"logo\":{\"@type\":\"ImageObject\",\"inLanguage\":\"nb-NO\",\"@id\":\"https:\/\/talkpal.ai\/no\/#\/schema\/logo\/image\/\",\"url\":\"https:\/\/talkpal.ai\/wp-content\/uploads\/2024\/03\/Talkpal-Logo-Icon.png\",\"contentUrl\":\"https:\/\/talkpal.ai\/wp-content\/uploads\/2024\/03\/Talkpal-Logo-Icon.png\",\"width\":2880,\"height\":2880,\"caption\":\"Talkpal, Inc.\"},\"image\":{\"@id\":\"https:\/\/talkpal.ai\/no\/#\/schema\/logo\/image\/\"},\"sameAs\":[\"https:\/\/www.facebook.com\/profile.php?id=100090733639311\",\"https:\/\/x.com\/talkpalai\",\"https:\/\/www.linkedin.com\/company\/talkpal\/\",\"https:\/\/www.youtube.com\/@TalkPal\/\",\"https:\/\/www.tiktok.com\/@talkpal\",\"https:\/\/www.instagram.com\/talkpal_ai\/\",\"https:\/\/www.crunchbase.com\/organization\/talkpal-9cde\",\"https:\/\/www.g2.com\/products\/talkpal-for-business\/\",\"https:\/\/www.trustpilot.com\/review\/talkpal.ai\",\"https:\/\/www.capterra.com\/p\/10006800\/TalkPal\/\"],\"description\":\"Talkpal is a language learning web and mobile education app, powered by the latest AI technologies, that provides engaging experiences to its customers in many different languages to help them improve their language skills. Users can chat about unlimited amount of topics with the app and use other modes to practice their language learning.\",\"email\":\"support@talkpal.ai\",\"legalName\":\"Talkpal, Inc.\",\"foundingDate\":\"2023-04-03\",\"duns\":\"118989042\",\"numberOfEmployees\":{\"@type\":\"QuantitativeValue\",\"minValue\":\"11\",\"maxValue\":\"50\"},\"publishingPrinciples\":\"https:\/\/talkpal.ai\/publishing-principles\/\",\"actionableFeedbackPolicy\":\"https:\/\/talkpal.ai\/actionable-feedback-policy\/\",\"correctionsPolicy\":\"https:\/\/talkpal.ai\/corrections-policy\/\",\"ethicsPolicy\":\"https:\/\/talkpal.ai\/ethics-policy\/\",\"diversityPolicy\":\"https:\/\/talkpal.ai\/diversity-policy\/\",\"diversityStaffingReport\":\"https:\/\/talkpal.ai\/diversity-policy\/\"}]}<\/script>\n<!-- \/ Yoast SEO Premium plugin. -->","yoast_head_json":{"title":"Albanske grammatikk\u00f8velser - Talkpal","description":"Bli bedre i albansk med Talkpals interaktive grammatikk\u00f8velser som dekker substantiver, verb, tider og setningsstrukturer.","robots":{"index":"index","follow":"follow","max-snippet":"max-snippet:-1","max-image-preview":"max-image-preview:large","max-video-preview":"max-video-preview:-1"},"canonical":"https:\/\/talkpal.ai\/no\/albanske-grammatikkovelser\/","og_locale":"nb_NO","og_type":"article","og_title":"Albanske grammatikk\u00f8velser","og_description":"Albansk grammatikk emner \u00c5 l\u00e6re et nytt spr\u00e5k kan v\u00e6re en utfordrende, men givende innsats. Albansk, et indoeuropeisk spr\u00e5k som hovedsakelig snakkes i","og_url":"https:\/\/talkpal.ai\/no\/albanske-grammatikkovelser\/","og_site_name":"Talkpal","article_publisher":"https:\/\/www.facebook.com\/profile.php?id=100090733639311","article_modified_time":"2025-12-30T15:39:16+00:00","og_image":[{"width":2880,"height":1620,"url":"https:\/\/talkpal.ai\/wp-content\/uploads\/2025\/02\/Progress-tab-16_9.png","type":"image\/png"}],"twitter_card":"summary_large_image","twitter_site":"@talkpalai","twitter_misc":{"Ansl. lesetid":"3 minutter"},"schema":{"@context":"https:\/\/schema.org","@graph":[{"@type":"WebPage","@id":"https:\/\/talkpal.ai\/no\/albanske-grammatikkovelser\/","url":"https:\/\/talkpal.ai\/no\/albanske-grammatikkovelser\/","name":"Albanske grammatikk\u00f8velser - Talkpal","isPartOf":{"@id":"https:\/\/talkpal.ai\/no\/#website"},"datePublished":"2025-11-11T12:32:58+00:00","dateModified":"2025-12-30T15:39:16+00:00","description":"Bli bedre i albansk med Talkpals interaktive grammatikk\u00f8velser som dekker substantiver, verb, tider og setningsstrukturer.","breadcrumb":{"@id":"https:\/\/talkpal.ai\/no\/albanske-grammatikkovelser\/#breadcrumb"},"inLanguage":"nb-NO","potentialAction":[{"@type":"ReadAction","target":["https:\/\/talkpal.ai\/no\/albanske-grammatikkovelser\/"]}]},{"@type":"BreadcrumbList","@id":"https:\/\/talkpal.ai\/no\/albanske-grammatikkovelser\/#breadcrumb","itemListElement":[{"@type":"ListItem","position":1,"name":"Homepage","item":"https:\/\/talkpal.ai\/no\/"},{"@type":"ListItem","position":2,"name":"Albanske grammatikk\u00f8velser"}]},{"@type":"WebSite","@id":"https:\/\/talkpal.ai\/no\/#website","url":"https:\/\/talkpal.ai\/no\/","name":"Talkpal","description":"AI Language Learning","publisher":{"@id":"https:\/\/talkpal.ai\/no\/#organization"},"alternateName":"Talkpal AI","potentialAction":[{"@type":"SearchAction","target":{"@type":"EntryPoint","urlTemplate":"https:\/\/talkpal.ai\/no\/?s={search_term_string}"},"query-input":{"@type":"PropertyValueSpecification","valueRequired":true,"valueName":"search_term_string"}}],"inLanguage":"nb-NO"},{"@type":"Organization","@id":"https:\/\/talkpal.ai\/no\/#organization","name":"Talkpal, Inc.","alternateName":"Talkpal AI","url":"https:\/\/talkpal.ai\/no\/","logo":{"@type":"ImageObject","inLanguage":"nb-NO","@id":"https:\/\/talkpal.ai\/no\/#\/schema\/logo\/image\/","url":"https:\/\/talkpal.ai\/wp-content\/uploads\/2024\/03\/Talkpal-Logo-Icon.png","contentUrl":"https:\/\/talkpal.ai\/wp-content\/uploads\/2024\/03\/Talkpal-Logo-Icon.png","width":2880,"height":2880,"caption":"Talkpal, Inc."},"image":{"@id":"https:\/\/talkpal.ai\/no\/#\/schema\/logo\/image\/"},"sameAs":["https:\/\/www.facebook.com\/profile.php?id=100090733639311","https:\/\/x.com\/talkpalai","https:\/\/www.linkedin.com\/company\/talkpal\/","https:\/\/www.youtube.com\/@TalkPal\/","https:\/\/www.tiktok.com\/@talkpal","https:\/\/www.instagram.com\/talkpal_ai\/","https:\/\/www.crunchbase.com\/organization\/talkpal-9cde","https:\/\/www.g2.com\/products\/talkpal-for-business\/","https:\/\/www.trustpilot.com\/review\/talkpal.ai","https:\/\/www.capterra.com\/p\/10006800\/TalkPal\/"],"description":"Talkpal is a language learning web and mobile education app, powered by the latest AI technologies, that provides engaging experiences to its customers in many different languages to help them improve their language skills. Users can chat about unlimited amount of topics with the app and use other modes to practice their language learning.","email":"support@talkpal.ai","legalName":"Talkpal, Inc.","foundingDate":"2023-04-03","duns":"118989042","numberOfEmployees":{"@type":"QuantitativeValue","minValue":"11","maxValue":"50"},"publishingPrinciples":"https:\/\/talkpal.ai\/publishing-principles\/","actionableFeedbackPolicy":"https:\/\/talkpal.ai\/actionable-feedback-policy\/","correctionsPolicy":"https:\/\/talkpal.ai\/corrections-policy\/","ethicsPolicy":"https:\/\/talkpal.ai\/ethics-policy\/","diversityPolicy":"https:\/\/talkpal.ai\/diversity-policy\/","diversityStaffingReport":"https:\/\/talkpal.ai\/diversity-policy\/"}]}},"_links":{"self":[{"href":"https:\/\/talkpal.ai\/no\/wp-json\/wp\/v2\/pages\/1477456","targetHints":{"allow":["GET"]}}],"collection":[{"href":"https:\/\/talkpal.ai\/no\/wp-json\/wp\/v2\/pages"}],"about":[{"href":"https:\/\/talkpal.ai\/no\/wp-json\/wp\/v2\/types\/page"}],"author":[{"embeddable":true,"href":"https:\/\/talkpal.ai\/no\/wp-json\/wp\/v2\/users\/20"}],"replies":[{"embeddable":true,"href":"https:\/\/talkpal.ai\/no\/wp-json\/wp\/v2\/comments?post=1477456"}],"version-history":[{"count":0,"href":"https:\/\/talkpal.ai\/no\/wp-json\/wp\/v2\/pages\/1477456\/revisions"}],"wp:attachment":[{"href":"https:\/\/talkpal.ai\/no\/wp-json\/wp\/v2\/media?parent=1477456"}],"curies":[{"name":"wp","href":"https:\/\/api.w.org\/{rel}","templated":true}]}}