{"id":1477215,"date":"2025-10-22T22:26:33","date_gmt":"2025-10-22T22:26:33","guid":{"rendered":"https:\/\/talkpal.ai\/talkpal-rabatt-for-universitetsansatte\/"},"modified":"2026-02-09T13:38:26","modified_gmt":"2026-02-09T13:38:26","slug":"talkpal-rabatt-for-universitetsansatte","status":"publish","type":"page","link":"https:\/\/talkpal.ai\/no\/talkpal-rabatt-for-universitetsansatte\/","title":{"rendered":"Talkpal-rabatt for universitetsansatte"},"content":{"rendered":"<section class=\"languageChallengeSection\">\r\n    <div class=\"languageInfoWrapper\">\r\n        \r\n        <h1>Talkpal-rabatt for universitetsansatte<\/h1>\r\n        <p>Er du en universitetsansatt som \u00f8nsker \u00e5 forbedre spr\u00e5kkunnskapene dine? Talkpal tilbyr en eksklusiv rabatt p\u00e5 79 % for universitetsansatte for \u00e5 hjelpe deg med \u00e5 kommunisere tryggere og mer effektivt. L\u00e5s opp alle premiumfunksjoner, \u00f8v p\u00e5 virkelige campus- og arbeidsplassscenarier med AI, og bygg flyt til halve prisen.<\/p>\r\n\r\n                    <a class=\"getStartedHidden\" href=\"https:\/\/app.talkpal.ai\/signup?discount=50\">\r\n                F\u00e5 rabatt            <\/a>\r\n            <\/div>\r\n\r\n            <figure>\r\n            <img decoding=\"async\" class=\"no-lazy\" src=\"https:\/\/talkpal.ai\/wp-content\/uploads\/2026\/01\/group-with-phone-in-circle.webp\" alt=\"\" fetchpriority=\"high\" \/>\r\n        <\/figure>\r\n        \r\n                    <a class=\"getStartedVisible\" href=\"https:\/\/app.talkpal.ai\/signup?discount=50\">\r\n                F\u00e5 rabatt            <\/a>\r\n        <\/section><section class=\"featureSection\">\r\n    <div class=\"featureIntroduce\">\r\n        <a class=\"introduceLink\" href=\"https:\/\/app.talkpal.ai\/no\/signup?lng=\">\r\n            <img decoding=\"async\" src=\"https:\/\/talkpal.ai\/wp-content\/themes\/talkpal\/assets\/img\/Sparkle.svg\" alt=\"\" \/>Den mest avanserte\n  AI<\/a>\r\n        <h3 class=\"featureTitle\">Forskjellen p\u00e5 talkpal og talkpal<\/h3>\r\n    <\/div>\r\n            <div class=\"introduceWrapper\">\r\n                            <a class=\"introducCard\" href=\"https:\/\/app.talkpal.ai\/no\/signup?lng=\">\r\n\r\n                    \r\n                                                <img decoding=\"async\" src=\"https:\/\/talkpal.ai\/wp-content\/uploads\/2025\/05\/Immersive_conversations.png\" alt=\"Immersive Conversation Screenshot\" \/>\r\n                        <h4 class=\"introduceTitle\">Personlig tilpasset utdanning<\/h4>\r\n                        <p class=\"cardText\">Alle fagfolk l\u00e6rer forskjellig \u2013 og det samme gj\u00f8r veien til \u00e5 mestre et nytt spr\u00e5k. Hos Talkpal bruker vi avansert AI til \u00e5 analysere l\u00e6ringsm\u00f8nstre p\u00e5 tvers av millioner av brukere, og skape personlige, effektive og engasjerende opplevelser skreddersydd for ansatte i h\u00f8yere utdanning.<\/p>\r\n                    \r\n                <\/a>\r\n                            <a class=\"introducCard\" href=\"https:\/\/app.talkpal.ai\/no\/signup?lng=\">\r\n\r\n                    \r\n                                                <img decoding=\"async\" src=\"https:\/\/talkpal.ai\/wp-content\/uploads\/2025\/05\/Realtime_feedback.png\" alt=\"Feedback Screenshot\" \/>\r\n                        <h4 class=\"introduceTitle\">Spydspissteknologi<\/h4>\r\n                        <p class=\"cardText\">V\u00e5rt oppdrag er \u00e5 gj\u00f8re personlig spr\u00e5kl\u00e6ring tilgjengelig for universitetets fakultet og ansatte ved \u00e5 kombinere banebrytende AI med velpr\u00f8vde undervisningsmetoder. Med Talkpal tar du ikke bare leksjoner \u2013 du f\u00f8lger en skreddersydd vei som tilpasser seg tempoet, timeplanen og profesjonelle m\u00e5l.<\/p>\r\n                    \r\n                <\/a>\r\n                            <a class=\"introducCard\" href=\"https:\/\/app.talkpal.ai\/no\/signup?lng=\">\r\n\r\n                    \r\n                                                <img decoding=\"async\" src=\"https:\/\/talkpal.ai\/wp-content\/uploads\/2025\/05\/Personalization.png\" alt=\"Personalization Screenshot\" \/>\r\n                        <h4 class=\"introduceTitle\">Gj\u00f8r l\u00e6ring morsom<\/h4>\r\n                        <p class=\"cardText\">Vi mener at spr\u00e5kl\u00e6ring skal v\u00e6re motiverende og hyggelig. Det er derfor Talkpal er designet for \u00e5 holde universitetsansatte engasjert og inspirert \u2013 og gj\u00f8re trening til en givende pause i stedet for nok et ork. Bli med kolleger ved institusjoner over hele verden og begynn \u00e5 mestre ditt neste spr\u00e5k med Talkpal.<\/p>\r\n                    \r\n                <\/a>\r\n                            <\/div>\r\n                     <a class=\"featureSectionLink\" href=\"https:\/\/app.talkpal.ai\/signup?discount=50\">\r\n                F\u00e5 rabatt            <\/a>\r\n                \r\n<\/section>\r\n\r\n\r\n<section class=\"smartFunSection\">\r\n            \r\n            <div class=\"smartFunCard\">\r\n                <div class=\"smartFunWrapper\"><img decoding=\"async\" src=\"https:\/\/talkpal.ai\/wp-content\/uploads\/2025\/05\/1.png\" alt=\"Learning Stats Screenshot\"><\/div>\r\n                <h3>Skreddersydd for deg<\/h3>\r\n                <p>Talkpal bruker AI-drevet teknologi for \u00e5 levere \u00f8kter kalibrert til ditt niv\u00e5 og tempo. Hver leksjon er laget for \u00e5 m\u00f8te dine individuelle behov og hjelpe deg med \u00e5 gj\u00f8re jevn, m\u00e5lbar fremgang i ferdighetene du er avhengig av p\u00e5 tvers av campus og utenfor.<\/p>\r\n            <\/div>\r\n\r\n        \r\n            <div class=\"smartFunCard\">\r\n                <div class=\"smartFunWrapper\"><img decoding=\"async\" src=\"https:\/\/talkpal.ai\/wp-content\/uploads\/2025\/05\/2.png\" alt=\"Pronunciation Score Screenshot\"><\/div>\r\n                <h3>Effektiv og effektiv<\/h3>\r\n                <p>Styrk lesing, lytting, tale og skriving effektivt med Talkpal. V\u00e5re innovative verkt\u00f8y gj\u00f8r spr\u00e5kutvikling effektiv og morsom for universitetsansatte p\u00e5 tvers av avdelinger \u2013 fra studenttjenester til forskning og administrasjon.<\/p>\r\n            <\/div>\r\n\r\n        \r\n            <div class=\"smartFunCard\">\r\n                <div class=\"smartFunWrapper\"><img decoding=\"async\" src=\"https:\/\/talkpal.ai\/wp-content\/uploads\/2025\/05\/3.png\" alt=\"Chat Topics Screenshot\"><\/div>\r\n                <h3>Hold deg engasjert<\/h3>\r\n                <p>Plattformen blander spillifiserte elementer, engasjerende utfordringer og tankevekkende oppfordringer for \u00e5 holde personalet motivert og konsekvent. Med Talkpal blir spr\u00e5ktrening en rask daglig vane mellom klasser, m\u00f8ter og tidsfrister \u2013 ikke en annen oppgave p\u00e5 oppgavelisten din.<\/p>\r\n            <\/div>\r\n\r\n        \r\n            <div class=\"smartFunCard\">\r\n                <div class=\"smartFunWrapper\"><img decoding=\"async\" src=\"https:\/\/talkpal.ai\/wp-content\/uploads\/2025\/05\/4.png\" alt=\"Dashboard Screenshot\"><\/div>\r\n                <h3>Kos deg med \u00e5 l\u00e6re<\/h3>\r\n                <p>\u00c5 mestre et nytt spr\u00e5k trenger ikke \u00e5 v\u00e6re kjedelig. Talkpal tilbyr interaktive \u00f8velser, livlige scenarier og letthjertede AI-samtaler som gj\u00f8r l\u00e6ring til en hyggelig og energigivende del av hver universitetsansattes dag.<\/p>\r\n            <\/div>\r\n\r\n            \r\n<\/section>\r\n\r\n<section class=\"promotionalBanner\">\r\n    <p class=\"promotionalText\">Talkpal for universitetsansatte &#8211; Begynn \u00e5 l\u00e6re med rabattert pris<\/p>\r\n                <a class=\"promotionalLink\" href=\"https:\/\/app.talkpal.ai\/signup?discount=50\">\r\n                F\u00e5 rabatt            <\/a>\r\n            \r\n<\/section>","protected":false},"excerpt":{"rendered":"","protected":false},"author":20,"featured_media":0,"parent":0,"menu_order":0,"comment_status":"closed","ping_status":"closed","template":"LearningContentPage.php","meta":{"_acf_changed":false,"footnotes":""},"class_list":["post-1477215","page","type-page","status-publish","hentry"],"acf":[],"yoast_head":"<!-- This site is optimized with the Yoast SEO Premium plugin v27.2 (Yoast SEO v27.2) - https:\/\/yoast.com\/product\/yoast-seo-premium-wordpress\/ -->\n<title>Talkpal-rabatt for universitetsansatte - Talkpal<\/title>\n<meta name=\"description\" content=\"Universitetsansatte f\u00e5r 79 % rabatt p\u00e5 Talkpal for \u00e5 mestre spr\u00e5k med v\u00e5re avanserte AI-l\u00e6ringsverkt\u00f8y.\" \/>\n<meta name=\"robots\" content=\"index, follow, max-snippet:-1, max-image-preview:large, max-video-preview:-1\" \/>\n<link rel=\"canonical\" href=\"https:\/\/talkpal.ai\/no\/talkpal-rabatt-for-universitetsansatte\/\" \/>\n<meta property=\"og:locale\" content=\"nb_NO\" \/>\n<meta property=\"og:type\" content=\"article\" \/>\n<meta property=\"og:title\" content=\"Talkpal-rabatt for universitetsansatte\" \/>\n<meta property=\"og:url\" content=\"https:\/\/talkpal.ai\/no\/talkpal-rabatt-for-universitetsansatte\/\" \/>\n<meta property=\"og:site_name\" content=\"Talkpal\" \/>\n<meta property=\"article:publisher\" content=\"https:\/\/www.facebook.com\/profile.php?id=100090733639311\" \/>\n<meta property=\"article:modified_time\" content=\"2026-02-09T13:38:26+00:00\" \/>\n<meta property=\"og:image\" content=\"https:\/\/talkpal.ai\/wp-content\/uploads\/2025\/02\/Progress-tab-16_9.png\" \/>\n\t<meta property=\"og:image:width\" content=\"2880\" \/>\n\t<meta property=\"og:image:height\" content=\"1620\" \/>\n\t<meta property=\"og:image:type\" content=\"image\/png\" \/>\n<meta name=\"twitter:card\" content=\"summary_large_image\" \/>\n<meta name=\"twitter:site\" content=\"@talkpalai\" \/>\n<script type=\"application\/ld+json\" class=\"yoast-schema-graph\">{\"@context\":\"https:\/\/schema.org\",\"@graph\":[{\"@type\":\"WebPage\",\"@id\":\"https:\/\/talkpal.ai\/no\/talkpal-rabatt-for-universitetsansatte\/\",\"url\":\"https:\/\/talkpal.ai\/no\/talkpal-rabatt-for-universitetsansatte\/\",\"name\":\"Talkpal-rabatt for universitetsansatte - Talkpal\",\"isPartOf\":{\"@id\":\"https:\/\/talkpal.ai\/no\/#website\"},\"datePublished\":\"2025-10-22T22:26:33+00:00\",\"dateModified\":\"2026-02-09T13:38:26+00:00\",\"description\":\"Universitetsansatte f\u00e5r 79 % rabatt p\u00e5 Talkpal for \u00e5 mestre spr\u00e5k med v\u00e5re avanserte AI-l\u00e6ringsverkt\u00f8y.\",\"breadcrumb\":{\"@id\":\"https:\/\/talkpal.ai\/no\/talkpal-rabatt-for-universitetsansatte\/#breadcrumb\"},\"inLanguage\":\"nb-NO\",\"potentialAction\":[{\"@type\":\"ReadAction\",\"target\":[\"https:\/\/talkpal.ai\/no\/talkpal-rabatt-for-universitetsansatte\/\"]}]},{\"@type\":\"BreadcrumbList\",\"@id\":\"https:\/\/talkpal.ai\/no\/talkpal-rabatt-for-universitetsansatte\/#breadcrumb\",\"itemListElement\":[{\"@type\":\"ListItem\",\"position\":1,\"name\":\"Homepage\",\"item\":\"https:\/\/talkpal.ai\/no\/\"},{\"@type\":\"ListItem\",\"position\":2,\"name\":\"Talkpal-rabatt for universitetsansatte\"}]},{\"@type\":\"WebSite\",\"@id\":\"https:\/\/talkpal.ai\/no\/#website\",\"url\":\"https:\/\/talkpal.ai\/no\/\",\"name\":\"Talkpal\",\"description\":\"AI Language Learning\",\"publisher\":{\"@id\":\"https:\/\/talkpal.ai\/no\/#organization\"},\"alternateName\":\"Talkpal AI\",\"potentialAction\":[{\"@type\":\"SearchAction\",\"target\":{\"@type\":\"EntryPoint\",\"urlTemplate\":\"https:\/\/talkpal.ai\/no\/?s={search_term_string}\"},\"query-input\":{\"@type\":\"PropertyValueSpecification\",\"valueRequired\":true,\"valueName\":\"search_term_string\"}}],\"inLanguage\":\"nb-NO\"},{\"@type\":\"Organization\",\"@id\":\"https:\/\/talkpal.ai\/no\/#organization\",\"name\":\"Talkpal, Inc.\",\"alternateName\":\"Talkpal AI\",\"url\":\"https:\/\/talkpal.ai\/no\/\",\"logo\":{\"@type\":\"ImageObject\",\"inLanguage\":\"nb-NO\",\"@id\":\"https:\/\/talkpal.ai\/no\/#\/schema\/logo\/image\/\",\"url\":\"https:\/\/talkpal.ai\/wp-content\/uploads\/2024\/03\/Talkpal-Logo-Icon.png\",\"contentUrl\":\"https:\/\/talkpal.ai\/wp-content\/uploads\/2024\/03\/Talkpal-Logo-Icon.png\",\"width\":2880,\"height\":2880,\"caption\":\"Talkpal, Inc.\"},\"image\":{\"@id\":\"https:\/\/talkpal.ai\/no\/#\/schema\/logo\/image\/\"},\"sameAs\":[\"https:\/\/www.facebook.com\/profile.php?id=100090733639311\",\"https:\/\/x.com\/talkpalai\",\"https:\/\/www.linkedin.com\/company\/talkpal\/\",\"https:\/\/www.youtube.com\/@TalkPal\/\",\"https:\/\/www.tiktok.com\/@talkpal\",\"https:\/\/www.instagram.com\/talkpal_ai\/\",\"https:\/\/www.crunchbase.com\/organization\/talkpal-9cde\",\"https:\/\/www.g2.com\/products\/talkpal-for-business\/\",\"https:\/\/www.trustpilot.com\/review\/talkpal.ai\",\"https:\/\/www.capterra.com\/p\/10006800\/TalkPal\/\"],\"description\":\"Talkpal is a language learning web and mobile education app, powered by the latest AI technologies, that provides engaging experiences to its customers in many different languages to help them improve their language skills. Users can chat about unlimited amount of topics with the app and use other modes to practice their language learning.\",\"email\":\"support@talkpal.ai\",\"legalName\":\"Talkpal, Inc.\",\"foundingDate\":\"2023-04-03\",\"duns\":\"118989042\",\"numberOfEmployees\":{\"@type\":\"QuantitativeValue\",\"minValue\":\"11\",\"maxValue\":\"50\"},\"publishingPrinciples\":\"https:\/\/talkpal.ai\/publishing-principles\/\",\"actionableFeedbackPolicy\":\"https:\/\/talkpal.ai\/actionable-feedback-policy\/\",\"correctionsPolicy\":\"https:\/\/talkpal.ai\/corrections-policy\/\",\"ethicsPolicy\":\"https:\/\/talkpal.ai\/ethics-policy\/\",\"diversityPolicy\":\"https:\/\/talkpal.ai\/diversity-policy\/\",\"diversityStaffingReport\":\"https:\/\/talkpal.ai\/diversity-policy\/\"}]}<\/script>\n<!-- \/ Yoast SEO Premium plugin. -->","yoast_head_json":{"title":"Talkpal-rabatt for universitetsansatte - Talkpal","description":"Universitetsansatte f\u00e5r 79 % rabatt p\u00e5 Talkpal for \u00e5 mestre spr\u00e5k med v\u00e5re avanserte AI-l\u00e6ringsverkt\u00f8y.","robots":{"index":"index","follow":"follow","max-snippet":"max-snippet:-1","max-image-preview":"max-image-preview:large","max-video-preview":"max-video-preview:-1"},"canonical":"https:\/\/talkpal.ai\/no\/talkpal-rabatt-for-universitetsansatte\/","og_locale":"nb_NO","og_type":"article","og_title":"Talkpal-rabatt for universitetsansatte","og_url":"https:\/\/talkpal.ai\/no\/talkpal-rabatt-for-universitetsansatte\/","og_site_name":"Talkpal","article_publisher":"https:\/\/www.facebook.com\/profile.php?id=100090733639311","article_modified_time":"2026-02-09T13:38:26+00:00","og_image":[{"width":2880,"height":1620,"url":"https:\/\/talkpal.ai\/wp-content\/uploads\/2025\/02\/Progress-tab-16_9.png","type":"image\/png"}],"twitter_card":"summary_large_image","twitter_site":"@talkpalai","schema":{"@context":"https:\/\/schema.org","@graph":[{"@type":"WebPage","@id":"https:\/\/talkpal.ai\/no\/talkpal-rabatt-for-universitetsansatte\/","url":"https:\/\/talkpal.ai\/no\/talkpal-rabatt-for-universitetsansatte\/","name":"Talkpal-rabatt for universitetsansatte - Talkpal","isPartOf":{"@id":"https:\/\/talkpal.ai\/no\/#website"},"datePublished":"2025-10-22T22:26:33+00:00","dateModified":"2026-02-09T13:38:26+00:00","description":"Universitetsansatte f\u00e5r 79 % rabatt p\u00e5 Talkpal for \u00e5 mestre spr\u00e5k med v\u00e5re avanserte AI-l\u00e6ringsverkt\u00f8y.","breadcrumb":{"@id":"https:\/\/talkpal.ai\/no\/talkpal-rabatt-for-universitetsansatte\/#breadcrumb"},"inLanguage":"nb-NO","potentialAction":[{"@type":"ReadAction","target":["https:\/\/talkpal.ai\/no\/talkpal-rabatt-for-universitetsansatte\/"]}]},{"@type":"BreadcrumbList","@id":"https:\/\/talkpal.ai\/no\/talkpal-rabatt-for-universitetsansatte\/#breadcrumb","itemListElement":[{"@type":"ListItem","position":1,"name":"Homepage","item":"https:\/\/talkpal.ai\/no\/"},{"@type":"ListItem","position":2,"name":"Talkpal-rabatt for universitetsansatte"}]},{"@type":"WebSite","@id":"https:\/\/talkpal.ai\/no\/#website","url":"https:\/\/talkpal.ai\/no\/","name":"Talkpal","description":"AI Language Learning","publisher":{"@id":"https:\/\/talkpal.ai\/no\/#organization"},"alternateName":"Talkpal AI","potentialAction":[{"@type":"SearchAction","target":{"@type":"EntryPoint","urlTemplate":"https:\/\/talkpal.ai\/no\/?s={search_term_string}"},"query-input":{"@type":"PropertyValueSpecification","valueRequired":true,"valueName":"search_term_string"}}],"inLanguage":"nb-NO"},{"@type":"Organization","@id":"https:\/\/talkpal.ai\/no\/#organization","name":"Talkpal, Inc.","alternateName":"Talkpal AI","url":"https:\/\/talkpal.ai\/no\/","logo":{"@type":"ImageObject","inLanguage":"nb-NO","@id":"https:\/\/talkpal.ai\/no\/#\/schema\/logo\/image\/","url":"https:\/\/talkpal.ai\/wp-content\/uploads\/2024\/03\/Talkpal-Logo-Icon.png","contentUrl":"https:\/\/talkpal.ai\/wp-content\/uploads\/2024\/03\/Talkpal-Logo-Icon.png","width":2880,"height":2880,"caption":"Talkpal, Inc."},"image":{"@id":"https:\/\/talkpal.ai\/no\/#\/schema\/logo\/image\/"},"sameAs":["https:\/\/www.facebook.com\/profile.php?id=100090733639311","https:\/\/x.com\/talkpalai","https:\/\/www.linkedin.com\/company\/talkpal\/","https:\/\/www.youtube.com\/@TalkPal\/","https:\/\/www.tiktok.com\/@talkpal","https:\/\/www.instagram.com\/talkpal_ai\/","https:\/\/www.crunchbase.com\/organization\/talkpal-9cde","https:\/\/www.g2.com\/products\/talkpal-for-business\/","https:\/\/www.trustpilot.com\/review\/talkpal.ai","https:\/\/www.capterra.com\/p\/10006800\/TalkPal\/"],"description":"Talkpal is a language learning web and mobile education app, powered by the latest AI technologies, that provides engaging experiences to its customers in many different languages to help them improve their language skills. Users can chat about unlimited amount of topics with the app and use other modes to practice their language learning.","email":"support@talkpal.ai","legalName":"Talkpal, Inc.","foundingDate":"2023-04-03","duns":"118989042","numberOfEmployees":{"@type":"QuantitativeValue","minValue":"11","maxValue":"50"},"publishingPrinciples":"https:\/\/talkpal.ai\/publishing-principles\/","actionableFeedbackPolicy":"https:\/\/talkpal.ai\/actionable-feedback-policy\/","correctionsPolicy":"https:\/\/talkpal.ai\/corrections-policy\/","ethicsPolicy":"https:\/\/talkpal.ai\/ethics-policy\/","diversityPolicy":"https:\/\/talkpal.ai\/diversity-policy\/","diversityStaffingReport":"https:\/\/talkpal.ai\/diversity-policy\/"}]}},"_links":{"self":[{"href":"https:\/\/talkpal.ai\/no\/wp-json\/wp\/v2\/pages\/1477215","targetHints":{"allow":["GET"]}}],"collection":[{"href":"https:\/\/talkpal.ai\/no\/wp-json\/wp\/v2\/pages"}],"about":[{"href":"https:\/\/talkpal.ai\/no\/wp-json\/wp\/v2\/types\/page"}],"author":[{"embeddable":true,"href":"https:\/\/talkpal.ai\/no\/wp-json\/wp\/v2\/users\/20"}],"replies":[{"embeddable":true,"href":"https:\/\/talkpal.ai\/no\/wp-json\/wp\/v2\/comments?post=1477215"}],"version-history":[{"count":0,"href":"https:\/\/talkpal.ai\/no\/wp-json\/wp\/v2\/pages\/1477215\/revisions"}],"wp:attachment":[{"href":"https:\/\/talkpal.ai\/no\/wp-json\/wp\/v2\/media?parent=1477215"}],"curies":[{"name":"wp","href":"https:\/\/api.w.org\/{rel}","templated":true}]}}