{"id":1477087,"date":"2025-11-12T17:11:45","date_gmt":"2025-11-12T17:11:45","guid":{"rendered":"https:\/\/talkpal.ai\/telugu-grammatikk\/"},"modified":"2025-12-30T11:55:41","modified_gmt":"2025-12-30T11:55:41","slug":"telugu-grammatikk","status":"publish","type":"page","link":"https:\/\/talkpal.ai\/no\/telugu-grammatikk\/","title":{"rendered":"Telugu grammatikk"},"content":{"rendered":"\r\n\r\n\r\n<section class=\"languageChallengeSection\">\r\n    <div class=\"languageInfoWrapper\">\r\n        \r\n        <h1>Telugu grammatikk<\/h1>\r\n        <p><a href=\"https:\/\/talkpal.ai\/telugu-grammar\/\">Telugu-grammatikk<\/a> kan virke utfordrende i begynnelsen, men dens unike egenskaper gj\u00f8r det \u00e5 l\u00e6re spr\u00e5ket til en givende opplevelse. Ved \u00e5 utforske alfabetet, mutasjonene og grammatikkreglene f\u00e5r du innsikt i en rik spr\u00e5ktradisjon. Start reisen og oppdag skj\u00f8nnheten i <a href=\"https:\/\/talkpal.ai\/learn-telugu\/\">Telugu<\/a>!<\/p>\r\n\r\n                            <a class=\"getStartedHidden\" href=\"https:\/\/app.talkpal.ai\/no\/signup?lng=\">Kom i gang<\/a>\r\n        \r\n    <\/div>\r\n\r\n    <figure>\r\n    <img decoding=\"async\" width=\"768\" height=\"768\" src=\"https:\/\/talkpal.ai\/wp-content\/uploads\/2023\/06\/welsh-768x768.png\" class=\"languageImage no-lazy\" alt=\"Language learning for better cognitive abilities\" fetchpriority=\"high\" sizes=\"(max-width: 768px) 150px, 768px\" srcset=\"https:\/\/talkpal.ai\/wp-content\/uploads\/2023\/06\/welsh-768x768.png 768w, https:\/\/talkpal.ai\/wp-content\/uploads\/2023\/06\/welsh-300x300.png 300w\" \/>\r\n    \r\n\r\n    <\/figure>\r\n\r\n            <a class=\"getStartedVisible\" href=\"https:\/\/app.talkpal.ai\/no\/signup?lng=\">Kom i gang<\/a>\r\n    \r\n<\/section><section class=\"promotionalBanner\">\r\n    <p class=\"promotionalText\">Den mest effektive m\u00e5ten \u00e5 l\u00e6re et spr\u00e5k p\u00e5<\/p>\r\n    <a class=\"promotionalLink\" href=\"https:\/\/app.talkpal.ai\/no\/signup?lng=\">Pr\u00f8v Talkpal gratis<\/a>\r\n<\/section>\n<div class=\"wp-block-group pageContainerStyle\"><div class=\"wp-block-group__inner-container is-layout-constrained wp-block-group-is-layout-constrained\">\n<h2 class=\"wp-block-heading\" id=\"h-navigating-the-intricacies-of-telugu-grammar\">Navigere i vanskelighetene med telugu-grammatikk<\/h2>\n\n\n\n<p><a href=\"https:\/\/talkpal.ai\/no\/laer-telugu\/\">Telugu<\/a>, et dravidisk spr\u00e5k med en levende litter\u00e6r tradisjon og kulturell betydning over Andhra Pradesh og Telangana, tilbyr en spennende spr\u00e5klig opplevelse for de som er ivrige etter \u00e5 utforske det unike grammatikksystemet. N\u00e5r du begir deg inn i Telugu-riket, vil du ikke bare berike ditt spr\u00e5klige repertoar, men ogs\u00e5 omfavne en fascinerende kulturreise. Selv om telugu-grammatikk kan virke komplisert i begynnelsen, gj\u00f8r det \u00e5 dele den ned i kjernekomponenter det mer tilgjengelig \u00e5 l\u00e6re spr\u00e5ket. I denne artikkelen vil vi utforske den fengslende verdenen til telugu-grammatikk og gi tips om hvordan du mestrer kompleksiteten.<\/p>\n\n\n\n<h3 class=\"wp-block-heading\" id=\"h-1-telugu-alphabet-and-phonetics\">1. Telugu-alfabetet og fonetikk<\/h3>\n\n\n\n<p>Telugu-skriften har 16 vokaler og 36 konsonanter, sammen med tegn som anusvara og visarga. Det er en abugida, der konsonantsymboler b\u00e6rer en iboende vokal som kan modifiseres av vokaldiakritiske tegn kalt gunintalu. Telugu-fonetikk inkluderer klare lange-korte vokalkontraster og et sett med retroflekse konsonanter. For \u00e5 l\u00e6re telugu-grammatikk er det avgj\u00f8rende \u00e5 bli kjent med dette s\u00e6regne skrivesystemet ved \u00e5 \u00f8ve p\u00e5 \u00e5 lese og skrive p\u00e5 <a href=\"https:\/\/talkpal.ai\/learn-telugu\/\">telugu<\/a>.<\/p>\n\n\n\n<h3 class=\"wp-block-heading\" id=\"h-2-sandhi-and-assimilation-a-notable-telugu-feature\">2. Sandhi og assimilering: En bemerkelsesverdig telugu-funksjon<\/h3>\n\n\n\n<p>En av de mest sl\u00e5ende aspektene ved telugu-grammatikk er bruken av sandhi og fonologisk assimilering, som f\u00e5r lyder til \u00e5 endre seg ved ord- og morfemgrenser. Vokaler kan smelte sammen eller forlenges, og konsonanter kan assimilere eller geminere. \u00c5 forst\u00e5 n\u00e5r og hvordan disse endringene skjer, b\u00e5de i tale og ortografi, er avgj\u00f8rende for n\u00f8yaktig kommunikasjon i telugu.<\/p>\n\n\n\n<h3 class=\"wp-block-heading\" id=\"h-3-nouns-and-pronouns-gender-and-cases\">3. Substantiv og pronomen: Kj\u00f8nn og kasus<\/h3>\n\n\n\n<p>Telugu-substantiver er ikke markert for grammatisk kj\u00f8nn p\u00e5 samme m\u00e5te som noen indoeuropeiske spr\u00e5k, men enighet gjenspeiles i verb og pronomen, som skiller hankj\u00f8nn, hunkj\u00f8nn og intetkj\u00f8nn i tredje person. Flertall dannes vanligvis med suffikset -lu, selv om m\u00f8nstrene varierer etter substantivklasse. Telugu bruker kasussuffikser for \u00e5 markere relasjoner, for eksempel akkusativ -ni, dativ -ki eller -ku, genitiv -di eller -yokka, instrumental -to, lokativ -lo og ablativ -nundi. Pronomen inkluderer personlig (nenu, nuvvu, meeru, atanu, ame, adi), possessiv (naa, nee, maa, me), refleksiv (tanu i ulike funksjoner), demonstrativ (idi, adi, ivvi, avi) og sp\u00f8rrende (emi, evaru, \u0113di). \u00c5 bli kjent med disse skjemaene vil forbedre forst\u00e5elsen av telugu-grammatikk betydelig.<\/p>\n\n\n\n<h3 class=\"wp-block-heading\" id=\"h-4-verbs-structure-and-conjugation\">4. Verb: Struktur og b\u00f8ying<\/h3>\n\n\n\n<p>Telugu-verb er agglutinerende og konjugerte for person, antall og ofte kj\u00f8nn, med tilleggsmarkering for tid, aspekt, hum\u00f8r og h\u00f8flighet. Vanlige tider og aspekter inkluderer fortid, fremtid og den mye brukte n\u00e5tiden progressiv i -tunn- former. Stemning uttrykkes gjennom imperative og betingede former, og h\u00f8flighetsniv\u00e5er er markert med respektfulle avslutninger som -andi. \u00c5 l\u00e6re verbstammene og b\u00f8yningsm\u00f8nstrene vil forbedre din evne til \u00e5 kommunisere effektivt p\u00e5 telugu.<\/p>\n\n\n\n<h3 class=\"wp-block-heading\" id=\"h-5-adjectives-agreement-and-placement\">5. Adjektiver: Avtale og plassering<\/h3>\n\n\n\n<p>I telugu-grammatikk kommer adjektiver vanligvis foran substantivet de endrer og endrer vanligvis ikke form for tall eller kj\u00f8nn. Partisippiale adjektiver og visse l\u00e5nte former kan vise ytterligere morfologi, og sammenligning uttrykkes ofte analytisk ved \u00e5 bruke ord som inka for mer og atyantha eller ch\u0101la for de fleste, med kanna-markeringssammenligning. Disse m\u00f8nstrene er avgj\u00f8rende for \u00e5 l\u00e6re \u00e5 kommunisere mer naturlig.<\/p>\n\n\n\n<p><strong>Eksempler:<\/strong><\/p>\n\n\n\n<p><strong>\u2013 Pedda Prema (stor kj\u00e6rlighet)<\/strong><\/p>\n\n\n\n<p><strong>\u2013 Chinna Pillalu (sm\u00e5 barn)<\/strong><\/p>\n\n\n\n<h3 class=\"wp-block-heading\" id=\"h-6-engaging-with-the-language\">6. Engasjere seg med spr\u00e5ket<\/h3>\n\n\n\n<p>Den mest effektive m\u00e5ten \u00e5 forst\u00e5 og internalisere telugu-grammatikk p\u00e5 er \u00e5 konsekvent engasjere seg i spr\u00e5ket. Ved \u00e5 lese telugu-litteratur, se telugu-filmer eller TV-serier og aktivt kommunisere med morsm\u00e5l, vil du styrke din forst\u00e5else av <a href=\"https:\/\/talkpal.ai\/grammar\/\">grammatikk<\/a> samtidig som du utvider ordforr\u00e5det ditt.<\/p>\n\n\n\n<h3 class=\"wp-block-heading\" id=\"h-conclusion\">Konklusjon<\/h3>\n\n\n\n<p>Selv om telugu-grammatikk kan virke intrikat, kan du bli dyktig i dette vakre spr\u00e5ket med dedikasjon, \u00f8velse og entusiasme. Ved \u00e5 fokusere p\u00e5 de grunnleggende reglene og engasjere deg i spr\u00e5ket p\u00e5 tvers av ulike kontekster, vil du raskt forbedre dine <a href=\"https:\/\/talkpal.ai\/no\/grammatikk\/\">telugu-grammatikkferdigheter<\/a>. Shubhakankshalu (beste hilsener) med din telugu-spr\u00e5kreise, og nyt \u00e5 n\u00f8ste opp den rike og fengslende verdenen av telugu-grammatikk!<\/p>\n<\/div><\/div>\n\r\n<section class=\"learnNavigationSection\">\r\n            \r\n        <a href=\"https:\/\/talkpal.ai\/no\/laer-telugu\/\">\r\n            <div class=\"learnNavigationWrapper\">\r\n                <div class=\"learnNavigationContent\">\r\n                    <img decoding=\"async\" src=\"https:\/\/talkpal.ai\/wp-content\/uploads\/2025\/11\/Telugu.png\" alt=\"Indian Simplified Flag\">\r\n                    <div>\r\n                        <h4>Om Telugu Learning<\/h4>\r\n                        <p>Finn ut alt om telugu-grammatikk.<\/p>\r\n                    <\/div>\r\n                <\/div>\r\n            <\/div>\r\n        <\/a>\r\n\r\n        \r\n        <a href=\"https:\/\/talkpal.ai\/no\/telugu-grammatikkovelser\/\">\r\n            <div class=\"learnNavigationWrapper\">\r\n                <div class=\"learnNavigationContent\">\r\n                    <img decoding=\"async\" src=\"https:\/\/talkpal.ai\/wp-content\/uploads\/2025\/11\/Telugu.png\" alt=\"Indian Simplified Flag\">\r\n                    <div>\r\n                        <h4>Telugu grammatikk\u00f8velse<\/h4>\r\n                        <p>\u00d8v p\u00e5 telugu-grammatikk.<\/p>\r\n                    <\/div>\r\n                <\/div>\r\n            <\/div>\r\n        <\/a>\r\n\r\n            <\/section>","protected":false},"excerpt":{"rendered":"<p>Navigere i vanskelighetene med telugu-grammatikk Telugu, et dravidisk spr\u00e5k med en levende litter\u00e6r tradisjon og kulturell betydning over Andhra Pradesh og Telangana, tilbyr en spennende spr\u00e5klig opplevelse for de som er ivrige etter \u00e5 utforske det unike grammatikksystemet. N\u00e5r du begir deg inn i Telugu-riket, vil du ikke bare berike ditt spr\u00e5klige repertoar, men ogs\u00e5 [&hellip;]<\/p>\n","protected":false},"author":20,"featured_media":0,"parent":0,"menu_order":0,"comment_status":"closed","ping_status":"closed","template":"LearningContentPage.php","meta":{"_acf_changed":false,"footnotes":""},"class_list":["post-1477087","page","type-page","status-publish","hentry"],"acf":[],"yoast_head":"<!-- This site is optimized with the Yoast SEO Premium plugin v27.2 (Yoast SEO v27.2) - https:\/\/yoast.com\/product\/yoast-seo-premium-wordpress\/ -->\n<title>Telugu grammatikk - Talkpal<\/title>\n<meta name=\"description\" content=\"Behersk telugu-grammatikk, inkludert sandhi, kasus og verbb\u00f8yning, med v\u00e5r omfattende guide og interaktive \u00f8velser.\" \/>\n<meta name=\"robots\" content=\"index, follow, max-snippet:-1, max-image-preview:large, max-video-preview:-1\" \/>\n<link rel=\"canonical\" href=\"https:\/\/talkpal.ai\/no\/telugu-grammatikk\/\" \/>\n<meta property=\"og:locale\" content=\"nb_NO\" \/>\n<meta property=\"og:type\" content=\"article\" \/>\n<meta property=\"og:title\" content=\"Telugu grammatikk\" \/>\n<meta property=\"og:description\" content=\"Navigere i vanskelighetene med telugu-grammatikk Telugu, et dravidisk spr\u00e5k med en levende litter\u00e6r tradisjon og kulturell betydning over Andhra Pradesh\" \/>\n<meta property=\"og:url\" content=\"https:\/\/talkpal.ai\/no\/telugu-grammatikk\/\" \/>\n<meta property=\"og:site_name\" content=\"Talkpal\" \/>\n<meta property=\"article:publisher\" content=\"https:\/\/www.facebook.com\/profile.php?id=100090733639311\" \/>\n<meta property=\"article:modified_time\" content=\"2025-12-30T11:55:41+00:00\" \/>\n<meta property=\"og:image\" content=\"https:\/\/talkpal.ai\/wp-content\/uploads\/2025\/02\/Progress-tab-16_9.png\" \/>\n\t<meta property=\"og:image:width\" content=\"2880\" \/>\n\t<meta property=\"og:image:height\" content=\"1620\" \/>\n\t<meta property=\"og:image:type\" content=\"image\/png\" \/>\n<meta name=\"twitter:card\" content=\"summary_large_image\" \/>\n<meta name=\"twitter:site\" content=\"@talkpalai\" \/>\n<meta name=\"twitter:label1\" content=\"Ansl. lesetid\" \/>\n\t<meta name=\"twitter:data1\" content=\"3 minutter\" \/>\n<script type=\"application\/ld+json\" class=\"yoast-schema-graph\">{\"@context\":\"https:\/\/schema.org\",\"@graph\":[{\"@type\":\"WebPage\",\"@id\":\"https:\/\/talkpal.ai\/no\/telugu-grammatikk\/\",\"url\":\"https:\/\/talkpal.ai\/no\/telugu-grammatikk\/\",\"name\":\"Telugu grammatikk - Talkpal\",\"isPartOf\":{\"@id\":\"https:\/\/talkpal.ai\/no\/#website\"},\"datePublished\":\"2025-11-12T17:11:45+00:00\",\"dateModified\":\"2025-12-30T11:55:41+00:00\",\"description\":\"Behersk telugu-grammatikk, inkludert sandhi, kasus og verbb\u00f8yning, med v\u00e5r omfattende guide og interaktive \u00f8velser.\",\"breadcrumb\":{\"@id\":\"https:\/\/talkpal.ai\/no\/telugu-grammatikk\/#breadcrumb\"},\"inLanguage\":\"nb-NO\",\"potentialAction\":[{\"@type\":\"ReadAction\",\"target\":[\"https:\/\/talkpal.ai\/no\/telugu-grammatikk\/\"]}]},{\"@type\":\"BreadcrumbList\",\"@id\":\"https:\/\/talkpal.ai\/no\/telugu-grammatikk\/#breadcrumb\",\"itemListElement\":[{\"@type\":\"ListItem\",\"position\":1,\"name\":\"Homepage\",\"item\":\"https:\/\/talkpal.ai\/no\/\"},{\"@type\":\"ListItem\",\"position\":2,\"name\":\"Telugu grammatikk\"}]},{\"@type\":\"WebSite\",\"@id\":\"https:\/\/talkpal.ai\/no\/#website\",\"url\":\"https:\/\/talkpal.ai\/no\/\",\"name\":\"Talkpal\",\"description\":\"AI Language Learning\",\"publisher\":{\"@id\":\"https:\/\/talkpal.ai\/no\/#organization\"},\"alternateName\":\"Talkpal AI\",\"potentialAction\":[{\"@type\":\"SearchAction\",\"target\":{\"@type\":\"EntryPoint\",\"urlTemplate\":\"https:\/\/talkpal.ai\/no\/?s={search_term_string}\"},\"query-input\":{\"@type\":\"PropertyValueSpecification\",\"valueRequired\":true,\"valueName\":\"search_term_string\"}}],\"inLanguage\":\"nb-NO\"},{\"@type\":\"Organization\",\"@id\":\"https:\/\/talkpal.ai\/no\/#organization\",\"name\":\"Talkpal, Inc.\",\"alternateName\":\"Talkpal AI\",\"url\":\"https:\/\/talkpal.ai\/no\/\",\"logo\":{\"@type\":\"ImageObject\",\"inLanguage\":\"nb-NO\",\"@id\":\"https:\/\/talkpal.ai\/no\/#\/schema\/logo\/image\/\",\"url\":\"https:\/\/talkpal.ai\/wp-content\/uploads\/2024\/03\/Talkpal-Logo-Icon.png\",\"contentUrl\":\"https:\/\/talkpal.ai\/wp-content\/uploads\/2024\/03\/Talkpal-Logo-Icon.png\",\"width\":2880,\"height\":2880,\"caption\":\"Talkpal, Inc.\"},\"image\":{\"@id\":\"https:\/\/talkpal.ai\/no\/#\/schema\/logo\/image\/\"},\"sameAs\":[\"https:\/\/www.facebook.com\/profile.php?id=100090733639311\",\"https:\/\/x.com\/talkpalai\",\"https:\/\/www.linkedin.com\/company\/talkpal\/\",\"https:\/\/www.youtube.com\/@TalkPal\/\",\"https:\/\/www.tiktok.com\/@talkpal\",\"https:\/\/www.instagram.com\/talkpal_ai\/\",\"https:\/\/www.crunchbase.com\/organization\/talkpal-9cde\",\"https:\/\/www.g2.com\/products\/talkpal-for-business\/\",\"https:\/\/www.trustpilot.com\/review\/talkpal.ai\",\"https:\/\/www.capterra.com\/p\/10006800\/TalkPal\/\"],\"description\":\"Talkpal is a language learning web and mobile education app, powered by the latest AI technologies, that provides engaging experiences to its customers in many different languages to help them improve their language skills. Users can chat about unlimited amount of topics with the app and use other modes to practice their language learning.\",\"email\":\"support@talkpal.ai\",\"legalName\":\"Talkpal, Inc.\",\"foundingDate\":\"2023-04-03\",\"duns\":\"118989042\",\"numberOfEmployees\":{\"@type\":\"QuantitativeValue\",\"minValue\":\"11\",\"maxValue\":\"50\"},\"publishingPrinciples\":\"https:\/\/talkpal.ai\/publishing-principles\/\",\"actionableFeedbackPolicy\":\"https:\/\/talkpal.ai\/actionable-feedback-policy\/\",\"correctionsPolicy\":\"https:\/\/talkpal.ai\/corrections-policy\/\",\"ethicsPolicy\":\"https:\/\/talkpal.ai\/ethics-policy\/\",\"diversityPolicy\":\"https:\/\/talkpal.ai\/diversity-policy\/\",\"diversityStaffingReport\":\"https:\/\/talkpal.ai\/diversity-policy\/\"}]}<\/script>\n<!-- \/ Yoast SEO Premium plugin. -->","yoast_head_json":{"title":"Telugu grammatikk - Talkpal","description":"Behersk telugu-grammatikk, inkludert sandhi, kasus og verbb\u00f8yning, med v\u00e5r omfattende guide og interaktive \u00f8velser.","robots":{"index":"index","follow":"follow","max-snippet":"max-snippet:-1","max-image-preview":"max-image-preview:large","max-video-preview":"max-video-preview:-1"},"canonical":"https:\/\/talkpal.ai\/no\/telugu-grammatikk\/","og_locale":"nb_NO","og_type":"article","og_title":"Telugu grammatikk","og_description":"Navigere i vanskelighetene med telugu-grammatikk Telugu, et dravidisk spr\u00e5k med en levende litter\u00e6r tradisjon og kulturell betydning over Andhra Pradesh","og_url":"https:\/\/talkpal.ai\/no\/telugu-grammatikk\/","og_site_name":"Talkpal","article_publisher":"https:\/\/www.facebook.com\/profile.php?id=100090733639311","article_modified_time":"2025-12-30T11:55:41+00:00","og_image":[{"width":2880,"height":1620,"url":"https:\/\/talkpal.ai\/wp-content\/uploads\/2025\/02\/Progress-tab-16_9.png","type":"image\/png"}],"twitter_card":"summary_large_image","twitter_site":"@talkpalai","twitter_misc":{"Ansl. lesetid":"3 minutter"},"schema":{"@context":"https:\/\/schema.org","@graph":[{"@type":"WebPage","@id":"https:\/\/talkpal.ai\/no\/telugu-grammatikk\/","url":"https:\/\/talkpal.ai\/no\/telugu-grammatikk\/","name":"Telugu grammatikk - Talkpal","isPartOf":{"@id":"https:\/\/talkpal.ai\/no\/#website"},"datePublished":"2025-11-12T17:11:45+00:00","dateModified":"2025-12-30T11:55:41+00:00","description":"Behersk telugu-grammatikk, inkludert sandhi, kasus og verbb\u00f8yning, med v\u00e5r omfattende guide og interaktive \u00f8velser.","breadcrumb":{"@id":"https:\/\/talkpal.ai\/no\/telugu-grammatikk\/#breadcrumb"},"inLanguage":"nb-NO","potentialAction":[{"@type":"ReadAction","target":["https:\/\/talkpal.ai\/no\/telugu-grammatikk\/"]}]},{"@type":"BreadcrumbList","@id":"https:\/\/talkpal.ai\/no\/telugu-grammatikk\/#breadcrumb","itemListElement":[{"@type":"ListItem","position":1,"name":"Homepage","item":"https:\/\/talkpal.ai\/no\/"},{"@type":"ListItem","position":2,"name":"Telugu grammatikk"}]},{"@type":"WebSite","@id":"https:\/\/talkpal.ai\/no\/#website","url":"https:\/\/talkpal.ai\/no\/","name":"Talkpal","description":"AI Language Learning","publisher":{"@id":"https:\/\/talkpal.ai\/no\/#organization"},"alternateName":"Talkpal AI","potentialAction":[{"@type":"SearchAction","target":{"@type":"EntryPoint","urlTemplate":"https:\/\/talkpal.ai\/no\/?s={search_term_string}"},"query-input":{"@type":"PropertyValueSpecification","valueRequired":true,"valueName":"search_term_string"}}],"inLanguage":"nb-NO"},{"@type":"Organization","@id":"https:\/\/talkpal.ai\/no\/#organization","name":"Talkpal, Inc.","alternateName":"Talkpal AI","url":"https:\/\/talkpal.ai\/no\/","logo":{"@type":"ImageObject","inLanguage":"nb-NO","@id":"https:\/\/talkpal.ai\/no\/#\/schema\/logo\/image\/","url":"https:\/\/talkpal.ai\/wp-content\/uploads\/2024\/03\/Talkpal-Logo-Icon.png","contentUrl":"https:\/\/talkpal.ai\/wp-content\/uploads\/2024\/03\/Talkpal-Logo-Icon.png","width":2880,"height":2880,"caption":"Talkpal, Inc."},"image":{"@id":"https:\/\/talkpal.ai\/no\/#\/schema\/logo\/image\/"},"sameAs":["https:\/\/www.facebook.com\/profile.php?id=100090733639311","https:\/\/x.com\/talkpalai","https:\/\/www.linkedin.com\/company\/talkpal\/","https:\/\/www.youtube.com\/@TalkPal\/","https:\/\/www.tiktok.com\/@talkpal","https:\/\/www.instagram.com\/talkpal_ai\/","https:\/\/www.crunchbase.com\/organization\/talkpal-9cde","https:\/\/www.g2.com\/products\/talkpal-for-business\/","https:\/\/www.trustpilot.com\/review\/talkpal.ai","https:\/\/www.capterra.com\/p\/10006800\/TalkPal\/"],"description":"Talkpal is a language learning web and mobile education app, powered by the latest AI technologies, that provides engaging experiences to its customers in many different languages to help them improve their language skills. Users can chat about unlimited amount of topics with the app and use other modes to practice their language learning.","email":"support@talkpal.ai","legalName":"Talkpal, Inc.","foundingDate":"2023-04-03","duns":"118989042","numberOfEmployees":{"@type":"QuantitativeValue","minValue":"11","maxValue":"50"},"publishingPrinciples":"https:\/\/talkpal.ai\/publishing-principles\/","actionableFeedbackPolicy":"https:\/\/talkpal.ai\/actionable-feedback-policy\/","correctionsPolicy":"https:\/\/talkpal.ai\/corrections-policy\/","ethicsPolicy":"https:\/\/talkpal.ai\/ethics-policy\/","diversityPolicy":"https:\/\/talkpal.ai\/diversity-policy\/","diversityStaffingReport":"https:\/\/talkpal.ai\/diversity-policy\/"}]}},"_links":{"self":[{"href":"https:\/\/talkpal.ai\/no\/wp-json\/wp\/v2\/pages\/1477087","targetHints":{"allow":["GET"]}}],"collection":[{"href":"https:\/\/talkpal.ai\/no\/wp-json\/wp\/v2\/pages"}],"about":[{"href":"https:\/\/talkpal.ai\/no\/wp-json\/wp\/v2\/types\/page"}],"author":[{"embeddable":true,"href":"https:\/\/talkpal.ai\/no\/wp-json\/wp\/v2\/users\/20"}],"replies":[{"embeddable":true,"href":"https:\/\/talkpal.ai\/no\/wp-json\/wp\/v2\/comments?post=1477087"}],"version-history":[{"count":0,"href":"https:\/\/talkpal.ai\/no\/wp-json\/wp\/v2\/pages\/1477087\/revisions"}],"wp:attachment":[{"href":"https:\/\/talkpal.ai\/no\/wp-json\/wp\/v2\/media?parent=1477087"}],"curies":[{"name":"wp","href":"https:\/\/api.w.org\/{rel}","templated":true}]}}