{"id":1477027,"date":"2025-11-12T16:46:50","date_gmt":"2025-11-12T16:46:50","guid":{"rendered":"https:\/\/talkpal.ai\/singalesiske-grammatikkovelser\/"},"modified":"2025-12-30T11:07:12","modified_gmt":"2025-12-30T11:07:12","slug":"singalesiske-grammatikkovelser","status":"publish","type":"page","link":"https:\/\/talkpal.ai\/no\/singalesiske-grammatikkovelser\/","title":{"rendered":"Singalesiske grammatikk\u00f8velser"},"content":{"rendered":"\r\n\r\n\r\n<section class=\"languageChallengeSection\">\r\n    <div class=\"languageInfoWrapper\">\r\n        \r\n        <h1>Singalesiske grammatikk\u00f8velser<\/h1>\r\n        <p>Klar til \u00e5 dykke ned i <a href=\"https:\/\/talkpal.ai\/learn-sinhala\/\">singalesisk<\/a> grammatikk? Ved \u00e5 \u00f8ve deg p\u00e5 noen grunnleggende ting kan du bli fortrolig med dette unike og vakre spr\u00e5ket. Pr\u00f8v disse \u00f8velsene for \u00e5 bygge selvtillit og ha det g\u00f8y underveis!<\/p>\r\n\r\n                            <a class=\"getStartedHidden\" href=\"https:\/\/app.talkpal.ai\/no\/signup?lng=\">Kom i gang<\/a>\r\n        \r\n    <\/div>\r\n\r\n    <figure>\r\n    <img decoding=\"async\" width=\"768\" height=\"768\" src=\"https:\/\/talkpal.ai\/wp-content\/uploads\/2023\/06\/welsh-768x768.png\" class=\"languageImage no-lazy\" alt=\"Language learning for better cognitive abilities\" fetchpriority=\"high\" sizes=\"(max-width: 768px) 150px, 768px\" srcset=\"https:\/\/talkpal.ai\/wp-content\/uploads\/2023\/06\/welsh-768x768.png 768w, https:\/\/talkpal.ai\/wp-content\/uploads\/2023\/06\/welsh-300x300.png 300w\" \/>\r\n    \r\n\r\n    <\/figure>\r\n\r\n            <a class=\"getStartedVisible\" href=\"https:\/\/app.talkpal.ai\/no\/signup?lng=\">Kom i gang<\/a>\r\n    \r\n<\/section><section class=\"promotionalBanner\">\r\n    <p class=\"promotionalText\">Den mest effektive m\u00e5ten \u00e5 l\u00e6re et spr\u00e5k p\u00e5<\/p>\r\n    <a class=\"promotionalLink\" href=\"https:\/\/app.talkpal.ai\/no\/signup?lng=\">Pr\u00f8v Talkpal gratis<\/a>\r\n<\/section>\n<div class=\"wp-block-group pageContainerStyle\"><div class=\"wp-block-group__inner-container is-layout-constrained wp-block-group-is-layout-constrained\">\n<h2 class=\"wp-block-heading\" id=\"h-sinhala-grammar-topics\">Singalesiske grammatikkemner<\/h2>\n\n\n\n<p><a href=\"https:\/\/talkpal.ai\/no\/de-storste-feilene-du-bor-unnga-nar-du-skal-laere-et-nytt-sprak\/\">\u00c5 l\u00e6re et nytt spr\u00e5k<\/a> kan v\u00e6re en utfordrende, men givende innsats. <a href=\"https:\/\/talkpal.ai\/learn-sinhala\/\">Singalesisk<\/a>, et indoarisk spr\u00e5k som hovedsakelig snakkes p\u00e5 Sri Lanka, er intet unntak. Med sine unike egenskaper og strukturer krever <a href=\"https:\/\/talkpal.ai\/no\/talkpal-for-utdanning\/\">det \u00e5 l\u00e6re<\/a> singalesisk en systematisk tiln\u00e6rming til \u00e5 forst\u00e5 grammatikken. Denne veiledningen skisserer n\u00f8kkelomr\u00e5dene i <a href=\"https:\/\/talkpal.ai\/no\/singalesisk-grammatikk\/\">singalesisk grammatikk<\/a> i en logisk rekkef\u00f8lge for <a href=\"https:\/\/talkpal.ai\/no\/talkpal-for-utdanning\/\">spr\u00e5kl\u00e6ring<\/a>, fra det grunnleggende som substantiver og artikler, og g\u00e5r videre til mer komplekse omr\u00e5der som tider og setningskonstruksjon.<\/p>\n\n\n\n<h3 class=\"wp-block-heading\" id=\"h-1-nouns\">1. Substantiv:<\/h3>\n\n\n\n<p>Begynn din singalesiske spr\u00e5kreise med \u00e5 l\u00e6re substantivene. Dette inkluderer \u00e5 forst\u00e5 de ulike kategoriene av substantiver, som vanlige og egennavn, samt deres flertallsformer og hvordan antall og bestemthet uttrykkes i sammenheng.<\/p>\n\n\n\n<h3 class=\"wp-block-heading\" id=\"h-2-articles\">2. Artikler:<\/h3>\n\n\n\n<p>Singalesisk bruker ikke bestemte eller ubestemte artikler p\u00e5 samme m\u00e5te som <a href=\"https:\/\/talkpal.ai\/ai-english-speaking-practice\/\">engelsk<\/a>. Ubestemthet med telle substantiver vises ofte med et suffiks som -ek eller -ak, mens definititet vanligvis indikeres av kontekst og partikler som den spesifikke objektmark\u00f8ren -wa.<\/p>\n\n\n\n<h3 class=\"wp-block-heading\" id=\"h-3-adjectives\">3. Adjektiver:<\/h3>\n\n\n\n<p>Adjektiver p\u00e5 singalesisk kommer vanligvis f\u00f8r substantivene de endrer. De endres vanligvis ikke for antall eller kj\u00f8nn. L\u00e6r hvordan du danner komparativer med wada som betyr flere og vanlige m\u00e5ter \u00e5 uttrykke superlativet p\u00e5, ofte med <a href=\"https:\/\/talkpal.ai\/locations\/language-courses-in-tama\/\">tama<\/a> og uthevingsmark\u00f8rer.<\/p>\n\n\n\n<h3 class=\"wp-block-heading\" id=\"h-4-pronouns-determiners\">4. Pronomen\/bestemmere:<\/h3>\n\n\n\n<p>Pronomen og determinanter er essensielle p\u00e5 singalesisk; de gjenspeiler person, antall og niv\u00e5er av h\u00f8flighet eller \u00e6resbetegnelser. Besettelse vises vanligvis med genitivmark\u00f8ren -ge. Demonstrativer som dette og det og kvantifikatorer hjelper til med \u00e5 spesifisere referanse og mengde.<\/p>\n\n\n\n<h3 class=\"wp-block-heading\" id=\"h-5-verbs\">5. Verb:<\/h3>\n\n\n\n<p>Singalesiske verb endrer form i henhold til tid, polaritet og noen ganger h\u00f8flighet, i stedet for person eller tall. Start med n\u00e5tidsformene som brukes i dagligtalen, utforsk deretter fortid og fremtid, samt imperativer og negativer.<\/p>\n\n\n\n<h3 class=\"wp-block-heading\" id=\"h-6-tenses\">6. Tider:<\/h3>\n\n\n\n<p>Etter \u00e5 ha mestret verbformene, dykk dypere inn i singalesiske tider. Fokuser p\u00e5 n\u00e5tid, fortid og fremtid, og l\u00e6r hvordan perfekte betydninger bygges med hjelpemidler som tiyenawa har og inna v\u00e6re i dagligdags bruk.<\/p>\n\n\n\n<h3 class=\"wp-block-heading\" id=\"h-7-tense-comparison\">7. Anspent sammenligning:<\/h3>\n\n\n\n<p>\u00c5 sammenligne tider p\u00e5 singalesisk hjelper til med \u00e5 forst\u00e5 rekkef\u00f8lgen og aspektet av hendelser. \u00c5 bruke det samme verbet p\u00e5 tvers av n\u00e5tid, fortid, fremtid og perfekt-lignende konstruksjoner vil klargj\u00f8re hvordan singalesisk uttrykker tid og fullf\u00f8ring.<\/p>\n\n\n\n<h3 class=\"wp-block-heading\" id=\"h-8-progressive\">8. Progressiv:<\/h3>\n\n\n\n<p>Den progressive p\u00e5 singalesisk uttrykker p\u00e5g\u00e5ende handlinger. Det er vanligvis dannet med -min partisipp pluss verbet inna \u00e5 v\u00e6re, og i dagligtale formidler presensformen med -nawa ofte ogs\u00e5 en p\u00e5g\u00e5ende betydning.<\/p>\n\n\n\n<h3 class=\"wp-block-heading\" id=\"h-9-perfect-progressive\">9. Perfekt progressiv:<\/h3>\n\n\n\n<p>Dette brukes til \u00e5 uttrykke handlinger som har p\u00e5g\u00e5tt frem til et bestemt punkt. Singalesisk formidler ofte dette med kombinasjoner som partisipp + inna for et fortsatt resultat eller partisipp + tiyenawa for \u00e5 vise en kontinuerlig tilstand frem til n\u00e5, avhengig av kontekst.<\/p>\n\n\n\n<h3 class=\"wp-block-heading\" id=\"h-10-conditionals\">10. Betingelser:<\/h3>\n\n\n\n<p>Betingelser uttrykker hypotetiske situasjoner og deres mulige utfall. Singalesisk bruker partikler som nam eller nang og betingede verbm\u00f8nstre for \u00e5 markere reelle, hypotetiske og kontrafaktiske forhold.<\/p>\n\n\n\n<h3 class=\"wp-block-heading\" id=\"h-11-adverbs\">11. Adverb:<\/h3>\n\n\n\n<p>Adverb p\u00e5 singalesisk modifiserer verb, adjektiver eller andre adverb. Mange er dannet med instrumentmark\u00f8ren -in for \u00e5 indikere m\u00e5te, og det er dedikerte ord for tid, sted, grad og frekvens.<\/p>\n\n\n\n<h3 class=\"wp-block-heading\" id=\"h-12-prepositions\">12. Preposisjoner:<\/h3>\n\n\n\n<p>Singalesisk bruker f\u00f8rst og fremst postposisjoner og kasuspartikler i stedet for preposisjoner. Forholdet mellom tid, sted, retning og andre koblinger uttrykkes med mark\u00f8rer som -\u1e6da dativ, -ge genitiv, -i instrumental og lokativ form.<\/p>\n\n\n\n<h3 class=\"wp-block-heading\" id=\"h-13-sentences\">13. Setninger:<\/h3>\n\n\n\n<p>Til slutt trener du p\u00e5 \u00e5 konstruere setninger. Singalesisk f\u00f8lger vanligvis en ordrekkef\u00f8lge for subjekt, objekt, verb, og er avhengig av partikler for sp\u00f8rsm\u00e5l og vektlegging. Dette vil inneb\u00e6re \u00e5 bruke alle de tidligere l\u00e6rte grammatikkpunktene i kontekst, og sikre en omfattende forst\u00e5else av det singalesiske spr\u00e5ket.<\/p>\n<\/div><\/div>\n\r\n<section class=\"learnNavigationSection\">\r\n            \r\n        <a href=\"https:\/\/talkpal.ai\/no\/laer-singalesisk\/\">\r\n            <div class=\"learnNavigationWrapper\">\r\n                <div class=\"learnNavigationContent\">\r\n                    <img decoding=\"async\" src=\"https:\/\/talkpal.ai\/wp-content\/uploads\/2025\/11\/Sinhala.png\" alt=\"Sri Lankan Flag\">\r\n                    <div>\r\n                        <h4>Om singalesisk l\u00e6ring<\/h4>\r\n                        <p>Finn ut alt om singalesisk grammatikk.<\/p>\r\n                    <\/div>\r\n                <\/div>\r\n            <\/div>\r\n        <\/a>\r\n\r\n        \r\n        <a href=\"https:\/\/talkpal.ai\/no\/singalesisk-grammatikk\/\">\r\n            <div class=\"learnNavigationWrapper\">\r\n                <div class=\"learnNavigationContent\">\r\n                    <img decoding=\"async\" src=\"https:\/\/talkpal.ai\/wp-content\/uploads\/2025\/11\/Sinhala.png\" alt=\"Sri Lankan Flag\">\r\n                    <div>\r\n                        <h4>Singalesisk grammatikk leksjoner<\/h4>\r\n                        <p>\u00d8v p\u00e5 singalesisk grammatikk.<\/p>\r\n                    <\/div>\r\n                <\/div>\r\n            <\/div>\r\n        <\/a>\r\n\r\n            <\/section>","protected":false},"excerpt":{"rendered":"<p>Singalesiske grammatikkemner \u00c5 l\u00e6re et nytt spr\u00e5k kan v\u00e6re en utfordrende, men givende innsats. Singalesisk, et indoarisk spr\u00e5k som hovedsakelig snakkes p\u00e5 Sri Lanka, er intet unntak. Med sine unike egenskaper og strukturer krever det \u00e5 l\u00e6re singalesisk en systematisk tiln\u00e6rming til \u00e5 forst\u00e5 grammatikken. Denne veiledningen skisserer n\u00f8kkelomr\u00e5dene i singalesisk grammatikk i en logisk [&hellip;]<\/p>\n","protected":false},"author":20,"featured_media":0,"parent":0,"menu_order":0,"comment_status":"closed","ping_status":"closed","template":"LearningContentPage.php","meta":{"_acf_changed":false,"footnotes":""},"class_list":["post-1477027","page","type-page","status-publish","hentry"],"acf":[],"yoast_head":"<!-- This site is optimized with the Yoast SEO Premium plugin v27.2 (Yoast SEO v27.2) - https:\/\/yoast.com\/product\/yoast-seo-premium-wordpress\/ -->\n<title>Singalesiske grammatikk\u00f8velser - Talkpal<\/title>\n<meta name=\"description\" content=\"Mestre singalesisk grammatikk med interaktive \u00f8velser som dekker substantiv, verb og tempus for \u00e5 forbedre spr\u00e5kkunnskapene dine p\u00e5 en effektiv m\u00e5te.\" \/>\n<meta name=\"robots\" content=\"index, follow, max-snippet:-1, max-image-preview:large, max-video-preview:-1\" \/>\n<link rel=\"canonical\" href=\"https:\/\/talkpal.ai\/no\/singalesiske-grammatikkovelser\/\" \/>\n<meta property=\"og:locale\" content=\"nb_NO\" \/>\n<meta property=\"og:type\" content=\"article\" \/>\n<meta property=\"og:title\" content=\"Singalesiske grammatikk\u00f8velser\" \/>\n<meta property=\"og:description\" content=\"Singalesiske grammatikkemner \u00c5 l\u00e6re et nytt spr\u00e5k kan v\u00e6re en utfordrende, men givende innsats. Singalesisk, et indoarisk spr\u00e5k som hovedsakelig snakkes\" \/>\n<meta property=\"og:url\" content=\"https:\/\/talkpal.ai\/no\/singalesiske-grammatikkovelser\/\" \/>\n<meta property=\"og:site_name\" content=\"Talkpal\" \/>\n<meta property=\"article:publisher\" content=\"https:\/\/www.facebook.com\/profile.php?id=100090733639311\" \/>\n<meta property=\"article:modified_time\" content=\"2025-12-30T11:07:12+00:00\" \/>\n<meta property=\"og:image\" content=\"https:\/\/talkpal.ai\/wp-content\/uploads\/2025\/02\/Progress-tab-16_9.png\" \/>\n\t<meta property=\"og:image:width\" content=\"2880\" \/>\n\t<meta property=\"og:image:height\" content=\"1620\" \/>\n\t<meta property=\"og:image:type\" content=\"image\/png\" \/>\n<meta name=\"twitter:card\" content=\"summary_large_image\" \/>\n<meta name=\"twitter:site\" content=\"@talkpalai\" \/>\n<meta name=\"twitter:label1\" content=\"Ansl. lesetid\" \/>\n\t<meta name=\"twitter:data1\" content=\"3 minutter\" \/>\n<script type=\"application\/ld+json\" class=\"yoast-schema-graph\">{\"@context\":\"https:\/\/schema.org\",\"@graph\":[{\"@type\":\"WebPage\",\"@id\":\"https:\/\/talkpal.ai\/no\/singalesiske-grammatikkovelser\/\",\"url\":\"https:\/\/talkpal.ai\/no\/singalesiske-grammatikkovelser\/\",\"name\":\"Singalesiske grammatikk\u00f8velser - Talkpal\",\"isPartOf\":{\"@id\":\"https:\/\/talkpal.ai\/no\/#website\"},\"datePublished\":\"2025-11-12T16:46:50+00:00\",\"dateModified\":\"2025-12-30T11:07:12+00:00\",\"description\":\"Mestre singalesisk grammatikk med interaktive \u00f8velser som dekker substantiv, verb og tempus for \u00e5 forbedre spr\u00e5kkunnskapene dine p\u00e5 en effektiv m\u00e5te.\",\"breadcrumb\":{\"@id\":\"https:\/\/talkpal.ai\/no\/singalesiske-grammatikkovelser\/#breadcrumb\"},\"inLanguage\":\"nb-NO\",\"potentialAction\":[{\"@type\":\"ReadAction\",\"target\":[\"https:\/\/talkpal.ai\/no\/singalesiske-grammatikkovelser\/\"]}]},{\"@type\":\"BreadcrumbList\",\"@id\":\"https:\/\/talkpal.ai\/no\/singalesiske-grammatikkovelser\/#breadcrumb\",\"itemListElement\":[{\"@type\":\"ListItem\",\"position\":1,\"name\":\"Homepage\",\"item\":\"https:\/\/talkpal.ai\/no\/\"},{\"@type\":\"ListItem\",\"position\":2,\"name\":\"Singalesiske grammatikk\u00f8velser\"}]},{\"@type\":\"WebSite\",\"@id\":\"https:\/\/talkpal.ai\/no\/#website\",\"url\":\"https:\/\/talkpal.ai\/no\/\",\"name\":\"Talkpal\",\"description\":\"AI Language Learning\",\"publisher\":{\"@id\":\"https:\/\/talkpal.ai\/no\/#organization\"},\"alternateName\":\"Talkpal AI\",\"potentialAction\":[{\"@type\":\"SearchAction\",\"target\":{\"@type\":\"EntryPoint\",\"urlTemplate\":\"https:\/\/talkpal.ai\/no\/?s={search_term_string}\"},\"query-input\":{\"@type\":\"PropertyValueSpecification\",\"valueRequired\":true,\"valueName\":\"search_term_string\"}}],\"inLanguage\":\"nb-NO\"},{\"@type\":\"Organization\",\"@id\":\"https:\/\/talkpal.ai\/no\/#organization\",\"name\":\"Talkpal, Inc.\",\"alternateName\":\"Talkpal AI\",\"url\":\"https:\/\/talkpal.ai\/no\/\",\"logo\":{\"@type\":\"ImageObject\",\"inLanguage\":\"nb-NO\",\"@id\":\"https:\/\/talkpal.ai\/no\/#\/schema\/logo\/image\/\",\"url\":\"https:\/\/talkpal.ai\/wp-content\/uploads\/2024\/03\/Talkpal-Logo-Icon.png\",\"contentUrl\":\"https:\/\/talkpal.ai\/wp-content\/uploads\/2024\/03\/Talkpal-Logo-Icon.png\",\"width\":2880,\"height\":2880,\"caption\":\"Talkpal, Inc.\"},\"image\":{\"@id\":\"https:\/\/talkpal.ai\/no\/#\/schema\/logo\/image\/\"},\"sameAs\":[\"https:\/\/www.facebook.com\/profile.php?id=100090733639311\",\"https:\/\/x.com\/talkpalai\",\"https:\/\/www.linkedin.com\/company\/talkpal\/\",\"https:\/\/www.youtube.com\/@TalkPal\/\",\"https:\/\/www.tiktok.com\/@talkpal\",\"https:\/\/www.instagram.com\/talkpal_ai\/\",\"https:\/\/www.crunchbase.com\/organization\/talkpal-9cde\",\"https:\/\/www.g2.com\/products\/talkpal-for-business\/\",\"https:\/\/www.trustpilot.com\/review\/talkpal.ai\",\"https:\/\/www.capterra.com\/p\/10006800\/TalkPal\/\"],\"description\":\"Talkpal is a language learning web and mobile education app, powered by the latest AI technologies, that provides engaging experiences to its customers in many different languages to help them improve their language skills. Users can chat about unlimited amount of topics with the app and use other modes to practice their language learning.\",\"email\":\"support@talkpal.ai\",\"legalName\":\"Talkpal, Inc.\",\"foundingDate\":\"2023-04-03\",\"duns\":\"118989042\",\"numberOfEmployees\":{\"@type\":\"QuantitativeValue\",\"minValue\":\"11\",\"maxValue\":\"50\"},\"publishingPrinciples\":\"https:\/\/talkpal.ai\/publishing-principles\/\",\"actionableFeedbackPolicy\":\"https:\/\/talkpal.ai\/actionable-feedback-policy\/\",\"correctionsPolicy\":\"https:\/\/talkpal.ai\/corrections-policy\/\",\"ethicsPolicy\":\"https:\/\/talkpal.ai\/ethics-policy\/\",\"diversityPolicy\":\"https:\/\/talkpal.ai\/diversity-policy\/\",\"diversityStaffingReport\":\"https:\/\/talkpal.ai\/diversity-policy\/\"}]}<\/script>\n<!-- \/ Yoast SEO Premium plugin. -->","yoast_head_json":{"title":"Singalesiske grammatikk\u00f8velser - Talkpal","description":"Mestre singalesisk grammatikk med interaktive \u00f8velser som dekker substantiv, verb og tempus for \u00e5 forbedre spr\u00e5kkunnskapene dine p\u00e5 en effektiv m\u00e5te.","robots":{"index":"index","follow":"follow","max-snippet":"max-snippet:-1","max-image-preview":"max-image-preview:large","max-video-preview":"max-video-preview:-1"},"canonical":"https:\/\/talkpal.ai\/no\/singalesiske-grammatikkovelser\/","og_locale":"nb_NO","og_type":"article","og_title":"Singalesiske grammatikk\u00f8velser","og_description":"Singalesiske grammatikkemner \u00c5 l\u00e6re et nytt spr\u00e5k kan v\u00e6re en utfordrende, men givende innsats. Singalesisk, et indoarisk spr\u00e5k som hovedsakelig snakkes","og_url":"https:\/\/talkpal.ai\/no\/singalesiske-grammatikkovelser\/","og_site_name":"Talkpal","article_publisher":"https:\/\/www.facebook.com\/profile.php?id=100090733639311","article_modified_time":"2025-12-30T11:07:12+00:00","og_image":[{"width":2880,"height":1620,"url":"https:\/\/talkpal.ai\/wp-content\/uploads\/2025\/02\/Progress-tab-16_9.png","type":"image\/png"}],"twitter_card":"summary_large_image","twitter_site":"@talkpalai","twitter_misc":{"Ansl. lesetid":"3 minutter"},"schema":{"@context":"https:\/\/schema.org","@graph":[{"@type":"WebPage","@id":"https:\/\/talkpal.ai\/no\/singalesiske-grammatikkovelser\/","url":"https:\/\/talkpal.ai\/no\/singalesiske-grammatikkovelser\/","name":"Singalesiske grammatikk\u00f8velser - Talkpal","isPartOf":{"@id":"https:\/\/talkpal.ai\/no\/#website"},"datePublished":"2025-11-12T16:46:50+00:00","dateModified":"2025-12-30T11:07:12+00:00","description":"Mestre singalesisk grammatikk med interaktive \u00f8velser som dekker substantiv, verb og tempus for \u00e5 forbedre spr\u00e5kkunnskapene dine p\u00e5 en effektiv m\u00e5te.","breadcrumb":{"@id":"https:\/\/talkpal.ai\/no\/singalesiske-grammatikkovelser\/#breadcrumb"},"inLanguage":"nb-NO","potentialAction":[{"@type":"ReadAction","target":["https:\/\/talkpal.ai\/no\/singalesiske-grammatikkovelser\/"]}]},{"@type":"BreadcrumbList","@id":"https:\/\/talkpal.ai\/no\/singalesiske-grammatikkovelser\/#breadcrumb","itemListElement":[{"@type":"ListItem","position":1,"name":"Homepage","item":"https:\/\/talkpal.ai\/no\/"},{"@type":"ListItem","position":2,"name":"Singalesiske grammatikk\u00f8velser"}]},{"@type":"WebSite","@id":"https:\/\/talkpal.ai\/no\/#website","url":"https:\/\/talkpal.ai\/no\/","name":"Talkpal","description":"AI Language Learning","publisher":{"@id":"https:\/\/talkpal.ai\/no\/#organization"},"alternateName":"Talkpal AI","potentialAction":[{"@type":"SearchAction","target":{"@type":"EntryPoint","urlTemplate":"https:\/\/talkpal.ai\/no\/?s={search_term_string}"},"query-input":{"@type":"PropertyValueSpecification","valueRequired":true,"valueName":"search_term_string"}}],"inLanguage":"nb-NO"},{"@type":"Organization","@id":"https:\/\/talkpal.ai\/no\/#organization","name":"Talkpal, Inc.","alternateName":"Talkpal AI","url":"https:\/\/talkpal.ai\/no\/","logo":{"@type":"ImageObject","inLanguage":"nb-NO","@id":"https:\/\/talkpal.ai\/no\/#\/schema\/logo\/image\/","url":"https:\/\/talkpal.ai\/wp-content\/uploads\/2024\/03\/Talkpal-Logo-Icon.png","contentUrl":"https:\/\/talkpal.ai\/wp-content\/uploads\/2024\/03\/Talkpal-Logo-Icon.png","width":2880,"height":2880,"caption":"Talkpal, Inc."},"image":{"@id":"https:\/\/talkpal.ai\/no\/#\/schema\/logo\/image\/"},"sameAs":["https:\/\/www.facebook.com\/profile.php?id=100090733639311","https:\/\/x.com\/talkpalai","https:\/\/www.linkedin.com\/company\/talkpal\/","https:\/\/www.youtube.com\/@TalkPal\/","https:\/\/www.tiktok.com\/@talkpal","https:\/\/www.instagram.com\/talkpal_ai\/","https:\/\/www.crunchbase.com\/organization\/talkpal-9cde","https:\/\/www.g2.com\/products\/talkpal-for-business\/","https:\/\/www.trustpilot.com\/review\/talkpal.ai","https:\/\/www.capterra.com\/p\/10006800\/TalkPal\/"],"description":"Talkpal is a language learning web and mobile education app, powered by the latest AI technologies, that provides engaging experiences to its customers in many different languages to help them improve their language skills. Users can chat about unlimited amount of topics with the app and use other modes to practice their language learning.","email":"support@talkpal.ai","legalName":"Talkpal, Inc.","foundingDate":"2023-04-03","duns":"118989042","numberOfEmployees":{"@type":"QuantitativeValue","minValue":"11","maxValue":"50"},"publishingPrinciples":"https:\/\/talkpal.ai\/publishing-principles\/","actionableFeedbackPolicy":"https:\/\/talkpal.ai\/actionable-feedback-policy\/","correctionsPolicy":"https:\/\/talkpal.ai\/corrections-policy\/","ethicsPolicy":"https:\/\/talkpal.ai\/ethics-policy\/","diversityPolicy":"https:\/\/talkpal.ai\/diversity-policy\/","diversityStaffingReport":"https:\/\/talkpal.ai\/diversity-policy\/"}]}},"_links":{"self":[{"href":"https:\/\/talkpal.ai\/no\/wp-json\/wp\/v2\/pages\/1477027","targetHints":{"allow":["GET"]}}],"collection":[{"href":"https:\/\/talkpal.ai\/no\/wp-json\/wp\/v2\/pages"}],"about":[{"href":"https:\/\/talkpal.ai\/no\/wp-json\/wp\/v2\/types\/page"}],"author":[{"embeddable":true,"href":"https:\/\/talkpal.ai\/no\/wp-json\/wp\/v2\/users\/20"}],"replies":[{"embeddable":true,"href":"https:\/\/talkpal.ai\/no\/wp-json\/wp\/v2\/comments?post=1477027"}],"version-history":[{"count":0,"href":"https:\/\/talkpal.ai\/no\/wp-json\/wp\/v2\/pages\/1477027\/revisions"}],"wp:attachment":[{"href":"https:\/\/talkpal.ai\/no\/wp-json\/wp\/v2\/media?parent=1477027"}],"curies":[{"name":"wp","href":"https:\/\/api.w.org\/{rel}","templated":true}]}}