{"id":1476976,"date":"2025-11-12T16:31:52","date_gmt":"2025-11-12T16:31:52","guid":{"rendered":"https:\/\/talkpal.ai\/punjabi-grammatikk\/"},"modified":"2025-12-30T11:35:06","modified_gmt":"2025-12-30T11:35:06","slug":"punjabi-grammatikk","status":"publish","type":"page","link":"https:\/\/talkpal.ai\/no\/punjabi-grammatikk\/","title":{"rendered":"Punjabi grammatikk"},"content":{"rendered":"\r\n\r\n\r\n<section class=\"languageChallengeSection\">\r\n    <div class=\"languageInfoWrapper\">\r\n        \r\n        <h1>Punjabi grammatikk<\/h1>\r\n        <p><a href=\"https:\/\/talkpal.ai\/punjabi-grammar\/\">Punjabi-grammatikk<\/a> kan virke utfordrende i begynnelsen, men dens unike egenskaper gj\u00f8r det \u00e5 l\u00e6re spr\u00e5ket til en givende opplevelse. Ved \u00e5 utforske alfabetet, mutasjonene og grammatikkreglene f\u00e5r du innsikt i en rik spr\u00e5ktradisjon. Start reisen og oppdag skj\u00f8nnheten i <a href=\"https:\/\/talkpal.ai\/learn-punjabi\/\">Punjabi<\/a>!<\/p>\r\n\r\n                            <a class=\"getStartedHidden\" href=\"https:\/\/app.talkpal.ai\/no\/signup?lng=\">Kom i gang<\/a>\r\n        \r\n    <\/div>\r\n\r\n    <figure>\r\n    <img decoding=\"async\" width=\"768\" height=\"768\" src=\"https:\/\/talkpal.ai\/wp-content\/uploads\/2023\/06\/welsh-768x768.png\" class=\"languageImage no-lazy\" alt=\"Language learning for better cognitive abilities\" fetchpriority=\"high\" sizes=\"(max-width: 768px) 150px, 768px\" srcset=\"https:\/\/talkpal.ai\/wp-content\/uploads\/2023\/06\/welsh-768x768.png 768w, https:\/\/talkpal.ai\/wp-content\/uploads\/2023\/06\/welsh-300x300.png 300w\" \/>\r\n    \r\n\r\n    <\/figure>\r\n\r\n            <a class=\"getStartedVisible\" href=\"https:\/\/app.talkpal.ai\/no\/signup?lng=\">Kom i gang<\/a>\r\n    \r\n<\/section><section class=\"promotionalBanner\">\r\n    <p class=\"promotionalText\">Den mest effektive m\u00e5ten \u00e5 l\u00e6re et spr\u00e5k p\u00e5<\/p>\r\n    <a class=\"promotionalLink\" href=\"https:\/\/app.talkpal.ai\/no\/signup?lng=\">Pr\u00f8v Talkpal gratis<\/a>\r\n<\/section>\n<div class=\"wp-block-group pageContainerStyle\"><div class=\"wp-block-group__inner-container is-layout-constrained wp-block-group-is-layout-constrained\">\n<h2 class=\"wp-block-heading\" id=\"h-navigating-the-intricacies-of-punjabi-grammar\">Navigere i vanskelighetene med punjabi-grammatikk<\/h2>\n\n\n\n<p><a href=\"https:\/\/talkpal.ai\/no\/laer-punjabi\/\">Punjabi<\/a>, et indoarisk spr\u00e5k med en rik historie og kulturell betydning, tilbyr en spennende spr\u00e5klig opplevelse for de som er ivrige etter \u00e5 utforske det unike grammatikksystemet. N\u00e5r du begir deg inn i Punjabi-riket, vil du ikke bare berike ditt spr\u00e5klige repertoar, men ogs\u00e5 omfavne en fascinerende kulturell reise. Selv om punjabi-grammatikk kan virke komplisert i begynnelsen, gj\u00f8r det \u00e5 bryte den ned i kjernekomponenter det mer tilgjengelig \u00e5 l\u00e6re spr\u00e5ket. I denne artikkelen vil vi utforske den fengslende verdenen til Punjabi-grammatikk og gi tips om hvordan du mestrer kompleksiteten.<\/p>\n\n\n\n<h3 class=\"wp-block-heading\" id=\"h-1-punjabi-alphabet-and-phonetics\">1. Punjabi-alfabetet og fonetikk<\/h3>\n\n\n\n<p>Punjab-skriftsystemet bruker f\u00f8rst og fremst Gurmukhi-skriften, som inkluderer uavhengige vokaler, konsonanter, vokaltegn kalt matras, nasaliseringsmerker som bind\u012b og \u1e6dipp\u012b, og addhak som indikerer konsonantdobling. Punjabi er ogs\u00e5 skrevet med Shahmukhi-skriften i Pakistan. For \u00e5 l\u00e6re punjabi-grammatikk er det avgj\u00f8rende \u00e5 bli kjent med Gurmukhi ved \u00e5 \u00f8ve p\u00e5 \u00e5 lese og skrive p\u00e5 punjabi.<\/p>\n\n\n\n<h3 class=\"wp-block-heading\" id=\"h-2-tones-a-distinctive-punjabi-feature\">2. Toner: Et s\u00e6regent Punjabi-trekk<\/h3>\n\n\n\n<p>En av de mest sl\u00e5ende aspektene ved Punjabi er bruken av tone, som kan endre betydningen av ord. Punjabi beskrives ofte som \u00e5 ha tre toner, og de er ofte relatert til historiske lydendringer som ikke er direkte markert i moderne stavem\u00e5te. \u00c5 forst\u00e5 hvordan tonen fungerer og \u00f8ve p\u00e5 n\u00f8yaktig uttale er avgj\u00f8rende for klar og n\u00f8yaktig kommunikasjon p\u00e5 Punjabi.<\/p>\n\n\n\n<h3 class=\"wp-block-heading\" id=\"h-3-nouns-and-pronouns-gender-and-cases\">3. Substantiv og pronomen: Kj\u00f8nn og kasus<\/h3>\n\n\n\n<p>Punjabi-substantiver har grammatisk kj\u00f8nn, maskulint eller feminint, og flertall f\u00f8lger m\u00f8nstre som varierer etter substantivtype. Mange hankj\u00f8nnssubstantiver danner flertall i -e og mange feminine substantiver i -\u0101\u1e41, selv om det er uregelmessigheter. Punjabi bruker en skr\u00e5 kasus f\u00f8r postposisjoner, som f\u00f8lger substantivet eller pronomenet. Pronomen inkluderer personlige, eiendoms-, refleksive, demonstrative og sp\u00f8rrende mengder, for eksempel \u0a2e\u0a48\u0a02, \u0a24\u0a42\u0a70, \u0a09\u0a39, \u0a2e\u0a47\u0a30\u0a3e, \u0a06\u0a2a\u0a23\u0a3e, \u0a07\u0a39, \u0a09\u0a39, \u0a15\u0a4c\u0a23 og \u0a15\u0a40. \u00c5 bli kjent med disse pronomenene og deres former vil forbedre forst\u00e5elsen din av punjabi-grammatikk betydelig.<\/p>\n\n\n\n<h3 class=\"wp-block-heading\" id=\"h-4-verbs-structure-and-conjugation\">4. Verb: Struktur og b\u00f8ying<\/h3>\n\n\n\n<p>Punjabi-verb viser aspekt og enighet og bruker vanligvis partisipp kombinert med hjelpeverbet \u0a39\u0a4b\u0a23\u0a3e for \u00e5 uttrykke tid og stemning. Kjernedistinksjoner inkluderer n\u00e5tid, vane, fortid og fremtid, sammen med betingede og imperative stemninger. Enighet avhenger ofte av kj\u00f8nn og antall, og i mange perfektive transitive setninger markerer Punjabi subjektet med \u0a28\u0a47 mens verbet stemmer overens med objektet. \u00c5 l\u00e6re de viktigste b\u00f8yningsm\u00f8nstrene og hjelpebruken vil forbedre din evne til \u00e5 kommunisere effektivt p\u00e5 Punjabi.<\/p>\n\n\n\n<h3 class=\"wp-block-heading\" id=\"h-5-adjectives-agreement-and-placement\">5. Adjektiver: Avtale og plassering<\/h3>\n\n\n\n<p>I punjabi-grammatikk kommer adjektiver vanligvis foran substantivet de endrer, og n\u00e5r de er markert, stemmer de overens i kj\u00f8nn og tall med substantivet. Mange adjektiver er uforanderlige, men vanlige beskrivende adjektiver viser hankj\u00f8nn, hunkj\u00f8nn og flertall. Komparative og superlative betydninger dannes ofte analytisk med \u0a39\u0a4b\u0a30 for mer og \u0a38\u0a2d \u0a24\u0a4b\u0a02 for de fleste.<\/p>\n\n\n\n<p><strong>Eksempler:<\/strong><\/p>\n\n\n\n<p><strong>\u2013 \u0a35\u0a71\u0a21\u0a3e \u0a2a\u0a3f\u0a06\u0a30 (stor kj\u00e6rlighet)<\/strong><\/p>\n\n\n\n<p><strong>\u2013 \u0a1b\u0a4b\u0a1f\u0a47 \u0a2c\u0a71\u0a1a\u0a47 (sm\u00e5 barn)<\/strong><\/p>\n\n\n\n<h3 class=\"wp-block-heading\" id=\"h-6-engaging-with-the-language\">6. Engasjere seg med spr\u00e5ket<\/h3>\n\n\n\n<p>Den mest effektive m\u00e5ten \u00e5 fullt ut forst\u00e5 og internalisere punjabi-grammatikk p\u00e5 er \u00e5 konsekvent engasjere seg i spr\u00e5ket. Ved \u00e5 lese punjabi-litteratur, se punjabi-filmer eller TV-serier, lytte til musikk og poesi og aktivt kommunisere med morsm\u00e5l, vil du styrke din forst\u00e5else av <a href=\"https:\/\/talkpal.ai\/grammar\/\">grammatikk<\/a> samtidig som du utvider ordforr\u00e5det ditt.<\/p>\n\n\n\n<h3 class=\"wp-block-heading\" id=\"h-conclusion\">Konklusjon<\/h3>\n\n\n\n<p>Selv om punjabi-grammatikk kan virke intrikat, kan du bli dyktig i dette vakre spr\u00e5ket med dedikasjon, \u00f8velse og entusiasme. Ved \u00e5 fokusere p\u00e5 de grunnleggende reglene og engasjere deg i spr\u00e5ket p\u00e5 tvers av ulike kontekster, vil du raskt forbedre dine <a href=\"https:\/\/talkpal.ai\/no\/grammatikk\/\">punjabi-grammatikkferdigheter<\/a>. <a href=\"https:\/\/talkpal.ai\/culture\/how-do-you-say-good-luck-with-that-in-norwegian\/\">Lykke til<\/a> (<a href=\"https:\/\/talkpal.ai\/culture\/how-do-you-say-good-luck-with-that-in-norwegian\/\">lykke til<\/a>) med din punjabi-spr\u00e5kreise, og nyt den dynamiske og fengslende verdenen av punjabi-grammatikk!<\/p>\n<\/div><\/div>\n\r\n<section class=\"learnNavigationSection\">\r\n            \r\n        <a href=\"https:\/\/talkpal.ai\/no\/laer-punjabi\/\">\r\n            <div class=\"learnNavigationWrapper\">\r\n                <div class=\"learnNavigationContent\">\r\n                    <img decoding=\"async\" src=\"https:\/\/talkpal.ai\/wp-content\/uploads\/2025\/11\/Punjabi.png\" alt=\"Indian Simplified Flag\">\r\n                    <div>\r\n                        <h4>Om Punjabi Learning<\/h4>\r\n                        <p>Finn ut alt om Punjabi grammatikk.<\/p>\r\n                    <\/div>\r\n                <\/div>\r\n            <\/div>\r\n        <\/a>\r\n\r\n        \r\n        <a href=\"https:\/\/talkpal.ai\/no\/punjabi-grammatikkovelser\/\">\r\n            <div class=\"learnNavigationWrapper\">\r\n                <div class=\"learnNavigationContent\">\r\n                    <img decoding=\"async\" src=\"https:\/\/talkpal.ai\/wp-content\/uploads\/2025\/11\/Punjabi.png\" alt=\"Indian Simplified Flag\">\r\n                    <div>\r\n                        <h4>Punjabi grammatikk\u00f8velse<\/h4>\r\n                        <p>\u00d8v p\u00e5 punjabi-grammatikk.<\/p>\r\n                    <\/div>\r\n                <\/div>\r\n            <\/div>\r\n        <\/a>\r\n\r\n            <\/section>","protected":false},"excerpt":{"rendered":"<p>Navigere i vanskelighetene med punjabi-grammatikk Punjabi, et indoarisk spr\u00e5k med en rik historie og kulturell betydning, tilbyr en spennende spr\u00e5klig opplevelse for de som er ivrige etter \u00e5 utforske det unike grammatikksystemet. N\u00e5r du begir deg inn i Punjabi-riket, vil du ikke bare berike ditt spr\u00e5klige repertoar, men ogs\u00e5 omfavne en fascinerende kulturell reise. Selv [&hellip;]<\/p>\n","protected":false},"author":20,"featured_media":0,"parent":0,"menu_order":0,"comment_status":"closed","ping_status":"closed","template":"LearningContentPage.php","meta":{"_acf_changed":false,"footnotes":""},"class_list":["post-1476976","page","type-page","status-publish","hentry"],"acf":[],"yoast_head":"<!-- This site is optimized with the Yoast SEO Premium plugin v27.2 (Yoast SEO v27.2) - https:\/\/yoast.com\/product\/yoast-seo-premium-wordpress\/ -->\n<title>Punjabi grammatikk - Talkpal<\/title>\n<meta name=\"description\" content=\"L\u00e6r det viktigste i punjabigrammatikk med v\u00e5r omfattende guide for \u00e5 forbedre spr\u00e5kkunnskapene dine i dag.\" \/>\n<meta name=\"robots\" content=\"index, follow, max-snippet:-1, max-image-preview:large, max-video-preview:-1\" \/>\n<link rel=\"canonical\" href=\"https:\/\/talkpal.ai\/no\/punjabi-grammatikk\/\" \/>\n<meta property=\"og:locale\" content=\"nb_NO\" \/>\n<meta property=\"og:type\" content=\"article\" \/>\n<meta property=\"og:title\" content=\"Punjabi grammatikk\" \/>\n<meta property=\"og:description\" content=\"Navigere i vanskelighetene med punjabi-grammatikk Punjabi, et indoarisk spr\u00e5k med en rik historie og kulturell betydning, tilbyr en spennende spr\u00e5klig\" \/>\n<meta property=\"og:url\" content=\"https:\/\/talkpal.ai\/no\/punjabi-grammatikk\/\" \/>\n<meta property=\"og:site_name\" content=\"Talkpal\" \/>\n<meta property=\"article:publisher\" content=\"https:\/\/www.facebook.com\/profile.php?id=100090733639311\" \/>\n<meta property=\"article:modified_time\" content=\"2025-12-30T11:35:06+00:00\" \/>\n<meta property=\"og:image\" content=\"https:\/\/talkpal.ai\/wp-content\/uploads\/2025\/02\/Progress-tab-16_9.png\" \/>\n\t<meta property=\"og:image:width\" content=\"2880\" \/>\n\t<meta property=\"og:image:height\" content=\"1620\" \/>\n\t<meta property=\"og:image:type\" content=\"image\/png\" \/>\n<meta name=\"twitter:card\" content=\"summary_large_image\" \/>\n<meta name=\"twitter:site\" content=\"@talkpalai\" \/>\n<meta name=\"twitter:label1\" content=\"Ansl. lesetid\" \/>\n\t<meta name=\"twitter:data1\" content=\"3 minutter\" \/>\n<script type=\"application\/ld+json\" class=\"yoast-schema-graph\">{\"@context\":\"https:\/\/schema.org\",\"@graph\":[{\"@type\":\"WebPage\",\"@id\":\"https:\/\/talkpal.ai\/no\/punjabi-grammatikk\/\",\"url\":\"https:\/\/talkpal.ai\/no\/punjabi-grammatikk\/\",\"name\":\"Punjabi grammatikk - Talkpal\",\"isPartOf\":{\"@id\":\"https:\/\/talkpal.ai\/no\/#website\"},\"datePublished\":\"2025-11-12T16:31:52+00:00\",\"dateModified\":\"2025-12-30T11:35:06+00:00\",\"description\":\"L\u00e6r det viktigste i punjabigrammatikk med v\u00e5r omfattende guide for \u00e5 forbedre spr\u00e5kkunnskapene dine i dag.\",\"breadcrumb\":{\"@id\":\"https:\/\/talkpal.ai\/no\/punjabi-grammatikk\/#breadcrumb\"},\"inLanguage\":\"nb-NO\",\"potentialAction\":[{\"@type\":\"ReadAction\",\"target\":[\"https:\/\/talkpal.ai\/no\/punjabi-grammatikk\/\"]}]},{\"@type\":\"BreadcrumbList\",\"@id\":\"https:\/\/talkpal.ai\/no\/punjabi-grammatikk\/#breadcrumb\",\"itemListElement\":[{\"@type\":\"ListItem\",\"position\":1,\"name\":\"Homepage\",\"item\":\"https:\/\/talkpal.ai\/no\/\"},{\"@type\":\"ListItem\",\"position\":2,\"name\":\"Punjabi grammatikk\"}]},{\"@type\":\"WebSite\",\"@id\":\"https:\/\/talkpal.ai\/no\/#website\",\"url\":\"https:\/\/talkpal.ai\/no\/\",\"name\":\"Talkpal\",\"description\":\"AI Language Learning\",\"publisher\":{\"@id\":\"https:\/\/talkpal.ai\/no\/#organization\"},\"alternateName\":\"Talkpal AI\",\"potentialAction\":[{\"@type\":\"SearchAction\",\"target\":{\"@type\":\"EntryPoint\",\"urlTemplate\":\"https:\/\/talkpal.ai\/no\/?s={search_term_string}\"},\"query-input\":{\"@type\":\"PropertyValueSpecification\",\"valueRequired\":true,\"valueName\":\"search_term_string\"}}],\"inLanguage\":\"nb-NO\"},{\"@type\":\"Organization\",\"@id\":\"https:\/\/talkpal.ai\/no\/#organization\",\"name\":\"Talkpal, Inc.\",\"alternateName\":\"Talkpal AI\",\"url\":\"https:\/\/talkpal.ai\/no\/\",\"logo\":{\"@type\":\"ImageObject\",\"inLanguage\":\"nb-NO\",\"@id\":\"https:\/\/talkpal.ai\/no\/#\/schema\/logo\/image\/\",\"url\":\"https:\/\/talkpal.ai\/wp-content\/uploads\/2024\/03\/Talkpal-Logo-Icon.png\",\"contentUrl\":\"https:\/\/talkpal.ai\/wp-content\/uploads\/2024\/03\/Talkpal-Logo-Icon.png\",\"width\":2880,\"height\":2880,\"caption\":\"Talkpal, Inc.\"},\"image\":{\"@id\":\"https:\/\/talkpal.ai\/no\/#\/schema\/logo\/image\/\"},\"sameAs\":[\"https:\/\/www.facebook.com\/profile.php?id=100090733639311\",\"https:\/\/x.com\/talkpalai\",\"https:\/\/www.linkedin.com\/company\/talkpal\/\",\"https:\/\/www.youtube.com\/@TalkPal\/\",\"https:\/\/www.tiktok.com\/@talkpal\",\"https:\/\/www.instagram.com\/talkpal_ai\/\",\"https:\/\/www.crunchbase.com\/organization\/talkpal-9cde\",\"https:\/\/www.g2.com\/products\/talkpal-for-business\/\",\"https:\/\/www.trustpilot.com\/review\/talkpal.ai\",\"https:\/\/www.capterra.com\/p\/10006800\/TalkPal\/\"],\"description\":\"Talkpal is a language learning web and mobile education app, powered by the latest AI technologies, that provides engaging experiences to its customers in many different languages to help them improve their language skills. Users can chat about unlimited amount of topics with the app and use other modes to practice their language learning.\",\"email\":\"support@talkpal.ai\",\"legalName\":\"Talkpal, Inc.\",\"foundingDate\":\"2023-04-03\",\"duns\":\"118989042\",\"numberOfEmployees\":{\"@type\":\"QuantitativeValue\",\"minValue\":\"11\",\"maxValue\":\"50\"},\"publishingPrinciples\":\"https:\/\/talkpal.ai\/publishing-principles\/\",\"actionableFeedbackPolicy\":\"https:\/\/talkpal.ai\/actionable-feedback-policy\/\",\"correctionsPolicy\":\"https:\/\/talkpal.ai\/corrections-policy\/\",\"ethicsPolicy\":\"https:\/\/talkpal.ai\/ethics-policy\/\",\"diversityPolicy\":\"https:\/\/talkpal.ai\/diversity-policy\/\",\"diversityStaffingReport\":\"https:\/\/talkpal.ai\/diversity-policy\/\"}]}<\/script>\n<!-- \/ Yoast SEO Premium plugin. -->","yoast_head_json":{"title":"Punjabi grammatikk - Talkpal","description":"L\u00e6r det viktigste i punjabigrammatikk med v\u00e5r omfattende guide for \u00e5 forbedre spr\u00e5kkunnskapene dine i dag.","robots":{"index":"index","follow":"follow","max-snippet":"max-snippet:-1","max-image-preview":"max-image-preview:large","max-video-preview":"max-video-preview:-1"},"canonical":"https:\/\/talkpal.ai\/no\/punjabi-grammatikk\/","og_locale":"nb_NO","og_type":"article","og_title":"Punjabi grammatikk","og_description":"Navigere i vanskelighetene med punjabi-grammatikk Punjabi, et indoarisk spr\u00e5k med en rik historie og kulturell betydning, tilbyr en spennende spr\u00e5klig","og_url":"https:\/\/talkpal.ai\/no\/punjabi-grammatikk\/","og_site_name":"Talkpal","article_publisher":"https:\/\/www.facebook.com\/profile.php?id=100090733639311","article_modified_time":"2025-12-30T11:35:06+00:00","og_image":[{"width":2880,"height":1620,"url":"https:\/\/talkpal.ai\/wp-content\/uploads\/2025\/02\/Progress-tab-16_9.png","type":"image\/png"}],"twitter_card":"summary_large_image","twitter_site":"@talkpalai","twitter_misc":{"Ansl. lesetid":"3 minutter"},"schema":{"@context":"https:\/\/schema.org","@graph":[{"@type":"WebPage","@id":"https:\/\/talkpal.ai\/no\/punjabi-grammatikk\/","url":"https:\/\/talkpal.ai\/no\/punjabi-grammatikk\/","name":"Punjabi grammatikk - Talkpal","isPartOf":{"@id":"https:\/\/talkpal.ai\/no\/#website"},"datePublished":"2025-11-12T16:31:52+00:00","dateModified":"2025-12-30T11:35:06+00:00","description":"L\u00e6r det viktigste i punjabigrammatikk med v\u00e5r omfattende guide for \u00e5 forbedre spr\u00e5kkunnskapene dine i dag.","breadcrumb":{"@id":"https:\/\/talkpal.ai\/no\/punjabi-grammatikk\/#breadcrumb"},"inLanguage":"nb-NO","potentialAction":[{"@type":"ReadAction","target":["https:\/\/talkpal.ai\/no\/punjabi-grammatikk\/"]}]},{"@type":"BreadcrumbList","@id":"https:\/\/talkpal.ai\/no\/punjabi-grammatikk\/#breadcrumb","itemListElement":[{"@type":"ListItem","position":1,"name":"Homepage","item":"https:\/\/talkpal.ai\/no\/"},{"@type":"ListItem","position":2,"name":"Punjabi grammatikk"}]},{"@type":"WebSite","@id":"https:\/\/talkpal.ai\/no\/#website","url":"https:\/\/talkpal.ai\/no\/","name":"Talkpal","description":"AI Language Learning","publisher":{"@id":"https:\/\/talkpal.ai\/no\/#organization"},"alternateName":"Talkpal AI","potentialAction":[{"@type":"SearchAction","target":{"@type":"EntryPoint","urlTemplate":"https:\/\/talkpal.ai\/no\/?s={search_term_string}"},"query-input":{"@type":"PropertyValueSpecification","valueRequired":true,"valueName":"search_term_string"}}],"inLanguage":"nb-NO"},{"@type":"Organization","@id":"https:\/\/talkpal.ai\/no\/#organization","name":"Talkpal, Inc.","alternateName":"Talkpal AI","url":"https:\/\/talkpal.ai\/no\/","logo":{"@type":"ImageObject","inLanguage":"nb-NO","@id":"https:\/\/talkpal.ai\/no\/#\/schema\/logo\/image\/","url":"https:\/\/talkpal.ai\/wp-content\/uploads\/2024\/03\/Talkpal-Logo-Icon.png","contentUrl":"https:\/\/talkpal.ai\/wp-content\/uploads\/2024\/03\/Talkpal-Logo-Icon.png","width":2880,"height":2880,"caption":"Talkpal, Inc."},"image":{"@id":"https:\/\/talkpal.ai\/no\/#\/schema\/logo\/image\/"},"sameAs":["https:\/\/www.facebook.com\/profile.php?id=100090733639311","https:\/\/x.com\/talkpalai","https:\/\/www.linkedin.com\/company\/talkpal\/","https:\/\/www.youtube.com\/@TalkPal\/","https:\/\/www.tiktok.com\/@talkpal","https:\/\/www.instagram.com\/talkpal_ai\/","https:\/\/www.crunchbase.com\/organization\/talkpal-9cde","https:\/\/www.g2.com\/products\/talkpal-for-business\/","https:\/\/www.trustpilot.com\/review\/talkpal.ai","https:\/\/www.capterra.com\/p\/10006800\/TalkPal\/"],"description":"Talkpal is a language learning web and mobile education app, powered by the latest AI technologies, that provides engaging experiences to its customers in many different languages to help them improve their language skills. Users can chat about unlimited amount of topics with the app and use other modes to practice their language learning.","email":"support@talkpal.ai","legalName":"Talkpal, Inc.","foundingDate":"2023-04-03","duns":"118989042","numberOfEmployees":{"@type":"QuantitativeValue","minValue":"11","maxValue":"50"},"publishingPrinciples":"https:\/\/talkpal.ai\/publishing-principles\/","actionableFeedbackPolicy":"https:\/\/talkpal.ai\/actionable-feedback-policy\/","correctionsPolicy":"https:\/\/talkpal.ai\/corrections-policy\/","ethicsPolicy":"https:\/\/talkpal.ai\/ethics-policy\/","diversityPolicy":"https:\/\/talkpal.ai\/diversity-policy\/","diversityStaffingReport":"https:\/\/talkpal.ai\/diversity-policy\/"}]}},"_links":{"self":[{"href":"https:\/\/talkpal.ai\/no\/wp-json\/wp\/v2\/pages\/1476976","targetHints":{"allow":["GET"]}}],"collection":[{"href":"https:\/\/talkpal.ai\/no\/wp-json\/wp\/v2\/pages"}],"about":[{"href":"https:\/\/talkpal.ai\/no\/wp-json\/wp\/v2\/types\/page"}],"author":[{"embeddable":true,"href":"https:\/\/talkpal.ai\/no\/wp-json\/wp\/v2\/users\/20"}],"replies":[{"embeddable":true,"href":"https:\/\/talkpal.ai\/no\/wp-json\/wp\/v2\/comments?post=1476976"}],"version-history":[{"count":0,"href":"https:\/\/talkpal.ai\/no\/wp-json\/wp\/v2\/pages\/1476976\/revisions"}],"wp:attachment":[{"href":"https:\/\/talkpal.ai\/no\/wp-json\/wp\/v2\/media?parent=1476976"}],"curies":[{"name":"wp","href":"https:\/\/api.w.org\/{rel}","templated":true}]}}