{"id":1476931,"date":"2025-11-12T16:20:16","date_gmt":"2025-11-12T16:20:16","guid":{"rendered":"https:\/\/talkpal.ai\/pashto-grammatikk\/"},"modified":"2025-12-30T11:43:05","modified_gmt":"2025-12-30T11:43:05","slug":"pashto-grammatikk","status":"publish","type":"page","link":"https:\/\/talkpal.ai\/no\/pashto-grammatikk\/","title":{"rendered":"Pashto grammatikk"},"content":{"rendered":"\r\n\r\n\r\n<section class=\"languageChallengeSection\">\r\n    <div class=\"languageInfoWrapper\">\r\n        \r\n        <h1>Pashto grammatikk<\/h1>\r\n        <p><a href=\"https:\/\/talkpal.ai\/pashto-grammar\/\">Pashto-grammatikk<\/a> kan virke utfordrende i begynnelsen, men dens unike egenskaper gj\u00f8r det \u00e5 l\u00e6re spr\u00e5ket til en givende opplevelse. Ved \u00e5 utforske alfabetet, mutasjonene og grammatikkreglene f\u00e5r du innsikt i en rik spr\u00e5ktradisjon. Start reisen og oppdag skj\u00f8nnheten i <a href=\"https:\/\/talkpal.ai\/learn-pashto\/\">Pashto<\/a>!<\/p>\r\n\r\n                            <a class=\"getStartedHidden\" href=\"https:\/\/app.talkpal.ai\/no\/signup?lng=\">Kom i gang<\/a>\r\n        \r\n    <\/div>\r\n\r\n    <figure>\r\n    <img decoding=\"async\" width=\"768\" height=\"768\" src=\"https:\/\/talkpal.ai\/wp-content\/uploads\/2023\/06\/welsh-768x768.png\" class=\"languageImage no-lazy\" alt=\"Language learning for better cognitive abilities\" fetchpriority=\"high\" sizes=\"(max-width: 768px) 150px, 768px\" srcset=\"https:\/\/talkpal.ai\/wp-content\/uploads\/2023\/06\/welsh-768x768.png 768w, https:\/\/talkpal.ai\/wp-content\/uploads\/2023\/06\/welsh-300x300.png 300w\" \/>\r\n    \r\n\r\n    <\/figure>\r\n\r\n            <a class=\"getStartedVisible\" href=\"https:\/\/app.talkpal.ai\/no\/signup?lng=\">Kom i gang<\/a>\r\n    \r\n<\/section><section class=\"promotionalBanner\">\r\n    <p class=\"promotionalText\">Den mest effektive m\u00e5ten \u00e5 l\u00e6re et spr\u00e5k p\u00e5<\/p>\r\n    <a class=\"promotionalLink\" href=\"https:\/\/app.talkpal.ai\/no\/signup?lng=\">Pr\u00f8v Talkpal gratis<\/a>\r\n<\/section>\n<div class=\"wp-block-group pageContainerStyle\"><div class=\"wp-block-group__inner-container is-layout-constrained wp-block-group-is-layout-constrained\">\n<h2 class=\"wp-block-heading\" id=\"h-navigating-the-intricacies-of-pashto-grammar\">Navigere i forviklingene med pashto-grammatikk<\/h2>\n\n\n\n<p><a href=\"https:\/\/talkpal.ai\/no\/laer-pashto\/\">Pashto<\/a>, et \u00f8stiransk spr\u00e5k med en rik historie og kulturell betydning over hele Afghanistan og Pakistan, tilbyr en spennende spr\u00e5klig opplevelse for de som er ivrige etter \u00e5 utforske det unike grammatikksystemet. N\u00e5r du begir deg inn i pashto-riket, vil du ikke bare berike ditt spr\u00e5klige repertoar, men ogs\u00e5 omfavne en fascinerende kulturell reise. Selv om pashto-grammatikk kan virke komplisert i begynnelsen, gj\u00f8r det lettere \u00e5 l\u00e6re spr\u00e5ket ved \u00e5 dele det ned i kjernekomponenter. I denne artikkelen vil vi utforske den fengslende verdenen til pashto-grammatikk og gi tips om hvordan du mestrer kompleksiteten.<\/p>\n\n\n\n<h3 class=\"wp-block-heading\" id=\"h-1-pashto-alphabet-and-phonetics\">1. Pashto-alfabetet og fonetikk<\/h3>\n\n\n\n<p>Pashto-skriftsystemet er basert p\u00e5 den perso-arabiske skriften og inkluderer flere bokstaver som er unike for pashto, som \u067c, \u0689, \u0693, \u06bc, \u0685, \u0681, \u069a, \u0696 og \u06ab. For \u00e5 l\u00e6re pashto-grammatikk er det avgj\u00f8rende \u00e5 bli kjent med denne s\u00e6regne skriften og Pashtos lydsystem, som har retroflekse og aspirerte konsonanter, samt karakteristiske vokalkontraster.<\/p>\n\n\n\n<h3 class=\"wp-block-heading\" id=\"h-2-split-ergativity-a-peculiar-pashto-feature\">2. Delt ergativitet: En s\u00e6regen pashto-funksjon<\/h3>\n\n\n\n<p>Et av de mest sl\u00e5ende aspektene ved pashto-grammatikk er dens delte ergativitet i mange transitive setninger i fortid. I disse sammenhengene opptrer agenten i skr\u00e5kasus og verbet har en tendens til \u00e5 stemme overens med det direkte objektet i kj\u00f8nn og antall i stedet for agenten. \u00c5 forst\u00e5 n\u00e5r dette justeringsm\u00f8nsteret gjelder og hvordan enighet fungerer er avgj\u00f8rende for n\u00f8yaktig kommunikasjon p\u00e5 pashto.<\/p>\n\n\n\n<h3 class=\"wp-block-heading\" id=\"h-3-nouns-and-pronouns-gender-and-cases\">3. Substantiv og pronomen: Kj\u00f8nn og kasus<\/h3>\n\n\n\n<p>Pashto-substantiver har grammatisk kj\u00f8nn (hank\u00f8n eller feminint) og f\u00f8lger flere flertallsformasjonsm\u00f8nstre som varierer etter substantivklasse. Pashto skiller ogs\u00e5 mellom direkte og skr\u00e5 kasus, som p\u00e5virker hvordan substantiver og pronomen oppf\u00f8rer seg med postposisjoner og i visse verbkonstruksjoner. Pronomen p\u00e5 pashto inkluderer personlige, besittende, refleksive, demonstrative og sp\u00f8rrende former, med b\u00e5de uavhengige og enklitiske varianter. \u00c5 bli kjent med disse formene og deres kasusforskjeller vil forbedre din forst\u00e5else av pashto-grammatikk betydelig.<\/p>\n\n\n\n<h3 class=\"wp-block-heading\" id=\"h-4-verbs-structure-and-conjugation\">4. Verb: Struktur og b\u00f8ying<\/h3>\n\n\n\n<p>Pashtoverb f\u00f8lger et s\u00e6regent system organisert rundt aspekt og tid, med person og tall. Kjernetider inkluderer n\u00e5tid, fortid og fremtid, med fremtiden vanligvis markert med partikkelen ba. Pashto gj\u00f8r ogs\u00e5 robust bruk av stemninger som betinget, <a href=\"https:\/\/talkpal.ai\/ja\/grammar_exercises\/konjunktiv-%e3%83%89%e3%82%a4%e3%83%84%e6%96%87%e6%b3%95%e3%81%ae%e6%bc%94%e7%bf%92\/\">konjunktiv<\/a> og <a href=\"https:\/\/talkpal.ai\/ja\/grammar_exercises\/imperatif-%e3%83%95%e3%83%a9%e3%83%b3%e3%82%b9%e3%81%ae%e6%96%87%e6%b3%95%e3%81%ae%e3%81%9f%e3%82%81%e3%81%ae%e6%bc%94%e7%bf%92\/\">imperativ<\/a>, og bruker negasjonspartikler som er forskjellige mellom utsagn og kommandoer. \u00c5 l\u00e6re konjugasjonsm\u00f8nstrene, inkludert perfektive og imperfektive stammer, vil forbedre din evne til \u00e5 kommunisere effektivt p\u00e5 pashto.<\/p>\n\n\n\n<h3 class=\"wp-block-heading\" id=\"h-5-adjectives-agreement-and-placement\">5. Adjektiver: Avtale og plassering<\/h3>\n\n\n\n<p>I pashto-grammatikk kommer adjektiver vanligvis foran substantivet de modifiserer, og mange adjektiver endrer ikke form for kj\u00f8nn eller tall. Noen adjektiver danner komparative og superlative betydninger uregelmessig eller gjennom faste uttrykk, som er avgj\u00f8rende for \u00e5 l\u00e6re \u00e5 kommunisere mer naturlig.<\/p>\n\n\n\n<p><strong>Eksempler:<\/strong><\/p>\n\n\n\n<p><strong>\u2013 Loy Kor (stort hus)<\/strong><\/p>\n\n\n\n<p><strong>\u2013 Kuchni Mashuman (sm\u00e5 barn)<\/strong><\/p>\n\n\n\n<h3 class=\"wp-block-heading\" id=\"h-6-engaging-with-the-language\">6. Engasjere seg med spr\u00e5ket<\/h3>\n\n\n\n<p>Den mest effektive m\u00e5ten \u00e5 fullt ut forst\u00e5 og internalisere pashto-grammatikk p\u00e5 er \u00e5 konsekvent engasjere seg i spr\u00e5ket. Ved \u00e5 lese pashto-litteratur, se pashto-filmer eller TV-serier, lytte til radio og musikk og aktivt kommunisere med morsm\u00e5l, vil du styrke din forst\u00e5else av <a href=\"https:\/\/talkpal.ai\/grammar\/\">grammatikk<\/a> samtidig som du utvider ordforr\u00e5det ditt.<\/p>\n\n\n\n<h3 class=\"wp-block-heading\" id=\"h-conclusion\">Konklusjon<\/h3>\n\n\n\n<p>Selv om pashto-grammatikk kan virke intrikat, kan du bli dyktig i dette vakre spr\u00e5ket med dedikasjon, \u00f8velse og entusiasme. Ved \u00e5 fokusere p\u00e5 de grunnleggende reglene og engasjere deg i spr\u00e5ket p\u00e5 tvers av ulike kontekster, vil du raskt forbedre dine pashto <a href=\"https:\/\/talkpal.ai\/no\/grammatikk\/\">grammatikkferdigheter<\/a>. Kha bakht (<a href=\"https:\/\/talkpal.ai\/culture\/how-do-you-say-good-luck-with-that-in-norwegian\/\">lykke til<\/a>) med din pashto-spr\u00e5kreise, og nyt \u00e5 n\u00f8ste opp den g\u00e5tefulle, men fengslende verdenen av pashto-grammatikk!<\/p>\n<\/div><\/div>\n\r\n<section class=\"learnNavigationSection\">\r\n            \r\n        <a href=\"https:\/\/talkpal.ai\/no\/laer-pashto\/\">\r\n            <div class=\"learnNavigationWrapper\">\r\n                <div class=\"learnNavigationContent\">\r\n                    <img decoding=\"async\" src=\"https:\/\/talkpal.ai\/wp-content\/uploads\/2025\/11\/Pashto.png\" alt=\"Afghan Flag\">\r\n                    <div>\r\n                        <h4>Om pashto l\u00e6ring<\/h4>\r\n                        <p>Finn ut alt om pashto grammatikk.<\/p>\r\n                    <\/div>\r\n                <\/div>\r\n            <\/div>\r\n        <\/a>\r\n\r\n        \r\n        <a href=\"https:\/\/talkpal.ai\/no\/pashto-grammatikkovelser\/\">\r\n            <div class=\"learnNavigationWrapper\">\r\n                <div class=\"learnNavigationContent\">\r\n                    <img decoding=\"async\" src=\"https:\/\/talkpal.ai\/wp-content\/uploads\/2025\/11\/Pashto.png\" alt=\"Afghan Flag\">\r\n                    <div>\r\n                        <h4>Pashto grammatikk\u00f8velse<\/h4>\r\n                        <p>\u00d8v p\u00e5 pashto.<\/p>\r\n                    <\/div>\r\n                <\/div>\r\n            <\/div>\r\n        <\/a>\r\n\r\n            <\/section>","protected":false},"excerpt":{"rendered":"<p>Navigere i forviklingene med pashto-grammatikk Pashto, et \u00f8stiransk spr\u00e5k med en rik historie og kulturell betydning over hele Afghanistan og Pakistan, tilbyr en spennende spr\u00e5klig opplevelse for de som er ivrige etter \u00e5 utforske det unike grammatikksystemet. N\u00e5r du begir deg inn i pashto-riket, vil du ikke bare berike ditt spr\u00e5klige repertoar, men ogs\u00e5 omfavne [&hellip;]<\/p>\n","protected":false},"author":20,"featured_media":0,"parent":0,"menu_order":0,"comment_status":"closed","ping_status":"closed","template":"LearningContentPage.php","meta":{"_acf_changed":false,"footnotes":""},"class_list":["post-1476931","page","type-page","status-publish","hentry"],"acf":[],"yoast_head":"<!-- This site is optimized with the Yoast SEO Premium plugin v27.2 (Yoast SEO v27.2) - https:\/\/yoast.com\/product\/yoast-seo-premium-wordpress\/ -->\n<title>Pashto grammatikk - Talkpal<\/title>\n<meta name=\"description\" content=\"Behersk pashto-grammatikk med denne omfattende guiden som dekker alfabetet, fonetikk, delt ergativitet, substantiver, pronomener, verb og adjektiver.\" \/>\n<meta name=\"robots\" content=\"index, follow, max-snippet:-1, max-image-preview:large, max-video-preview:-1\" \/>\n<link rel=\"canonical\" href=\"https:\/\/talkpal.ai\/no\/pashto-grammatikk\/\" \/>\n<meta property=\"og:locale\" content=\"nb_NO\" \/>\n<meta property=\"og:type\" content=\"article\" \/>\n<meta property=\"og:title\" content=\"Pashto grammatikk\" \/>\n<meta property=\"og:description\" content=\"Navigere i forviklingene med pashto-grammatikk Pashto, et \u00f8stiransk spr\u00e5k med en rik historie og kulturell betydning over hele Afghanistan og Pakistan,\" \/>\n<meta property=\"og:url\" content=\"https:\/\/talkpal.ai\/no\/pashto-grammatikk\/\" \/>\n<meta property=\"og:site_name\" content=\"Talkpal\" \/>\n<meta property=\"article:publisher\" content=\"https:\/\/www.facebook.com\/profile.php?id=100090733639311\" \/>\n<meta property=\"article:modified_time\" content=\"2025-12-30T11:43:05+00:00\" \/>\n<meta property=\"og:image\" content=\"https:\/\/talkpal.ai\/wp-content\/uploads\/2025\/02\/Progress-tab-16_9.png\" \/>\n\t<meta property=\"og:image:width\" content=\"2880\" \/>\n\t<meta property=\"og:image:height\" content=\"1620\" \/>\n\t<meta property=\"og:image:type\" content=\"image\/png\" \/>\n<meta name=\"twitter:card\" content=\"summary_large_image\" \/>\n<meta name=\"twitter:site\" content=\"@talkpalai\" \/>\n<meta name=\"twitter:label1\" content=\"Ansl. lesetid\" \/>\n\t<meta name=\"twitter:data1\" content=\"3 minutter\" \/>\n<script type=\"application\/ld+json\" class=\"yoast-schema-graph\">{\"@context\":\"https:\/\/schema.org\",\"@graph\":[{\"@type\":\"WebPage\",\"@id\":\"https:\/\/talkpal.ai\/no\/pashto-grammatikk\/\",\"url\":\"https:\/\/talkpal.ai\/no\/pashto-grammatikk\/\",\"name\":\"Pashto grammatikk - Talkpal\",\"isPartOf\":{\"@id\":\"https:\/\/talkpal.ai\/no\/#website\"},\"datePublished\":\"2025-11-12T16:20:16+00:00\",\"dateModified\":\"2025-12-30T11:43:05+00:00\",\"description\":\"Behersk pashto-grammatikk med denne omfattende guiden som dekker alfabetet, fonetikk, delt ergativitet, substantiver, pronomener, verb og adjektiver.\",\"breadcrumb\":{\"@id\":\"https:\/\/talkpal.ai\/no\/pashto-grammatikk\/#breadcrumb\"},\"inLanguage\":\"nb-NO\",\"potentialAction\":[{\"@type\":\"ReadAction\",\"target\":[\"https:\/\/talkpal.ai\/no\/pashto-grammatikk\/\"]}]},{\"@type\":\"BreadcrumbList\",\"@id\":\"https:\/\/talkpal.ai\/no\/pashto-grammatikk\/#breadcrumb\",\"itemListElement\":[{\"@type\":\"ListItem\",\"position\":1,\"name\":\"Homepage\",\"item\":\"https:\/\/talkpal.ai\/no\/\"},{\"@type\":\"ListItem\",\"position\":2,\"name\":\"Pashto grammatikk\"}]},{\"@type\":\"WebSite\",\"@id\":\"https:\/\/talkpal.ai\/no\/#website\",\"url\":\"https:\/\/talkpal.ai\/no\/\",\"name\":\"Talkpal\",\"description\":\"AI Language Learning\",\"publisher\":{\"@id\":\"https:\/\/talkpal.ai\/no\/#organization\"},\"alternateName\":\"Talkpal AI\",\"potentialAction\":[{\"@type\":\"SearchAction\",\"target\":{\"@type\":\"EntryPoint\",\"urlTemplate\":\"https:\/\/talkpal.ai\/no\/?s={search_term_string}\"},\"query-input\":{\"@type\":\"PropertyValueSpecification\",\"valueRequired\":true,\"valueName\":\"search_term_string\"}}],\"inLanguage\":\"nb-NO\"},{\"@type\":\"Organization\",\"@id\":\"https:\/\/talkpal.ai\/no\/#organization\",\"name\":\"Talkpal, Inc.\",\"alternateName\":\"Talkpal AI\",\"url\":\"https:\/\/talkpal.ai\/no\/\",\"logo\":{\"@type\":\"ImageObject\",\"inLanguage\":\"nb-NO\",\"@id\":\"https:\/\/talkpal.ai\/no\/#\/schema\/logo\/image\/\",\"url\":\"https:\/\/talkpal.ai\/wp-content\/uploads\/2024\/03\/Talkpal-Logo-Icon.png\",\"contentUrl\":\"https:\/\/talkpal.ai\/wp-content\/uploads\/2024\/03\/Talkpal-Logo-Icon.png\",\"width\":2880,\"height\":2880,\"caption\":\"Talkpal, Inc.\"},\"image\":{\"@id\":\"https:\/\/talkpal.ai\/no\/#\/schema\/logo\/image\/\"},\"sameAs\":[\"https:\/\/www.facebook.com\/profile.php?id=100090733639311\",\"https:\/\/x.com\/talkpalai\",\"https:\/\/www.linkedin.com\/company\/talkpal\/\",\"https:\/\/www.youtube.com\/@TalkPal\/\",\"https:\/\/www.tiktok.com\/@talkpal\",\"https:\/\/www.instagram.com\/talkpal_ai\/\",\"https:\/\/www.crunchbase.com\/organization\/talkpal-9cde\",\"https:\/\/www.g2.com\/products\/talkpal-for-business\/\",\"https:\/\/www.trustpilot.com\/review\/talkpal.ai\",\"https:\/\/www.capterra.com\/p\/10006800\/TalkPal\/\"],\"description\":\"Talkpal is a language learning web and mobile education app, powered by the latest AI technologies, that provides engaging experiences to its customers in many different languages to help them improve their language skills. Users can chat about unlimited amount of topics with the app and use other modes to practice their language learning.\",\"email\":\"support@talkpal.ai\",\"legalName\":\"Talkpal, Inc.\",\"foundingDate\":\"2023-04-03\",\"duns\":\"118989042\",\"numberOfEmployees\":{\"@type\":\"QuantitativeValue\",\"minValue\":\"11\",\"maxValue\":\"50\"},\"publishingPrinciples\":\"https:\/\/talkpal.ai\/publishing-principles\/\",\"actionableFeedbackPolicy\":\"https:\/\/talkpal.ai\/actionable-feedback-policy\/\",\"correctionsPolicy\":\"https:\/\/talkpal.ai\/corrections-policy\/\",\"ethicsPolicy\":\"https:\/\/talkpal.ai\/ethics-policy\/\",\"diversityPolicy\":\"https:\/\/talkpal.ai\/diversity-policy\/\",\"diversityStaffingReport\":\"https:\/\/talkpal.ai\/diversity-policy\/\"}]}<\/script>\n<!-- \/ Yoast SEO Premium plugin. -->","yoast_head_json":{"title":"Pashto grammatikk - Talkpal","description":"Behersk pashto-grammatikk med denne omfattende guiden som dekker alfabetet, fonetikk, delt ergativitet, substantiver, pronomener, verb og adjektiver.","robots":{"index":"index","follow":"follow","max-snippet":"max-snippet:-1","max-image-preview":"max-image-preview:large","max-video-preview":"max-video-preview:-1"},"canonical":"https:\/\/talkpal.ai\/no\/pashto-grammatikk\/","og_locale":"nb_NO","og_type":"article","og_title":"Pashto grammatikk","og_description":"Navigere i forviklingene med pashto-grammatikk Pashto, et \u00f8stiransk spr\u00e5k med en rik historie og kulturell betydning over hele Afghanistan og Pakistan,","og_url":"https:\/\/talkpal.ai\/no\/pashto-grammatikk\/","og_site_name":"Talkpal","article_publisher":"https:\/\/www.facebook.com\/profile.php?id=100090733639311","article_modified_time":"2025-12-30T11:43:05+00:00","og_image":[{"width":2880,"height":1620,"url":"https:\/\/talkpal.ai\/wp-content\/uploads\/2025\/02\/Progress-tab-16_9.png","type":"image\/png"}],"twitter_card":"summary_large_image","twitter_site":"@talkpalai","twitter_misc":{"Ansl. lesetid":"3 minutter"},"schema":{"@context":"https:\/\/schema.org","@graph":[{"@type":"WebPage","@id":"https:\/\/talkpal.ai\/no\/pashto-grammatikk\/","url":"https:\/\/talkpal.ai\/no\/pashto-grammatikk\/","name":"Pashto grammatikk - Talkpal","isPartOf":{"@id":"https:\/\/talkpal.ai\/no\/#website"},"datePublished":"2025-11-12T16:20:16+00:00","dateModified":"2025-12-30T11:43:05+00:00","description":"Behersk pashto-grammatikk med denne omfattende guiden som dekker alfabetet, fonetikk, delt ergativitet, substantiver, pronomener, verb og adjektiver.","breadcrumb":{"@id":"https:\/\/talkpal.ai\/no\/pashto-grammatikk\/#breadcrumb"},"inLanguage":"nb-NO","potentialAction":[{"@type":"ReadAction","target":["https:\/\/talkpal.ai\/no\/pashto-grammatikk\/"]}]},{"@type":"BreadcrumbList","@id":"https:\/\/talkpal.ai\/no\/pashto-grammatikk\/#breadcrumb","itemListElement":[{"@type":"ListItem","position":1,"name":"Homepage","item":"https:\/\/talkpal.ai\/no\/"},{"@type":"ListItem","position":2,"name":"Pashto grammatikk"}]},{"@type":"WebSite","@id":"https:\/\/talkpal.ai\/no\/#website","url":"https:\/\/talkpal.ai\/no\/","name":"Talkpal","description":"AI Language Learning","publisher":{"@id":"https:\/\/talkpal.ai\/no\/#organization"},"alternateName":"Talkpal AI","potentialAction":[{"@type":"SearchAction","target":{"@type":"EntryPoint","urlTemplate":"https:\/\/talkpal.ai\/no\/?s={search_term_string}"},"query-input":{"@type":"PropertyValueSpecification","valueRequired":true,"valueName":"search_term_string"}}],"inLanguage":"nb-NO"},{"@type":"Organization","@id":"https:\/\/talkpal.ai\/no\/#organization","name":"Talkpal, Inc.","alternateName":"Talkpal AI","url":"https:\/\/talkpal.ai\/no\/","logo":{"@type":"ImageObject","inLanguage":"nb-NO","@id":"https:\/\/talkpal.ai\/no\/#\/schema\/logo\/image\/","url":"https:\/\/talkpal.ai\/wp-content\/uploads\/2024\/03\/Talkpal-Logo-Icon.png","contentUrl":"https:\/\/talkpal.ai\/wp-content\/uploads\/2024\/03\/Talkpal-Logo-Icon.png","width":2880,"height":2880,"caption":"Talkpal, Inc."},"image":{"@id":"https:\/\/talkpal.ai\/no\/#\/schema\/logo\/image\/"},"sameAs":["https:\/\/www.facebook.com\/profile.php?id=100090733639311","https:\/\/x.com\/talkpalai","https:\/\/www.linkedin.com\/company\/talkpal\/","https:\/\/www.youtube.com\/@TalkPal\/","https:\/\/www.tiktok.com\/@talkpal","https:\/\/www.instagram.com\/talkpal_ai\/","https:\/\/www.crunchbase.com\/organization\/talkpal-9cde","https:\/\/www.g2.com\/products\/talkpal-for-business\/","https:\/\/www.trustpilot.com\/review\/talkpal.ai","https:\/\/www.capterra.com\/p\/10006800\/TalkPal\/"],"description":"Talkpal is a language learning web and mobile education app, powered by the latest AI technologies, that provides engaging experiences to its customers in many different languages to help them improve their language skills. Users can chat about unlimited amount of topics with the app and use other modes to practice their language learning.","email":"support@talkpal.ai","legalName":"Talkpal, Inc.","foundingDate":"2023-04-03","duns":"118989042","numberOfEmployees":{"@type":"QuantitativeValue","minValue":"11","maxValue":"50"},"publishingPrinciples":"https:\/\/talkpal.ai\/publishing-principles\/","actionableFeedbackPolicy":"https:\/\/talkpal.ai\/actionable-feedback-policy\/","correctionsPolicy":"https:\/\/talkpal.ai\/corrections-policy\/","ethicsPolicy":"https:\/\/talkpal.ai\/ethics-policy\/","diversityPolicy":"https:\/\/talkpal.ai\/diversity-policy\/","diversityStaffingReport":"https:\/\/talkpal.ai\/diversity-policy\/"}]}},"_links":{"self":[{"href":"https:\/\/talkpal.ai\/no\/wp-json\/wp\/v2\/pages\/1476931","targetHints":{"allow":["GET"]}}],"collection":[{"href":"https:\/\/talkpal.ai\/no\/wp-json\/wp\/v2\/pages"}],"about":[{"href":"https:\/\/talkpal.ai\/no\/wp-json\/wp\/v2\/types\/page"}],"author":[{"embeddable":true,"href":"https:\/\/talkpal.ai\/no\/wp-json\/wp\/v2\/users\/20"}],"replies":[{"embeddable":true,"href":"https:\/\/talkpal.ai\/no\/wp-json\/wp\/v2\/comments?post=1476931"}],"version-history":[{"count":0,"href":"https:\/\/talkpal.ai\/no\/wp-json\/wp\/v2\/pages\/1476931\/revisions"}],"wp:attachment":[{"href":"https:\/\/talkpal.ai\/no\/wp-json\/wp\/v2\/media?parent=1476931"}],"curies":[{"name":"wp","href":"https:\/\/api.w.org\/{rel}","templated":true}]}}