{"id":1476887,"date":"2025-11-12T16:07:26","date_gmt":"2025-11-12T16:07:26","guid":{"rendered":"https:\/\/talkpal.ai\/oriya-grammatikk\/"},"modified":"2025-12-30T12:44:39","modified_gmt":"2025-12-30T12:44:39","slug":"oriya-grammatikk","status":"publish","type":"page","link":"https:\/\/talkpal.ai\/no\/oriya-grammatikk\/","title":{"rendered":"Odia-grammatikk"},"content":{"rendered":"\r\n\r\n\r\n<section class=\"languageChallengeSection\">\r\n    <div class=\"languageInfoWrapper\">\r\n        \r\n        <h1>Odia-grammatikk<\/h1>\r\n        <p><a href=\"https:\/\/talkpal.ai\/odia-grammar\/\">Odia-grammatikk<\/a> kan virke utfordrende i starten, men dens unike egenskaper gj\u00f8r det givende \u00e5 l\u00e6re spr\u00e5ket. Ved \u00e5 utforske alfabetet, mutasjonene og grammatikkreglene f\u00e5r du innsikt i en rik spr\u00e5ktradisjon. Start reisen din og oppdag Odias skj\u00f8nnhet!<\/p>\r\n\r\n                            <a class=\"getStartedHidden\" href=\"https:\/\/app.talkpal.ai\/no\/signup?lng=\">Kom i gang<\/a>\r\n        \r\n    <\/div>\r\n\r\n    <figure>\r\n    <img decoding=\"async\" width=\"768\" height=\"768\" src=\"https:\/\/talkpal.ai\/wp-content\/uploads\/2023\/06\/welsh-768x768.png\" class=\"languageImage no-lazy\" alt=\"Language learning for better cognitive abilities\" fetchpriority=\"high\" sizes=\"(max-width: 768px) 150px, 768px\" srcset=\"https:\/\/talkpal.ai\/wp-content\/uploads\/2023\/06\/welsh-768x768.png 768w, https:\/\/talkpal.ai\/wp-content\/uploads\/2023\/06\/welsh-300x300.png 300w\" \/>\r\n    \r\n\r\n    <\/figure>\r\n\r\n            <a class=\"getStartedVisible\" href=\"https:\/\/app.talkpal.ai\/no\/signup?lng=\">Kom i gang<\/a>\r\n    \r\n<\/section><section class=\"promotionalBanner\">\r\n    <p class=\"promotionalText\">Den mest effektive m\u00e5ten \u00e5 l\u00e6re et spr\u00e5k p\u00e5<\/p>\r\n    <a class=\"promotionalLink\" href=\"https:\/\/app.talkpal.ai\/no\/signup?lng=\">Pr\u00f8v Talkpal gratis<\/a>\r\n<\/section>\n<div class=\"wp-block-group pageContainerStyle\"><div class=\"wp-block-group__inner-container is-layout-constrained wp-block-group-is-layout-constrained\">\n<h2 class=\"wp-block-heading\" id=\"h-navigating-the-intricacies-of-odia-grammar\">Navigering i Odia-grammatikkens intrikate detaljer<\/h2>\n\n\n\n<p><a href=\"https:\/\/talkpal.ai\/learn-oriya\/\">Odia<\/a>, ogs\u00e5 kjent som <a href=\"https:\/\/talkpal.ai\/learn-odia\/\">Odia<\/a>, er et indoarisk spr\u00e5k med en rik litter\u00e6r tradisjon og dype kulturelle r\u00f8tter i det \u00f8stlige India. Det tilbyr en spennende spr\u00e5klig opplevelse for elever som er ivrige etter \u00e5 utforske det s\u00e6regne grammatikksystemet. N\u00e5r du begir deg inn i Odia-riket, vil du ikke bare berike ditt spr\u00e5klige repertoar, men ogs\u00e5 omfavne en fascinerende kulturell reise. Selv om Odia-grammatikk kan virke komplisert i starten, gj\u00f8r det \u00e5 dele den opp i kjernekomponenter det lettere \u00e5 l\u00e6re spr\u00e5ket. I denne artikkelen skal vi utforske den fengslende verdenen av Odia-grammatikk og gi tips om hvordan man kan <a href=\"https:\/\/talkpal.ai\/locations\/language-courses-in-mestre\/\">mestre<\/a> kompleksiteten.<\/p>\n\n\n\n<h3 class=\"wp-block-heading\" id=\"h-1-odia-alphabet-and-phonetics\">1. Odia-alfabetet og fonetikk<\/h3>\n\n\n\n<p>Odia-skriften er en abugida med 11 vokaler og omtrent 35 konsonanter, sammen med diakritiske tegn og konjunktkonsonanter. Det inkluderer retroflekse og aspirerte lyder som er karakteristiske for indoariske spr\u00e5k. Kjennskap til skriften, vokaltegn og konjunktgrupper er avgj\u00f8rende for \u00e5 mestre uttale og lesing. \u00d8v ved \u00e5 lese og skrive p\u00e5 odia for \u00e5 internalisere lyd\u2013symbol-korrespondansen.<\/p>\n\n\n\n<h3 class=\"wp-block-heading\" id=\"h-2-case-markers-and-postpositions-a-distinctive-odia-feature\">2. Koffertmark\u00f8rer og postposisjoner: Et s\u00e6rpreget odia-trekk<\/h3>\n\n\n\n<p>Et sl\u00e5ende aspekt ved Odia-grammatikk er bruken av kasusmark\u00f8rer og postposisjoner i stedet for preposisjoner. Vanlige mark\u00f8rer inkluderer ku for akkusativ og dativroller, ra for genitiv, re for lokativ, ru for ablativ, saha for komitativ, dwara for instrumental eller agentiv, og smerte for form\u00e5l. \u00c5 forst\u00e5 hvordan disse mark\u00f8rene fester seg til substantiv og pronomen er avgj\u00f8rende for n\u00f8yaktig kommunikasjon i Odia.<\/p>\n\n\n\n<h3 class=\"wp-block-heading\" id=\"h-3-nouns-and-pronouns-gender-and-cases\">3. Substantiv og pronomen: Kj\u00f8nn og kasus<\/h3>\n\n\n\n<p>Odia-substantiv har ikke grammatisk kj\u00f8nn, og flertall varierer etter substantivtype og kontekst. Menneskelige og animerte substantiver tar ofte flertallssuffikset -mane, mens livl\u00f8se substantiver kan bruke -gudika eller forbli umerket n\u00e5r flertall er tydelig fra konteksten. Pronomen inkluderer personlige, besittende, refleksive, demonstrative og sp\u00f8rrende sett, med \u00e6refulle utmerkelser: mu I, tume you informal, apana you h\u00f8flig, se han eller hun, semane de. Eiendomstegn inkluderer <a href=\"https:\/\/talkpal.ai\/locations\/language-courses-in-mora\/\">mora<\/a> my, tora ur, apanangkara din h\u00f8flige, tara hans eller henne. \u00c5 bli kjent med disse formene og deres kasusmerkede varianter vil betydelig forbedre din forst\u00e5else av Odia-grammatikk.<\/p>\n\n\n\n<h3 class=\"wp-block-heading\" id=\"h-4-verbs-structure-and-conjugation\">4. Verb: Struktur og b\u00f8ying<\/h3>\n\n\n\n<p>Odia-verb b\u00f8yes for tid, aspekt, modus og samsvar, med \u00e6resniv\u00e5er som p\u00e5virker verbformer. Kjerneformasjoner inkluderer presens progressiv i -uchi, den enkle fortiden i -ila, og fremtiden i -iba, sammen med sammensatte konstruksjoner og hjelpestoffer. Betingede og imperative stemninger brukes aktivt. \u00c5 l\u00e6re b\u00f8yningsm\u00f8nstrene og hvordan de samhandler med personen og h\u00f8flighet vil forbedre evnen din til \u00e5 kommunisere effektivt p\u00e5 Odia.<\/p>\n\n\n\n<h3 class=\"wp-block-heading\" id=\"h-5-adjectives-agreement-and-placement\">5. Adjektiver: Avtale og plassering<\/h3>\n\n\n\n<p>I Odia-grammatikk kommer adjektiver vanligvis foran substantivet de modifiserer, og endres vanligvis ikke for tall eller kj\u00f8nn. Komparativer og superlativer dannes ofte med adverb som adhika more og sabutharu mest, selv om tatsama-former ogs\u00e5 kan bruke suffikser i formelle registre. \u00c5 mestre disse m\u00f8nstrene hjelper tale til \u00e5 h\u00f8res naturlig og idiomatisk ut.<\/p>\n\n\n\n<p><strong>Eksempler:<\/strong><\/p>\n\n\n\n<p><strong>\u2013 Bada Prema (stor kj\u00e6rlighet)  <\/strong><\/p>\n\n\n\n<p><strong>\u2013 Chhota Pilamane (sm\u00e5 barn)<\/strong><\/p>\n\n\n\n<h3 class=\"wp-block-heading\" id=\"h-6-engaging-with-the-language\">6. Engasjere seg med spr\u00e5ket<\/h3>\n\n\n\n<p>Den mest effektive m\u00e5ten \u00e5 fullt ut forst\u00e5 og internalisere Odia-grammatikk p\u00e5, er \u00e5 engasjere seg konsekvent i spr\u00e5ket. Ved \u00e5 lese Odia-litteratur, se Odia-filmer eller TV-serier, f\u00f8lge Odia-nyheter og aktivt kommunisere med morsm\u00e5lstalere, vil du styrke din forst\u00e5else av <a href=\"https:\/\/talkpal.ai\/grammar\/\">grammatikk<\/a> samtidig som du utvider vokabularet ditt.<\/p>\n\n\n\n<h3 class=\"wp-block-heading\" id=\"h-conclusion\">Konklusjon<\/h3>\n\n\n\n<p>Selv om Odia-grammatikk kan virke intrikat, kan du bli dyktig i dette vakre spr\u00e5ket med dedikasjon, \u00f8velse og entusiasme. Ved \u00e5 fokusere p\u00e5 de grunnleggende reglene og engasjere deg i spr\u00e5ket i ulike kontekster, vil du raskt forbedre dine <a href=\"https:\/\/talkpal.ai\/no\/grammatikk\/\">Odia-grammatikkferdigheter<\/a>. Subha kamana (<a href=\"https:\/\/talkpal.ai\/culture\/how-do-you-say-good-luck-with-that-in-norwegian\/\">lykke til<\/a>) med din Odia-spr\u00e5kreise, og nyt \u00e5 utforske den elegante, men fengslende verdenen av Odia-grammatikk!<\/p>\n<\/div><\/div>\n\r\n<section class=\"learnNavigationSection\">\r\n            \r\n        <a href=\"https:\/\/talkpal.ai\/no\/laer-oriya\/\">\r\n            <div class=\"learnNavigationWrapper\">\r\n                <div class=\"learnNavigationContent\">\r\n                    <img decoding=\"async\" src=\"https:\/\/talkpal.ai\/wp-content\/uploads\/2025\/11\/Oriya.png\" alt=\"Indian Simplified Flag\">\r\n                    <div>\r\n                        <h4>Om Odia-l\u00e6ring<\/h4>\r\n                        <p>Finn ut alt om Odia-grammatikk.<\/p>\r\n                    <\/div>\r\n                <\/div>\r\n            <\/div>\r\n        <\/a>\r\n\r\n        \r\n        <a href=\"https:\/\/talkpal.ai\/no\/oriya-grammatikkovelser\/\">\r\n            <div class=\"learnNavigationWrapper\">\r\n                <div class=\"learnNavigationContent\">\r\n                    <img decoding=\"async\" src=\"https:\/\/talkpal.ai\/wp-content\/uploads\/2025\/11\/Oriya.png\" alt=\"Indian Simplified Flag\">\r\n                    <div>\r\n                        <h4>Odia-grammatikk\u00f8velsen<\/h4>\r\n                        <p>\u00d8v p\u00e5 Odia-grammatikk.<\/p>\r\n                    <\/div>\r\n                <\/div>\r\n            <\/div>\r\n        <\/a>\r\n\r\n            <\/section>","protected":false},"excerpt":{"rendered":"<p>Navigering i Odia-grammatikkens intrikate detaljer Odia, ogs\u00e5 kjent som Odia, er et indoarisk spr\u00e5k med en rik litter\u00e6r tradisjon og dype kulturelle r\u00f8tter i det \u00f8stlige India. Det tilbyr en spennende spr\u00e5klig opplevelse for elever som er ivrige etter \u00e5 utforske det s\u00e6regne grammatikksystemet. N\u00e5r du begir deg inn i Odia-riket, vil du ikke bare [&hellip;]<\/p>\n","protected":false},"author":20,"featured_media":0,"parent":0,"menu_order":0,"comment_status":"closed","ping_status":"closed","template":"LearningContentPage.php","meta":{"_acf_changed":false,"footnotes":""},"class_list":["post-1476887","page","type-page","status-publish","hentry"],"acf":[],"yoast_head":"<!-- This site is optimized with the Yoast SEO Premium plugin v27.2 (Yoast SEO v27.2) - https:\/\/yoast.com\/product\/yoast-seo-premium-wordpress\/ -->\n<title>Odia-grammatikk - Talkpal<\/title>\n<meta name=\"description\" content=\"Behersk grunnleggende grammatikk p\u00e5 odia, inkludert alfabetet, kasusmark\u00f8rer og verb, med v\u00e5r omfattende spr\u00e5kinnl\u00e6ringsguide.\" \/>\n<meta name=\"robots\" content=\"index, follow, max-snippet:-1, max-image-preview:large, max-video-preview:-1\" \/>\n<link rel=\"canonical\" href=\"https:\/\/talkpal.ai\/no\/oriya-grammatikk\/\" \/>\n<meta property=\"og:locale\" content=\"nb_NO\" \/>\n<meta property=\"og:type\" content=\"article\" \/>\n<meta property=\"og:title\" content=\"Odia-grammatikk\" \/>\n<meta property=\"og:description\" content=\"Navigering i Odia-grammatikkens intrikate detaljer Odia, ogs\u00e5 kjent som Odia, er et indoarisk spr\u00e5k med en rik litter\u00e6r tradisjon og dype kulturelle\" \/>\n<meta property=\"og:url\" content=\"https:\/\/talkpal.ai\/no\/oriya-grammatikk\/\" \/>\n<meta property=\"og:site_name\" content=\"Talkpal\" \/>\n<meta property=\"article:publisher\" content=\"https:\/\/www.facebook.com\/profile.php?id=100090733639311\" \/>\n<meta property=\"article:modified_time\" content=\"2025-12-30T12:44:39+00:00\" \/>\n<meta property=\"og:image\" content=\"https:\/\/talkpal.ai\/wp-content\/uploads\/2025\/02\/Progress-tab-16_9.png\" \/>\n\t<meta property=\"og:image:width\" content=\"2880\" \/>\n\t<meta property=\"og:image:height\" content=\"1620\" \/>\n\t<meta property=\"og:image:type\" content=\"image\/png\" \/>\n<meta name=\"twitter:card\" content=\"summary_large_image\" \/>\n<meta name=\"twitter:site\" content=\"@talkpalai\" \/>\n<meta name=\"twitter:label1\" content=\"Ansl. lesetid\" \/>\n\t<meta name=\"twitter:data1\" content=\"3 minutter\" \/>\n<script type=\"application\/ld+json\" class=\"yoast-schema-graph\">{\"@context\":\"https:\/\/schema.org\",\"@graph\":[{\"@type\":\"WebPage\",\"@id\":\"https:\/\/talkpal.ai\/no\/oriya-grammatikk\/\",\"url\":\"https:\/\/talkpal.ai\/no\/oriya-grammatikk\/\",\"name\":\"Odia-grammatikk - Talkpal\",\"isPartOf\":{\"@id\":\"https:\/\/talkpal.ai\/no\/#website\"},\"datePublished\":\"2025-11-12T16:07:26+00:00\",\"dateModified\":\"2025-12-30T12:44:39+00:00\",\"description\":\"Behersk grunnleggende grammatikk p\u00e5 odia, inkludert alfabetet, kasusmark\u00f8rer og verb, med v\u00e5r omfattende spr\u00e5kinnl\u00e6ringsguide.\",\"breadcrumb\":{\"@id\":\"https:\/\/talkpal.ai\/no\/oriya-grammatikk\/#breadcrumb\"},\"inLanguage\":\"nb-NO\",\"potentialAction\":[{\"@type\":\"ReadAction\",\"target\":[\"https:\/\/talkpal.ai\/no\/oriya-grammatikk\/\"]}]},{\"@type\":\"BreadcrumbList\",\"@id\":\"https:\/\/talkpal.ai\/no\/oriya-grammatikk\/#breadcrumb\",\"itemListElement\":[{\"@type\":\"ListItem\",\"position\":1,\"name\":\"Homepage\",\"item\":\"https:\/\/talkpal.ai\/no\/\"},{\"@type\":\"ListItem\",\"position\":2,\"name\":\"Odia-grammatikk\"}]},{\"@type\":\"WebSite\",\"@id\":\"https:\/\/talkpal.ai\/no\/#website\",\"url\":\"https:\/\/talkpal.ai\/no\/\",\"name\":\"Talkpal\",\"description\":\"AI Language Learning\",\"publisher\":{\"@id\":\"https:\/\/talkpal.ai\/no\/#organization\"},\"alternateName\":\"Talkpal AI\",\"potentialAction\":[{\"@type\":\"SearchAction\",\"target\":{\"@type\":\"EntryPoint\",\"urlTemplate\":\"https:\/\/talkpal.ai\/no\/?s={search_term_string}\"},\"query-input\":{\"@type\":\"PropertyValueSpecification\",\"valueRequired\":true,\"valueName\":\"search_term_string\"}}],\"inLanguage\":\"nb-NO\"},{\"@type\":\"Organization\",\"@id\":\"https:\/\/talkpal.ai\/no\/#organization\",\"name\":\"Talkpal, Inc.\",\"alternateName\":\"Talkpal AI\",\"url\":\"https:\/\/talkpal.ai\/no\/\",\"logo\":{\"@type\":\"ImageObject\",\"inLanguage\":\"nb-NO\",\"@id\":\"https:\/\/talkpal.ai\/no\/#\/schema\/logo\/image\/\",\"url\":\"https:\/\/talkpal.ai\/wp-content\/uploads\/2024\/03\/Talkpal-Logo-Icon.png\",\"contentUrl\":\"https:\/\/talkpal.ai\/wp-content\/uploads\/2024\/03\/Talkpal-Logo-Icon.png\",\"width\":2880,\"height\":2880,\"caption\":\"Talkpal, Inc.\"},\"image\":{\"@id\":\"https:\/\/talkpal.ai\/no\/#\/schema\/logo\/image\/\"},\"sameAs\":[\"https:\/\/www.facebook.com\/profile.php?id=100090733639311\",\"https:\/\/x.com\/talkpalai\",\"https:\/\/www.linkedin.com\/company\/talkpal\/\",\"https:\/\/www.youtube.com\/@TalkPal\/\",\"https:\/\/www.tiktok.com\/@talkpal\",\"https:\/\/www.instagram.com\/talkpal_ai\/\",\"https:\/\/www.crunchbase.com\/organization\/talkpal-9cde\",\"https:\/\/www.g2.com\/products\/talkpal-for-business\/\",\"https:\/\/www.trustpilot.com\/review\/talkpal.ai\",\"https:\/\/www.capterra.com\/p\/10006800\/TalkPal\/\"],\"description\":\"Talkpal is a language learning web and mobile education app, powered by the latest AI technologies, that provides engaging experiences to its customers in many different languages to help them improve their language skills. Users can chat about unlimited amount of topics with the app and use other modes to practice their language learning.\",\"email\":\"support@talkpal.ai\",\"legalName\":\"Talkpal, Inc.\",\"foundingDate\":\"2023-04-03\",\"duns\":\"118989042\",\"numberOfEmployees\":{\"@type\":\"QuantitativeValue\",\"minValue\":\"11\",\"maxValue\":\"50\"},\"publishingPrinciples\":\"https:\/\/talkpal.ai\/publishing-principles\/\",\"actionableFeedbackPolicy\":\"https:\/\/talkpal.ai\/actionable-feedback-policy\/\",\"correctionsPolicy\":\"https:\/\/talkpal.ai\/corrections-policy\/\",\"ethicsPolicy\":\"https:\/\/talkpal.ai\/ethics-policy\/\",\"diversityPolicy\":\"https:\/\/talkpal.ai\/diversity-policy\/\",\"diversityStaffingReport\":\"https:\/\/talkpal.ai\/diversity-policy\/\"}]}<\/script>\n<!-- \/ Yoast SEO Premium plugin. -->","yoast_head_json":{"title":"Odia-grammatikk - Talkpal","description":"Behersk grunnleggende grammatikk p\u00e5 odia, inkludert alfabetet, kasusmark\u00f8rer og verb, med v\u00e5r omfattende spr\u00e5kinnl\u00e6ringsguide.","robots":{"index":"index","follow":"follow","max-snippet":"max-snippet:-1","max-image-preview":"max-image-preview:large","max-video-preview":"max-video-preview:-1"},"canonical":"https:\/\/talkpal.ai\/no\/oriya-grammatikk\/","og_locale":"nb_NO","og_type":"article","og_title":"Odia-grammatikk","og_description":"Navigering i Odia-grammatikkens intrikate detaljer Odia, ogs\u00e5 kjent som Odia, er et indoarisk spr\u00e5k med en rik litter\u00e6r tradisjon og dype kulturelle","og_url":"https:\/\/talkpal.ai\/no\/oriya-grammatikk\/","og_site_name":"Talkpal","article_publisher":"https:\/\/www.facebook.com\/profile.php?id=100090733639311","article_modified_time":"2025-12-30T12:44:39+00:00","og_image":[{"width":2880,"height":1620,"url":"https:\/\/talkpal.ai\/wp-content\/uploads\/2025\/02\/Progress-tab-16_9.png","type":"image\/png"}],"twitter_card":"summary_large_image","twitter_site":"@talkpalai","twitter_misc":{"Ansl. lesetid":"3 minutter"},"schema":{"@context":"https:\/\/schema.org","@graph":[{"@type":"WebPage","@id":"https:\/\/talkpal.ai\/no\/oriya-grammatikk\/","url":"https:\/\/talkpal.ai\/no\/oriya-grammatikk\/","name":"Odia-grammatikk - Talkpal","isPartOf":{"@id":"https:\/\/talkpal.ai\/no\/#website"},"datePublished":"2025-11-12T16:07:26+00:00","dateModified":"2025-12-30T12:44:39+00:00","description":"Behersk grunnleggende grammatikk p\u00e5 odia, inkludert alfabetet, kasusmark\u00f8rer og verb, med v\u00e5r omfattende spr\u00e5kinnl\u00e6ringsguide.","breadcrumb":{"@id":"https:\/\/talkpal.ai\/no\/oriya-grammatikk\/#breadcrumb"},"inLanguage":"nb-NO","potentialAction":[{"@type":"ReadAction","target":["https:\/\/talkpal.ai\/no\/oriya-grammatikk\/"]}]},{"@type":"BreadcrumbList","@id":"https:\/\/talkpal.ai\/no\/oriya-grammatikk\/#breadcrumb","itemListElement":[{"@type":"ListItem","position":1,"name":"Homepage","item":"https:\/\/talkpal.ai\/no\/"},{"@type":"ListItem","position":2,"name":"Odia-grammatikk"}]},{"@type":"WebSite","@id":"https:\/\/talkpal.ai\/no\/#website","url":"https:\/\/talkpal.ai\/no\/","name":"Talkpal","description":"AI Language Learning","publisher":{"@id":"https:\/\/talkpal.ai\/no\/#organization"},"alternateName":"Talkpal AI","potentialAction":[{"@type":"SearchAction","target":{"@type":"EntryPoint","urlTemplate":"https:\/\/talkpal.ai\/no\/?s={search_term_string}"},"query-input":{"@type":"PropertyValueSpecification","valueRequired":true,"valueName":"search_term_string"}}],"inLanguage":"nb-NO"},{"@type":"Organization","@id":"https:\/\/talkpal.ai\/no\/#organization","name":"Talkpal, Inc.","alternateName":"Talkpal AI","url":"https:\/\/talkpal.ai\/no\/","logo":{"@type":"ImageObject","inLanguage":"nb-NO","@id":"https:\/\/talkpal.ai\/no\/#\/schema\/logo\/image\/","url":"https:\/\/talkpal.ai\/wp-content\/uploads\/2024\/03\/Talkpal-Logo-Icon.png","contentUrl":"https:\/\/talkpal.ai\/wp-content\/uploads\/2024\/03\/Talkpal-Logo-Icon.png","width":2880,"height":2880,"caption":"Talkpal, Inc."},"image":{"@id":"https:\/\/talkpal.ai\/no\/#\/schema\/logo\/image\/"},"sameAs":["https:\/\/www.facebook.com\/profile.php?id=100090733639311","https:\/\/x.com\/talkpalai","https:\/\/www.linkedin.com\/company\/talkpal\/","https:\/\/www.youtube.com\/@TalkPal\/","https:\/\/www.tiktok.com\/@talkpal","https:\/\/www.instagram.com\/talkpal_ai\/","https:\/\/www.crunchbase.com\/organization\/talkpal-9cde","https:\/\/www.g2.com\/products\/talkpal-for-business\/","https:\/\/www.trustpilot.com\/review\/talkpal.ai","https:\/\/www.capterra.com\/p\/10006800\/TalkPal\/"],"description":"Talkpal is a language learning web and mobile education app, powered by the latest AI technologies, that provides engaging experiences to its customers in many different languages to help them improve their language skills. Users can chat about unlimited amount of topics with the app and use other modes to practice their language learning.","email":"support@talkpal.ai","legalName":"Talkpal, Inc.","foundingDate":"2023-04-03","duns":"118989042","numberOfEmployees":{"@type":"QuantitativeValue","minValue":"11","maxValue":"50"},"publishingPrinciples":"https:\/\/talkpal.ai\/publishing-principles\/","actionableFeedbackPolicy":"https:\/\/talkpal.ai\/actionable-feedback-policy\/","correctionsPolicy":"https:\/\/talkpal.ai\/corrections-policy\/","ethicsPolicy":"https:\/\/talkpal.ai\/ethics-policy\/","diversityPolicy":"https:\/\/talkpal.ai\/diversity-policy\/","diversityStaffingReport":"https:\/\/talkpal.ai\/diversity-policy\/"}]}},"_links":{"self":[{"href":"https:\/\/talkpal.ai\/no\/wp-json\/wp\/v2\/pages\/1476887","targetHints":{"allow":["GET"]}}],"collection":[{"href":"https:\/\/talkpal.ai\/no\/wp-json\/wp\/v2\/pages"}],"about":[{"href":"https:\/\/talkpal.ai\/no\/wp-json\/wp\/v2\/types\/page"}],"author":[{"embeddable":true,"href":"https:\/\/talkpal.ai\/no\/wp-json\/wp\/v2\/users\/20"}],"replies":[{"embeddable":true,"href":"https:\/\/talkpal.ai\/no\/wp-json\/wp\/v2\/comments?post=1476887"}],"version-history":[{"count":0,"href":"https:\/\/talkpal.ai\/no\/wp-json\/wp\/v2\/pages\/1476887\/revisions"}],"wp:attachment":[{"href":"https:\/\/talkpal.ai\/no\/wp-json\/wp\/v2\/media?parent=1476887"}],"curies":[{"name":"wp","href":"https:\/\/api.w.org\/{rel}","templated":true}]}}