{"id":1476808,"date":"2025-11-12T15:41:46","date_gmt":"2025-11-12T15:41:46","guid":{"rendered":"https:\/\/talkpal.ai\/maltesiske-grammatikkovelser\/"},"modified":"2025-12-30T13:40:28","modified_gmt":"2025-12-30T13:40:28","slug":"maltesiske-grammatikkovelser","status":"publish","type":"page","link":"https:\/\/talkpal.ai\/no\/maltesiske-grammatikkovelser\/","title":{"rendered":"Maltesiske grammatikk\u00f8velser"},"content":{"rendered":"\r\n\r\n\r\n<section class=\"languageChallengeSection\">\r\n    <div class=\"languageInfoWrapper\">\r\n        \r\n        <h1>Maltesiske grammatikk\u00f8velser<\/h1>\r\n        <p>Klar til \u00e5 dykke ned i <a href=\"https:\/\/talkpal.ai\/maltese-grammar\/\">maltesisk grammatikk<\/a>? Ved \u00e5 \u00f8ve deg p\u00e5 noen grunnleggende ting kan du bli fortrolig med dette unike og vakre spr\u00e5ket. Pr\u00f8v disse \u00f8velsene for \u00e5 bygge selvtillit og ha det g\u00f8y underveis!<\/p>\r\n\r\n                            <a class=\"getStartedHidden\" href=\"https:\/\/app.talkpal.ai\/no\/signup?lng=\">Kom i gang<\/a>\r\n        \r\n    <\/div>\r\n\r\n    <figure>\r\n    <img decoding=\"async\" width=\"768\" height=\"768\" src=\"https:\/\/talkpal.ai\/wp-content\/uploads\/2023\/06\/welsh-768x768.png\" class=\"languageImage no-lazy\" alt=\"Language learning for better cognitive abilities\" fetchpriority=\"high\" sizes=\"(max-width: 768px) 150px, 768px\" srcset=\"https:\/\/talkpal.ai\/wp-content\/uploads\/2023\/06\/welsh-768x768.png 768w, https:\/\/talkpal.ai\/wp-content\/uploads\/2023\/06\/welsh-300x300.png 300w\" \/>\r\n    \r\n\r\n    <\/figure>\r\n\r\n            <a class=\"getStartedVisible\" href=\"https:\/\/app.talkpal.ai\/no\/signup?lng=\">Kom i gang<\/a>\r\n    \r\n<\/section><section class=\"promotionalBanner\">\r\n    <p class=\"promotionalText\">Den mest effektive m\u00e5ten \u00e5 l\u00e6re et spr\u00e5k p\u00e5<\/p>\r\n    <a class=\"promotionalLink\" href=\"https:\/\/app.talkpal.ai\/no\/signup?lng=\">Pr\u00f8v Talkpal gratis<\/a>\r\n<\/section>\n<div class=\"wp-block-group pageContainerStyle\"><div class=\"wp-block-group__inner-container is-layout-constrained wp-block-group-is-layout-constrained\">\n<h2 class=\"wp-block-heading\" id=\"h-maltese-grammar-topics\">Maltesisk grammatikk emner<\/h2>\n\n\n\n<p><a href=\"https:\/\/talkpal.ai\/no\/de-storste-feilene-du-bor-unnga-nar-du-skal-laere-et-nytt-sprak\/\">\u00c5 l\u00e6re et nytt spr\u00e5k<\/a> kan v\u00e6re en utfordrende, men givende innsats. <a href=\"https:\/\/talkpal.ai\/learn-maltese\/\">Maltesisk<\/a>, et semittisk spr\u00e5k med sterk romansk og <a href=\"https:\/\/talkpal.ai\/learn-english-with-ai\/\">engelsk<\/a> innflytelse som hovedsakelig snakkes p\u00e5 <a href=\"https:\/\/talkpal.ai\/learn-maltese\/\">Malta<\/a>, er intet unntak. Med sine unike egenskaper og strukturer krever <a href=\"https:\/\/talkpal.ai\/no\/talkpal-for-utdanning\/\">det \u00e5 l\u00e6re<\/a> maltesisk en systematisk tiln\u00e6rming til \u00e5 forst\u00e5 grammatikken. Denne veiledningen skisserer n\u00f8kkelomr\u00e5dene i <a href=\"https:\/\/talkpal.ai\/no\/maltesisk-grammatikk\/\">maltesisk grammatikk<\/a> i en logisk rekkef\u00f8lge for <a href=\"https:\/\/talkpal.ai\/no\/talkpal-for-utdanning\/\">spr\u00e5kl\u00e6ring<\/a>, fra det grunnleggende som substantiver og artikler, og g\u00e5r videre til mer komplekse omr\u00e5der som tider og setningskonstruksjon.<\/p>\n\n\n\n<h3 class=\"wp-block-heading\" id=\"h-1-nouns\">1. Substantiv:<\/h3>\n\n\n\n<p>Begynn din maltesiske spr\u00e5kreise med \u00e5 l\u00e6re substantivene. Dette inkluderer \u00e5 forst\u00e5 de forskjellige kategoriene av substantiv, for eksempel vanlige og egennavn, samt deres flertallsformer.<\/p>\n\n\n\n<h3 class=\"wp-block-heading\" id=\"h-2-articles\">2. Artikler:<\/h3>\n\n\n\n<p>Artikler p\u00e5 maltesisk brukes annerledes enn p\u00e5 <a href=\"https:\/\/talkpal.ai\/ai-english-speaking-practice\/\">engelsk<\/a>. \u00c5 forst\u00e5 hvordan man bruker den bestemte artikkelen il riktig, inkludert dens assimilering og mangelen p\u00e5 en ubestemt artikkel, er avgj\u00f8rende i setningskonstruksjon.<\/p>\n\n\n\n<h3 class=\"wp-block-heading\" id=\"h-3-adjectives\">3. Adjektiver:<\/h3>\n\n\n\n<p>Adjektiver p\u00e5 maltesisk f\u00f8lger substantivene deres, som er forskjellig fra engelsk. Du m\u00e5 ogs\u00e5 l\u00e6re enighetsm\u00f8nstre og hvordan du danner komparativer og superlativer med aktar eller iktar og faste former som a\u0127jar.<\/p>\n\n\n\n<h3 class=\"wp-block-heading\" id=\"h-4-pronouns-determiners\">4. Pronomen\/bestemmere:<\/h3>\n\n\n\n<p>Pronomen og determinanter er essensielle p\u00e5 maltesisk; De erstatter substantiver og gir informasjon om mengde, besittelse og mer. Deres korrekte bruk inkluderer uavhengige former, objektklitikk, eiendomstegn basert p\u00e5 ta&#8217; og pronominale endelser p\u00e5 preposisjoner.<\/p>\n\n\n\n<h3 class=\"wp-block-heading\" id=\"h-5-verbs\">5. Verb:<\/h3>\n\n\n\n<p>Maltesiske verb har forskjellige former avhengig av tid, aspekt, stemning og stemme. Start med det ufullkomne for n\u00e5tidens betydning og fremtidsmark\u00f8ren se, og utforsk deretter det perfekte for fortid og <a href=\"https:\/\/talkpal.ai\/ja\/grammar_exercises\/imperatif-%e3%83%95%e3%83%a9%e3%83%b3%e3%82%b9%e3%81%ae%e6%96%87%e6%b3%95%e3%81%ae%e3%81%9f%e3%82%81%e3%81%ae%e6%bc%94%e7%bf%92\/\">imperativ<\/a>.<\/p>\n\n\n\n<h3 class=\"wp-block-heading\" id=\"h-6-tenses\">6. Tider:<\/h3>\n\n\n\n<p>Etter \u00e5 ha mestret verbformene, dykk dypere inn i maltesiske tider og aspekter. Dette inkluderer \u00e5 forst\u00e5 forskjellene mellom det perfekte og det uperfekte, hvordan fremtiden markeres, og hvordan de brukes i ulike sammenhenger.<\/p>\n\n\n\n<h3 class=\"wp-block-heading\" id=\"h-7-tense-comparison\">7. Anspent sammenligning:<\/h3>\n\n\n\n<p>\u00c5 sammenligne tider p\u00e5 maltesisk hjelper til med \u00e5 forst\u00e5 hendelsesforl\u00f8pet. \u00c5 sammenligne det samme verbet i perfektum, uperfektum og fremtid vil gi en bedre forst\u00e5else av det maltesiske spr\u00e5ket.<\/p>\n\n\n\n<h3 class=\"wp-block-heading\" id=\"h-8-progressive\">8. Progressiv:<\/h3>\n\n\n\n<p>Det progressive p\u00e5 maltesisk brukes til \u00e5 uttrykke p\u00e5g\u00e5ende handlinger. Den dannes ved \u00e5 bruke qed etterfulgt av det uperfekte.<\/p>\n\n\n\n<h3 class=\"wp-block-heading\" id=\"h-9-perfect-progressive\">9. Perfekt progressiv:<\/h3>\n\n\n\n<p>Denne tiden brukes til \u00e5 uttrykke handlinger som har p\u00e5g\u00e5tt frem til et bestemt punkt. P\u00e5 maltesisk uttrykkes det ofte med ilni eller ilna pluss en varighet og qed med det ufullkomne.<\/p>\n\n\n\n<h3 class=\"wp-block-heading\" id=\"h-10-conditionals\">10. Betingelser:<\/h3>\n\n\n\n<p>Betingelser uttrykker hypotetiske situasjoner og deres mulige utfall. De er en viktig del av <a href=\"https:\/\/talkpal.ai\/maltese-grammar\/\">maltesisk grammatikk<\/a> og bruker ofte jekk for if og kieku for kontrafaktiske forhold.<\/p>\n\n\n\n<h3 class=\"wp-block-heading\" id=\"h-11-adverbs\">11. Adverb:<\/h3>\n\n\n\n<p>Adverb p\u00e5 maltesisk modifiserer verb, adjektiver eller andre adverb. De gir informasjon om m\u00e5te, sted, tid, grad og mer.<\/p>\n\n\n\n<h3 class=\"wp-block-heading\" id=\"h-12-prepositions\">12. Preposisjoner:<\/h3>\n\n\n\n<p>Preposisjoner knytter ord og uttrykk sammen. De uttrykker forhold mellom tid, sted, retning og mer, og p\u00e5 maltesisk tar de pronominale endelser og trekker seg ofte sammen med den bestemte artikkelen.<\/p>\n\n\n\n<h3 class=\"wp-block-heading\" id=\"h-13-sentences\">13. Setninger:<\/h3>\n\n\n\n<p>Til slutt trener du p\u00e5 \u00e5 konstruere setninger. Dette vil inneb\u00e6re \u00e5 bruke alle de tidligere l\u00e6rte grammatikkpunktene i sammenheng, og dermed sikre en omfattende forst\u00e5else av det maltesiske spr\u00e5ket.<\/p>\n<\/div><\/div>\n\r\n<section class=\"learnNavigationSection\">\r\n            \r\n        <a href=\"https:\/\/talkpal.ai\/no\/laer-maltesisk\/\">\r\n            <div class=\"learnNavigationWrapper\">\r\n                <div class=\"learnNavigationContent\">\r\n                    <img decoding=\"async\" src=\"https:\/\/talkpal.ai\/wp-content\/uploads\/2025\/11\/Maltese.png\" alt=\"Maltese Flag\">\r\n                    <div>\r\n                        <h4>Om maltesisk l\u00e6ring<\/h4>\r\n                        <p>Finn ut alt om maltesisk grammatikk.<\/p>\r\n                    <\/div>\r\n                <\/div>\r\n            <\/div>\r\n        <\/a>\r\n\r\n        \r\n        <a href=\"https:\/\/talkpal.ai\/no\/maltesisk-grammatikk\/\">\r\n            <div class=\"learnNavigationWrapper\">\r\n                <div class=\"learnNavigationContent\">\r\n                    <img decoding=\"async\" src=\"https:\/\/talkpal.ai\/wp-content\/uploads\/2025\/11\/Maltese.png\" alt=\"Maltese Flag\">\r\n                    <div>\r\n                        <h4>Maltesisk grammatikk leksjoner<\/h4>\r\n                        <p>\u00d8v p\u00e5 maltesisk grammatikk.<\/p>\r\n                    <\/div>\r\n                <\/div>\r\n            <\/div>\r\n        <\/a>\r\n\r\n            <\/section>","protected":false},"excerpt":{"rendered":"<p>Maltesisk grammatikk emner \u00c5 l\u00e6re et nytt spr\u00e5k kan v\u00e6re en utfordrende, men givende innsats. Maltesisk, et semittisk spr\u00e5k med sterk romansk og engelsk innflytelse som hovedsakelig snakkes p\u00e5 Malta, er intet unntak. Med sine unike egenskaper og strukturer krever det \u00e5 l\u00e6re maltesisk en systematisk tiln\u00e6rming til \u00e5 forst\u00e5 grammatikken. Denne veiledningen skisserer n\u00f8kkelomr\u00e5dene [&hellip;]<\/p>\n","protected":false},"author":20,"featured_media":0,"parent":0,"menu_order":0,"comment_status":"closed","ping_status":"closed","template":"LearningContentPage.php","meta":{"_acf_changed":false,"footnotes":""},"class_list":["post-1476808","page","type-page","status-publish","hentry"],"acf":[],"yoast_head":"<!-- This site is optimized with the Yoast SEO Premium plugin v27.2 (Yoast SEO v27.2) - https:\/\/yoast.com\/product\/yoast-seo-premium-wordpress\/ -->\n<title>Maltesiske grammatikk\u00f8velser - Talkpal<\/title>\n<meta name=\"description\" content=\"Mestre maltesisk grammatikk med strukturerte \u00f8velser som dekker substantiver, verb og tider for \u00e5 bygge opp selvtillit og flyt.\" \/>\n<meta name=\"robots\" content=\"index, follow, max-snippet:-1, max-image-preview:large, max-video-preview:-1\" \/>\n<link rel=\"canonical\" href=\"https:\/\/talkpal.ai\/no\/maltesiske-grammatikkovelser\/\" \/>\n<meta property=\"og:locale\" content=\"nb_NO\" \/>\n<meta property=\"og:type\" content=\"article\" \/>\n<meta property=\"og:title\" content=\"Maltesiske grammatikk\u00f8velser\" \/>\n<meta property=\"og:description\" content=\"Maltesisk grammatikk emner \u00c5 l\u00e6re et nytt spr\u00e5k kan v\u00e6re en utfordrende, men givende innsats. Maltesisk, et semittisk spr\u00e5k med sterk romansk og engelsk\" \/>\n<meta property=\"og:url\" content=\"https:\/\/talkpal.ai\/no\/maltesiske-grammatikkovelser\/\" \/>\n<meta property=\"og:site_name\" content=\"Talkpal\" \/>\n<meta property=\"article:publisher\" content=\"https:\/\/www.facebook.com\/profile.php?id=100090733639311\" \/>\n<meta property=\"article:modified_time\" content=\"2025-12-30T13:40:28+00:00\" \/>\n<meta property=\"og:image\" content=\"https:\/\/talkpal.ai\/wp-content\/uploads\/2025\/02\/Progress-tab-16_9.png\" \/>\n\t<meta property=\"og:image:width\" content=\"2880\" \/>\n\t<meta property=\"og:image:height\" content=\"1620\" \/>\n\t<meta property=\"og:image:type\" content=\"image\/png\" \/>\n<meta name=\"twitter:card\" content=\"summary_large_image\" \/>\n<meta name=\"twitter:site\" content=\"@talkpalai\" \/>\n<meta name=\"twitter:label1\" content=\"Ansl. lesetid\" \/>\n\t<meta name=\"twitter:data1\" content=\"2 minutter\" \/>\n<script type=\"application\/ld+json\" class=\"yoast-schema-graph\">{\"@context\":\"https:\/\/schema.org\",\"@graph\":[{\"@type\":\"WebPage\",\"@id\":\"https:\/\/talkpal.ai\/no\/maltesiske-grammatikkovelser\/\",\"url\":\"https:\/\/talkpal.ai\/no\/maltesiske-grammatikkovelser\/\",\"name\":\"Maltesiske grammatikk\u00f8velser - Talkpal\",\"isPartOf\":{\"@id\":\"https:\/\/talkpal.ai\/no\/#website\"},\"datePublished\":\"2025-11-12T15:41:46+00:00\",\"dateModified\":\"2025-12-30T13:40:28+00:00\",\"description\":\"Mestre maltesisk grammatikk med strukturerte \u00f8velser som dekker substantiver, verb og tider for \u00e5 bygge opp selvtillit og flyt.\",\"breadcrumb\":{\"@id\":\"https:\/\/talkpal.ai\/no\/maltesiske-grammatikkovelser\/#breadcrumb\"},\"inLanguage\":\"nb-NO\",\"potentialAction\":[{\"@type\":\"ReadAction\",\"target\":[\"https:\/\/talkpal.ai\/no\/maltesiske-grammatikkovelser\/\"]}]},{\"@type\":\"BreadcrumbList\",\"@id\":\"https:\/\/talkpal.ai\/no\/maltesiske-grammatikkovelser\/#breadcrumb\",\"itemListElement\":[{\"@type\":\"ListItem\",\"position\":1,\"name\":\"Homepage\",\"item\":\"https:\/\/talkpal.ai\/no\/\"},{\"@type\":\"ListItem\",\"position\":2,\"name\":\"Maltesiske grammatikk\u00f8velser\"}]},{\"@type\":\"WebSite\",\"@id\":\"https:\/\/talkpal.ai\/no\/#website\",\"url\":\"https:\/\/talkpal.ai\/no\/\",\"name\":\"Talkpal\",\"description\":\"AI Language Learning\",\"publisher\":{\"@id\":\"https:\/\/talkpal.ai\/no\/#organization\"},\"alternateName\":\"Talkpal AI\",\"potentialAction\":[{\"@type\":\"SearchAction\",\"target\":{\"@type\":\"EntryPoint\",\"urlTemplate\":\"https:\/\/talkpal.ai\/no\/?s={search_term_string}\"},\"query-input\":{\"@type\":\"PropertyValueSpecification\",\"valueRequired\":true,\"valueName\":\"search_term_string\"}}],\"inLanguage\":\"nb-NO\"},{\"@type\":\"Organization\",\"@id\":\"https:\/\/talkpal.ai\/no\/#organization\",\"name\":\"Talkpal, Inc.\",\"alternateName\":\"Talkpal AI\",\"url\":\"https:\/\/talkpal.ai\/no\/\",\"logo\":{\"@type\":\"ImageObject\",\"inLanguage\":\"nb-NO\",\"@id\":\"https:\/\/talkpal.ai\/no\/#\/schema\/logo\/image\/\",\"url\":\"https:\/\/talkpal.ai\/wp-content\/uploads\/2024\/03\/Talkpal-Logo-Icon.png\",\"contentUrl\":\"https:\/\/talkpal.ai\/wp-content\/uploads\/2024\/03\/Talkpal-Logo-Icon.png\",\"width\":2880,\"height\":2880,\"caption\":\"Talkpal, Inc.\"},\"image\":{\"@id\":\"https:\/\/talkpal.ai\/no\/#\/schema\/logo\/image\/\"},\"sameAs\":[\"https:\/\/www.facebook.com\/profile.php?id=100090733639311\",\"https:\/\/x.com\/talkpalai\",\"https:\/\/www.linkedin.com\/company\/talkpal\/\",\"https:\/\/www.youtube.com\/@TalkPal\/\",\"https:\/\/www.tiktok.com\/@talkpal\",\"https:\/\/www.instagram.com\/talkpal_ai\/\",\"https:\/\/www.crunchbase.com\/organization\/talkpal-9cde\",\"https:\/\/www.g2.com\/products\/talkpal-for-business\/\",\"https:\/\/www.trustpilot.com\/review\/talkpal.ai\",\"https:\/\/www.capterra.com\/p\/10006800\/TalkPal\/\"],\"description\":\"Talkpal is a language learning web and mobile education app, powered by the latest AI technologies, that provides engaging experiences to its customers in many different languages to help them improve their language skills. Users can chat about unlimited amount of topics with the app and use other modes to practice their language learning.\",\"email\":\"support@talkpal.ai\",\"legalName\":\"Talkpal, Inc.\",\"foundingDate\":\"2023-04-03\",\"duns\":\"118989042\",\"numberOfEmployees\":{\"@type\":\"QuantitativeValue\",\"minValue\":\"11\",\"maxValue\":\"50\"},\"publishingPrinciples\":\"https:\/\/talkpal.ai\/publishing-principles\/\",\"actionableFeedbackPolicy\":\"https:\/\/talkpal.ai\/actionable-feedback-policy\/\",\"correctionsPolicy\":\"https:\/\/talkpal.ai\/corrections-policy\/\",\"ethicsPolicy\":\"https:\/\/talkpal.ai\/ethics-policy\/\",\"diversityPolicy\":\"https:\/\/talkpal.ai\/diversity-policy\/\",\"diversityStaffingReport\":\"https:\/\/talkpal.ai\/diversity-policy\/\"}]}<\/script>\n<!-- \/ Yoast SEO Premium plugin. -->","yoast_head_json":{"title":"Maltesiske grammatikk\u00f8velser - Talkpal","description":"Mestre maltesisk grammatikk med strukturerte \u00f8velser som dekker substantiver, verb og tider for \u00e5 bygge opp selvtillit og flyt.","robots":{"index":"index","follow":"follow","max-snippet":"max-snippet:-1","max-image-preview":"max-image-preview:large","max-video-preview":"max-video-preview:-1"},"canonical":"https:\/\/talkpal.ai\/no\/maltesiske-grammatikkovelser\/","og_locale":"nb_NO","og_type":"article","og_title":"Maltesiske grammatikk\u00f8velser","og_description":"Maltesisk grammatikk emner \u00c5 l\u00e6re et nytt spr\u00e5k kan v\u00e6re en utfordrende, men givende innsats. Maltesisk, et semittisk spr\u00e5k med sterk romansk og engelsk","og_url":"https:\/\/talkpal.ai\/no\/maltesiske-grammatikkovelser\/","og_site_name":"Talkpal","article_publisher":"https:\/\/www.facebook.com\/profile.php?id=100090733639311","article_modified_time":"2025-12-30T13:40:28+00:00","og_image":[{"width":2880,"height":1620,"url":"https:\/\/talkpal.ai\/wp-content\/uploads\/2025\/02\/Progress-tab-16_9.png","type":"image\/png"}],"twitter_card":"summary_large_image","twitter_site":"@talkpalai","twitter_misc":{"Ansl. lesetid":"2 minutter"},"schema":{"@context":"https:\/\/schema.org","@graph":[{"@type":"WebPage","@id":"https:\/\/talkpal.ai\/no\/maltesiske-grammatikkovelser\/","url":"https:\/\/talkpal.ai\/no\/maltesiske-grammatikkovelser\/","name":"Maltesiske grammatikk\u00f8velser - Talkpal","isPartOf":{"@id":"https:\/\/talkpal.ai\/no\/#website"},"datePublished":"2025-11-12T15:41:46+00:00","dateModified":"2025-12-30T13:40:28+00:00","description":"Mestre maltesisk grammatikk med strukturerte \u00f8velser som dekker substantiver, verb og tider for \u00e5 bygge opp selvtillit og flyt.","breadcrumb":{"@id":"https:\/\/talkpal.ai\/no\/maltesiske-grammatikkovelser\/#breadcrumb"},"inLanguage":"nb-NO","potentialAction":[{"@type":"ReadAction","target":["https:\/\/talkpal.ai\/no\/maltesiske-grammatikkovelser\/"]}]},{"@type":"BreadcrumbList","@id":"https:\/\/talkpal.ai\/no\/maltesiske-grammatikkovelser\/#breadcrumb","itemListElement":[{"@type":"ListItem","position":1,"name":"Homepage","item":"https:\/\/talkpal.ai\/no\/"},{"@type":"ListItem","position":2,"name":"Maltesiske grammatikk\u00f8velser"}]},{"@type":"WebSite","@id":"https:\/\/talkpal.ai\/no\/#website","url":"https:\/\/talkpal.ai\/no\/","name":"Talkpal","description":"AI Language Learning","publisher":{"@id":"https:\/\/talkpal.ai\/no\/#organization"},"alternateName":"Talkpal AI","potentialAction":[{"@type":"SearchAction","target":{"@type":"EntryPoint","urlTemplate":"https:\/\/talkpal.ai\/no\/?s={search_term_string}"},"query-input":{"@type":"PropertyValueSpecification","valueRequired":true,"valueName":"search_term_string"}}],"inLanguage":"nb-NO"},{"@type":"Organization","@id":"https:\/\/talkpal.ai\/no\/#organization","name":"Talkpal, Inc.","alternateName":"Talkpal AI","url":"https:\/\/talkpal.ai\/no\/","logo":{"@type":"ImageObject","inLanguage":"nb-NO","@id":"https:\/\/talkpal.ai\/no\/#\/schema\/logo\/image\/","url":"https:\/\/talkpal.ai\/wp-content\/uploads\/2024\/03\/Talkpal-Logo-Icon.png","contentUrl":"https:\/\/talkpal.ai\/wp-content\/uploads\/2024\/03\/Talkpal-Logo-Icon.png","width":2880,"height":2880,"caption":"Talkpal, Inc."},"image":{"@id":"https:\/\/talkpal.ai\/no\/#\/schema\/logo\/image\/"},"sameAs":["https:\/\/www.facebook.com\/profile.php?id=100090733639311","https:\/\/x.com\/talkpalai","https:\/\/www.linkedin.com\/company\/talkpal\/","https:\/\/www.youtube.com\/@TalkPal\/","https:\/\/www.tiktok.com\/@talkpal","https:\/\/www.instagram.com\/talkpal_ai\/","https:\/\/www.crunchbase.com\/organization\/talkpal-9cde","https:\/\/www.g2.com\/products\/talkpal-for-business\/","https:\/\/www.trustpilot.com\/review\/talkpal.ai","https:\/\/www.capterra.com\/p\/10006800\/TalkPal\/"],"description":"Talkpal is a language learning web and mobile education app, powered by the latest AI technologies, that provides engaging experiences to its customers in many different languages to help them improve their language skills. Users can chat about unlimited amount of topics with the app and use other modes to practice their language learning.","email":"support@talkpal.ai","legalName":"Talkpal, Inc.","foundingDate":"2023-04-03","duns":"118989042","numberOfEmployees":{"@type":"QuantitativeValue","minValue":"11","maxValue":"50"},"publishingPrinciples":"https:\/\/talkpal.ai\/publishing-principles\/","actionableFeedbackPolicy":"https:\/\/talkpal.ai\/actionable-feedback-policy\/","correctionsPolicy":"https:\/\/talkpal.ai\/corrections-policy\/","ethicsPolicy":"https:\/\/talkpal.ai\/ethics-policy\/","diversityPolicy":"https:\/\/talkpal.ai\/diversity-policy\/","diversityStaffingReport":"https:\/\/talkpal.ai\/diversity-policy\/"}]}},"_links":{"self":[{"href":"https:\/\/talkpal.ai\/no\/wp-json\/wp\/v2\/pages\/1476808","targetHints":{"allow":["GET"]}}],"collection":[{"href":"https:\/\/talkpal.ai\/no\/wp-json\/wp\/v2\/pages"}],"about":[{"href":"https:\/\/talkpal.ai\/no\/wp-json\/wp\/v2\/types\/page"}],"author":[{"embeddable":true,"href":"https:\/\/talkpal.ai\/no\/wp-json\/wp\/v2\/users\/20"}],"replies":[{"embeddable":true,"href":"https:\/\/talkpal.ai\/no\/wp-json\/wp\/v2\/comments?post=1476808"}],"version-history":[{"count":0,"href":"https:\/\/talkpal.ai\/no\/wp-json\/wp\/v2\/pages\/1476808\/revisions"}],"wp:attachment":[{"href":"https:\/\/talkpal.ai\/no\/wp-json\/wp\/v2\/media?parent=1476808"}],"curies":[{"name":"wp","href":"https:\/\/api.w.org\/{rel}","templated":true}]}}