{"id":147546,"date":"2023-05-14T14:12:07","date_gmt":"2023-05-14T14:12:07","guid":{"rendered":"http:\/\/talkpal.ai\/marathi-grammatikk\/"},"modified":"2025-12-12T10:38:03","modified_gmt":"2025-12-12T10:38:03","slug":"marathi-grammatikk","status":"publish","type":"page","link":"https:\/\/talkpal.ai\/no\/marathi-grammatikk\/","title":{"rendered":"Marathi-grammatikk"},"content":{"rendered":"\r\n\r\n\r\n<section class=\"languageChallengeSection\">\r\n    <div class=\"languageInfoWrapper\">\r\n        \r\n        <h1>Marathi-grammatikk<\/h1>\r\n        <p>Er du nysgjerrig p\u00e5 <a href=\"https:\/\/talkpal.ai\/learn-marathi\/\">marathi<\/a>? Ta steget inn i marathi-grammatikken, der kj\u00f8nnede substantiv, fleksibel setningsstruktur og uttrykksfulle verbb\u00f8yninger skaper et levende og dynamisk spr\u00e5k. Begynn din l\u00e6ringsreise i dag &#8211; \u00e5 mestre marathi-grammatikk vil hjelpe deg \u00e5 kommunisere med selvtillit og f\u00e5 kontakt med de rike tradisjonene og kulturen i Maharashtra!<\/p>\r\n\r\n                            <a class=\"getStartedHidden\" href=\"https:\/\/app.talkpal.ai\/no\/signup?lng=\">Kom i gang<\/a>\r\n        \r\n    <\/div>\r\n\r\n    <figure>\r\n    <img decoding=\"async\" width=\"768\" height=\"768\" src=\"https:\/\/talkpal.ai\/wp-content\/uploads\/2023\/06\/marathi-768x768.png\" class=\"languageImage no-lazy\" alt=\"Fun ways to make language learning interesting\" fetchpriority=\"high\" sizes=\"(max-width: 768px) 150px, 768px\" srcset=\"https:\/\/talkpal.ai\/wp-content\/uploads\/2023\/06\/marathi-768x768.png 768w, https:\/\/talkpal.ai\/wp-content\/uploads\/2023\/06\/marathi-300x300.png 300w\" \/>\r\n    \r\n\r\n    <\/figure>\r\n\r\n            <a class=\"getStartedVisible\" href=\"https:\/\/app.talkpal.ai\/no\/signup?lng=\">Kom i gang<\/a>\r\n    \r\n<\/section>\r\n<section class=\"promotionalBanner\">\r\n    <p class=\"promotionalText\">Den mest effektive m\u00e5ten \u00e5 l\u00e6re et spr\u00e5k p\u00e5<\/p>\r\n    <a class=\"promotionalLink\" href=\"https:\/\/app.talkpal.ai\/no\/signup?lng=\">Pr\u00f8v Talkpal gratis<\/a>\r\n<\/section>\n<div class=\"wp-block-group pageContainerStyle\"><div class=\"wp-block-group__inner-container is-layout-constrained wp-block-group-is-layout-constrained\">\n<h2 class=\"wp-block-heading\" id=\"h-the-allure-of-marathi-grammar-unfolding-its-mysteries-and-intricacies\">The Allure of Marathi Grammar: Unfolding its mysteries and intricacies<\/h2>\n\n\n\n<p>Husker du den forvirrende reisen med \u00e5 l\u00e6re <a href=\"https:\/\/talkpal.ai\/no\/effektiv-engelskopplaering-laer-engelsk-raskt-og-enkelt\/\">engelsk grammatikk<\/a>, lastet med komplekse regler, unntak og intrikat terminologi? Hvis du n\u00e5 vurderer \u00e5 l\u00e6re deg marathi, kan du gj\u00f8re deg klar for en like spennende utforskning av marathi-grammatikken.<\/p>\n\n\n\n<p>Marathi, et indo-arisk spr\u00e5k som hovedsakelig snakkes i den indiske delstaten Maharashtra, har en rik tradisjon og unike spr\u00e5klige trekk. N\u00e5r du dykker ned i mystikken til <a href=\"https:\/\/talkpal.ai\/marathi-grammar\/\">marathisk grammatikk<\/a>, vil du avdekke det fascinerende samspillet mellom alfabetene, intrikate regler og fortryllende fonetikk. S\u00e5 la <a href=\"https:\/\/talkpal.ai\/locations\/language-courses-in-oss\/\">oss<\/a> sammen finne ut av marathi-grammatikkens forf\u00f8relser, en liten regel om gangen.<\/p>\n\n\n\n<p>Et av de mest sl\u00e5ende trekkene ved <strong>Marathi-grammatikken<\/strong> er dens omfattende bruk av substantivb\u00f8yninger. Disse b\u00f8yningene hjelper ofte med \u00e5 formidle viktige grammatiske elementer, som tall, kj\u00f8nn og kasus. Marathi har tre kj\u00f8nn \u2013 maskulint, feminint og intetkj\u00f8nn \u2013 og hvert kj\u00f8nn har sitt s\u00e6regne sett med b\u00f8yningsm\u00f8nstre. Videre har spr\u00e5ket to tall \u2013 entall og flertall \u2013 som hjelper til med \u00e5 uttrykke mengden av et substantiv.<\/p>\n\n\n\n<p>Et annet <strong>unikt trekk ved marathisk grammatikk<\/strong> er m\u00e5ten verb konjugerer, avhengig av tid. N\u00e5r du b\u00f8yer verb p\u00e5 marathi, m\u00e5 du ikke bare ta hensyn til verbets tid, men ogs\u00e5 subjektets kj\u00f8nn og tall. Marathi verbformer inkluderer n\u00e5tid, preteritum og fremtidig tid, sammen med imperativer og konjunktiver. Disse omfattende b\u00f8yningene tilf\u00f8rer marathi dybde og dynamikk, noe som gj\u00f8r det til et virkelig fengslende spr\u00e5k \u00e5 utforske.<\/p>\n\n\n\n<p>Marathi-spr\u00e5ket er ogs\u00e5 kjent for sitt <strong>mangfold av pronomen<\/strong> . Marathi har mange personlige, demonstrative, sp\u00f8rrende og refleksive pronomen, som hver kommer med sine respektive deklinasjonsm\u00f8nstre. Dette kan virke skremmende til \u00e5 begynne med, men etter hvert som du g\u00e5r dypere inn i spr\u00e5ket, vil du sette pris p\u00e5 den enest\u00e5ende presisjonen som Marathi-grammatikken tilbyr.<\/p>\n\n\n\n<p>En mer spennende fasett av Marathi-grammatikken ligger i dets <strong>arrangement av ord i en setning<\/strong> . Ordrekkef\u00f8lge i marathi f\u00f8lger generelt subjekt-objekt-verb (SOV) strukturen, lik andre indo-ariske spr\u00e5k. Denne strukturen plasserer vanligvis verbet p\u00e5 slutten av setningen, noe som i utgangspunktet kan vise seg \u00e5 v\u00e6re utfordrende for <a href=\"https:\/\/talkpal.ai\/english-speaking-course\/\">engelsktalende<\/a>.<\/p>\n\n\n\n<p>N\u00e5r du dykker ned i <strong>marathi-fonetikk<\/strong> , vil du komme over det fascinerende spekteret av lyder, forklart gjennom de 16 vokalene (swar) og 36 konsonanter (vyanjan). Devanagari-skriften, som marathi bruker, tilf\u00f8rer et lag med sjarm til dette allerede fengslende spr\u00e5ket.  <\/p>\n\n\n\n<p>\u00c5 l\u00e6re Marathi-grammatikk, med dens myriade av regler og kompleksiteter, kan utvilsomt v\u00e6re en skremmende oppgave i begynnelsen. Denne utfordringen er imidlertid ogs\u00e5 det som gj\u00f8r det eksepsjonelt stimulerende og gledelig. N\u00e5r du fordyper deg i den fortryllende verden av marathisk <a href=\"https:\/\/talkpal.ai\/grammar\/\">grammatikk<\/a>, vil du avdekke ikke bare hvordan spr\u00e5ket fungerer, men ogs\u00e5 f\u00e5 en dypere forst\u00e5else av kulturen, historien og visdommen som det legemliggj\u00f8r.<\/p>\n\n\n\n<p>S\u00e5 hvorfor ikke begi deg ut p\u00e5 dette spr\u00e5klige eventyret for \u00e5 utforske de forlokkende dybdene av Marathi-grammatikken og avdekke dens utallige mysterier og nyanser som venter p\u00e5 \u00e5 bli mestret? Gleden ved \u00e5 l\u00e6re og gleden ved \u00e5 forst\u00e5 finessene i Marathi-grammatikken er bare noen f\u00e5 \u00f8yeblikk unna!<\/p>\n<\/div><\/div>\n\r\n<section class=\"learnNavigationSection\">\r\n            \r\n        <a href=\"https:\/\/talkpal.ai\/no\/laer-marathi\/\">\r\n            <div class=\"learnNavigationWrapper\">\r\n                <div class=\"learnNavigationContent\">\r\n                    <img decoding=\"async\" src=\"https:\/\/talkpal.ai\/wp-content\/uploads\/2023\/05\/Marathi-india.png\" alt=\"TalkPal Marathi Flag\">\r\n                    <div>\r\n                        <h4>Om Marathi Learning<\/h4>\r\n                        <p>Finn ut alt om marathisk grammatikk.<\/p>\r\n                    <\/div>\r\n                <\/div>\r\n            <\/div>\r\n        <\/a>\r\n\r\n        \r\n        <a href=\"https:\/\/talkpal.ai\/no\/marathi-grammatikkovelser\/\">\r\n            <div class=\"learnNavigationWrapper\">\r\n                <div class=\"learnNavigationContent\">\r\n                    <img decoding=\"async\" src=\"https:\/\/talkpal.ai\/wp-content\/uploads\/2023\/05\/Marathi-india.png\" alt=\"TalkPal Marathi Flag\">\r\n                    <div>\r\n                        <h4>Marathi grammatikk\u00f8velse<\/h4>\r\n                        <p>\u00d8v p\u00e5 marathisk grammatikk.<\/p>\r\n                    <\/div>\r\n                <\/div>\r\n            <\/div>\r\n        <\/a>\r\n\r\n        \r\n        <a href=\"https:\/\/talkpal.ai\/vocabulary_language\/marathi\/\">\r\n            <div class=\"learnNavigationWrapper\">\r\n                <div class=\"learnNavigationContent\">\r\n                    <img decoding=\"async\" src=\"https:\/\/talkpal.ai\/wp-content\/uploads\/2023\/05\/Marathi-india.png\" alt=\"TalkPal Marathi Flag\">\r\n                    <div>\r\n                        <h4>Marathi ordforr\u00e5d<\/h4>\r\n                        <p>Utvid ordforr\u00e5det ditt p\u00e5 marathi.<\/p>\r\n                    <\/div>\r\n                <\/div>\r\n            <\/div>\r\n        <\/a>\r\n\r\n            <\/section>","protected":false},"excerpt":{"rendered":"<p>The Allure of Marathi Grammar: Unfolding its mysteries and intricacies Husker du den forvirrende reisen med \u00e5 l\u00e6re engelsk grammatikk, lastet med komplekse regler, unntak og intrikat terminologi? Hvis du n\u00e5 vurderer \u00e5 l\u00e6re deg marathi, kan du gj\u00f8re deg klar for en like spennende utforskning av marathi-grammatikken. Marathi, et indo-arisk spr\u00e5k som hovedsakelig snakkes [&hellip;]<\/p>\n","protected":false},"author":1,"featured_media":116341,"parent":0,"menu_order":0,"comment_status":"closed","ping_status":"closed","template":"LearningContentPage.php","meta":{"_acf_changed":false,"footnotes":""},"class_list":["post-147546","page","type-page","status-publish","has-post-thumbnail","hentry"],"acf":[],"yoast_head":"<!-- This site is optimized with the Yoast SEO Premium plugin v27.2 (Yoast SEO v27.2) - https:\/\/yoast.com\/product\/yoast-seo-premium-wordpress\/ -->\n<title>Marathi-grammatikk - Talkpal<\/title>\n<meta name=\"description\" content=\"Utforsk den fascinerende verdenen av marathi-grammatikk og oppdag dens unike regler, fonetikk og b\u00f8yninger n\u00e5r du skal l\u00e6re spr\u00e5ket.\" \/>\n<meta name=\"robots\" content=\"index, follow, max-snippet:-1, max-image-preview:large, max-video-preview:-1\" \/>\n<link rel=\"canonical\" href=\"https:\/\/talkpal.ai\/no\/marathi-grammatikk\/\" \/>\n<meta property=\"og:locale\" content=\"nb_NO\" \/>\n<meta property=\"og:type\" content=\"article\" \/>\n<meta property=\"og:title\" content=\"Marathi-grammatikk\" \/>\n<meta property=\"og:description\" content=\"The Allure of Marathi Grammar: Unfolding its mysteries and intricacies Husker du den forvirrende reisen med \u00e5 l\u00e6re engelsk grammatikk, lastet med\" \/>\n<meta property=\"og:url\" content=\"https:\/\/talkpal.ai\/no\/marathi-grammatikk\/\" \/>\n<meta property=\"og:site_name\" content=\"Talkpal\" \/>\n<meta property=\"article:publisher\" content=\"https:\/\/www.facebook.com\/profile.php?id=100090733639311\" \/>\n<meta property=\"article:modified_time\" content=\"2025-12-12T10:38:03+00:00\" \/>\n<meta property=\"og:image\" content=\"https:\/\/talkpal.ai\/wp-content\/uploads\/2023\/05\/Marathi-india.png\" \/>\n\t<meta property=\"og:image:width\" content=\"512\" \/>\n\t<meta property=\"og:image:height\" content=\"512\" \/>\n\t<meta property=\"og:image:type\" content=\"image\/png\" \/>\n<meta name=\"twitter:card\" content=\"summary_large_image\" \/>\n<meta name=\"twitter:site\" content=\"@talkpalai\" \/>\n<meta name=\"twitter:label1\" content=\"Ansl. lesetid\" \/>\n\t<meta name=\"twitter:data1\" content=\"3 minutter\" \/>\n<script type=\"application\/ld+json\" class=\"yoast-schema-graph\">{\"@context\":\"https:\/\/schema.org\",\"@graph\":[{\"@type\":\"WebPage\",\"@id\":\"https:\/\/talkpal.ai\/no\/marathi-grammatikk\/\",\"url\":\"https:\/\/talkpal.ai\/no\/marathi-grammatikk\/\",\"name\":\"Marathi-grammatikk - Talkpal\",\"isPartOf\":{\"@id\":\"https:\/\/talkpal.ai\/no\/#website\"},\"primaryImageOfPage\":{\"@id\":\"https:\/\/talkpal.ai\/no\/marathi-grammatikk\/#primaryimage\"},\"image\":{\"@id\":\"https:\/\/talkpal.ai\/no\/marathi-grammatikk\/#primaryimage\"},\"thumbnailUrl\":\"https:\/\/talkpal.ai\/wp-content\/uploads\/2023\/05\/Marathi-india.png\",\"datePublished\":\"2023-05-14T14:12:07+00:00\",\"dateModified\":\"2025-12-12T10:38:03+00:00\",\"description\":\"Utforsk den fascinerende verdenen av marathi-grammatikk og oppdag dens unike regler, fonetikk og b\u00f8yninger n\u00e5r du skal l\u00e6re spr\u00e5ket.\",\"breadcrumb\":{\"@id\":\"https:\/\/talkpal.ai\/no\/marathi-grammatikk\/#breadcrumb\"},\"inLanguage\":\"nb-NO\",\"potentialAction\":[{\"@type\":\"ReadAction\",\"target\":[\"https:\/\/talkpal.ai\/no\/marathi-grammatikk\/\"]}]},{\"@type\":\"ImageObject\",\"inLanguage\":\"nb-NO\",\"@id\":\"https:\/\/talkpal.ai\/no\/marathi-grammatikk\/#primaryimage\",\"url\":\"https:\/\/talkpal.ai\/wp-content\/uploads\/2023\/05\/Marathi-india.png\",\"contentUrl\":\"https:\/\/talkpal.ai\/wp-content\/uploads\/2023\/05\/Marathi-india.png\",\"width\":512,\"height\":512},{\"@type\":\"BreadcrumbList\",\"@id\":\"https:\/\/talkpal.ai\/no\/marathi-grammatikk\/#breadcrumb\",\"itemListElement\":[{\"@type\":\"ListItem\",\"position\":1,\"name\":\"Homepage\",\"item\":\"https:\/\/talkpal.ai\/no\/\"},{\"@type\":\"ListItem\",\"position\":2,\"name\":\"Marathi-grammatikk\"}]},{\"@type\":\"WebSite\",\"@id\":\"https:\/\/talkpal.ai\/no\/#website\",\"url\":\"https:\/\/talkpal.ai\/no\/\",\"name\":\"Talkpal\",\"description\":\"AI Language Learning\",\"publisher\":{\"@id\":\"https:\/\/talkpal.ai\/no\/#organization\"},\"alternateName\":\"Talkpal AI\",\"potentialAction\":[{\"@type\":\"SearchAction\",\"target\":{\"@type\":\"EntryPoint\",\"urlTemplate\":\"https:\/\/talkpal.ai\/no\/?s={search_term_string}\"},\"query-input\":{\"@type\":\"PropertyValueSpecification\",\"valueRequired\":true,\"valueName\":\"search_term_string\"}}],\"inLanguage\":\"nb-NO\"},{\"@type\":\"Organization\",\"@id\":\"https:\/\/talkpal.ai\/no\/#organization\",\"name\":\"Talkpal, Inc.\",\"alternateName\":\"Talkpal AI\",\"url\":\"https:\/\/talkpal.ai\/no\/\",\"logo\":{\"@type\":\"ImageObject\",\"inLanguage\":\"nb-NO\",\"@id\":\"https:\/\/talkpal.ai\/no\/#\/schema\/logo\/image\/\",\"url\":\"https:\/\/talkpal.ai\/wp-content\/uploads\/2024\/03\/Talkpal-Logo-Icon.png\",\"contentUrl\":\"https:\/\/talkpal.ai\/wp-content\/uploads\/2024\/03\/Talkpal-Logo-Icon.png\",\"width\":2880,\"height\":2880,\"caption\":\"Talkpal, Inc.\"},\"image\":{\"@id\":\"https:\/\/talkpal.ai\/no\/#\/schema\/logo\/image\/\"},\"sameAs\":[\"https:\/\/www.facebook.com\/profile.php?id=100090733639311\",\"https:\/\/x.com\/talkpalai\",\"https:\/\/www.linkedin.com\/company\/talkpal\/\",\"https:\/\/www.youtube.com\/@TalkPal\/\",\"https:\/\/www.tiktok.com\/@talkpal\",\"https:\/\/www.instagram.com\/talkpal_ai\/\",\"https:\/\/www.crunchbase.com\/organization\/talkpal-9cde\",\"https:\/\/www.g2.com\/products\/talkpal-for-business\/\",\"https:\/\/www.trustpilot.com\/review\/talkpal.ai\",\"https:\/\/www.capterra.com\/p\/10006800\/TalkPal\/\"],\"description\":\"Talkpal is a language learning web and mobile education app, powered by the latest AI technologies, that provides engaging experiences to its customers in many different languages to help them improve their language skills. Users can chat about unlimited amount of topics with the app and use other modes to practice their language learning.\",\"email\":\"support@talkpal.ai\",\"legalName\":\"Talkpal, Inc.\",\"foundingDate\":\"2023-04-03\",\"duns\":\"118989042\",\"numberOfEmployees\":{\"@type\":\"QuantitativeValue\",\"minValue\":\"11\",\"maxValue\":\"50\"},\"publishingPrinciples\":\"https:\/\/talkpal.ai\/publishing-principles\/\",\"actionableFeedbackPolicy\":\"https:\/\/talkpal.ai\/actionable-feedback-policy\/\",\"correctionsPolicy\":\"https:\/\/talkpal.ai\/corrections-policy\/\",\"ethicsPolicy\":\"https:\/\/talkpal.ai\/ethics-policy\/\",\"diversityPolicy\":\"https:\/\/talkpal.ai\/diversity-policy\/\",\"diversityStaffingReport\":\"https:\/\/talkpal.ai\/diversity-policy\/\"}]}<\/script>\n<!-- \/ Yoast SEO Premium plugin. -->","yoast_head_json":{"title":"Marathi-grammatikk - Talkpal","description":"Utforsk den fascinerende verdenen av marathi-grammatikk og oppdag dens unike regler, fonetikk og b\u00f8yninger n\u00e5r du skal l\u00e6re spr\u00e5ket.","robots":{"index":"index","follow":"follow","max-snippet":"max-snippet:-1","max-image-preview":"max-image-preview:large","max-video-preview":"max-video-preview:-1"},"canonical":"https:\/\/talkpal.ai\/no\/marathi-grammatikk\/","og_locale":"nb_NO","og_type":"article","og_title":"Marathi-grammatikk","og_description":"The Allure of Marathi Grammar: Unfolding its mysteries and intricacies Husker du den forvirrende reisen med \u00e5 l\u00e6re engelsk grammatikk, lastet med","og_url":"https:\/\/talkpal.ai\/no\/marathi-grammatikk\/","og_site_name":"Talkpal","article_publisher":"https:\/\/www.facebook.com\/profile.php?id=100090733639311","article_modified_time":"2025-12-12T10:38:03+00:00","og_image":[{"width":512,"height":512,"url":"https:\/\/talkpal.ai\/wp-content\/uploads\/2023\/05\/Marathi-india.png","type":"image\/png"}],"twitter_card":"summary_large_image","twitter_site":"@talkpalai","twitter_misc":{"Ansl. lesetid":"3 minutter"},"schema":{"@context":"https:\/\/schema.org","@graph":[{"@type":"WebPage","@id":"https:\/\/talkpal.ai\/no\/marathi-grammatikk\/","url":"https:\/\/talkpal.ai\/no\/marathi-grammatikk\/","name":"Marathi-grammatikk - Talkpal","isPartOf":{"@id":"https:\/\/talkpal.ai\/no\/#website"},"primaryImageOfPage":{"@id":"https:\/\/talkpal.ai\/no\/marathi-grammatikk\/#primaryimage"},"image":{"@id":"https:\/\/talkpal.ai\/no\/marathi-grammatikk\/#primaryimage"},"thumbnailUrl":"https:\/\/talkpal.ai\/wp-content\/uploads\/2023\/05\/Marathi-india.png","datePublished":"2023-05-14T14:12:07+00:00","dateModified":"2025-12-12T10:38:03+00:00","description":"Utforsk den fascinerende verdenen av marathi-grammatikk og oppdag dens unike regler, fonetikk og b\u00f8yninger n\u00e5r du skal l\u00e6re spr\u00e5ket.","breadcrumb":{"@id":"https:\/\/talkpal.ai\/no\/marathi-grammatikk\/#breadcrumb"},"inLanguage":"nb-NO","potentialAction":[{"@type":"ReadAction","target":["https:\/\/talkpal.ai\/no\/marathi-grammatikk\/"]}]},{"@type":"ImageObject","inLanguage":"nb-NO","@id":"https:\/\/talkpal.ai\/no\/marathi-grammatikk\/#primaryimage","url":"https:\/\/talkpal.ai\/wp-content\/uploads\/2023\/05\/Marathi-india.png","contentUrl":"https:\/\/talkpal.ai\/wp-content\/uploads\/2023\/05\/Marathi-india.png","width":512,"height":512},{"@type":"BreadcrumbList","@id":"https:\/\/talkpal.ai\/no\/marathi-grammatikk\/#breadcrumb","itemListElement":[{"@type":"ListItem","position":1,"name":"Homepage","item":"https:\/\/talkpal.ai\/no\/"},{"@type":"ListItem","position":2,"name":"Marathi-grammatikk"}]},{"@type":"WebSite","@id":"https:\/\/talkpal.ai\/no\/#website","url":"https:\/\/talkpal.ai\/no\/","name":"Talkpal","description":"AI Language Learning","publisher":{"@id":"https:\/\/talkpal.ai\/no\/#organization"},"alternateName":"Talkpal AI","potentialAction":[{"@type":"SearchAction","target":{"@type":"EntryPoint","urlTemplate":"https:\/\/talkpal.ai\/no\/?s={search_term_string}"},"query-input":{"@type":"PropertyValueSpecification","valueRequired":true,"valueName":"search_term_string"}}],"inLanguage":"nb-NO"},{"@type":"Organization","@id":"https:\/\/talkpal.ai\/no\/#organization","name":"Talkpal, Inc.","alternateName":"Talkpal AI","url":"https:\/\/talkpal.ai\/no\/","logo":{"@type":"ImageObject","inLanguage":"nb-NO","@id":"https:\/\/talkpal.ai\/no\/#\/schema\/logo\/image\/","url":"https:\/\/talkpal.ai\/wp-content\/uploads\/2024\/03\/Talkpal-Logo-Icon.png","contentUrl":"https:\/\/talkpal.ai\/wp-content\/uploads\/2024\/03\/Talkpal-Logo-Icon.png","width":2880,"height":2880,"caption":"Talkpal, Inc."},"image":{"@id":"https:\/\/talkpal.ai\/no\/#\/schema\/logo\/image\/"},"sameAs":["https:\/\/www.facebook.com\/profile.php?id=100090733639311","https:\/\/x.com\/talkpalai","https:\/\/www.linkedin.com\/company\/talkpal\/","https:\/\/www.youtube.com\/@TalkPal\/","https:\/\/www.tiktok.com\/@talkpal","https:\/\/www.instagram.com\/talkpal_ai\/","https:\/\/www.crunchbase.com\/organization\/talkpal-9cde","https:\/\/www.g2.com\/products\/talkpal-for-business\/","https:\/\/www.trustpilot.com\/review\/talkpal.ai","https:\/\/www.capterra.com\/p\/10006800\/TalkPal\/"],"description":"Talkpal is a language learning web and mobile education app, powered by the latest AI technologies, that provides engaging experiences to its customers in many different languages to help them improve their language skills. Users can chat about unlimited amount of topics with the app and use other modes to practice their language learning.","email":"support@talkpal.ai","legalName":"Talkpal, Inc.","foundingDate":"2023-04-03","duns":"118989042","numberOfEmployees":{"@type":"QuantitativeValue","minValue":"11","maxValue":"50"},"publishingPrinciples":"https:\/\/talkpal.ai\/publishing-principles\/","actionableFeedbackPolicy":"https:\/\/talkpal.ai\/actionable-feedback-policy\/","correctionsPolicy":"https:\/\/talkpal.ai\/corrections-policy\/","ethicsPolicy":"https:\/\/talkpal.ai\/ethics-policy\/","diversityPolicy":"https:\/\/talkpal.ai\/diversity-policy\/","diversityStaffingReport":"https:\/\/talkpal.ai\/diversity-policy\/"}]}},"_links":{"self":[{"href":"https:\/\/talkpal.ai\/no\/wp-json\/wp\/v2\/pages\/147546","targetHints":{"allow":["GET"]}}],"collection":[{"href":"https:\/\/talkpal.ai\/no\/wp-json\/wp\/v2\/pages"}],"about":[{"href":"https:\/\/talkpal.ai\/no\/wp-json\/wp\/v2\/types\/page"}],"author":[{"embeddable":true,"href":"https:\/\/talkpal.ai\/no\/wp-json\/wp\/v2\/users\/1"}],"replies":[{"embeddable":true,"href":"https:\/\/talkpal.ai\/no\/wp-json\/wp\/v2\/comments?post=147546"}],"version-history":[{"count":0,"href":"https:\/\/talkpal.ai\/no\/wp-json\/wp\/v2\/pages\/147546\/revisions"}],"wp:featuredmedia":[{"embeddable":true,"href":"https:\/\/talkpal.ai\/no\/wp-json\/wp\/v2\/media\/116341"}],"wp:attachment":[{"href":"https:\/\/talkpal.ai\/no\/wp-json\/wp\/v2\/media?parent=147546"}],"curies":[{"name":"wp","href":"https:\/\/api.w.org\/{rel}","templated":true}]}}