{"id":147148,"date":"2023-05-14T14:11:47","date_gmt":"2023-05-14T14:11:47","guid":{"rendered":"http:\/\/talkpal.ai\/malayisk-grammatikk\/"},"modified":"2025-12-17T16:40:50","modified_gmt":"2025-12-17T16:40:50","slug":"malayisk-grammatikk","status":"publish","type":"page","link":"https:\/\/talkpal.ai\/no\/malayisk-grammatikk\/","title":{"rendered":"Malayisk grammatikk"},"content":{"rendered":"\r\n\r\n\r\n<section class=\"languageChallengeSection\">\r\n    <div class=\"languageInfoWrapper\">\r\n        \r\n        <h1>Malayisk grammatikk<\/h1>\r\n        <p>Nysgjerrig p\u00e5 \u00e5 l\u00e6re malaysisk? Dykk ned i malaysisk <a href=\"https:\/\/talkpal.ai\/grammar\/\">grammatikk<\/a>, som er kjent for sine enkle regler, mangel p\u00e5 verbb\u00f8yning og bruk av affikser for \u00e5 skape mening. Begynn i dag &#8211; \u00e5 beherske malaysisk grammatikk vil gi deg selvtillit til \u00e5 kommunisere enkelt og \u00e5pne d\u00f8rer til de mangfoldige og dynamiske kulturene i S\u00f8r\u00f8st-Asia!<\/p>\r\n\r\n                            <a class=\"getStartedHidden\" href=\"https:\/\/app.talkpal.ai\/no\/signup?lng=\">Kom i gang<\/a>\r\n        \r\n    <\/div>\r\n\r\n    <figure>\r\n    <img decoding=\"async\" width=\"768\" height=\"768\" src=\"https:\/\/talkpal.ai\/wp-content\/uploads\/2023\/06\/malay-768x768.png\" class=\"languageImage no-lazy\" alt=\"Language learning for personal accomplishments\" fetchpriority=\"high\" sizes=\"(max-width: 768px) 150px, 768px\" srcset=\"https:\/\/talkpal.ai\/wp-content\/uploads\/2023\/06\/malay-768x768.png 768w, https:\/\/talkpal.ai\/wp-content\/uploads\/2023\/06\/malay-300x300.png 300w\" \/>\r\n    \r\n\r\n    <\/figure>\r\n\r\n            <a class=\"getStartedVisible\" href=\"https:\/\/app.talkpal.ai\/no\/signup?lng=\">Kom i gang<\/a>\r\n    \r\n<\/section>\r\n<section class=\"promotionalBanner\">\r\n    <p class=\"promotionalText\">Den mest effektive m\u00e5ten \u00e5 l\u00e6re et spr\u00e5k p\u00e5<\/p>\r\n    <a class=\"promotionalLink\" href=\"https:\/\/app.talkpal.ai\/no\/signup?lng=\">Pr\u00f8v Talkpal gratis<\/a>\r\n<\/section>\n<div class=\"wp-block-group pageContainerStyle\"><div class=\"wp-block-group__inner-container is-layout-constrained wp-block-group-is-layout-constrained\">\n<h2 class=\"wp-block-heading\" id=\"h-malay-grammar-exploring-the-richness-of-bahasa-melayu\">Malayisk grammatikk: Utforsk rikdommen til Bahasa Melayu<\/h2>\n\n\n\n<p>Det malaysiske spr\u00e5ket, eller <a href=\"https:\/\/talkpal.ai\/ms\/belajar-bahasa-melayu\/\">Bahasa Melayu<\/a>, er et av verdens <a href=\"https:\/\/talkpal.ai\/the-10-most-spoken-languages-in-the-world\/\">mest talte spr\u00e5k<\/a>, og forener de ulike folkene i Malaysia, <a href=\"https:\/\/talkpal.ai\/learn-indonesian\/\">Indonesia<\/a>, Brunei og <a href=\"https:\/\/talkpal.ai\/locations\/language-courses-in-singapore\/\">Singapore<\/a>. N\u00e5r du begynner \u00e5 l\u00e6re deg <a href=\"https:\/\/talkpal.ai\/learn-malay\/\">malayisk<\/a>, vil du raskt oppdage grammatikkens skj\u00f8nnhet og det spirende spr\u00e5klige landskapet. Denne artikkelen tar sikte p\u00e5 \u00e5 introdusere deg til kjerneprinsippene for malaysisk grammatikk, og veilede deg til bedre \u00e5 forst\u00e5 og sette pris p\u00e5 dette allsidige spr\u00e5ket.<\/p>\n\n\n\n<h3 class=\"wp-block-heading\" id=\"h-1-nouns-simplicity-rules\">1. Substantiv \u2013 Enkelhetsregler<\/h3>\n\n\n\n<p>I motsetning til andre spr\u00e5k har malaysisk grammatikk ingen b\u00f8yning eller kj\u00f8nnsklassifisering av substantivene. I stedet legger substantivbruk sterk vekt p\u00e5 enkelhet. Flertallsformer av substantiver skapes ved \u00e5 bare duplisere dem. H\u00f8res enkelt ut, ikke sant? For eksempel er &laquo;eple&raquo; &laquo;buah epal&raquo;, s\u00e5 &laquo;epler&raquo; blir &laquo;buah-buah epal&raquo;. Du kan droppe dupliseringen i uformell tale.<\/p>\n\n\n\n<h3 class=\"wp-block-heading\" id=\"h-2-adjectives-straightforward-descriptions\">2. Adjektiver \u2013 enkle beskrivelser<\/h3>\n\n\n\n<p>Malaysiske adjektiv forblir uendret uavhengig av substantivet de beskriver, noe som gj\u00f8r dem utrolig enkle \u00e5 bruke &#8211; nok et bevis p\u00e5 spr\u00e5kets enkelhet. Adjektivplassering kommer etter substantivet, og skaper en behagelig flyt i setninger. For eksempel er &laquo;et stort hus&raquo; &laquo;rumah besar&raquo;, der &laquo;rumah&raquo; refererer til &laquo;hus&raquo; og &laquo;besar&raquo; betyr &laquo;stort&raquo;.<\/p>\n\n\n\n<h3 class=\"wp-block-heading\" id=\"h-3-verbs-the-magic-of-prefixes-and-suffixes\">3. Verb \u2013 The Magic of Prefikser og Suffikser<\/h3>\n\n\n\n<p>Malayiske verb har en allsidighet som er b\u00e5de spennende og enkel. I Bahasa <a href=\"https:\/\/talkpal.ai\/learn-malay\/\">Melayu<\/a> formidles ikke tider eksplisitt gjennom verbformer; i stedet indikeres de gjennom kontekst eller tidsmark\u00f8rer. I tillegg bruker Malay utstrakt bruk av prefikser og suffikser for \u00e5 uttrykke forskjellige verbaspekter.<\/p>\n\n\n\n<p>Det finnes tre prim\u00e6re prefikser: &laquo;meN-&laquo;, &laquo;ber-&raquo; og &laquo;ter-&laquo;. Prefikset &laquo;meN-&raquo; har en rekke bruksomr\u00e5der, blant annet til \u00e5 danne aktive verb og betegne kausative handlinger. &laquo;ber-&raquo; betegner intransitive handlinger, og &laquo;ter-&raquo; indikerer tilfeldige hendelser eller passive handlinger. Det er viktig \u00e5 merke seg at hvert prefiks kan f\u00f8re til sm\u00e5 endringer i stavem\u00e5ten av grunnverbet.<\/p>\n\n\n\n<p>Suffikser som &laquo;-kan&raquo; og &laquo;-i&raquo; bidrar til ytterligere spesifisitet, mens infikset &laquo;-el-&raquo; tilf\u00f8rer intensitet til grunnverbet.<\/p>\n\n\n\n<h3 class=\"wp-block-heading\" id=\"h-4-prepositions-amp-particles-adding-flavor-to-sentences\">4. Preposisjoner og partikler \u2013 Legger smak til setninger<\/h3>\n\n\n\n<p>Preposisjoner og partikler spiller en viktig rolle i malaysisk grammatikk, og fungerer som spr\u00e5klig lim og gir viktig kontekst. Preposisjoner, som &laquo;di&raquo; (p\u00e5), &laquo;ke&raquo; (til) og &laquo;dari&raquo; (fra), bidrar til \u00e5 etablere relasjoner mellom ord. P\u00e5 den annen side brukes partikler, som &laquo;lah&raquo;, &laquo;kah&raquo; og &laquo;pun&raquo;, til \u00e5 legge vekt p\u00e5 f\u00f8lelser og sp\u00f8rsm\u00e5lstegn i setninger.<\/p>\n\n\n\n<p>For eksempel blir setningen &laquo;Kamu pergi sana&raquo;, som betyr &laquo;Du drar dit&raquo;, mer ettertrykkelig hvis du legger til &laquo;lah&raquo; p\u00e5 slutten: &laquo;Kamu pergi sana lah.&raquo; N\u00e5 betyr det &laquo;Du g\u00e5r dit (akkurat n\u00e5)&raquo;.<\/p>\n\n\n\n<h3 class=\"wp-block-heading\" id=\"h-5-embracing-the-journey\">5. Omfavne reisen<\/h3>\n\n\n\n<p>Mens malaysisk grammatikk kan virke grei sammenlignet med andre spr\u00e5k, ligger skj\u00f8nnheten i rikdommen og variasjonen av uttrykk oppn\u00e5dd gjennom enkle regler. Det enkle \u00e5 l\u00e6re malaysisk grammatikk vil gj\u00f8re deg i stand til \u00e5 engasjere deg i den mangfoldige malaysiske verden mer effektivt og fordype deg i dens unike kultur.<\/p>\n\n\n\n<p>F\u00f8r du dykker med hodet inn i Bahasa Melayu-verdenen, husk at reisen kanskje ikke alltid g\u00e5r glatt. Hold et \u00e5pent sinn, engasjer deg med morsm\u00e5l, og, viktigst av alt, nyt opplevelsen av \u00e5 oppdage nyansene i dette vakre spr\u00e5ket. Selamat belajar \u2013 god l\u00e6ring!<\/p>\n<\/div><\/div>\n\r\n<section class=\"learnNavigationSection\">\r\n            \r\n        <a href=\"https:\/\/talkpal.ai\/no\/laer-malaysisk\/\">\r\n            <div class=\"learnNavigationWrapper\">\r\n                <div class=\"learnNavigationContent\">\r\n                    <img decoding=\"async\" src=\"https:\/\/talkpal.ai\/wp-content\/uploads\/2024\/08\/Malay.jpg\" alt=\"Malaysian Flag\">\r\n                    <div>\r\n                        <h4>Om Malay Learning<\/h4>\r\n                        <p>Finn ut alt om malaysisk grammatikk.<\/p>\r\n                    <\/div>\r\n                <\/div>\r\n            <\/div>\r\n        <\/a>\r\n\r\n        \r\n        <a href=\"https:\/\/talkpal.ai\/no\/malayisk-grammatikkovelser\/\">\r\n            <div class=\"learnNavigationWrapper\">\r\n                <div class=\"learnNavigationContent\">\r\n                    <img decoding=\"async\" src=\"https:\/\/talkpal.ai\/wp-content\/uploads\/2024\/08\/Malay.jpg\" alt=\"Malaysian Flag\">\r\n                    <div>\r\n                        <h4>\u00d8velse i malaysisk grammatikk<\/h4>\r\n                        <p>\u00d8v malaysisk grammatikk<\/p>\r\n                    <\/div>\r\n                <\/div>\r\n            <\/div>\r\n        <\/a>\r\n\r\n        \r\n        <a href=\"https:\/\/talkpal.ai\/vocabulary_language\/malay\/\">\r\n            <div class=\"learnNavigationWrapper\">\r\n                <div class=\"learnNavigationContent\">\r\n                    <img decoding=\"async\" src=\"https:\/\/talkpal.ai\/wp-content\/uploads\/2024\/08\/Malay.jpg\" alt=\"Malaysian Flag\">\r\n                    <div>\r\n                        <h4>Malayisk ordforr\u00e5d<\/h4>\r\n                        <p>Utvid ordforr\u00e5det ditt p\u00e5 malaysisk.<\/p>\r\n                    <\/div>\r\n                <\/div>\r\n            <\/div>\r\n        <\/a>\r\n\r\n            <\/section>","protected":false},"excerpt":{"rendered":"<p>Malayisk grammatikk: Utforsk rikdommen til Bahasa Melayu Det malaysiske spr\u00e5ket, eller Bahasa Melayu, er et av verdens mest talte spr\u00e5k, og forener de ulike folkene i Malaysia, Indonesia, Brunei og Singapore. N\u00e5r du begynner \u00e5 l\u00e6re deg malayisk, vil du raskt oppdage grammatikkens skj\u00f8nnhet og det spirende spr\u00e5klige landskapet. Denne artikkelen tar sikte p\u00e5 \u00e5 [&hellip;]<\/p>\n","protected":false},"author":1,"featured_media":115727,"parent":0,"menu_order":0,"comment_status":"closed","ping_status":"closed","template":"LearningContentPage.php","meta":{"_acf_changed":false,"footnotes":""},"class_list":["post-147148","page","type-page","status-publish","has-post-thumbnail","hentry"],"acf":[],"yoast_head":"<!-- This site is optimized with the Yoast SEO Premium plugin v27.2 (Yoast SEO v27.2) - https:\/\/yoast.com\/product\/yoast-seo-premium-wordpress\/ -->\n<title>Malayisk grammatikk - Talkpal<\/title>\n<meta name=\"description\" content=\"Utforsk malaysisk grammatikk og l\u00e6r hvordan dens enkelhet kan forbedre din forst\u00e5else av det malaysiske spr\u00e5ket.\" \/>\n<meta name=\"robots\" content=\"index, follow, max-snippet:-1, max-image-preview:large, max-video-preview:-1\" \/>\n<link rel=\"canonical\" href=\"https:\/\/talkpal.ai\/no\/malayisk-grammatikk\/\" \/>\n<meta property=\"og:locale\" content=\"nb_NO\" \/>\n<meta property=\"og:type\" content=\"article\" \/>\n<meta property=\"og:title\" content=\"Malayisk grammatikk\" \/>\n<meta property=\"og:description\" content=\"Malayisk grammatikk: Utforsk rikdommen til Bahasa Melayu Det malaysiske spr\u00e5ket, eller Bahasa Melayu, er et av verdens mest talte spr\u00e5k, og forener de\" \/>\n<meta property=\"og:url\" content=\"https:\/\/talkpal.ai\/no\/malayisk-grammatikk\/\" \/>\n<meta property=\"og:site_name\" content=\"Talkpal\" \/>\n<meta property=\"article:publisher\" content=\"https:\/\/www.facebook.com\/profile.php?id=100090733639311\" \/>\n<meta property=\"article:modified_time\" content=\"2025-12-17T16:40:50+00:00\" \/>\n<meta property=\"og:image\" content=\"https:\/\/talkpal.ai\/wp-content\/uploads\/2023\/05\/malaysia.png\" \/>\n\t<meta property=\"og:image:width\" content=\"512\" \/>\n\t<meta property=\"og:image:height\" content=\"512\" \/>\n\t<meta property=\"og:image:type\" content=\"image\/png\" \/>\n<meta name=\"twitter:card\" content=\"summary_large_image\" \/>\n<meta name=\"twitter:site\" content=\"@talkpalai\" \/>\n<meta name=\"twitter:label1\" content=\"Ansl. lesetid\" \/>\n\t<meta name=\"twitter:data1\" content=\"3 minutter\" \/>\n<script type=\"application\/ld+json\" class=\"yoast-schema-graph\">{\"@context\":\"https:\/\/schema.org\",\"@graph\":[{\"@type\":\"WebPage\",\"@id\":\"https:\/\/talkpal.ai\/no\/malayisk-grammatikk\/\",\"url\":\"https:\/\/talkpal.ai\/no\/malayisk-grammatikk\/\",\"name\":\"Malayisk grammatikk - Talkpal\",\"isPartOf\":{\"@id\":\"https:\/\/talkpal.ai\/no\/#website\"},\"primaryImageOfPage\":{\"@id\":\"https:\/\/talkpal.ai\/no\/malayisk-grammatikk\/#primaryimage\"},\"image\":{\"@id\":\"https:\/\/talkpal.ai\/no\/malayisk-grammatikk\/#primaryimage\"},\"thumbnailUrl\":\"https:\/\/talkpal.ai\/wp-content\/uploads\/2023\/05\/malaysia.png\",\"datePublished\":\"2023-05-14T14:11:47+00:00\",\"dateModified\":\"2025-12-17T16:40:50+00:00\",\"description\":\"Utforsk malaysisk grammatikk og l\u00e6r hvordan dens enkelhet kan forbedre din forst\u00e5else av det malaysiske spr\u00e5ket.\",\"breadcrumb\":{\"@id\":\"https:\/\/talkpal.ai\/no\/malayisk-grammatikk\/#breadcrumb\"},\"inLanguage\":\"nb-NO\",\"potentialAction\":[{\"@type\":\"ReadAction\",\"target\":[\"https:\/\/talkpal.ai\/no\/malayisk-grammatikk\/\"]}]},{\"@type\":\"ImageObject\",\"inLanguage\":\"nb-NO\",\"@id\":\"https:\/\/talkpal.ai\/no\/malayisk-grammatikk\/#primaryimage\",\"url\":\"https:\/\/talkpal.ai\/wp-content\/uploads\/2023\/05\/malaysia.png\",\"contentUrl\":\"https:\/\/talkpal.ai\/wp-content\/uploads\/2023\/05\/malaysia.png\",\"width\":512,\"height\":512},{\"@type\":\"BreadcrumbList\",\"@id\":\"https:\/\/talkpal.ai\/no\/malayisk-grammatikk\/#breadcrumb\",\"itemListElement\":[{\"@type\":\"ListItem\",\"position\":1,\"name\":\"Homepage\",\"item\":\"https:\/\/talkpal.ai\/no\/\"},{\"@type\":\"ListItem\",\"position\":2,\"name\":\"Malayisk grammatikk\"}]},{\"@type\":\"WebSite\",\"@id\":\"https:\/\/talkpal.ai\/no\/#website\",\"url\":\"https:\/\/talkpal.ai\/no\/\",\"name\":\"Talkpal\",\"description\":\"AI Language Learning\",\"publisher\":{\"@id\":\"https:\/\/talkpal.ai\/no\/#organization\"},\"alternateName\":\"Talkpal AI\",\"potentialAction\":[{\"@type\":\"SearchAction\",\"target\":{\"@type\":\"EntryPoint\",\"urlTemplate\":\"https:\/\/talkpal.ai\/no\/?s={search_term_string}\"},\"query-input\":{\"@type\":\"PropertyValueSpecification\",\"valueRequired\":true,\"valueName\":\"search_term_string\"}}],\"inLanguage\":\"nb-NO\"},{\"@type\":\"Organization\",\"@id\":\"https:\/\/talkpal.ai\/no\/#organization\",\"name\":\"Talkpal, Inc.\",\"alternateName\":\"Talkpal AI\",\"url\":\"https:\/\/talkpal.ai\/no\/\",\"logo\":{\"@type\":\"ImageObject\",\"inLanguage\":\"nb-NO\",\"@id\":\"https:\/\/talkpal.ai\/no\/#\/schema\/logo\/image\/\",\"url\":\"https:\/\/talkpal.ai\/wp-content\/uploads\/2024\/03\/Talkpal-Logo-Icon.png\",\"contentUrl\":\"https:\/\/talkpal.ai\/wp-content\/uploads\/2024\/03\/Talkpal-Logo-Icon.png\",\"width\":2880,\"height\":2880,\"caption\":\"Talkpal, Inc.\"},\"image\":{\"@id\":\"https:\/\/talkpal.ai\/no\/#\/schema\/logo\/image\/\"},\"sameAs\":[\"https:\/\/www.facebook.com\/profile.php?id=100090733639311\",\"https:\/\/x.com\/talkpalai\",\"https:\/\/www.linkedin.com\/company\/talkpal\/\",\"https:\/\/www.youtube.com\/@TalkPal\/\",\"https:\/\/www.tiktok.com\/@talkpal\",\"https:\/\/www.instagram.com\/talkpal_ai\/\",\"https:\/\/www.crunchbase.com\/organization\/talkpal-9cde\",\"https:\/\/www.g2.com\/products\/talkpal-for-business\/\",\"https:\/\/www.trustpilot.com\/review\/talkpal.ai\",\"https:\/\/www.capterra.com\/p\/10006800\/TalkPal\/\"],\"description\":\"Talkpal is a language learning web and mobile education app, powered by the latest AI technologies, that provides engaging experiences to its customers in many different languages to help them improve their language skills. Users can chat about unlimited amount of topics with the app and use other modes to practice their language learning.\",\"email\":\"support@talkpal.ai\",\"legalName\":\"Talkpal, Inc.\",\"foundingDate\":\"2023-04-03\",\"duns\":\"118989042\",\"numberOfEmployees\":{\"@type\":\"QuantitativeValue\",\"minValue\":\"11\",\"maxValue\":\"50\"},\"publishingPrinciples\":\"https:\/\/talkpal.ai\/publishing-principles\/\",\"actionableFeedbackPolicy\":\"https:\/\/talkpal.ai\/actionable-feedback-policy\/\",\"correctionsPolicy\":\"https:\/\/talkpal.ai\/corrections-policy\/\",\"ethicsPolicy\":\"https:\/\/talkpal.ai\/ethics-policy\/\",\"diversityPolicy\":\"https:\/\/talkpal.ai\/diversity-policy\/\",\"diversityStaffingReport\":\"https:\/\/talkpal.ai\/diversity-policy\/\"}]}<\/script>\n<!-- \/ Yoast SEO Premium plugin. -->","yoast_head_json":{"title":"Malayisk grammatikk - Talkpal","description":"Utforsk malaysisk grammatikk og l\u00e6r hvordan dens enkelhet kan forbedre din forst\u00e5else av det malaysiske spr\u00e5ket.","robots":{"index":"index","follow":"follow","max-snippet":"max-snippet:-1","max-image-preview":"max-image-preview:large","max-video-preview":"max-video-preview:-1"},"canonical":"https:\/\/talkpal.ai\/no\/malayisk-grammatikk\/","og_locale":"nb_NO","og_type":"article","og_title":"Malayisk grammatikk","og_description":"Malayisk grammatikk: Utforsk rikdommen til Bahasa Melayu Det malaysiske spr\u00e5ket, eller Bahasa Melayu, er et av verdens mest talte spr\u00e5k, og forener de","og_url":"https:\/\/talkpal.ai\/no\/malayisk-grammatikk\/","og_site_name":"Talkpal","article_publisher":"https:\/\/www.facebook.com\/profile.php?id=100090733639311","article_modified_time":"2025-12-17T16:40:50+00:00","og_image":[{"width":512,"height":512,"url":"https:\/\/talkpal.ai\/wp-content\/uploads\/2023\/05\/malaysia.png","type":"image\/png"}],"twitter_card":"summary_large_image","twitter_site":"@talkpalai","twitter_misc":{"Ansl. lesetid":"3 minutter"},"schema":{"@context":"https:\/\/schema.org","@graph":[{"@type":"WebPage","@id":"https:\/\/talkpal.ai\/no\/malayisk-grammatikk\/","url":"https:\/\/talkpal.ai\/no\/malayisk-grammatikk\/","name":"Malayisk grammatikk - Talkpal","isPartOf":{"@id":"https:\/\/talkpal.ai\/no\/#website"},"primaryImageOfPage":{"@id":"https:\/\/talkpal.ai\/no\/malayisk-grammatikk\/#primaryimage"},"image":{"@id":"https:\/\/talkpal.ai\/no\/malayisk-grammatikk\/#primaryimage"},"thumbnailUrl":"https:\/\/talkpal.ai\/wp-content\/uploads\/2023\/05\/malaysia.png","datePublished":"2023-05-14T14:11:47+00:00","dateModified":"2025-12-17T16:40:50+00:00","description":"Utforsk malaysisk grammatikk og l\u00e6r hvordan dens enkelhet kan forbedre din forst\u00e5else av det malaysiske spr\u00e5ket.","breadcrumb":{"@id":"https:\/\/talkpal.ai\/no\/malayisk-grammatikk\/#breadcrumb"},"inLanguage":"nb-NO","potentialAction":[{"@type":"ReadAction","target":["https:\/\/talkpal.ai\/no\/malayisk-grammatikk\/"]}]},{"@type":"ImageObject","inLanguage":"nb-NO","@id":"https:\/\/talkpal.ai\/no\/malayisk-grammatikk\/#primaryimage","url":"https:\/\/talkpal.ai\/wp-content\/uploads\/2023\/05\/malaysia.png","contentUrl":"https:\/\/talkpal.ai\/wp-content\/uploads\/2023\/05\/malaysia.png","width":512,"height":512},{"@type":"BreadcrumbList","@id":"https:\/\/talkpal.ai\/no\/malayisk-grammatikk\/#breadcrumb","itemListElement":[{"@type":"ListItem","position":1,"name":"Homepage","item":"https:\/\/talkpal.ai\/no\/"},{"@type":"ListItem","position":2,"name":"Malayisk grammatikk"}]},{"@type":"WebSite","@id":"https:\/\/talkpal.ai\/no\/#website","url":"https:\/\/talkpal.ai\/no\/","name":"Talkpal","description":"AI Language Learning","publisher":{"@id":"https:\/\/talkpal.ai\/no\/#organization"},"alternateName":"Talkpal AI","potentialAction":[{"@type":"SearchAction","target":{"@type":"EntryPoint","urlTemplate":"https:\/\/talkpal.ai\/no\/?s={search_term_string}"},"query-input":{"@type":"PropertyValueSpecification","valueRequired":true,"valueName":"search_term_string"}}],"inLanguage":"nb-NO"},{"@type":"Organization","@id":"https:\/\/talkpal.ai\/no\/#organization","name":"Talkpal, Inc.","alternateName":"Talkpal AI","url":"https:\/\/talkpal.ai\/no\/","logo":{"@type":"ImageObject","inLanguage":"nb-NO","@id":"https:\/\/talkpal.ai\/no\/#\/schema\/logo\/image\/","url":"https:\/\/talkpal.ai\/wp-content\/uploads\/2024\/03\/Talkpal-Logo-Icon.png","contentUrl":"https:\/\/talkpal.ai\/wp-content\/uploads\/2024\/03\/Talkpal-Logo-Icon.png","width":2880,"height":2880,"caption":"Talkpal, Inc."},"image":{"@id":"https:\/\/talkpal.ai\/no\/#\/schema\/logo\/image\/"},"sameAs":["https:\/\/www.facebook.com\/profile.php?id=100090733639311","https:\/\/x.com\/talkpalai","https:\/\/www.linkedin.com\/company\/talkpal\/","https:\/\/www.youtube.com\/@TalkPal\/","https:\/\/www.tiktok.com\/@talkpal","https:\/\/www.instagram.com\/talkpal_ai\/","https:\/\/www.crunchbase.com\/organization\/talkpal-9cde","https:\/\/www.g2.com\/products\/talkpal-for-business\/","https:\/\/www.trustpilot.com\/review\/talkpal.ai","https:\/\/www.capterra.com\/p\/10006800\/TalkPal\/"],"description":"Talkpal is a language learning web and mobile education app, powered by the latest AI technologies, that provides engaging experiences to its customers in many different languages to help them improve their language skills. Users can chat about unlimited amount of topics with the app and use other modes to practice their language learning.","email":"support@talkpal.ai","legalName":"Talkpal, Inc.","foundingDate":"2023-04-03","duns":"118989042","numberOfEmployees":{"@type":"QuantitativeValue","minValue":"11","maxValue":"50"},"publishingPrinciples":"https:\/\/talkpal.ai\/publishing-principles\/","actionableFeedbackPolicy":"https:\/\/talkpal.ai\/actionable-feedback-policy\/","correctionsPolicy":"https:\/\/talkpal.ai\/corrections-policy\/","ethicsPolicy":"https:\/\/talkpal.ai\/ethics-policy\/","diversityPolicy":"https:\/\/talkpal.ai\/diversity-policy\/","diversityStaffingReport":"https:\/\/talkpal.ai\/diversity-policy\/"}]}},"_links":{"self":[{"href":"https:\/\/talkpal.ai\/no\/wp-json\/wp\/v2\/pages\/147148","targetHints":{"allow":["GET"]}}],"collection":[{"href":"https:\/\/talkpal.ai\/no\/wp-json\/wp\/v2\/pages"}],"about":[{"href":"https:\/\/talkpal.ai\/no\/wp-json\/wp\/v2\/types\/page"}],"author":[{"embeddable":true,"href":"https:\/\/talkpal.ai\/no\/wp-json\/wp\/v2\/users\/1"}],"replies":[{"embeddable":true,"href":"https:\/\/talkpal.ai\/no\/wp-json\/wp\/v2\/comments?post=147148"}],"version-history":[{"count":0,"href":"https:\/\/talkpal.ai\/no\/wp-json\/wp\/v2\/pages\/147148\/revisions"}],"wp:featuredmedia":[{"embeddable":true,"href":"https:\/\/talkpal.ai\/no\/wp-json\/wp\/v2\/media\/115727"}],"wp:attachment":[{"href":"https:\/\/talkpal.ai\/no\/wp-json\/wp\/v2\/media?parent=147148"}],"curies":[{"name":"wp","href":"https:\/\/api.w.org\/{rel}","templated":true}]}}