{"id":146819,"date":"2023-05-14T14:11:28","date_gmt":"2023-05-14T14:11:28","guid":{"rendered":"http:\/\/talkpal.ai\/makedonsk-grammatikk\/"},"modified":"2025-12-17T16:38:45","modified_gmt":"2025-12-17T16:38:45","slug":"makedonsk-grammatikk","status":"publish","type":"page","link":"https:\/\/talkpal.ai\/no\/makedonsk-grammatikk\/","title":{"rendered":"Makedonsk grammatikk"},"content":{"rendered":"\r\n\r\n\r\n<section class=\"languageChallengeSection\">\r\n    <div class=\"languageInfoWrapper\">\r\n        \r\n        <h1>Makedonsk grammatikk<\/h1>\r\n        <p>Dykk ned i den fascinerende verdenen av <a href=\"https:\/\/talkpal.ai\/da\/laer-makedonsk\/\">makedonsk grammatikk<\/a> og avdekk strukturen bak dette unike s\u00f8rslaviske spr\u00e5ket. Ved \u00e5 l\u00e6re deg grunnleggende <a href=\"https:\/\/talkpal.ai\/da\/laer-makedonsk\/\">makedonsk grammatikk<\/a> kan du kommunisere tryggere og utforske den rike kulturen i Nord-Makedonia. Kom i gang i dag og ta ditt f\u00f8rste skritt mot \u00e5 <a href=\"https:\/\/talkpal.ai\/locations\/language-courses-in-mestre\/\">mestre<\/a> <a href=\"https:\/\/talkpal.ai\/learn-macedonian\/\">makedonsk<\/a>!<\/p>\r\n\r\n                            <a class=\"getStartedHidden\" href=\"https:\/\/app.talkpal.ai\/no\/signup?lng=\">Kom i gang<\/a>\r\n        \r\n    <\/div>\r\n\r\n    <figure>\r\n    <img decoding=\"async\" width=\"768\" height=\"768\" src=\"https:\/\/talkpal.ai\/wp-content\/uploads\/2023\/06\/macedonian-768x768.png\" class=\"languageImage no-lazy\" alt=\"Language learning through conversational practice\" fetchpriority=\"high\" sizes=\"(max-width: 768px) 150px, 768px\" srcset=\"https:\/\/talkpal.ai\/wp-content\/uploads\/2023\/06\/macedonian-768x768.png 768w, https:\/\/talkpal.ai\/wp-content\/uploads\/2023\/06\/macedonian-300x300.png 300w\" \/>\r\n    \r\n\r\n    <\/figure>\r\n\r\n            <a class=\"getStartedVisible\" href=\"https:\/\/app.talkpal.ai\/no\/signup?lng=\">Kom i gang<\/a>\r\n    \r\n<\/section>\r\n<section class=\"promotionalBanner\">\r\n    <p class=\"promotionalText\">Den mest effektive m\u00e5ten \u00e5 l\u00e6re et spr\u00e5k p\u00e5<\/p>\r\n    <a class=\"promotionalLink\" href=\"https:\/\/app.talkpal.ai\/no\/signup?lng=\">Pr\u00f8v Talkpal gratis<\/a>\r\n<\/section>\n<div class=\"wp-block-group pageContainerStyle\"><div class=\"wp-block-group__inner-container is-layout-constrained wp-block-group-is-layout-constrained\">\n<h2 class=\"wp-block-heading\" id=\"h-unraveling-the-mysteries-of-macedonian-grammar\">\u00c5 avdekke mysteriene til makedonsk grammatikk<\/h2>\n\n\n\n<p>Makedonsk <a href=\"https:\/\/talkpal.ai\/grammar\/\">grammatikk<\/a> &#8211; innviklet, men <a href=\"https:\/\/talkpal.ai\/learn-latvian\/\">lett<\/a> tilgjengelig, fascinerende, men grasi\u00f8s, kompleks, men spennende. N\u00e5r du starter reisen inn i det makedonske spr\u00e5kets verden, kan du f\u00f8le en blanding av spenning og skremming n\u00e5r det kommer til \u00e5 tyde dets grammatiske g\u00e5ter. Frykt ikke, inderlig spr\u00e5kentusiast! Vi er her for \u00e5 st\u00f8tte deg p\u00e5 dette spr\u00e5klige eventyret!<\/p>\n\n\n\n<p>I denne engasjerende artikkelen belyser vi viktige aspekter ved makedonsk grammatikk, med innsikt, forklaringer og praktiske eksempler. Vi skal avsl\u00f8re at dette fascinerende spr\u00e5ket fra Balkan er mer tilgjengelig enn du kanskje tror! S\u00e5 fest deg og la <a href=\"https:\/\/talkpal.ai\/locations\/language-courses-in-oss\/\">oss<\/a> forenkle og avmystifisere makedonsk grammatikk for deg.<\/p>\n\n\n\n<h3 class=\"wp-block-heading\" id=\"h-1-delightful-declensions-noun-cases-made-easy\">1. Delightful declensions: Substantive Cases Made Easy<\/h3>\n\n\n\n<p>Som andre slaviske spr\u00e5k, har makedonsk et komplekst substantiv-kasussystem, best\u00e5ende av tre kasus: nominativ, akkusativ og dativ. Selv om det er mindre skremmende enn spr\u00e5k med flere kasus, er det viktig \u00e5 mestre disse nyansene for \u00e5 oppn\u00e5 flyt. Disse tilfellene tildeler forskjellige roller til substantiv, pronomen og adjektiver i en setning. Her er en kort oversikt:<\/p>\n\n\n\n<p><strong>&#8211; Nominativ: Subjektet i setningen<\/strong><\/p>\n\n\n\n<p><strong>&#8211; Akkusativ: Det direkte objektet eller m\u00e5let for en handling<\/strong><\/p>\n\n\n\n<p><strong>&#8211; Dativ: Det indirekte objektet, eller som viser retningen til en handling<\/strong><\/p>\n\n\n\n<p>For \u00e5 f\u00e5 taket p\u00e5 disse sakene er \u00f8velse n\u00f8kkelen. Med tid og eksponering for spr\u00e5ket vil disse distinksjonene bli en annen natur.<\/p>\n\n\n\n<h3 class=\"wp-block-heading\" id=\"h-2-amiable-adjectives-agreement-is-everything\">2. Amiable adjektiver: Avtale er alt<\/h3>\n\n\n\n<p>Adjektiver i makedonsk grammatikk er sympatiske konformister. De er enige med kj\u00f8nn, tall og kasus for substantivene de beskriver. Det betyr at du m\u00e5 tilpasse adjektivets form til substantivets egenskaper.<\/p>\n\n\n\n<p>For \u00e5 gj\u00f8re denne prosessen jevnere, fokuser p\u00e5 \u00e5 l\u00e6re de viktigste adjektivformene &#8211; maskulin, feminin og intetkj\u00f8nn. Med regelmessig praksis vil prosessen med adjektivavtale snart bli intuitiv.<\/p>\n\n\n\n<h3 class=\"wp-block-heading\" id=\"h-3-vigorous-verbs-conjugation-and-aspect-mastery\">3. Kraftige verb: B\u00f8yning og aspektmestring<\/h3>\n\n\n\n<p>Som med andre slaviske spr\u00e5k, opplever makedonske verb betydelige variasjoner. Konjugering avhenger av anspenthet, hum\u00f8r, person, tall og, viktigst, aspekt.<\/p>\n\n\n\n<p>Makedonske verb har to aspekter: perfektiv og imperfektiv. Perfektive verb uttrykker en fullstendig handling, mens imperfektive formidler en p\u00e5g\u00e5ende eller repeterende handling. \u00c5 forst\u00e5 dette konseptet er avgj\u00f8rende for \u00e5 forbedre din grammatiske ekspertise.<\/p>\n\n\n\n<h3 class=\"wp-block-heading\" id=\"h-4-pitch-perfect-particles-mastering-stress-and-intonation\">4. Pitch-perfekte partikler: Mestring av stress og intonasjon<\/h3>\n\n\n\n<p>En unik makedonsk utfordring for spr\u00e5kelever er \u00e5 mestre det karakteristiske toneh\u00f8yde-aksentsystemet som tildeler stress og intonasjon til stavelser. Dette systemet kan direkte p\u00e5virke mening og forst\u00e5else.<\/p>\n\n\n\n<p>For \u00e5 oppn\u00e5 n\u00f8yaktig uttale og klarhet i kommunikasjonen b\u00f8r du f\u00f8lge n\u00f8ye med p\u00e5 intonasjonsm\u00f8nstrene i makedonske morsm\u00e5lstaleres tale. Som nybegynner kan du slite, men husk at \u00f8velse avler selvtillit og mestring.<\/p>\n\n\n\n<h3 class=\"wp-block-heading\" id=\"h-5-embrace-the-intricacies-persevere-and-prosper\">5. Omfavn forviklingene: Hold ut og blomstre<\/h3>\n\n\n\n<p>Makedonsk grammatikk kan ved f\u00f8rste \u00f8yekast virke kompleks, men husk at t\u00e5lmodighet, \u00f8velse og utholdenhet er hemmelighetene bak suksess. Engasjere seg i spr\u00e5ket gjennom \u00e5 lese, skrive, lytte og snakke. Omfavn utfordringene og bel\u00f8nn deg selv med tilfredsstillelsen av fremgang.<\/p>\n\n\n\n<p>S\u00e5, er du klar til \u00e5 dykke inn i det fascinerende riket av makedonsk grammatikk? Omfavn dens s\u00e6rheter og kompleksiteter, nyt finessene, og husk at med dedikasjon og entusiasme kan du l\u00e5se opp den sanne skj\u00f8nnheten til det makedonske spr\u00e5ket. S\u00e5 bra! (Lykke til!)<\/p>\n<\/div><\/div>\n\r\n<section class=\"learnNavigationSection\">\r\n            \r\n        <a href=\"https:\/\/talkpal.ai\/no\/laer-makedonsk\/\">\r\n            <div class=\"learnNavigationWrapper\">\r\n                <div class=\"learnNavigationContent\">\r\n                    <img decoding=\"async\" src=\"https:\/\/talkpal.ai\/wp-content\/uploads\/2024\/08\/Macedonian.jpg\" alt=\"Macedonian Flag\">\r\n                    <div>\r\n                        <h4>Om makedonsk l\u00e6ring<\/h4>\r\n                        <p>Finn ut alt om makedonsk grammatikk.<\/p>\r\n                    <\/div>\r\n                <\/div>\r\n            <\/div>\r\n        <\/a>\r\n\r\n        \r\n        <a href=\"https:\/\/talkpal.ai\/no\/makedonske-grammatikkovelser\/\">\r\n            <div class=\"learnNavigationWrapper\">\r\n                <div class=\"learnNavigationContent\">\r\n                    <img decoding=\"async\" src=\"https:\/\/talkpal.ai\/wp-content\/uploads\/2024\/08\/Macedonian.jpg\" alt=\"Macedonian Flag\">\r\n                    <div>\r\n                        <h4>Makedonsk grammatikk\u00f8velse<\/h4>\r\n                        <p>\u00d8v p\u00e5 makedonsk grammatikk.<\/p>\r\n                    <\/div>\r\n                <\/div>\r\n            <\/div>\r\n        <\/a>\r\n\r\n        \r\n        <a href=\"https:\/\/talkpal.ai\/vocabulary_language\/macedonian\/\">\r\n            <div class=\"learnNavigationWrapper\">\r\n                <div class=\"learnNavigationContent\">\r\n                    <img decoding=\"async\" src=\"https:\/\/talkpal.ai\/wp-content\/uploads\/2024\/08\/Macedonian.jpg\" alt=\"Macedonian Flag\">\r\n                    <div>\r\n                        <h4>Makedonsk ordforr\u00e5d<\/h4>\r\n                        <p>Utvid det makedonske ordforr\u00e5det ditt.<\/p>\r\n                    <\/div>\r\n                <\/div>\r\n            <\/div>\r\n        <\/a>\r\n\r\n            <\/section>","protected":false},"excerpt":{"rendered":"<p>\u00c5 avdekke mysteriene til makedonsk grammatikk Makedonsk grammatikk &#8211; innviklet, men lett tilgjengelig, fascinerende, men grasi\u00f8s, kompleks, men spennende. N\u00e5r du starter reisen inn i det makedonske spr\u00e5kets verden, kan du f\u00f8le en blanding av spenning og skremming n\u00e5r det kommer til \u00e5 tyde dets grammatiske g\u00e5ter. Frykt ikke, inderlig spr\u00e5kentusiast! Vi er her for [&hellip;]<\/p>\n","protected":false},"author":1,"featured_media":115559,"parent":0,"menu_order":0,"comment_status":"closed","ping_status":"closed","template":"LearningContentPage.php","meta":{"_acf_changed":false,"footnotes":""},"class_list":["post-146819","page","type-page","status-publish","has-post-thumbnail","hentry"],"acf":[],"yoast_head":"<!-- This site is optimized with the Yoast SEO Premium plugin v27.2 (Yoast SEO v27.2) - https:\/\/yoast.com\/product\/yoast-seo-premium-wordpress\/ -->\n<title>Makedonsk grammatikk - Talkpal<\/title>\n<meta name=\"description\" content=\"Behersk makedonsk grammatikk uten problemer med Talkpal, din AI-drevne spr\u00e5kveileder. Forbedre dine makedonske grammatikkferdigheter!\" \/>\n<meta name=\"robots\" content=\"index, follow, max-snippet:-1, max-image-preview:large, max-video-preview:-1\" \/>\n<link rel=\"canonical\" href=\"https:\/\/talkpal.ai\/no\/makedonsk-grammatikk\/\" \/>\n<meta property=\"og:locale\" content=\"nb_NO\" \/>\n<meta property=\"og:type\" content=\"article\" \/>\n<meta property=\"og:title\" content=\"Makedonsk grammatikk\" \/>\n<meta property=\"og:description\" content=\"\u00c5 avdekke mysteriene til makedonsk grammatikk Makedonsk grammatikk - innviklet, men lett tilgjengelig, fascinerende, men grasi\u00f8s, kompleks, men spennende.\" \/>\n<meta property=\"og:url\" content=\"https:\/\/talkpal.ai\/no\/makedonsk-grammatikk\/\" \/>\n<meta property=\"og:site_name\" content=\"Talkpal\" \/>\n<meta property=\"article:publisher\" content=\"https:\/\/www.facebook.com\/profile.php?id=100090733639311\" \/>\n<meta property=\"article:modified_time\" content=\"2025-12-17T16:38:45+00:00\" \/>\n<meta property=\"og:image\" content=\"https:\/\/talkpal.ai\/wp-content\/uploads\/2023\/05\/republic-of-macedonia.png\" \/>\n\t<meta property=\"og:image:width\" content=\"512\" \/>\n\t<meta property=\"og:image:height\" content=\"512\" \/>\n\t<meta property=\"og:image:type\" content=\"image\/png\" \/>\n<meta name=\"twitter:card\" content=\"summary_large_image\" \/>\n<meta name=\"twitter:site\" content=\"@talkpalai\" \/>\n<meta name=\"twitter:label1\" content=\"Ansl. lesetid\" \/>\n\t<meta name=\"twitter:data1\" content=\"3 minutter\" \/>\n<script type=\"application\/ld+json\" class=\"yoast-schema-graph\">{\"@context\":\"https:\/\/schema.org\",\"@graph\":[{\"@type\":\"WebPage\",\"@id\":\"https:\/\/talkpal.ai\/no\/makedonsk-grammatikk\/\",\"url\":\"https:\/\/talkpal.ai\/no\/makedonsk-grammatikk\/\",\"name\":\"Makedonsk grammatikk - Talkpal\",\"isPartOf\":{\"@id\":\"https:\/\/talkpal.ai\/no\/#website\"},\"primaryImageOfPage\":{\"@id\":\"https:\/\/talkpal.ai\/no\/makedonsk-grammatikk\/#primaryimage\"},\"image\":{\"@id\":\"https:\/\/talkpal.ai\/no\/makedonsk-grammatikk\/#primaryimage\"},\"thumbnailUrl\":\"https:\/\/talkpal.ai\/wp-content\/uploads\/2023\/05\/republic-of-macedonia.png\",\"datePublished\":\"2023-05-14T14:11:28+00:00\",\"dateModified\":\"2025-12-17T16:38:45+00:00\",\"description\":\"Behersk makedonsk grammatikk uten problemer med Talkpal, din AI-drevne spr\u00e5kveileder. Forbedre dine makedonske grammatikkferdigheter!\",\"breadcrumb\":{\"@id\":\"https:\/\/talkpal.ai\/no\/makedonsk-grammatikk\/#breadcrumb\"},\"inLanguage\":\"nb-NO\",\"potentialAction\":[{\"@type\":\"ReadAction\",\"target\":[\"https:\/\/talkpal.ai\/no\/makedonsk-grammatikk\/\"]}]},{\"@type\":\"ImageObject\",\"inLanguage\":\"nb-NO\",\"@id\":\"https:\/\/talkpal.ai\/no\/makedonsk-grammatikk\/#primaryimage\",\"url\":\"https:\/\/talkpal.ai\/wp-content\/uploads\/2023\/05\/republic-of-macedonia.png\",\"contentUrl\":\"https:\/\/talkpal.ai\/wp-content\/uploads\/2023\/05\/republic-of-macedonia.png\",\"width\":512,\"height\":512},{\"@type\":\"BreadcrumbList\",\"@id\":\"https:\/\/talkpal.ai\/no\/makedonsk-grammatikk\/#breadcrumb\",\"itemListElement\":[{\"@type\":\"ListItem\",\"position\":1,\"name\":\"Homepage\",\"item\":\"https:\/\/talkpal.ai\/no\/\"},{\"@type\":\"ListItem\",\"position\":2,\"name\":\"Makedonsk grammatikk\"}]},{\"@type\":\"WebSite\",\"@id\":\"https:\/\/talkpal.ai\/no\/#website\",\"url\":\"https:\/\/talkpal.ai\/no\/\",\"name\":\"Talkpal\",\"description\":\"AI Language Learning\",\"publisher\":{\"@id\":\"https:\/\/talkpal.ai\/no\/#organization\"},\"alternateName\":\"Talkpal AI\",\"potentialAction\":[{\"@type\":\"SearchAction\",\"target\":{\"@type\":\"EntryPoint\",\"urlTemplate\":\"https:\/\/talkpal.ai\/no\/?s={search_term_string}\"},\"query-input\":{\"@type\":\"PropertyValueSpecification\",\"valueRequired\":true,\"valueName\":\"search_term_string\"}}],\"inLanguage\":\"nb-NO\"},{\"@type\":\"Organization\",\"@id\":\"https:\/\/talkpal.ai\/no\/#organization\",\"name\":\"Talkpal, Inc.\",\"alternateName\":\"Talkpal AI\",\"url\":\"https:\/\/talkpal.ai\/no\/\",\"logo\":{\"@type\":\"ImageObject\",\"inLanguage\":\"nb-NO\",\"@id\":\"https:\/\/talkpal.ai\/no\/#\/schema\/logo\/image\/\",\"url\":\"https:\/\/talkpal.ai\/wp-content\/uploads\/2024\/03\/Talkpal-Logo-Icon.png\",\"contentUrl\":\"https:\/\/talkpal.ai\/wp-content\/uploads\/2024\/03\/Talkpal-Logo-Icon.png\",\"width\":2880,\"height\":2880,\"caption\":\"Talkpal, Inc.\"},\"image\":{\"@id\":\"https:\/\/talkpal.ai\/no\/#\/schema\/logo\/image\/\"},\"sameAs\":[\"https:\/\/www.facebook.com\/profile.php?id=100090733639311\",\"https:\/\/x.com\/talkpalai\",\"https:\/\/www.linkedin.com\/company\/talkpal\/\",\"https:\/\/www.youtube.com\/@TalkPal\/\",\"https:\/\/www.tiktok.com\/@talkpal\",\"https:\/\/www.instagram.com\/talkpal_ai\/\",\"https:\/\/www.crunchbase.com\/organization\/talkpal-9cde\",\"https:\/\/www.g2.com\/products\/talkpal-for-business\/\",\"https:\/\/www.trustpilot.com\/review\/talkpal.ai\",\"https:\/\/www.capterra.com\/p\/10006800\/TalkPal\/\"],\"description\":\"Talkpal is a language learning web and mobile education app, powered by the latest AI technologies, that provides engaging experiences to its customers in many different languages to help them improve their language skills. Users can chat about unlimited amount of topics with the app and use other modes to practice their language learning.\",\"email\":\"support@talkpal.ai\",\"legalName\":\"Talkpal, Inc.\",\"foundingDate\":\"2023-04-03\",\"duns\":\"118989042\",\"numberOfEmployees\":{\"@type\":\"QuantitativeValue\",\"minValue\":\"11\",\"maxValue\":\"50\"},\"publishingPrinciples\":\"https:\/\/talkpal.ai\/publishing-principles\/\",\"actionableFeedbackPolicy\":\"https:\/\/talkpal.ai\/actionable-feedback-policy\/\",\"correctionsPolicy\":\"https:\/\/talkpal.ai\/corrections-policy\/\",\"ethicsPolicy\":\"https:\/\/talkpal.ai\/ethics-policy\/\",\"diversityPolicy\":\"https:\/\/talkpal.ai\/diversity-policy\/\",\"diversityStaffingReport\":\"https:\/\/talkpal.ai\/diversity-policy\/\"}]}<\/script>\n<!-- \/ Yoast SEO Premium plugin. -->","yoast_head_json":{"title":"Makedonsk grammatikk - Talkpal","description":"Behersk makedonsk grammatikk uten problemer med Talkpal, din AI-drevne spr\u00e5kveileder. Forbedre dine makedonske grammatikkferdigheter!","robots":{"index":"index","follow":"follow","max-snippet":"max-snippet:-1","max-image-preview":"max-image-preview:large","max-video-preview":"max-video-preview:-1"},"canonical":"https:\/\/talkpal.ai\/no\/makedonsk-grammatikk\/","og_locale":"nb_NO","og_type":"article","og_title":"Makedonsk grammatikk","og_description":"\u00c5 avdekke mysteriene til makedonsk grammatikk Makedonsk grammatikk - innviklet, men lett tilgjengelig, fascinerende, men grasi\u00f8s, kompleks, men spennende.","og_url":"https:\/\/talkpal.ai\/no\/makedonsk-grammatikk\/","og_site_name":"Talkpal","article_publisher":"https:\/\/www.facebook.com\/profile.php?id=100090733639311","article_modified_time":"2025-12-17T16:38:45+00:00","og_image":[{"width":512,"height":512,"url":"https:\/\/talkpal.ai\/wp-content\/uploads\/2023\/05\/republic-of-macedonia.png","type":"image\/png"}],"twitter_card":"summary_large_image","twitter_site":"@talkpalai","twitter_misc":{"Ansl. lesetid":"3 minutter"},"schema":{"@context":"https:\/\/schema.org","@graph":[{"@type":"WebPage","@id":"https:\/\/talkpal.ai\/no\/makedonsk-grammatikk\/","url":"https:\/\/talkpal.ai\/no\/makedonsk-grammatikk\/","name":"Makedonsk grammatikk - Talkpal","isPartOf":{"@id":"https:\/\/talkpal.ai\/no\/#website"},"primaryImageOfPage":{"@id":"https:\/\/talkpal.ai\/no\/makedonsk-grammatikk\/#primaryimage"},"image":{"@id":"https:\/\/talkpal.ai\/no\/makedonsk-grammatikk\/#primaryimage"},"thumbnailUrl":"https:\/\/talkpal.ai\/wp-content\/uploads\/2023\/05\/republic-of-macedonia.png","datePublished":"2023-05-14T14:11:28+00:00","dateModified":"2025-12-17T16:38:45+00:00","description":"Behersk makedonsk grammatikk uten problemer med Talkpal, din AI-drevne spr\u00e5kveileder. Forbedre dine makedonske grammatikkferdigheter!","breadcrumb":{"@id":"https:\/\/talkpal.ai\/no\/makedonsk-grammatikk\/#breadcrumb"},"inLanguage":"nb-NO","potentialAction":[{"@type":"ReadAction","target":["https:\/\/talkpal.ai\/no\/makedonsk-grammatikk\/"]}]},{"@type":"ImageObject","inLanguage":"nb-NO","@id":"https:\/\/talkpal.ai\/no\/makedonsk-grammatikk\/#primaryimage","url":"https:\/\/talkpal.ai\/wp-content\/uploads\/2023\/05\/republic-of-macedonia.png","contentUrl":"https:\/\/talkpal.ai\/wp-content\/uploads\/2023\/05\/republic-of-macedonia.png","width":512,"height":512},{"@type":"BreadcrumbList","@id":"https:\/\/talkpal.ai\/no\/makedonsk-grammatikk\/#breadcrumb","itemListElement":[{"@type":"ListItem","position":1,"name":"Homepage","item":"https:\/\/talkpal.ai\/no\/"},{"@type":"ListItem","position":2,"name":"Makedonsk grammatikk"}]},{"@type":"WebSite","@id":"https:\/\/talkpal.ai\/no\/#website","url":"https:\/\/talkpal.ai\/no\/","name":"Talkpal","description":"AI Language Learning","publisher":{"@id":"https:\/\/talkpal.ai\/no\/#organization"},"alternateName":"Talkpal AI","potentialAction":[{"@type":"SearchAction","target":{"@type":"EntryPoint","urlTemplate":"https:\/\/talkpal.ai\/no\/?s={search_term_string}"},"query-input":{"@type":"PropertyValueSpecification","valueRequired":true,"valueName":"search_term_string"}}],"inLanguage":"nb-NO"},{"@type":"Organization","@id":"https:\/\/talkpal.ai\/no\/#organization","name":"Talkpal, Inc.","alternateName":"Talkpal AI","url":"https:\/\/talkpal.ai\/no\/","logo":{"@type":"ImageObject","inLanguage":"nb-NO","@id":"https:\/\/talkpal.ai\/no\/#\/schema\/logo\/image\/","url":"https:\/\/talkpal.ai\/wp-content\/uploads\/2024\/03\/Talkpal-Logo-Icon.png","contentUrl":"https:\/\/talkpal.ai\/wp-content\/uploads\/2024\/03\/Talkpal-Logo-Icon.png","width":2880,"height":2880,"caption":"Talkpal, Inc."},"image":{"@id":"https:\/\/talkpal.ai\/no\/#\/schema\/logo\/image\/"},"sameAs":["https:\/\/www.facebook.com\/profile.php?id=100090733639311","https:\/\/x.com\/talkpalai","https:\/\/www.linkedin.com\/company\/talkpal\/","https:\/\/www.youtube.com\/@TalkPal\/","https:\/\/www.tiktok.com\/@talkpal","https:\/\/www.instagram.com\/talkpal_ai\/","https:\/\/www.crunchbase.com\/organization\/talkpal-9cde","https:\/\/www.g2.com\/products\/talkpal-for-business\/","https:\/\/www.trustpilot.com\/review\/talkpal.ai","https:\/\/www.capterra.com\/p\/10006800\/TalkPal\/"],"description":"Talkpal is a language learning web and mobile education app, powered by the latest AI technologies, that provides engaging experiences to its customers in many different languages to help them improve their language skills. Users can chat about unlimited amount of topics with the app and use other modes to practice their language learning.","email":"support@talkpal.ai","legalName":"Talkpal, Inc.","foundingDate":"2023-04-03","duns":"118989042","numberOfEmployees":{"@type":"QuantitativeValue","minValue":"11","maxValue":"50"},"publishingPrinciples":"https:\/\/talkpal.ai\/publishing-principles\/","actionableFeedbackPolicy":"https:\/\/talkpal.ai\/actionable-feedback-policy\/","correctionsPolicy":"https:\/\/talkpal.ai\/corrections-policy\/","ethicsPolicy":"https:\/\/talkpal.ai\/ethics-policy\/","diversityPolicy":"https:\/\/talkpal.ai\/diversity-policy\/","diversityStaffingReport":"https:\/\/talkpal.ai\/diversity-policy\/"}]}},"_links":{"self":[{"href":"https:\/\/talkpal.ai\/no\/wp-json\/wp\/v2\/pages\/146819","targetHints":{"allow":["GET"]}}],"collection":[{"href":"https:\/\/talkpal.ai\/no\/wp-json\/wp\/v2\/pages"}],"about":[{"href":"https:\/\/talkpal.ai\/no\/wp-json\/wp\/v2\/types\/page"}],"author":[{"embeddable":true,"href":"https:\/\/talkpal.ai\/no\/wp-json\/wp\/v2\/users\/1"}],"replies":[{"embeddable":true,"href":"https:\/\/talkpal.ai\/no\/wp-json\/wp\/v2\/comments?post=146819"}],"version-history":[{"count":0,"href":"https:\/\/talkpal.ai\/no\/wp-json\/wp\/v2\/pages\/146819\/revisions"}],"wp:featuredmedia":[{"embeddable":true,"href":"https:\/\/talkpal.ai\/no\/wp-json\/wp\/v2\/media\/115559"}],"wp:attachment":[{"href":"https:\/\/talkpal.ai\/no\/wp-json\/wp\/v2\/media?parent=146819"}],"curies":[{"name":"wp","href":"https:\/\/api.w.org\/{rel}","templated":true}]}}