{"id":146570,"date":"2023-05-14T14:11:00","date_gmt":"2023-05-14T14:11:00","guid":{"rendered":"http:\/\/talkpal.ai\/kasakhisk-grammatikk\/"},"modified":"2025-12-17T17:18:32","modified_gmt":"2025-12-17T17:18:32","slug":"kasakhisk-grammatikk","status":"publish","type":"page","link":"https:\/\/talkpal.ai\/no\/kasakhisk-grammatikk\/","title":{"rendered":"Kasakhisk grammatikk"},"content":{"rendered":"\r\n\r\n\r\n<section class=\"languageChallengeSection\">\r\n    <div class=\"languageInfoWrapper\">\r\n        \r\n        <h1>Kasakhisk grammatikk<\/h1>\r\n        <p>\u00c5 l\u00e6re <a href=\"https:\/\/talkpal.ai\/learn-kazakh\/\">kasakhisk<\/a> \u00e5pner d\u00f8ren til et spr\u00e5k som er rikt p\u00e5 historie og kultur, og i hjertet av spr\u00e5ket ligger et fascinerende grammatikk-system. Selv om <a href=\"https:\/\/talkpal.ai\/kazakh-grammar\/\">kasakhisk grammatikk<\/a> kan virke komplisert til \u00e5 begynne med, er det b\u00e5de oppn\u00e5elig og givende \u00e5 mestre spr\u00e5ket n\u00e5r man forst\u00e5r de viktigste trekkene &#8211; som vokalharmoni, substantivformer og verbtider. Dykk ned og oppdag hva som gj\u00f8r kasakhisk unikt!<\/p>\r\n\r\n                            <a class=\"getStartedHidden\" href=\"https:\/\/app.talkpal.ai\/no\/signup?lng=\">Kom i gang<\/a>\r\n        \r\n    <\/div>\r\n\r\n    <figure>\r\n    <img decoding=\"async\" width=\"768\" height=\"768\" src=\"https:\/\/talkpal.ai\/wp-content\/uploads\/2023\/06\/Khazak-768x768.png\" class=\"languageImage no-lazy\" alt=\"Language learning for increased negotiation skills\" fetchpriority=\"high\" sizes=\"(max-width: 768px) 150px, 768px\" srcset=\"https:\/\/talkpal.ai\/wp-content\/uploads\/2023\/06\/Khazak-768x768.png 768w, https:\/\/talkpal.ai\/wp-content\/uploads\/2023\/06\/Khazak-300x300.png 300w\" \/>\r\n    \r\n\r\n    <\/figure>\r\n\r\n            <a class=\"getStartedVisible\" href=\"https:\/\/app.talkpal.ai\/no\/signup?lng=\">Kom i gang<\/a>\r\n    \r\n<\/section>\r\n<section class=\"promotionalBanner\">\r\n    <p class=\"promotionalText\">Den mest effektive m\u00e5ten \u00e5 l\u00e6re et spr\u00e5k p\u00e5<\/p>\r\n    <a class=\"promotionalLink\" href=\"https:\/\/app.talkpal.ai\/no\/signup?lng=\">Pr\u00f8v Talkpal gratis<\/a>\r\n<\/section>\n<div class=\"wp-block-group pageContainerStyle\"><div class=\"wp-block-group__inner-container is-layout-constrained wp-block-group-is-layout-constrained\">\n<h2 class=\"wp-block-heading\" id=\"h-kazakh-grammar-unlocking-the-secrets-of-the-kazakh-language\">Kasakhisk grammatikk: L\u00e5se opp hemmelighetene til det kasakhiske spr\u00e5ket<\/h2>\n\n\n\n<p>N\u00e5r det gjelder \u00e5 l\u00e6re det kasakhiske spr\u00e5ket, er det viktig \u00e5 forst\u00e5 det grunnleggende om <a href=\"https:\/\/talkpal.ai\/kazakh-grammar\/\">kasakhisk grammatikk<\/a> for \u00e5 l\u00e5se opp dets hemmeligheter. Selv om det kan virke skremmende i begynnelsen, har grammatikksystemet unike egenskaper som gj\u00f8r spr\u00e5ket fascinerende. Denne artikkelen har som m\u00e5l \u00e5 belyse sentrale aspekter ved kasakhisk <a href=\"https:\/\/talkpal.ai\/grammar\/\">grammatikk<\/a>, og gir en uformell innf\u00f8ring i spr\u00e5kets rike struktur.<\/p>\n\n\n\n<h3 class=\"wp-block-heading\" id=\"h-1-nouns-harmony-in-cases-and-declensions\">1. Substantiv \u2013 Harmoni i kasus og deklinasjoner<\/h3>\n\n\n\n<p>Noe av det f\u00f8rste man m\u00e5 ta hensyn til i kasakhisk grammatikk, er substantivets struktur. Spr\u00e5ket bruker et vokalharmonisystem, der vokaler enten er foran eller bak, og harmoniske kombinasjoner foretrekkes. Dette systemet knytter seg til substantiv flertall, som er dannet gjennom forskjellige suffikser som samsvarer med den harmoniske gruppen til det opprinnelige substantivet.<\/p>\n\n\n\n<p>Kasakhiske substantiver f\u00f8lger syv kasus: nominativ, genitiv, dativ, akkusativ, lokativ, ablativ og instrumental. Selv om det er skremmende i begynnelsen, er mestring av disse tilfellene avgj\u00f8rende for \u00e5 danne n\u00f8yaktige setningsstrukturer. Kasser bestemmer forholdet mellom ord, noe som gir fleksibilitet i ordrekkef\u00f8lgen uten \u00e5 miste betydningen.<\/p>\n\n\n\n<h3 class=\"wp-block-heading\" id=\"h-2-adjectives-agreement-and-comparison\">2. Adjektiver \u2013 Avtale og sammenligning<\/h3>\n\n\n\n<p>Kasakhiske adjektiver brukes til \u00e5 beskrive og gi mer informasjon om substantiver. De m\u00e5 v\u00e6re enig med substantivet de endrer n\u00e5r det gjelder kasus og tall. I tillegg kan adjektiver sammenlignes ved \u00e5 bruke komparative og superlative grader, oppn\u00e5dd ved \u00e5 legge til tilsvarende suffikser, for \u00e5 formidle ulike niv\u00e5er av vekt.<\/p>\n\n\n\n<p>For eksempel er ordet for &laquo;vakker&raquo; p\u00e5 kasakhisk &laquo;\u0441\u044b\u04a3\u0448\u044b&raquo;. N\u00e5r man beskriver en vakker hage (\u0431\u0430\u049b), ville uttrykket v\u00e6re &laquo;\u0441\u044b\u04a3\u0448\u044b \u0431\u0430\u049b&raquo;. For \u00e5 si &laquo;vakrere&raquo; bruker man &laquo;\u0441\u044b\u04a3\u0448\u044b\u0440\u0430\u049b&raquo;, mens &laquo;den vakreste&raquo; dannes med &laquo;\u0441\u044b\u04a3\u0448\u044b&raquo;. For \u00e5 si &laquo;den vakreste hagen&raquo; bruker man &laquo;\u0441\u044b\u04a3\u0448\u044b \u0431\u0430\u049b&raquo;.<\/p>\n\n\n\n<h3 class=\"wp-block-heading\" id=\"h-3-verbs-tense-mood-and-aspect\">3. Verb \u2013 Spenn, stemning og aspekt<\/h3>\n\n\n\n<p>Verber p\u00e5 kasakhisk skildrer anspenthet, stemning og aspekt. Spr\u00e5ket inneholder tre hovedtider: fortid, n\u00e5tid og fremtid. Hver tid har distinkte former basert p\u00e5 subjektpronomen, hum\u00f8r (som <a href=\"https:\/\/talkpal.ai\/ja\/grammar_exercises\/imperatif-%e3%83%95%e3%83%a9%e3%83%b3%e3%82%b9%e3%81%ae%e6%96%87%e6%b3%95%e3%81%ae%e3%81%9f%e3%82%81%e3%81%ae%e6%bc%94%e7%bf%92\/\">imperativ<\/a> eller betinget) og aspekt (om handlingen er perfekt, reflekterer en fullf\u00f8rt handling, eller imperfektiv, indikerer p\u00e5g\u00e5ende eller vanemessig handling).<\/p>\n\n\n\n<h3 class=\"wp-block-heading\" id=\"h-4-pronouns-personal-and-demonstrative\">4. Pronomen \u2013 Personlig og demonstrativ<\/h3>\n\n\n\n<p>Pronomen i kasakhisk grammatikk inkluderer personlige, besittende, demonstrative, sp\u00f8rrende og relative varianter. De m\u00e5 v\u00e6re enig i kasus og tall med substantivet de refererer til eller erstatter. Demonstrative pronomen, for eksempel, har tre former: proksimal (\u0431\u04b1\u043b), medial (\u043e\u0441\u044b) og distal (\u0430\u043d\u0430\u0443), avhengig av avstanden til h\u00f8yttaleren.<\/p>\n\n\n\n<h3 class=\"wp-block-heading\" id=\"h-5-embracing-the-uniqueness-of-kazakh-grammar\">5. Omfavne det unike ved kasakhisk grammatikk<\/h3>\n\n\n\n<p>N\u00e5r du begir deg ut p\u00e5 din kasakhiske spr\u00e5kreise, m\u00e5 du huske at det ikke handler om \u00e5 beherske alle nyansene p\u00e5 en gang. Gled deg over \u00e5 oppdage det unike grammatikksystemet som skiller kasakhisk og tar deg tid til \u00e5 forst\u00e5 det uten \u00e5 f\u00f8le deg overveldet.<\/p>\n\n\n\n<p>Ved \u00e5 sette pris p\u00e5 og utforske den kasakhiske grammatikkens s\u00e6regenheter, kan du virkelig f\u00e5 \u00f8ynene opp for spr\u00e5kets skj\u00f8nnhet og f\u00e5 st\u00f8rre tilgang til den rike kulturarven det representerer. \u0421\u04d9\u0442\u0442\u0456 \u043e\u049b\u0443 \u2013 God <a href=\"https:\/\/talkpal.ai\/da\/laering\/\">l\u00e6ring<\/a>!<\/p>\n<\/div><\/div>\n\r\n<section class=\"learnNavigationSection\">\r\n            \r\n        <a href=\"https:\/\/talkpal.ai\/no\/laer-kasakhisk\/\">\r\n            <div class=\"learnNavigationWrapper\">\r\n                <div class=\"learnNavigationContent\">\r\n                    <img decoding=\"async\" src=\"https:\/\/talkpal.ai\/wp-content\/uploads\/2024\/08\/Kazakh.jpg\" alt=\"Kazakh Flag\">\r\n                    <div>\r\n                        <h4>Om kasakhisk l\u00e6ring<\/h4>\r\n                        <p>Finn ut alt om kasakhisk grammatikk.<\/p>\r\n                    <\/div>\r\n                <\/div>\r\n            <\/div>\r\n        <\/a>\r\n\r\n        \r\n        <a href=\"https:\/\/talkpal.ai\/no\/kasakhisk-grammatikkovelser\/\">\r\n            <div class=\"learnNavigationWrapper\">\r\n                <div class=\"learnNavigationContent\">\r\n                    <img decoding=\"async\" src=\"https:\/\/talkpal.ai\/wp-content\/uploads\/2024\/08\/Kazakh.jpg\" alt=\"Kazakh Flag\">\r\n                    <div>\r\n                        <h4>Kasakhisk grammatikk\u00f8velse<\/h4>\r\n                        <p>\u00d8v p\u00e5 kasakhisk grammatikk.<\/p>\r\n                    <\/div>\r\n                <\/div>\r\n            <\/div>\r\n        <\/a>\r\n\r\n        \r\n        <a href=\"https:\/\/talkpal.ai\/vocabulary_language\/kazakh\/\">\r\n            <div class=\"learnNavigationWrapper\">\r\n                <div class=\"learnNavigationContent\">\r\n                    <img decoding=\"async\" src=\"https:\/\/talkpal.ai\/wp-content\/uploads\/2024\/08\/Kazakh.jpg\" alt=\"Kazakh Flag\">\r\n                    <div>\r\n                        <h4>Kasakhisk ordforr\u00e5d<\/h4>\r\n                        <p>Utvid det kasakhiske ordforr\u00e5det ditt.<\/p>\r\n                    <\/div>\r\n                <\/div>\r\n            <\/div>\r\n        <\/a>\r\n\r\n            <\/section>","protected":false},"excerpt":{"rendered":"<p>Kasakhisk grammatikk: L\u00e5se opp hemmelighetene til det kasakhiske spr\u00e5ket N\u00e5r det gjelder \u00e5 l\u00e6re det kasakhiske spr\u00e5ket, er det viktig \u00e5 forst\u00e5 det grunnleggende om kasakhisk grammatikk for \u00e5 l\u00e5se opp dets hemmeligheter. Selv om det kan virke skremmende i begynnelsen, har grammatikksystemet unike egenskaper som gj\u00f8r spr\u00e5ket fascinerende. Denne artikkelen har som m\u00e5l \u00e5 [&hellip;]<\/p>\n","protected":false},"author":1,"featured_media":114171,"parent":0,"menu_order":0,"comment_status":"closed","ping_status":"closed","template":"LearningContentPage.php","meta":{"_acf_changed":false,"footnotes":""},"class_list":["post-146570","page","type-page","status-publish","has-post-thumbnail","hentry"],"acf":[],"yoast_head":"<!-- This site is optimized with the Yoast SEO Premium plugin v27.2 (Yoast SEO v27.2) - https:\/\/yoast.com\/product\/yoast-seo-premium-wordpress\/ -->\n<title>Kasakhisk grammatikk - Talkpal<\/title>\n<meta name=\"description\" content=\"L\u00e6r deg kasakhisk grammatikk uten problemer - l\u00e6r deg grunnleggende regler, \u00f8v p\u00e5 setningsoppbygging og f\u00e5 bedre flyt i spr\u00e5ket\" \/>\n<meta name=\"robots\" content=\"index, follow, max-snippet:-1, max-image-preview:large, max-video-preview:-1\" \/>\n<link rel=\"canonical\" href=\"https:\/\/talkpal.ai\/no\/kasakhisk-grammatikk\/\" \/>\n<meta property=\"og:locale\" content=\"nb_NO\" \/>\n<meta property=\"og:type\" content=\"article\" \/>\n<meta property=\"og:title\" content=\"Kasakhisk grammatikk\" \/>\n<meta property=\"og:description\" content=\"Kasakhisk grammatikk: L\u00e5se opp hemmelighetene til det kasakhiske spr\u00e5ket N\u00e5r det gjelder \u00e5 l\u00e6re det kasakhiske spr\u00e5ket, er det viktig \u00e5 forst\u00e5 det\" \/>\n<meta property=\"og:url\" content=\"https:\/\/talkpal.ai\/no\/kasakhisk-grammatikk\/\" \/>\n<meta property=\"og:site_name\" content=\"Talkpal\" \/>\n<meta property=\"article:publisher\" content=\"https:\/\/www.facebook.com\/profile.php?id=100090733639311\" \/>\n<meta property=\"article:modified_time\" content=\"2025-12-17T17:18:32+00:00\" \/>\n<meta property=\"og:image\" content=\"https:\/\/talkpal.ai\/wp-content\/uploads\/2023\/05\/kazakhstan.png\" \/>\n\t<meta property=\"og:image:width\" content=\"512\" \/>\n\t<meta property=\"og:image:height\" content=\"512\" \/>\n\t<meta property=\"og:image:type\" content=\"image\/png\" \/>\n<meta name=\"twitter:card\" content=\"summary_large_image\" \/>\n<meta name=\"twitter:site\" content=\"@talkpalai\" \/>\n<meta name=\"twitter:label1\" content=\"Ansl. lesetid\" \/>\n\t<meta name=\"twitter:data1\" content=\"2 minutter\" \/>\n<script type=\"application\/ld+json\" class=\"yoast-schema-graph\">{\"@context\":\"https:\/\/schema.org\",\"@graph\":[{\"@type\":\"WebPage\",\"@id\":\"https:\/\/talkpal.ai\/no\/kasakhisk-grammatikk\/\",\"url\":\"https:\/\/talkpal.ai\/no\/kasakhisk-grammatikk\/\",\"name\":\"Kasakhisk grammatikk - Talkpal\",\"isPartOf\":{\"@id\":\"https:\/\/talkpal.ai\/no\/#website\"},\"primaryImageOfPage\":{\"@id\":\"https:\/\/talkpal.ai\/no\/kasakhisk-grammatikk\/#primaryimage\"},\"image\":{\"@id\":\"https:\/\/talkpal.ai\/no\/kasakhisk-grammatikk\/#primaryimage\"},\"thumbnailUrl\":\"https:\/\/talkpal.ai\/wp-content\/uploads\/2023\/05\/kazakhstan.png\",\"datePublished\":\"2023-05-14T14:11:00+00:00\",\"dateModified\":\"2025-12-17T17:18:32+00:00\",\"description\":\"L\u00e6r deg kasakhisk grammatikk uten problemer - l\u00e6r deg grunnleggende regler, \u00f8v p\u00e5 setningsoppbygging og f\u00e5 bedre flyt i spr\u00e5ket\",\"breadcrumb\":{\"@id\":\"https:\/\/talkpal.ai\/no\/kasakhisk-grammatikk\/#breadcrumb\"},\"inLanguage\":\"nb-NO\",\"potentialAction\":[{\"@type\":\"ReadAction\",\"target\":[\"https:\/\/talkpal.ai\/no\/kasakhisk-grammatikk\/\"]}]},{\"@type\":\"ImageObject\",\"inLanguage\":\"nb-NO\",\"@id\":\"https:\/\/talkpal.ai\/no\/kasakhisk-grammatikk\/#primaryimage\",\"url\":\"https:\/\/talkpal.ai\/wp-content\/uploads\/2023\/05\/kazakhstan.png\",\"contentUrl\":\"https:\/\/talkpal.ai\/wp-content\/uploads\/2023\/05\/kazakhstan.png\",\"width\":512,\"height\":512},{\"@type\":\"BreadcrumbList\",\"@id\":\"https:\/\/talkpal.ai\/no\/kasakhisk-grammatikk\/#breadcrumb\",\"itemListElement\":[{\"@type\":\"ListItem\",\"position\":1,\"name\":\"Homepage\",\"item\":\"https:\/\/talkpal.ai\/no\/\"},{\"@type\":\"ListItem\",\"position\":2,\"name\":\"Kasakhisk grammatikk\"}]},{\"@type\":\"WebSite\",\"@id\":\"https:\/\/talkpal.ai\/no\/#website\",\"url\":\"https:\/\/talkpal.ai\/no\/\",\"name\":\"Talkpal\",\"description\":\"AI Language Learning\",\"publisher\":{\"@id\":\"https:\/\/talkpal.ai\/no\/#organization\"},\"alternateName\":\"Talkpal AI\",\"potentialAction\":[{\"@type\":\"SearchAction\",\"target\":{\"@type\":\"EntryPoint\",\"urlTemplate\":\"https:\/\/talkpal.ai\/no\/?s={search_term_string}\"},\"query-input\":{\"@type\":\"PropertyValueSpecification\",\"valueRequired\":true,\"valueName\":\"search_term_string\"}}],\"inLanguage\":\"nb-NO\"},{\"@type\":\"Organization\",\"@id\":\"https:\/\/talkpal.ai\/no\/#organization\",\"name\":\"Talkpal, Inc.\",\"alternateName\":\"Talkpal AI\",\"url\":\"https:\/\/talkpal.ai\/no\/\",\"logo\":{\"@type\":\"ImageObject\",\"inLanguage\":\"nb-NO\",\"@id\":\"https:\/\/talkpal.ai\/no\/#\/schema\/logo\/image\/\",\"url\":\"https:\/\/talkpal.ai\/wp-content\/uploads\/2024\/03\/Talkpal-Logo-Icon.png\",\"contentUrl\":\"https:\/\/talkpal.ai\/wp-content\/uploads\/2024\/03\/Talkpal-Logo-Icon.png\",\"width\":2880,\"height\":2880,\"caption\":\"Talkpal, Inc.\"},\"image\":{\"@id\":\"https:\/\/talkpal.ai\/no\/#\/schema\/logo\/image\/\"},\"sameAs\":[\"https:\/\/www.facebook.com\/profile.php?id=100090733639311\",\"https:\/\/x.com\/talkpalai\",\"https:\/\/www.linkedin.com\/company\/talkpal\/\",\"https:\/\/www.youtube.com\/@TalkPal\/\",\"https:\/\/www.tiktok.com\/@talkpal\",\"https:\/\/www.instagram.com\/talkpal_ai\/\",\"https:\/\/www.crunchbase.com\/organization\/talkpal-9cde\",\"https:\/\/www.g2.com\/products\/talkpal-for-business\/\",\"https:\/\/www.trustpilot.com\/review\/talkpal.ai\",\"https:\/\/www.capterra.com\/p\/10006800\/TalkPal\/\"],\"description\":\"Talkpal is a language learning web and mobile education app, powered by the latest AI technologies, that provides engaging experiences to its customers in many different languages to help them improve their language skills. Users can chat about unlimited amount of topics with the app and use other modes to practice their language learning.\",\"email\":\"support@talkpal.ai\",\"legalName\":\"Talkpal, Inc.\",\"foundingDate\":\"2023-04-03\",\"duns\":\"118989042\",\"numberOfEmployees\":{\"@type\":\"QuantitativeValue\",\"minValue\":\"11\",\"maxValue\":\"50\"},\"publishingPrinciples\":\"https:\/\/talkpal.ai\/publishing-principles\/\",\"actionableFeedbackPolicy\":\"https:\/\/talkpal.ai\/actionable-feedback-policy\/\",\"correctionsPolicy\":\"https:\/\/talkpal.ai\/corrections-policy\/\",\"ethicsPolicy\":\"https:\/\/talkpal.ai\/ethics-policy\/\",\"diversityPolicy\":\"https:\/\/talkpal.ai\/diversity-policy\/\",\"diversityStaffingReport\":\"https:\/\/talkpal.ai\/diversity-policy\/\"}]}<\/script>\n<!-- \/ Yoast SEO Premium plugin. -->","yoast_head_json":{"title":"Kasakhisk grammatikk - Talkpal","description":"L\u00e6r deg kasakhisk grammatikk uten problemer - l\u00e6r deg grunnleggende regler, \u00f8v p\u00e5 setningsoppbygging og f\u00e5 bedre flyt i spr\u00e5ket","robots":{"index":"index","follow":"follow","max-snippet":"max-snippet:-1","max-image-preview":"max-image-preview:large","max-video-preview":"max-video-preview:-1"},"canonical":"https:\/\/talkpal.ai\/no\/kasakhisk-grammatikk\/","og_locale":"nb_NO","og_type":"article","og_title":"Kasakhisk grammatikk","og_description":"Kasakhisk grammatikk: L\u00e5se opp hemmelighetene til det kasakhiske spr\u00e5ket N\u00e5r det gjelder \u00e5 l\u00e6re det kasakhiske spr\u00e5ket, er det viktig \u00e5 forst\u00e5 det","og_url":"https:\/\/talkpal.ai\/no\/kasakhisk-grammatikk\/","og_site_name":"Talkpal","article_publisher":"https:\/\/www.facebook.com\/profile.php?id=100090733639311","article_modified_time":"2025-12-17T17:18:32+00:00","og_image":[{"width":512,"height":512,"url":"https:\/\/talkpal.ai\/wp-content\/uploads\/2023\/05\/kazakhstan.png","type":"image\/png"}],"twitter_card":"summary_large_image","twitter_site":"@talkpalai","twitter_misc":{"Ansl. lesetid":"2 minutter"},"schema":{"@context":"https:\/\/schema.org","@graph":[{"@type":"WebPage","@id":"https:\/\/talkpal.ai\/no\/kasakhisk-grammatikk\/","url":"https:\/\/talkpal.ai\/no\/kasakhisk-grammatikk\/","name":"Kasakhisk grammatikk - Talkpal","isPartOf":{"@id":"https:\/\/talkpal.ai\/no\/#website"},"primaryImageOfPage":{"@id":"https:\/\/talkpal.ai\/no\/kasakhisk-grammatikk\/#primaryimage"},"image":{"@id":"https:\/\/talkpal.ai\/no\/kasakhisk-grammatikk\/#primaryimage"},"thumbnailUrl":"https:\/\/talkpal.ai\/wp-content\/uploads\/2023\/05\/kazakhstan.png","datePublished":"2023-05-14T14:11:00+00:00","dateModified":"2025-12-17T17:18:32+00:00","description":"L\u00e6r deg kasakhisk grammatikk uten problemer - l\u00e6r deg grunnleggende regler, \u00f8v p\u00e5 setningsoppbygging og f\u00e5 bedre flyt i spr\u00e5ket","breadcrumb":{"@id":"https:\/\/talkpal.ai\/no\/kasakhisk-grammatikk\/#breadcrumb"},"inLanguage":"nb-NO","potentialAction":[{"@type":"ReadAction","target":["https:\/\/talkpal.ai\/no\/kasakhisk-grammatikk\/"]}]},{"@type":"ImageObject","inLanguage":"nb-NO","@id":"https:\/\/talkpal.ai\/no\/kasakhisk-grammatikk\/#primaryimage","url":"https:\/\/talkpal.ai\/wp-content\/uploads\/2023\/05\/kazakhstan.png","contentUrl":"https:\/\/talkpal.ai\/wp-content\/uploads\/2023\/05\/kazakhstan.png","width":512,"height":512},{"@type":"BreadcrumbList","@id":"https:\/\/talkpal.ai\/no\/kasakhisk-grammatikk\/#breadcrumb","itemListElement":[{"@type":"ListItem","position":1,"name":"Homepage","item":"https:\/\/talkpal.ai\/no\/"},{"@type":"ListItem","position":2,"name":"Kasakhisk grammatikk"}]},{"@type":"WebSite","@id":"https:\/\/talkpal.ai\/no\/#website","url":"https:\/\/talkpal.ai\/no\/","name":"Talkpal","description":"AI Language Learning","publisher":{"@id":"https:\/\/talkpal.ai\/no\/#organization"},"alternateName":"Talkpal AI","potentialAction":[{"@type":"SearchAction","target":{"@type":"EntryPoint","urlTemplate":"https:\/\/talkpal.ai\/no\/?s={search_term_string}"},"query-input":{"@type":"PropertyValueSpecification","valueRequired":true,"valueName":"search_term_string"}}],"inLanguage":"nb-NO"},{"@type":"Organization","@id":"https:\/\/talkpal.ai\/no\/#organization","name":"Talkpal, Inc.","alternateName":"Talkpal AI","url":"https:\/\/talkpal.ai\/no\/","logo":{"@type":"ImageObject","inLanguage":"nb-NO","@id":"https:\/\/talkpal.ai\/no\/#\/schema\/logo\/image\/","url":"https:\/\/talkpal.ai\/wp-content\/uploads\/2024\/03\/Talkpal-Logo-Icon.png","contentUrl":"https:\/\/talkpal.ai\/wp-content\/uploads\/2024\/03\/Talkpal-Logo-Icon.png","width":2880,"height":2880,"caption":"Talkpal, Inc."},"image":{"@id":"https:\/\/talkpal.ai\/no\/#\/schema\/logo\/image\/"},"sameAs":["https:\/\/www.facebook.com\/profile.php?id=100090733639311","https:\/\/x.com\/talkpalai","https:\/\/www.linkedin.com\/company\/talkpal\/","https:\/\/www.youtube.com\/@TalkPal\/","https:\/\/www.tiktok.com\/@talkpal","https:\/\/www.instagram.com\/talkpal_ai\/","https:\/\/www.crunchbase.com\/organization\/talkpal-9cde","https:\/\/www.g2.com\/products\/talkpal-for-business\/","https:\/\/www.trustpilot.com\/review\/talkpal.ai","https:\/\/www.capterra.com\/p\/10006800\/TalkPal\/"],"description":"Talkpal is a language learning web and mobile education app, powered by the latest AI technologies, that provides engaging experiences to its customers in many different languages to help them improve their language skills. Users can chat about unlimited amount of topics with the app and use other modes to practice their language learning.","email":"support@talkpal.ai","legalName":"Talkpal, Inc.","foundingDate":"2023-04-03","duns":"118989042","numberOfEmployees":{"@type":"QuantitativeValue","minValue":"11","maxValue":"50"},"publishingPrinciples":"https:\/\/talkpal.ai\/publishing-principles\/","actionableFeedbackPolicy":"https:\/\/talkpal.ai\/actionable-feedback-policy\/","correctionsPolicy":"https:\/\/talkpal.ai\/corrections-policy\/","ethicsPolicy":"https:\/\/talkpal.ai\/ethics-policy\/","diversityPolicy":"https:\/\/talkpal.ai\/diversity-policy\/","diversityStaffingReport":"https:\/\/talkpal.ai\/diversity-policy\/"}]}},"_links":{"self":[{"href":"https:\/\/talkpal.ai\/no\/wp-json\/wp\/v2\/pages\/146570","targetHints":{"allow":["GET"]}}],"collection":[{"href":"https:\/\/talkpal.ai\/no\/wp-json\/wp\/v2\/pages"}],"about":[{"href":"https:\/\/talkpal.ai\/no\/wp-json\/wp\/v2\/types\/page"}],"author":[{"embeddable":true,"href":"https:\/\/talkpal.ai\/no\/wp-json\/wp\/v2\/users\/1"}],"replies":[{"embeddable":true,"href":"https:\/\/talkpal.ai\/no\/wp-json\/wp\/v2\/comments?post=146570"}],"version-history":[{"count":0,"href":"https:\/\/talkpal.ai\/no\/wp-json\/wp\/v2\/pages\/146570\/revisions"}],"wp:featuredmedia":[{"embeddable":true,"href":"https:\/\/talkpal.ai\/no\/wp-json\/wp\/v2\/media\/114171"}],"wp:attachment":[{"href":"https:\/\/talkpal.ai\/no\/wp-json\/wp\/v2\/media?parent=146570"}],"curies":[{"name":"wp","href":"https:\/\/api.w.org\/{rel}","templated":true}]}}