{"id":146171,"date":"2023-05-14T14:10:42","date_gmt":"2023-05-14T14:10:42","guid":{"rendered":"http:\/\/talkpal.ai\/litauisk-grammatikk\/"},"modified":"2025-12-12T10:52:18","modified_gmt":"2025-12-12T10:52:18","slug":"litauisk-grammatikk","status":"publish","type":"page","link":"https:\/\/talkpal.ai\/no\/litauisk-grammatikk\/","title":{"rendered":"Litauisk grammatikk"},"content":{"rendered":"\r\n\r\n\r\n<section class=\"languageChallengeSection\">\r\n    <div class=\"languageInfoWrapper\">\r\n        \r\n        <h1>Litauisk grammatikk<\/h1>\r\n        <p>Begynn reisen din inn i <a href=\"https:\/\/talkpal.ai\/no\/laer-litauisk\/\">litauisk grammatikk<\/a> og oppdag et av de eldste og mest fascinerende spr\u00e5kene i Europa. L\u00e6r viktige regler og m\u00f8nstre for \u00e5 bygge et sterkt spr\u00e5klig fundament. Sett i gang n\u00e5 og begynn \u00e5 mestre <a href=\"https:\/\/talkpal.ai\/learn-lithuanian\/\">litauisk<\/a> i dag!<\/p>\r\n\r\n                            <a class=\"getStartedHidden\" href=\"https:\/\/app.talkpal.ai\/no\/signup?lng=\">Kom i gang<\/a>\r\n        \r\n    <\/div>\r\n\r\n    <figure>\r\n    <img decoding=\"async\" width=\"768\" height=\"768\" src=\"https:\/\/talkpal.ai\/wp-content\/uploads\/2023\/06\/lithuenian-768x768.png\" class=\"languageImage no-lazy\" alt=\"Language learning for boosting creativity\" fetchpriority=\"high\" sizes=\"(max-width: 768px) 150px, 768px\" srcset=\"https:\/\/talkpal.ai\/wp-content\/uploads\/2023\/06\/lithuenian-768x768.png 768w, https:\/\/talkpal.ai\/wp-content\/uploads\/2023\/06\/lithuenian-300x300.png 300w\" \/>\r\n    \r\n\r\n    <\/figure>\r\n\r\n            <a class=\"getStartedVisible\" href=\"https:\/\/app.talkpal.ai\/no\/signup?lng=\">Kom i gang<\/a>\r\n    \r\n<\/section>\r\n<section class=\"promotionalBanner\">\r\n    <p class=\"promotionalText\">Den mest effektive m\u00e5ten \u00e5 l\u00e6re et spr\u00e5k p\u00e5<\/p>\r\n    <a class=\"promotionalLink\" href=\"https:\/\/app.talkpal.ai\/no\/signup?lng=\">Pr\u00f8v Talkpal gratis<\/a>\r\n<\/section>\n<div class=\"wp-block-group pageContainerStyle\"><div class=\"wp-block-group__inner-container is-layout-constrained wp-block-group-is-layout-constrained\">\n<h2 class=\"wp-block-heading\" id=\"h-lithuanian-grammar-a-fascinating-journey-through-language\">Litauisk grammatikk: En fascinerende reise gjennom spr\u00e5ket<\/h2>\n\n\n\n<p>Har du noen gang vurdert \u00e5 l\u00e6re litauisk eller bare funnet deg fascinert av den unike grammatikken? Da kan du glede deg! Litauisk <a href=\"https:\/\/talkpal.ai\/grammar\/\">grammatikk<\/a> kan virke s\u00e6regen til \u00e5 begynne med, men ta ingen feil \u2013 den viser uts\u00f8kt spr\u00e5klig logikk. I denne artikkelen vil vi utfolde de ulike aspektene ved litauisk grammatikk, og gi deg mulighet til \u00e5 sette pris p\u00e5 sjarmen.<\/p>\n\n\n\n<p>F\u00f8rst en kort bakgrunn: Litauisk er et baltisk spr\u00e5k som prim\u00e6rt snakkes i Litauen, men som ogs\u00e5 forekommer i nabolandene. Som et av de eldste levende indoeuropeiske spr\u00e5kene, beholder det arkaiske trekk, og gir innsikt i utviklingen av andre spr\u00e5k i spr\u00e5kfamilien. Denne historiske betydningen gj\u00f8r litauisk spesielt fengslende for spr\u00e5kelskere.<\/p>\n\n\n\n<p>La <a href=\"https:\/\/talkpal.ai\/locations\/language-courses-in-oss\/\">oss<\/a> n\u00e5 fordype oss i noen viktige aspekter ved litauisk grammatikk.<\/p>\n\n\n\n<h3 class=\"wp-block-heading\" id=\"h-1-nouns-cases-and-declensions\">1. Substantiv, kasus og deklinasjoner<\/h3>\n\n\n\n<p>Et av de mest fremtredende trekkene ved litauisk grammatikk er dets intrikate kasussystem. Substantiv antar forskjellige former avhengig av deres funksjon i en setning og om de gjenspeiler subjektet, objektet eller mottakeren av en handling. Litauisk har syv kasus: nominativ, genitiv, dativ, akkusativ, instrumental, lokativ og vokativ.<\/p>\n\n\n\n<p>Ta substantivet &laquo;vaikas&raquo; (barn) som et eksempel. Det kan forvandles til &laquo;vaiko&raquo;, &laquo;vaikui&raquo;, &laquo;vaik\u0105&raquo; og s\u00e5 videre, avhengig av hvilken rolle det spiller i en setning. I tillegg p\u00e5virkes endelsene av substantivets kj\u00f8nn (maskulinum eller femininum) og deles videre inn i deklinasjoner, noe som gj\u00f8r spr\u00e5ket enda mer allsidig.<\/p>\n\n\n\n<h3 class=\"wp-block-heading\" id=\"h-2-verb-conjugation-and-tenses\">2. Verb b\u00f8ying og tider<\/h3>\n\n\n\n<p>Litauiske verb endrer endelsene sine avhengig av personen og nummeret (entall eller flertall) av emnet. Verbet &laquo;eiti&raquo; (\u00e5 g\u00e5) kan for eksempel bli til &laquo;einu&raquo; (jeg g\u00e5r), &laquo;einate&raquo; (du &#8211; flertall &#8211; g\u00e5r), &laquo;eina&raquo; (de g\u00e5r), blant andre former.<\/p>\n\n\n\n<p>Litauisk har fire hovedtider: n\u00e5tid, fortid, iterativ fortid og fremtid. Interessant nok har spr\u00e5ket ogs\u00e5 aspektmark\u00f8rer: perfektiv og imperfektiv. Disse mark\u00f8rene gir tilleggsinformasjon om hvorvidt en handling er fullf\u00f8rt eller p\u00e5g\u00e5r. For eksempel &laquo;ne\u0161ti&raquo; (\u00e5 b\u00e6re &#8211; imperfektiv) versus &laquo;nat&raquo; (\u00e5 ha b\u00e5ret &#8211; perfektiv).<\/p>\n\n\n\n<h3 class=\"wp-block-heading\" id=\"h-3-sentence-structure-and-word-order\">3. Setningsstruktur og ordrekkef\u00f8lge<\/h3>\n\n\n\n<p>Selv om litauisk generelt f\u00f8lger SVO (subjekt-verb-objekt) ordrekkef\u00f8lgen, tillater kasussystemet betydelig fleksibilitet. I motsetning til <a href=\"https:\/\/talkpal.ai\/learn-english-with-ai\/\">engelsk<\/a>, der ordstillingen vanligvis definerer meningen i en setning, endrer ikke flytting av ord p\u00e5 litauisk meningen. For eksempel kan &laquo;kat\u0117 valgo \u017euv\u012f&raquo; (katten spiser fisken) ogs\u00e5 hete &laquo;\u017euv\u012f valgo kat\u0117&raquo; uten at betydningen g\u00e5r tapt eller forandres.<\/p>\n\n\n\n<p>Denne fleksibiliteten lar deg leke med setningsstruktur, understreke visse elementer eller generere nyanser etter hvert som du blir dyktigere i spr\u00e5ket.<\/p>\n\n\n\n<h3 class=\"wp-block-heading\" id=\"h-4-adjectives-adverbs-and-agreement-rules\">4. Adjektiver, adverb og avtaleregler<\/h3>\n\n\n\n<p>Som mange spr\u00e5k beskriver adjektiver og adverb p\u00e5 litauisk substantiv og verb, men de f\u00f8lger ogs\u00e5 spesifikke avtaleregler. Spesielt m\u00e5 adjektiver stemme overens med substantivet de endrer i store og sm\u00e5 bokstaver, kj\u00f8nn og tall. N\u00e5r du forst\u00e5r substantivkasusene og verbb\u00f8yningene, vil disse reglene komme mer naturlig.<\/p>\n\n\n\n<p>S\u00e5, er du forberedt p\u00e5 \u00e5 dykke ned i litauisk grammatikk? Med utholdenhet, engasjement og riktige ressurser er det \u00e5 l\u00e6re litauisk \u2013 rik p\u00e5 historie og kulturarv \u2013 en utrolig givende opplevelse. Ta tak i spr\u00e5ket trinn for trinn, \u00f8v deg konsekvent og v\u00e6r \u00e5pen for \u00e5 l\u00e6re av feilene dine. S\u0117km\u0117s! (<a href=\"https:\/\/talkpal.ai\/culture\/how-do-you-say-good-luck-with-that-in-norwegian\/\">Lykke til<\/a>!)<\/p>\n<\/div><\/div>\n\r\n<section class=\"learnNavigationSection\">\r\n            \r\n        <a href=\"https:\/\/talkpal.ai\/no\/laer-litauisk\/\">\r\n            <div class=\"learnNavigationWrapper\">\r\n                <div class=\"learnNavigationContent\">\r\n                    <img decoding=\"async\" src=\"https:\/\/talkpal.ai\/wp-content\/uploads\/2024\/08\/Lithuanian.jpg\" alt=\"Lithuanian Flag\">\r\n                    <div>\r\n                        <h4>Om litauisk l\u00e6ring<\/h4>\r\n                        <p>Finn ut alt om litauisk grammatikk.<\/p>\r\n                    <\/div>\r\n                <\/div>\r\n            <\/div>\r\n        <\/a>\r\n\r\n        \r\n        <a href=\"https:\/\/talkpal.ai\/no\/litauiske-grammatikkovelser\/\">\r\n            <div class=\"learnNavigationWrapper\">\r\n                <div class=\"learnNavigationContent\">\r\n                    <img decoding=\"async\" src=\"https:\/\/talkpal.ai\/wp-content\/uploads\/2024\/08\/Lithuanian.jpg\" alt=\"Lithuanian Flag\">\r\n                    <div>\r\n                        <h4>\u00d8velse i litauisk grammatikk<\/h4>\r\n                        <p>\u00d8v p\u00e5 litauisk grammatikk.<\/p>\r\n                    <\/div>\r\n                <\/div>\r\n            <\/div>\r\n        <\/a>\r\n\r\n        \r\n        <a href=\"https:\/\/talkpal.ai\/vocabulary_language\/lithuanian\/\">\r\n            <div class=\"learnNavigationWrapper\">\r\n                <div class=\"learnNavigationContent\">\r\n                    <img decoding=\"async\" src=\"https:\/\/talkpal.ai\/wp-content\/uploads\/2024\/08\/Lithuanian.jpg\" alt=\"Lithuanian Flag\">\r\n                    <div>\r\n                        <h4>Litauisk ordforr\u00e5d<\/h4>\r\n                        <p>Utvid ordforr\u00e5det ditt p\u00e5 litauisk.<\/p>\r\n                    <\/div>\r\n                <\/div>\r\n            <\/div>\r\n        <\/a>\r\n\r\n            <\/section>","protected":false},"excerpt":{"rendered":"<p>Litauisk grammatikk: En fascinerende reise gjennom spr\u00e5ket Har du noen gang vurdert \u00e5 l\u00e6re litauisk eller bare funnet deg fascinert av den unike grammatikken? Da kan du glede deg! Litauisk grammatikk kan virke s\u00e6regen til \u00e5 begynne med, men ta ingen feil \u2013 den viser uts\u00f8kt spr\u00e5klig logikk. I denne artikkelen vil vi utfolde de [&hellip;]<\/p>\n","protected":false},"author":1,"featured_media":114920,"parent":0,"menu_order":0,"comment_status":"closed","ping_status":"closed","template":"LearningContentPage.php","meta":{"_acf_changed":false,"footnotes":""},"class_list":["post-146171","page","type-page","status-publish","has-post-thumbnail","hentry"],"acf":[],"yoast_head":"<!-- This site is optimized with the Yoast SEO Premium plugin v27.2 (Yoast SEO v27.2) - https:\/\/yoast.com\/product\/yoast-seo-premium-wordpress\/ -->\n<title>Litauisk grammatikk - Talkpal<\/title>\n<meta name=\"description\" content=\"Oppdag hvordan litauisk grammatikk gjenspeiler historisk rikdom og logikk, noe som gj\u00f8r den til et perfekt studium for spr\u00e5kelskere.\" \/>\n<meta name=\"robots\" content=\"index, follow, max-snippet:-1, max-image-preview:large, max-video-preview:-1\" \/>\n<link rel=\"canonical\" href=\"https:\/\/talkpal.ai\/no\/litauisk-grammatikk\/\" \/>\n<meta property=\"og:locale\" content=\"nb_NO\" \/>\n<meta property=\"og:type\" content=\"article\" \/>\n<meta property=\"og:title\" content=\"Litauisk grammatikk\" \/>\n<meta property=\"og:description\" content=\"Litauisk grammatikk: En fascinerende reise gjennom spr\u00e5ket Har du noen gang vurdert \u00e5 l\u00e6re litauisk eller bare funnet deg fascinert av den unike\" \/>\n<meta property=\"og:url\" content=\"https:\/\/talkpal.ai\/no\/litauisk-grammatikk\/\" \/>\n<meta property=\"og:site_name\" content=\"Talkpal\" \/>\n<meta property=\"article:publisher\" content=\"https:\/\/www.facebook.com\/profile.php?id=100090733639311\" \/>\n<meta property=\"article:modified_time\" content=\"2025-12-12T10:52:18+00:00\" \/>\n<meta property=\"og:image\" content=\"https:\/\/talkpal.ai\/wp-content\/uploads\/2023\/05\/Lithuanian.png\" \/>\n\t<meta property=\"og:image:width\" content=\"512\" \/>\n\t<meta property=\"og:image:height\" content=\"512\" \/>\n\t<meta property=\"og:image:type\" content=\"image\/png\" \/>\n<meta name=\"twitter:card\" content=\"summary_large_image\" \/>\n<meta name=\"twitter:site\" content=\"@talkpalai\" \/>\n<meta name=\"twitter:label1\" content=\"Ansl. lesetid\" \/>\n\t<meta name=\"twitter:data1\" content=\"3 minutter\" \/>\n<script type=\"application\/ld+json\" class=\"yoast-schema-graph\">{\"@context\":\"https:\/\/schema.org\",\"@graph\":[{\"@type\":\"WebPage\",\"@id\":\"https:\/\/talkpal.ai\/no\/litauisk-grammatikk\/\",\"url\":\"https:\/\/talkpal.ai\/no\/litauisk-grammatikk\/\",\"name\":\"Litauisk grammatikk - Talkpal\",\"isPartOf\":{\"@id\":\"https:\/\/talkpal.ai\/no\/#website\"},\"primaryImageOfPage\":{\"@id\":\"https:\/\/talkpal.ai\/no\/litauisk-grammatikk\/#primaryimage\"},\"image\":{\"@id\":\"https:\/\/talkpal.ai\/no\/litauisk-grammatikk\/#primaryimage\"},\"thumbnailUrl\":\"https:\/\/talkpal.ai\/wp-content\/uploads\/2023\/05\/Lithuanian.png\",\"datePublished\":\"2023-05-14T14:10:42+00:00\",\"dateModified\":\"2025-12-12T10:52:18+00:00\",\"description\":\"Oppdag hvordan litauisk grammatikk gjenspeiler historisk rikdom og logikk, noe som gj\u00f8r den til et perfekt studium for spr\u00e5kelskere.\",\"breadcrumb\":{\"@id\":\"https:\/\/talkpal.ai\/no\/litauisk-grammatikk\/#breadcrumb\"},\"inLanguage\":\"nb-NO\",\"potentialAction\":[{\"@type\":\"ReadAction\",\"target\":[\"https:\/\/talkpal.ai\/no\/litauisk-grammatikk\/\"]}]},{\"@type\":\"ImageObject\",\"inLanguage\":\"nb-NO\",\"@id\":\"https:\/\/talkpal.ai\/no\/litauisk-grammatikk\/#primaryimage\",\"url\":\"https:\/\/talkpal.ai\/wp-content\/uploads\/2023\/05\/Lithuanian.png\",\"contentUrl\":\"https:\/\/talkpal.ai\/wp-content\/uploads\/2023\/05\/Lithuanian.png\",\"width\":512,\"height\":512},{\"@type\":\"BreadcrumbList\",\"@id\":\"https:\/\/talkpal.ai\/no\/litauisk-grammatikk\/#breadcrumb\",\"itemListElement\":[{\"@type\":\"ListItem\",\"position\":1,\"name\":\"Homepage\",\"item\":\"https:\/\/talkpal.ai\/no\/\"},{\"@type\":\"ListItem\",\"position\":2,\"name\":\"Litauisk grammatikk\"}]},{\"@type\":\"WebSite\",\"@id\":\"https:\/\/talkpal.ai\/no\/#website\",\"url\":\"https:\/\/talkpal.ai\/no\/\",\"name\":\"Talkpal\",\"description\":\"AI Language Learning\",\"publisher\":{\"@id\":\"https:\/\/talkpal.ai\/no\/#organization\"},\"alternateName\":\"Talkpal AI\",\"potentialAction\":[{\"@type\":\"SearchAction\",\"target\":{\"@type\":\"EntryPoint\",\"urlTemplate\":\"https:\/\/talkpal.ai\/no\/?s={search_term_string}\"},\"query-input\":{\"@type\":\"PropertyValueSpecification\",\"valueRequired\":true,\"valueName\":\"search_term_string\"}}],\"inLanguage\":\"nb-NO\"},{\"@type\":\"Organization\",\"@id\":\"https:\/\/talkpal.ai\/no\/#organization\",\"name\":\"Talkpal, Inc.\",\"alternateName\":\"Talkpal AI\",\"url\":\"https:\/\/talkpal.ai\/no\/\",\"logo\":{\"@type\":\"ImageObject\",\"inLanguage\":\"nb-NO\",\"@id\":\"https:\/\/talkpal.ai\/no\/#\/schema\/logo\/image\/\",\"url\":\"https:\/\/talkpal.ai\/wp-content\/uploads\/2024\/03\/Talkpal-Logo-Icon.png\",\"contentUrl\":\"https:\/\/talkpal.ai\/wp-content\/uploads\/2024\/03\/Talkpal-Logo-Icon.png\",\"width\":2880,\"height\":2880,\"caption\":\"Talkpal, Inc.\"},\"image\":{\"@id\":\"https:\/\/talkpal.ai\/no\/#\/schema\/logo\/image\/\"},\"sameAs\":[\"https:\/\/www.facebook.com\/profile.php?id=100090733639311\",\"https:\/\/x.com\/talkpalai\",\"https:\/\/www.linkedin.com\/company\/talkpal\/\",\"https:\/\/www.youtube.com\/@TalkPal\/\",\"https:\/\/www.tiktok.com\/@talkpal\",\"https:\/\/www.instagram.com\/talkpal_ai\/\",\"https:\/\/www.crunchbase.com\/organization\/talkpal-9cde\",\"https:\/\/www.g2.com\/products\/talkpal-for-business\/\",\"https:\/\/www.trustpilot.com\/review\/talkpal.ai\",\"https:\/\/www.capterra.com\/p\/10006800\/TalkPal\/\"],\"description\":\"Talkpal is a language learning web and mobile education app, powered by the latest AI technologies, that provides engaging experiences to its customers in many different languages to help them improve their language skills. Users can chat about unlimited amount of topics with the app and use other modes to practice their language learning.\",\"email\":\"support@talkpal.ai\",\"legalName\":\"Talkpal, Inc.\",\"foundingDate\":\"2023-04-03\",\"duns\":\"118989042\",\"numberOfEmployees\":{\"@type\":\"QuantitativeValue\",\"minValue\":\"11\",\"maxValue\":\"50\"},\"publishingPrinciples\":\"https:\/\/talkpal.ai\/publishing-principles\/\",\"actionableFeedbackPolicy\":\"https:\/\/talkpal.ai\/actionable-feedback-policy\/\",\"correctionsPolicy\":\"https:\/\/talkpal.ai\/corrections-policy\/\",\"ethicsPolicy\":\"https:\/\/talkpal.ai\/ethics-policy\/\",\"diversityPolicy\":\"https:\/\/talkpal.ai\/diversity-policy\/\",\"diversityStaffingReport\":\"https:\/\/talkpal.ai\/diversity-policy\/\"}]}<\/script>\n<!-- \/ Yoast SEO Premium plugin. -->","yoast_head_json":{"title":"Litauisk grammatikk - Talkpal","description":"Oppdag hvordan litauisk grammatikk gjenspeiler historisk rikdom og logikk, noe som gj\u00f8r den til et perfekt studium for spr\u00e5kelskere.","robots":{"index":"index","follow":"follow","max-snippet":"max-snippet:-1","max-image-preview":"max-image-preview:large","max-video-preview":"max-video-preview:-1"},"canonical":"https:\/\/talkpal.ai\/no\/litauisk-grammatikk\/","og_locale":"nb_NO","og_type":"article","og_title":"Litauisk grammatikk","og_description":"Litauisk grammatikk: En fascinerende reise gjennom spr\u00e5ket Har du noen gang vurdert \u00e5 l\u00e6re litauisk eller bare funnet deg fascinert av den unike","og_url":"https:\/\/talkpal.ai\/no\/litauisk-grammatikk\/","og_site_name":"Talkpal","article_publisher":"https:\/\/www.facebook.com\/profile.php?id=100090733639311","article_modified_time":"2025-12-12T10:52:18+00:00","og_image":[{"width":512,"height":512,"url":"https:\/\/talkpal.ai\/wp-content\/uploads\/2023\/05\/Lithuanian.png","type":"image\/png"}],"twitter_card":"summary_large_image","twitter_site":"@talkpalai","twitter_misc":{"Ansl. lesetid":"3 minutter"},"schema":{"@context":"https:\/\/schema.org","@graph":[{"@type":"WebPage","@id":"https:\/\/talkpal.ai\/no\/litauisk-grammatikk\/","url":"https:\/\/talkpal.ai\/no\/litauisk-grammatikk\/","name":"Litauisk grammatikk - Talkpal","isPartOf":{"@id":"https:\/\/talkpal.ai\/no\/#website"},"primaryImageOfPage":{"@id":"https:\/\/talkpal.ai\/no\/litauisk-grammatikk\/#primaryimage"},"image":{"@id":"https:\/\/talkpal.ai\/no\/litauisk-grammatikk\/#primaryimage"},"thumbnailUrl":"https:\/\/talkpal.ai\/wp-content\/uploads\/2023\/05\/Lithuanian.png","datePublished":"2023-05-14T14:10:42+00:00","dateModified":"2025-12-12T10:52:18+00:00","description":"Oppdag hvordan litauisk grammatikk gjenspeiler historisk rikdom og logikk, noe som gj\u00f8r den til et perfekt studium for spr\u00e5kelskere.","breadcrumb":{"@id":"https:\/\/talkpal.ai\/no\/litauisk-grammatikk\/#breadcrumb"},"inLanguage":"nb-NO","potentialAction":[{"@type":"ReadAction","target":["https:\/\/talkpal.ai\/no\/litauisk-grammatikk\/"]}]},{"@type":"ImageObject","inLanguage":"nb-NO","@id":"https:\/\/talkpal.ai\/no\/litauisk-grammatikk\/#primaryimage","url":"https:\/\/talkpal.ai\/wp-content\/uploads\/2023\/05\/Lithuanian.png","contentUrl":"https:\/\/talkpal.ai\/wp-content\/uploads\/2023\/05\/Lithuanian.png","width":512,"height":512},{"@type":"BreadcrumbList","@id":"https:\/\/talkpal.ai\/no\/litauisk-grammatikk\/#breadcrumb","itemListElement":[{"@type":"ListItem","position":1,"name":"Homepage","item":"https:\/\/talkpal.ai\/no\/"},{"@type":"ListItem","position":2,"name":"Litauisk grammatikk"}]},{"@type":"WebSite","@id":"https:\/\/talkpal.ai\/no\/#website","url":"https:\/\/talkpal.ai\/no\/","name":"Talkpal","description":"AI Language Learning","publisher":{"@id":"https:\/\/talkpal.ai\/no\/#organization"},"alternateName":"Talkpal AI","potentialAction":[{"@type":"SearchAction","target":{"@type":"EntryPoint","urlTemplate":"https:\/\/talkpal.ai\/no\/?s={search_term_string}"},"query-input":{"@type":"PropertyValueSpecification","valueRequired":true,"valueName":"search_term_string"}}],"inLanguage":"nb-NO"},{"@type":"Organization","@id":"https:\/\/talkpal.ai\/no\/#organization","name":"Talkpal, Inc.","alternateName":"Talkpal AI","url":"https:\/\/talkpal.ai\/no\/","logo":{"@type":"ImageObject","inLanguage":"nb-NO","@id":"https:\/\/talkpal.ai\/no\/#\/schema\/logo\/image\/","url":"https:\/\/talkpal.ai\/wp-content\/uploads\/2024\/03\/Talkpal-Logo-Icon.png","contentUrl":"https:\/\/talkpal.ai\/wp-content\/uploads\/2024\/03\/Talkpal-Logo-Icon.png","width":2880,"height":2880,"caption":"Talkpal, Inc."},"image":{"@id":"https:\/\/talkpal.ai\/no\/#\/schema\/logo\/image\/"},"sameAs":["https:\/\/www.facebook.com\/profile.php?id=100090733639311","https:\/\/x.com\/talkpalai","https:\/\/www.linkedin.com\/company\/talkpal\/","https:\/\/www.youtube.com\/@TalkPal\/","https:\/\/www.tiktok.com\/@talkpal","https:\/\/www.instagram.com\/talkpal_ai\/","https:\/\/www.crunchbase.com\/organization\/talkpal-9cde","https:\/\/www.g2.com\/products\/talkpal-for-business\/","https:\/\/www.trustpilot.com\/review\/talkpal.ai","https:\/\/www.capterra.com\/p\/10006800\/TalkPal\/"],"description":"Talkpal is a language learning web and mobile education app, powered by the latest AI technologies, that provides engaging experiences to its customers in many different languages to help them improve their language skills. Users can chat about unlimited amount of topics with the app and use other modes to practice their language learning.","email":"support@talkpal.ai","legalName":"Talkpal, Inc.","foundingDate":"2023-04-03","duns":"118989042","numberOfEmployees":{"@type":"QuantitativeValue","minValue":"11","maxValue":"50"},"publishingPrinciples":"https:\/\/talkpal.ai\/publishing-principles\/","actionableFeedbackPolicy":"https:\/\/talkpal.ai\/actionable-feedback-policy\/","correctionsPolicy":"https:\/\/talkpal.ai\/corrections-policy\/","ethicsPolicy":"https:\/\/talkpal.ai\/ethics-policy\/","diversityPolicy":"https:\/\/talkpal.ai\/diversity-policy\/","diversityStaffingReport":"https:\/\/talkpal.ai\/diversity-policy\/"}]}},"_links":{"self":[{"href":"https:\/\/talkpal.ai\/no\/wp-json\/wp\/v2\/pages\/146171","targetHints":{"allow":["GET"]}}],"collection":[{"href":"https:\/\/talkpal.ai\/no\/wp-json\/wp\/v2\/pages"}],"about":[{"href":"https:\/\/talkpal.ai\/no\/wp-json\/wp\/v2\/types\/page"}],"author":[{"embeddable":true,"href":"https:\/\/talkpal.ai\/no\/wp-json\/wp\/v2\/users\/1"}],"replies":[{"embeddable":true,"href":"https:\/\/talkpal.ai\/no\/wp-json\/wp\/v2\/comments?post=146171"}],"version-history":[{"count":0,"href":"https:\/\/talkpal.ai\/no\/wp-json\/wp\/v2\/pages\/146171\/revisions"}],"wp:featuredmedia":[{"embeddable":true,"href":"https:\/\/talkpal.ai\/no\/wp-json\/wp\/v2\/media\/114920"}],"wp:attachment":[{"href":"https:\/\/talkpal.ai\/no\/wp-json\/wp\/v2\/media?parent=146171"}],"curies":[{"name":"wp","href":"https:\/\/api.w.org\/{rel}","templated":true}]}}