{"id":145939,"date":"2023-05-14T14:10:24","date_gmt":"2023-05-14T14:10:24","guid":{"rendered":"http:\/\/talkpal.ai\/latvisk-grammatikk\/"},"modified":"2025-12-17T17:11:38","modified_gmt":"2025-12-17T17:11:38","slug":"latvisk-grammatikk","status":"publish","type":"page","link":"https:\/\/talkpal.ai\/no\/latvisk-grammatikk\/","title":{"rendered":"Latvisk grammatikk"},"content":{"rendered":"\r\n\r\n\r\n<section class=\"languageChallengeSection\">\r\n    <div class=\"languageInfoWrapper\">\r\n        \r\n        <h1>Latvisk grammatikk<\/h1>\r\n        <p>Utforsk den unike verdenen av <a href=\"https:\/\/talkpal.ai\/no\/laer-latvisk\/\">latvisk grammatikk<\/a> og oppdag skj\u00f8nnheten i et av de mest levende spr\u00e5kene i Baltikum. Ved \u00e5 forst\u00e5 strukturen og reglene, vil du \u00f8ke selvtilliten og kommunikasjonsferdighetene dine. Begynn \u00e5 l\u00e6re <a href=\"https:\/\/talkpal.ai\/no\/laer-latvisk\/\">latvisk grammatikk<\/a> i dag og ta ditt f\u00f8rste skritt mot flytende spr\u00e5k!\n\n<\/p>\r\n\r\n                            <a class=\"getStartedHidden\" href=\"https:\/\/app.talkpal.ai\/no\/signup?lng=\">Kom i gang<\/a>\r\n        \r\n    <\/div>\r\n\r\n    <figure>\r\n    <img decoding=\"async\" width=\"768\" height=\"768\" src=\"https:\/\/talkpal.ai\/wp-content\/uploads\/2023\/06\/latvian-768x768.png\" class=\"languageImage no-lazy\" alt=\"Language learning to access more cultures\" fetchpriority=\"high\" sizes=\"(max-width: 768px) 150px, 768px\" srcset=\"https:\/\/talkpal.ai\/wp-content\/uploads\/2023\/06\/latvian-768x768.png 768w, https:\/\/talkpal.ai\/wp-content\/uploads\/2023\/06\/latvian-300x300.png 300w\" \/>\r\n    \r\n\r\n    <\/figure>\r\n\r\n            <a class=\"getStartedVisible\" href=\"https:\/\/app.talkpal.ai\/no\/signup?lng=\">Kom i gang<\/a>\r\n    \r\n<\/section>\r\n<section class=\"promotionalBanner\">\r\n    <p class=\"promotionalText\">Den mest effektive m\u00e5ten \u00e5 l\u00e6re et spr\u00e5k p\u00e5<\/p>\r\n    <a class=\"promotionalLink\" href=\"https:\/\/app.talkpal.ai\/no\/signup?lng=\">Pr\u00f8v Talkpal gratis<\/a>\r\n<\/section>\n<div class=\"wp-block-group pageContainerStyle\"><div class=\"wp-block-group__inner-container is-layout-constrained wp-block-group-is-layout-constrained\">\n<h2 class=\"wp-block-heading\" id=\"h-the-ultimate-guide-to-latvian-grammar-navigating-the-intricacies-of-a-unique-language\">Den ultimate guiden til latvisk grammatikk: Navigering i forviklingene ved et unikt spr\u00e5k<\/h2>\n\n\n\n<p><a href=\"https:\/\/talkpal.ai\/learn-latvian\/\">Latvisk<\/a> <a href=\"https:\/\/talkpal.ai\/grammar\/\">grammatikk<\/a>, i likhet med spr\u00e5ket selv, presenterer et rikt og fascinerende billedvev av spr\u00e5klige elementer. Som et baltisk spr\u00e5k trollbinder latvisk elever med sine forskjellige egenskaper og utfordrer selv de mest dyktige foredragsholderne. I denne guiden utforsker vi de viktigste prinsippene i latvisk grammatikk, avmystifiserer grammatikkens kompleksitet og hjelper deg p\u00e5 veien til \u00e5 bli flytende i dette fengslende spr\u00e5ket. La <a href=\"https:\/\/talkpal.ai\/locations\/language-courses-in-oss\/\">oss<\/a> begynne!<\/p>\n\n\n\n<h3 class=\"wp-block-heading\" id=\"h-the-nuts-and-bolts-latvian-sentence-structure\">Mutterne og boltene: Latvisk setningsstruktur<\/h3>\n\n\n\n<p>I kjernen er latvisk grammatikk ganske grei. Spr\u00e5ket f\u00f8lger generelt setningsstrukturen Subject-Verb-Object (SVO), som ligner p\u00e5 <a href=\"https:\/\/talkpal.ai\/learn-english-with-ai\/\">engelsk<\/a> og mange andre spr\u00e5k. For eksempel kan setningen &laquo;Jeg spiser et eple&raquo; oversettes til &laquo;Es \u0113du \u0101bolu&raquo; (Es \u0113du \u0101bolu). Enkelt, ikke sant? Men n\u00e5r vi graver dypere, vil du st\u00f8te p\u00e5 noen spennende og s\u00e6regne trekk ved latvisk grammatikk.<\/p>\n\n\n\n<h3 class=\"wp-block-heading\" id=\"h-meet-the-family-latvian-nouns-and-their-cases\">M\u00f8t familien: Latviske substantiver og deres tilfeller<\/h3>\n\n\n\n<p>En av de mest forvirrende egenskapene til latvisk grammatikk for <a href=\"https:\/\/talkpal.ai\/english-speaking-course\/\">engelsktalende<\/a> er forestillingen om grammatiske kasus. P\u00e5 latvisk er det syv kasus: nominativ, genitiv, dativ, akkusativ, lokativ, instrumental og vokativ. Hver kasus har sin egen funksjon og p\u00e5virker formen til substantiv, adjektiver, pronomen og noen ganger til og med verb.<\/p>\n\n\n\n<p>La oss for eksempel ta ordet &laquo;\u0101bols&raquo; (\u0101bols), som betyr &laquo;eple&raquo;:<\/p>\n\n\n\n<p><strong>&#8211; Nominativ (brukes om subjekter): \u0101bols<\/strong><\/p>\n\n\n\n<p><strong>&#8211; Genitiv (brukes om besittelse): \u0101bola<\/strong><\/p>\n\n\n\n<p><strong>&#8211; Dativ kasus (brukes for indirekte objekter): \u0101bolam<\/strong><\/p>\n\n\n\n<p><strong>&#8211; Akkusativ (brukes for direkte objekter): \u0101bolu<\/strong><\/p>\n\n\n\n<p><strong>&#8211; Lokativ kasus (brukes om sted): \u0101bol\u0101<\/strong><\/p>\n\n\n\n<p><strong>&#8211; Instrumental kasus (brukes om m\u00e5ten en handling utf\u00f8res p\u00e5): \u0101bolu\/-iem<\/strong><\/p>\n\n\n\n<p><strong>&#8211; Vokativ kasus (brukes for \u00e5 henvende seg til noen eller noe): \u0101bol<\/strong><\/p>\n\n\n\n<p>Det er viktig \u00e5 sette seg inn i disse kasusene, da de kan endre betydningen av setningene dine dramatisk.<\/p>\n\n\n\n<h3 class=\"wp-block-heading\" id=\"h-playing-with-numbers-latvian-plurals-and-genders\">Leker med tall: Latviske flertallsformer og kj\u00f8nn<\/h3>\n\n\n\n<p>N\u00e5r du danner flertall p\u00e5 latvisk, er det viktig \u00e5 huske p\u00e5 substantivets kj\u00f8nn. P\u00e5 latvisk har substantiver to kj\u00f8nn &#8211; maskulin og feminin. Kj\u00f8nn p\u00e5virker endelsene til substantiver, adjektiver, tall og visse verbformer.<\/p>\n\n\n\n<p>Generelt ender hankj\u00f8nnssubstantiv i flertall nominativ kasus p\u00e5 -i, mens feminine substantiv slutter p\u00e5 -as. For eksempel blir &laquo;zirgs&raquo; (zirgs, et maskulint substantiv som betyr &laquo;hest&raquo;) til &laquo;zirgi&raquo; (zirgi, hester), og &laquo;sieviete&raquo; (sieviete, et feminint substantiv som betyr &laquo;kvinne&raquo;) blir til &laquo;sievietes&raquo; (sievietes, kvinner).<\/p>\n\n\n\n<p>Det finnes selvf\u00f8lgelig noen unntak, og derfor er det viktig \u00e5 l\u00e6re seg substantivets kj\u00f8nn og v\u00e6re oppmerksom p\u00e5 eventuelle uregelmessige flertall.<\/p>\n\n\n\n<h3 class=\"wp-block-heading\" id=\"h-the-art-of-conjugation-latvian-verbs\">Kunsten \u00e5 b\u00f8ye: latviske verb<\/h3>\n\n\n\n<p>Latviske verb kan i utgangspunktet virke skremmende p\u00e5 grunn av deres mange tider, stemninger og b\u00f8yninger. N\u00f8kkelen til \u00e5 forst\u00e5 dem er imidlertid \u00e5 gjenkjenne vanlige m\u00f8nstre og \u00f8ve regelmessig.<\/p>\n\n\n\n<p>P\u00e5 latvisk er verb delt inn i tre grupper basert p\u00e5 deres infinitive endelser, -t, -ties og -ties\/-t. Hver gruppe har spesifikke b\u00f8yningsregler. La oss ta verbet &laquo;las\u012bt&raquo; (las\u012bt, &laquo;\u00e5 lese&raquo;) som et eksempel:<\/p>\n\n\n\n<p><strong>N\u00e5tid: Es lasu (Es lasu, &laquo;jeg leser&raquo;)<\/strong><\/p>\n\n\n\n<p><strong>Fortidsform: Es las\u012bju (Es las\u012bju, &laquo;jeg leste&raquo;)<\/strong><\/p>\n\n\n\n<p><strong>Framtidig presens: Es las\u012b\u0161u (Es las\u012b\u0161u, &laquo;Jeg vil lese&raquo;)<\/strong><\/p>\n\n\n\n<p>Som du kan se, endres avslutningene i henhold til tiden. Og dette er ikke engang nok til \u00e5 skrape i overflaten av latvisk verbb\u00f8yning! Men ikke la det ta motet fra deg. Med \u00f8velse og t\u00e5lmodighet vil du begynne \u00e5 gjenkjenne m\u00f8nstrene og overvinne denne utfordringen.<\/p>\n\n\n\n<h3 class=\"wp-block-heading\" id=\"h-the-finishing-touches-latvian-adjectives-adverbs-and-more\">Finpussingen: Latviske adjektiver, adverb og mer<\/h3>\n\n\n\n<p>N\u00e5r det kommer til latviske adjektiver og adverb, spiller de en avgj\u00f8rende rolle i \u00e5 legge til dybde og kompleksitet til talen din. Adjektiver m\u00e5 stemme overens med substantivene de endrer n\u00e5r det gjelder kj\u00f8nn og kasus, med endelser som varierer deretter.<\/p>\n\n\n\n<p>For eksempel betyr &laquo;gar\u0161\u012bgs&raquo; (gar\u0161\u012bgs) &laquo;deilig&raquo;, og du kan se det som &laquo;gar\u0161\u012bgs \u0101bols&raquo; (gar\u0161\u012bgs \u0101bols, &laquo;deilig eple&raquo;) eller &laquo;gar\u0161\u012bga zupa&raquo; (gar\u0161\u012bga zupa, &laquo;deilig suppe&raquo;), med ulike endelser for hankj\u00f8nns- og hunkj\u00f8nnsord.<\/p>\n\n\n\n<p>Adverb f\u00f8lger vanligvis lignende m\u00f8nstre, ofte avledet fra adjektiver. P\u00e5 latvisk slutter flertallet av adverbene p\u00e5 -i, som er den samme formen som hankj\u00f8nn entall akkusativ for adjektiv.<\/p>\n\n\n\n<p>Den latviske grammatikkens kompleksitet og s\u00e6regenheter er utfordrende, men gir samtidig spr\u00e5ket dets fengslende skj\u00f8nnhet og karakter. Med en kombinasjon av utholdenhet, nysgjerrighet og praktisk anvendelse vil du snart kunne navigere i latvisk grammatikk med letthet og selvtillit. God l\u00e6ring!<\/p>\n<\/div><\/div>\n\r\n<section class=\"learnNavigationSection\">\r\n            \r\n        <a href=\"https:\/\/talkpal.ai\/no\/laer-latvisk\/\">\r\n            <div class=\"learnNavigationWrapper\">\r\n                <div class=\"learnNavigationContent\">\r\n                    <img decoding=\"async\" src=\"https:\/\/talkpal.ai\/wp-content\/uploads\/2024\/08\/Latvian.jpg\" alt=\"Latvian Flag\">\r\n                    <div>\r\n                        <h4>Om latvisk l\u00e6ring<\/h4>\r\n                        <p>Finn ut alt om latvisk grammatikk.<\/p>\r\n                    <\/div>\r\n                <\/div>\r\n            <\/div>\r\n        <\/a>\r\n\r\n        \r\n        <a href=\"https:\/\/talkpal.ai\/no\/latviske-grammatikkovelser\/\">\r\n            <div class=\"learnNavigationWrapper\">\r\n                <div class=\"learnNavigationContent\">\r\n                    <img decoding=\"async\" src=\"https:\/\/talkpal.ai\/wp-content\/uploads\/2024\/08\/Latvian.jpg\" alt=\"Latvian Flag\">\r\n                    <div>\r\n                        <h4>Latvisk grammatikk\u00f8velse<\/h4>\r\n                        <p>\u00d8v p\u00e5 latvisk grammatikk.<\/p>\r\n                    <\/div>\r\n                <\/div>\r\n            <\/div>\r\n        <\/a>\r\n\r\n        \r\n        <a href=\"https:\/\/talkpal.ai\/vocabulary_language\/latvian\/\">\r\n            <div class=\"learnNavigationWrapper\">\r\n                <div class=\"learnNavigationContent\">\r\n                    <img decoding=\"async\" src=\"https:\/\/talkpal.ai\/wp-content\/uploads\/2024\/08\/Latvian.jpg\" alt=\"Latvian Flag\">\r\n                    <div>\r\n                        <h4>Latvisk ordforr\u00e5d<\/h4>\r\n                        <p>Utvid det latviske ordforr\u00e5det ditt.<\/p>\r\n                    <\/div>\r\n                <\/div>\r\n            <\/div>\r\n        <\/a>\r\n\r\n            <\/section>","protected":false},"excerpt":{"rendered":"<p>Den ultimate guiden til latvisk grammatikk: Navigering i forviklingene ved et unikt spr\u00e5k Latvisk grammatikk, i likhet med spr\u00e5ket selv, presenterer et rikt og fascinerende billedvev av spr\u00e5klige elementer. Som et baltisk spr\u00e5k trollbinder latvisk elever med sine forskjellige egenskaper og utfordrer selv de mest dyktige foredragsholderne. I denne guiden utforsker vi de viktigste prinsippene [&hellip;]<\/p>\n","protected":false},"author":1,"featured_media":114482,"parent":0,"menu_order":0,"comment_status":"closed","ping_status":"closed","template":"LearningContentPage.php","meta":{"_acf_changed":false,"footnotes":""},"class_list":["post-145939","page","type-page","status-publish","has-post-thumbnail","hentry"],"acf":[],"yoast_head":"<!-- This site is optimized with the Yoast SEO Premium plugin v27.2 (Yoast SEO v27.2) - https:\/\/yoast.com\/product\/yoast-seo-premium-wordpress\/ -->\n<title>Latvisk grammatikk - Talkpal<\/title>\n<meta name=\"description\" content=\"Behersk latvisk grammatikk med selvtillit - l\u00e6r regler, \u00f8v p\u00e5 bruk og \u00f8k spr\u00e5kets n\u00f8yaktighet med Talkpal&#039;s personlige AI-veiledning.\" \/>\n<meta name=\"robots\" content=\"index, follow, max-snippet:-1, max-image-preview:large, max-video-preview:-1\" \/>\n<link rel=\"canonical\" href=\"https:\/\/talkpal.ai\/no\/latvisk-grammatikk\/\" \/>\n<meta property=\"og:locale\" content=\"nb_NO\" \/>\n<meta property=\"og:type\" content=\"article\" \/>\n<meta property=\"og:title\" content=\"Latvisk grammatikk\" \/>\n<meta property=\"og:description\" content=\"Den ultimate guiden til latvisk grammatikk: Navigering i forviklingene ved et unikt spr\u00e5k Latvisk grammatikk, i likhet med spr\u00e5ket selv, presenterer et\" \/>\n<meta property=\"og:url\" content=\"https:\/\/talkpal.ai\/no\/latvisk-grammatikk\/\" \/>\n<meta property=\"og:site_name\" content=\"Talkpal\" \/>\n<meta property=\"article:publisher\" content=\"https:\/\/www.facebook.com\/profile.php?id=100090733639311\" \/>\n<meta property=\"article:modified_time\" content=\"2025-12-17T17:11:38+00:00\" \/>\n<meta property=\"og:image\" content=\"https:\/\/talkpal.ai\/wp-content\/uploads\/2023\/05\/latvia.png\" \/>\n\t<meta property=\"og:image:width\" content=\"512\" \/>\n\t<meta property=\"og:image:height\" content=\"512\" \/>\n\t<meta property=\"og:image:type\" content=\"image\/png\" \/>\n<meta name=\"twitter:card\" content=\"summary_large_image\" \/>\n<meta name=\"twitter:site\" content=\"@talkpalai\" \/>\n<meta name=\"twitter:label1\" content=\"Ansl. lesetid\" \/>\n\t<meta name=\"twitter:data1\" content=\"4 minutter\" \/>\n<script type=\"application\/ld+json\" class=\"yoast-schema-graph\">{\"@context\":\"https:\/\/schema.org\",\"@graph\":[{\"@type\":\"WebPage\",\"@id\":\"https:\/\/talkpal.ai\/no\/latvisk-grammatikk\/\",\"url\":\"https:\/\/talkpal.ai\/no\/latvisk-grammatikk\/\",\"name\":\"Latvisk grammatikk - Talkpal\",\"isPartOf\":{\"@id\":\"https:\/\/talkpal.ai\/no\/#website\"},\"primaryImageOfPage\":{\"@id\":\"https:\/\/talkpal.ai\/no\/latvisk-grammatikk\/#primaryimage\"},\"image\":{\"@id\":\"https:\/\/talkpal.ai\/no\/latvisk-grammatikk\/#primaryimage\"},\"thumbnailUrl\":\"https:\/\/talkpal.ai\/wp-content\/uploads\/2023\/05\/latvia.png\",\"datePublished\":\"2023-05-14T14:10:24+00:00\",\"dateModified\":\"2025-12-17T17:11:38+00:00\",\"description\":\"Behersk latvisk grammatikk med selvtillit - l\u00e6r regler, \u00f8v p\u00e5 bruk og \u00f8k spr\u00e5kets n\u00f8yaktighet med Talkpal's personlige AI-veiledning.\",\"breadcrumb\":{\"@id\":\"https:\/\/talkpal.ai\/no\/latvisk-grammatikk\/#breadcrumb\"},\"inLanguage\":\"nb-NO\",\"potentialAction\":[{\"@type\":\"ReadAction\",\"target\":[\"https:\/\/talkpal.ai\/no\/latvisk-grammatikk\/\"]}]},{\"@type\":\"ImageObject\",\"inLanguage\":\"nb-NO\",\"@id\":\"https:\/\/talkpal.ai\/no\/latvisk-grammatikk\/#primaryimage\",\"url\":\"https:\/\/talkpal.ai\/wp-content\/uploads\/2023\/05\/latvia.png\",\"contentUrl\":\"https:\/\/talkpal.ai\/wp-content\/uploads\/2023\/05\/latvia.png\",\"width\":512,\"height\":512},{\"@type\":\"BreadcrumbList\",\"@id\":\"https:\/\/talkpal.ai\/no\/latvisk-grammatikk\/#breadcrumb\",\"itemListElement\":[{\"@type\":\"ListItem\",\"position\":1,\"name\":\"Homepage\",\"item\":\"https:\/\/talkpal.ai\/no\/\"},{\"@type\":\"ListItem\",\"position\":2,\"name\":\"Latvisk grammatikk\"}]},{\"@type\":\"WebSite\",\"@id\":\"https:\/\/talkpal.ai\/no\/#website\",\"url\":\"https:\/\/talkpal.ai\/no\/\",\"name\":\"Talkpal\",\"description\":\"AI Language Learning\",\"publisher\":{\"@id\":\"https:\/\/talkpal.ai\/no\/#organization\"},\"alternateName\":\"Talkpal AI\",\"potentialAction\":[{\"@type\":\"SearchAction\",\"target\":{\"@type\":\"EntryPoint\",\"urlTemplate\":\"https:\/\/talkpal.ai\/no\/?s={search_term_string}\"},\"query-input\":{\"@type\":\"PropertyValueSpecification\",\"valueRequired\":true,\"valueName\":\"search_term_string\"}}],\"inLanguage\":\"nb-NO\"},{\"@type\":\"Organization\",\"@id\":\"https:\/\/talkpal.ai\/no\/#organization\",\"name\":\"Talkpal, Inc.\",\"alternateName\":\"Talkpal AI\",\"url\":\"https:\/\/talkpal.ai\/no\/\",\"logo\":{\"@type\":\"ImageObject\",\"inLanguage\":\"nb-NO\",\"@id\":\"https:\/\/talkpal.ai\/no\/#\/schema\/logo\/image\/\",\"url\":\"https:\/\/talkpal.ai\/wp-content\/uploads\/2024\/03\/Talkpal-Logo-Icon.png\",\"contentUrl\":\"https:\/\/talkpal.ai\/wp-content\/uploads\/2024\/03\/Talkpal-Logo-Icon.png\",\"width\":2880,\"height\":2880,\"caption\":\"Talkpal, Inc.\"},\"image\":{\"@id\":\"https:\/\/talkpal.ai\/no\/#\/schema\/logo\/image\/\"},\"sameAs\":[\"https:\/\/www.facebook.com\/profile.php?id=100090733639311\",\"https:\/\/x.com\/talkpalai\",\"https:\/\/www.linkedin.com\/company\/talkpal\/\",\"https:\/\/www.youtube.com\/@TalkPal\/\",\"https:\/\/www.tiktok.com\/@talkpal\",\"https:\/\/www.instagram.com\/talkpal_ai\/\",\"https:\/\/www.crunchbase.com\/organization\/talkpal-9cde\",\"https:\/\/www.g2.com\/products\/talkpal-for-business\/\",\"https:\/\/www.trustpilot.com\/review\/talkpal.ai\",\"https:\/\/www.capterra.com\/p\/10006800\/TalkPal\/\"],\"description\":\"Talkpal is a language learning web and mobile education app, powered by the latest AI technologies, that provides engaging experiences to its customers in many different languages to help them improve their language skills. Users can chat about unlimited amount of topics with the app and use other modes to practice their language learning.\",\"email\":\"support@talkpal.ai\",\"legalName\":\"Talkpal, Inc.\",\"foundingDate\":\"2023-04-03\",\"duns\":\"118989042\",\"numberOfEmployees\":{\"@type\":\"QuantitativeValue\",\"minValue\":\"11\",\"maxValue\":\"50\"},\"publishingPrinciples\":\"https:\/\/talkpal.ai\/publishing-principles\/\",\"actionableFeedbackPolicy\":\"https:\/\/talkpal.ai\/actionable-feedback-policy\/\",\"correctionsPolicy\":\"https:\/\/talkpal.ai\/corrections-policy\/\",\"ethicsPolicy\":\"https:\/\/talkpal.ai\/ethics-policy\/\",\"diversityPolicy\":\"https:\/\/talkpal.ai\/diversity-policy\/\",\"diversityStaffingReport\":\"https:\/\/talkpal.ai\/diversity-policy\/\"}]}<\/script>\n<!-- \/ Yoast SEO Premium plugin. -->","yoast_head_json":{"title":"Latvisk grammatikk - Talkpal","description":"Behersk latvisk grammatikk med selvtillit - l\u00e6r regler, \u00f8v p\u00e5 bruk og \u00f8k spr\u00e5kets n\u00f8yaktighet med Talkpal's personlige AI-veiledning.","robots":{"index":"index","follow":"follow","max-snippet":"max-snippet:-1","max-image-preview":"max-image-preview:large","max-video-preview":"max-video-preview:-1"},"canonical":"https:\/\/talkpal.ai\/no\/latvisk-grammatikk\/","og_locale":"nb_NO","og_type":"article","og_title":"Latvisk grammatikk","og_description":"Den ultimate guiden til latvisk grammatikk: Navigering i forviklingene ved et unikt spr\u00e5k Latvisk grammatikk, i likhet med spr\u00e5ket selv, presenterer et","og_url":"https:\/\/talkpal.ai\/no\/latvisk-grammatikk\/","og_site_name":"Talkpal","article_publisher":"https:\/\/www.facebook.com\/profile.php?id=100090733639311","article_modified_time":"2025-12-17T17:11:38+00:00","og_image":[{"width":512,"height":512,"url":"https:\/\/talkpal.ai\/wp-content\/uploads\/2023\/05\/latvia.png","type":"image\/png"}],"twitter_card":"summary_large_image","twitter_site":"@talkpalai","twitter_misc":{"Ansl. lesetid":"4 minutter"},"schema":{"@context":"https:\/\/schema.org","@graph":[{"@type":"WebPage","@id":"https:\/\/talkpal.ai\/no\/latvisk-grammatikk\/","url":"https:\/\/talkpal.ai\/no\/latvisk-grammatikk\/","name":"Latvisk grammatikk - Talkpal","isPartOf":{"@id":"https:\/\/talkpal.ai\/no\/#website"},"primaryImageOfPage":{"@id":"https:\/\/talkpal.ai\/no\/latvisk-grammatikk\/#primaryimage"},"image":{"@id":"https:\/\/talkpal.ai\/no\/latvisk-grammatikk\/#primaryimage"},"thumbnailUrl":"https:\/\/talkpal.ai\/wp-content\/uploads\/2023\/05\/latvia.png","datePublished":"2023-05-14T14:10:24+00:00","dateModified":"2025-12-17T17:11:38+00:00","description":"Behersk latvisk grammatikk med selvtillit - l\u00e6r regler, \u00f8v p\u00e5 bruk og \u00f8k spr\u00e5kets n\u00f8yaktighet med Talkpal's personlige AI-veiledning.","breadcrumb":{"@id":"https:\/\/talkpal.ai\/no\/latvisk-grammatikk\/#breadcrumb"},"inLanguage":"nb-NO","potentialAction":[{"@type":"ReadAction","target":["https:\/\/talkpal.ai\/no\/latvisk-grammatikk\/"]}]},{"@type":"ImageObject","inLanguage":"nb-NO","@id":"https:\/\/talkpal.ai\/no\/latvisk-grammatikk\/#primaryimage","url":"https:\/\/talkpal.ai\/wp-content\/uploads\/2023\/05\/latvia.png","contentUrl":"https:\/\/talkpal.ai\/wp-content\/uploads\/2023\/05\/latvia.png","width":512,"height":512},{"@type":"BreadcrumbList","@id":"https:\/\/talkpal.ai\/no\/latvisk-grammatikk\/#breadcrumb","itemListElement":[{"@type":"ListItem","position":1,"name":"Homepage","item":"https:\/\/talkpal.ai\/no\/"},{"@type":"ListItem","position":2,"name":"Latvisk grammatikk"}]},{"@type":"WebSite","@id":"https:\/\/talkpal.ai\/no\/#website","url":"https:\/\/talkpal.ai\/no\/","name":"Talkpal","description":"AI Language Learning","publisher":{"@id":"https:\/\/talkpal.ai\/no\/#organization"},"alternateName":"Talkpal AI","potentialAction":[{"@type":"SearchAction","target":{"@type":"EntryPoint","urlTemplate":"https:\/\/talkpal.ai\/no\/?s={search_term_string}"},"query-input":{"@type":"PropertyValueSpecification","valueRequired":true,"valueName":"search_term_string"}}],"inLanguage":"nb-NO"},{"@type":"Organization","@id":"https:\/\/talkpal.ai\/no\/#organization","name":"Talkpal, Inc.","alternateName":"Talkpal AI","url":"https:\/\/talkpal.ai\/no\/","logo":{"@type":"ImageObject","inLanguage":"nb-NO","@id":"https:\/\/talkpal.ai\/no\/#\/schema\/logo\/image\/","url":"https:\/\/talkpal.ai\/wp-content\/uploads\/2024\/03\/Talkpal-Logo-Icon.png","contentUrl":"https:\/\/talkpal.ai\/wp-content\/uploads\/2024\/03\/Talkpal-Logo-Icon.png","width":2880,"height":2880,"caption":"Talkpal, Inc."},"image":{"@id":"https:\/\/talkpal.ai\/no\/#\/schema\/logo\/image\/"},"sameAs":["https:\/\/www.facebook.com\/profile.php?id=100090733639311","https:\/\/x.com\/talkpalai","https:\/\/www.linkedin.com\/company\/talkpal\/","https:\/\/www.youtube.com\/@TalkPal\/","https:\/\/www.tiktok.com\/@talkpal","https:\/\/www.instagram.com\/talkpal_ai\/","https:\/\/www.crunchbase.com\/organization\/talkpal-9cde","https:\/\/www.g2.com\/products\/talkpal-for-business\/","https:\/\/www.trustpilot.com\/review\/talkpal.ai","https:\/\/www.capterra.com\/p\/10006800\/TalkPal\/"],"description":"Talkpal is a language learning web and mobile education app, powered by the latest AI technologies, that provides engaging experiences to its customers in many different languages to help them improve their language skills. Users can chat about unlimited amount of topics with the app and use other modes to practice their language learning.","email":"support@talkpal.ai","legalName":"Talkpal, Inc.","foundingDate":"2023-04-03","duns":"118989042","numberOfEmployees":{"@type":"QuantitativeValue","minValue":"11","maxValue":"50"},"publishingPrinciples":"https:\/\/talkpal.ai\/publishing-principles\/","actionableFeedbackPolicy":"https:\/\/talkpal.ai\/actionable-feedback-policy\/","correctionsPolicy":"https:\/\/talkpal.ai\/corrections-policy\/","ethicsPolicy":"https:\/\/talkpal.ai\/ethics-policy\/","diversityPolicy":"https:\/\/talkpal.ai\/diversity-policy\/","diversityStaffingReport":"https:\/\/talkpal.ai\/diversity-policy\/"}]}},"_links":{"self":[{"href":"https:\/\/talkpal.ai\/no\/wp-json\/wp\/v2\/pages\/145939","targetHints":{"allow":["GET"]}}],"collection":[{"href":"https:\/\/talkpal.ai\/no\/wp-json\/wp\/v2\/pages"}],"about":[{"href":"https:\/\/talkpal.ai\/no\/wp-json\/wp\/v2\/types\/page"}],"author":[{"embeddable":true,"href":"https:\/\/talkpal.ai\/no\/wp-json\/wp\/v2\/users\/1"}],"replies":[{"embeddable":true,"href":"https:\/\/talkpal.ai\/no\/wp-json\/wp\/v2\/comments?post=145939"}],"version-history":[{"count":0,"href":"https:\/\/talkpal.ai\/no\/wp-json\/wp\/v2\/pages\/145939\/revisions"}],"wp:featuredmedia":[{"embeddable":true,"href":"https:\/\/talkpal.ai\/no\/wp-json\/wp\/v2\/media\/114482"}],"wp:attachment":[{"href":"https:\/\/talkpal.ai\/no\/wp-json\/wp\/v2\/media?parent=145939"}],"curies":[{"name":"wp","href":"https:\/\/api.w.org\/{rel}","templated":true}]}}