{"id":145552,"date":"2023-05-14T14:09:47","date_gmt":"2023-05-14T14:09:47","guid":{"rendered":"http:\/\/talkpal.ai\/kannada-grammatikk\/"},"modified":"2025-12-11T16:22:02","modified_gmt":"2025-12-11T16:22:02","slug":"kannada-grammatikk","status":"publish","type":"page","link":"https:\/\/talkpal.ai\/no\/kannada-grammatikk\/","title":{"rendered":"Kannada grammatikk"},"content":{"rendered":"\r\n\r\n\r\n<section class=\"languageChallengeSection\">\r\n    <div class=\"languageInfoWrapper\">\r\n        \r\n        <h1>Kannada grammatikk<\/h1>\r\n        <p>Gleder du deg til \u00e5 utforske <a href=\"https:\/\/talkpal.ai\/learn-kannada\/\">Kannada<\/a>? Dykk ned i Kannada-grammatikken, som har rikholdige verbb\u00f8yninger, kj\u00f8nnede substantiver og et logisk kasussystem som gj\u00f8r spr\u00e5ket levende. Begynn \u00e5 l\u00e6re i dag &#8211; \u00e5 beherske <a href=\"https:\/\/talkpal.ai\/kannada-grammar\/\">Kannada-grammatikk<\/a> vil gi deg verkt\u00f8yene du trenger for \u00e5 komme i dyp kontakt med Karnatakas levende kultur og kommunisere med selvtillit p\u00e5 et av S\u00f8r-Indias mest uttrykksfulle spr\u00e5k!<\/p>\r\n\r\n                            <a class=\"getStartedHidden\" href=\"https:\/\/app.talkpal.ai\/no\/signup?lng=\">Kom i gang<\/a>\r\n        \r\n    <\/div>\r\n\r\n    <figure>\r\n    <img decoding=\"async\" width=\"768\" height=\"768\" src=\"https:\/\/talkpal.ai\/wp-content\/uploads\/2023\/06\/Kannada-768x768.png\" class=\"languageImage no-lazy\" alt=\"Language learning for increased mental flexibility\" fetchpriority=\"high\" sizes=\"(max-width: 768px) 150px, 768px\" srcset=\"https:\/\/talkpal.ai\/wp-content\/uploads\/2023\/06\/Kannada-768x768.png 768w, https:\/\/talkpal.ai\/wp-content\/uploads\/2023\/06\/Kannada-300x300.png 300w\" \/>\r\n    \r\n\r\n    <\/figure>\r\n\r\n            <a class=\"getStartedVisible\" href=\"https:\/\/app.talkpal.ai\/no\/signup?lng=\">Kom i gang<\/a>\r\n    \r\n<\/section>\r\n<section class=\"promotionalBanner\">\r\n    <p class=\"promotionalText\">Den mest effektive m\u00e5ten \u00e5 l\u00e6re et spr\u00e5k p\u00e5<\/p>\r\n    <a class=\"promotionalLink\" href=\"https:\/\/app.talkpal.ai\/no\/signup?lng=\">Pr\u00f8v Talkpal gratis<\/a>\r\n<\/section>\n<div class=\"wp-block-group pageContainerStyle\"><div class=\"wp-block-group__inner-container is-layout-constrained wp-block-group-is-layout-constrained\">\n<h2 class=\"wp-block-heading\" id=\"h-kannada-grammar-an-insight-into-the-richness-of-the-dravidian-language\">Kannada-grammatikk: et innblikk i rikdommen til det dravidiske spr\u00e5ket<\/h2>\n\n\n\n<p>Har du noen gang lurt p\u00e5 det spr\u00e5klige mangfoldet i India? Som en spr\u00e5kentusiast eller en nysgjerrig elev kan du v\u00e6re interessert i \u00e5 se n\u00e6rmere p\u00e5 et av de klassiske spr\u00e5kene i India \u2013 Kannada. Kannada er et dravidisk spr\u00e5k som hovedsakelig snakkes i den s\u00f8rlige delstaten Karnataka. Det er morsm\u00e5let til omtrent 44 millioner mennesker, noe som gj\u00f8r det til et av de viktigste indiske spr\u00e5kene. La <a href=\"https:\/\/talkpal.ai\/locations\/language-courses-in-oss\/\">oss<\/a> dykke dypt inn i Kannada-grammatikkens fascinerende verden og l\u00e6re mer om dette vakre spr\u00e5ket.<\/p>\n\n\n\n<h3 class=\"wp-block-heading\" id=\"h-the-linguistic-alphabet-kannada-script\">Det spr\u00e5klige alfabetet: Kannada-skrift<\/h3>\n\n\n\n<p>Kannada-skriptet, ogs\u00e5 kjent som &laquo;\u0c95\u0ca8\u0ccd\u0ca8\u0ca1 \u0cb2\u0cbf\u0caa\u0cbf&raquo; (Kannada Lipi), er en abugida &#8211; et skriftsystem med stavelsesalfabeter. Hver bokstav representerer en annen konsonant-vokalkombinasjon. Manuset best\u00e5r av 49 tegn, inkludert 34 konsonanter og 13 vokaler. Kannada-skriptet har et visuelt distinkt utseende og er en fantastisk unik m\u00e5te \u00e5 formidle spr\u00e5kets lyder og betydninger p\u00e5.<\/p>\n\n\n\n<h3 class=\"wp-block-heading\" id=\"h-nouns-pronouns-and-cases-more-than-meets-the-eye\">Substantiv, pronomen og kasus \u2013 mer enn det som m\u00f8ter \u00f8yet<\/h3>\n\n\n\n<p>Kannada-substantiver er unike p\u00e5 grunn av deres deklinasjonssystem &#8211; de f\u00f8lger et kasussystem omtrent som andre dravidiske spr\u00e5k. Det er \u00e5tte kasus i Kannada, som bidrar til \u00e5 definere forholdet mellom substantivet og de andre ordene i setningen: nominativ, akkusativ, instrumental, dativ, ablativ, genitiv, lokativ og vokativ. Substantiv i Kannada er ogs\u00e5 klassifisert i henhold til kj\u00f8nn (maskulint, feminint og intetkj\u00f8nn) og antall (entall, flertall og dobbelt \u2013 et sjeldent trekk blant indiske spr\u00e5k).<\/p>\n\n\n\n<p>Pronomen i Kannada er ogs\u00e5 fascinerende. De har distinksjoner for hver person (f\u00f8rste, andre og tredje), tall (entall, flertall og dobbelt) og kj\u00f8nn (maskulint, feminint og intetkj\u00f8nn). I tillegg har kannada flere \u00e6restiltaleformer, noe som viser spr\u00e5kets kulturelle aspekter av respekt og h\u00f8flighet.<\/p>\n\n\n\n<h3 class=\"wp-block-heading\" id=\"h-venturing-into-verbs-tenses-aspects-and-moods\">G\u00e5 inn i verb: Tider, aspekter og stemninger<\/h3>\n\n\n\n<p>Kannada-verb er preget av et rikt system av b\u00f8ying. Verb er b\u00f8yet i henhold til tid (fortid, n\u00e5tid og fremtid), aspekt (perfektiv eller imperfektiv) og stemning (indikativ, <a href=\"https:\/\/talkpal.ai\/ja\/grammar_exercises\/imperatif-%e3%83%95%e3%83%a9%e3%83%b3%e3%82%b9%e3%81%ae%e6%96%87%e6%b3%95%e3%81%ae%e3%81%9f%e3%82%81%e3%81%ae%e6%bc%94%e7%bf%92\/\">imperativ<\/a> og betinget). Ytterligere kompleksitet legges til med tilstedev\u00e6relsen av kausative verb og passive og aktive stemmer. B\u00f8yningen avhenger av person, tall og kj\u00f8nn, noe som gj\u00f8r Kannada-verbformer sv\u00e6rt b\u00f8yde og intrikate.<\/p>\n\n\n\n<h3 class=\"wp-block-heading\" id=\"h-adjectives-adverbs-and-more\">Adjektiver, adverb og mer<\/h3>\n\n\n\n<p>Kannada-adjektiver og tall stemmer med substantivene de endrer n\u00e5r det gjelder kj\u00f8nn, tall og kasus. Adjektiver kan b\u00f8yes p\u00e5 samme m\u00e5te som substantiver og kan til og med kombineres for \u00e5 danne adverb. Spr\u00e5ket bruker ogs\u00e5 ulike konjunksjoner, partikler og preposisjoner for \u00e5 samle setninger og deres komponenter til en sammenhengende og uttrykksfull helhet.<\/p>\n\n\n\n<h3 class=\"wp-block-heading\" id=\"h-embracing-the-beauty-of-kannada-grammar\">Omfavne skj\u00f8nnheten i Kannada-grammatikken<\/h3>\n\n\n\n<p>Kannada-grammatikkens verden er like fascinerende som den er kompleks. Det intrikate kasussystemet, det unike manuset og de sv\u00e6rt b\u00f8yde verbformene gir Kannada sin sjarm og rikdom. Ved \u00e5 dykke ned i rikene til dette uts\u00f8kte spr\u00e5ket, f\u00e5r du en dypere forst\u00e5else av det spr\u00e5klige og kulturelle mangfoldet i India.<\/p>\n\n\n\n<p>S\u00e5 hvorfor ikke utforske skj\u00f8nnheten i Kannada videre? Med lidenskap og nysgjerrighet kan du snart finne deg selv \u00e5 nyte den fantastiske litteraturen, kinoen og musikken p\u00e5 dette majestetiske spr\u00e5ket. God <a href=\"https:\/\/talkpal.ai\/da\/laering\/\">l\u00e6ring<\/a>!<\/p>\n<\/div><\/div>\n\r\n<section class=\"learnNavigationSection\">\r\n            \r\n        <a href=\"https:\/\/talkpal.ai\/no\/laer-kannada\/\">\r\n            <div class=\"learnNavigationWrapper\">\r\n                <div class=\"learnNavigationContent\">\r\n                    <img decoding=\"async\" src=\"https:\/\/talkpal.ai\/wp-content\/uploads\/2024\/08\/Kannada.jpg\" alt=\"Indian Simplified Flag\">\r\n                    <div>\r\n                        <h4>Om Kannada Learning<\/h4>\r\n                        <p>Finn ut alt om Kannada- grammatikk.<\/p>\r\n                    <\/div>\r\n                <\/div>\r\n            <\/div>\r\n        <\/a>\r\n\r\n        \r\n        <a href=\"https:\/\/talkpal.ai\/no\/kannada-grammatikkovelser\/\">\r\n            <div class=\"learnNavigationWrapper\">\r\n                <div class=\"learnNavigationContent\">\r\n                    <img decoding=\"async\" src=\"https:\/\/talkpal.ai\/wp-content\/uploads\/2024\/08\/Kannada.jpg\" alt=\"Indian Simplified Flag\">\r\n                    <div>\r\n                        <h4>Kannada grammatikk\u00f8velse<\/h4>\r\n                        <p>\u00d8v Kannada- grammatikk.<\/p>\r\n                    <\/div>\r\n                <\/div>\r\n            <\/div>\r\n        <\/a>\r\n\r\n        \r\n        <a href=\"https:\/\/talkpal.ai\/vocabulary_language\/kannada\/\">\r\n            <div class=\"learnNavigationWrapper\">\r\n                <div class=\"learnNavigationContent\">\r\n                    <img decoding=\"async\" src=\"https:\/\/talkpal.ai\/wp-content\/uploads\/2024\/08\/Kannada.jpg\" alt=\"Indian Simplified Flag\">\r\n                    <div>\r\n                        <h4>Kannada-ordforr\u00e5d<\/h4>\r\n                        <p>Utvid ordforr\u00e5det ditt p\u00e5 kannada.<\/p>\r\n                    <\/div>\r\n                <\/div>\r\n            <\/div>\r\n        <\/a>\r\n\r\n            <\/section>","protected":false},"excerpt":{"rendered":"<p>Kannada-grammatikk: et innblikk i rikdommen til det dravidiske spr\u00e5ket Har du noen gang lurt p\u00e5 det spr\u00e5klige mangfoldet i India? Som en spr\u00e5kentusiast eller en nysgjerrig elev kan du v\u00e6re interessert i \u00e5 se n\u00e6rmere p\u00e5 et av de klassiske spr\u00e5kene i India \u2013 Kannada. Kannada er et dravidisk spr\u00e5k som hovedsakelig snakkes i den [&hellip;]<\/p>\n","protected":false},"author":1,"featured_media":113640,"parent":0,"menu_order":0,"comment_status":"closed","ping_status":"closed","template":"LearningContentPage.php","meta":{"_acf_changed":false,"footnotes":""},"class_list":["post-145552","page","type-page","status-publish","has-post-thumbnail","hentry"],"acf":[],"yoast_head":"<!-- This site is optimized with the Yoast SEO Premium plugin v27.2 (Yoast SEO v27.2) - https:\/\/yoast.com\/product\/yoast-seo-premium-wordpress\/ -->\n<title>Kannada grammatikk - Talkpal<\/title>\n<meta name=\"description\" content=\"L\u00e6r Kannada-grammatikk p\u00e5 en trygg m\u00e5te - forst\u00e5 de viktigste reglene, skjerp setningskonstruksjonen og f\u00e5 bedre flyt\" \/>\n<meta name=\"robots\" content=\"index, follow, max-snippet:-1, max-image-preview:large, max-video-preview:-1\" \/>\n<link rel=\"canonical\" href=\"https:\/\/talkpal.ai\/no\/kannada-grammatikk\/\" \/>\n<meta property=\"og:locale\" content=\"nb_NO\" \/>\n<meta property=\"og:type\" content=\"article\" \/>\n<meta property=\"og:title\" content=\"Kannada grammatikk\" \/>\n<meta property=\"og:description\" content=\"Kannada-grammatikk: et innblikk i rikdommen til det dravidiske spr\u00e5ket Har du noen gang lurt p\u00e5 det spr\u00e5klige mangfoldet i India? Som en spr\u00e5kentusiast\" \/>\n<meta property=\"og:url\" content=\"https:\/\/talkpal.ai\/no\/kannada-grammatikk\/\" \/>\n<meta property=\"og:site_name\" content=\"Talkpal\" \/>\n<meta property=\"article:publisher\" content=\"https:\/\/www.facebook.com\/profile.php?id=100090733639311\" \/>\n<meta property=\"article:modified_time\" content=\"2025-12-11T16:22:02+00:00\" \/>\n<meta property=\"og:image\" content=\"https:\/\/talkpal.ai\/wp-content\/uploads\/2023\/05\/Kannada-india.png\" \/>\n\t<meta property=\"og:image:width\" content=\"512\" \/>\n\t<meta property=\"og:image:height\" content=\"512\" \/>\n\t<meta property=\"og:image:type\" content=\"image\/png\" \/>\n<meta name=\"twitter:card\" content=\"summary_large_image\" \/>\n<meta name=\"twitter:site\" content=\"@talkpalai\" \/>\n<meta name=\"twitter:label1\" content=\"Ansl. lesetid\" \/>\n\t<meta name=\"twitter:data1\" content=\"3 minutter\" \/>\n<script type=\"application\/ld+json\" class=\"yoast-schema-graph\">{\"@context\":\"https:\/\/schema.org\",\"@graph\":[{\"@type\":\"WebPage\",\"@id\":\"https:\/\/talkpal.ai\/no\/kannada-grammatikk\/\",\"url\":\"https:\/\/talkpal.ai\/no\/kannada-grammatikk\/\",\"name\":\"Kannada grammatikk - Talkpal\",\"isPartOf\":{\"@id\":\"https:\/\/talkpal.ai\/no\/#website\"},\"primaryImageOfPage\":{\"@id\":\"https:\/\/talkpal.ai\/no\/kannada-grammatikk\/#primaryimage\"},\"image\":{\"@id\":\"https:\/\/talkpal.ai\/no\/kannada-grammatikk\/#primaryimage\"},\"thumbnailUrl\":\"https:\/\/talkpal.ai\/wp-content\/uploads\/2023\/05\/Kannada-india.png\",\"datePublished\":\"2023-05-14T14:09:47+00:00\",\"dateModified\":\"2025-12-11T16:22:02+00:00\",\"description\":\"L\u00e6r Kannada-grammatikk p\u00e5 en trygg m\u00e5te - forst\u00e5 de viktigste reglene, skjerp setningskonstruksjonen og f\u00e5 bedre flyt\",\"breadcrumb\":{\"@id\":\"https:\/\/talkpal.ai\/no\/kannada-grammatikk\/#breadcrumb\"},\"inLanguage\":\"nb-NO\",\"potentialAction\":[{\"@type\":\"ReadAction\",\"target\":[\"https:\/\/talkpal.ai\/no\/kannada-grammatikk\/\"]}]},{\"@type\":\"ImageObject\",\"inLanguage\":\"nb-NO\",\"@id\":\"https:\/\/talkpal.ai\/no\/kannada-grammatikk\/#primaryimage\",\"url\":\"https:\/\/talkpal.ai\/wp-content\/uploads\/2023\/05\/Kannada-india.png\",\"contentUrl\":\"https:\/\/talkpal.ai\/wp-content\/uploads\/2023\/05\/Kannada-india.png\",\"width\":512,\"height\":512},{\"@type\":\"BreadcrumbList\",\"@id\":\"https:\/\/talkpal.ai\/no\/kannada-grammatikk\/#breadcrumb\",\"itemListElement\":[{\"@type\":\"ListItem\",\"position\":1,\"name\":\"Homepage\",\"item\":\"https:\/\/talkpal.ai\/no\/\"},{\"@type\":\"ListItem\",\"position\":2,\"name\":\"Kannada grammatikk\"}]},{\"@type\":\"WebSite\",\"@id\":\"https:\/\/talkpal.ai\/no\/#website\",\"url\":\"https:\/\/talkpal.ai\/no\/\",\"name\":\"Talkpal\",\"description\":\"AI Language Learning\",\"publisher\":{\"@id\":\"https:\/\/talkpal.ai\/no\/#organization\"},\"alternateName\":\"Talkpal AI\",\"potentialAction\":[{\"@type\":\"SearchAction\",\"target\":{\"@type\":\"EntryPoint\",\"urlTemplate\":\"https:\/\/talkpal.ai\/no\/?s={search_term_string}\"},\"query-input\":{\"@type\":\"PropertyValueSpecification\",\"valueRequired\":true,\"valueName\":\"search_term_string\"}}],\"inLanguage\":\"nb-NO\"},{\"@type\":\"Organization\",\"@id\":\"https:\/\/talkpal.ai\/no\/#organization\",\"name\":\"Talkpal, Inc.\",\"alternateName\":\"Talkpal AI\",\"url\":\"https:\/\/talkpal.ai\/no\/\",\"logo\":{\"@type\":\"ImageObject\",\"inLanguage\":\"nb-NO\",\"@id\":\"https:\/\/talkpal.ai\/no\/#\/schema\/logo\/image\/\",\"url\":\"https:\/\/talkpal.ai\/wp-content\/uploads\/2024\/03\/Talkpal-Logo-Icon.png\",\"contentUrl\":\"https:\/\/talkpal.ai\/wp-content\/uploads\/2024\/03\/Talkpal-Logo-Icon.png\",\"width\":2880,\"height\":2880,\"caption\":\"Talkpal, Inc.\"},\"image\":{\"@id\":\"https:\/\/talkpal.ai\/no\/#\/schema\/logo\/image\/\"},\"sameAs\":[\"https:\/\/www.facebook.com\/profile.php?id=100090733639311\",\"https:\/\/x.com\/talkpalai\",\"https:\/\/www.linkedin.com\/company\/talkpal\/\",\"https:\/\/www.youtube.com\/@TalkPal\/\",\"https:\/\/www.tiktok.com\/@talkpal\",\"https:\/\/www.instagram.com\/talkpal_ai\/\",\"https:\/\/www.crunchbase.com\/organization\/talkpal-9cde\",\"https:\/\/www.g2.com\/products\/talkpal-for-business\/\",\"https:\/\/www.trustpilot.com\/review\/talkpal.ai\",\"https:\/\/www.capterra.com\/p\/10006800\/TalkPal\/\"],\"description\":\"Talkpal is a language learning web and mobile education app, powered by the latest AI technologies, that provides engaging experiences to its customers in many different languages to help them improve their language skills. Users can chat about unlimited amount of topics with the app and use other modes to practice their language learning.\",\"email\":\"support@talkpal.ai\",\"legalName\":\"Talkpal, Inc.\",\"foundingDate\":\"2023-04-03\",\"duns\":\"118989042\",\"numberOfEmployees\":{\"@type\":\"QuantitativeValue\",\"minValue\":\"11\",\"maxValue\":\"50\"},\"publishingPrinciples\":\"https:\/\/talkpal.ai\/publishing-principles\/\",\"actionableFeedbackPolicy\":\"https:\/\/talkpal.ai\/actionable-feedback-policy\/\",\"correctionsPolicy\":\"https:\/\/talkpal.ai\/corrections-policy\/\",\"ethicsPolicy\":\"https:\/\/talkpal.ai\/ethics-policy\/\",\"diversityPolicy\":\"https:\/\/talkpal.ai\/diversity-policy\/\",\"diversityStaffingReport\":\"https:\/\/talkpal.ai\/diversity-policy\/\"}]}<\/script>\n<!-- \/ Yoast SEO Premium plugin. -->","yoast_head_json":{"title":"Kannada grammatikk - Talkpal","description":"L\u00e6r Kannada-grammatikk p\u00e5 en trygg m\u00e5te - forst\u00e5 de viktigste reglene, skjerp setningskonstruksjonen og f\u00e5 bedre flyt","robots":{"index":"index","follow":"follow","max-snippet":"max-snippet:-1","max-image-preview":"max-image-preview:large","max-video-preview":"max-video-preview:-1"},"canonical":"https:\/\/talkpal.ai\/no\/kannada-grammatikk\/","og_locale":"nb_NO","og_type":"article","og_title":"Kannada grammatikk","og_description":"Kannada-grammatikk: et innblikk i rikdommen til det dravidiske spr\u00e5ket Har du noen gang lurt p\u00e5 det spr\u00e5klige mangfoldet i India? Som en spr\u00e5kentusiast","og_url":"https:\/\/talkpal.ai\/no\/kannada-grammatikk\/","og_site_name":"Talkpal","article_publisher":"https:\/\/www.facebook.com\/profile.php?id=100090733639311","article_modified_time":"2025-12-11T16:22:02+00:00","og_image":[{"width":512,"height":512,"url":"https:\/\/talkpal.ai\/wp-content\/uploads\/2023\/05\/Kannada-india.png","type":"image\/png"}],"twitter_card":"summary_large_image","twitter_site":"@talkpalai","twitter_misc":{"Ansl. lesetid":"3 minutter"},"schema":{"@context":"https:\/\/schema.org","@graph":[{"@type":"WebPage","@id":"https:\/\/talkpal.ai\/no\/kannada-grammatikk\/","url":"https:\/\/talkpal.ai\/no\/kannada-grammatikk\/","name":"Kannada grammatikk - Talkpal","isPartOf":{"@id":"https:\/\/talkpal.ai\/no\/#website"},"primaryImageOfPage":{"@id":"https:\/\/talkpal.ai\/no\/kannada-grammatikk\/#primaryimage"},"image":{"@id":"https:\/\/talkpal.ai\/no\/kannada-grammatikk\/#primaryimage"},"thumbnailUrl":"https:\/\/talkpal.ai\/wp-content\/uploads\/2023\/05\/Kannada-india.png","datePublished":"2023-05-14T14:09:47+00:00","dateModified":"2025-12-11T16:22:02+00:00","description":"L\u00e6r Kannada-grammatikk p\u00e5 en trygg m\u00e5te - forst\u00e5 de viktigste reglene, skjerp setningskonstruksjonen og f\u00e5 bedre flyt","breadcrumb":{"@id":"https:\/\/talkpal.ai\/no\/kannada-grammatikk\/#breadcrumb"},"inLanguage":"nb-NO","potentialAction":[{"@type":"ReadAction","target":["https:\/\/talkpal.ai\/no\/kannada-grammatikk\/"]}]},{"@type":"ImageObject","inLanguage":"nb-NO","@id":"https:\/\/talkpal.ai\/no\/kannada-grammatikk\/#primaryimage","url":"https:\/\/talkpal.ai\/wp-content\/uploads\/2023\/05\/Kannada-india.png","contentUrl":"https:\/\/talkpal.ai\/wp-content\/uploads\/2023\/05\/Kannada-india.png","width":512,"height":512},{"@type":"BreadcrumbList","@id":"https:\/\/talkpal.ai\/no\/kannada-grammatikk\/#breadcrumb","itemListElement":[{"@type":"ListItem","position":1,"name":"Homepage","item":"https:\/\/talkpal.ai\/no\/"},{"@type":"ListItem","position":2,"name":"Kannada grammatikk"}]},{"@type":"WebSite","@id":"https:\/\/talkpal.ai\/no\/#website","url":"https:\/\/talkpal.ai\/no\/","name":"Talkpal","description":"AI Language Learning","publisher":{"@id":"https:\/\/talkpal.ai\/no\/#organization"},"alternateName":"Talkpal AI","potentialAction":[{"@type":"SearchAction","target":{"@type":"EntryPoint","urlTemplate":"https:\/\/talkpal.ai\/no\/?s={search_term_string}"},"query-input":{"@type":"PropertyValueSpecification","valueRequired":true,"valueName":"search_term_string"}}],"inLanguage":"nb-NO"},{"@type":"Organization","@id":"https:\/\/talkpal.ai\/no\/#organization","name":"Talkpal, Inc.","alternateName":"Talkpal AI","url":"https:\/\/talkpal.ai\/no\/","logo":{"@type":"ImageObject","inLanguage":"nb-NO","@id":"https:\/\/talkpal.ai\/no\/#\/schema\/logo\/image\/","url":"https:\/\/talkpal.ai\/wp-content\/uploads\/2024\/03\/Talkpal-Logo-Icon.png","contentUrl":"https:\/\/talkpal.ai\/wp-content\/uploads\/2024\/03\/Talkpal-Logo-Icon.png","width":2880,"height":2880,"caption":"Talkpal, Inc."},"image":{"@id":"https:\/\/talkpal.ai\/no\/#\/schema\/logo\/image\/"},"sameAs":["https:\/\/www.facebook.com\/profile.php?id=100090733639311","https:\/\/x.com\/talkpalai","https:\/\/www.linkedin.com\/company\/talkpal\/","https:\/\/www.youtube.com\/@TalkPal\/","https:\/\/www.tiktok.com\/@talkpal","https:\/\/www.instagram.com\/talkpal_ai\/","https:\/\/www.crunchbase.com\/organization\/talkpal-9cde","https:\/\/www.g2.com\/products\/talkpal-for-business\/","https:\/\/www.trustpilot.com\/review\/talkpal.ai","https:\/\/www.capterra.com\/p\/10006800\/TalkPal\/"],"description":"Talkpal is a language learning web and mobile education app, powered by the latest AI technologies, that provides engaging experiences to its customers in many different languages to help them improve their language skills. Users can chat about unlimited amount of topics with the app and use other modes to practice their language learning.","email":"support@talkpal.ai","legalName":"Talkpal, Inc.","foundingDate":"2023-04-03","duns":"118989042","numberOfEmployees":{"@type":"QuantitativeValue","minValue":"11","maxValue":"50"},"publishingPrinciples":"https:\/\/talkpal.ai\/publishing-principles\/","actionableFeedbackPolicy":"https:\/\/talkpal.ai\/actionable-feedback-policy\/","correctionsPolicy":"https:\/\/talkpal.ai\/corrections-policy\/","ethicsPolicy":"https:\/\/talkpal.ai\/ethics-policy\/","diversityPolicy":"https:\/\/talkpal.ai\/diversity-policy\/","diversityStaffingReport":"https:\/\/talkpal.ai\/diversity-policy\/"}]}},"_links":{"self":[{"href":"https:\/\/talkpal.ai\/no\/wp-json\/wp\/v2\/pages\/145552","targetHints":{"allow":["GET"]}}],"collection":[{"href":"https:\/\/talkpal.ai\/no\/wp-json\/wp\/v2\/pages"}],"about":[{"href":"https:\/\/talkpal.ai\/no\/wp-json\/wp\/v2\/types\/page"}],"author":[{"embeddable":true,"href":"https:\/\/talkpal.ai\/no\/wp-json\/wp\/v2\/users\/1"}],"replies":[{"embeddable":true,"href":"https:\/\/talkpal.ai\/no\/wp-json\/wp\/v2\/comments?post=145552"}],"version-history":[{"count":0,"href":"https:\/\/talkpal.ai\/no\/wp-json\/wp\/v2\/pages\/145552\/revisions"}],"wp:featuredmedia":[{"embeddable":true,"href":"https:\/\/talkpal.ai\/no\/wp-json\/wp\/v2\/media\/113640"}],"wp:attachment":[{"href":"https:\/\/talkpal.ai\/no\/wp-json\/wp\/v2\/media?parent=145552"}],"curies":[{"name":"wp","href":"https:\/\/api.w.org\/{rel}","templated":true}]}}