{"id":145169,"date":"2023-05-14T14:09:29","date_gmt":"2023-05-14T14:09:29","guid":{"rendered":"http:\/\/talkpal.ai\/indonesisk-grammatikk\/"},"modified":"2025-12-13T15:42:37","modified_gmt":"2025-12-13T15:42:37","slug":"indonesisk-grammatikk","status":"publish","type":"page","link":"https:\/\/talkpal.ai\/no\/indonesisk-grammatikk\/","title":{"rendered":"Indonesisk grammatikk"},"content":{"rendered":"\r\n\r\n\r\n<section class=\"languageChallengeSection\">\r\n    <div class=\"languageInfoWrapper\">\r\n        \r\n        <h1>Indonesisk grammatikk<\/h1>\r\n        <p>Er du interessert i \u00e5 l\u00e6re deg <a href=\"https:\/\/talkpal.ai\/learn-indonesian\/\">indonesisk<\/a>? Med sin enkle <a href=\"https:\/\/talkpal.ai\/grammar\/\">grammatikk<\/a> &#8211; ingen verbb\u00f8yninger, ingen substantiviske kj\u00f8nn og enkel setningsstruktur &#8211; er indonesisk et av de mest l\u00e6ringsvennlige spr\u00e5kene. Begynn reisen din i dag og se hvordan forst\u00e5else av <a href=\"https:\/\/talkpal.ai\/indonesian-grammar\/\">indonesisk grammatikk<\/a> raskt kan \u00e5pne opp en verden av kommunikasjon og levende kulturelle opplevelser!<\/p>\r\n\r\n                            <a class=\"getStartedHidden\" href=\"https:\/\/app.talkpal.ai\/no\/signup?lng=\">Kom i gang<\/a>\r\n        \r\n    <\/div>\r\n\r\n    <figure>\r\n    <img decoding=\"async\" width=\"768\" height=\"768\" src=\"https:\/\/talkpal.ai\/wp-content\/uploads\/2023\/06\/indonesia-768x768.png\" class=\"languageImage no-lazy\" alt=\"Language learning for personal achievement\" fetchpriority=\"high\" sizes=\"(max-width: 768px) 150px, 768px\" srcset=\"https:\/\/talkpal.ai\/wp-content\/uploads\/2023\/06\/indonesia-768x768.png 768w, https:\/\/talkpal.ai\/wp-content\/uploads\/2023\/06\/indonesia-300x300.png 300w\" \/>\r\n    \r\n\r\n    <\/figure>\r\n\r\n            <a class=\"getStartedVisible\" href=\"https:\/\/app.talkpal.ai\/no\/signup?lng=\">Kom i gang<\/a>\r\n    \r\n<\/section>\r\n<section class=\"promotionalBanner\">\r\n    <p class=\"promotionalText\"><\/p>\r\n    <a class=\"promotionalLink\" href=\"https:\/\/app.talkpal.ai\/no\/signup?lng=\"><\/a>\r\n<\/section>\n<div class=\"wp-block-group pageContainerStyle\"><div class=\"wp-block-group__inner-container is-layout-constrained wp-block-group-is-layout-constrained\">\n<h2 class=\"wp-block-heading\" id=\"h-the-wonders-of-indonesian-grammar-a-guide-for-language-learners\">Underverkene ved indonesisk grammatikk: En guide for spr\u00e5kelever<\/h2>\n\n\n\n<p><a href=\"https:\/\/talkpal.ai\/indonesian-grammar\/\">Indonesisk grammatikk<\/a> &#8211; enkel, men elegant, innbydende, men engasjerende, tilgjengelig, men fengende. N\u00e5r du legger ut p\u00e5 reisen for \u00e5 l\u00e6re det indonesiske spr\u00e5ket, kan du v\u00e6re trygg p\u00e5 at det \u00e5 omfavne grammatikken vil v\u00e6re en hyggelig opplevelse. Med denne artikkelen tar vi sikte p\u00e5 \u00e5 gi deg en forst\u00e5else av n\u00f8kkelaspektene ved indonesisk grammatikk og hjelpe deg \u00e5 omfavne skj\u00f8nnheten til dette s\u00f8r\u00f8stasiatiske spr\u00e5ket.<\/p>\n\n\n\n<p>La <a href=\"https:\/\/talkpal.ai\/locations\/language-courses-in-oss\/\">oss<\/a> fordype oss i de grunnleggende elementene i indonesisk grammatikk, med forklaringer og eksempler som gj\u00f8r reglene og begrepene herlig klare. S\u00e5 len deg tilbake, slapp av og la oss avdekke de fascinerende hemmelighetene til indonesisk grammatikk for deg.<\/p>\n\n\n\n<h3 class=\"wp-block-heading\" id=\"h-1-nouns-no-genders-no-plurals-no-stress\">1. Substantiv: Ingen kj\u00f8nn, ingen flertall, ingen stress!<\/h3>\n\n\n\n<p>En av de mest forfriskende aspektene ved indonesisk grammatikk er enkelheten i substantivsystemet. Indonesiske substantiv har ikke kj\u00f8nn eller flertallsformer. Det betyr at du sier &laquo;anjing&raquo; (hund) enten du refererer til \u00e9n valp eller en gruppe voksne hunder.<\/p>\n\n\n\n<p>For \u00e5 angi en flertallsform kan du enten gjenta substantivet (f.eks. &laquo;anak-anak&raquo; for &laquo;barn&raquo;) eller bruke en mengdebetegnelse som &laquo;banyak&raquo; (mange) eller &laquo;beberapa&raquo; (noen). N\u00e5 er det nok! Er ikke det et friskt pust sammenlignet med andre spr\u00e5k?<\/p>\n\n\n\n<h3 class=\"wp-block-heading\" id=\"h-2-pronouns-staying-humble-and-respectful\">2. Pronomen: Hold deg ydmyk og respektfull<\/h3>\n\n\n\n<p>Indonesisk grammatikk bruker forskjellige pronomen basert p\u00e5 forskjellige niv\u00e5er av formalitet. \u00c5 bruke passende pronomen n\u00e5r du henvender deg til noen er avgj\u00f8rende for \u00e5 vise respekt og ydmykhet. For eksempel er &laquo;aku&raquo; (jeg\/me) uformelt og intimt, &laquo;saya&raquo; er h\u00f8flig og n\u00f8ytralt, og &laquo;saya&raquo; er formelt og ydmykt. P\u00e5 samme m\u00e5te er &laquo;kamu&raquo; (du) uformelt, &laquo;Anda&raquo; er h\u00f8flig, og &laquo;Bapak\/Ibu&raquo; (Sir\/Madam) er forbeholdt sv\u00e6rt formelle situasjoner.<\/p>\n\n\n\n<p>Husk at det alltid er en god id\u00e9 \u00e5 v\u00e6re h\u00f8flig i <a href=\"https:\/\/talkpal.ai\/talkpal-new-years-discount\/\">nye<\/a> eller usikre situasjoner.<\/p>\n\n\n\n<h3 class=\"wp-block-heading\" id=\"h-3-verbs-no-conjugations-but-prefixes-and-suffixes-galore\">3. Verb: Ingen b\u00f8yninger, men prefikser og suffikser i massevis!<\/h3>\n\n\n\n<p>Indonesiske verb forblir uendret uavhengig av tid, stemning eller emne, noe som gj\u00f8r dem mye enklere enn verb p\u00e5 mange andre spr\u00e5k. Du m\u00e5 imidlertid beherske bruken av prefikser og suffikser for \u00e5 endre verbets betydning.<\/p>\n\n\n\n<p>Noen vanlige prefikser er &laquo;me-&raquo; (aktive verb), &laquo;di-&raquo; (passive verb) og &laquo;ber-&raquo; (stative verb). Vanlige suffikser er &laquo;-kan&raquo; (kausative verb) og &laquo;-i&raquo; (transitive verb). For eksempel betyr &laquo;makan&raquo; &laquo;\u00e5 spise&raquo;, &laquo;memakan&raquo; betyr &laquo;\u00e5 konsumere&raquo;, og &laquo;dimakan&raquo; betyr &laquo;\u00e5 bli spist&raquo;.<\/p>\n\n\n\n<h3 class=\"wp-block-heading\" id=\"h-4-word-order-subject-verb-object-simplicity\">4. Ordrekkef\u00f8lge: Emne-Verb-Objekt Enkelhet!<\/h3>\n\n\n\n<p>Indonesisk grammatikk f\u00f8lger en enkel Subject-Verb-Object (SVO) ordrekkef\u00f8lge, som ligner p\u00e5 <a href=\"https:\/\/talkpal.ai\/learn-english-with-ai\/\">engelsk<\/a>. Dette gj\u00f8r setningskonstruksjon og forst\u00e5else mye enklere for engelsktalende. For eksempel kan &laquo;Saya memakan pisang&raquo; oversettes direkte til &laquo;Jeg (subjekt) spiser (verb) banan (objekt)&raquo;.<\/p>\n\n\n\n<h3 class=\"wp-block-heading\" id=\"h-5-immerse-yourself-in-indonesian-practice-makes-perfect\">5. Fordyp deg i indonesisk: \u00d8velse gj\u00f8r mester<\/h3>\n\n\n\n<p>Det fine med indonesisk grammatikk ligger i dens enkelhet og tilgjengelighet. Regelmessig trening gjennom \u00e5 lese, skrive, lytte og snakke vil hjelpe deg \u00e5 mestre spr\u00e5ket og dets grammatikk. Omfavn utfordringene, overvinn kompleksiteten og l\u00e5s opp den sanne sjarmen til det indonesiske spr\u00e5ket.<\/p>\n\n\n\n<p>S\u00e5, er du klar til \u00e5 fordype deg i underverkene til indonesisk grammatikk? G\u00e5 til det med selvtillit og nysgjerrighet, og med engasjement og spenning kan du snart bli en veltalende indonesisktalende. Selamat belajar! (Lykkelig \u00e5 studere!)<\/p>\n<\/div><\/div>\n\r\n<section class=\"learnNavigationSection\">\r\n            \r\n        <a href=\"https:\/\/talkpal.ai\/no\/laer-indonesisk\/\">\r\n            <div class=\"learnNavigationWrapper\">\r\n                <div class=\"learnNavigationContent\">\r\n                    <img decoding=\"async\" src=\"https:\/\/talkpal.ai\/wp-content\/uploads\/2024\/08\/Indonesian.jpg\" alt=\"Indonesian Flag\">\r\n                    <div>\r\n                        <h4>Om indonesisk l\u00e6ring<\/h4>\r\n                        <p>Finn ut alt om indonesisk grammatikk.<\/p>\r\n                    <\/div>\r\n                <\/div>\r\n            <\/div>\r\n        <\/a>\r\n\r\n        \r\n        <a href=\"https:\/\/talkpal.ai\/no\/indonesisk-grammatikkovelser\/\">\r\n            <div class=\"learnNavigationWrapper\">\r\n                <div class=\"learnNavigationContent\">\r\n                    <img decoding=\"async\" src=\"https:\/\/talkpal.ai\/wp-content\/uploads\/2024\/08\/Indonesian.jpg\" alt=\"Indonesian Flag\">\r\n                    <div>\r\n                        <h4>\u00d8velse i indonesisk grammatikk<\/h4>\r\n                        <p>\u00d8v p\u00e5 indonesisk grammatikk.<\/p>\r\n                    <\/div>\r\n                <\/div>\r\n            <\/div>\r\n        <\/a>\r\n\r\n        \r\n        <a href=\"https:\/\/talkpal.ai\/vocabulary_language\/indonesian\/\">\r\n            <div class=\"learnNavigationWrapper\">\r\n                <div class=\"learnNavigationContent\">\r\n                    <img decoding=\"async\" src=\"https:\/\/talkpal.ai\/wp-content\/uploads\/2024\/08\/Indonesian.jpg\" alt=\"Indonesian Flag\">\r\n                    <div>\r\n                        <h4>Indonesisk ordforr\u00e5d<\/h4>\r\n                        <p>Utvid ordforr\u00e5det ditt p\u00e5 indonesisk.<\/p>\r\n                    <\/div>\r\n                <\/div>\r\n            <\/div>\r\n        <\/a>\r\n\r\n            <\/section>","protected":false},"excerpt":{"rendered":"<p>Underverkene ved indonesisk grammatikk: En guide for spr\u00e5kelever Indonesisk grammatikk &#8211; enkel, men elegant, innbydende, men engasjerende, tilgjengelig, men fengende. N\u00e5r du legger ut p\u00e5 reisen for \u00e5 l\u00e6re det indonesiske spr\u00e5ket, kan du v\u00e6re trygg p\u00e5 at det \u00e5 omfavne grammatikken vil v\u00e6re en hyggelig opplevelse. Med denne artikkelen tar vi sikte p\u00e5 \u00e5 [&hellip;]<\/p>\n","protected":false},"author":1,"featured_media":114054,"parent":0,"menu_order":0,"comment_status":"closed","ping_status":"closed","template":"LearningContentPage.php","meta":{"_acf_changed":false,"footnotes":""},"class_list":["post-145169","page","type-page","status-publish","has-post-thumbnail","hentry"],"acf":[],"yoast_head":"<!-- This site is optimized with the Yoast SEO Premium plugin v27.2 (Yoast SEO v27.2) - https:\/\/yoast.com\/product\/yoast-seo-premium-wordpress\/ -->\n<title>Indonesisk grammatikk - Talkpal<\/title>\n<meta name=\"description\" content=\"Behersk indonesisk grammatikk uten problemer med Talkpal&#039;s AI-spr\u00e5kinnl\u00e6ringsapp. Kommuniser trygt ved hjelp av Talkpal&#039;s AI-drevne veiledning.\" \/>\n<meta name=\"robots\" content=\"index, follow, max-snippet:-1, max-image-preview:large, max-video-preview:-1\" \/>\n<link rel=\"canonical\" href=\"https:\/\/talkpal.ai\/no\/indonesisk-grammatikk\/\" \/>\n<meta property=\"og:locale\" content=\"nb_NO\" \/>\n<meta property=\"og:type\" content=\"article\" \/>\n<meta property=\"og:title\" content=\"Indonesisk grammatikk\" \/>\n<meta property=\"og:description\" content=\"Underverkene ved indonesisk grammatikk: En guide for spr\u00e5kelever Indonesisk grammatikk - enkel, men elegant, innbydende, men engasjerende, tilgjengelig,\" \/>\n<meta property=\"og:url\" content=\"https:\/\/talkpal.ai\/no\/indonesisk-grammatikk\/\" \/>\n<meta property=\"og:site_name\" content=\"Talkpal\" \/>\n<meta property=\"article:publisher\" content=\"https:\/\/www.facebook.com\/profile.php?id=100090733639311\" \/>\n<meta property=\"article:modified_time\" content=\"2025-12-13T15:42:37+00:00\" \/>\n<meta property=\"og:image\" content=\"https:\/\/talkpal.ai\/wp-content\/uploads\/2023\/05\/indonesia.png\" \/>\n\t<meta property=\"og:image:width\" content=\"512\" \/>\n\t<meta property=\"og:image:height\" content=\"512\" \/>\n\t<meta property=\"og:image:type\" content=\"image\/png\" \/>\n<meta name=\"twitter:card\" content=\"summary_large_image\" \/>\n<meta name=\"twitter:site\" content=\"@talkpalai\" \/>\n<meta name=\"twitter:label1\" content=\"Ansl. lesetid\" \/>\n\t<meta name=\"twitter:data1\" content=\"3 minutter\" \/>\n<script type=\"application\/ld+json\" class=\"yoast-schema-graph\">{\"@context\":\"https:\/\/schema.org\",\"@graph\":[{\"@type\":\"WebPage\",\"@id\":\"https:\/\/talkpal.ai\/no\/indonesisk-grammatikk\/\",\"url\":\"https:\/\/talkpal.ai\/no\/indonesisk-grammatikk\/\",\"name\":\"Indonesisk grammatikk - Talkpal\",\"isPartOf\":{\"@id\":\"https:\/\/talkpal.ai\/no\/#website\"},\"primaryImageOfPage\":{\"@id\":\"https:\/\/talkpal.ai\/no\/indonesisk-grammatikk\/#primaryimage\"},\"image\":{\"@id\":\"https:\/\/talkpal.ai\/no\/indonesisk-grammatikk\/#primaryimage\"},\"thumbnailUrl\":\"https:\/\/talkpal.ai\/wp-content\/uploads\/2023\/05\/indonesia.png\",\"datePublished\":\"2023-05-14T14:09:29+00:00\",\"dateModified\":\"2025-12-13T15:42:37+00:00\",\"description\":\"Behersk indonesisk grammatikk uten problemer med Talkpal's AI-spr\u00e5kinnl\u00e6ringsapp. Kommuniser trygt ved hjelp av Talkpal's AI-drevne veiledning.\",\"breadcrumb\":{\"@id\":\"https:\/\/talkpal.ai\/no\/indonesisk-grammatikk\/#breadcrumb\"},\"inLanguage\":\"nb-NO\",\"potentialAction\":[{\"@type\":\"ReadAction\",\"target\":[\"https:\/\/talkpal.ai\/no\/indonesisk-grammatikk\/\"]}]},{\"@type\":\"ImageObject\",\"inLanguage\":\"nb-NO\",\"@id\":\"https:\/\/talkpal.ai\/no\/indonesisk-grammatikk\/#primaryimage\",\"url\":\"https:\/\/talkpal.ai\/wp-content\/uploads\/2023\/05\/indonesia.png\",\"contentUrl\":\"https:\/\/talkpal.ai\/wp-content\/uploads\/2023\/05\/indonesia.png\",\"width\":512,\"height\":512},{\"@type\":\"BreadcrumbList\",\"@id\":\"https:\/\/talkpal.ai\/no\/indonesisk-grammatikk\/#breadcrumb\",\"itemListElement\":[{\"@type\":\"ListItem\",\"position\":1,\"name\":\"Homepage\",\"item\":\"https:\/\/talkpal.ai\/no\/\"},{\"@type\":\"ListItem\",\"position\":2,\"name\":\"Indonesisk grammatikk\"}]},{\"@type\":\"WebSite\",\"@id\":\"https:\/\/talkpal.ai\/no\/#website\",\"url\":\"https:\/\/talkpal.ai\/no\/\",\"name\":\"Talkpal\",\"description\":\"AI Language Learning\",\"publisher\":{\"@id\":\"https:\/\/talkpal.ai\/no\/#organization\"},\"alternateName\":\"Talkpal AI\",\"potentialAction\":[{\"@type\":\"SearchAction\",\"target\":{\"@type\":\"EntryPoint\",\"urlTemplate\":\"https:\/\/talkpal.ai\/no\/?s={search_term_string}\"},\"query-input\":{\"@type\":\"PropertyValueSpecification\",\"valueRequired\":true,\"valueName\":\"search_term_string\"}}],\"inLanguage\":\"nb-NO\"},{\"@type\":\"Organization\",\"@id\":\"https:\/\/talkpal.ai\/no\/#organization\",\"name\":\"Talkpal, Inc.\",\"alternateName\":\"Talkpal AI\",\"url\":\"https:\/\/talkpal.ai\/no\/\",\"logo\":{\"@type\":\"ImageObject\",\"inLanguage\":\"nb-NO\",\"@id\":\"https:\/\/talkpal.ai\/no\/#\/schema\/logo\/image\/\",\"url\":\"https:\/\/talkpal.ai\/wp-content\/uploads\/2024\/03\/Talkpal-Logo-Icon.png\",\"contentUrl\":\"https:\/\/talkpal.ai\/wp-content\/uploads\/2024\/03\/Talkpal-Logo-Icon.png\",\"width\":2880,\"height\":2880,\"caption\":\"Talkpal, Inc.\"},\"image\":{\"@id\":\"https:\/\/talkpal.ai\/no\/#\/schema\/logo\/image\/\"},\"sameAs\":[\"https:\/\/www.facebook.com\/profile.php?id=100090733639311\",\"https:\/\/x.com\/talkpalai\",\"https:\/\/www.linkedin.com\/company\/talkpal\/\",\"https:\/\/www.youtube.com\/@TalkPal\/\",\"https:\/\/www.tiktok.com\/@talkpal\",\"https:\/\/www.instagram.com\/talkpal_ai\/\",\"https:\/\/www.crunchbase.com\/organization\/talkpal-9cde\",\"https:\/\/www.g2.com\/products\/talkpal-for-business\/\",\"https:\/\/www.trustpilot.com\/review\/talkpal.ai\",\"https:\/\/www.capterra.com\/p\/10006800\/TalkPal\/\"],\"description\":\"Talkpal is a language learning web and mobile education app, powered by the latest AI technologies, that provides engaging experiences to its customers in many different languages to help them improve their language skills. Users can chat about unlimited amount of topics with the app and use other modes to practice their language learning.\",\"email\":\"support@talkpal.ai\",\"legalName\":\"Talkpal, Inc.\",\"foundingDate\":\"2023-04-03\",\"duns\":\"118989042\",\"numberOfEmployees\":{\"@type\":\"QuantitativeValue\",\"minValue\":\"11\",\"maxValue\":\"50\"},\"publishingPrinciples\":\"https:\/\/talkpal.ai\/publishing-principles\/\",\"actionableFeedbackPolicy\":\"https:\/\/talkpal.ai\/actionable-feedback-policy\/\",\"correctionsPolicy\":\"https:\/\/talkpal.ai\/corrections-policy\/\",\"ethicsPolicy\":\"https:\/\/talkpal.ai\/ethics-policy\/\",\"diversityPolicy\":\"https:\/\/talkpal.ai\/diversity-policy\/\",\"diversityStaffingReport\":\"https:\/\/talkpal.ai\/diversity-policy\/\"}]}<\/script>\n<!-- \/ Yoast SEO Premium plugin. -->","yoast_head_json":{"title":"Indonesisk grammatikk - Talkpal","description":"Behersk indonesisk grammatikk uten problemer med Talkpal's AI-spr\u00e5kinnl\u00e6ringsapp. Kommuniser trygt ved hjelp av Talkpal's AI-drevne veiledning.","robots":{"index":"index","follow":"follow","max-snippet":"max-snippet:-1","max-image-preview":"max-image-preview:large","max-video-preview":"max-video-preview:-1"},"canonical":"https:\/\/talkpal.ai\/no\/indonesisk-grammatikk\/","og_locale":"nb_NO","og_type":"article","og_title":"Indonesisk grammatikk","og_description":"Underverkene ved indonesisk grammatikk: En guide for spr\u00e5kelever Indonesisk grammatikk - enkel, men elegant, innbydende, men engasjerende, tilgjengelig,","og_url":"https:\/\/talkpal.ai\/no\/indonesisk-grammatikk\/","og_site_name":"Talkpal","article_publisher":"https:\/\/www.facebook.com\/profile.php?id=100090733639311","article_modified_time":"2025-12-13T15:42:37+00:00","og_image":[{"width":512,"height":512,"url":"https:\/\/talkpal.ai\/wp-content\/uploads\/2023\/05\/indonesia.png","type":"image\/png"}],"twitter_card":"summary_large_image","twitter_site":"@talkpalai","twitter_misc":{"Ansl. lesetid":"3 minutter"},"schema":{"@context":"https:\/\/schema.org","@graph":[{"@type":"WebPage","@id":"https:\/\/talkpal.ai\/no\/indonesisk-grammatikk\/","url":"https:\/\/talkpal.ai\/no\/indonesisk-grammatikk\/","name":"Indonesisk grammatikk - Talkpal","isPartOf":{"@id":"https:\/\/talkpal.ai\/no\/#website"},"primaryImageOfPage":{"@id":"https:\/\/talkpal.ai\/no\/indonesisk-grammatikk\/#primaryimage"},"image":{"@id":"https:\/\/talkpal.ai\/no\/indonesisk-grammatikk\/#primaryimage"},"thumbnailUrl":"https:\/\/talkpal.ai\/wp-content\/uploads\/2023\/05\/indonesia.png","datePublished":"2023-05-14T14:09:29+00:00","dateModified":"2025-12-13T15:42:37+00:00","description":"Behersk indonesisk grammatikk uten problemer med Talkpal's AI-spr\u00e5kinnl\u00e6ringsapp. Kommuniser trygt ved hjelp av Talkpal's AI-drevne veiledning.","breadcrumb":{"@id":"https:\/\/talkpal.ai\/no\/indonesisk-grammatikk\/#breadcrumb"},"inLanguage":"nb-NO","potentialAction":[{"@type":"ReadAction","target":["https:\/\/talkpal.ai\/no\/indonesisk-grammatikk\/"]}]},{"@type":"ImageObject","inLanguage":"nb-NO","@id":"https:\/\/talkpal.ai\/no\/indonesisk-grammatikk\/#primaryimage","url":"https:\/\/talkpal.ai\/wp-content\/uploads\/2023\/05\/indonesia.png","contentUrl":"https:\/\/talkpal.ai\/wp-content\/uploads\/2023\/05\/indonesia.png","width":512,"height":512},{"@type":"BreadcrumbList","@id":"https:\/\/talkpal.ai\/no\/indonesisk-grammatikk\/#breadcrumb","itemListElement":[{"@type":"ListItem","position":1,"name":"Homepage","item":"https:\/\/talkpal.ai\/no\/"},{"@type":"ListItem","position":2,"name":"Indonesisk grammatikk"}]},{"@type":"WebSite","@id":"https:\/\/talkpal.ai\/no\/#website","url":"https:\/\/talkpal.ai\/no\/","name":"Talkpal","description":"AI Language Learning","publisher":{"@id":"https:\/\/talkpal.ai\/no\/#organization"},"alternateName":"Talkpal AI","potentialAction":[{"@type":"SearchAction","target":{"@type":"EntryPoint","urlTemplate":"https:\/\/talkpal.ai\/no\/?s={search_term_string}"},"query-input":{"@type":"PropertyValueSpecification","valueRequired":true,"valueName":"search_term_string"}}],"inLanguage":"nb-NO"},{"@type":"Organization","@id":"https:\/\/talkpal.ai\/no\/#organization","name":"Talkpal, Inc.","alternateName":"Talkpal AI","url":"https:\/\/talkpal.ai\/no\/","logo":{"@type":"ImageObject","inLanguage":"nb-NO","@id":"https:\/\/talkpal.ai\/no\/#\/schema\/logo\/image\/","url":"https:\/\/talkpal.ai\/wp-content\/uploads\/2024\/03\/Talkpal-Logo-Icon.png","contentUrl":"https:\/\/talkpal.ai\/wp-content\/uploads\/2024\/03\/Talkpal-Logo-Icon.png","width":2880,"height":2880,"caption":"Talkpal, Inc."},"image":{"@id":"https:\/\/talkpal.ai\/no\/#\/schema\/logo\/image\/"},"sameAs":["https:\/\/www.facebook.com\/profile.php?id=100090733639311","https:\/\/x.com\/talkpalai","https:\/\/www.linkedin.com\/company\/talkpal\/","https:\/\/www.youtube.com\/@TalkPal\/","https:\/\/www.tiktok.com\/@talkpal","https:\/\/www.instagram.com\/talkpal_ai\/","https:\/\/www.crunchbase.com\/organization\/talkpal-9cde","https:\/\/www.g2.com\/products\/talkpal-for-business\/","https:\/\/www.trustpilot.com\/review\/talkpal.ai","https:\/\/www.capterra.com\/p\/10006800\/TalkPal\/"],"description":"Talkpal is a language learning web and mobile education app, powered by the latest AI technologies, that provides engaging experiences to its customers in many different languages to help them improve their language skills. Users can chat about unlimited amount of topics with the app and use other modes to practice their language learning.","email":"support@talkpal.ai","legalName":"Talkpal, Inc.","foundingDate":"2023-04-03","duns":"118989042","numberOfEmployees":{"@type":"QuantitativeValue","minValue":"11","maxValue":"50"},"publishingPrinciples":"https:\/\/talkpal.ai\/publishing-principles\/","actionableFeedbackPolicy":"https:\/\/talkpal.ai\/actionable-feedback-policy\/","correctionsPolicy":"https:\/\/talkpal.ai\/corrections-policy\/","ethicsPolicy":"https:\/\/talkpal.ai\/ethics-policy\/","diversityPolicy":"https:\/\/talkpal.ai\/diversity-policy\/","diversityStaffingReport":"https:\/\/talkpal.ai\/diversity-policy\/"}]}},"_links":{"self":[{"href":"https:\/\/talkpal.ai\/no\/wp-json\/wp\/v2\/pages\/145169","targetHints":{"allow":["GET"]}}],"collection":[{"href":"https:\/\/talkpal.ai\/no\/wp-json\/wp\/v2\/pages"}],"about":[{"href":"https:\/\/talkpal.ai\/no\/wp-json\/wp\/v2\/types\/page"}],"author":[{"embeddable":true,"href":"https:\/\/talkpal.ai\/no\/wp-json\/wp\/v2\/users\/1"}],"replies":[{"embeddable":true,"href":"https:\/\/talkpal.ai\/no\/wp-json\/wp\/v2\/comments?post=145169"}],"version-history":[{"count":0,"href":"https:\/\/talkpal.ai\/no\/wp-json\/wp\/v2\/pages\/145169\/revisions"}],"wp:featuredmedia":[{"embeddable":true,"href":"https:\/\/talkpal.ai\/no\/wp-json\/wp\/v2\/media\/114054"}],"wp:attachment":[{"href":"https:\/\/talkpal.ai\/no\/wp-json\/wp\/v2\/media?parent=145169"}],"curies":[{"name":"wp","href":"https:\/\/api.w.org\/{rel}","templated":true}]}}