{"id":144861,"date":"2023-05-14T14:09:11","date_gmt":"2023-05-14T14:09:11","guid":{"rendered":"http:\/\/talkpal.ai\/islandsk-grammatikk\/"},"modified":"2025-12-12T10:50:55","modified_gmt":"2025-12-12T10:50:55","slug":"islandsk-grammatikk","status":"publish","type":"page","link":"https:\/\/talkpal.ai\/no\/islandsk-grammatikk\/","title":{"rendered":"Islandsk grammatikk"},"content":{"rendered":"\r\n\r\n\r\n<section class=\"languageChallengeSection\">\r\n    <div class=\"languageInfoWrapper\">\r\n        \r\n        <h1>Islandsk grammatikk<\/h1>\r\n        <p>Utforsk den fascinerende strukturen i <a href=\"https:\/\/talkpal.ai\/learn-icelandic\/\">islandsk<\/a> ved \u00e5 l\u00e6re deg de grunnleggende grammatikkreglene. \u00c5 beherske <a href=\"https:\/\/talkpal.ai\/no\/beste-laer-islandsk-app-2025-laer-islandsk-raskt-og-enkelt\/\">islandsk grammatikk<\/a> vil hjelpe deg \u00e5 kommunisere effektivt og f\u00e5 en dypere kontakt med Islands unike kultur og historie. Begynn \u00e5 l\u00e6re islandsk <a href=\"https:\/\/talkpal.ai\/grammar\/\">grammatikk<\/a> i dag og ta det f\u00f8rste skrittet mot flytende spr\u00e5k!<\/p>\r\n\r\n                            <a class=\"getStartedHidden\" href=\"https:\/\/app.talkpal.ai\/no\/signup?lng=\">Kom i gang<\/a>\r\n        \r\n    <\/div>\r\n\r\n    <figure>\r\n    <img decoding=\"async\" width=\"768\" height=\"768\" src=\"https:\/\/talkpal.ai\/wp-content\/uploads\/2023\/06\/Icelandic-768x768.png\" class=\"languageImage no-lazy\" alt=\"Language learning for better job opportunities\" fetchpriority=\"high\" sizes=\"(max-width: 768px) 150px, 768px\" srcset=\"https:\/\/talkpal.ai\/wp-content\/uploads\/2023\/06\/Icelandic-768x768.png 768w, https:\/\/talkpal.ai\/wp-content\/uploads\/2023\/06\/Icelandic-300x300.png 300w\" \/>\r\n    \r\n\r\n    <\/figure>\r\n\r\n            <a class=\"getStartedVisible\" href=\"https:\/\/app.talkpal.ai\/no\/signup?lng=\">Kom i gang<\/a>\r\n    \r\n<\/section>\r\n<section class=\"promotionalBanner\">\r\n    <p class=\"promotionalText\">Den mest effektive m\u00e5ten \u00e5 l\u00e6re et spr\u00e5k p\u00e5<\/p>\r\n    <a class=\"promotionalLink\" href=\"https:\/\/app.talkpal.ai\/no\/signup?lng=\">Pr\u00f8v Talkpal gratis<\/a>\r\n<\/section>\n<div class=\"wp-block-group pageContainerStyle\"><div class=\"wp-block-group__inner-container is-layout-constrained wp-block-group-is-layout-constrained\">\n<h2 class=\"wp-block-heading\" id=\"h-the-magic-of-icelandic-grammar-unlocking-the-secrets-of-the-viking-tongue\">The Magic of Iceland Grammar: Unlocking the Secrets of the Viking Tongue<\/h2>\n\n\n\n<h3 class=\"wp-block-heading\" id=\"h-introduction-icelandic-the-land-of-fire-and-ice\">Introduksjon: Islandsk, ildens og isens land<\/h3>\n\n\n\n<p>Det islandske spr\u00e5ket, som snakkes av folket i den fantastiske \u00f8ynasjonen Island, er kjent for sin rike historie, fengslende poetiske tradisjon og eksepsjonelle evne til \u00e5 tilpasse seg og utvikle seg med tiden. Islandsk stammer fra gammelnorsk og har en spesiell sjarm som trollbinder spr\u00e5kelskere og ambisi\u00f8se polyglotter. S\u00e5, fest sikkerhetsbeltene, folkens! Vi skal dykke ned i den islandske grammatikkens vakre og komplekse verden, l\u00f8se dens mysterier og oppdage dens skjulte skatter underveis.<\/p>\n\n\n\n<h3 class=\"wp-block-heading\" id=\"h-1-runic-scripts-to-latin-alphabet-a-story-of-transformation\">1. Runeskrift til latinsk alfabet: En historie om transformasjon<\/h3>\n\n\n\n<p>Det islandske alfabetet er et eventyr i seg selv, best\u00e5ende av 32 tegn som stammer fra ulike historiske r\u00f8tter. Selv om alfabetet f\u00f8rst og fremst er basert p\u00e5 den latinske skriften, har det beholdt noen s\u00e6rpregede tegn fra runeskriften til sine gamle norr\u00f8ne forfedre. \u00c5 beherske disse tegnene er det f\u00f8rste hinderet for \u00e5 l\u00e6re seg spr\u00e5ket, men med litt \u00f8velse blir du en mester p\u00e5 kort tid!<\/p>\n\n\n\n<h3 class=\"wp-block-heading\" id=\"h-2-noun-mastery-getting-to-the-roots-of-icelandic-grammar\">2. Substantivbeherskelse: Komme til r\u00f8ttene til islandsk grammatikk<\/h3>\n\n\n\n<p>Et av kjernetrekkene i islandsk grammatikk er b\u00f8yningen av substantiver etter kj\u00f8nn, tall og kasus. Islandske substantiv kan v\u00e6re feminine, maskuline eller intetkj\u00f8nn, og hvert kj\u00f8nn kommer med sitt unike sett med regler for deklinasjon. Selv om dette kan virke som en spr\u00e5klig berg-og-dal-banetur, er det viktig \u00e5 forst\u00e5 disse forviklingene for \u00e5 forst\u00e5 spr\u00e5ket som helhet. Kunnskapen du tilegner deg vil \u00e5pne en verden av muligheter for \u00e5 uttrykke en rekke subtile og komplekse betydninger &#8211; den islandske grammatikkens sanne herlighet!<\/p>\n\n\n\n<h3 class=\"wp-block-heading\" id=\"h-3-the-mighty-verb-icelandic-s-unsung-hero\">3. Det mektige verbet: Islendingens ukjente helt<\/h3>\n\n\n\n<p>I likhet med substantiver gjennomg\u00e5r islandske verb en omfattende transformasjon avhengig av tid, stemning og subjektets person og nummer. Dette intrikate systemet kan v\u00e6re skremmende i begynnelsen, men t\u00e5l meg! Etter hvert som du l\u00e6rer deg de regelmessige m\u00f8nstrene og uregelmessighetene, vil du begynne \u00e5 se hvor elegant og allsidig den islandske verbb\u00f8yningen kan v\u00e6re. \u00c5 erobre de islandske verbene vil l\u00e5se opp kraften til \u00e5 uttrykke tanker, f\u00f8lelser og handlinger med presisjon og kreativitet.<\/p>\n\n\n\n<h3 class=\"wp-block-heading\" id=\"h-4-word-order-icelandic-s-flexible-backbone\">4. Ordstilling: Islendingens fleksible ryggrad<\/h3>\n\n\n\n<p>I motsetning til stivheten til enkelte elementer i islandsk grammatikk, tilbyr spr\u00e5ket fleksibilitet i ordstilling. Det betyr at du kan sette subjekt, verb og objekt i ulike rekkef\u00f8lger, s\u00e5 lenge du opprettholder samsvar i kj\u00f8nn, tall, kasus og mer &#8211; du slipper l\u00f8s kunstneren i deg! \u00c5 tilpasse setningene dine p\u00e5 denne lekne m\u00e5ten kan bidra til \u00e5 legge vekt, nyanser og en samtaletone, noe som gj\u00f8r talen din mer engasjerende og morsom.<\/p>\n\n\n\n<h3 class=\"wp-block-heading\" id=\"h-5-embrace-the-culture-discover-the-pulse-of-the-icelandic-language\">5. Omfavn kulturen: Oppdag pulsen til det islandske spr\u00e5ket<\/h3>\n\n\n\n<p>Det islandske spr\u00e5ket kan ikke l\u00f8srives fra sine kulturelle r\u00f8tter, med sine sterke b\u00e5nd til sagaene, Eddaene og nasjonens unike historie og verdensbilde. For \u00e5 virkelig fordype deg i spr\u00e5ket, omfavn konteksten helhjertet. Dykk ned i folkloren, sluk dens litter\u00e6re skatter og engasjer deg med morsm\u00e5l. Denne tiln\u00e6rmingen er n\u00f8kkelen til \u00e5 oppn\u00e5 b\u00e5de spr\u00e5kkunnskaper og en dypere forbindelse med det islandske folket og deres rike kulturarv.<\/p>\n\n\n\n<h3 class=\"wp-block-heading\" id=\"h-conclusion-an-icelandic-grammar-journey-worth-taking\">Konklusjon: En islandsk grammatikkreise verdt \u00e5 ta<\/h3>\n\n\n\n<p>Selv om islandsk grammatikk kan virke som en formidabel utfordring, er bel\u00f8nningen rikelig for de som tar steget. Med utholdenhet, en stor interesse for kulturen og et sjener\u00f8st dryss av nysgjerrighet vil du bli fengslet av det islandske spr\u00e5kets forviklinger. S\u00e5 bli med <a href=\"https:\/\/talkpal.ai\/locations\/language-courses-in-oss\/\">oss<\/a> \u200b\u200bp\u00e5 dette eventyret og avdekk magien til islandsk grammatikk, ett spennende trinn om gangen.<\/p>\n<\/div><\/div>\n\r\n<section class=\"learnNavigationSection\">\r\n            \r\n        <a href=\"https:\/\/talkpal.ai\/no\/laer-islandsk\/\">\r\n            <div class=\"learnNavigationWrapper\">\r\n                <div class=\"learnNavigationContent\">\r\n                    <img decoding=\"async\" src=\"https:\/\/talkpal.ai\/wp-content\/uploads\/2024\/08\/Icelandic.jpg\" alt=\"Iceland Flag\">\r\n                    <div>\r\n                        <h4>Om islandsk l\u00e6ring<\/h4>\r\n                        <p>Finn ut alt om islandsk grammatikk.<\/p>\r\n                    <\/div>\r\n                <\/div>\r\n            <\/div>\r\n        <\/a>\r\n\r\n        \r\n        <a href=\"https:\/\/talkpal.ai\/no\/islandske-grammatikkovelser\/\">\r\n            <div class=\"learnNavigationWrapper\">\r\n                <div class=\"learnNavigationContent\">\r\n                    <img decoding=\"async\" src=\"https:\/\/talkpal.ai\/wp-content\/uploads\/2024\/08\/Icelandic.jpg\" alt=\"Iceland Flag\">\r\n                    <div>\r\n                        <h4>\u00d8velse i islandsk grammatikk<\/h4>\r\n                        <p>\u00d8v islandsk grammatikk.<\/p>\r\n                    <\/div>\r\n                <\/div>\r\n            <\/div>\r\n        <\/a>\r\n\r\n        \r\n        <a href=\"https:\/\/talkpal.ai\/vocabulary_language\/icelandic\/\">\r\n            <div class=\"learnNavigationWrapper\">\r\n                <div class=\"learnNavigationContent\">\r\n                    <img decoding=\"async\" src=\"https:\/\/talkpal.ai\/wp-content\/uploads\/2024\/08\/Icelandic.jpg\" alt=\"Iceland Flag\">\r\n                    <div>\r\n                        <h4>Islandsk ordforr\u00e5d<\/h4>\r\n                        <p>Utvid det islandske ordforr\u00e5det ditt.<\/p>\r\n                    <\/div>\r\n                <\/div>\r\n            <\/div>\r\n        <\/a>\r\n\r\n            <\/section>","protected":false},"excerpt":{"rendered":"<p>The Magic of Iceland Grammar: Unlocking the Secrets of the Viking Tongue Introduksjon: Islandsk, ildens og isens land Det islandske spr\u00e5ket, som snakkes av folket i den fantastiske \u00f8ynasjonen Island, er kjent for sin rike historie, fengslende poetiske tradisjon og eksepsjonelle evne til \u00e5 tilpasse seg og utvikle seg med tiden. Islandsk stammer fra gammelnorsk [&hellip;]<\/p>\n","protected":false},"author":1,"featured_media":113539,"parent":0,"menu_order":0,"comment_status":"closed","ping_status":"closed","template":"LearningContentPage.php","meta":{"_acf_changed":false,"footnotes":""},"class_list":["post-144861","page","type-page","status-publish","has-post-thumbnail","hentry"],"acf":[],"yoast_head":"<!-- This site is optimized with the Yoast SEO Premium plugin v27.2 (Yoast SEO v27.2) - https:\/\/yoast.com\/product\/yoast-seo-premium-wordpress\/ -->\n<title>Islandsk grammatikk - Talkpal<\/title>\n<meta name=\"description\" content=\"L\u00e6r islandsk grammatikk p\u00e5 en tydelig m\u00e5te - forst\u00e5 viktige grammatikkregler, form korrekte setninger og \u00f8k selvtilliten raskt ved hjelp av Talkpal&#039;s AI-leksjoner.\" \/>\n<meta name=\"robots\" content=\"index, follow, max-snippet:-1, max-image-preview:large, max-video-preview:-1\" \/>\n<link rel=\"canonical\" href=\"https:\/\/talkpal.ai\/no\/islandsk-grammatikk\/\" \/>\n<meta property=\"og:locale\" content=\"nb_NO\" \/>\n<meta property=\"og:type\" content=\"article\" \/>\n<meta property=\"og:title\" content=\"Islandsk grammatikk\" \/>\n<meta property=\"og:description\" content=\"The Magic of Iceland Grammar: Unlocking the Secrets of the Viking Tongue Introduksjon: Islandsk, ildens og isens land Det islandske spr\u00e5ket, som snakkes\" \/>\n<meta property=\"og:url\" content=\"https:\/\/talkpal.ai\/no\/islandsk-grammatikk\/\" \/>\n<meta property=\"og:site_name\" content=\"Talkpal\" \/>\n<meta property=\"article:publisher\" content=\"https:\/\/www.facebook.com\/profile.php?id=100090733639311\" \/>\n<meta property=\"article:modified_time\" content=\"2025-12-12T10:50:55+00:00\" \/>\n<meta property=\"og:image\" content=\"https:\/\/talkpal.ai\/wp-content\/uploads\/2023\/05\/iceland.png\" \/>\n\t<meta property=\"og:image:width\" content=\"512\" \/>\n\t<meta property=\"og:image:height\" content=\"512\" \/>\n\t<meta property=\"og:image:type\" content=\"image\/png\" \/>\n<meta name=\"twitter:card\" content=\"summary_large_image\" \/>\n<meta name=\"twitter:site\" content=\"@talkpalai\" \/>\n<meta name=\"twitter:label1\" content=\"Ansl. lesetid\" \/>\n\t<meta name=\"twitter:data1\" content=\"3 minutter\" \/>\n<script type=\"application\/ld+json\" class=\"yoast-schema-graph\">{\"@context\":\"https:\/\/schema.org\",\"@graph\":[{\"@type\":\"WebPage\",\"@id\":\"https:\/\/talkpal.ai\/no\/islandsk-grammatikk\/\",\"url\":\"https:\/\/talkpal.ai\/no\/islandsk-grammatikk\/\",\"name\":\"Islandsk grammatikk - Talkpal\",\"isPartOf\":{\"@id\":\"https:\/\/talkpal.ai\/no\/#website\"},\"primaryImageOfPage\":{\"@id\":\"https:\/\/talkpal.ai\/no\/islandsk-grammatikk\/#primaryimage\"},\"image\":{\"@id\":\"https:\/\/talkpal.ai\/no\/islandsk-grammatikk\/#primaryimage\"},\"thumbnailUrl\":\"https:\/\/talkpal.ai\/wp-content\/uploads\/2023\/05\/iceland.png\",\"datePublished\":\"2023-05-14T14:09:11+00:00\",\"dateModified\":\"2025-12-12T10:50:55+00:00\",\"description\":\"L\u00e6r islandsk grammatikk p\u00e5 en tydelig m\u00e5te - forst\u00e5 viktige grammatikkregler, form korrekte setninger og \u00f8k selvtilliten raskt ved hjelp av Talkpal's AI-leksjoner.\",\"breadcrumb\":{\"@id\":\"https:\/\/talkpal.ai\/no\/islandsk-grammatikk\/#breadcrumb\"},\"inLanguage\":\"nb-NO\",\"potentialAction\":[{\"@type\":\"ReadAction\",\"target\":[\"https:\/\/talkpal.ai\/no\/islandsk-grammatikk\/\"]}]},{\"@type\":\"ImageObject\",\"inLanguage\":\"nb-NO\",\"@id\":\"https:\/\/talkpal.ai\/no\/islandsk-grammatikk\/#primaryimage\",\"url\":\"https:\/\/talkpal.ai\/wp-content\/uploads\/2023\/05\/iceland.png\",\"contentUrl\":\"https:\/\/talkpal.ai\/wp-content\/uploads\/2023\/05\/iceland.png\",\"width\":512,\"height\":512},{\"@type\":\"BreadcrumbList\",\"@id\":\"https:\/\/talkpal.ai\/no\/islandsk-grammatikk\/#breadcrumb\",\"itemListElement\":[{\"@type\":\"ListItem\",\"position\":1,\"name\":\"Homepage\",\"item\":\"https:\/\/talkpal.ai\/no\/\"},{\"@type\":\"ListItem\",\"position\":2,\"name\":\"Islandsk grammatikk\"}]},{\"@type\":\"WebSite\",\"@id\":\"https:\/\/talkpal.ai\/no\/#website\",\"url\":\"https:\/\/talkpal.ai\/no\/\",\"name\":\"Talkpal\",\"description\":\"AI Language Learning\",\"publisher\":{\"@id\":\"https:\/\/talkpal.ai\/no\/#organization\"},\"alternateName\":\"Talkpal AI\",\"potentialAction\":[{\"@type\":\"SearchAction\",\"target\":{\"@type\":\"EntryPoint\",\"urlTemplate\":\"https:\/\/talkpal.ai\/no\/?s={search_term_string}\"},\"query-input\":{\"@type\":\"PropertyValueSpecification\",\"valueRequired\":true,\"valueName\":\"search_term_string\"}}],\"inLanguage\":\"nb-NO\"},{\"@type\":\"Organization\",\"@id\":\"https:\/\/talkpal.ai\/no\/#organization\",\"name\":\"Talkpal, Inc.\",\"alternateName\":\"Talkpal AI\",\"url\":\"https:\/\/talkpal.ai\/no\/\",\"logo\":{\"@type\":\"ImageObject\",\"inLanguage\":\"nb-NO\",\"@id\":\"https:\/\/talkpal.ai\/no\/#\/schema\/logo\/image\/\",\"url\":\"https:\/\/talkpal.ai\/wp-content\/uploads\/2024\/03\/Talkpal-Logo-Icon.png\",\"contentUrl\":\"https:\/\/talkpal.ai\/wp-content\/uploads\/2024\/03\/Talkpal-Logo-Icon.png\",\"width\":2880,\"height\":2880,\"caption\":\"Talkpal, Inc.\"},\"image\":{\"@id\":\"https:\/\/talkpal.ai\/no\/#\/schema\/logo\/image\/\"},\"sameAs\":[\"https:\/\/www.facebook.com\/profile.php?id=100090733639311\",\"https:\/\/x.com\/talkpalai\",\"https:\/\/www.linkedin.com\/company\/talkpal\/\",\"https:\/\/www.youtube.com\/@TalkPal\/\",\"https:\/\/www.tiktok.com\/@talkpal\",\"https:\/\/www.instagram.com\/talkpal_ai\/\",\"https:\/\/www.crunchbase.com\/organization\/talkpal-9cde\",\"https:\/\/www.g2.com\/products\/talkpal-for-business\/\",\"https:\/\/www.trustpilot.com\/review\/talkpal.ai\",\"https:\/\/www.capterra.com\/p\/10006800\/TalkPal\/\"],\"description\":\"Talkpal is a language learning web and mobile education app, powered by the latest AI technologies, that provides engaging experiences to its customers in many different languages to help them improve their language skills. Users can chat about unlimited amount of topics with the app and use other modes to practice their language learning.\",\"email\":\"support@talkpal.ai\",\"legalName\":\"Talkpal, Inc.\",\"foundingDate\":\"2023-04-03\",\"duns\":\"118989042\",\"numberOfEmployees\":{\"@type\":\"QuantitativeValue\",\"minValue\":\"11\",\"maxValue\":\"50\"},\"publishingPrinciples\":\"https:\/\/talkpal.ai\/publishing-principles\/\",\"actionableFeedbackPolicy\":\"https:\/\/talkpal.ai\/actionable-feedback-policy\/\",\"correctionsPolicy\":\"https:\/\/talkpal.ai\/corrections-policy\/\",\"ethicsPolicy\":\"https:\/\/talkpal.ai\/ethics-policy\/\",\"diversityPolicy\":\"https:\/\/talkpal.ai\/diversity-policy\/\",\"diversityStaffingReport\":\"https:\/\/talkpal.ai\/diversity-policy\/\"}]}<\/script>\n<!-- \/ Yoast SEO Premium plugin. -->","yoast_head_json":{"title":"Islandsk grammatikk - Talkpal","description":"L\u00e6r islandsk grammatikk p\u00e5 en tydelig m\u00e5te - forst\u00e5 viktige grammatikkregler, form korrekte setninger og \u00f8k selvtilliten raskt ved hjelp av Talkpal's AI-leksjoner.","robots":{"index":"index","follow":"follow","max-snippet":"max-snippet:-1","max-image-preview":"max-image-preview:large","max-video-preview":"max-video-preview:-1"},"canonical":"https:\/\/talkpal.ai\/no\/islandsk-grammatikk\/","og_locale":"nb_NO","og_type":"article","og_title":"Islandsk grammatikk","og_description":"The Magic of Iceland Grammar: Unlocking the Secrets of the Viking Tongue Introduksjon: Islandsk, ildens og isens land Det islandske spr\u00e5ket, som snakkes","og_url":"https:\/\/talkpal.ai\/no\/islandsk-grammatikk\/","og_site_name":"Talkpal","article_publisher":"https:\/\/www.facebook.com\/profile.php?id=100090733639311","article_modified_time":"2025-12-12T10:50:55+00:00","og_image":[{"width":512,"height":512,"url":"https:\/\/talkpal.ai\/wp-content\/uploads\/2023\/05\/iceland.png","type":"image\/png"}],"twitter_card":"summary_large_image","twitter_site":"@talkpalai","twitter_misc":{"Ansl. lesetid":"3 minutter"},"schema":{"@context":"https:\/\/schema.org","@graph":[{"@type":"WebPage","@id":"https:\/\/talkpal.ai\/no\/islandsk-grammatikk\/","url":"https:\/\/talkpal.ai\/no\/islandsk-grammatikk\/","name":"Islandsk grammatikk - Talkpal","isPartOf":{"@id":"https:\/\/talkpal.ai\/no\/#website"},"primaryImageOfPage":{"@id":"https:\/\/talkpal.ai\/no\/islandsk-grammatikk\/#primaryimage"},"image":{"@id":"https:\/\/talkpal.ai\/no\/islandsk-grammatikk\/#primaryimage"},"thumbnailUrl":"https:\/\/talkpal.ai\/wp-content\/uploads\/2023\/05\/iceland.png","datePublished":"2023-05-14T14:09:11+00:00","dateModified":"2025-12-12T10:50:55+00:00","description":"L\u00e6r islandsk grammatikk p\u00e5 en tydelig m\u00e5te - forst\u00e5 viktige grammatikkregler, form korrekte setninger og \u00f8k selvtilliten raskt ved hjelp av Talkpal's AI-leksjoner.","breadcrumb":{"@id":"https:\/\/talkpal.ai\/no\/islandsk-grammatikk\/#breadcrumb"},"inLanguage":"nb-NO","potentialAction":[{"@type":"ReadAction","target":["https:\/\/talkpal.ai\/no\/islandsk-grammatikk\/"]}]},{"@type":"ImageObject","inLanguage":"nb-NO","@id":"https:\/\/talkpal.ai\/no\/islandsk-grammatikk\/#primaryimage","url":"https:\/\/talkpal.ai\/wp-content\/uploads\/2023\/05\/iceland.png","contentUrl":"https:\/\/talkpal.ai\/wp-content\/uploads\/2023\/05\/iceland.png","width":512,"height":512},{"@type":"BreadcrumbList","@id":"https:\/\/talkpal.ai\/no\/islandsk-grammatikk\/#breadcrumb","itemListElement":[{"@type":"ListItem","position":1,"name":"Homepage","item":"https:\/\/talkpal.ai\/no\/"},{"@type":"ListItem","position":2,"name":"Islandsk grammatikk"}]},{"@type":"WebSite","@id":"https:\/\/talkpal.ai\/no\/#website","url":"https:\/\/talkpal.ai\/no\/","name":"Talkpal","description":"AI Language Learning","publisher":{"@id":"https:\/\/talkpal.ai\/no\/#organization"},"alternateName":"Talkpal AI","potentialAction":[{"@type":"SearchAction","target":{"@type":"EntryPoint","urlTemplate":"https:\/\/talkpal.ai\/no\/?s={search_term_string}"},"query-input":{"@type":"PropertyValueSpecification","valueRequired":true,"valueName":"search_term_string"}}],"inLanguage":"nb-NO"},{"@type":"Organization","@id":"https:\/\/talkpal.ai\/no\/#organization","name":"Talkpal, Inc.","alternateName":"Talkpal AI","url":"https:\/\/talkpal.ai\/no\/","logo":{"@type":"ImageObject","inLanguage":"nb-NO","@id":"https:\/\/talkpal.ai\/no\/#\/schema\/logo\/image\/","url":"https:\/\/talkpal.ai\/wp-content\/uploads\/2024\/03\/Talkpal-Logo-Icon.png","contentUrl":"https:\/\/talkpal.ai\/wp-content\/uploads\/2024\/03\/Talkpal-Logo-Icon.png","width":2880,"height":2880,"caption":"Talkpal, Inc."},"image":{"@id":"https:\/\/talkpal.ai\/no\/#\/schema\/logo\/image\/"},"sameAs":["https:\/\/www.facebook.com\/profile.php?id=100090733639311","https:\/\/x.com\/talkpalai","https:\/\/www.linkedin.com\/company\/talkpal\/","https:\/\/www.youtube.com\/@TalkPal\/","https:\/\/www.tiktok.com\/@talkpal","https:\/\/www.instagram.com\/talkpal_ai\/","https:\/\/www.crunchbase.com\/organization\/talkpal-9cde","https:\/\/www.g2.com\/products\/talkpal-for-business\/","https:\/\/www.trustpilot.com\/review\/talkpal.ai","https:\/\/www.capterra.com\/p\/10006800\/TalkPal\/"],"description":"Talkpal is a language learning web and mobile education app, powered by the latest AI technologies, that provides engaging experiences to its customers in many different languages to help them improve their language skills. Users can chat about unlimited amount of topics with the app and use other modes to practice their language learning.","email":"support@talkpal.ai","legalName":"Talkpal, Inc.","foundingDate":"2023-04-03","duns":"118989042","numberOfEmployees":{"@type":"QuantitativeValue","minValue":"11","maxValue":"50"},"publishingPrinciples":"https:\/\/talkpal.ai\/publishing-principles\/","actionableFeedbackPolicy":"https:\/\/talkpal.ai\/actionable-feedback-policy\/","correctionsPolicy":"https:\/\/talkpal.ai\/corrections-policy\/","ethicsPolicy":"https:\/\/talkpal.ai\/ethics-policy\/","diversityPolicy":"https:\/\/talkpal.ai\/diversity-policy\/","diversityStaffingReport":"https:\/\/talkpal.ai\/diversity-policy\/"}]}},"_links":{"self":[{"href":"https:\/\/talkpal.ai\/no\/wp-json\/wp\/v2\/pages\/144861","targetHints":{"allow":["GET"]}}],"collection":[{"href":"https:\/\/talkpal.ai\/no\/wp-json\/wp\/v2\/pages"}],"about":[{"href":"https:\/\/talkpal.ai\/no\/wp-json\/wp\/v2\/types\/page"}],"author":[{"embeddable":true,"href":"https:\/\/talkpal.ai\/no\/wp-json\/wp\/v2\/users\/1"}],"replies":[{"embeddable":true,"href":"https:\/\/talkpal.ai\/no\/wp-json\/wp\/v2\/comments?post=144861"}],"version-history":[{"count":0,"href":"https:\/\/talkpal.ai\/no\/wp-json\/wp\/v2\/pages\/144861\/revisions"}],"wp:featuredmedia":[{"embeddable":true,"href":"https:\/\/talkpal.ai\/no\/wp-json\/wp\/v2\/media\/113539"}],"wp:attachment":[{"href":"https:\/\/talkpal.ai\/no\/wp-json\/wp\/v2\/media?parent=144861"}],"curies":[{"name":"wp","href":"https:\/\/api.w.org\/{rel}","templated":true}]}}