{"id":144572,"date":"2023-05-14T14:08:53","date_gmt":"2023-05-14T14:08:53","guid":{"rendered":"http:\/\/talkpal.ai\/ungarsk-grammatikk\/"},"modified":"2025-12-12T10:45:53","modified_gmt":"2025-12-12T10:45:53","slug":"ungarsk-grammatikk","status":"publish","type":"page","link":"https:\/\/talkpal.ai\/no\/ungarsk-grammatikk\/","title":{"rendered":"Ungarsk grammatikk"},"content":{"rendered":"\r\n\r\n\r\n<section class=\"languageChallengeSection\">\r\n    <div class=\"languageInfoWrapper\">\r\n        \r\n        <h1>Ungarsk grammatikk<\/h1>\r\n        <p>Er du klar for en helt unik spr\u00e5kutfordring? Dyk ned i den ungarske grammatikken og oppdag dens bemerkelsesverdige egenskaper. Begynn \u00e5 l\u00e6re i dag, og oppdag hvordan beherskelse av <a href=\"https:\/\/talkpal.ai\/da\/laer-ungarsk\/\">ungarsk grammatikk<\/a> \u00e5pner d\u00f8rer til meningsfulle samtaler og en dyp forst\u00e5else av Ungarns rike spr\u00e5klige arv!<\/p>\r\n\r\n                            <a class=\"getStartedHidden\" href=\"https:\/\/app.talkpal.ai\/no\/signup?lng=\">Kom i gang<\/a>\r\n        \r\n    <\/div>\r\n\r\n    <figure>\r\n    <img decoding=\"async\" width=\"768\" height=\"768\" src=\"https:\/\/talkpal.ai\/wp-content\/uploads\/2023\/06\/hungarian-768x768.png\" class=\"languageImage no-lazy\" alt=\"Language learning strategies for advanced learners\" fetchpriority=\"high\" sizes=\"(max-width: 768px) 150px, 768px\" srcset=\"https:\/\/talkpal.ai\/wp-content\/uploads\/2023\/06\/hungarian-768x768.png 768w, https:\/\/talkpal.ai\/wp-content\/uploads\/2023\/06\/hungarian-300x300.png 300w\" \/>\r\n    \r\n\r\n    <\/figure>\r\n\r\n            <a class=\"getStartedVisible\" href=\"https:\/\/app.talkpal.ai\/no\/signup?lng=\">Kom i gang<\/a>\r\n    \r\n<\/section>\r\n<section class=\"promotionalBanner\">\r\n    <p class=\"promotionalText\">Den mest effektive m\u00e5ten \u00e5 l\u00e6re et spr\u00e5k p\u00e5<\/p>\r\n    <a class=\"promotionalLink\" href=\"https:\/\/app.talkpal.ai\/no\/signup?lng=\">Pr\u00f8v Talkpal gratis<\/a>\r\n<\/section>\n<div class=\"wp-block-group pageContainerStyle\"><div class=\"wp-block-group__inner-container is-layout-constrained wp-block-group-is-layout-constrained\">\n<h2 class=\"wp-block-heading\" id=\"h-title-unlocking-the-secrets-of-hungarian-grammar\">Tittel: L\u00e5se opp hemmelighetene til ungarsk grammatikk<\/h2>\n\n\n\n<p><a href=\"https:\/\/talkpal.ai\/learn-hungarian\/\">Ungarsk<\/a>, et finsk-ugrisk spr\u00e5k, skiller seg ut med sitt unike grammatikksystem, noe som gj\u00f8r det til en spennende utfordring for <a href=\"https:\/\/talkpal.ai\/talkpal-discount-for-language-enthusiasts\/\">spr\u00e5kentusiaster<\/a>. \u00c5 l\u00e6re <a href=\"https:\/\/talkpal.ai\/learn-hungarian\/\">ungarsk<\/a> utvider ikke bare din spr\u00e5klige kunnskap, men lar deg ogs\u00e5 fordype deg i Ungarns fengslende kultur og historie. Mens ungarsk <a href=\"https:\/\/talkpal.ai\/grammar\/\">grammatikk<\/a> i utgangspunktet kan virke skremmende, gj\u00f8r det \u00e5 bryte den ned i h\u00e5ndterbare komponenter l\u00e6ringsprosessen mer tilgjengelig. I denne artikkelen gir vi deg en innf\u00f8ring i den ungarske grammatikkens spennende verden og gir deg veiledning i hvordan du kan <a href=\"https:\/\/talkpal.ai\/locations\/language-courses-in-mestre\/\">mestre<\/a> dens kompleksitet.<\/p>\n\n\n\n<h3 class=\"wp-block-heading\" id=\"h-1-word-order-a-flexible-feature\">1. Ordrekkef\u00f8lge: En fleksibel funksjon<\/h3>\n\n\n\n<p>I motsetning til mange andre spr\u00e5k har ungarsk en relativt fleksibel ordrekkef\u00f8lge. Mens den typiske ungarske setningen f\u00f8lger Subject-Verb-Object (SVO)-m\u00f8nsteret, er andre ordrekkef\u00f8lger ogs\u00e5 vanlige og brukes til \u00e5 understreke ulike deler av setningen. \u00c5 bli kjent med disse variasjonene vil gj\u00f8re deg i stand til \u00e5 forst\u00e5 og konstruere ungarske setninger mer effektivt.<\/p>\n\n\n\n<h3 class=\"wp-block-heading\" id=\"h-2-nouns-and-cases-the-role-of-suffixes\">2. Substantiv og kasus: Suffiksens rolle<\/h3>\n\n\n\n<p>Ungarske substantiv har ikke grammatisk kj\u00f8nn, noe som forenkler setningskonstruksjon. Substantiv og andre deler av tale i ungarsk grammatikk bruker imidlertid en mengde suffikser for \u00e5 indikere kasus, besittelse og flertall. \u00c5 l\u00e6re disse suffiksene og deres bruk vil i stor grad forbedre din evne til \u00e5 kommunisere p\u00e5 ungarsk.<\/p>\n\n\n\n<p>Eksempler:<\/p>\n\n\n\n<p><strong>&#8211; h\u00e1z (hus) &#8211; h\u00e1zak (hus)<\/strong><\/p>\n\n\n\n<p><strong>&#8211; h\u00e1zban (i huset) &#8211; h\u00e1zakban (i husene)<\/strong><\/p>\n\n\n\n<h3 class=\"wp-block-heading\" id=\"h-3-verbs-conjugation-and-tense\">3. Verb: B\u00f8yning og tid<\/h3>\n\n\n\n<p>Ungarske verb er b\u00f8yet i henhold til anspenthet, hum\u00f8r, emne og bestemthet. Selv om det finnes flere tider i ungarsk, er det et godt utgangspunkt \u00e5 l\u00e6re seg de tre hovedtidene &#8211; n\u00e5tid, fortid og fremtid. Gj\u00f8r deg kjent med vanlige verbb\u00f8yningsm\u00f8nstre og l\u00e6r vanlige uregelmessige verb for \u00e5 \u00f8ke dine verbale kommunikasjonsevner.<\/p>\n\n\n\n<h3 class=\"wp-block-heading\" id=\"h-4-adjectives-agreement-and-placement\">4. Adjektiver: Avtale og plassering<\/h3>\n\n\n\n<p>I ungarsk grammatikk m\u00e5 adjektiver stemme overens med substantivet de endrer n\u00e5r det gjelder antall (entall eller flertall). Imidlertid trenger ikke adjektiver \u00e5 samsvare med substantivet for grammatisk kasus. Adjektiver kommer vanligvis foran substantivet, og gir en beskrivende kontekst for setningen.<\/p>\n\n\n\n<p>Eksempler:<\/p>\n\n\n\n<p><strong>&#8211; piros alma (r\u00f8dt eple)<\/strong><\/p>\n\n\n\n<p><strong>&#8211; sz\u00e9p vir\u00e1gok (vakre blomster)<\/strong><\/p>\n\n\n\n<h3 class=\"wp-block-heading\" id=\"h-5-vowel-harmony-a-unique-feature\">5. Vokalharmoni: En unik funksjon<\/h3>\n\n\n\n<p>Et s\u00e6regent aspekt ved ungarsk grammatikk er vokalharmoni, som inneb\u00e6rer samsvar mellom vokaler i ord. Vokalharmoni p\u00e5virker m\u00e5ten suffikser dannes og festes til ord. \u00c5 forst\u00e5 og praktisere vokalharmoni vil gj\u00f8re din skriftlige og muntlige ungarske mer n\u00f8yaktig og naturlig.<\/p>\n\n\n\n<h3 class=\"wp-block-heading\" id=\"h-6-engaging-with-the-language\">6. Engasjere seg med spr\u00e5ket<\/h3>\n\n\n\n<p>Den mest effektive m\u00e5ten \u00e5 forst\u00e5 og internalisere ungarsk grammatikk er \u00e5 konsekvent engasjere seg i spr\u00e5ket. Ved \u00e5 lese ungarsk litteratur, se innf\u00f8dte filmer eller aktivt samtale med morsm\u00e5l, vil du styrke forst\u00e5elsen av grammatikk samtidig som du utvider vokabularet ditt.<\/p>\n\n\n\n<h3 class=\"wp-block-heading\" id=\"h-conclusion\">Konklusjon<\/h3>\n\n\n\n<p>Selv om ungarsk grammatikk kan virke komplisert, vil det \u00e5 tiln\u00e6rme seg det steg-for-steg og konsekvent \u00f8ve deg hjelpe deg med \u00e5 bli dyktig i dette fascinerende spr\u00e5ket. Ta utfordringen n\u00e5r du begir deg ut p\u00e5 din ungarske spr\u00e5kreise, og du vil snart finne deg selv i \u00e5 navigere trygt i grammatikkens vanskeligheter. Lykke til med \u00e5 studere og nyt \u00e5 utforske underverkene til ungarsk grammatikk!<\/p>\n<\/div><\/div>\n\r\n<section class=\"learnNavigationSection\">\r\n            \r\n        <a href=\"https:\/\/talkpal.ai\/no\/laer-ungarsk\/\">\r\n            <div class=\"learnNavigationWrapper\">\r\n                <div class=\"learnNavigationContent\">\r\n                    <img decoding=\"async\" src=\"https:\/\/talkpal.ai\/wp-content\/uploads\/2024\/08\/Hungarian.jpg\" alt=\"Hungarian Flag\">\r\n                    <div>\r\n                        <h4>Om ungarsk l\u00e6ring<\/h4>\r\n                        <p>Finn ut alt om ungarsk grammatikk.<\/p>\r\n                    <\/div>\r\n                <\/div>\r\n            <\/div>\r\n        <\/a>\r\n\r\n        \r\n        <a href=\"https:\/\/talkpal.ai\/no\/ungarske-grammatikkovelser\/\">\r\n            <div class=\"learnNavigationWrapper\">\r\n                <div class=\"learnNavigationContent\">\r\n                    <img decoding=\"async\" src=\"https:\/\/talkpal.ai\/wp-content\/uploads\/2024\/08\/Hungarian.jpg\" alt=\"Hungarian Flag\">\r\n                    <div>\r\n                        <h4>Ungarsk grammatikk\u00f8velse<\/h4>\r\n                        <p>\u00d8v p\u00e5 ungarsk grammatikk.<\/p>\r\n                    <\/div>\r\n                <\/div>\r\n            <\/div>\r\n        <\/a>\r\n\r\n        \r\n        <a href=\"https:\/\/talkpal.ai\/vocabulary_language\/hungarian\/\">\r\n            <div class=\"learnNavigationWrapper\">\r\n                <div class=\"learnNavigationContent\">\r\n                    <img decoding=\"async\" src=\"https:\/\/talkpal.ai\/wp-content\/uploads\/2024\/08\/Hungarian.jpg\" alt=\"Hungarian Flag\">\r\n                    <div>\r\n                        <h4>Ungarsk ordforr\u00e5d<\/h4>\r\n                        <p>Utvid ordforr\u00e5det ditt p\u00e5 ungarsk.<\/p>\r\n                    <\/div>\r\n                <\/div>\r\n            <\/div>\r\n        <\/a>\r\n\r\n            <\/section>","protected":false},"excerpt":{"rendered":"<p>Tittel: L\u00e5se opp hemmelighetene til ungarsk grammatikk Ungarsk, et finsk-ugrisk spr\u00e5k, skiller seg ut med sitt unike grammatikksystem, noe som gj\u00f8r det til en spennende utfordring for spr\u00e5kentusiaster. \u00c5 l\u00e6re ungarsk utvider ikke bare din spr\u00e5klige kunnskap, men lar deg ogs\u00e5 fordype deg i Ungarns fengslende kultur og historie. Mens ungarsk grammatikk i utgangspunktet kan [&hellip;]<\/p>\n","protected":false},"author":1,"featured_media":113283,"parent":0,"menu_order":0,"comment_status":"closed","ping_status":"closed","template":"LearningContentPage.php","meta":{"_acf_changed":false,"footnotes":""},"class_list":["post-144572","page","type-page","status-publish","has-post-thumbnail","hentry"],"acf":[],"yoast_head":"<!-- This site is optimized with the Yoast SEO Premium plugin v27.2 (Yoast SEO v27.2) - https:\/\/yoast.com\/product\/yoast-seo-premium-wordpress\/ -->\n<title>Ungarsk grammatikk - Talkpal<\/title>\n<meta name=\"description\" content=\"Mestre ungarsk grammatikk - l\u00e6r grammatikkregler og \u00f8v deg p\u00e5 \u00e5 danne setninger. F\u00e5 nyttig veiledning fra Talkpal AI.\" \/>\n<meta name=\"robots\" content=\"index, follow, max-snippet:-1, max-image-preview:large, max-video-preview:-1\" \/>\n<link rel=\"canonical\" href=\"https:\/\/talkpal.ai\/no\/ungarsk-grammatikk\/\" \/>\n<meta property=\"og:locale\" content=\"nb_NO\" \/>\n<meta property=\"og:type\" content=\"article\" \/>\n<meta property=\"og:title\" content=\"Ungarsk grammatikk\" \/>\n<meta property=\"og:description\" content=\"Tittel: L\u00e5se opp hemmelighetene til ungarsk grammatikk Ungarsk, et finsk-ugrisk spr\u00e5k, skiller seg ut med sitt unike grammatikksystem, noe som gj\u00f8r det\" \/>\n<meta property=\"og:url\" content=\"https:\/\/talkpal.ai\/no\/ungarsk-grammatikk\/\" \/>\n<meta property=\"og:site_name\" content=\"Talkpal\" \/>\n<meta property=\"article:publisher\" content=\"https:\/\/www.facebook.com\/profile.php?id=100090733639311\" \/>\n<meta property=\"article:modified_time\" content=\"2025-12-12T10:45:53+00:00\" \/>\n<meta property=\"og:image\" content=\"https:\/\/talkpal.ai\/wp-content\/uploads\/2023\/05\/Hungarian.png\" \/>\n\t<meta property=\"og:image:width\" content=\"512\" \/>\n\t<meta property=\"og:image:height\" content=\"512\" \/>\n\t<meta property=\"og:image:type\" content=\"image\/png\" \/>\n<meta name=\"twitter:card\" content=\"summary_large_image\" \/>\n<meta name=\"twitter:site\" content=\"@talkpalai\" \/>\n<meta name=\"twitter:label1\" content=\"Ansl. lesetid\" \/>\n\t<meta name=\"twitter:data1\" content=\"3 minutter\" \/>\n<script type=\"application\/ld+json\" class=\"yoast-schema-graph\">{\"@context\":\"https:\/\/schema.org\",\"@graph\":[{\"@type\":\"WebPage\",\"@id\":\"https:\/\/talkpal.ai\/no\/ungarsk-grammatikk\/\",\"url\":\"https:\/\/talkpal.ai\/no\/ungarsk-grammatikk\/\",\"name\":\"Ungarsk grammatikk - Talkpal\",\"isPartOf\":{\"@id\":\"https:\/\/talkpal.ai\/no\/#website\"},\"primaryImageOfPage\":{\"@id\":\"https:\/\/talkpal.ai\/no\/ungarsk-grammatikk\/#primaryimage\"},\"image\":{\"@id\":\"https:\/\/talkpal.ai\/no\/ungarsk-grammatikk\/#primaryimage\"},\"thumbnailUrl\":\"https:\/\/talkpal.ai\/wp-content\/uploads\/2023\/05\/Hungarian.png\",\"datePublished\":\"2023-05-14T14:08:53+00:00\",\"dateModified\":\"2025-12-12T10:45:53+00:00\",\"description\":\"Mestre ungarsk grammatikk - l\u00e6r grammatikkregler og \u00f8v deg p\u00e5 \u00e5 danne setninger. F\u00e5 nyttig veiledning fra Talkpal AI.\",\"breadcrumb\":{\"@id\":\"https:\/\/talkpal.ai\/no\/ungarsk-grammatikk\/#breadcrumb\"},\"inLanguage\":\"nb-NO\",\"potentialAction\":[{\"@type\":\"ReadAction\",\"target\":[\"https:\/\/talkpal.ai\/no\/ungarsk-grammatikk\/\"]}]},{\"@type\":\"ImageObject\",\"inLanguage\":\"nb-NO\",\"@id\":\"https:\/\/talkpal.ai\/no\/ungarsk-grammatikk\/#primaryimage\",\"url\":\"https:\/\/talkpal.ai\/wp-content\/uploads\/2023\/05\/Hungarian.png\",\"contentUrl\":\"https:\/\/talkpal.ai\/wp-content\/uploads\/2023\/05\/Hungarian.png\",\"width\":512,\"height\":512},{\"@type\":\"BreadcrumbList\",\"@id\":\"https:\/\/talkpal.ai\/no\/ungarsk-grammatikk\/#breadcrumb\",\"itemListElement\":[{\"@type\":\"ListItem\",\"position\":1,\"name\":\"Homepage\",\"item\":\"https:\/\/talkpal.ai\/no\/\"},{\"@type\":\"ListItem\",\"position\":2,\"name\":\"Ungarsk grammatikk\"}]},{\"@type\":\"WebSite\",\"@id\":\"https:\/\/talkpal.ai\/no\/#website\",\"url\":\"https:\/\/talkpal.ai\/no\/\",\"name\":\"Talkpal\",\"description\":\"AI Language Learning\",\"publisher\":{\"@id\":\"https:\/\/talkpal.ai\/no\/#organization\"},\"alternateName\":\"Talkpal AI\",\"potentialAction\":[{\"@type\":\"SearchAction\",\"target\":{\"@type\":\"EntryPoint\",\"urlTemplate\":\"https:\/\/talkpal.ai\/no\/?s={search_term_string}\"},\"query-input\":{\"@type\":\"PropertyValueSpecification\",\"valueRequired\":true,\"valueName\":\"search_term_string\"}}],\"inLanguage\":\"nb-NO\"},{\"@type\":\"Organization\",\"@id\":\"https:\/\/talkpal.ai\/no\/#organization\",\"name\":\"Talkpal, Inc.\",\"alternateName\":\"Talkpal AI\",\"url\":\"https:\/\/talkpal.ai\/no\/\",\"logo\":{\"@type\":\"ImageObject\",\"inLanguage\":\"nb-NO\",\"@id\":\"https:\/\/talkpal.ai\/no\/#\/schema\/logo\/image\/\",\"url\":\"https:\/\/talkpal.ai\/wp-content\/uploads\/2024\/03\/Talkpal-Logo-Icon.png\",\"contentUrl\":\"https:\/\/talkpal.ai\/wp-content\/uploads\/2024\/03\/Talkpal-Logo-Icon.png\",\"width\":2880,\"height\":2880,\"caption\":\"Talkpal, Inc.\"},\"image\":{\"@id\":\"https:\/\/talkpal.ai\/no\/#\/schema\/logo\/image\/\"},\"sameAs\":[\"https:\/\/www.facebook.com\/profile.php?id=100090733639311\",\"https:\/\/x.com\/talkpalai\",\"https:\/\/www.linkedin.com\/company\/talkpal\/\",\"https:\/\/www.youtube.com\/@TalkPal\/\",\"https:\/\/www.tiktok.com\/@talkpal\",\"https:\/\/www.instagram.com\/talkpal_ai\/\",\"https:\/\/www.crunchbase.com\/organization\/talkpal-9cde\",\"https:\/\/www.g2.com\/products\/talkpal-for-business\/\",\"https:\/\/www.trustpilot.com\/review\/talkpal.ai\",\"https:\/\/www.capterra.com\/p\/10006800\/TalkPal\/\"],\"description\":\"Talkpal is a language learning web and mobile education app, powered by the latest AI technologies, that provides engaging experiences to its customers in many different languages to help them improve their language skills. Users can chat about unlimited amount of topics with the app and use other modes to practice their language learning.\",\"email\":\"support@talkpal.ai\",\"legalName\":\"Talkpal, Inc.\",\"foundingDate\":\"2023-04-03\",\"duns\":\"118989042\",\"numberOfEmployees\":{\"@type\":\"QuantitativeValue\",\"minValue\":\"11\",\"maxValue\":\"50\"},\"publishingPrinciples\":\"https:\/\/talkpal.ai\/publishing-principles\/\",\"actionableFeedbackPolicy\":\"https:\/\/talkpal.ai\/actionable-feedback-policy\/\",\"correctionsPolicy\":\"https:\/\/talkpal.ai\/corrections-policy\/\",\"ethicsPolicy\":\"https:\/\/talkpal.ai\/ethics-policy\/\",\"diversityPolicy\":\"https:\/\/talkpal.ai\/diversity-policy\/\",\"diversityStaffingReport\":\"https:\/\/talkpal.ai\/diversity-policy\/\"}]}<\/script>\n<!-- \/ Yoast SEO Premium plugin. -->","yoast_head_json":{"title":"Ungarsk grammatikk - Talkpal","description":"Mestre ungarsk grammatikk - l\u00e6r grammatikkregler og \u00f8v deg p\u00e5 \u00e5 danne setninger. F\u00e5 nyttig veiledning fra Talkpal AI.","robots":{"index":"index","follow":"follow","max-snippet":"max-snippet:-1","max-image-preview":"max-image-preview:large","max-video-preview":"max-video-preview:-1"},"canonical":"https:\/\/talkpal.ai\/no\/ungarsk-grammatikk\/","og_locale":"nb_NO","og_type":"article","og_title":"Ungarsk grammatikk","og_description":"Tittel: L\u00e5se opp hemmelighetene til ungarsk grammatikk Ungarsk, et finsk-ugrisk spr\u00e5k, skiller seg ut med sitt unike grammatikksystem, noe som gj\u00f8r det","og_url":"https:\/\/talkpal.ai\/no\/ungarsk-grammatikk\/","og_site_name":"Talkpal","article_publisher":"https:\/\/www.facebook.com\/profile.php?id=100090733639311","article_modified_time":"2025-12-12T10:45:53+00:00","og_image":[{"width":512,"height":512,"url":"https:\/\/talkpal.ai\/wp-content\/uploads\/2023\/05\/Hungarian.png","type":"image\/png"}],"twitter_card":"summary_large_image","twitter_site":"@talkpalai","twitter_misc":{"Ansl. lesetid":"3 minutter"},"schema":{"@context":"https:\/\/schema.org","@graph":[{"@type":"WebPage","@id":"https:\/\/talkpal.ai\/no\/ungarsk-grammatikk\/","url":"https:\/\/talkpal.ai\/no\/ungarsk-grammatikk\/","name":"Ungarsk grammatikk - Talkpal","isPartOf":{"@id":"https:\/\/talkpal.ai\/no\/#website"},"primaryImageOfPage":{"@id":"https:\/\/talkpal.ai\/no\/ungarsk-grammatikk\/#primaryimage"},"image":{"@id":"https:\/\/talkpal.ai\/no\/ungarsk-grammatikk\/#primaryimage"},"thumbnailUrl":"https:\/\/talkpal.ai\/wp-content\/uploads\/2023\/05\/Hungarian.png","datePublished":"2023-05-14T14:08:53+00:00","dateModified":"2025-12-12T10:45:53+00:00","description":"Mestre ungarsk grammatikk - l\u00e6r grammatikkregler og \u00f8v deg p\u00e5 \u00e5 danne setninger. F\u00e5 nyttig veiledning fra Talkpal AI.","breadcrumb":{"@id":"https:\/\/talkpal.ai\/no\/ungarsk-grammatikk\/#breadcrumb"},"inLanguage":"nb-NO","potentialAction":[{"@type":"ReadAction","target":["https:\/\/talkpal.ai\/no\/ungarsk-grammatikk\/"]}]},{"@type":"ImageObject","inLanguage":"nb-NO","@id":"https:\/\/talkpal.ai\/no\/ungarsk-grammatikk\/#primaryimage","url":"https:\/\/talkpal.ai\/wp-content\/uploads\/2023\/05\/Hungarian.png","contentUrl":"https:\/\/talkpal.ai\/wp-content\/uploads\/2023\/05\/Hungarian.png","width":512,"height":512},{"@type":"BreadcrumbList","@id":"https:\/\/talkpal.ai\/no\/ungarsk-grammatikk\/#breadcrumb","itemListElement":[{"@type":"ListItem","position":1,"name":"Homepage","item":"https:\/\/talkpal.ai\/no\/"},{"@type":"ListItem","position":2,"name":"Ungarsk grammatikk"}]},{"@type":"WebSite","@id":"https:\/\/talkpal.ai\/no\/#website","url":"https:\/\/talkpal.ai\/no\/","name":"Talkpal","description":"AI Language Learning","publisher":{"@id":"https:\/\/talkpal.ai\/no\/#organization"},"alternateName":"Talkpal AI","potentialAction":[{"@type":"SearchAction","target":{"@type":"EntryPoint","urlTemplate":"https:\/\/talkpal.ai\/no\/?s={search_term_string}"},"query-input":{"@type":"PropertyValueSpecification","valueRequired":true,"valueName":"search_term_string"}}],"inLanguage":"nb-NO"},{"@type":"Organization","@id":"https:\/\/talkpal.ai\/no\/#organization","name":"Talkpal, Inc.","alternateName":"Talkpal AI","url":"https:\/\/talkpal.ai\/no\/","logo":{"@type":"ImageObject","inLanguage":"nb-NO","@id":"https:\/\/talkpal.ai\/no\/#\/schema\/logo\/image\/","url":"https:\/\/talkpal.ai\/wp-content\/uploads\/2024\/03\/Talkpal-Logo-Icon.png","contentUrl":"https:\/\/talkpal.ai\/wp-content\/uploads\/2024\/03\/Talkpal-Logo-Icon.png","width":2880,"height":2880,"caption":"Talkpal, Inc."},"image":{"@id":"https:\/\/talkpal.ai\/no\/#\/schema\/logo\/image\/"},"sameAs":["https:\/\/www.facebook.com\/profile.php?id=100090733639311","https:\/\/x.com\/talkpalai","https:\/\/www.linkedin.com\/company\/talkpal\/","https:\/\/www.youtube.com\/@TalkPal\/","https:\/\/www.tiktok.com\/@talkpal","https:\/\/www.instagram.com\/talkpal_ai\/","https:\/\/www.crunchbase.com\/organization\/talkpal-9cde","https:\/\/www.g2.com\/products\/talkpal-for-business\/","https:\/\/www.trustpilot.com\/review\/talkpal.ai","https:\/\/www.capterra.com\/p\/10006800\/TalkPal\/"],"description":"Talkpal is a language learning web and mobile education app, powered by the latest AI technologies, that provides engaging experiences to its customers in many different languages to help them improve their language skills. Users can chat about unlimited amount of topics with the app and use other modes to practice their language learning.","email":"support@talkpal.ai","legalName":"Talkpal, Inc.","foundingDate":"2023-04-03","duns":"118989042","numberOfEmployees":{"@type":"QuantitativeValue","minValue":"11","maxValue":"50"},"publishingPrinciples":"https:\/\/talkpal.ai\/publishing-principles\/","actionableFeedbackPolicy":"https:\/\/talkpal.ai\/actionable-feedback-policy\/","correctionsPolicy":"https:\/\/talkpal.ai\/corrections-policy\/","ethicsPolicy":"https:\/\/talkpal.ai\/ethics-policy\/","diversityPolicy":"https:\/\/talkpal.ai\/diversity-policy\/","diversityStaffingReport":"https:\/\/talkpal.ai\/diversity-policy\/"}]}},"_links":{"self":[{"href":"https:\/\/talkpal.ai\/no\/wp-json\/wp\/v2\/pages\/144572","targetHints":{"allow":["GET"]}}],"collection":[{"href":"https:\/\/talkpal.ai\/no\/wp-json\/wp\/v2\/pages"}],"about":[{"href":"https:\/\/talkpal.ai\/no\/wp-json\/wp\/v2\/types\/page"}],"author":[{"embeddable":true,"href":"https:\/\/talkpal.ai\/no\/wp-json\/wp\/v2\/users\/1"}],"replies":[{"embeddable":true,"href":"https:\/\/talkpal.ai\/no\/wp-json\/wp\/v2\/comments?post=144572"}],"version-history":[{"count":0,"href":"https:\/\/talkpal.ai\/no\/wp-json\/wp\/v2\/pages\/144572\/revisions"}],"wp:featuredmedia":[{"embeddable":true,"href":"https:\/\/talkpal.ai\/no\/wp-json\/wp\/v2\/media\/113283"}],"wp:attachment":[{"href":"https:\/\/talkpal.ai\/no\/wp-json\/wp\/v2\/media?parent=144572"}],"curies":[{"name":"wp","href":"https:\/\/api.w.org\/{rel}","templated":true}]}}