{"id":144261,"date":"2023-05-14T14:04:48","date_gmt":"2023-05-14T14:04:48","guid":{"rendered":"http:\/\/talkpal.ai\/hebraisk-grammatikk\/"},"modified":"2025-12-13T15:38:32","modified_gmt":"2025-12-13T15:38:32","slug":"hebraisk-grammatikk","status":"publish","type":"page","link":"https:\/\/talkpal.ai\/no\/hebraisk-grammatikk\/","title":{"rendered":"Hebraisk grammatikk"},"content":{"rendered":"\r\n\r\n\r\n<section class=\"languageChallengeSection\">\r\n    <div class=\"languageInfoWrapper\">\r\n        \r\n        <h1>Hebraisk grammatikk<\/h1>\r\n        <p>L\u00e6r <a href=\"https:\/\/talkpal.ai\/da\/laer-hebraisk\/\">hebraisk grammatikk<\/a> og avsl\u00f8r hemmelighetene bak et spr\u00e5k med dype historiske r\u00f8tter og moderne relevans. Ta utfordringen og f\u00e5 kontakt med en levende kultur gjennom den hebraiske grammatikkens skj\u00f8nnhet!<\/p>\r\n\r\n                            <a class=\"getStartedHidden\" href=\"https:\/\/app.talkpal.ai\/no\/signup?lng=\">Kom i gang<\/a>\r\n        \r\n    <\/div>\r\n\r\n    <figure>\r\n    <img decoding=\"async\" width=\"768\" height=\"768\" src=\"https:\/\/talkpal.ai\/wp-content\/uploads\/2023\/06\/hebrew-768x768.png\" class=\"languageImage no-lazy\" alt=\"Language learning for proficient communication\" fetchpriority=\"high\" sizes=\"(max-width: 768px) 150px, 768px\" srcset=\"https:\/\/talkpal.ai\/wp-content\/uploads\/2023\/06\/hebrew-768x768.png 768w, https:\/\/talkpal.ai\/wp-content\/uploads\/2023\/06\/hebrew-300x300.png 300w\" \/>\r\n    \r\n\r\n    <\/figure>\r\n\r\n            <a class=\"getStartedVisible\" href=\"https:\/\/app.talkpal.ai\/no\/signup?lng=\">Kom i gang<\/a>\r\n    \r\n<\/section>\r\n<section class=\"promotionalBanner\">\r\n    <p class=\"promotionalText\">Den mest effektive m\u00e5ten \u00e5 l\u00e6re et spr\u00e5k p\u00e5<\/p>\r\n    <a class=\"promotionalLink\" href=\"https:\/\/app.talkpal.ai\/no\/signup?lng=\">Pr\u00f8v Talkpal gratis<\/a>\r\n<\/section>\n<div class=\"wp-block-group pageContainerStyle\"><div class=\"wp-block-group__inner-container is-layout-constrained wp-block-group-is-layout-constrained\">\n<h2 class=\"wp-block-heading\" id=\"h-mastering-hebrew-grammar-your-ultimate-guide\">Mestring av hebraisk grammatikk: Din ultimate guide<\/h2>\n\n\n\n<p>Shalom, <a href=\"https:\/\/talkpal.ai\/talkpal-discount-for-language-enthusiasts\/\">spr\u00e5kentusiaster<\/a>! Er du klar til \u00e5 dykke inn i den fascinerende verden av <a href=\"https:\/\/talkpal.ai\/learn-hebrew\/\">hebraisk<\/a> <a href=\"https:\/\/talkpal.ai\/grammar\/\">grammatikk<\/a>? Du har kommet til rett sted. Fylt med lettfattelig informasjon og en samtaletone, vil denne artikkelen guide deg gjennom det fascinerende riket av hebraisk grammatikk. Snart vil du v\u00e6re i stand til \u00e5 konstruere setninger og <a href=\"https:\/\/talkpal.ai\/locations\/language-courses-in-delta\/\">delta<\/a> i meningsfulle samtaler med personer som har spr\u00e5ket som morsm\u00e5l. S\u00e5 la <a href=\"https:\/\/talkpal.ai\/locations\/language-courses-in-oss\/\">oss<\/a> begynne din reise mot \u00e5 <a href=\"https:\/\/talkpal.ai\/locations\/language-courses-in-mestre\/\">mestre<\/a> hebraisk grammatikk!<\/p>\n\n\n\n<p><strong>Men f\u00f8rst, hvorfor hebraisk grammatikk?<\/strong><\/p>\n\n\n\n<p>Hvis du skal l\u00e6re hebraisk, er et solid grunnlag i grammatikk avgj\u00f8rende for \u00e5 kunne snakke, lese og skrive flytende. Mens hebraisk grammatikk i utgangspunktet kan virke kompleks, blir den mer tilgjengelig n\u00e5r den brytes ned i mindre, mer h\u00e5ndterbare deler. S\u00e5 la oss legge ut p\u00e5 denne spennende reisen!<\/p>\n\n\n\n<h3 class=\"wp-block-heading\" id=\"h-1-nouns-gender-and-number\">1. Substantiv, kj\u00f8nn og tall<\/h3>\n\n\n\n<p>Hebraiske substantiv har to kj\u00f8nn \u2013 maskulin og feminin \u2013 og kan v\u00e6re entall eller flertall. Identifisering av substantivets kj\u00f8nn danner grunnlaget for korrekt setningskonstruksjon, fordi det p\u00e5virker andre deler av talen, som verb og adjektiv.  <\/p>\n\n\n\n<p>En generell tommelfingerregel: Hvis et substantiv ender p\u00e5 &laquo;\u05d4&raquo; (hey) eller &laquo;\u05ea&raquo; (tav), er det vanligvis femininum. Det finnes imidlertid unntak, s\u00e5 det er n\u00f8kkelen \u00e5 huske substantivkj\u00f8nn mens du l\u00e6rer vokabular.<\/p>\n\n\n\n<p>I tillegg har hebraiske substantiv forskjellige former avhengig av antall. Maskuline flertallssubstantiv ender vanligvis p\u00e5 &laquo;\u05d9\u05dd&raquo; (yim), mens feminine flertallssubstantiv ender p\u00e5 &laquo;\u05d5\u05ea&raquo; (ot).<\/p>\n\n\n\n<h3 class=\"wp-block-heading\" id=\"h-2-adjectives-agreement-and-definite-articles\">2. Adjektiver, avtale og bestemte artikler<\/h3>\n\n\n\n<p>Adjektiver p\u00e5 hebraisk m\u00e5 stemme i kj\u00f8nn og tall med substantivet de endrer. For \u00e5 gj\u00f8re et adjektiv femininum legger du til et &laquo;\u05d4&raquo; (hei) p\u00e5 slutten hvis det ikke allerede har et. For \u00e5 gj\u00f8re et adjektiv flertall f\u00f8lger du samme prinsipp som for substantiv: legg til &laquo;\u05d9\u05dd&raquo; for maskulinum og &laquo;\u05d5\u05ea&raquo; for femininum.<\/p>\n\n\n\n<p>Den bestemte artikkelen &laquo;den&raquo; p\u00e5 hebraisk er &laquo;\u05d4&raquo; (hey) og legges til som et prefiks til substantivet eller adjektivet. For eksempel &laquo;\u05d4\u05e1\u05e4\u05e8&raquo; (haSefer &#8211; boken) eller &laquo;\u05d4\u05db\u05d3\u05d5\u05e8 \u05d4\u05d2\u05d3\u05d5\u05dc&raquo; (hakadur hagadol &#8211; den store ballen).<\/p>\n\n\n\n<h3 class=\"wp-block-heading\" id=\"h-3-verbs-tense-and-conjugation\">3. Verb, tid og b\u00f8ying<\/h3>\n\n\n\n<p>Hebraiske verb spiller en avgj\u00f8rende rolle i grammatikken og er delt inn i syv b\u00f8yningsgrupper kalt &laquo;binyanim&raquo;. Hver binyan p\u00e5virker verbets betydning og rolle i en setning.<\/p>\n\n\n\n<p>For \u00e5 gi deg en rask oversikt, la oss diskutere presens av vanlige verb:<\/p>\n\n\n\n<p><strong>&#8211; \u05d0\u05e0\u05d9 \u05e7\u05d5\u05e8\u05d0\/\u05ea (ani kore\/et &#8211; jeg leser, mask.\/fem.)<\/strong><\/p>\n\n\n\n<p><strong>&#8211; \u05d0\u05ea\/\u05d4 \u05e7\u05d5\u05e8\u05d0\/\u05ea (ata\/at kore\/et &#8211; du leser, mask.\/fem.)<\/strong><\/p>\n\n\n\n<p><strong>&#8211; \u05d4\u05d5\u05d0\/\u05d4\u05d9\u05d0 \u05e7\u05d5\u05e8\u05d0\/\u05ea (hu\/hi kore\/et &#8211; han\/hun leser)<\/strong><\/p>\n\n\n\n<p>Husk at dette bare er starten! Mange andre tider, uregelmessige verb og binyan-kompleksiteter vil dukke opp etter hvert som du g\u00e5r videre.<\/p>\n\n\n\n<h3 class=\"wp-block-heading\" id=\"h-4-pronouns-prepositions-and-more\">4. Pronomen, preposisjoner og mer!<\/h3>\n\n\n\n<p>Hebraisk grammatikk omfatter ogs\u00e5 andre komponenter som pronomen (\u05d0\u05e0\u05d9, \u05d0\u05ea\u05d4, \u05d4\u05d5\u05d0, \u05d4\u05d9\u05d0, osv.), preposisjoner (\u05d1, \u05dc, \u05de, \u05e2\u05dc, osv.) og idiomatiske uttrykk. Det er viktig \u00e5 ta tak i hvert enkelt element for \u00e5 oppn\u00e5 omfattende flyt i hebraisk, s\u00e5 ta ett skritt om gangen.<\/p>\n\n\n\n<p>Det finnes ingen snarvei til \u00e5 mestre hebraisk grammatikk. Det krever utholdenhet, \u00f8velse og t\u00e5lmodighet. Men n\u00e5r du f\u00f8rst har forst\u00e5tt detaljene, vil du nyte nyansene ved \u00e5 snakke hebraisk, utforske den rike kulturen og historien, og f\u00e5 en dypere forst\u00e5else for spr\u00e5ket. \u05d1\u05d4\u05e6\u05dc\u05d7\u05d4 (behatzlacha &#8211; lykke til)!<\/p>\n<\/div><\/div>\n\r\n<section class=\"learnNavigationSection\">\r\n            \r\n        <a href=\"https:\/\/talkpal.ai\/no\/laer-hebraisk\/\">\r\n            <div class=\"learnNavigationWrapper\">\r\n                <div class=\"learnNavigationContent\">\r\n                    <img decoding=\"async\" src=\"https:\/\/talkpal.ai\/wp-content\/uploads\/2024\/08\/Hebrew.jpg\" alt=\"Israel Flag\">\r\n                    <div>\r\n                        <h4>Om hebraiskundervisning<\/h4>\r\n                        <p>Finn ut alt om hebraisk grammatikk.<\/p>\r\n                    <\/div>\r\n                <\/div>\r\n            <\/div>\r\n        <\/a>\r\n\r\n        \r\n        <a href=\"https:\/\/talkpal.ai\/no\/hebraisk-grammatikkovelser\/\">\r\n            <div class=\"learnNavigationWrapper\">\r\n                <div class=\"learnNavigationContent\">\r\n                    <img decoding=\"async\" src=\"https:\/\/talkpal.ai\/wp-content\/uploads\/2024\/08\/Hebrew.jpg\" alt=\"Israel Flag\">\r\n                    <div>\r\n                        <h4>\u00d8velse i hebraisk grammatikk<\/h4>\r\n                        <p>\u00d8v hebraisk grammatikk.<\/p>\r\n                    <\/div>\r\n                <\/div>\r\n            <\/div>\r\n        <\/a>\r\n\r\n        \r\n        <a href=\"https:\/\/talkpal.ai\/vocabulary_language\/hebrew\/\">\r\n            <div class=\"learnNavigationWrapper\">\r\n                <div class=\"learnNavigationContent\">\r\n                    <img decoding=\"async\" src=\"https:\/\/talkpal.ai\/wp-content\/uploads\/2024\/08\/Hebrew.jpg\" alt=\"Israel Flag\">\r\n                    <div>\r\n                        <h4>Hebraisk ordforr\u00e5d<\/h4>\r\n                        <p>Utvid ordforr\u00e5det ditt p\u00e5 hebraisk.<\/p>\r\n                    <\/div>\r\n                <\/div>\r\n            <\/div>\r\n        <\/a>\r\n\r\n            <\/section>","protected":false},"excerpt":{"rendered":"<p>Mestring av hebraisk grammatikk: Din ultimate guide Shalom, spr\u00e5kentusiaster! Er du klar til \u00e5 dykke inn i den fascinerende verden av hebraisk grammatikk? Du har kommet til rett sted. Fylt med lettfattelig informasjon og en samtaletone, vil denne artikkelen guide deg gjennom det fascinerende riket av hebraisk grammatikk. Snart vil du v\u00e6re i stand til [&hellip;]<\/p>\n","protected":false},"author":1,"featured_media":113059,"parent":0,"menu_order":0,"comment_status":"closed","ping_status":"closed","template":"LearningContentPage.php","meta":{"_acf_changed":false,"footnotes":""},"class_list":["post-144261","page","type-page","status-publish","has-post-thumbnail","hentry"],"acf":[],"yoast_head":"<!-- This site is optimized with the Yoast SEO Premium plugin v27.2 (Yoast SEO v27.2) - https:\/\/yoast.com\/product\/yoast-seo-premium-wordpress\/ -->\n<title>Hebraisk grammatikk - Talkpal<\/title>\n<meta name=\"description\" content=\"Forbedre din hebraiske grammatikk p\u00e5 en trygg m\u00e5te - l\u00e6r deg n\u00f8kkelregler, form korrekte setninger og kommuniser tydelig med Talkpal&#039;s enkle AI-leksjoner.\" \/>\n<meta name=\"robots\" content=\"index, follow, max-snippet:-1, max-image-preview:large, max-video-preview:-1\" \/>\n<link rel=\"canonical\" href=\"https:\/\/talkpal.ai\/no\/hebraisk-grammatikk\/\" \/>\n<meta property=\"og:locale\" content=\"nb_NO\" \/>\n<meta property=\"og:type\" content=\"article\" \/>\n<meta property=\"og:title\" content=\"Hebraisk grammatikk\" \/>\n<meta property=\"og:description\" content=\"Mestring av hebraisk grammatikk: Din ultimate guide Shalom, spr\u00e5kentusiaster! Er du klar til \u00e5 dykke inn i den fascinerende verden av hebraisk grammatikk?\" \/>\n<meta property=\"og:url\" content=\"https:\/\/talkpal.ai\/no\/hebraisk-grammatikk\/\" \/>\n<meta property=\"og:site_name\" content=\"Talkpal\" \/>\n<meta property=\"article:publisher\" content=\"https:\/\/www.facebook.com\/profile.php?id=100090733639311\" \/>\n<meta property=\"article:modified_time\" content=\"2025-12-13T15:38:32+00:00\" \/>\n<meta property=\"og:image\" content=\"https:\/\/talkpal.ai\/wp-content\/uploads\/2023\/05\/israel.png\" \/>\n\t<meta property=\"og:image:width\" content=\"512\" \/>\n\t<meta property=\"og:image:height\" content=\"512\" \/>\n\t<meta property=\"og:image:type\" content=\"image\/png\" \/>\n<meta name=\"twitter:card\" content=\"summary_large_image\" \/>\n<meta name=\"twitter:site\" content=\"@talkpalai\" \/>\n<meta name=\"twitter:label1\" content=\"Ansl. lesetid\" \/>\n\t<meta name=\"twitter:data1\" content=\"3 minutter\" \/>\n<script type=\"application\/ld+json\" class=\"yoast-schema-graph\">{\"@context\":\"https:\/\/schema.org\",\"@graph\":[{\"@type\":\"WebPage\",\"@id\":\"https:\/\/talkpal.ai\/no\/hebraisk-grammatikk\/\",\"url\":\"https:\/\/talkpal.ai\/no\/hebraisk-grammatikk\/\",\"name\":\"Hebraisk grammatikk - Talkpal\",\"isPartOf\":{\"@id\":\"https:\/\/talkpal.ai\/no\/#website\"},\"primaryImageOfPage\":{\"@id\":\"https:\/\/talkpal.ai\/no\/hebraisk-grammatikk\/#primaryimage\"},\"image\":{\"@id\":\"https:\/\/talkpal.ai\/no\/hebraisk-grammatikk\/#primaryimage\"},\"thumbnailUrl\":\"https:\/\/talkpal.ai\/wp-content\/uploads\/2023\/05\/israel.png\",\"datePublished\":\"2023-05-14T14:04:48+00:00\",\"dateModified\":\"2025-12-13T15:38:32+00:00\",\"description\":\"Forbedre din hebraiske grammatikk p\u00e5 en trygg m\u00e5te - l\u00e6r deg n\u00f8kkelregler, form korrekte setninger og kommuniser tydelig med Talkpal's enkle AI-leksjoner.\",\"breadcrumb\":{\"@id\":\"https:\/\/talkpal.ai\/no\/hebraisk-grammatikk\/#breadcrumb\"},\"inLanguage\":\"nb-NO\",\"potentialAction\":[{\"@type\":\"ReadAction\",\"target\":[\"https:\/\/talkpal.ai\/no\/hebraisk-grammatikk\/\"]}]},{\"@type\":\"ImageObject\",\"inLanguage\":\"nb-NO\",\"@id\":\"https:\/\/talkpal.ai\/no\/hebraisk-grammatikk\/#primaryimage\",\"url\":\"https:\/\/talkpal.ai\/wp-content\/uploads\/2023\/05\/israel.png\",\"contentUrl\":\"https:\/\/talkpal.ai\/wp-content\/uploads\/2023\/05\/israel.png\",\"width\":512,\"height\":512},{\"@type\":\"BreadcrumbList\",\"@id\":\"https:\/\/talkpal.ai\/no\/hebraisk-grammatikk\/#breadcrumb\",\"itemListElement\":[{\"@type\":\"ListItem\",\"position\":1,\"name\":\"Homepage\",\"item\":\"https:\/\/talkpal.ai\/no\/\"},{\"@type\":\"ListItem\",\"position\":2,\"name\":\"Hebraisk grammatikk\"}]},{\"@type\":\"WebSite\",\"@id\":\"https:\/\/talkpal.ai\/no\/#website\",\"url\":\"https:\/\/talkpal.ai\/no\/\",\"name\":\"Talkpal\",\"description\":\"AI Language Learning\",\"publisher\":{\"@id\":\"https:\/\/talkpal.ai\/no\/#organization\"},\"alternateName\":\"Talkpal AI\",\"potentialAction\":[{\"@type\":\"SearchAction\",\"target\":{\"@type\":\"EntryPoint\",\"urlTemplate\":\"https:\/\/talkpal.ai\/no\/?s={search_term_string}\"},\"query-input\":{\"@type\":\"PropertyValueSpecification\",\"valueRequired\":true,\"valueName\":\"search_term_string\"}}],\"inLanguage\":\"nb-NO\"},{\"@type\":\"Organization\",\"@id\":\"https:\/\/talkpal.ai\/no\/#organization\",\"name\":\"Talkpal, Inc.\",\"alternateName\":\"Talkpal AI\",\"url\":\"https:\/\/talkpal.ai\/no\/\",\"logo\":{\"@type\":\"ImageObject\",\"inLanguage\":\"nb-NO\",\"@id\":\"https:\/\/talkpal.ai\/no\/#\/schema\/logo\/image\/\",\"url\":\"https:\/\/talkpal.ai\/wp-content\/uploads\/2024\/03\/Talkpal-Logo-Icon.png\",\"contentUrl\":\"https:\/\/talkpal.ai\/wp-content\/uploads\/2024\/03\/Talkpal-Logo-Icon.png\",\"width\":2880,\"height\":2880,\"caption\":\"Talkpal, Inc.\"},\"image\":{\"@id\":\"https:\/\/talkpal.ai\/no\/#\/schema\/logo\/image\/\"},\"sameAs\":[\"https:\/\/www.facebook.com\/profile.php?id=100090733639311\",\"https:\/\/x.com\/talkpalai\",\"https:\/\/www.linkedin.com\/company\/talkpal\/\",\"https:\/\/www.youtube.com\/@TalkPal\/\",\"https:\/\/www.tiktok.com\/@talkpal\",\"https:\/\/www.instagram.com\/talkpal_ai\/\",\"https:\/\/www.crunchbase.com\/organization\/talkpal-9cde\",\"https:\/\/www.g2.com\/products\/talkpal-for-business\/\",\"https:\/\/www.trustpilot.com\/review\/talkpal.ai\",\"https:\/\/www.capterra.com\/p\/10006800\/TalkPal\/\"],\"description\":\"Talkpal is a language learning web and mobile education app, powered by the latest AI technologies, that provides engaging experiences to its customers in many different languages to help them improve their language skills. Users can chat about unlimited amount of topics with the app and use other modes to practice their language learning.\",\"email\":\"support@talkpal.ai\",\"legalName\":\"Talkpal, Inc.\",\"foundingDate\":\"2023-04-03\",\"duns\":\"118989042\",\"numberOfEmployees\":{\"@type\":\"QuantitativeValue\",\"minValue\":\"11\",\"maxValue\":\"50\"},\"publishingPrinciples\":\"https:\/\/talkpal.ai\/publishing-principles\/\",\"actionableFeedbackPolicy\":\"https:\/\/talkpal.ai\/actionable-feedback-policy\/\",\"correctionsPolicy\":\"https:\/\/talkpal.ai\/corrections-policy\/\",\"ethicsPolicy\":\"https:\/\/talkpal.ai\/ethics-policy\/\",\"diversityPolicy\":\"https:\/\/talkpal.ai\/diversity-policy\/\",\"diversityStaffingReport\":\"https:\/\/talkpal.ai\/diversity-policy\/\"}]}<\/script>\n<!-- \/ Yoast SEO Premium plugin. -->","yoast_head_json":{"title":"Hebraisk grammatikk - Talkpal","description":"Forbedre din hebraiske grammatikk p\u00e5 en trygg m\u00e5te - l\u00e6r deg n\u00f8kkelregler, form korrekte setninger og kommuniser tydelig med Talkpal's enkle AI-leksjoner.","robots":{"index":"index","follow":"follow","max-snippet":"max-snippet:-1","max-image-preview":"max-image-preview:large","max-video-preview":"max-video-preview:-1"},"canonical":"https:\/\/talkpal.ai\/no\/hebraisk-grammatikk\/","og_locale":"nb_NO","og_type":"article","og_title":"Hebraisk grammatikk","og_description":"Mestring av hebraisk grammatikk: Din ultimate guide Shalom, spr\u00e5kentusiaster! Er du klar til \u00e5 dykke inn i den fascinerende verden av hebraisk grammatikk?","og_url":"https:\/\/talkpal.ai\/no\/hebraisk-grammatikk\/","og_site_name":"Talkpal","article_publisher":"https:\/\/www.facebook.com\/profile.php?id=100090733639311","article_modified_time":"2025-12-13T15:38:32+00:00","og_image":[{"width":512,"height":512,"url":"https:\/\/talkpal.ai\/wp-content\/uploads\/2023\/05\/israel.png","type":"image\/png"}],"twitter_card":"summary_large_image","twitter_site":"@talkpalai","twitter_misc":{"Ansl. lesetid":"3 minutter"},"schema":{"@context":"https:\/\/schema.org","@graph":[{"@type":"WebPage","@id":"https:\/\/talkpal.ai\/no\/hebraisk-grammatikk\/","url":"https:\/\/talkpal.ai\/no\/hebraisk-grammatikk\/","name":"Hebraisk grammatikk - Talkpal","isPartOf":{"@id":"https:\/\/talkpal.ai\/no\/#website"},"primaryImageOfPage":{"@id":"https:\/\/talkpal.ai\/no\/hebraisk-grammatikk\/#primaryimage"},"image":{"@id":"https:\/\/talkpal.ai\/no\/hebraisk-grammatikk\/#primaryimage"},"thumbnailUrl":"https:\/\/talkpal.ai\/wp-content\/uploads\/2023\/05\/israel.png","datePublished":"2023-05-14T14:04:48+00:00","dateModified":"2025-12-13T15:38:32+00:00","description":"Forbedre din hebraiske grammatikk p\u00e5 en trygg m\u00e5te - l\u00e6r deg n\u00f8kkelregler, form korrekte setninger og kommuniser tydelig med Talkpal's enkle AI-leksjoner.","breadcrumb":{"@id":"https:\/\/talkpal.ai\/no\/hebraisk-grammatikk\/#breadcrumb"},"inLanguage":"nb-NO","potentialAction":[{"@type":"ReadAction","target":["https:\/\/talkpal.ai\/no\/hebraisk-grammatikk\/"]}]},{"@type":"ImageObject","inLanguage":"nb-NO","@id":"https:\/\/talkpal.ai\/no\/hebraisk-grammatikk\/#primaryimage","url":"https:\/\/talkpal.ai\/wp-content\/uploads\/2023\/05\/israel.png","contentUrl":"https:\/\/talkpal.ai\/wp-content\/uploads\/2023\/05\/israel.png","width":512,"height":512},{"@type":"BreadcrumbList","@id":"https:\/\/talkpal.ai\/no\/hebraisk-grammatikk\/#breadcrumb","itemListElement":[{"@type":"ListItem","position":1,"name":"Homepage","item":"https:\/\/talkpal.ai\/no\/"},{"@type":"ListItem","position":2,"name":"Hebraisk grammatikk"}]},{"@type":"WebSite","@id":"https:\/\/talkpal.ai\/no\/#website","url":"https:\/\/talkpal.ai\/no\/","name":"Talkpal","description":"AI Language Learning","publisher":{"@id":"https:\/\/talkpal.ai\/no\/#organization"},"alternateName":"Talkpal AI","potentialAction":[{"@type":"SearchAction","target":{"@type":"EntryPoint","urlTemplate":"https:\/\/talkpal.ai\/no\/?s={search_term_string}"},"query-input":{"@type":"PropertyValueSpecification","valueRequired":true,"valueName":"search_term_string"}}],"inLanguage":"nb-NO"},{"@type":"Organization","@id":"https:\/\/talkpal.ai\/no\/#organization","name":"Talkpal, Inc.","alternateName":"Talkpal AI","url":"https:\/\/talkpal.ai\/no\/","logo":{"@type":"ImageObject","inLanguage":"nb-NO","@id":"https:\/\/talkpal.ai\/no\/#\/schema\/logo\/image\/","url":"https:\/\/talkpal.ai\/wp-content\/uploads\/2024\/03\/Talkpal-Logo-Icon.png","contentUrl":"https:\/\/talkpal.ai\/wp-content\/uploads\/2024\/03\/Talkpal-Logo-Icon.png","width":2880,"height":2880,"caption":"Talkpal, Inc."},"image":{"@id":"https:\/\/talkpal.ai\/no\/#\/schema\/logo\/image\/"},"sameAs":["https:\/\/www.facebook.com\/profile.php?id=100090733639311","https:\/\/x.com\/talkpalai","https:\/\/www.linkedin.com\/company\/talkpal\/","https:\/\/www.youtube.com\/@TalkPal\/","https:\/\/www.tiktok.com\/@talkpal","https:\/\/www.instagram.com\/talkpal_ai\/","https:\/\/www.crunchbase.com\/organization\/talkpal-9cde","https:\/\/www.g2.com\/products\/talkpal-for-business\/","https:\/\/www.trustpilot.com\/review\/talkpal.ai","https:\/\/www.capterra.com\/p\/10006800\/TalkPal\/"],"description":"Talkpal is a language learning web and mobile education app, powered by the latest AI technologies, that provides engaging experiences to its customers in many different languages to help them improve their language skills. Users can chat about unlimited amount of topics with the app and use other modes to practice their language learning.","email":"support@talkpal.ai","legalName":"Talkpal, Inc.","foundingDate":"2023-04-03","duns":"118989042","numberOfEmployees":{"@type":"QuantitativeValue","minValue":"11","maxValue":"50"},"publishingPrinciples":"https:\/\/talkpal.ai\/publishing-principles\/","actionableFeedbackPolicy":"https:\/\/talkpal.ai\/actionable-feedback-policy\/","correctionsPolicy":"https:\/\/talkpal.ai\/corrections-policy\/","ethicsPolicy":"https:\/\/talkpal.ai\/ethics-policy\/","diversityPolicy":"https:\/\/talkpal.ai\/diversity-policy\/","diversityStaffingReport":"https:\/\/talkpal.ai\/diversity-policy\/"}]}},"_links":{"self":[{"href":"https:\/\/talkpal.ai\/no\/wp-json\/wp\/v2\/pages\/144261","targetHints":{"allow":["GET"]}}],"collection":[{"href":"https:\/\/talkpal.ai\/no\/wp-json\/wp\/v2\/pages"}],"about":[{"href":"https:\/\/talkpal.ai\/no\/wp-json\/wp\/v2\/types\/page"}],"author":[{"embeddable":true,"href":"https:\/\/talkpal.ai\/no\/wp-json\/wp\/v2\/users\/1"}],"replies":[{"embeddable":true,"href":"https:\/\/talkpal.ai\/no\/wp-json\/wp\/v2\/comments?post=144261"}],"version-history":[{"count":0,"href":"https:\/\/talkpal.ai\/no\/wp-json\/wp\/v2\/pages\/144261\/revisions"}],"wp:featuredmedia":[{"embeddable":true,"href":"https:\/\/talkpal.ai\/no\/wp-json\/wp\/v2\/media\/113059"}],"wp:attachment":[{"href":"https:\/\/talkpal.ai\/no\/wp-json\/wp\/v2\/media?parent=144261"}],"curies":[{"name":"wp","href":"https:\/\/api.w.org\/{rel}","templated":true}]}}