{"id":143965,"date":"2023-05-14T14:03:43","date_gmt":"2023-05-14T14:03:43","guid":{"rendered":"http:\/\/talkpal.ai\/galisisk-grammatikk\/"},"modified":"2025-12-13T15:30:03","modified_gmt":"2025-12-13T15:30:03","slug":"galisisk-grammatikk","status":"publish","type":"page","link":"https:\/\/talkpal.ai\/no\/galisisk-grammatikk\/","title":{"rendered":"Galisisk grammatikk"},"content":{"rendered":"\r\n\r\n\r\n<section class=\"languageChallengeSection\">\r\n    <div class=\"languageInfoWrapper\">\r\n        \r\n        <h1>Galisisk grammatikk<\/h1>\r\n        <p>Oppdag sjarmen ved det galiciske spr\u00e5ket ved \u00e5 l\u00e6re deg de grunnleggende grammatikkreglene. \u00c5 forst\u00e5 <a href=\"https:\/\/talkpal.ai\/no\/laer-galisisk\/\">galisisk grammatikk<\/a> vil \u00e5pne d\u00f8rer til meningsfull kommunikasjon og en dypere forst\u00e5else av Galicias levende kultur. Begynn \u00e5 l\u00e6re <a href=\"https:\/\/talkpal.ai\/learn-galician\/\">galisisk<\/a> <a href=\"https:\/\/talkpal.ai\/grammar\/\">grammatikk<\/a> i dag og ta det f\u00f8rste skrittet mot flytende spr\u00e5k!<\/p>\r\n\r\n                            <a class=\"getStartedHidden\" href=\"https:\/\/app.talkpal.ai\/no\/signup?lng=\">Kom i gang<\/a>\r\n        \r\n    <\/div>\r\n\r\n    <figure>\r\n    <img decoding=\"async\" width=\"768\" height=\"768\" src=\"https:\/\/talkpal.ai\/wp-content\/uploads\/2023\/06\/galician-768x768.png\" class=\"languageImage no-lazy\" alt=\"Language immersion powerful learning method\" fetchpriority=\"high\" sizes=\"(max-width: 768px) 150px, 768px\" srcset=\"https:\/\/talkpal.ai\/wp-content\/uploads\/2023\/06\/galician-768x768.png 768w, https:\/\/talkpal.ai\/wp-content\/uploads\/2023\/06\/galician-300x300.png 300w\" \/>\r\n    \r\n\r\n    <\/figure>\r\n\r\n            <a class=\"getStartedVisible\" href=\"https:\/\/app.talkpal.ai\/no\/signup?lng=\">Kom i gang<\/a>\r\n    \r\n<\/section>\r\n<section class=\"promotionalBanner\">\r\n    <p class=\"promotionalText\">Den mest effektive m\u00e5ten \u00e5 l\u00e6re et spr\u00e5k p\u00e5<\/p>\r\n    <a class=\"promotionalLink\" href=\"https:\/\/app.talkpal.ai\/no\/signup?lng=\">Pr\u00f8v Talkpal gratis<\/a>\r\n<\/section>\n<div class=\"wp-block-group pageContainerStyle\"><div class=\"wp-block-group__inner-container is-layout-constrained wp-block-group-is-layout-constrained\">\n<h2 class=\"wp-block-heading\" id=\"h-galician-grammar-unlocking-the-beauty-of-a-romance-language\">Galisisk grammatikk: Unlocking the Beauty of a Romance Language<\/h2>\n\n\n\n<p><a href=\"https:\/\/talkpal.ai\/learn-galician\/\">Galisisk<\/a>, et romansk spr\u00e5k som snakkes av over to millioner mennesker i det nordvestlige Spania, er en unik og fengslende dialekt som deler likheter med <a href=\"https:\/\/talkpal.ai\/learn-portuguese\/\">portugisisk<\/a>. Den har en s\u00e6regen fonologi, fascinerende historie og en levende poetisk tradisjon. For \u00e5 <a href=\"https:\/\/talkpal.ai\/locations\/language-courses-in-mestre\/\">mestre<\/a> dette fortryllende spr\u00e5ket er det avgj\u00f8rende \u00e5 forst\u00e5 grammatikken. I denne artikkelen skal vi g\u00e5 gjennom de viktigste aspektene ved <a href=\"https:\/\/talkpal.ai\/no\/laer-galisisk\/\">galisisk grammatikk<\/a> og gi deg tips som kan hjelpe deg p\u00e5 denne spr\u00e5klige reisen.<\/p>\n\n\n\n<h3 class=\"wp-block-heading\" id=\"h-key-components-of-galician-grammar\">N\u00f8kkelkomponenter i galisisk grammatikk:<\/h3>\n\n\n\n<p>Galisisk grammatikk, som andre romanske spr\u00e5k, best\u00e5r av ulike regler og strukturer som definerer riktig bruk. Her er noen grunnleggende aspekter ved galisisk grammatikk du b\u00f8r v\u00e6re kjent med:<\/p>\n\n\n\n<p><strong>1. Substantiv:<\/strong> Galisiske substantiv har to grammatiske kj\u00f8nn (hankj\u00f8nn og hunkj\u00f8nn) og b\u00f8yes for tall (entall og flertall). Kj\u00f8nnet til et substantiv p\u00e5virker formen til artikler, adjektiver og pronomen som f\u00f8lger med det.<\/p>\n\n\n\n<p><strong>2. Artikler:<\/strong> Galisisk har bestemte artikler (o, os, a, as) og ubestemte artikler (un, uns, unha, unhas). Bestemte artikler brukes til \u00e5 referere til spesifikke objekter eller personer, mens ubestemte artikler brukes til generelle eller uspesifikke referanser.<\/p>\n\n\n\n<p><strong>3. Adjektiver og adverb:<\/strong> Adjektiver p\u00e5 galisisk stemmer vanligvis i kj\u00f8nn og tall med substantivene de endrer. Adverb, derimot, er uforanderlige og endrer seg ikke avhengig av substantivets kj\u00f8nn eller tall.<\/p>\n\n\n\n<p><strong>4. Verb:<\/strong> Galisiske verb er konjugert i tre regul\u00e6re m\u00f8nstre (ar, er, ir) og ulike uregelmessige m\u00f8nstre. Verb b\u00f8yes etter tid (n\u00e5tid, fortid, fremtid osv.), stemning (indikativ, <a href=\"https:\/\/talkpal.ai\/ja\/grammar_exercises\/konjunktiv-%e3%83%89%e3%82%a4%e3%83%84%e6%96%87%e6%b3%95%e3%81%ae%e6%bc%94%e7%bf%92\/\">konjunktiv<\/a>, imperativ), aspekt (perfektiv, imperfektiv) og stemme (aktiv, passiv). Pronomen er ofte utelatt i verbb\u00f8yning, da verbformen vanligvis angir subjektet.<\/p>\n\n\n\n<p><strong>5. Setningsstruktur:<\/strong> Galisisk bruker vanligvis Subject-Verb-Object (SVO) eller Verb-Subject-Object (VSO) ordrekkef\u00f8lge, avhengig av vekt og kontekst. Imidlertid er denne ordrekkef\u00f8lgen fleksibel.<\/p>\n\n\n\n<h3 class=\"wp-block-heading\" id=\"h-tips-for-learning-galician-grammar\">Tips for \u00e5 l\u00e6re galisisk grammatikk:<\/h3>\n\n\n\n<p>For \u00e5 utmerke deg i din galisiske grammatikkl\u00e6ringsreise, vurder disse nyttige strategiene:<\/p>\n\n\n\n<p><strong>1. Regelmessig praksis:<\/strong> Konsistens er n\u00f8kkelen. Dediker bestemte tider hver dag eller uke for \u00e5 trene grammatikk\u00f8velser, lese og skrive p\u00e5 galisisk.<\/p>\n\n\n\n<p><strong>2. Bruk innf\u00f8dte ressurser:<\/strong> Fordyp deg i autentisk galisisk materiale som litteratur, nyhetsartikler og filmer. Dette hjelper deg ikke bare med \u00e5 se galisisk grammatikk i sammenheng, men forbedrer ogs\u00e5 lese- og lytteferdighetene dine.<\/p>\n\n\n\n<p><strong>3. L\u00e6r substantivkj\u00f8nn og artikler:<\/strong> Gj\u00f8r deg kjent med galisiske substantivkj\u00f8nn og riktig bruk av artikler. Dette er avgj\u00f8rende for \u00e5 danne n\u00f8yaktige og sammenhengende setninger.<\/p>\n\n\n\n<p><strong>4. F\u00e5 kontakt med morsm\u00e5l:<\/strong> Engasjer med galisiske morsm\u00e5l gjennom spr\u00e5kutvekslingsprogrammer, sosiale medier eller nettfora. Dette gir muligheter til \u00e5 \u00f8ve p\u00e5 grammatikk i virkelige samtaler og motta verdifull tilbakemelding.<\/p>\n\n\n\n<p><strong>5. T\u00e5lmodighet og utholdenhet:<\/strong> \u00c5 l\u00e6re et nytt spr\u00e5k krever tid, besluttsomhet og t\u00e5lmodighet. Omfavn utfordringene og feir fremgangen din underveis.<\/p>\n\n\n\n<h2 class=\"wp-block-heading\" id=\"h-conclusion\">Konklusjon:<\/h2>\n\n\n\n<p>Galisisk grammatikk, med sine unike egenskaper og tilknytning til den romanske spr\u00e5kfamilien, er n\u00f8kkelen til \u00e5 mestre denne fengslende dialekten. Ved \u00e5 forst\u00e5 de viktigste komponentene og f\u00f8lge v\u00e5re l\u00e6ringsstrategier vil du v\u00e6re p\u00e5 god vei til \u00e5 bli spr\u00e5kmektig. S\u00e5, begi deg ut p\u00e5 denne spennende reisen, og l\u00e5s opp underverkene til det galisiske spr\u00e5ket!<\/p>\n<\/div><\/div>\n\r\n<section class=\"learnNavigationSection\">\r\n            \r\n        <a href=\"https:\/\/talkpal.ai\/no\/laer-galisisk\/\">\r\n            <div class=\"learnNavigationWrapper\">\r\n                <div class=\"learnNavigationContent\">\r\n                    <img decoding=\"async\" src=\"https:\/\/talkpal.ai\/wp-content\/uploads\/2024\/08\/Galician.jpg\" alt=\"Galicia Flag\">\r\n                    <div>\r\n                        <h4>Om galicisk l\u00e6ring<\/h4>\r\n                        <p>Finn ut alt om galisisk grammatikk.<\/p>\r\n                    <\/div>\r\n                <\/div>\r\n            <\/div>\r\n        <\/a>\r\n\r\n        \r\n        <a href=\"https:\/\/talkpal.ai\/no\/galisiske-grammatikkovelser\/\">\r\n            <div class=\"learnNavigationWrapper\">\r\n                <div class=\"learnNavigationContent\">\r\n                    <img decoding=\"async\" src=\"https:\/\/talkpal.ai\/wp-content\/uploads\/2024\/08\/Galician.jpg\" alt=\"Galicia Flag\">\r\n                    <div>\r\n                        <h4>\u00d8velse i galicisk grammatikk<\/h4>\r\n                        <p>\u00d8v galisisk grammatikk.<\/p>\r\n                    <\/div>\r\n                <\/div>\r\n            <\/div>\r\n        <\/a>\r\n\r\n        \r\n        <a href=\"https:\/\/talkpal.ai\/vocabulary_language\/galician\/\">\r\n            <div class=\"learnNavigationWrapper\">\r\n                <div class=\"learnNavigationContent\">\r\n                    <img decoding=\"async\" src=\"https:\/\/talkpal.ai\/wp-content\/uploads\/2024\/08\/Galician.jpg\" alt=\"Galicia Flag\">\r\n                    <div>\r\n                        <h4>Galicisk ordforr\u00e5d<\/h4>\r\n                        <p>Utvid ordforr\u00e5det ditt p\u00e5 galisisk.<\/p>\r\n                    <\/div>\r\n                <\/div>\r\n            <\/div>\r\n        <\/a>\r\n\r\n            <\/section>","protected":false},"excerpt":{"rendered":"<p>Galisisk grammatikk: Unlocking the Beauty of a Romance Language Galisisk, et romansk spr\u00e5k som snakkes av over to millioner mennesker i det nordvestlige Spania, er en unik og fengslende dialekt som deler likheter med portugisisk. Den har en s\u00e6regen fonologi, fascinerende historie og en levende poetisk tradisjon. For \u00e5 mestre dette fortryllende spr\u00e5ket er det [&hellip;]<\/p>\n","protected":false},"author":1,"featured_media":112183,"parent":0,"menu_order":0,"comment_status":"closed","ping_status":"closed","template":"LearningContentPage.php","meta":{"_acf_changed":false,"footnotes":""},"class_list":["post-143965","page","type-page","status-publish","has-post-thumbnail","hentry"],"acf":[],"yoast_head":"<!-- This site is optimized with the Yoast SEO Premium plugin v27.2 (Yoast SEO v27.2) - https:\/\/yoast.com\/product\/yoast-seo-premium-wordpress\/ -->\n<title>Galisisk grammatikk - Talkpal<\/title>\n<meta name=\"description\" content=\"L\u00e6r deg galisisk grammatikk p\u00e5 en enkel m\u00e5te - l\u00e6r regler, bygg korrekte setninger og kommuniser tydelig\" \/>\n<meta name=\"robots\" content=\"index, follow, max-snippet:-1, max-image-preview:large, max-video-preview:-1\" \/>\n<link rel=\"canonical\" href=\"https:\/\/talkpal.ai\/no\/galisisk-grammatikk\/\" \/>\n<meta property=\"og:locale\" content=\"nb_NO\" \/>\n<meta property=\"og:type\" content=\"article\" \/>\n<meta property=\"og:title\" content=\"Galisisk grammatikk\" \/>\n<meta property=\"og:description\" content=\"Galisisk grammatikk: Unlocking the Beauty of a Romance Language Galisisk, et romansk spr\u00e5k som snakkes av over to millioner mennesker i det nordvestlige\" \/>\n<meta property=\"og:url\" content=\"https:\/\/talkpal.ai\/no\/galisisk-grammatikk\/\" \/>\n<meta property=\"og:site_name\" content=\"Talkpal\" \/>\n<meta property=\"article:publisher\" content=\"https:\/\/www.facebook.com\/profile.php?id=100090733639311\" \/>\n<meta property=\"article:modified_time\" content=\"2025-12-13T15:30:03+00:00\" \/>\n<meta property=\"og:image\" content=\"https:\/\/talkpal.ai\/wp-content\/uploads\/2023\/05\/Galician-spain.png\" \/>\n\t<meta property=\"og:image:width\" content=\"512\" \/>\n\t<meta property=\"og:image:height\" content=\"512\" \/>\n\t<meta property=\"og:image:type\" content=\"image\/png\" \/>\n<meta name=\"twitter:card\" content=\"summary_large_image\" \/>\n<meta name=\"twitter:site\" content=\"@talkpalai\" \/>\n<meta name=\"twitter:label1\" content=\"Ansl. lesetid\" \/>\n\t<meta name=\"twitter:data1\" content=\"3 minutter\" \/>\n<script type=\"application\/ld+json\" class=\"yoast-schema-graph\">{\"@context\":\"https:\/\/schema.org\",\"@graph\":[{\"@type\":\"WebPage\",\"@id\":\"https:\/\/talkpal.ai\/no\/galisisk-grammatikk\/\",\"url\":\"https:\/\/talkpal.ai\/no\/galisisk-grammatikk\/\",\"name\":\"Galisisk grammatikk - Talkpal\",\"isPartOf\":{\"@id\":\"https:\/\/talkpal.ai\/no\/#website\"},\"primaryImageOfPage\":{\"@id\":\"https:\/\/talkpal.ai\/no\/galisisk-grammatikk\/#primaryimage\"},\"image\":{\"@id\":\"https:\/\/talkpal.ai\/no\/galisisk-grammatikk\/#primaryimage\"},\"thumbnailUrl\":\"https:\/\/talkpal.ai\/wp-content\/uploads\/2023\/05\/Galician-spain.png\",\"datePublished\":\"2023-05-14T14:03:43+00:00\",\"dateModified\":\"2025-12-13T15:30:03+00:00\",\"description\":\"L\u00e6r deg galisisk grammatikk p\u00e5 en enkel m\u00e5te - l\u00e6r regler, bygg korrekte setninger og kommuniser tydelig\",\"breadcrumb\":{\"@id\":\"https:\/\/talkpal.ai\/no\/galisisk-grammatikk\/#breadcrumb\"},\"inLanguage\":\"nb-NO\",\"potentialAction\":[{\"@type\":\"ReadAction\",\"target\":[\"https:\/\/talkpal.ai\/no\/galisisk-grammatikk\/\"]}]},{\"@type\":\"ImageObject\",\"inLanguage\":\"nb-NO\",\"@id\":\"https:\/\/talkpal.ai\/no\/galisisk-grammatikk\/#primaryimage\",\"url\":\"https:\/\/talkpal.ai\/wp-content\/uploads\/2023\/05\/Galician-spain.png\",\"contentUrl\":\"https:\/\/talkpal.ai\/wp-content\/uploads\/2023\/05\/Galician-spain.png\",\"width\":512,\"height\":512},{\"@type\":\"BreadcrumbList\",\"@id\":\"https:\/\/talkpal.ai\/no\/galisisk-grammatikk\/#breadcrumb\",\"itemListElement\":[{\"@type\":\"ListItem\",\"position\":1,\"name\":\"Homepage\",\"item\":\"https:\/\/talkpal.ai\/no\/\"},{\"@type\":\"ListItem\",\"position\":2,\"name\":\"Galisisk grammatikk\"}]},{\"@type\":\"WebSite\",\"@id\":\"https:\/\/talkpal.ai\/no\/#website\",\"url\":\"https:\/\/talkpal.ai\/no\/\",\"name\":\"Talkpal\",\"description\":\"AI Language Learning\",\"publisher\":{\"@id\":\"https:\/\/talkpal.ai\/no\/#organization\"},\"alternateName\":\"Talkpal AI\",\"potentialAction\":[{\"@type\":\"SearchAction\",\"target\":{\"@type\":\"EntryPoint\",\"urlTemplate\":\"https:\/\/talkpal.ai\/no\/?s={search_term_string}\"},\"query-input\":{\"@type\":\"PropertyValueSpecification\",\"valueRequired\":true,\"valueName\":\"search_term_string\"}}],\"inLanguage\":\"nb-NO\"},{\"@type\":\"Organization\",\"@id\":\"https:\/\/talkpal.ai\/no\/#organization\",\"name\":\"Talkpal, Inc.\",\"alternateName\":\"Talkpal AI\",\"url\":\"https:\/\/talkpal.ai\/no\/\",\"logo\":{\"@type\":\"ImageObject\",\"inLanguage\":\"nb-NO\",\"@id\":\"https:\/\/talkpal.ai\/no\/#\/schema\/logo\/image\/\",\"url\":\"https:\/\/talkpal.ai\/wp-content\/uploads\/2024\/03\/Talkpal-Logo-Icon.png\",\"contentUrl\":\"https:\/\/talkpal.ai\/wp-content\/uploads\/2024\/03\/Talkpal-Logo-Icon.png\",\"width\":2880,\"height\":2880,\"caption\":\"Talkpal, Inc.\"},\"image\":{\"@id\":\"https:\/\/talkpal.ai\/no\/#\/schema\/logo\/image\/\"},\"sameAs\":[\"https:\/\/www.facebook.com\/profile.php?id=100090733639311\",\"https:\/\/x.com\/talkpalai\",\"https:\/\/www.linkedin.com\/company\/talkpal\/\",\"https:\/\/www.youtube.com\/@TalkPal\/\",\"https:\/\/www.tiktok.com\/@talkpal\",\"https:\/\/www.instagram.com\/talkpal_ai\/\",\"https:\/\/www.crunchbase.com\/organization\/talkpal-9cde\",\"https:\/\/www.g2.com\/products\/talkpal-for-business\/\",\"https:\/\/www.trustpilot.com\/review\/talkpal.ai\",\"https:\/\/www.capterra.com\/p\/10006800\/TalkPal\/\"],\"description\":\"Talkpal is a language learning web and mobile education app, powered by the latest AI technologies, that provides engaging experiences to its customers in many different languages to help them improve their language skills. Users can chat about unlimited amount of topics with the app and use other modes to practice their language learning.\",\"email\":\"support@talkpal.ai\",\"legalName\":\"Talkpal, Inc.\",\"foundingDate\":\"2023-04-03\",\"duns\":\"118989042\",\"numberOfEmployees\":{\"@type\":\"QuantitativeValue\",\"minValue\":\"11\",\"maxValue\":\"50\"},\"publishingPrinciples\":\"https:\/\/talkpal.ai\/publishing-principles\/\",\"actionableFeedbackPolicy\":\"https:\/\/talkpal.ai\/actionable-feedback-policy\/\",\"correctionsPolicy\":\"https:\/\/talkpal.ai\/corrections-policy\/\",\"ethicsPolicy\":\"https:\/\/talkpal.ai\/ethics-policy\/\",\"diversityPolicy\":\"https:\/\/talkpal.ai\/diversity-policy\/\",\"diversityStaffingReport\":\"https:\/\/talkpal.ai\/diversity-policy\/\"}]}<\/script>\n<!-- \/ Yoast SEO Premium plugin. -->","yoast_head_json":{"title":"Galisisk grammatikk - Talkpal","description":"L\u00e6r deg galisisk grammatikk p\u00e5 en enkel m\u00e5te - l\u00e6r regler, bygg korrekte setninger og kommuniser tydelig","robots":{"index":"index","follow":"follow","max-snippet":"max-snippet:-1","max-image-preview":"max-image-preview:large","max-video-preview":"max-video-preview:-1"},"canonical":"https:\/\/talkpal.ai\/no\/galisisk-grammatikk\/","og_locale":"nb_NO","og_type":"article","og_title":"Galisisk grammatikk","og_description":"Galisisk grammatikk: Unlocking the Beauty of a Romance Language Galisisk, et romansk spr\u00e5k som snakkes av over to millioner mennesker i det nordvestlige","og_url":"https:\/\/talkpal.ai\/no\/galisisk-grammatikk\/","og_site_name":"Talkpal","article_publisher":"https:\/\/www.facebook.com\/profile.php?id=100090733639311","article_modified_time":"2025-12-13T15:30:03+00:00","og_image":[{"width":512,"height":512,"url":"https:\/\/talkpal.ai\/wp-content\/uploads\/2023\/05\/Galician-spain.png","type":"image\/png"}],"twitter_card":"summary_large_image","twitter_site":"@talkpalai","twitter_misc":{"Ansl. lesetid":"3 minutter"},"schema":{"@context":"https:\/\/schema.org","@graph":[{"@type":"WebPage","@id":"https:\/\/talkpal.ai\/no\/galisisk-grammatikk\/","url":"https:\/\/talkpal.ai\/no\/galisisk-grammatikk\/","name":"Galisisk grammatikk - Talkpal","isPartOf":{"@id":"https:\/\/talkpal.ai\/no\/#website"},"primaryImageOfPage":{"@id":"https:\/\/talkpal.ai\/no\/galisisk-grammatikk\/#primaryimage"},"image":{"@id":"https:\/\/talkpal.ai\/no\/galisisk-grammatikk\/#primaryimage"},"thumbnailUrl":"https:\/\/talkpal.ai\/wp-content\/uploads\/2023\/05\/Galician-spain.png","datePublished":"2023-05-14T14:03:43+00:00","dateModified":"2025-12-13T15:30:03+00:00","description":"L\u00e6r deg galisisk grammatikk p\u00e5 en enkel m\u00e5te - l\u00e6r regler, bygg korrekte setninger og kommuniser tydelig","breadcrumb":{"@id":"https:\/\/talkpal.ai\/no\/galisisk-grammatikk\/#breadcrumb"},"inLanguage":"nb-NO","potentialAction":[{"@type":"ReadAction","target":["https:\/\/talkpal.ai\/no\/galisisk-grammatikk\/"]}]},{"@type":"ImageObject","inLanguage":"nb-NO","@id":"https:\/\/talkpal.ai\/no\/galisisk-grammatikk\/#primaryimage","url":"https:\/\/talkpal.ai\/wp-content\/uploads\/2023\/05\/Galician-spain.png","contentUrl":"https:\/\/talkpal.ai\/wp-content\/uploads\/2023\/05\/Galician-spain.png","width":512,"height":512},{"@type":"BreadcrumbList","@id":"https:\/\/talkpal.ai\/no\/galisisk-grammatikk\/#breadcrumb","itemListElement":[{"@type":"ListItem","position":1,"name":"Homepage","item":"https:\/\/talkpal.ai\/no\/"},{"@type":"ListItem","position":2,"name":"Galisisk grammatikk"}]},{"@type":"WebSite","@id":"https:\/\/talkpal.ai\/no\/#website","url":"https:\/\/talkpal.ai\/no\/","name":"Talkpal","description":"AI Language Learning","publisher":{"@id":"https:\/\/talkpal.ai\/no\/#organization"},"alternateName":"Talkpal AI","potentialAction":[{"@type":"SearchAction","target":{"@type":"EntryPoint","urlTemplate":"https:\/\/talkpal.ai\/no\/?s={search_term_string}"},"query-input":{"@type":"PropertyValueSpecification","valueRequired":true,"valueName":"search_term_string"}}],"inLanguage":"nb-NO"},{"@type":"Organization","@id":"https:\/\/talkpal.ai\/no\/#organization","name":"Talkpal, Inc.","alternateName":"Talkpal AI","url":"https:\/\/talkpal.ai\/no\/","logo":{"@type":"ImageObject","inLanguage":"nb-NO","@id":"https:\/\/talkpal.ai\/no\/#\/schema\/logo\/image\/","url":"https:\/\/talkpal.ai\/wp-content\/uploads\/2024\/03\/Talkpal-Logo-Icon.png","contentUrl":"https:\/\/talkpal.ai\/wp-content\/uploads\/2024\/03\/Talkpal-Logo-Icon.png","width":2880,"height":2880,"caption":"Talkpal, Inc."},"image":{"@id":"https:\/\/talkpal.ai\/no\/#\/schema\/logo\/image\/"},"sameAs":["https:\/\/www.facebook.com\/profile.php?id=100090733639311","https:\/\/x.com\/talkpalai","https:\/\/www.linkedin.com\/company\/talkpal\/","https:\/\/www.youtube.com\/@TalkPal\/","https:\/\/www.tiktok.com\/@talkpal","https:\/\/www.instagram.com\/talkpal_ai\/","https:\/\/www.crunchbase.com\/organization\/talkpal-9cde","https:\/\/www.g2.com\/products\/talkpal-for-business\/","https:\/\/www.trustpilot.com\/review\/talkpal.ai","https:\/\/www.capterra.com\/p\/10006800\/TalkPal\/"],"description":"Talkpal is a language learning web and mobile education app, powered by the latest AI technologies, that provides engaging experiences to its customers in many different languages to help them improve their language skills. Users can chat about unlimited amount of topics with the app and use other modes to practice their language learning.","email":"support@talkpal.ai","legalName":"Talkpal, Inc.","foundingDate":"2023-04-03","duns":"118989042","numberOfEmployees":{"@type":"QuantitativeValue","minValue":"11","maxValue":"50"},"publishingPrinciples":"https:\/\/talkpal.ai\/publishing-principles\/","actionableFeedbackPolicy":"https:\/\/talkpal.ai\/actionable-feedback-policy\/","correctionsPolicy":"https:\/\/talkpal.ai\/corrections-policy\/","ethicsPolicy":"https:\/\/talkpal.ai\/ethics-policy\/","diversityPolicy":"https:\/\/talkpal.ai\/diversity-policy\/","diversityStaffingReport":"https:\/\/talkpal.ai\/diversity-policy\/"}]}},"_links":{"self":[{"href":"https:\/\/talkpal.ai\/no\/wp-json\/wp\/v2\/pages\/143965","targetHints":{"allow":["GET"]}}],"collection":[{"href":"https:\/\/talkpal.ai\/no\/wp-json\/wp\/v2\/pages"}],"about":[{"href":"https:\/\/talkpal.ai\/no\/wp-json\/wp\/v2\/types\/page"}],"author":[{"embeddable":true,"href":"https:\/\/talkpal.ai\/no\/wp-json\/wp\/v2\/users\/1"}],"replies":[{"embeddable":true,"href":"https:\/\/talkpal.ai\/no\/wp-json\/wp\/v2\/comments?post=143965"}],"version-history":[{"count":0,"href":"https:\/\/talkpal.ai\/no\/wp-json\/wp\/v2\/pages\/143965\/revisions"}],"wp:featuredmedia":[{"embeddable":true,"href":"https:\/\/talkpal.ai\/no\/wp-json\/wp\/v2\/media\/112183"}],"wp:attachment":[{"href":"https:\/\/talkpal.ai\/no\/wp-json\/wp\/v2\/media?parent=143965"}],"curies":[{"name":"wp","href":"https:\/\/api.w.org\/{rel}","templated":true}]}}