{"id":143627,"date":"2023-05-14T14:03:23","date_gmt":"2023-05-14T14:03:23","guid":{"rendered":"http:\/\/talkpal.ai\/dansk-grammatikk\/"},"modified":"2025-12-13T15:26:01","modified_gmt":"2025-12-13T15:26:01","slug":"dansk-grammatikk","status":"publish","type":"page","link":"https:\/\/talkpal.ai\/no\/dansk-grammatikk\/","title":{"rendered":"Dansk grammatikk"},"content":{"rendered":"\r\n\r\n\r\n<section class=\"languageChallengeSection\">\r\n    <div class=\"languageInfoWrapper\">\r\n        \r\n        <h1>Dansk grammatikk<\/h1>\r\n        <p>L\u00e6r deg det viktigste i <a href=\"https:\/\/talkpal.ai\/danish-grammar\/\">dansk grammatikk<\/a> og begynn \u00e5 kommunisere trygt p\u00e5 dette sjarmerende skandinaviske spr\u00e5ket. Ved \u00e5 beherske de grunnleggende reglene og strukturene f\u00e5r du de ferdighetene du trenger for \u00e5 komme i kontakt med dansktalende og oppleve deres rike kultur p\u00e5 f\u00f8rste h\u00e5nd. Begynn \u00e5 l\u00e6re <a href=\"https:\/\/talkpal.ai\/learn-danish\/\">dansk<\/a> <a href=\"https:\/\/talkpal.ai\/grammar\/\">grammatikk<\/a> i dag og ta det f\u00f8rste skrittet mot flytende <a href=\"https:\/\/talkpal.ai\/learn-danish\/\">dansk<\/a>!\n\n<\/p>\r\n\r\n                            <a class=\"getStartedHidden\" href=\"https:\/\/app.talkpal.ai\/no\/signup?lng=\">Kom i gang<\/a>\r\n        \r\n    <\/div>\r\n\r\n    <figure>\r\n    <img decoding=\"async\" width=\"768\" height=\"768\" src=\"https:\/\/talkpal.ai\/wp-content\/uploads\/2023\/06\/danish-768x768.png\" class=\"languageImage no-lazy\" alt=\"Language learning for career enhancement\" fetchpriority=\"high\" sizes=\"(max-width: 768px) 150px, 768px\" srcset=\"https:\/\/talkpal.ai\/wp-content\/uploads\/2023\/06\/danish-768x768.png 768w, https:\/\/talkpal.ai\/wp-content\/uploads\/2023\/06\/danish-300x300.png 300w\" \/>\r\n    \r\n\r\n    <\/figure>\r\n\r\n            <a class=\"getStartedVisible\" href=\"https:\/\/app.talkpal.ai\/no\/signup?lng=\">Kom i gang<\/a>\r\n    \r\n<\/section>\r\n<section class=\"promotionalBanner\">\r\n    <p class=\"promotionalText\">Den mest effektive m\u00e5ten \u00e5 l\u00e6re et spr\u00e5k p\u00e5<\/p>\r\n    <a class=\"promotionalLink\" href=\"https:\/\/app.talkpal.ai\/no\/signup?lng=\">Pr\u00f8v Talkpal gratis<\/a>\r\n<\/section>\n<div class=\"wp-block-group pageContainerStyle\"><div class=\"wp-block-group__inner-container is-layout-constrained wp-block-group-is-layout-constrained\">\n<h2 class=\"wp-block-heading\" id=\"h-delving-into-the-depths-of-danish-grammar-unraveling-its-idiosyncrasies-and-charm\">Dyp ned i dybden av dansk grammatikk: \u00c5 n\u00f8ste opp i dens egenart og sjarm<\/h2>\n\n\n\n<p>Husker du tiden da det \u00e5 l\u00e6re <a href=\"https:\/\/talkpal.ai\/no\/effektiv-engelskopplaering-laer-engelsk-raskt-og-enkelt\/\">engelsk grammatikk<\/a> virket som en oppoverbakke kamp med dens mengde regler, unntak og intrikate terminologier? Hvis du n\u00e5 har satt deg som m\u00e5l \u00e5 l\u00e6re deg dansk, kan du forberede deg p\u00e5 nok en spennende reise gjennom den danske grammatikkens kompleksitet og gleder.<\/p>\n\n\n\n<p>Dansk, et nordgermansk spr\u00e5k, deler likheter med spr\u00e5k som <a href=\"https:\/\/talkpal.ai\/learn-norwegian\/\">norsk<\/a> og <a href=\"https:\/\/talkpal.ai\/learn-swedish\/\">svensk<\/a>. Imidlertid har den sine egne unike egenskaper som gj\u00f8r den til en perle verdt \u00e5 utforske i dybden. La <a href=\"https:\/\/talkpal.ai\/locations\/language-courses-in-oss\/\">oss<\/a> begynne med \u00e5 n\u00f8ste opp underverkene i dansk grammatikk, \u00e9n regel av gangen.<\/p>\n\n\n\n<p><strong>Et sl\u00e5ende trekk ved dansk grammatikk<\/strong> er dens enkelhet n\u00e5r det kommer til ordrekkef\u00f8lge. Dansk f\u00f8lger subjekt-verb-objekt (SVO) strukturen, som <a href=\"https:\/\/talkpal.ai\/learn-english-with-ai\/\">engelsk<\/a>, noe som gj\u00f8r det relativt enkelt for engelsktalende \u00e5 forst\u00e5. Det finnes imidlertid en vri &#8211; bruken av V2-ordstilling i hovedsetninger, noe som betyr at verbet alltid m\u00e5 v\u00e6re det andre elementet. Denne regelen tilf\u00f8rer det danske spr\u00e5ket et s\u00e6rpreg.<\/p>\n\n\n\n<p>Et annet elskverdig aspekt ved dansk grammatikk er <strong>tokj\u00f8nnssystemet<\/strong> . Mens noen spr\u00e5k som fransk eller spansk best\u00e5r av separate kj\u00f8nn for maskulin og feminin, forenkler dansk dette ved \u00e5 bruke to hovedkj\u00f8nn: vanlig og intetkj\u00f8nn. P\u00e5 dansk faller de fleste substantiver inn under kategorien &laquo;almindelig&raquo;, noe som gj\u00f8r det relativt enkelt \u00e5 forst\u00e5 kj\u00f8nnskontrast med adjektiv og artikler.<\/p>\n\n\n\n<p>Dykk inn i riket av <strong>verb\u00f8yning<\/strong> , og du vil finne at dansk overg\u00e5r andre spr\u00e5k n\u00e5r det gjelder enkelhet. Danske verb endres ikke i henhold til emnet, noe som gj\u00f8r det til en lek \u00e5 huske og forst\u00e5 forskjellige former. Vanlige verb f\u00f8lger forutsigbare m\u00f8nstre, og til og med uregelmessige verb utgj\u00f8r liten utfordring siden deres uregelmessigheter er veldig subtile.<\/p>\n\n\n\n<p>Dansk grammatikk tilbyr en unik funksjon med <strong>bruk av ubestemte artikler, artikler og demonstrasjoner<\/strong> . Den ubestemte artikkelen tilsvarer &laquo;a&raquo; eller &laquo;an&raquo; p\u00e5 engelsk, og p\u00e5 dansk kan den v\u00e6re &laquo;en&raquo; for intetkj\u00f8nn eller &laquo;et&raquo; for intetkj\u00f8nn. Den bestemte artikkelen, som ligner p\u00e5 &laquo;the&raquo; p\u00e5 engelsk, festes til slutten av selve substantivet og smelter sammen til ett ord. Demonstrativer, som indikerer spesifikke substantiv, endres ogs\u00e5 i henhold til substantivets kj\u00f8nn, og legger til et niv\u00e5 av spesifisitet og sjarm.<\/p>\n\n\n\n<p>La oss ikke glemme den vakre <strong>danske uttalen<\/strong>, som krever kjennskap til de s\u00e6regne vokallydene og de myke konsonantene. Bruken av st\u00f8d (en glottal stopp) skiller den ytterligere fra andre germanske spr\u00e5k, og gir dansk dens unike lyd og lokke.<\/p>\n\n\n\n<p>Ved \u00e5 fordype deg i dansk grammatikk l\u00e6rer du ikke bare et nytt spr\u00e5k, men du f\u00e5r ogs\u00e5 en bred kulturell kunnskap og forst\u00e5else av Danmark og dets befolkning. Selv om det til tider er utfordrende, tilbyr dansk grammatikk en unik l\u00e6ringsopplevelse som \u00e5pner d\u00f8ren til utallige sjarm og s\u00e6regenheter som gj\u00f8r det til et uimotst\u00e5elig spr\u00e5k \u00e5 utforske. S\u00e5 ta tak i spr\u00e5kb\u00f8kene dine og begi deg ut p\u00e5 et dansk grammatikkeventyr som lover \u00e5 fengsle og inspirere deg til enhver tid!<\/p>\n<\/div><\/div>\n\r\n<section class=\"learnNavigationSection\">\r\n            \r\n        <a href=\"https:\/\/talkpal.ai\/no\/laer-dansk\/\">\r\n            <div class=\"learnNavigationWrapper\">\r\n                <div class=\"learnNavigationContent\">\r\n                    <img decoding=\"async\" src=\"https:\/\/talkpal.ai\/wp-content\/uploads\/2024\/08\/Danish.jpg\" alt=\"Danish Flag\">\r\n                    <div>\r\n                        <h4>Om dansk l\u00e6ring<\/h4>\r\n                        <p>Finn ut alt om dansk grammatikk.<\/p>\r\n                    <\/div>\r\n                <\/div>\r\n            <\/div>\r\n        <\/a>\r\n\r\n        \r\n        <a href=\"https:\/\/talkpal.ai\/no\/danske-grammatikkovelser\/\">\r\n            <div class=\"learnNavigationWrapper\">\r\n                <div class=\"learnNavigationContent\">\r\n                    <img decoding=\"async\" src=\"https:\/\/talkpal.ai\/wp-content\/uploads\/2024\/08\/Danish.jpg\" alt=\"Danish Flag\">\r\n                    <div>\r\n                        <h4>\u00d8velse i dansk grammatikk<\/h4>\r\n                        <p>\u00d8v p\u00e5 dansk grammatikk.<\/p>\r\n                    <\/div>\r\n                <\/div>\r\n            <\/div>\r\n        <\/a>\r\n\r\n        \r\n        <a href=\"https:\/\/talkpal.ai\/vocabulary_language\/danish\/\">\r\n            <div class=\"learnNavigationWrapper\">\r\n                <div class=\"learnNavigationContent\">\r\n                    <img decoding=\"async\" src=\"https:\/\/talkpal.ai\/wp-content\/uploads\/2024\/08\/Danish.jpg\" alt=\"Danish Flag\">\r\n                    <div>\r\n                        <h4>Dansk ordforr\u00e5d<\/h4>\r\n                        <p>Utvid ordforr\u00e5det ditt p\u00e5 dansk.<\/p>\r\n                    <\/div>\r\n                <\/div>\r\n            <\/div>\r\n        <\/a>\r\n\r\n            <\/section>","protected":false},"excerpt":{"rendered":"<p>Dyp ned i dybden av dansk grammatikk: \u00c5 n\u00f8ste opp i dens egenart og sjarm Husker du tiden da det \u00e5 l\u00e6re engelsk grammatikk virket som en oppoverbakke kamp med dens mengde regler, unntak og intrikate terminologier? Hvis du n\u00e5 har satt deg som m\u00e5l \u00e5 l\u00e6re deg dansk, kan du forberede deg p\u00e5 nok [&hellip;]<\/p>\n","protected":false},"author":1,"featured_media":143634,"parent":0,"menu_order":0,"comment_status":"closed","ping_status":"closed","template":"LearningContentPage.php","meta":{"_acf_changed":false,"footnotes":""},"class_list":["post-143627","page","type-page","status-publish","has-post-thumbnail","hentry"],"acf":[],"yoast_head":"<!-- This site is optimized with the Yoast SEO Premium plugin v27.2 (Yoast SEO v27.2) - https:\/\/yoast.com\/product\/yoast-seo-premium-wordpress\/ -->\n<title>Dansk grammatikk - Talkpal<\/title>\n<meta name=\"description\" content=\"Utforsk den danske grammatikkens finurligheter og oppdag dens unike regler og egenskaper. L\u00e6r deg \u00e5 navigere i spr\u00e5ket uten problemer.\" \/>\n<meta name=\"robots\" content=\"index, follow, max-snippet:-1, max-image-preview:large, max-video-preview:-1\" \/>\n<link rel=\"canonical\" href=\"https:\/\/talkpal.ai\/no\/dansk-grammatikk\/\" \/>\n<meta property=\"og:locale\" content=\"nb_NO\" \/>\n<meta property=\"og:type\" content=\"article\" \/>\n<meta property=\"og:title\" content=\"Dansk grammatikk\" \/>\n<meta property=\"og:description\" content=\"Dyp ned i dybden av dansk grammatikk: \u00c5 n\u00f8ste opp i dens egenart og sjarm Husker du tiden da det \u00e5 l\u00e6re engelsk grammatikk virket som en oppoverbakke kamp\" \/>\n<meta property=\"og:url\" content=\"https:\/\/talkpal.ai\/no\/dansk-grammatikk\/\" \/>\n<meta property=\"og:site_name\" content=\"Talkpal\" \/>\n<meta property=\"article:publisher\" content=\"https:\/\/www.facebook.com\/profile.php?id=100090733639311\" \/>\n<meta property=\"article:modified_time\" content=\"2025-12-13T15:26:01+00:00\" \/>\n<meta property=\"og:image\" content=\"https:\/\/talkpal.ai\/wp-content\/uploads\/2023\/05\/denmark.png\" \/>\n\t<meta property=\"og:image:width\" content=\"512\" \/>\n\t<meta property=\"og:image:height\" content=\"512\" \/>\n\t<meta property=\"og:image:type\" content=\"image\/png\" \/>\n<meta name=\"twitter:card\" content=\"summary_large_image\" \/>\n<meta name=\"twitter:site\" content=\"@talkpalai\" \/>\n<meta name=\"twitter:label1\" content=\"Ansl. lesetid\" \/>\n\t<meta name=\"twitter:data1\" content=\"3 minutter\" \/>\n<script type=\"application\/ld+json\" class=\"yoast-schema-graph\">{\"@context\":\"https:\/\/schema.org\",\"@graph\":[{\"@type\":\"WebPage\",\"@id\":\"https:\/\/talkpal.ai\/no\/dansk-grammatikk\/\",\"url\":\"https:\/\/talkpal.ai\/no\/dansk-grammatikk\/\",\"name\":\"Dansk grammatikk - Talkpal\",\"isPartOf\":{\"@id\":\"https:\/\/talkpal.ai\/no\/#website\"},\"primaryImageOfPage\":{\"@id\":\"https:\/\/talkpal.ai\/no\/dansk-grammatikk\/#primaryimage\"},\"image\":{\"@id\":\"https:\/\/talkpal.ai\/no\/dansk-grammatikk\/#primaryimage\"},\"thumbnailUrl\":\"https:\/\/talkpal.ai\/wp-content\/uploads\/2023\/05\/denmark.png\",\"datePublished\":\"2023-05-14T14:03:23+00:00\",\"dateModified\":\"2025-12-13T15:26:01+00:00\",\"description\":\"Utforsk den danske grammatikkens finurligheter og oppdag dens unike regler og egenskaper. L\u00e6r deg \u00e5 navigere i spr\u00e5ket uten problemer.\",\"breadcrumb\":{\"@id\":\"https:\/\/talkpal.ai\/no\/dansk-grammatikk\/#breadcrumb\"},\"inLanguage\":\"nb-NO\",\"potentialAction\":[{\"@type\":\"ReadAction\",\"target\":[\"https:\/\/talkpal.ai\/no\/dansk-grammatikk\/\"]}]},{\"@type\":\"ImageObject\",\"inLanguage\":\"nb-NO\",\"@id\":\"https:\/\/talkpal.ai\/no\/dansk-grammatikk\/#primaryimage\",\"url\":\"https:\/\/talkpal.ai\/wp-content\/uploads\/2023\/05\/denmark.png\",\"contentUrl\":\"https:\/\/talkpal.ai\/wp-content\/uploads\/2023\/05\/denmark.png\",\"width\":512,\"height\":512},{\"@type\":\"BreadcrumbList\",\"@id\":\"https:\/\/talkpal.ai\/no\/dansk-grammatikk\/#breadcrumb\",\"itemListElement\":[{\"@type\":\"ListItem\",\"position\":1,\"name\":\"Homepage\",\"item\":\"https:\/\/talkpal.ai\/no\/\"},{\"@type\":\"ListItem\",\"position\":2,\"name\":\"Dansk grammatikk\"}]},{\"@type\":\"WebSite\",\"@id\":\"https:\/\/talkpal.ai\/no\/#website\",\"url\":\"https:\/\/talkpal.ai\/no\/\",\"name\":\"Talkpal\",\"description\":\"AI Language Learning\",\"publisher\":{\"@id\":\"https:\/\/talkpal.ai\/no\/#organization\"},\"alternateName\":\"Talkpal AI\",\"potentialAction\":[{\"@type\":\"SearchAction\",\"target\":{\"@type\":\"EntryPoint\",\"urlTemplate\":\"https:\/\/talkpal.ai\/no\/?s={search_term_string}\"},\"query-input\":{\"@type\":\"PropertyValueSpecification\",\"valueRequired\":true,\"valueName\":\"search_term_string\"}}],\"inLanguage\":\"nb-NO\"},{\"@type\":\"Organization\",\"@id\":\"https:\/\/talkpal.ai\/no\/#organization\",\"name\":\"Talkpal, Inc.\",\"alternateName\":\"Talkpal AI\",\"url\":\"https:\/\/talkpal.ai\/no\/\",\"logo\":{\"@type\":\"ImageObject\",\"inLanguage\":\"nb-NO\",\"@id\":\"https:\/\/talkpal.ai\/no\/#\/schema\/logo\/image\/\",\"url\":\"https:\/\/talkpal.ai\/wp-content\/uploads\/2024\/03\/Talkpal-Logo-Icon.png\",\"contentUrl\":\"https:\/\/talkpal.ai\/wp-content\/uploads\/2024\/03\/Talkpal-Logo-Icon.png\",\"width\":2880,\"height\":2880,\"caption\":\"Talkpal, Inc.\"},\"image\":{\"@id\":\"https:\/\/talkpal.ai\/no\/#\/schema\/logo\/image\/\"},\"sameAs\":[\"https:\/\/www.facebook.com\/profile.php?id=100090733639311\",\"https:\/\/x.com\/talkpalai\",\"https:\/\/www.linkedin.com\/company\/talkpal\/\",\"https:\/\/www.youtube.com\/@TalkPal\/\",\"https:\/\/www.tiktok.com\/@talkpal\",\"https:\/\/www.instagram.com\/talkpal_ai\/\",\"https:\/\/www.crunchbase.com\/organization\/talkpal-9cde\",\"https:\/\/www.g2.com\/products\/talkpal-for-business\/\",\"https:\/\/www.trustpilot.com\/review\/talkpal.ai\",\"https:\/\/www.capterra.com\/p\/10006800\/TalkPal\/\"],\"description\":\"Talkpal is a language learning web and mobile education app, powered by the latest AI technologies, that provides engaging experiences to its customers in many different languages to help them improve their language skills. Users can chat about unlimited amount of topics with the app and use other modes to practice their language learning.\",\"email\":\"support@talkpal.ai\",\"legalName\":\"Talkpal, Inc.\",\"foundingDate\":\"2023-04-03\",\"duns\":\"118989042\",\"numberOfEmployees\":{\"@type\":\"QuantitativeValue\",\"minValue\":\"11\",\"maxValue\":\"50\"},\"publishingPrinciples\":\"https:\/\/talkpal.ai\/publishing-principles\/\",\"actionableFeedbackPolicy\":\"https:\/\/talkpal.ai\/actionable-feedback-policy\/\",\"correctionsPolicy\":\"https:\/\/talkpal.ai\/corrections-policy\/\",\"ethicsPolicy\":\"https:\/\/talkpal.ai\/ethics-policy\/\",\"diversityPolicy\":\"https:\/\/talkpal.ai\/diversity-policy\/\",\"diversityStaffingReport\":\"https:\/\/talkpal.ai\/diversity-policy\/\"}]}<\/script>\n<!-- \/ Yoast SEO Premium plugin. -->","yoast_head_json":{"title":"Dansk grammatikk - Talkpal","description":"Utforsk den danske grammatikkens finurligheter og oppdag dens unike regler og egenskaper. L\u00e6r deg \u00e5 navigere i spr\u00e5ket uten problemer.","robots":{"index":"index","follow":"follow","max-snippet":"max-snippet:-1","max-image-preview":"max-image-preview:large","max-video-preview":"max-video-preview:-1"},"canonical":"https:\/\/talkpal.ai\/no\/dansk-grammatikk\/","og_locale":"nb_NO","og_type":"article","og_title":"Dansk grammatikk","og_description":"Dyp ned i dybden av dansk grammatikk: \u00c5 n\u00f8ste opp i dens egenart og sjarm Husker du tiden da det \u00e5 l\u00e6re engelsk grammatikk virket som en oppoverbakke kamp","og_url":"https:\/\/talkpal.ai\/no\/dansk-grammatikk\/","og_site_name":"Talkpal","article_publisher":"https:\/\/www.facebook.com\/profile.php?id=100090733639311","article_modified_time":"2025-12-13T15:26:01+00:00","og_image":[{"width":512,"height":512,"url":"https:\/\/talkpal.ai\/wp-content\/uploads\/2023\/05\/denmark.png","type":"image\/png"}],"twitter_card":"summary_large_image","twitter_site":"@talkpalai","twitter_misc":{"Ansl. lesetid":"3 minutter"},"schema":{"@context":"https:\/\/schema.org","@graph":[{"@type":"WebPage","@id":"https:\/\/talkpal.ai\/no\/dansk-grammatikk\/","url":"https:\/\/talkpal.ai\/no\/dansk-grammatikk\/","name":"Dansk grammatikk - Talkpal","isPartOf":{"@id":"https:\/\/talkpal.ai\/no\/#website"},"primaryImageOfPage":{"@id":"https:\/\/talkpal.ai\/no\/dansk-grammatikk\/#primaryimage"},"image":{"@id":"https:\/\/talkpal.ai\/no\/dansk-grammatikk\/#primaryimage"},"thumbnailUrl":"https:\/\/talkpal.ai\/wp-content\/uploads\/2023\/05\/denmark.png","datePublished":"2023-05-14T14:03:23+00:00","dateModified":"2025-12-13T15:26:01+00:00","description":"Utforsk den danske grammatikkens finurligheter og oppdag dens unike regler og egenskaper. L\u00e6r deg \u00e5 navigere i spr\u00e5ket uten problemer.","breadcrumb":{"@id":"https:\/\/talkpal.ai\/no\/dansk-grammatikk\/#breadcrumb"},"inLanguage":"nb-NO","potentialAction":[{"@type":"ReadAction","target":["https:\/\/talkpal.ai\/no\/dansk-grammatikk\/"]}]},{"@type":"ImageObject","inLanguage":"nb-NO","@id":"https:\/\/talkpal.ai\/no\/dansk-grammatikk\/#primaryimage","url":"https:\/\/talkpal.ai\/wp-content\/uploads\/2023\/05\/denmark.png","contentUrl":"https:\/\/talkpal.ai\/wp-content\/uploads\/2023\/05\/denmark.png","width":512,"height":512},{"@type":"BreadcrumbList","@id":"https:\/\/talkpal.ai\/no\/dansk-grammatikk\/#breadcrumb","itemListElement":[{"@type":"ListItem","position":1,"name":"Homepage","item":"https:\/\/talkpal.ai\/no\/"},{"@type":"ListItem","position":2,"name":"Dansk grammatikk"}]},{"@type":"WebSite","@id":"https:\/\/talkpal.ai\/no\/#website","url":"https:\/\/talkpal.ai\/no\/","name":"Talkpal","description":"AI Language Learning","publisher":{"@id":"https:\/\/talkpal.ai\/no\/#organization"},"alternateName":"Talkpal AI","potentialAction":[{"@type":"SearchAction","target":{"@type":"EntryPoint","urlTemplate":"https:\/\/talkpal.ai\/no\/?s={search_term_string}"},"query-input":{"@type":"PropertyValueSpecification","valueRequired":true,"valueName":"search_term_string"}}],"inLanguage":"nb-NO"},{"@type":"Organization","@id":"https:\/\/talkpal.ai\/no\/#organization","name":"Talkpal, Inc.","alternateName":"Talkpal AI","url":"https:\/\/talkpal.ai\/no\/","logo":{"@type":"ImageObject","inLanguage":"nb-NO","@id":"https:\/\/talkpal.ai\/no\/#\/schema\/logo\/image\/","url":"https:\/\/talkpal.ai\/wp-content\/uploads\/2024\/03\/Talkpal-Logo-Icon.png","contentUrl":"https:\/\/talkpal.ai\/wp-content\/uploads\/2024\/03\/Talkpal-Logo-Icon.png","width":2880,"height":2880,"caption":"Talkpal, Inc."},"image":{"@id":"https:\/\/talkpal.ai\/no\/#\/schema\/logo\/image\/"},"sameAs":["https:\/\/www.facebook.com\/profile.php?id=100090733639311","https:\/\/x.com\/talkpalai","https:\/\/www.linkedin.com\/company\/talkpal\/","https:\/\/www.youtube.com\/@TalkPal\/","https:\/\/www.tiktok.com\/@talkpal","https:\/\/www.instagram.com\/talkpal_ai\/","https:\/\/www.crunchbase.com\/organization\/talkpal-9cde","https:\/\/www.g2.com\/products\/talkpal-for-business\/","https:\/\/www.trustpilot.com\/review\/talkpal.ai","https:\/\/www.capterra.com\/p\/10006800\/TalkPal\/"],"description":"Talkpal is a language learning web and mobile education app, powered by the latest AI technologies, that provides engaging experiences to its customers in many different languages to help them improve their language skills. Users can chat about unlimited amount of topics with the app and use other modes to practice their language learning.","email":"support@talkpal.ai","legalName":"Talkpal, Inc.","foundingDate":"2023-04-03","duns":"118989042","numberOfEmployees":{"@type":"QuantitativeValue","minValue":"11","maxValue":"50"},"publishingPrinciples":"https:\/\/talkpal.ai\/publishing-principles\/","actionableFeedbackPolicy":"https:\/\/talkpal.ai\/actionable-feedback-policy\/","correctionsPolicy":"https:\/\/talkpal.ai\/corrections-policy\/","ethicsPolicy":"https:\/\/talkpal.ai\/ethics-policy\/","diversityPolicy":"https:\/\/talkpal.ai\/diversity-policy\/","diversityStaffingReport":"https:\/\/talkpal.ai\/diversity-policy\/"}]}},"_links":{"self":[{"href":"https:\/\/talkpal.ai\/no\/wp-json\/wp\/v2\/pages\/143627","targetHints":{"allow":["GET"]}}],"collection":[{"href":"https:\/\/talkpal.ai\/no\/wp-json\/wp\/v2\/pages"}],"about":[{"href":"https:\/\/talkpal.ai\/no\/wp-json\/wp\/v2\/types\/page"}],"author":[{"embeddable":true,"href":"https:\/\/talkpal.ai\/no\/wp-json\/wp\/v2\/users\/1"}],"replies":[{"embeddable":true,"href":"https:\/\/talkpal.ai\/no\/wp-json\/wp\/v2\/comments?post=143627"}],"version-history":[{"count":0,"href":"https:\/\/talkpal.ai\/no\/wp-json\/wp\/v2\/pages\/143627\/revisions"}],"wp:featuredmedia":[{"embeddable":true,"href":"https:\/\/talkpal.ai\/no\/wp-json\/wp\/v2\/media\/143634"}],"wp:attachment":[{"href":"https:\/\/talkpal.ai\/no\/wp-json\/wp\/v2\/media?parent=143627"}],"curies":[{"name":"wp","href":"https:\/\/api.w.org\/{rel}","templated":true}]}}