{"id":143295,"date":"2023-05-14T14:03:07","date_gmt":"2023-05-14T14:03:07","guid":{"rendered":"http:\/\/talkpal.ai\/tsjekkisk-grammatikk\/"},"modified":"2025-12-13T15:22:11","modified_gmt":"2025-12-13T15:22:11","slug":"tsjekkisk-grammatikk","status":"publish","type":"page","link":"https:\/\/talkpal.ai\/no\/tsjekkisk-grammatikk\/","title":{"rendered":"Tsjekkisk grammatikk"},"content":{"rendered":"\r\n\r\n\r\n<section class=\"languageChallengeSection\">\r\n    <div class=\"languageInfoWrapper\">\r\n        \r\n        <h1>Tsjekkisk grammatikk<\/h1>\r\n        <p>Utforsk den tsjekkiske grammatikkens finurligheter og \u00e5pne d\u00f8ren til \u00e5 forst\u00e5 dette sentraleuropeiske spr\u00e5ket. Ved \u00e5 beherske de viktigste reglene og m\u00f8nstrene vil du kommunisere mer effektivt og f\u00e5 dypere innsikt i <a href=\"https:\/\/talkpal.ai\/learn-czech\/\">tsjekkisk<\/a> kultur. Begynn \u00e5 l\u00e6re <a href=\"https:\/\/talkpal.ai\/no\/laer-tsjekkisk\/\">tsjekkisk grammatikk<\/a> i dag og ta det f\u00f8rste skrittet mot flytende tsjekkisk spr\u00e5k!<\/p>\r\n\r\n                            <a class=\"getStartedHidden\" href=\"https:\/\/app.talkpal.ai\/no\/signup?lng=\">Kom i gang<\/a>\r\n        \r\n    <\/div>\r\n\r\n    <figure>\r\n    <img decoding=\"async\" width=\"768\" height=\"768\" src=\"https:\/\/talkpal.ai\/wp-content\/uploads\/2023\/06\/Czech-768x768.png\" class=\"languageImage no-lazy\" alt=\"Language learning for intellectual development\" fetchpriority=\"high\" sizes=\"(max-width: 768px) 150px, 768px\" srcset=\"https:\/\/talkpal.ai\/wp-content\/uploads\/2023\/06\/Czech-768x768.png 768w, https:\/\/talkpal.ai\/wp-content\/uploads\/2023\/06\/Czech-300x300.png 300w\" \/>\r\n    \r\n\r\n    <\/figure>\r\n\r\n            <a class=\"getStartedVisible\" href=\"https:\/\/app.talkpal.ai\/no\/signup?lng=\">Kom i gang<\/a>\r\n    \r\n<\/section>\r\n<section class=\"promotionalBanner\">\r\n    <p class=\"promotionalText\">Den mest effektive m\u00e5ten \u00e5 l\u00e6re et spr\u00e5k p\u00e5<\/p>\r\n    <a class=\"promotionalLink\" href=\"https:\/\/app.talkpal.ai\/no\/signup?lng=\">Pr\u00f8v Talkpal gratis<\/a>\r\n<\/section>\n<div class=\"wp-block-group pageContainerStyle\"><div class=\"wp-block-group__inner-container is-layout-constrained wp-block-group-is-layout-constrained\">\n<h2 class=\"wp-block-heading\" id=\"h-czech-grammar-making-sense-of-the-czech-language-s-unique-structure\">Tsjekkisk grammatikk: Hvordan forst\u00e5 det tsjekkiske spr\u00e5kets unike struktur<\/h2>\n\n\n\n<p>Hvis du noen gang har pr\u00f8vd \u00e5 l\u00e6re deg tsjekkisk &#8211; eller bare lest en tsjekkisk artikkel eller bok &#8211; har du sannsynligvis lagt merke til at grammatikken kan v\u00e6re ganske utfordrende. Ansett som et av de mest komplekse spr\u00e5ksystemene, har <a href=\"https:\/\/talkpal.ai\/no\/laer-tsjekkisk\/\">tsjekkisk grammatikk<\/a> forvirret mange utenlandske <a href=\"https:\/\/talkpal.ai\/talkpal-discount-for-students\/\">studenter<\/a>. Men ikke la deg skremme av det! Det s\u00e6regne ved tsjekkisk <a href=\"https:\/\/talkpal.ai\/grammar\/\">grammatikk<\/a> er det som gj\u00f8r den fascinerende og unik. I denne artikkelen vil vi avmystifisere noen sentrale elementer i tsjekkisk grammatikk p\u00e5 en samtalevennlig m\u00e5te, slik at du kan forst\u00e5 dette vakre spr\u00e5ket bedre.<\/p>\n\n\n\n<h3 class=\"wp-block-heading\" id=\"h-1-nouns-declensions-and-cases-galore\">1. Substantiv \u2013 deklinasjoner og kasus i massevis!<\/h3>\n\n\n\n<p>Noe av det f\u00f8rste du vil legge merke til med tsjekkisk grammatikk, er substantivb\u00f8yningene. En deklinasjon er en gruppe substantiv med lignende grammatiske trekk, og tsjekkisk har opptil 14 distinkte deklinasjoner. Hva sier du til variasjon? Hver deklinasjon har et spesifikt m\u00f8nster for \u00e5 representere substantivformer i entall og flertall.<\/p>\n\n\n\n<p>Tsjekkiske substantiv har ogs\u00e5 syv forskjellige kasus: nominativ, genitiv, dativ, akkusativ, vokativ, lokativ og instrumental. Selv om et slikt antall kan virke skremmende, er det viktig \u00e5 l\u00e6re om disse tilfellene fordi de er avgj\u00f8rende for \u00e5 formidle mening. P\u00e5 tsjekkisk er for eksempel ikke ordstillingen like viktig som p\u00e5 <a href=\"https:\/\/talkpal.ai\/learn-english-with-ai\/\">engelsk<\/a> &#8211; det er kasus som angir forholdet mellom ordene.<\/p>\n\n\n\n<h3 class=\"wp-block-heading\" id=\"h-2-adjectives-agreeing-with-nouns\">2. Adjektiver \u2013 Enig med substantiver<\/h3>\n\n\n\n<p>Tsjekkiske adjektiver har en spesiell plikt: de m\u00e5 stemme overens med substantivene de endrer i kj\u00f8nn, tall og kasus. Tenk p\u00e5 det som en dynamisk duo, grammatikktangoen, der den ene halvdelen elegant tilpasser seg for \u00e5 utfylle den andre. Denne avtalen er med p\u00e5 \u00e5 skape harmoni i setninger og \u00f8ker klarheten.<\/p>\n\n\n\n<p>For eksempel er ordet for &laquo;vakker&raquo; p\u00e5 tsjekkisk &laquo;kr\u00e1sn\u00fd&raquo;. Hvis du beskriver et vakkert hus (d\u016fm), som er maskulinum, bruker du &laquo;kr\u00e1sn\u00fd d\u016fm&raquo;. For en vakker jente (d\u00edvka), som er femininum, blir det &laquo;kr\u00e1sn\u00e1 d\u00edvka&raquo;. Og for en vakker dag (den), som er intetkj\u00f8nn, sier du &laquo;kr\u00e1sn\u00fd den&raquo;. Se hvordan adjektivet danser sammen med substantivet?<\/p>\n\n\n\n<h3 class=\"wp-block-heading\" id=\"h-3-verbs-the-art-of-conjugation\">3. Verb \u2013 Kunsten \u00e5 b\u00f8ye<\/h3>\n\n\n\n<p>P\u00e5 tsjekkisk f\u00e5r kunsten \u00e5 b\u00f8ye \u2013 det vil si \u00e5 endre verbformer basert p\u00e5 tid, stemning og person \u2013 et eget liv. Tsjekkiske verb faller inn i to kategorier: perfektive og imperfektive. Perfektive verb indikerer at en handling er fullf\u00f8rt, mens imperfektive verb antyder p\u00e5g\u00e5ende eller vanlige handlinger.  <\/p>\n\n\n\n<p>Tsjekkisk grammatikk har noen spennende s\u00e6rheter n\u00e5r det kommer til verb. For eksempel dannes fremtidig tid bare regelmessig for imperfektive verb. For perfektive verb smelter det sammen med presens! I stedet for \u00e5 ha en spesifikk <a href=\"https:\/\/talkpal.ai\/ja\/grammar\/%e5%8f%97%e5%8b%95%e6%85%8b\/\">passiv<\/a> stemme, inkorporerer tsjekkisk passive konstruksjoner ved hjelp av hjelpeverb. La <a href=\"https:\/\/talkpal.ai\/locations\/language-courses-in-oss\/\">oss<\/a> ikke glemme tsjekkiske refleksive verb, der handlingene g\u00e5r tilbake til subjektet, noe som gir enda et lag med nyanser til dette spennende spr\u00e5ket.<\/p>\n\n\n\n<h3 class=\"wp-block-heading\" id=\"h-4-pronouns-the-mirror-of-linguistic-diversity\">4. Pronomen: The Mirror of Linguistic Diversity<\/h3>\n\n\n\n<p>Pronomener i tsjekkisk grammatikk &#8211; vi snakker om personlige, possessive, demonstrative, sp\u00f8rrende og relative pronomen &#8211; viser alle det samme mangfoldet som andre deler av talen. De m\u00e5 ogs\u00e5 stemme i kj\u00f8nn, tall og kasus med substantivene de erstatter eller refererer til.<\/p>\n\n\n\n<p>Hvis du for eksempel snakker om en bok du liker, kan du si &laquo;M\u00e1m r\u00e1d tu knihu&raquo; (Jeg liker den boken). Her er &laquo;tu&raquo; den feminine formen av det demonstrative pronomenet &laquo;at&raquo;, som stemmer overens med &laquo;kniha&raquo; (bok), som ogs\u00e5 er femininum.<\/p>\n\n\n\n<h3 class=\"wp-block-heading\" id=\"h-5-embracing-the-challenge\">5. Omfavne utfordringen<\/h3>\n\n\n\n<p>Tsjekkisk grammatikk kan v\u00e6re forvirrende og skremmende, men det er ogs\u00e5 det som gj\u00f8r at dette fascinerende spr\u00e5ket skiller seg ut. Ikke rygg unna utfordringen! Husk at det ikke handler om \u00e5 mestre alt p\u00e5 en gang, men \u00e5 gj\u00f8re fremskritt skritt for skritt. Ta deg tid til \u00e5 forst\u00e5 den tsjekkiske grammatikkens unike system, og du vil v\u00e6re p\u00e5 god vei til \u00e5 mestre dette vakre og komplekse spr\u00e5ket. Og n\u00e5r du tar til deg de herlige nyansene som tsjekkisk grammatikk har \u00e5 by p\u00e5, vil du utvilsomt oppdage en nyvunnet forst\u00e5else for dens finurligheter. God l\u00e6ring!<\/p>\n<\/div><\/div>\n\r\n<section class=\"learnNavigationSection\">\r\n            \r\n        <a href=\"https:\/\/talkpal.ai\/no\/laer-tsjekkisk\/\">\r\n            <div class=\"learnNavigationWrapper\">\r\n                <div class=\"learnNavigationContent\">\r\n                    <img decoding=\"async\" src=\"https:\/\/talkpal.ai\/wp-content\/uploads\/2024\/08\/Czech.jpg\" alt=\"Czech Flag\">\r\n                    <div>\r\n                        <h4>Om tsjekkisk l\u00e6ring<\/h4>\r\n                        <p>Finn ut alt om tsjekkisk grammatikk.<\/p>\r\n                    <\/div>\r\n                <\/div>\r\n            <\/div>\r\n        <\/a>\r\n\r\n        \r\n        <a href=\"https:\/\/talkpal.ai\/no\/tsjekkiske-grammatikkovelser\/\">\r\n            <div class=\"learnNavigationWrapper\">\r\n                <div class=\"learnNavigationContent\">\r\n                    <img decoding=\"async\" src=\"https:\/\/talkpal.ai\/wp-content\/uploads\/2024\/08\/Czech.jpg\" alt=\"Czech Flag\">\r\n                    <div>\r\n                        <h4>\u00d8velse i tsjekkisk grammatikk<\/h4>\r\n                        <p>\u00d8v p\u00e5 tsjekkisk grammatikk.<\/p>\r\n                    <\/div>\r\n                <\/div>\r\n            <\/div>\r\n        <\/a>\r\n\r\n        \r\n        <a href=\"https:\/\/talkpal.ai\/vocabulary_language\/czech\/\">\r\n            <div class=\"learnNavigationWrapper\">\r\n                <div class=\"learnNavigationContent\">\r\n                    <img decoding=\"async\" src=\"https:\/\/talkpal.ai\/wp-content\/uploads\/2024\/08\/Czech.jpg\" alt=\"Czech Flag\">\r\n                    <div>\r\n                        <h4>Tsjekkisk ordforr\u00e5d<\/h4>\r\n                        <p>Utvid det tsjekkiske ordforr\u00e5det ditt.<\/p>\r\n                    <\/div>\r\n                <\/div>\r\n            <\/div>\r\n        <\/a>\r\n\r\n            <\/section>","protected":false},"excerpt":{"rendered":"<p>Tsjekkisk grammatikk: Hvordan forst\u00e5 det tsjekkiske spr\u00e5kets unike struktur Hvis du noen gang har pr\u00f8vd \u00e5 l\u00e6re deg tsjekkisk &#8211; eller bare lest en tsjekkisk artikkel eller bok &#8211; har du sannsynligvis lagt merke til at grammatikken kan v\u00e6re ganske utfordrende. Ansett som et av de mest komplekse spr\u00e5ksystemene, har tsjekkisk grammatikk forvirret mange utenlandske [&hellip;]<\/p>\n","protected":false},"author":1,"featured_media":111634,"parent":0,"menu_order":0,"comment_status":"closed","ping_status":"closed","template":"LearningContentPage.php","meta":{"_acf_changed":false,"footnotes":""},"class_list":["post-143295","page","type-page","status-publish","has-post-thumbnail","hentry"],"acf":[],"yoast_head":"<!-- This site is optimized with the Yoast SEO Premium plugin v27.2 (Yoast SEO v27.2) - https:\/\/yoast.com\/product\/yoast-seo-premium-wordpress\/ -->\n<title>Tsjekkisk grammatikk - Talkpal<\/title>\n<meta name=\"description\" content=\"L\u00e5s opp hemmelighetene bak tsjekkisk grammatikk. L\u00e6r mer om den unike kompleksiteten og hvordan du mestrer substantivb\u00f8yninger p\u00e5 en effektiv m\u00e5te.\" \/>\n<meta name=\"robots\" content=\"index, follow, max-snippet:-1, max-image-preview:large, max-video-preview:-1\" \/>\n<link rel=\"canonical\" href=\"https:\/\/talkpal.ai\/no\/tsjekkisk-grammatikk\/\" \/>\n<meta property=\"og:locale\" content=\"nb_NO\" \/>\n<meta property=\"og:type\" content=\"article\" \/>\n<meta property=\"og:title\" content=\"Tsjekkisk grammatikk\" \/>\n<meta property=\"og:description\" content=\"Tsjekkisk grammatikk: Hvordan forst\u00e5 det tsjekkiske spr\u00e5kets unike struktur Hvis du noen gang har pr\u00f8vd \u00e5 l\u00e6re deg tsjekkisk - eller bare lest en\" \/>\n<meta property=\"og:url\" content=\"https:\/\/talkpal.ai\/no\/tsjekkisk-grammatikk\/\" \/>\n<meta property=\"og:site_name\" content=\"Talkpal\" \/>\n<meta property=\"article:publisher\" content=\"https:\/\/www.facebook.com\/profile.php?id=100090733639311\" \/>\n<meta property=\"article:modified_time\" content=\"2025-12-13T15:22:11+00:00\" \/>\n<meta property=\"og:image\" content=\"https:\/\/talkpal.ai\/wp-content\/uploads\/2023\/05\/czech-republic.png\" \/>\n\t<meta property=\"og:image:width\" content=\"512\" \/>\n\t<meta property=\"og:image:height\" content=\"512\" \/>\n\t<meta property=\"og:image:type\" content=\"image\/png\" \/>\n<meta name=\"twitter:card\" content=\"summary_large_image\" \/>\n<meta name=\"twitter:site\" content=\"@talkpalai\" \/>\n<meta name=\"twitter:label1\" content=\"Ansl. lesetid\" \/>\n\t<meta name=\"twitter:data1\" content=\"3 minutter\" \/>\n<script type=\"application\/ld+json\" class=\"yoast-schema-graph\">{\"@context\":\"https:\/\/schema.org\",\"@graph\":[{\"@type\":\"WebPage\",\"@id\":\"https:\/\/talkpal.ai\/no\/tsjekkisk-grammatikk\/\",\"url\":\"https:\/\/talkpal.ai\/no\/tsjekkisk-grammatikk\/\",\"name\":\"Tsjekkisk grammatikk - Talkpal\",\"isPartOf\":{\"@id\":\"https:\/\/talkpal.ai\/no\/#website\"},\"primaryImageOfPage\":{\"@id\":\"https:\/\/talkpal.ai\/no\/tsjekkisk-grammatikk\/#primaryimage\"},\"image\":{\"@id\":\"https:\/\/talkpal.ai\/no\/tsjekkisk-grammatikk\/#primaryimage\"},\"thumbnailUrl\":\"https:\/\/talkpal.ai\/wp-content\/uploads\/2023\/05\/czech-republic.png\",\"datePublished\":\"2023-05-14T14:03:07+00:00\",\"dateModified\":\"2025-12-13T15:22:11+00:00\",\"description\":\"L\u00e5s opp hemmelighetene bak tsjekkisk grammatikk. L\u00e6r mer om den unike kompleksiteten og hvordan du mestrer substantivb\u00f8yninger p\u00e5 en effektiv m\u00e5te.\",\"breadcrumb\":{\"@id\":\"https:\/\/talkpal.ai\/no\/tsjekkisk-grammatikk\/#breadcrumb\"},\"inLanguage\":\"nb-NO\",\"potentialAction\":[{\"@type\":\"ReadAction\",\"target\":[\"https:\/\/talkpal.ai\/no\/tsjekkisk-grammatikk\/\"]}]},{\"@type\":\"ImageObject\",\"inLanguage\":\"nb-NO\",\"@id\":\"https:\/\/talkpal.ai\/no\/tsjekkisk-grammatikk\/#primaryimage\",\"url\":\"https:\/\/talkpal.ai\/wp-content\/uploads\/2023\/05\/czech-republic.png\",\"contentUrl\":\"https:\/\/talkpal.ai\/wp-content\/uploads\/2023\/05\/czech-republic.png\",\"width\":512,\"height\":512},{\"@type\":\"BreadcrumbList\",\"@id\":\"https:\/\/talkpal.ai\/no\/tsjekkisk-grammatikk\/#breadcrumb\",\"itemListElement\":[{\"@type\":\"ListItem\",\"position\":1,\"name\":\"Homepage\",\"item\":\"https:\/\/talkpal.ai\/no\/\"},{\"@type\":\"ListItem\",\"position\":2,\"name\":\"Tsjekkisk grammatikk\"}]},{\"@type\":\"WebSite\",\"@id\":\"https:\/\/talkpal.ai\/no\/#website\",\"url\":\"https:\/\/talkpal.ai\/no\/\",\"name\":\"Talkpal\",\"description\":\"AI Language Learning\",\"publisher\":{\"@id\":\"https:\/\/talkpal.ai\/no\/#organization\"},\"alternateName\":\"Talkpal AI\",\"potentialAction\":[{\"@type\":\"SearchAction\",\"target\":{\"@type\":\"EntryPoint\",\"urlTemplate\":\"https:\/\/talkpal.ai\/no\/?s={search_term_string}\"},\"query-input\":{\"@type\":\"PropertyValueSpecification\",\"valueRequired\":true,\"valueName\":\"search_term_string\"}}],\"inLanguage\":\"nb-NO\"},{\"@type\":\"Organization\",\"@id\":\"https:\/\/talkpal.ai\/no\/#organization\",\"name\":\"Talkpal, Inc.\",\"alternateName\":\"Talkpal AI\",\"url\":\"https:\/\/talkpal.ai\/no\/\",\"logo\":{\"@type\":\"ImageObject\",\"inLanguage\":\"nb-NO\",\"@id\":\"https:\/\/talkpal.ai\/no\/#\/schema\/logo\/image\/\",\"url\":\"https:\/\/talkpal.ai\/wp-content\/uploads\/2024\/03\/Talkpal-Logo-Icon.png\",\"contentUrl\":\"https:\/\/talkpal.ai\/wp-content\/uploads\/2024\/03\/Talkpal-Logo-Icon.png\",\"width\":2880,\"height\":2880,\"caption\":\"Talkpal, Inc.\"},\"image\":{\"@id\":\"https:\/\/talkpal.ai\/no\/#\/schema\/logo\/image\/\"},\"sameAs\":[\"https:\/\/www.facebook.com\/profile.php?id=100090733639311\",\"https:\/\/x.com\/talkpalai\",\"https:\/\/www.linkedin.com\/company\/talkpal\/\",\"https:\/\/www.youtube.com\/@TalkPal\/\",\"https:\/\/www.tiktok.com\/@talkpal\",\"https:\/\/www.instagram.com\/talkpal_ai\/\",\"https:\/\/www.crunchbase.com\/organization\/talkpal-9cde\",\"https:\/\/www.g2.com\/products\/talkpal-for-business\/\",\"https:\/\/www.trustpilot.com\/review\/talkpal.ai\",\"https:\/\/www.capterra.com\/p\/10006800\/TalkPal\/\"],\"description\":\"Talkpal is a language learning web and mobile education app, powered by the latest AI technologies, that provides engaging experiences to its customers in many different languages to help them improve their language skills. Users can chat about unlimited amount of topics with the app and use other modes to practice their language learning.\",\"email\":\"support@talkpal.ai\",\"legalName\":\"Talkpal, Inc.\",\"foundingDate\":\"2023-04-03\",\"duns\":\"118989042\",\"numberOfEmployees\":{\"@type\":\"QuantitativeValue\",\"minValue\":\"11\",\"maxValue\":\"50\"},\"publishingPrinciples\":\"https:\/\/talkpal.ai\/publishing-principles\/\",\"actionableFeedbackPolicy\":\"https:\/\/talkpal.ai\/actionable-feedback-policy\/\",\"correctionsPolicy\":\"https:\/\/talkpal.ai\/corrections-policy\/\",\"ethicsPolicy\":\"https:\/\/talkpal.ai\/ethics-policy\/\",\"diversityPolicy\":\"https:\/\/talkpal.ai\/diversity-policy\/\",\"diversityStaffingReport\":\"https:\/\/talkpal.ai\/diversity-policy\/\"}]}<\/script>\n<!-- \/ Yoast SEO Premium plugin. -->","yoast_head_json":{"title":"Tsjekkisk grammatikk - Talkpal","description":"L\u00e5s opp hemmelighetene bak tsjekkisk grammatikk. L\u00e6r mer om den unike kompleksiteten og hvordan du mestrer substantivb\u00f8yninger p\u00e5 en effektiv m\u00e5te.","robots":{"index":"index","follow":"follow","max-snippet":"max-snippet:-1","max-image-preview":"max-image-preview:large","max-video-preview":"max-video-preview:-1"},"canonical":"https:\/\/talkpal.ai\/no\/tsjekkisk-grammatikk\/","og_locale":"nb_NO","og_type":"article","og_title":"Tsjekkisk grammatikk","og_description":"Tsjekkisk grammatikk: Hvordan forst\u00e5 det tsjekkiske spr\u00e5kets unike struktur Hvis du noen gang har pr\u00f8vd \u00e5 l\u00e6re deg tsjekkisk - eller bare lest en","og_url":"https:\/\/talkpal.ai\/no\/tsjekkisk-grammatikk\/","og_site_name":"Talkpal","article_publisher":"https:\/\/www.facebook.com\/profile.php?id=100090733639311","article_modified_time":"2025-12-13T15:22:11+00:00","og_image":[{"width":512,"height":512,"url":"https:\/\/talkpal.ai\/wp-content\/uploads\/2023\/05\/czech-republic.png","type":"image\/png"}],"twitter_card":"summary_large_image","twitter_site":"@talkpalai","twitter_misc":{"Ansl. lesetid":"3 minutter"},"schema":{"@context":"https:\/\/schema.org","@graph":[{"@type":"WebPage","@id":"https:\/\/talkpal.ai\/no\/tsjekkisk-grammatikk\/","url":"https:\/\/talkpal.ai\/no\/tsjekkisk-grammatikk\/","name":"Tsjekkisk grammatikk - Talkpal","isPartOf":{"@id":"https:\/\/talkpal.ai\/no\/#website"},"primaryImageOfPage":{"@id":"https:\/\/talkpal.ai\/no\/tsjekkisk-grammatikk\/#primaryimage"},"image":{"@id":"https:\/\/talkpal.ai\/no\/tsjekkisk-grammatikk\/#primaryimage"},"thumbnailUrl":"https:\/\/talkpal.ai\/wp-content\/uploads\/2023\/05\/czech-republic.png","datePublished":"2023-05-14T14:03:07+00:00","dateModified":"2025-12-13T15:22:11+00:00","description":"L\u00e5s opp hemmelighetene bak tsjekkisk grammatikk. L\u00e6r mer om den unike kompleksiteten og hvordan du mestrer substantivb\u00f8yninger p\u00e5 en effektiv m\u00e5te.","breadcrumb":{"@id":"https:\/\/talkpal.ai\/no\/tsjekkisk-grammatikk\/#breadcrumb"},"inLanguage":"nb-NO","potentialAction":[{"@type":"ReadAction","target":["https:\/\/talkpal.ai\/no\/tsjekkisk-grammatikk\/"]}]},{"@type":"ImageObject","inLanguage":"nb-NO","@id":"https:\/\/talkpal.ai\/no\/tsjekkisk-grammatikk\/#primaryimage","url":"https:\/\/talkpal.ai\/wp-content\/uploads\/2023\/05\/czech-republic.png","contentUrl":"https:\/\/talkpal.ai\/wp-content\/uploads\/2023\/05\/czech-republic.png","width":512,"height":512},{"@type":"BreadcrumbList","@id":"https:\/\/talkpal.ai\/no\/tsjekkisk-grammatikk\/#breadcrumb","itemListElement":[{"@type":"ListItem","position":1,"name":"Homepage","item":"https:\/\/talkpal.ai\/no\/"},{"@type":"ListItem","position":2,"name":"Tsjekkisk grammatikk"}]},{"@type":"WebSite","@id":"https:\/\/talkpal.ai\/no\/#website","url":"https:\/\/talkpal.ai\/no\/","name":"Talkpal","description":"AI Language Learning","publisher":{"@id":"https:\/\/talkpal.ai\/no\/#organization"},"alternateName":"Talkpal AI","potentialAction":[{"@type":"SearchAction","target":{"@type":"EntryPoint","urlTemplate":"https:\/\/talkpal.ai\/no\/?s={search_term_string}"},"query-input":{"@type":"PropertyValueSpecification","valueRequired":true,"valueName":"search_term_string"}}],"inLanguage":"nb-NO"},{"@type":"Organization","@id":"https:\/\/talkpal.ai\/no\/#organization","name":"Talkpal, Inc.","alternateName":"Talkpal AI","url":"https:\/\/talkpal.ai\/no\/","logo":{"@type":"ImageObject","inLanguage":"nb-NO","@id":"https:\/\/talkpal.ai\/no\/#\/schema\/logo\/image\/","url":"https:\/\/talkpal.ai\/wp-content\/uploads\/2024\/03\/Talkpal-Logo-Icon.png","contentUrl":"https:\/\/talkpal.ai\/wp-content\/uploads\/2024\/03\/Talkpal-Logo-Icon.png","width":2880,"height":2880,"caption":"Talkpal, Inc."},"image":{"@id":"https:\/\/talkpal.ai\/no\/#\/schema\/logo\/image\/"},"sameAs":["https:\/\/www.facebook.com\/profile.php?id=100090733639311","https:\/\/x.com\/talkpalai","https:\/\/www.linkedin.com\/company\/talkpal\/","https:\/\/www.youtube.com\/@TalkPal\/","https:\/\/www.tiktok.com\/@talkpal","https:\/\/www.instagram.com\/talkpal_ai\/","https:\/\/www.crunchbase.com\/organization\/talkpal-9cde","https:\/\/www.g2.com\/products\/talkpal-for-business\/","https:\/\/www.trustpilot.com\/review\/talkpal.ai","https:\/\/www.capterra.com\/p\/10006800\/TalkPal\/"],"description":"Talkpal is a language learning web and mobile education app, powered by the latest AI technologies, that provides engaging experiences to its customers in many different languages to help them improve their language skills. Users can chat about unlimited amount of topics with the app and use other modes to practice their language learning.","email":"support@talkpal.ai","legalName":"Talkpal, Inc.","foundingDate":"2023-04-03","duns":"118989042","numberOfEmployees":{"@type":"QuantitativeValue","minValue":"11","maxValue":"50"},"publishingPrinciples":"https:\/\/talkpal.ai\/publishing-principles\/","actionableFeedbackPolicy":"https:\/\/talkpal.ai\/actionable-feedback-policy\/","correctionsPolicy":"https:\/\/talkpal.ai\/corrections-policy\/","ethicsPolicy":"https:\/\/talkpal.ai\/ethics-policy\/","diversityPolicy":"https:\/\/talkpal.ai\/diversity-policy\/","diversityStaffingReport":"https:\/\/talkpal.ai\/diversity-policy\/"}]}},"_links":{"self":[{"href":"https:\/\/talkpal.ai\/no\/wp-json\/wp\/v2\/pages\/143295","targetHints":{"allow":["GET"]}}],"collection":[{"href":"https:\/\/talkpal.ai\/no\/wp-json\/wp\/v2\/pages"}],"about":[{"href":"https:\/\/talkpal.ai\/no\/wp-json\/wp\/v2\/types\/page"}],"author":[{"embeddable":true,"href":"https:\/\/talkpal.ai\/no\/wp-json\/wp\/v2\/users\/1"}],"replies":[{"embeddable":true,"href":"https:\/\/talkpal.ai\/no\/wp-json\/wp\/v2\/comments?post=143295"}],"version-history":[{"count":0,"href":"https:\/\/talkpal.ai\/no\/wp-json\/wp\/v2\/pages\/143295\/revisions"}],"wp:featuredmedia":[{"embeddable":true,"href":"https:\/\/talkpal.ai\/no\/wp-json\/wp\/v2\/media\/111634"}],"wp:attachment":[{"href":"https:\/\/talkpal.ai\/no\/wp-json\/wp\/v2\/media?parent=143295"}],"curies":[{"name":"wp","href":"https:\/\/api.w.org\/{rel}","templated":true}]}}