{"id":143008,"date":"2023-05-14T14:02:30","date_gmt":"2023-05-14T14:02:30","guid":{"rendered":"http:\/\/talkpal.ai\/gresk-grammatikk\/"},"modified":"2025-12-13T15:13:40","modified_gmt":"2025-12-13T15:13:40","slug":"gresk-grammatikk","status":"publish","type":"page","link":"https:\/\/talkpal.ai\/no\/gresk-grammatikk\/","title":{"rendered":"gresk grammatikk"},"content":{"rendered":"\r\n\r\n\r\n<section class=\"languageChallengeSection\">\r\n    <div class=\"languageInfoWrapper\">\r\n        \r\n        <h1>gresk grammatikk<\/h1>\r\n        <p>L\u00e6r <a href=\"https:\/\/talkpal.ai\/learn-greek\/\">gresk<\/a> <a href=\"https:\/\/talkpal.ai\/grammar\/\">grammatikk<\/a> og bli kjent med et av menneskehetens eldste og mest innflytelsesrike spr\u00e5k. <a href=\"https:\/\/talkpal.ai\/learn-greek\/\">Gresk<\/a> gir deg en innf\u00f8ring i det unike alfabetet, uttrykksfulle verbb\u00f8yninger og et system med substantiviske kasus som former betydningen. Mens du g\u00e5r p\u00e5 oppdagelsesferd, vil du avdekke r\u00f8ttene til mange engelske ord og komme i kontakt med en rik kulturarv. Kast deg ut i det og nyt den givende utfordringen det er \u00e5 l\u00e6re <a href=\"https:\/\/talkpal.ai\/greek-grammar\/\">gresk grammatikk<\/a>!<\/p>\r\n\r\n                            <a class=\"getStartedHidden\" href=\"https:\/\/app.talkpal.ai\/no\/signup?lng=\">Kom i gang<\/a>\r\n        \r\n    <\/div>\r\n\r\n    <figure>\r\n    <img decoding=\"async\" width=\"768\" height=\"768\" src=\"https:\/\/talkpal.ai\/wp-content\/uploads\/2023\/06\/greek-768x768.png\" class=\"languageImage no-lazy\" alt=\"Language learning to boost personal capability\" fetchpriority=\"high\" sizes=\"(max-width: 768px) 150px, 768px\" srcset=\"https:\/\/talkpal.ai\/wp-content\/uploads\/2023\/06\/greek-768x768.png 768w, https:\/\/talkpal.ai\/wp-content\/uploads\/2023\/06\/greek-300x300.png 300w\" \/>\r\n    \r\n\r\n    <\/figure>\r\n\r\n            <a class=\"getStartedVisible\" href=\"https:\/\/app.talkpal.ai\/no\/signup?lng=\">Kom i gang<\/a>\r\n    \r\n<\/section>\r\n<section class=\"promotionalBanner\">\r\n    <p class=\"promotionalText\">Den mest effektive m\u00e5ten \u00e5 l\u00e6re et spr\u00e5k p\u00e5<\/p>\r\n    <a class=\"promotionalLink\" href=\"https:\/\/app.talkpal.ai\/no\/signup?lng=\">Pr\u00f8v Talkpal gratis<\/a>\r\n<\/section>\n<div class=\"wp-block-group pageContainerStyle\"><div class=\"wp-block-group__inner-container is-layout-constrained wp-block-group-is-layout-constrained\">\n<h2 class=\"wp-block-heading\" id=\"h-demystifying-greek-grammar-a-comprehensive-guide\">Demystifying Greek Grammar: A Comprehensive Guide<\/h2>\n\n\n\n<p>Gresk, et elegant og eldgammelt spr\u00e5k, har en spesiell plass i spr\u00e5khistorien og er fortsatt innflytelsesrik i dag. Med et sterkt grunnlag i gresk grammatikk vil du f\u00e5 tilgang til et vell av kulturelle og historiske ressurser samtidig som du l\u00e5ser opp et nytt lag med mening i <a href=\"https:\/\/talkpal.ai\/english-vocabulary\/\">engelsk ordforr\u00e5d<\/a>. I motsetning til det mange tror, \u200b\u200ber ikke gresk grammatikk s\u00e5 skremmende som det kan virke i utgangspunktet. I denne artikkelen vil vi hjelpe deg med \u00e5 navigere gjennom den greske grammatikkens essensielle komponenter, slik at du kan n\u00e6rme deg dette spr\u00e5ket med selvtillit og entusiasme.<\/p>\n\n\n\n<h3 class=\"wp-block-heading\" id=\"h-1-understanding-greek-nouns-cases-and-articles\">1. Forst\u00e5 greske substantiver, kasus og artikler<\/h3>\n\n\n\n<p>Greske substantiver er klassifisert i tre kj\u00f8nn: maskulint, feminint og intetkj\u00f8nn. Hvert substantiv tilh\u00f8rer en av de tre deklinasjonene, som bestemmer substantivets endelser basert p\u00e5 kj\u00f8nn, tall (entall eller flertall) og kasus. I det greske spr\u00e5ket er det fem kasus: nominativ, genitiv, dativ, akkusativ og vokativ.<\/p>\n\n\n\n<p>Et vesentlig aspekt av gresk grammatikk dreier seg om artikkelen. I likhet med det engelske &laquo;the&raquo; er den greske bestemte artikkelen avgj\u00f8rende for \u00e5 forst\u00e5 greske tekster. Den greske artikkelen m\u00e5 stemme overens med substantivet i kj\u00f8nn, tall og kasus. Gresk har ogs\u00e5 en ubestemt artikkel som fungerer som &laquo;a&raquo; eller &laquo;an&raquo; p\u00e5 <a href=\"https:\/\/talkpal.ai\/learn-english-with-ai\/\">engelsk<\/a>.<\/p>\n\n\n\n<h3 class=\"wp-block-heading\" id=\"h-2-tackling-greek-verbs-conjugation-and-moods\">2. Takle greske verb: B\u00f8yning og stemninger<\/h3>\n\n\n\n<p>Greske verb er preget av deres tid, stemme, hum\u00f8r, person og tall. Verb i det greske spr\u00e5ket er b\u00f8yet i henhold til deres tid, som indikerer n\u00e5r en handling skjer. Det er syv hoveddeler av et gresk verb, som hver tilsvarer en tid:<\/p>\n\n\n\n<p><strong>&#8211; Til stede<\/strong><\/p>\n\n\n\n<p><strong>&#8211; Fremtiden<\/strong><\/p>\n\n\n\n<p><strong>&#8211; Aorist (enkel fortid)<\/strong><\/p>\n\n\n\n<p><strong>&#8211; Perfekt<\/strong><\/p>\n\n\n\n<p><strong>&#8211; Perfektum fremtid<\/strong><\/p>\n\n\n\n<p><strong>&#8211; Pluperfektum<\/strong><\/p>\n\n\n\n<p><strong>&#8211; Aorist passiv<\/strong><\/p>\n\n\n\n<p>I tillegg har greske verb ulike stemninger som uttrykker talerens holdning til handlingen. Disse stemningene er imperativer, indikative og konjunktive.<\/p>\n\n\n\n<h3 class=\"wp-block-heading\" id=\"h-3-crafting-expressive-sentences-with-greek-adjectives-and-adverbs\">3. Lage uttrykksfulle setninger med greske adjektiver og adverb<\/h3>\n\n\n\n<p>Greske adjektiver gir farge og beskrivelse til setningene dine. I likhet med substantiver m\u00e5 adjektiver p\u00e5 gresk stemme overens i kj\u00f8nn, tall og kasus med substantivet de beskriver. Videre tilh\u00f8rer adjektiver en av de tre deklinasjonene, som bestemmer endelsene deres.<\/p>\n\n\n\n<p>Greske adverb endrer verb, adjektiver eller andre adverb. De uttrykker hvordan, n\u00e5r, hvor eller i hvilken grad en handling utf\u00f8res. I motsetning til adjektiver trenger ikke adverb \u00e5 stemme overens med substantiv i kj\u00f8nn, tall eller kasus. I mange tilfeller dannes adverb ved \u00e5 legge til spesifikke endelser til adjektivr\u00f8tter.<\/p>\n\n\n\n<h3 class=\"wp-block-heading\" id=\"h-4-exploring-greek-pronouns-and-greek-sentence-structure\">4. Utforske greske pronomen og gresk setningsstruktur<\/h3>\n\n\n\n<p>Pronomen spiller en betydelig rolle i gresk grammatikk, da de erstatter substantiver og m\u00e5 stemme overens med substantivet de representerer i kj\u00f8nn, tall og kasus. Det er personlige, refleksive, demonstrative, relative, sp\u00f8rrende og ubestemte pronomen p\u00e5 gresk.<\/p>\n\n\n\n<p>Gresk setningsstruktur f\u00f8lger f\u00f8rst og fremst rekkef\u00f8lgen subjekt-verb-objekt (SVO). Men p\u00e5 grunn av sin sv\u00e6rt b\u00f8yde natur, tilbyr gresk mer fleksibilitet i ordrekkef\u00f8lge, noe som gir mulighet for vektlegging og poetisk uttrykk. Denne fleksibiliteten kan virke utfordrende i begynnelsen, men blir mer tilgjengelig etter hvert som du blir kjent med spr\u00e5kets nyanser.<\/p>\n\n\n\n<h3 class=\"wp-block-heading\" id=\"h-conclusion\">Konklusjon<\/h3>\n\n\n\n<p>N\u00e5r du legger ut p\u00e5 reisen for \u00e5 mestre gresk grammatikk, husk at \u00f8velse og utholdenhet er avgj\u00f8rende for suksess. Ta deg tid til \u00e5 avdekke kompleksiteten til greske substantiv, verb, adjektiver, adverb og setningsstruktur. N\u00e5r du g\u00e5r dypere inn i dette fascinerende spr\u00e5ket, vil du oppdage at gresk grammatikk blir mer kjent og mindre skremmende. Lykke til, og \u03ba\u03b1\u03bb\u03ae \u03b5\u03c0\u03b9\u03c4\u03c5\u03c7\u03af\u03b1!<\/p>\n<\/div><\/div>\n\r\n<section class=\"learnNavigationSection\">\r\n            \r\n        <a href=\"https:\/\/talkpal.ai\/no\/laer-gresk\/\">\r\n            <div class=\"learnNavigationWrapper\">\r\n                <div class=\"learnNavigationContent\">\r\n                    <img decoding=\"async\" src=\"https:\/\/talkpal.ai\/wp-content\/uploads\/2024\/08\/Greek.jpg\" alt=\"Greek Flag\">\r\n                    <div>\r\n                        <h4>Om gresk l\u00e6ring<\/h4>\r\n                        <p>Finn ut alt om gresk grammatikk.<\/p>\r\n                    <\/div>\r\n                <\/div>\r\n            <\/div>\r\n        <\/a>\r\n\r\n        \r\n        <a href=\"https:\/\/talkpal.ai\/no\/greske-grammatikkovelser\/\">\r\n            <div class=\"learnNavigationWrapper\">\r\n                <div class=\"learnNavigationContent\">\r\n                    <img decoding=\"async\" src=\"https:\/\/talkpal.ai\/wp-content\/uploads\/2024\/08\/Greek.jpg\" alt=\"Greek Flag\">\r\n                    <div>\r\n                        <h4>\u00d8velse i gresk grammatikk<\/h4>\r\n                        <p>\u00d8v p\u00e5 gresk grammatikk.<\/p>\r\n                    <\/div>\r\n                <\/div>\r\n            <\/div>\r\n        <\/a>\r\n\r\n        \r\n        <a href=\"https:\/\/talkpal.ai\/vocabulary_language\/greek\/\">\r\n            <div class=\"learnNavigationWrapper\">\r\n                <div class=\"learnNavigationContent\">\r\n                    <img decoding=\"async\" src=\"https:\/\/talkpal.ai\/wp-content\/uploads\/2024\/08\/Greek.jpg\" alt=\"Greek Flag\">\r\n                    <div>\r\n                        <h4>Gresk ordforr\u00e5d<\/h4>\r\n                        <p>Utvid det greske ordforr\u00e5det ditt.<\/p>\r\n                    <\/div>\r\n                <\/div>\r\n            <\/div>\r\n        <\/a>\r\n\r\n            <\/section>","protected":false},"excerpt":{"rendered":"<p>Demystifying Greek Grammar: A Comprehensive Guide Gresk, et elegant og eldgammelt spr\u00e5k, har en spesiell plass i spr\u00e5khistorien og er fortsatt innflytelsesrik i dag. Med et sterkt grunnlag i gresk grammatikk vil du f\u00e5 tilgang til et vell av kulturelle og historiske ressurser samtidig som du l\u00e5ser opp et nytt lag med mening i engelsk [&hellip;]<\/p>\n","protected":false},"author":1,"featured_media":112825,"parent":0,"menu_order":0,"comment_status":"closed","ping_status":"closed","template":"LearningContentPage.php","meta":{"_acf_changed":false,"footnotes":""},"class_list":["post-143008","page","type-page","status-publish","has-post-thumbnail","hentry"],"acf":[],"yoast_head":"<!-- This site is optimized with the Yoast SEO Premium plugin v27.2 (Yoast SEO v27.2) - https:\/\/yoast.com\/product\/yoast-seo-premium-wordpress\/ -->\n<title>gresk grammatikk - Talkpal<\/title>\n<meta name=\"description\" content=\"L\u00e6r viktige regler, \u00f8v deg p\u00e5 \u00e5 danne setninger og styrk ferdighetene dine raskt med Talkpal AI.\" \/>\n<meta name=\"robots\" content=\"index, follow, max-snippet:-1, max-image-preview:large, max-video-preview:-1\" \/>\n<link rel=\"canonical\" href=\"https:\/\/talkpal.ai\/no\/gresk-grammatikk\/\" \/>\n<meta property=\"og:locale\" content=\"nb_NO\" \/>\n<meta property=\"og:type\" content=\"article\" \/>\n<meta property=\"og:title\" content=\"gresk grammatikk\" \/>\n<meta property=\"og:description\" content=\"Demystifying Greek Grammar: A Comprehensive Guide Gresk, et elegant og eldgammelt spr\u00e5k, har en spesiell plass i spr\u00e5khistorien og er fortsatt\" \/>\n<meta property=\"og:url\" content=\"https:\/\/talkpal.ai\/no\/gresk-grammatikk\/\" \/>\n<meta property=\"og:site_name\" content=\"Talkpal\" \/>\n<meta property=\"article:publisher\" content=\"https:\/\/www.facebook.com\/profile.php?id=100090733639311\" \/>\n<meta property=\"article:modified_time\" content=\"2025-12-13T15:13:40+00:00\" \/>\n<meta property=\"og:image\" content=\"https:\/\/talkpal.ai\/wp-content\/uploads\/2023\/05\/greece.png\" \/>\n\t<meta property=\"og:image:width\" content=\"512\" \/>\n\t<meta property=\"og:image:height\" content=\"512\" \/>\n\t<meta property=\"og:image:type\" content=\"image\/png\" \/>\n<meta name=\"twitter:card\" content=\"summary_large_image\" \/>\n<meta name=\"twitter:site\" content=\"@talkpalai\" \/>\n<meta name=\"twitter:label1\" content=\"Ansl. lesetid\" \/>\n\t<meta name=\"twitter:data1\" content=\"3 minutter\" \/>\n<script type=\"application\/ld+json\" class=\"yoast-schema-graph\">{\"@context\":\"https:\/\/schema.org\",\"@graph\":[{\"@type\":\"WebPage\",\"@id\":\"https:\/\/talkpal.ai\/no\/gresk-grammatikk\/\",\"url\":\"https:\/\/talkpal.ai\/no\/gresk-grammatikk\/\",\"name\":\"gresk grammatikk - Talkpal\",\"isPartOf\":{\"@id\":\"https:\/\/talkpal.ai\/no\/#website\"},\"primaryImageOfPage\":{\"@id\":\"https:\/\/talkpal.ai\/no\/gresk-grammatikk\/#primaryimage\"},\"image\":{\"@id\":\"https:\/\/talkpal.ai\/no\/gresk-grammatikk\/#primaryimage\"},\"thumbnailUrl\":\"https:\/\/talkpal.ai\/wp-content\/uploads\/2023\/05\/greece.png\",\"datePublished\":\"2023-05-14T14:02:30+00:00\",\"dateModified\":\"2025-12-13T15:13:40+00:00\",\"description\":\"L\u00e6r viktige regler, \u00f8v deg p\u00e5 \u00e5 danne setninger og styrk ferdighetene dine raskt med Talkpal AI.\",\"breadcrumb\":{\"@id\":\"https:\/\/talkpal.ai\/no\/gresk-grammatikk\/#breadcrumb\"},\"inLanguage\":\"nb-NO\",\"potentialAction\":[{\"@type\":\"ReadAction\",\"target\":[\"https:\/\/talkpal.ai\/no\/gresk-grammatikk\/\"]}]},{\"@type\":\"ImageObject\",\"inLanguage\":\"nb-NO\",\"@id\":\"https:\/\/talkpal.ai\/no\/gresk-grammatikk\/#primaryimage\",\"url\":\"https:\/\/talkpal.ai\/wp-content\/uploads\/2023\/05\/greece.png\",\"contentUrl\":\"https:\/\/talkpal.ai\/wp-content\/uploads\/2023\/05\/greece.png\",\"width\":512,\"height\":512},{\"@type\":\"BreadcrumbList\",\"@id\":\"https:\/\/talkpal.ai\/no\/gresk-grammatikk\/#breadcrumb\",\"itemListElement\":[{\"@type\":\"ListItem\",\"position\":1,\"name\":\"Homepage\",\"item\":\"https:\/\/talkpal.ai\/no\/\"},{\"@type\":\"ListItem\",\"position\":2,\"name\":\"gresk grammatikk\"}]},{\"@type\":\"WebSite\",\"@id\":\"https:\/\/talkpal.ai\/no\/#website\",\"url\":\"https:\/\/talkpal.ai\/no\/\",\"name\":\"Talkpal\",\"description\":\"AI Language Learning\",\"publisher\":{\"@id\":\"https:\/\/talkpal.ai\/no\/#organization\"},\"alternateName\":\"Talkpal AI\",\"potentialAction\":[{\"@type\":\"SearchAction\",\"target\":{\"@type\":\"EntryPoint\",\"urlTemplate\":\"https:\/\/talkpal.ai\/no\/?s={search_term_string}\"},\"query-input\":{\"@type\":\"PropertyValueSpecification\",\"valueRequired\":true,\"valueName\":\"search_term_string\"}}],\"inLanguage\":\"nb-NO\"},{\"@type\":\"Organization\",\"@id\":\"https:\/\/talkpal.ai\/no\/#organization\",\"name\":\"Talkpal, Inc.\",\"alternateName\":\"Talkpal AI\",\"url\":\"https:\/\/talkpal.ai\/no\/\",\"logo\":{\"@type\":\"ImageObject\",\"inLanguage\":\"nb-NO\",\"@id\":\"https:\/\/talkpal.ai\/no\/#\/schema\/logo\/image\/\",\"url\":\"https:\/\/talkpal.ai\/wp-content\/uploads\/2024\/03\/Talkpal-Logo-Icon.png\",\"contentUrl\":\"https:\/\/talkpal.ai\/wp-content\/uploads\/2024\/03\/Talkpal-Logo-Icon.png\",\"width\":2880,\"height\":2880,\"caption\":\"Talkpal, Inc.\"},\"image\":{\"@id\":\"https:\/\/talkpal.ai\/no\/#\/schema\/logo\/image\/\"},\"sameAs\":[\"https:\/\/www.facebook.com\/profile.php?id=100090733639311\",\"https:\/\/x.com\/talkpalai\",\"https:\/\/www.linkedin.com\/company\/talkpal\/\",\"https:\/\/www.youtube.com\/@TalkPal\/\",\"https:\/\/www.tiktok.com\/@talkpal\",\"https:\/\/www.instagram.com\/talkpal_ai\/\",\"https:\/\/www.crunchbase.com\/organization\/talkpal-9cde\",\"https:\/\/www.g2.com\/products\/talkpal-for-business\/\",\"https:\/\/www.trustpilot.com\/review\/talkpal.ai\",\"https:\/\/www.capterra.com\/p\/10006800\/TalkPal\/\"],\"description\":\"Talkpal is a language learning web and mobile education app, powered by the latest AI technologies, that provides engaging experiences to its customers in many different languages to help them improve their language skills. Users can chat about unlimited amount of topics with the app and use other modes to practice their language learning.\",\"email\":\"support@talkpal.ai\",\"legalName\":\"Talkpal, Inc.\",\"foundingDate\":\"2023-04-03\",\"duns\":\"118989042\",\"numberOfEmployees\":{\"@type\":\"QuantitativeValue\",\"minValue\":\"11\",\"maxValue\":\"50\"},\"publishingPrinciples\":\"https:\/\/talkpal.ai\/publishing-principles\/\",\"actionableFeedbackPolicy\":\"https:\/\/talkpal.ai\/actionable-feedback-policy\/\",\"correctionsPolicy\":\"https:\/\/talkpal.ai\/corrections-policy\/\",\"ethicsPolicy\":\"https:\/\/talkpal.ai\/ethics-policy\/\",\"diversityPolicy\":\"https:\/\/talkpal.ai\/diversity-policy\/\",\"diversityStaffingReport\":\"https:\/\/talkpal.ai\/diversity-policy\/\"}]}<\/script>\n<!-- \/ Yoast SEO Premium plugin. -->","yoast_head_json":{"title":"gresk grammatikk - Talkpal","description":"L\u00e6r viktige regler, \u00f8v deg p\u00e5 \u00e5 danne setninger og styrk ferdighetene dine raskt med Talkpal AI.","robots":{"index":"index","follow":"follow","max-snippet":"max-snippet:-1","max-image-preview":"max-image-preview:large","max-video-preview":"max-video-preview:-1"},"canonical":"https:\/\/talkpal.ai\/no\/gresk-grammatikk\/","og_locale":"nb_NO","og_type":"article","og_title":"gresk grammatikk","og_description":"Demystifying Greek Grammar: A Comprehensive Guide Gresk, et elegant og eldgammelt spr\u00e5k, har en spesiell plass i spr\u00e5khistorien og er fortsatt","og_url":"https:\/\/talkpal.ai\/no\/gresk-grammatikk\/","og_site_name":"Talkpal","article_publisher":"https:\/\/www.facebook.com\/profile.php?id=100090733639311","article_modified_time":"2025-12-13T15:13:40+00:00","og_image":[{"width":512,"height":512,"url":"https:\/\/talkpal.ai\/wp-content\/uploads\/2023\/05\/greece.png","type":"image\/png"}],"twitter_card":"summary_large_image","twitter_site":"@talkpalai","twitter_misc":{"Ansl. lesetid":"3 minutter"},"schema":{"@context":"https:\/\/schema.org","@graph":[{"@type":"WebPage","@id":"https:\/\/talkpal.ai\/no\/gresk-grammatikk\/","url":"https:\/\/talkpal.ai\/no\/gresk-grammatikk\/","name":"gresk grammatikk - Talkpal","isPartOf":{"@id":"https:\/\/talkpal.ai\/no\/#website"},"primaryImageOfPage":{"@id":"https:\/\/talkpal.ai\/no\/gresk-grammatikk\/#primaryimage"},"image":{"@id":"https:\/\/talkpal.ai\/no\/gresk-grammatikk\/#primaryimage"},"thumbnailUrl":"https:\/\/talkpal.ai\/wp-content\/uploads\/2023\/05\/greece.png","datePublished":"2023-05-14T14:02:30+00:00","dateModified":"2025-12-13T15:13:40+00:00","description":"L\u00e6r viktige regler, \u00f8v deg p\u00e5 \u00e5 danne setninger og styrk ferdighetene dine raskt med Talkpal AI.","breadcrumb":{"@id":"https:\/\/talkpal.ai\/no\/gresk-grammatikk\/#breadcrumb"},"inLanguage":"nb-NO","potentialAction":[{"@type":"ReadAction","target":["https:\/\/talkpal.ai\/no\/gresk-grammatikk\/"]}]},{"@type":"ImageObject","inLanguage":"nb-NO","@id":"https:\/\/talkpal.ai\/no\/gresk-grammatikk\/#primaryimage","url":"https:\/\/talkpal.ai\/wp-content\/uploads\/2023\/05\/greece.png","contentUrl":"https:\/\/talkpal.ai\/wp-content\/uploads\/2023\/05\/greece.png","width":512,"height":512},{"@type":"BreadcrumbList","@id":"https:\/\/talkpal.ai\/no\/gresk-grammatikk\/#breadcrumb","itemListElement":[{"@type":"ListItem","position":1,"name":"Homepage","item":"https:\/\/talkpal.ai\/no\/"},{"@type":"ListItem","position":2,"name":"gresk grammatikk"}]},{"@type":"WebSite","@id":"https:\/\/talkpal.ai\/no\/#website","url":"https:\/\/talkpal.ai\/no\/","name":"Talkpal","description":"AI Language Learning","publisher":{"@id":"https:\/\/talkpal.ai\/no\/#organization"},"alternateName":"Talkpal AI","potentialAction":[{"@type":"SearchAction","target":{"@type":"EntryPoint","urlTemplate":"https:\/\/talkpal.ai\/no\/?s={search_term_string}"},"query-input":{"@type":"PropertyValueSpecification","valueRequired":true,"valueName":"search_term_string"}}],"inLanguage":"nb-NO"},{"@type":"Organization","@id":"https:\/\/talkpal.ai\/no\/#organization","name":"Talkpal, Inc.","alternateName":"Talkpal AI","url":"https:\/\/talkpal.ai\/no\/","logo":{"@type":"ImageObject","inLanguage":"nb-NO","@id":"https:\/\/talkpal.ai\/no\/#\/schema\/logo\/image\/","url":"https:\/\/talkpal.ai\/wp-content\/uploads\/2024\/03\/Talkpal-Logo-Icon.png","contentUrl":"https:\/\/talkpal.ai\/wp-content\/uploads\/2024\/03\/Talkpal-Logo-Icon.png","width":2880,"height":2880,"caption":"Talkpal, Inc."},"image":{"@id":"https:\/\/talkpal.ai\/no\/#\/schema\/logo\/image\/"},"sameAs":["https:\/\/www.facebook.com\/profile.php?id=100090733639311","https:\/\/x.com\/talkpalai","https:\/\/www.linkedin.com\/company\/talkpal\/","https:\/\/www.youtube.com\/@TalkPal\/","https:\/\/www.tiktok.com\/@talkpal","https:\/\/www.instagram.com\/talkpal_ai\/","https:\/\/www.crunchbase.com\/organization\/talkpal-9cde","https:\/\/www.g2.com\/products\/talkpal-for-business\/","https:\/\/www.trustpilot.com\/review\/talkpal.ai","https:\/\/www.capterra.com\/p\/10006800\/TalkPal\/"],"description":"Talkpal is a language learning web and mobile education app, powered by the latest AI technologies, that provides engaging experiences to its customers in many different languages to help them improve their language skills. Users can chat about unlimited amount of topics with the app and use other modes to practice their language learning.","email":"support@talkpal.ai","legalName":"Talkpal, Inc.","foundingDate":"2023-04-03","duns":"118989042","numberOfEmployees":{"@type":"QuantitativeValue","minValue":"11","maxValue":"50"},"publishingPrinciples":"https:\/\/talkpal.ai\/publishing-principles\/","actionableFeedbackPolicy":"https:\/\/talkpal.ai\/actionable-feedback-policy\/","correctionsPolicy":"https:\/\/talkpal.ai\/corrections-policy\/","ethicsPolicy":"https:\/\/talkpal.ai\/ethics-policy\/","diversityPolicy":"https:\/\/talkpal.ai\/diversity-policy\/","diversityStaffingReport":"https:\/\/talkpal.ai\/diversity-policy\/"}]}},"_links":{"self":[{"href":"https:\/\/talkpal.ai\/no\/wp-json\/wp\/v2\/pages\/143008","targetHints":{"allow":["GET"]}}],"collection":[{"href":"https:\/\/talkpal.ai\/no\/wp-json\/wp\/v2\/pages"}],"about":[{"href":"https:\/\/talkpal.ai\/no\/wp-json\/wp\/v2\/types\/page"}],"author":[{"embeddable":true,"href":"https:\/\/talkpal.ai\/no\/wp-json\/wp\/v2\/users\/1"}],"replies":[{"embeddable":true,"href":"https:\/\/talkpal.ai\/no\/wp-json\/wp\/v2\/comments?post=143008"}],"version-history":[{"count":0,"href":"https:\/\/talkpal.ai\/no\/wp-json\/wp\/v2\/pages\/143008\/revisions"}],"wp:featuredmedia":[{"embeddable":true,"href":"https:\/\/talkpal.ai\/no\/wp-json\/wp\/v2\/media\/112825"}],"wp:attachment":[{"href":"https:\/\/talkpal.ai\/no\/wp-json\/wp\/v2\/media?parent=143008"}],"curies":[{"name":"wp","href":"https:\/\/api.w.org\/{rel}","templated":true}]}}